{"id":7795,"date":"2026-04-29T14:18:53","date_gmt":"2026-04-29T14:18:53","guid":{"rendered":"https:\/\/kiosque.acadienouvelle.com\/100e-club-golf-fraser-2026\/le-golf-son-meilleur\/"},"modified":"2026-04-29T14:24:17","modified_gmt":"2026-04-29T14:24:17","slug":"le-golf-son-meilleur","status":"publish","type":"page","link":"https:\/\/kiosque.acadienouvelle.com\/100e-club-golf-fraser-2026\/le-golf-son-meilleur\/","title":{"rendered":"Le golf \u00e0 son meilleur"},"content":{"rendered":"\t\t<div data-elementor-type=\"wp-page\" data-elementor-id=\"7795\" class=\"elementor elementor-7795\" data-elementor-post-type=\"page\">\n\t\t\t\t\t\t<section class=\"elementor-section elementor-top-section elementor-element elementor-element-50c1b6e elementor-section-height-min-height header_title banner_img elementor-section-boxed elementor-section-height-default elementor-section-items-middle\" data-id=\"50c1b6e\" data-element_type=\"section\" data-e-type=\"section\" data-settings=\"{&quot;background_background&quot;:&quot;classic&quot;}\">\n\t\t\t\t\t\t\t<div class=\"elementor-background-overlay\"><\/div>\n\t\t\t\t\t\t\t<div class=\"elementor-container elementor-column-gap-default\">\n\t\t\t\t\t<div class=\"elementor-column elementor-col-100 elementor-top-column elementor-element elementor-element-3a2d241\" data-id=\"3a2d241\" data-element_type=\"column\" data-e-type=\"column\">\n\t\t\t<div class=\"elementor-widget-wrap elementor-element-populated\">\n\t\t\t\t\t\t<div class=\"elementor-element elementor-element-9673cd2 elementor-widget elementor-widget-heading\" data-id=\"9673cd2\" data-element_type=\"widget\" data-e-type=\"widget\" data-widget_type=\"heading.default\">\n\t\t\t\t<div class=\"elementor-widget-container\">\n\t\t\t\t\t<h2 class=\"elementor-heading-title elementor-size-default\">Le golf \u00e0 son meilleur<\/h2>\t\t\t\t<\/div>\n\t\t\t\t<\/div>\n\t\t\t\t\t<\/div>\n\t\t<\/div>\n\t\t\t\t\t<\/div>\n\t\t<\/section>\n\t\t\t\t<section class=\"elementor-section elementor-top-section elementor-element elementor-element-d9a853a elementor-section-boxed elementor-section-height-default elementor-section-height-default\" data-id=\"d9a853a\" data-element_type=\"section\" data-e-type=\"section\">\n\t\t\t\t\t\t<div class=\"elementor-container elementor-column-gap-default\">\n\t\t\t\t\t<div class=\"elementor-column elementor-col-100 elementor-top-column elementor-element elementor-element-68d9c5a page_contain\" data-id=\"68d9c5a\" data-element_type=\"column\" data-e-type=\"column\" data-settings=\"{&quot;background_background&quot;:&quot;classic&quot;}\">\n\t\t\t<div class=\"elementor-widget-wrap elementor-element-populated\">\n\t\t\t\t\t\t<div class=\"elementor-element elementor-element-50f1f9b elementor-widget elementor-widget-image\" data-id=\"50f1f9b\" data-element_type=\"widget\" data-e-type=\"widget\" data-widget_type=\"image.default\">\n\t\t\t\t<div class=\"elementor-widget-container\">\n\t\t\t\t\t\t\t\t\t\t\t\t<figure class=\"wp-caption\">\n\t\t\t\t\t\t\t\t\t\t<img fetchpriority=\"high\" decoding=\"async\" width=\"1366\" height=\"768\" src=\"https:\/\/kiosque.acadienouvelle.com\/100e-club-golf-fraser-2026\/wp-content\/uploads\/sites\/398\/2026\/04\/2-le_golf_a_son_meilleur_landing.jpg\" class=\"attachment-full size-full wp-image-7800\" alt=\"\" srcset=\"https:\/\/kiosque.acadienouvelle.com\/100e-club-golf-fraser-2026\/wp-content\/uploads\/sites\/398\/2026\/04\/2-le_golf_a_son_meilleur_landing.jpg 1366w, https:\/\/kiosque.acadienouvelle.com\/100e-club-golf-fraser-2026\/wp-content\/uploads\/sites\/398\/2026\/04\/2-le_golf_a_son_meilleur_landing-300x169.jpg 300w, https:\/\/kiosque.acadienouvelle.com\/100e-club-golf-fraser-2026\/wp-content\/uploads\/sites\/398\/2026\/04\/2-le_golf_a_son_meilleur_landing-1024x576.jpg 1024w, https:\/\/kiosque.acadienouvelle.com\/100e-club-golf-fraser-2026\/wp-content\/uploads\/sites\/398\/2026\/04\/2-le_golf_a_son_meilleur_landing-768x432.jpg 768w\" sizes=\"(max-width: 1366px) 100vw, 1366px\" \/>\t\t\t\t\t\t\t\t\t\t\t<figcaption class=\"widget-image-caption wp-caption-text\"><\/figcaption>\n\t\t\t\t\t\t\t\t\t\t<\/figure>\n\t\t\t\t\t\t\t\t\t<\/div>\n\t\t\t\t<\/div>\n\t\t<link rel=\"stylesheet\" href=\"https:\/\/use.fontawesome.com\/releases\/v5.5.0\/css\/all.css\" integrity=\"sha384-B4dIYHKNBt8Bc12p+WXckhzcICo0wtJAoU8YZTY5qE0Id1GSseTk6S+L3BlXeVIU\" crossorigin=\"anonymous\">\r\n\t\t<div class=\"elementor-element elementor-element-d0a0a3b mobile_pera elementor-widget elementor-widget-text-editor\" data-id=\"d0a0a3b\" data-element_type=\"widget\" data-e-type=\"widget\" data-widget_type=\"text-editor.default\">\n\t\t\t\t<div class=\"elementor-widget-container\">\n\t\t\t\t\t\t\t\t\t<p>Depuis 1926, le Club de golf Fraser d\u2019Edmundston propose un parcours de championnat aux golfeurs et golfeuses de tous les niveaux d\u2019habilet\u00e9s. Les gens y trouvent le golf \u00e0 son meilleur, entour\u00e9 de la beaut\u00e9 naturelle du Nouveau-Brunswick.<\/p>\t\t\t\t\t\t\t\t<\/div>\n\t\t\t\t<\/div>\n\t\t\t\t<div class=\"elementor-element elementor-element-74263c8 mobile_pera elementor-widget elementor-widget-text-editor\" data-id=\"74263c8\" data-element_type=\"widget\" data-e-type=\"widget\" data-widget_type=\"text-editor.default\">\n\t\t\t\t<div class=\"elementor-widget-container\">\n\t\t\t\t\t\t\t\t\t<p>Le parcours de 18 trous, par 73, est con\u00e7u pour mettre au d\u00e9fi les golfeurs et golfeuses de tous les niveaux, avec une vari\u00e9t\u00e9 de trous qui offrent \u00e0 la fois un jeu strat\u00e9gique et la beaut\u00e9 du paysage. Con\u00e7u de main de maitre par Albert Murray en 1947, le parcours est class\u00e9 quatre \u00e9toiles par Golf Digest. Le terrain est situ\u00e9 le long de la rivi\u00e8re Madawaska et encadr\u00e9 par des arbres matures. Chaque trou donne l\u2019impression d\u2019une retraite isol\u00e9e dans la beaut\u00e9 de la nature.<\/p>\t\t\t\t\t\t\t\t<\/div>\n\t\t\t\t<\/div>\n\t\t\t\t<div class=\"elementor-element elementor-element-be83c45 mobile_pera elementor-widget elementor-widget-text-editor\" data-id=\"be83c45\" data-element_type=\"widget\" data-e-type=\"widget\" data-widget_type=\"text-editor.default\">\n\t\t\t\t<div class=\"elementor-widget-container\">\n\t\t\t\t\t\t\t\t\t<p>Que vous soyez une personne d\u00e9butante \u00e0 la recherche d\u2019une partie relaxante ou quelqu\u2019un d\u2019exp\u00e9riment\u00e9 cherchant \u00e0 mettre ses comp\u00e9tences \u00e0 l\u2019\u00e9preuve, vous trouverez quelque chose \u00e0 aimer au Club de golf Fraser d\u2019Edmundston. La longueur du parcours est de 7\u2009000 yards depuis les tees de championnat et l\u2019\u00e9valuation du parcours est de 70,9 avec une pente de 120.<\/p>\t\t\t\t\t\t\t\t<\/div>\n\t\t\t\t<\/div>\n\t\t\t\t<div class=\"elementor-element elementor-element-3908075 mobile_pera elementor-widget elementor-widget-text-editor\" data-id=\"3908075\" data-element_type=\"widget\" data-e-type=\"widget\" data-widget_type=\"text-editor.default\">\n\t\t\t\t<div class=\"elementor-widget-container\">\n\t\t\t\t\t\t\t\t\t<p>Le parcours offre un m\u00e9lange d\u2019all\u00e9es serr\u00e9es, de verts bien gard\u00e9s et de trous \u00e0 risque qui requi\u00e8rent \u00e0 la fois pr\u00e9cision et strat\u00e9gie. Les neuf premiers trous traversent des all\u00e9es luxuriantes et bord\u00e9es d\u2019arbres, cr\u00e9ant une toile de fond magnifique pour votre parcours. Que vous visiez des oiselets ou que vous essayiez d\u2019\u00e9viter les fosses de sable, chaque trou repr\u00e9sente un d\u00e9fi unique.<\/p>\t\t\t\t\t\t\t\t<\/div>\n\t\t\t\t<\/div>\n\t\t\t\t<div class=\"elementor-element elementor-element-180039f mobile_pera elementor-widget elementor-widget-text-editor\" data-id=\"180039f\" data-element_type=\"widget\" data-e-type=\"widget\" data-widget_type=\"text-editor.default\">\n\t\t\t\t<div class=\"elementor-widget-container\">\n\t\t\t\t\t\t\t\t\t<p>Le Club de golf Fraser d\u2019Edmundston propose un cadre naturel exceptionnel avec des arbres matures et une vue sur la rivi\u00e8re. L\u2019atmosph\u00e8re accueillante plait aux golfeurs et golfeuses de tous niveaux, alors profitez de cette ann\u00e9e du 100e anniversaire pour y disputer quelques parties entre amis ou en famille !<\/p>\t\t\t\t\t\t\t\t<\/div>\n\t\t\t\t<\/div>\n\t\t\t\t\t<\/div>\n\t\t<\/div>\n\t\t\t\t\t<\/div>\n\t\t<\/section>\n\t\t\t\t<\/div>\n\t\t","protected":false},"excerpt":{"rendered":"<p>Le golf \u00e0 son meilleur Depuis 1926, le Club de golf Fraser d\u2019Edmundston propose un parcours de championnat aux golfeurs et golfeuses de tous les niveaux d\u2019habilet\u00e9s. Les gens y trouvent le golf \u00e0 son meilleur, entour\u00e9 de la beaut\u00e9 naturelle du Nouveau-Brunswick. Le parcours de 18 trous, par 73, est con\u00e7u pour mettre au [&hellip;]<\/p>\n","protected":false},"author":7,"featured_media":0,"parent":0,"menu_order":2,"comment_status":"closed","ping_status":"closed","template":"","meta":{"site-sidebar-layout":"no-sidebar","site-content-layout":"page-builder","ast-site-content-layout":"default","site-content-style":"default","site-sidebar-style":"default","ast-global-header-display":"","ast-banner-title-visibility":"","ast-main-header-display":"","ast-hfb-above-header-display":"","ast-hfb-below-header-display":"","ast-hfb-mobile-header-display":"","site-post-title":"disabled","ast-breadcrumbs-content":"","ast-featured-img":"disabled","footer-sml-layout":"","ast-disable-related-posts":"","theme-transparent-header-meta":"default","adv-header-id-meta":"","stick-header-meta":"","header-above-stick-meta":"","header-main-stick-meta":"","header-below-stick-meta":"","astra-migrate-meta-layouts":"default","ast-page-background-enabled":"default","ast-page-background-meta":{"desktop":{"background-color":"var(--ast-global-color-4)","background-image":"","background-repeat":"repeat","background-position":"center center","background-size":"auto","background-attachment":"scroll","background-type":"","background-media":"","overlay-type":"","overlay-color":"","overlay-opacity":"","overlay-gradient":""},"tablet":{"background-color":"","background-image":"","background-repeat":"repeat","background-position":"center center","background-size":"auto","background-attachment":"scroll","background-type":"","background-media":"","overlay-type":"","overlay-color":"","overlay-opacity":"","overlay-gradient":""},"mobile":{"background-color":"","background-image":"","background-repeat":"repeat","background-position":"center center","background-size":"auto","background-attachment":"scroll","background-type":"","background-media":"","overlay-type":"","overlay-color":"","overlay-opacity":"","overlay-gradient":""}},"ast-content-background-meta":{"desktop":{"background-color":"var(--ast-global-color-5)","background-image":"","background-repeat":"repeat","background-position":"center center","background-size":"auto","background-attachment":"scroll","background-type":"","background-media":"","overlay-type":"","overlay-color":"","overlay-opacity":"","overlay-gradient":""},"tablet":{"background-color":"var(--ast-global-color-5)","background-image":"","background-repeat":"repeat","background-position":"center center","background-size":"auto","background-attachment":"scroll","background-type":"","background-media":"","overlay-type":"","overlay-color":"","overlay-opacity":"","overlay-gradient":""},"mobile":{"background-color":"var(--ast-global-color-5)","background-image":"","background-repeat":"repeat","background-position":"center center","background-size":"auto","background-attachment":"scroll","background-type":"","background-media":"","overlay-type":"","overlay-color":"","overlay-opacity":"","overlay-gradient":""}},"footnotes":""},"page-categories":[],"class_list":["post-7795","page","type-page","status-publish","hentry"],"_links":{"self":[{"href":"https:\/\/kiosque.acadienouvelle.com\/100e-club-golf-fraser-2026\/wp-json\/wp\/v2\/pages\/7795","targetHints":{"allow":["GET"]}}],"collection":[{"href":"https:\/\/kiosque.acadienouvelle.com\/100e-club-golf-fraser-2026\/wp-json\/wp\/v2\/pages"}],"about":[{"href":"https:\/\/kiosque.acadienouvelle.com\/100e-club-golf-fraser-2026\/wp-json\/wp\/v2\/types\/page"}],"author":[{"embeddable":true,"href":"https:\/\/kiosque.acadienouvelle.com\/100e-club-golf-fraser-2026\/wp-json\/wp\/v2\/users\/7"}],"replies":[{"embeddable":true,"href":"https:\/\/kiosque.acadienouvelle.com\/100e-club-golf-fraser-2026\/wp-json\/wp\/v2\/comments?post=7795"}],"version-history":[{"count":19,"href":"https:\/\/kiosque.acadienouvelle.com\/100e-club-golf-fraser-2026\/wp-json\/wp\/v2\/pages\/7795\/revisions"}],"predecessor-version":[{"id":7816,"href":"https:\/\/kiosque.acadienouvelle.com\/100e-club-golf-fraser-2026\/wp-json\/wp\/v2\/pages\/7795\/revisions\/7816"}],"wp:attachment":[{"href":"https:\/\/kiosque.acadienouvelle.com\/100e-club-golf-fraser-2026\/wp-json\/wp\/v2\/media?parent=7795"}],"wp:term":[{"taxonomy":"page-categories","embeddable":true,"href":"https:\/\/kiosque.acadienouvelle.com\/100e-club-golf-fraser-2026\/wp-json\/wp\/v2\/page-categories?post=7795"}],"curies":[{"name":"wp","href":"https:\/\/api.w.org\/{rel}","templated":true}]}}