{"id":7820,"date":"2026-04-29T14:28:34","date_gmt":"2026-04-29T14:28:34","guid":{"rendered":"https:\/\/kiosque.acadienouvelle.com\/100e-club-golf-fraser-2026\/quelques-particularits-du-terrain\/"},"modified":"2026-04-29T14:44:55","modified_gmt":"2026-04-29T14:44:55","slug":"quelques-particularits-du-terrain","status":"publish","type":"page","link":"https:\/\/kiosque.acadienouvelle.com\/100e-club-golf-fraser-2026\/quelques-particularits-du-terrain\/","title":{"rendered":"Quelques particularit\u00e9s du terrain"},"content":{"rendered":"\t\t<div data-elementor-type=\"wp-page\" data-elementor-id=\"7820\" class=\"elementor elementor-7820\" data-elementor-post-type=\"page\">\n\t\t\t\t\t\t<section class=\"elementor-section elementor-top-section elementor-element elementor-element-50c1b6e elementor-section-height-min-height header_title banner_img elementor-section-boxed elementor-section-height-default elementor-section-items-middle\" data-id=\"50c1b6e\" data-element_type=\"section\" data-e-type=\"section\" data-settings=\"{&quot;background_background&quot;:&quot;classic&quot;}\">\n\t\t\t\t\t\t\t<div class=\"elementor-background-overlay\"><\/div>\n\t\t\t\t\t\t\t<div class=\"elementor-container elementor-column-gap-default\">\n\t\t\t\t\t<div class=\"elementor-column elementor-col-100 elementor-top-column elementor-element elementor-element-3a2d241\" data-id=\"3a2d241\" data-element_type=\"column\" data-e-type=\"column\">\n\t\t\t<div class=\"elementor-widget-wrap elementor-element-populated\">\n\t\t\t\t\t\t<div class=\"elementor-element elementor-element-9673cd2 elementor-widget elementor-widget-heading\" data-id=\"9673cd2\" data-element_type=\"widget\" data-e-type=\"widget\" data-widget_type=\"heading.default\">\n\t\t\t\t<div class=\"elementor-widget-container\">\n\t\t\t\t\t<h2 class=\"elementor-heading-title elementor-size-default\">Quelques particularit\u00e9s du terrain<\/h2>\t\t\t\t<\/div>\n\t\t\t\t<\/div>\n\t\t\t\t\t<\/div>\n\t\t<\/div>\n\t\t\t\t\t<\/div>\n\t\t<\/section>\n\t\t\t\t<section class=\"elementor-section elementor-top-section elementor-element elementor-element-d9a853a elementor-section-boxed elementor-section-height-default elementor-section-height-default\" data-id=\"d9a853a\" data-element_type=\"section\" data-e-type=\"section\">\n\t\t\t\t\t\t<div class=\"elementor-container elementor-column-gap-default\">\n\t\t\t\t\t<div class=\"elementor-column elementor-col-100 elementor-top-column elementor-element elementor-element-68d9c5a page_contain\" data-id=\"68d9c5a\" data-element_type=\"column\" data-e-type=\"column\" data-settings=\"{&quot;background_background&quot;:&quot;classic&quot;}\">\n\t\t\t<div class=\"elementor-widget-wrap elementor-element-populated\">\n\t\t\t\t\t\t<div class=\"elementor-element elementor-element-50f1f9b elementor-widget elementor-widget-image\" data-id=\"50f1f9b\" data-element_type=\"widget\" data-e-type=\"widget\" data-widget_type=\"image.default\">\n\t\t\t\t<div class=\"elementor-widget-container\">\n\t\t\t\t\t\t\t\t\t\t\t\t<figure class=\"wp-caption\">\n\t\t\t\t\t\t\t\t\t\t<img fetchpriority=\"high\" decoding=\"async\" width=\"1366\" height=\"768\" src=\"https:\/\/kiosque.acadienouvelle.com\/100e-club-golf-fraser-2026\/wp-content\/uploads\/sites\/398\/2026\/04\/3-quelques_particularites_landing.jpg\" class=\"attachment-full size-full wp-image-7834\" alt=\"\" srcset=\"https:\/\/kiosque.acadienouvelle.com\/100e-club-golf-fraser-2026\/wp-content\/uploads\/sites\/398\/2026\/04\/3-quelques_particularites_landing.jpg 1366w, https:\/\/kiosque.acadienouvelle.com\/100e-club-golf-fraser-2026\/wp-content\/uploads\/sites\/398\/2026\/04\/3-quelques_particularites_landing-300x169.jpg 300w, https:\/\/kiosque.acadienouvelle.com\/100e-club-golf-fraser-2026\/wp-content\/uploads\/sites\/398\/2026\/04\/3-quelques_particularites_landing-1024x576.jpg 1024w, https:\/\/kiosque.acadienouvelle.com\/100e-club-golf-fraser-2026\/wp-content\/uploads\/sites\/398\/2026\/04\/3-quelques_particularites_landing-768x432.jpg 768w\" sizes=\"(max-width: 1366px) 100vw, 1366px\" \/>\t\t\t\t\t\t\t\t\t\t\t<figcaption class=\"widget-image-caption wp-caption-text\"><\/figcaption>\n\t\t\t\t\t\t\t\t\t\t<\/figure>\n\t\t\t\t\t\t\t\t\t<\/div>\n\t\t\t\t<\/div>\n\t\t<link rel=\"stylesheet\" href=\"https:\/\/use.fontawesome.com\/releases\/v5.5.0\/css\/all.css\" integrity=\"sha384-B4dIYHKNBt8Bc12p+WXckhzcICo0wtJAoU8YZTY5qE0Id1GSseTk6S+L3BlXeVIU\" crossorigin=\"anonymous\">\r\n\t\t<div class=\"elementor-element elementor-element-d0a0a3b mobile_pera elementor-widget elementor-widget-text-editor\" data-id=\"d0a0a3b\" data-element_type=\"widget\" data-e-type=\"widget\" data-widget_type=\"text-editor.default\">\n\t\t\t\t<div class=\"elementor-widget-container\">\n\t\t\t\t\t\t\t\t\t<p>Le terrain de golf d\u2019Edmundston propose plusieurs particularit\u00e9s qui font le grand plaisir des golfeuses et golfeurs de tous les niveaux. Le relief est beaucoup appr\u00e9ci\u00e9 des gens avec des buttes et des vallons qui rehaussent l\u2019exp\u00e9rience, alors que deux lacs agr\u00e9mentent le paysage.<\/p>\t\t\t\t\t\t\t\t<\/div>\n\t\t\t\t<\/div>\n\t\t\t\t<div class=\"elementor-element elementor-element-d3719c1 elementor-widget elementor-widget-advertisement\" data-id=\"d3719c1\" data-element_type=\"widget\" data-e-type=\"widget\" data-widget_type=\"advertisement.default\">\n\t\t\t\t<div class=\"elementor-widget-container\">\n\t\t\t\t\t<div class=\"ads-align-center\"><div style=\"min-width:300px\" data-m32-ad data-options='{\"sizes\":\"[[300,100]]\",\"dfpId\":\"21658289790,27729547\",\"dfpAdUnitPath\":\"acadienouvelle\/cahiers_onefifthpage_300x100\"}'><\/div><\/div>\t\t\t\t<\/div>\n\t\t\t\t<\/div>\n\t\t\t\t<div class=\"elementor-element elementor-element-74263c8 mobile_pera elementor-widget elementor-widget-text-editor\" data-id=\"74263c8\" data-element_type=\"widget\" data-e-type=\"widget\" data-widget_type=\"text-editor.default\">\n\t\t\t\t<div class=\"elementor-widget-container\">\n\t\t\t\t\t\t\t\t\t<p>Le trou num\u00e9ro quatre est l\u2019un des trous de marque du terrain. Il est tr\u00e8s pittoresque et le coup est effectu\u00e9 depuis une aire de d\u00e9part tr\u00e8s \u00e9lev\u00e9e. Il doit en plus \u00eatre frapp\u00e9 au-dessus d\u2019une voie ferr\u00e9e o\u00f9 des trains voyagent encore quelques fois par semaine. Un trou \u00e0 normale 3 doit \u00eatre m\u00e9rit\u00e9, car le vent de travers dominant rend difficile d\u2019atteindre ce vert bien prot\u00e9g\u00e9 par des fosses de sable avec le coup de d\u00e9part.<\/p>\t\t\t\t\t\t\t\t<\/div>\n\t\t\t\t<\/div>\n\t\t\t\t<div class=\"elementor-element elementor-element-0b84546 mobile_pera elementor-widget elementor-widget-text-editor\" data-id=\"0b84546\" data-element_type=\"widget\" data-e-type=\"widget\" data-widget_type=\"text-editor.default\">\n\t\t\t\t<div class=\"elementor-widget-container\">\n\t\t\t\t\t\t\t\t\t<p>Le trou num\u00e9ro sept est quant \u00e0 lui le trou de golf le plus m\u00e9morable de ce parcours. \u00c9tant le trou le plus difficile du Nouveau-Brunswick, un tr\u00e8s long coup de d\u00e9part vers le c\u00f4t\u00e9 gauche de l\u2019all\u00e9e est n\u00e9cessaire pour avoir une chance d\u2019attaquer ce vert avec un deuxi\u00e8me coup \u00e0 l\u2019aveugle. Un 5 sur ce trou est un bon score, car le vent dominant est contre les golfeurs et les golfeuses.<\/p>\t\t\t\t\t\t\t\t<\/div>\n\t\t\t\t<\/div>\n\t\t\t\t<div class=\"elementor-element elementor-element-1d7220f mobile_pera elementor-widget elementor-widget-text-editor\" data-id=\"1d7220f\" data-element_type=\"widget\" data-e-type=\"widget\" data-widget_type=\"text-editor.default\">\n\t\t\t\t<div class=\"elementor-widget-container\">\n\t\t\t\t\t\t\t\t\t<p>Mentionnons aussi le trou num\u00e9ro 3 qui offre une occasion de jouer un oiselet. La difficult\u00e9 ici est le d\u00e9fi d\u2019attaquer le vert avec le deuxi\u00e8me coup o\u00f9 le risque d\u2019un mauvais coup est plus grand que la r\u00e9compense obtenue avec un bon coup. Il s\u2019agit d\u2019un trou \u00e0 trois coups avec un vert o\u00f9 la balle doit \u00eatre maintenue en dessous du trou.<\/p>\t\t\t\t\t\t\t\t<\/div>\n\t\t\t\t<\/div>\n\t\t\t\t<div class=\"elementor-element elementor-element-0e9f82a mobile_pera elementor-widget elementor-widget-text-editor\" data-id=\"0e9f82a\" data-element_type=\"widget\" data-e-type=\"widget\" data-widget_type=\"text-editor.default\">\n\t\t\t\t<div class=\"elementor-widget-container\">\n\t\t\t\t\t\t\t\t\t<p>Enfin, les trous num\u00e9ro 8 et 12 sont reconnus pour leur possibilit\u00e9 d\u2019y faire un trou d\u2019un coup.<\/p>\t\t\t\t\t\t\t\t<\/div>\n\t\t\t\t<\/div>\n\t\t\t\t\t<\/div>\n\t\t<\/div>\n\t\t\t\t\t<\/div>\n\t\t<\/section>\n\t\t\t\t<\/div>\n\t\t","protected":false},"excerpt":{"rendered":"<p>Quelques particularit\u00e9s du terrain Le terrain de golf d\u2019Edmundston propose plusieurs particularit\u00e9s qui font le grand plaisir des golfeuses et golfeurs de tous les niveaux. Le relief est beaucoup appr\u00e9ci\u00e9 des gens avec des buttes et des vallons qui rehaussent l\u2019exp\u00e9rience, alors que deux lacs agr\u00e9mentent le paysage. Le trou num\u00e9ro quatre est l\u2019un des [&hellip;]<\/p>\n","protected":false},"author":7,"featured_media":0,"parent":0,"menu_order":3,"comment_status":"closed","ping_status":"closed","template":"","meta":{"site-sidebar-layout":"no-sidebar","site-content-layout":"page-builder","ast-site-content-layout":"default","site-content-style":"default","site-sidebar-style":"default","ast-global-header-display":"","ast-banner-title-visibility":"","ast-main-header-display":"","ast-hfb-above-header-display":"","ast-hfb-below-header-display":"","ast-hfb-mobile-header-display":"","site-post-title":"disabled","ast-breadcrumbs-content":"","ast-featured-img":"disabled","footer-sml-layout":"","ast-disable-related-posts":"","theme-transparent-header-meta":"default","adv-header-id-meta":"","stick-header-meta":"","header-above-stick-meta":"","header-main-stick-meta":"","header-below-stick-meta":"","astra-migrate-meta-layouts":"default","ast-page-background-enabled":"default","ast-page-background-meta":{"desktop":{"background-color":"var(--ast-global-color-4)","background-image":"","background-repeat":"repeat","background-position":"center center","background-size":"auto","background-attachment":"scroll","background-type":"","background-media":"","overlay-type":"","overlay-color":"","overlay-opacity":"","overlay-gradient":""},"tablet":{"background-color":"","background-image":"","background-repeat":"repeat","background-position":"center center","background-size":"auto","background-attachment":"scroll","background-type":"","background-media":"","overlay-type":"","overlay-color":"","overlay-opacity":"","overlay-gradient":""},"mobile":{"background-color":"","background-image":"","background-repeat":"repeat","background-position":"center center","background-size":"auto","background-attachment":"scroll","background-type":"","background-media":"","overlay-type":"","overlay-color":"","overlay-opacity":"","overlay-gradient":""}},"ast-content-background-meta":{"desktop":{"background-color":"var(--ast-global-color-5)","background-image":"","background-repeat":"repeat","background-position":"center center","background-size":"auto","background-attachment":"scroll","background-type":"","background-media":"","overlay-type":"","overlay-color":"","overlay-opacity":"","overlay-gradient":""},"tablet":{"background-color":"var(--ast-global-color-5)","background-image":"","background-repeat":"repeat","background-position":"center center","background-size":"auto","background-attachment":"scroll","background-type":"","background-media":"","overlay-type":"","overlay-color":"","overlay-opacity":"","overlay-gradient":""},"mobile":{"background-color":"var(--ast-global-color-5)","background-image":"","background-repeat":"repeat","background-position":"center center","background-size":"auto","background-attachment":"scroll","background-type":"","background-media":"","overlay-type":"","overlay-color":"","overlay-opacity":"","overlay-gradient":""}},"footnotes":""},"page-categories":[],"class_list":["post-7820","page","type-page","status-publish","hentry"],"_links":{"self":[{"href":"https:\/\/kiosque.acadienouvelle.com\/100e-club-golf-fraser-2026\/wp-json\/wp\/v2\/pages\/7820","targetHints":{"allow":["GET"]}}],"collection":[{"href":"https:\/\/kiosque.acadienouvelle.com\/100e-club-golf-fraser-2026\/wp-json\/wp\/v2\/pages"}],"about":[{"href":"https:\/\/kiosque.acadienouvelle.com\/100e-club-golf-fraser-2026\/wp-json\/wp\/v2\/types\/page"}],"author":[{"embeddable":true,"href":"https:\/\/kiosque.acadienouvelle.com\/100e-club-golf-fraser-2026\/wp-json\/wp\/v2\/users\/7"}],"replies":[{"embeddable":true,"href":"https:\/\/kiosque.acadienouvelle.com\/100e-club-golf-fraser-2026\/wp-json\/wp\/v2\/comments?post=7820"}],"version-history":[{"count":22,"href":"https:\/\/kiosque.acadienouvelle.com\/100e-club-golf-fraser-2026\/wp-json\/wp\/v2\/pages\/7820\/revisions"}],"predecessor-version":[{"id":7889,"href":"https:\/\/kiosque.acadienouvelle.com\/100e-club-golf-fraser-2026\/wp-json\/wp\/v2\/pages\/7820\/revisions\/7889"}],"wp:attachment":[{"href":"https:\/\/kiosque.acadienouvelle.com\/100e-club-golf-fraser-2026\/wp-json\/wp\/v2\/media?parent=7820"}],"wp:term":[{"taxonomy":"page-categories","embeddable":true,"href":"https:\/\/kiosque.acadienouvelle.com\/100e-club-golf-fraser-2026\/wp-json\/wp\/v2\/page-categories?post=7820"}],"curies":[{"name":"wp","href":"https:\/\/api.w.org\/{rel}","templated":true}]}}