{"id":7890,"date":"2026-04-29T14:47:28","date_gmt":"2026-04-29T14:47:28","guid":{"rendered":"https:\/\/kiosque.acadienouvelle.com\/100e-club-golf-fraser-2026\/quelques-moments-marquants-de-son-histoire\/"},"modified":"2026-04-29T14:54:58","modified_gmt":"2026-04-29T14:54:58","slug":"quelques-moments-marquants-de-son-histoire","status":"publish","type":"page","link":"https:\/\/kiosque.acadienouvelle.com\/100e-club-golf-fraser-2026\/quelques-moments-marquants-de-son-histoire\/","title":{"rendered":"Quelques moments marquants de son histoire"},"content":{"rendered":"\t\t<div data-elementor-type=\"wp-page\" data-elementor-id=\"7890\" class=\"elementor elementor-7890\" data-elementor-post-type=\"page\">\n\t\t\t\t\t\t<section class=\"elementor-section elementor-top-section elementor-element elementor-element-50c1b6e elementor-section-height-min-height header_title banner_img elementor-section-boxed elementor-section-height-default elementor-section-items-middle\" data-id=\"50c1b6e\" data-element_type=\"section\" data-e-type=\"section\" data-settings=\"{&quot;background_background&quot;:&quot;classic&quot;}\">\n\t\t\t\t\t\t\t<div class=\"elementor-background-overlay\"><\/div>\n\t\t\t\t\t\t\t<div class=\"elementor-container elementor-column-gap-default\">\n\t\t\t\t\t<div class=\"elementor-column elementor-col-100 elementor-top-column elementor-element elementor-element-3a2d241\" data-id=\"3a2d241\" data-element_type=\"column\" data-e-type=\"column\">\n\t\t\t<div class=\"elementor-widget-wrap elementor-element-populated\">\n\t\t\t\t\t\t<div class=\"elementor-element elementor-element-9673cd2 elementor-widget elementor-widget-heading\" data-id=\"9673cd2\" data-element_type=\"widget\" data-e-type=\"widget\" data-widget_type=\"heading.default\">\n\t\t\t\t<div class=\"elementor-widget-container\">\n\t\t\t\t\t<h2 class=\"elementor-heading-title elementor-size-default\">Quelques moments marquants de son histoire<\/h2>\t\t\t\t<\/div>\n\t\t\t\t<\/div>\n\t\t\t\t\t<\/div>\n\t\t<\/div>\n\t\t\t\t\t<\/div>\n\t\t<\/section>\n\t\t\t\t<section class=\"elementor-section elementor-top-section elementor-element elementor-element-d9a853a elementor-section-boxed elementor-section-height-default elementor-section-height-default\" data-id=\"d9a853a\" data-element_type=\"section\" data-e-type=\"section\">\n\t\t\t\t\t\t<div class=\"elementor-container elementor-column-gap-default\">\n\t\t\t\t\t<div class=\"elementor-column elementor-col-100 elementor-top-column elementor-element elementor-element-68d9c5a page_contain\" data-id=\"68d9c5a\" data-element_type=\"column\" data-e-type=\"column\" data-settings=\"{&quot;background_background&quot;:&quot;classic&quot;}\">\n\t\t\t<div class=\"elementor-widget-wrap elementor-element-populated\">\n\t\t\t\t\t\t<div class=\"elementor-element elementor-element-50f1f9b elementor-widget elementor-widget-image\" data-id=\"50f1f9b\" data-element_type=\"widget\" data-e-type=\"widget\" data-widget_type=\"image.default\">\n\t\t\t\t<div class=\"elementor-widget-container\">\n\t\t\t\t\t\t\t\t\t\t\t\t<figure class=\"wp-caption\">\n\t\t\t\t\t\t\t\t\t\t<img fetchpriority=\"high\" decoding=\"async\" width=\"1251\" height=\"768\" src=\"https:\/\/kiosque.acadienouvelle.com\/100e-club-golf-fraser-2026\/wp-content\/uploads\/sites\/398\/2026\/04\/5-quelques_moments_landing.jpg\" class=\"attachment-full size-full wp-image-7895\" alt=\"\" srcset=\"https:\/\/kiosque.acadienouvelle.com\/100e-club-golf-fraser-2026\/wp-content\/uploads\/sites\/398\/2026\/04\/5-quelques_moments_landing.jpg 1251w, https:\/\/kiosque.acadienouvelle.com\/100e-club-golf-fraser-2026\/wp-content\/uploads\/sites\/398\/2026\/04\/5-quelques_moments_landing-300x184.jpg 300w, https:\/\/kiosque.acadienouvelle.com\/100e-club-golf-fraser-2026\/wp-content\/uploads\/sites\/398\/2026\/04\/5-quelques_moments_landing-1024x629.jpg 1024w, https:\/\/kiosque.acadienouvelle.com\/100e-club-golf-fraser-2026\/wp-content\/uploads\/sites\/398\/2026\/04\/5-quelques_moments_landing-768x471.jpg 768w\" sizes=\"(max-width: 1251px) 100vw, 1251px\" \/>\t\t\t\t\t\t\t\t\t\t\t<figcaption class=\"widget-image-caption wp-caption-text\">Cette photo d\u2019archive montre une v\u00e9g\u00e9tation tr\u00e8s diff\u00e9rente de celle d\u2019aujourd\u2019hui avec de tr\u00e8s jeunes arbres.<\/figcaption>\n\t\t\t\t\t\t\t\t\t\t<\/figure>\n\t\t\t\t\t\t\t\t\t<\/div>\n\t\t\t\t<\/div>\n\t\t<link rel=\"stylesheet\" href=\"https:\/\/use.fontawesome.com\/releases\/v5.5.0\/css\/all.css\" integrity=\"sha384-B4dIYHKNBt8Bc12p+WXckhzcICo0wtJAoU8YZTY5qE0Id1GSseTk6S+L3BlXeVIU\" crossorigin=\"anonymous\">\r\n\t\t<div class=\"elementor-element elementor-element-d0a0a3b mobile_pera elementor-widget elementor-widget-text-editor\" data-id=\"d0a0a3b\" data-element_type=\"widget\" data-e-type=\"widget\" data-widget_type=\"text-editor.default\">\n\t\t\t\t<div class=\"elementor-widget-container\">\n\t\t\t\t\t\t\t\t\t<p>Les racines du Club de golf Fraser d\u2019Edmundston remontent \u00e0 1926, lorsqu\u2019un groupe de gens passionn\u00e9s, dont le r\u00e9v\u00e9rend Nicolo Franchetti, s\u2019est r\u00e9uni pour \u00e9tablir un modeste parcours sur une section du bassin de la rivi\u00e8re Madawaska. <\/p>\t\t\t\t\t\t\t\t<\/div>\n\t\t\t\t<\/div>\n\t\t\t\t<div class=\"elementor-element elementor-element-e343222 elementor-widget elementor-widget-advertisement\" data-id=\"e343222\" data-element_type=\"widget\" data-e-type=\"widget\" data-widget_type=\"advertisement.default\">\n\t\t\t\t<div class=\"elementor-widget-container\">\n\t\t\t\t\t<div class=\"ads-align-center\"><div style=\"min-width:300px\"  data-m32-ad data-options='{\"sizes\":\"[[300,250]]\",\"dfpId\":\"21658289790,27729547\",\"dfpAdUnitPath\":\"acadienouvelle\/cahiers_quarterpage_300x250\"}'><\/div><\/div>\t\t\t\t<\/div>\n\t\t\t\t<\/div>\n\t\t\t\t<div class=\"elementor-element elementor-element-930d269 mobile_pera elementor-widget elementor-widget-text-editor\" data-id=\"930d269\" data-element_type=\"widget\" data-e-type=\"widget\" data-widget_type=\"text-editor.default\">\n\t\t\t\t<div class=\"elementor-widget-container\">\n\t\t\t\t\t\t\t\t\t<p>D\u00e8s l\u2019origine, femmes et hommes y sont admis \u00e0 parts \u00e9gales, une d\u00e9cision particuli\u00e8rement progressiste pour l\u2019\u00e9poque. Le cout de la cotisation annuelle s\u2019\u00e9levait \u00e0 15 $ pour les femmes et \u00e0 25 $ pour les hommes.<\/p>\t\t\t\t\t\t\t\t<\/div>\n\t\t\t\t<\/div>\n\t\t\t\t<div class=\"elementor-element elementor-element-c06595c mobile_pera elementor-widget elementor-widget-text-editor\" data-id=\"c06595c\" data-element_type=\"widget\" data-e-type=\"widget\" data-widget_type=\"text-editor.default\">\n\t\t\t\t<div class=\"elementor-widget-container\">\n\t\t\t\t\t\t\t\t\t<p>En 1936, le premier pavillon a \u00e9t\u00e9 construit, marquant ainsi une \u00e9tape importante pour le club. Il fut remplac\u00e9 en 1937 par un b\u00e2timent pr\u00e8s de la rivi\u00e8re qui fut ensuite relocalis\u00e9 par Albert Murray \u00e0 la fin des ann\u00e9es 40, puis d\u00e9truit par un incendie en 1969. Le chalet actuel date de 1971.<\/p>\t\t\t\t\t\t\t\t<\/div>\n\t\t\t\t<\/div>\n\t\t\t\t<div class=\"elementor-element elementor-element-848b4a7 mobile_pera elementor-widget elementor-widget-text-editor\" data-id=\"848b4a7\" data-element_type=\"widget\" data-e-type=\"widget\" data-widget_type=\"text-editor.default\">\n\t\t\t\t<div class=\"elementor-widget-container\">\n\t\t\t\t\t\t\t\t\t<p>En 1947, l\u2019architecte reconnu Albert Murray a \u00e9t\u00e9 charg\u00e9 de concevoir le parcours de 18 trous qui est aujourd\u2019hui c\u00e9l\u00e8bre. Les travaux furent consid\u00e9rables : d\u00e9m\u00e9nagement du chalet, acquisition de nouveaux terrains et reconstruction compl\u00e8te des all\u00e9es, des d\u00e9parts et des verts.<\/p>\t\t\t\t\t\t\t\t<\/div>\n\t\t\t\t<\/div>\n\t\t\t\t<div class=\"elementor-element elementor-element-41d323b mobile_pera elementor-widget elementor-widget-text-editor\" data-id=\"41d323b\" data-element_type=\"widget\" data-e-type=\"widget\" data-widget_type=\"text-editor.default\">\n\t\t\t\t<div class=\"elementor-widget-container\">\n\t\t\t\t\t\t\t\t\t<p>\u00c0 l\u2019origine, le terrain de golf \u00e9tait constitu\u00e9 de champs agricoles, ponctu\u00e9s de quelques \u00eelots d\u2019arbres. Entre 1947 et 1955, une vaste campagne de v\u00e9g\u00e9talisation transforma le site avec la plantation de 38\u2009360 \u00e9pinettes et feuillus, 352 arbres ornementaux et 450 buissons et plantes.<\/p>\t\t\t\t\t\t\t\t<\/div>\n\t\t\t\t<\/div>\n\t\t\t\t<div class=\"elementor-element elementor-element-0b6ad93 mobile_pera elementor-widget elementor-widget-text-editor\" data-id=\"0b6ad93\" data-element_type=\"widget\" data-e-type=\"widget\" data-widget_type=\"text-editor.default\">\n\t\t\t\t<div class=\"elementor-widget-container\">\n\t\t\t\t\t\t\t\t\t<p><b>Une longue relation avec la compagnie Fraser<\/b><\/p>\t\t\t\t\t\t\t\t<\/div>\n\t\t\t\t<\/div>\n\t\t\t\t<div class=\"elementor-element elementor-element-74263c8 mobile_pera elementor-widget elementor-widget-text-editor\" data-id=\"74263c8\" data-element_type=\"widget\" data-e-type=\"widget\" data-widget_type=\"text-editor.default\">\n\t\t\t\t<div class=\"elementor-widget-container\">\n\t\t\t\t\t\t\t\t\t<p>La relation entre la famille Fraser et le Club de golf d\u2019Edmundston prend racine en 1928. M. Archibald Fraser propose alors au club l\u2019acquisition du terrain de Maxime H\u00e9bert pour la somme de 4\u2009500 $, afin d\u2019en assurer la p\u00e9rennit\u00e9. Ce partenariat se consolide pleinement en 1943, lorsque la compagnie devient actionnaire majoritaire d\u2019Edmundston Golf Club Ltd. Ce partenariat dure jusqu\u2019en 2004, moment o\u00f9 le club est vendu \u00e0 la ville d\u2019Edmundston.<\/p>\t\t\t\t\t\t\t\t<\/div>\n\t\t\t\t<\/div>\n\t\t\t\t<div class=\"elementor-element elementor-element-6c0ac66 mobile_pera elementor-widget elementor-widget-text-editor\" data-id=\"6c0ac66\" data-element_type=\"widget\" data-e-type=\"widget\" data-widget_type=\"text-editor.default\">\n\t\t\t\t<div class=\"elementor-widget-container\">\n\t\t\t\t\t\t\t\t\t<p>En 2007, le club a inaugur\u00e9 un champ de pratique nouvellement agrandi. <\/p>\t\t\t\t\t\t\t\t<\/div>\n\t\t\t\t<\/div>\n\t\t\t\t<div class=\"elementor-element elementor-element-906fccb mobile_pera elementor-widget elementor-widget-text-editor\" data-id=\"906fccb\" data-element_type=\"widget\" data-e-type=\"widget\" data-widget_type=\"text-editor.default\">\n\t\t\t\t<div class=\"elementor-widget-container\">\n\t\t\t\t\t\t\t\t\t<p><img decoding=\"async\" class=\"alignleft size-full wp-image-7926\" src=\"https:\/\/kiosque.acadienouvelle.com\/100e-club-golf-fraser-2026\/wp-content\/uploads\/sites\/398\/2026\/04\/4-photo2-1.jpg\" alt=\"\" width=\"1251\" height=\"768\" srcset=\"https:\/\/kiosque.acadienouvelle.com\/100e-club-golf-fraser-2026\/wp-content\/uploads\/sites\/398\/2026\/04\/4-photo2-1.jpg 1251w, https:\/\/kiosque.acadienouvelle.com\/100e-club-golf-fraser-2026\/wp-content\/uploads\/sites\/398\/2026\/04\/4-photo2-1-300x184.jpg 300w, https:\/\/kiosque.acadienouvelle.com\/100e-club-golf-fraser-2026\/wp-content\/uploads\/sites\/398\/2026\/04\/4-photo2-1-1024x629.jpg 1024w, https:\/\/kiosque.acadienouvelle.com\/100e-club-golf-fraser-2026\/wp-content\/uploads\/sites\/398\/2026\/04\/4-photo2-1-768x471.jpg 768w\" sizes=\"(max-width: 1251px) 100vw, 1251px\" \/><\/p>\t\t\t\t\t\t\t\t<\/div>\n\t\t\t\t<\/div>\n\t\t\t\t<div class=\"elementor-element elementor-element-28adf73 mobile_pera elementor-widget elementor-widget-text-editor\" data-id=\"28adf73\" data-element_type=\"widget\" data-e-type=\"widget\" data-widget_type=\"text-editor.default\">\n\t\t\t\t<div class=\"elementor-widget-container\">\n\t\t\t\t\t\t\t\t\t<p>Le chalet avec les golfeurs d\u2019autrefois.<\/p>\t\t\t\t\t\t\t\t<\/div>\n\t\t\t\t<\/div>\n\t\t\t\t\t<\/div>\n\t\t<\/div>\n\t\t\t\t\t<\/div>\n\t\t<\/section>\n\t\t\t\t<\/div>\n\t\t","protected":false},"excerpt":{"rendered":"<p>Quelques moments marquants de son histoire Cette photo d\u2019archive montre une v\u00e9g\u00e9tation tr\u00e8s diff\u00e9rente de celle d\u2019aujourd\u2019hui avec de tr\u00e8s jeunes arbres. Les racines du Club de golf Fraser d\u2019Edmundston remontent \u00e0 1926, lorsqu\u2019un groupe de gens passionn\u00e9s, dont le r\u00e9v\u00e9rend Nicolo Franchetti, s\u2019est r\u00e9uni pour \u00e9tablir un modeste parcours sur une section du bassin [&hellip;]<\/p>\n","protected":false},"author":7,"featured_media":0,"parent":0,"menu_order":5,"comment_status":"closed","ping_status":"closed","template":"","meta":{"site-sidebar-layout":"no-sidebar","site-content-layout":"page-builder","ast-site-content-layout":"default","site-content-style":"default","site-sidebar-style":"default","ast-global-header-display":"","ast-banner-title-visibility":"","ast-main-header-display":"","ast-hfb-above-header-display":"","ast-hfb-below-header-display":"","ast-hfb-mobile-header-display":"","site-post-title":"disabled","ast-breadcrumbs-content":"","ast-featured-img":"disabled","footer-sml-layout":"","ast-disable-related-posts":"","theme-transparent-header-meta":"default","adv-header-id-meta":"","stick-header-meta":"","header-above-stick-meta":"","header-main-stick-meta":"","header-below-stick-meta":"","astra-migrate-meta-layouts":"default","ast-page-background-enabled":"default","ast-page-background-meta":{"desktop":{"background-color":"var(--ast-global-color-4)","background-image":"","background-repeat":"repeat","background-position":"center center","background-size":"auto","background-attachment":"scroll","background-type":"","background-media":"","overlay-type":"","overlay-color":"","overlay-opacity":"","overlay-gradient":""},"tablet":{"background-color":"","background-image":"","background-repeat":"repeat","background-position":"center center","background-size":"auto","background-attachment":"scroll","background-type":"","background-media":"","overlay-type":"","overlay-color":"","overlay-opacity":"","overlay-gradient":""},"mobile":{"background-color":"","background-image":"","background-repeat":"repeat","background-position":"center center","background-size":"auto","background-attachment":"scroll","background-type":"","background-media":"","overlay-type":"","overlay-color":"","overlay-opacity":"","overlay-gradient":""}},"ast-content-background-meta":{"desktop":{"background-color":"var(--ast-global-color-5)","background-image":"","background-repeat":"repeat","background-position":"center center","background-size":"auto","background-attachment":"scroll","background-type":"","background-media":"","overlay-type":"","overlay-color":"","overlay-opacity":"","overlay-gradient":""},"tablet":{"background-color":"var(--ast-global-color-5)","background-image":"","background-repeat":"repeat","background-position":"center center","background-size":"auto","background-attachment":"scroll","background-type":"","background-media":"","overlay-type":"","overlay-color":"","overlay-opacity":"","overlay-gradient":""},"mobile":{"background-color":"var(--ast-global-color-5)","background-image":"","background-repeat":"repeat","background-position":"center center","background-size":"auto","background-attachment":"scroll","background-type":"","background-media":"","overlay-type":"","overlay-color":"","overlay-opacity":"","overlay-gradient":""}},"footnotes":""},"page-categories":[],"class_list":["post-7890","page","type-page","status-publish","hentry"],"_links":{"self":[{"href":"https:\/\/kiosque.acadienouvelle.com\/100e-club-golf-fraser-2026\/wp-json\/wp\/v2\/pages\/7890","targetHints":{"allow":["GET"]}}],"collection":[{"href":"https:\/\/kiosque.acadienouvelle.com\/100e-club-golf-fraser-2026\/wp-json\/wp\/v2\/pages"}],"about":[{"href":"https:\/\/kiosque.acadienouvelle.com\/100e-club-golf-fraser-2026\/wp-json\/wp\/v2\/types\/page"}],"author":[{"embeddable":true,"href":"https:\/\/kiosque.acadienouvelle.com\/100e-club-golf-fraser-2026\/wp-json\/wp\/v2\/users\/7"}],"replies":[{"embeddable":true,"href":"https:\/\/kiosque.acadienouvelle.com\/100e-club-golf-fraser-2026\/wp-json\/wp\/v2\/comments?post=7890"}],"version-history":[{"count":43,"href":"https:\/\/kiosque.acadienouvelle.com\/100e-club-golf-fraser-2026\/wp-json\/wp\/v2\/pages\/7890\/revisions"}],"predecessor-version":[{"id":7935,"href":"https:\/\/kiosque.acadienouvelle.com\/100e-club-golf-fraser-2026\/wp-json\/wp\/v2\/pages\/7890\/revisions\/7935"}],"wp:attachment":[{"href":"https:\/\/kiosque.acadienouvelle.com\/100e-club-golf-fraser-2026\/wp-json\/wp\/v2\/media?parent=7890"}],"wp:term":[{"taxonomy":"page-categories","embeddable":true,"href":"https:\/\/kiosque.acadienouvelle.com\/100e-club-golf-fraser-2026\/wp-json\/wp\/v2\/page-categories?post=7890"}],"curies":[{"name":"wp","href":"https:\/\/api.w.org\/{rel}","templated":true}]}}