{"id":7939,"date":"2026-04-29T14:57:20","date_gmt":"2026-04-29T14:57:20","guid":{"rendered":"https:\/\/kiosque.acadienouvelle.com\/100e-club-golf-fraser-2026\/un-terrain-de-golf-inclusif-pour-toute-la-famille\/"},"modified":"2026-04-29T15:05:36","modified_gmt":"2026-04-29T15:05:36","slug":"un-terrain-de-golf-inclusif-pour-toute-la-famille","status":"publish","type":"page","link":"https:\/\/kiosque.acadienouvelle.com\/100e-club-golf-fraser-2026\/un-terrain-de-golf-inclusif-pour-toute-la-famille\/","title":{"rendered":"Un terrain de golf inclusif pour toute la famille"},"content":{"rendered":"\t\t<div data-elementor-type=\"wp-page\" data-elementor-id=\"7939\" class=\"elementor elementor-7939\" data-elementor-post-type=\"page\">\n\t\t\t\t\t\t<section class=\"elementor-section elementor-top-section elementor-element elementor-element-50c1b6e elementor-section-height-min-height header_title banner_img elementor-section-boxed elementor-section-height-default elementor-section-items-middle\" data-id=\"50c1b6e\" data-element_type=\"section\" data-e-type=\"section\" data-settings=\"{&quot;background_background&quot;:&quot;classic&quot;}\">\n\t\t\t\t\t\t\t<div class=\"elementor-background-overlay\"><\/div>\n\t\t\t\t\t\t\t<div class=\"elementor-container elementor-column-gap-default\">\n\t\t\t\t\t<div class=\"elementor-column elementor-col-100 elementor-top-column elementor-element elementor-element-3a2d241\" data-id=\"3a2d241\" data-element_type=\"column\" data-e-type=\"column\">\n\t\t\t<div class=\"elementor-widget-wrap elementor-element-populated\">\n\t\t\t\t\t\t<div class=\"elementor-element elementor-element-9673cd2 elementor-widget elementor-widget-heading\" data-id=\"9673cd2\" data-element_type=\"widget\" data-e-type=\"widget\" data-widget_type=\"heading.default\">\n\t\t\t\t<div class=\"elementor-widget-container\">\n\t\t\t\t\t<h2 class=\"elementor-heading-title elementor-size-default\">Un terrain de golf inclusif pour toute la famille<\/h2>\t\t\t\t<\/div>\n\t\t\t\t<\/div>\n\t\t\t\t\t<\/div>\n\t\t<\/div>\n\t\t\t\t\t<\/div>\n\t\t<\/section>\n\t\t\t\t<section class=\"elementor-section elementor-top-section elementor-element elementor-element-d9a853a elementor-section-boxed elementor-section-height-default elementor-section-height-default\" data-id=\"d9a853a\" data-element_type=\"section\" data-e-type=\"section\">\n\t\t\t\t\t\t<div class=\"elementor-container elementor-column-gap-default\">\n\t\t\t\t\t<div class=\"elementor-column elementor-col-100 elementor-top-column elementor-element elementor-element-68d9c5a page_contain\" data-id=\"68d9c5a\" data-element_type=\"column\" data-e-type=\"column\" data-settings=\"{&quot;background_background&quot;:&quot;classic&quot;}\">\n\t\t\t<div class=\"elementor-widget-wrap elementor-element-populated\">\n\t\t\t\t\t\t<div class=\"elementor-element elementor-element-50f1f9b elementor-widget elementor-widget-image\" data-id=\"50f1f9b\" data-element_type=\"widget\" data-e-type=\"widget\" data-widget_type=\"image.default\">\n\t\t\t\t<div class=\"elementor-widget-container\">\n\t\t\t\t\t\t\t\t\t\t\t\t<figure class=\"wp-caption\">\n\t\t\t\t\t\t\t\t\t\t<img fetchpriority=\"high\" decoding=\"async\" width=\"1251\" height=\"768\" src=\"https:\/\/kiosque.acadienouvelle.com\/100e-club-golf-fraser-2026\/wp-content\/uploads\/sites\/398\/2026\/04\/6-un_terrain_landing.jpg\" class=\"attachment-full size-full wp-image-7945\" alt=\"\" srcset=\"https:\/\/kiosque.acadienouvelle.com\/100e-club-golf-fraser-2026\/wp-content\/uploads\/sites\/398\/2026\/04\/6-un_terrain_landing.jpg 1251w, https:\/\/kiosque.acadienouvelle.com\/100e-club-golf-fraser-2026\/wp-content\/uploads\/sites\/398\/2026\/04\/6-un_terrain_landing-300x184.jpg 300w, https:\/\/kiosque.acadienouvelle.com\/100e-club-golf-fraser-2026\/wp-content\/uploads\/sites\/398\/2026\/04\/6-un_terrain_landing-1024x629.jpg 1024w, https:\/\/kiosque.acadienouvelle.com\/100e-club-golf-fraser-2026\/wp-content\/uploads\/sites\/398\/2026\/04\/6-un_terrain_landing-768x471.jpg 768w\" sizes=\"(max-width: 1251px) 100vw, 1251px\" \/>\t\t\t\t\t\t\t\t\t\t\t<figcaption class=\"widget-image-caption wp-caption-text\">Ces jeunes golfeurs et golfeuses perfectionnent leurs habilet\u00e9s sur le parcours familial de cinq trous.<\/figcaption>\n\t\t\t\t\t\t\t\t\t\t<\/figure>\n\t\t\t\t\t\t\t\t\t<\/div>\n\t\t\t\t<\/div>\n\t\t<link rel=\"stylesheet\" href=\"https:\/\/use.fontawesome.com\/releases\/v5.5.0\/css\/all.css\" integrity=\"sha384-B4dIYHKNBt8Bc12p+WXckhzcICo0wtJAoU8YZTY5qE0Id1GSseTk6S+L3BlXeVIU\" crossorigin=\"anonymous\">\r\n\t\t<div class=\"elementor-element elementor-element-d0a0a3b mobile_pera elementor-widget elementor-widget-text-editor\" data-id=\"d0a0a3b\" data-element_type=\"widget\" data-e-type=\"widget\" data-widget_type=\"text-editor.default\">\n\t\t\t\t<div class=\"elementor-widget-container\">\n\t\t\t\t\t\t\t\t\t<p>Le Club de golf Fraser d\u2019Edmundston se veut un endroit inclusif pour les amateurs de golf de tous les \u00e2ges et de tous les niveaux d\u2019habilet\u00e9. Ceci se refl\u00e8te avec son parcours familial de cinq trous, son populaire terrain d\u2019entrainement, ses cours pour enfants et adultes, sans oublier ses camps d\u2019\u00e9t\u00e9.<\/p>\t\t\t\t\t\t\t\t<\/div>\n\t\t\t\t<\/div>\n\t\t\t\t<div class=\"elementor-element elementor-element-e066185 elementor-widget elementor-widget-advertisement\" data-id=\"e066185\" data-element_type=\"widget\" data-e-type=\"widget\" data-widget_type=\"advertisement.default\">\n\t\t\t\t<div class=\"elementor-widget-container\">\n\t\t\t\t\t<div class=\"ads-align-center\"><div style=\"min-width:300px\" data-m32-ad data-options='{\"sizes\":\"[[300,100]]\",\"dfpId\":\"21658289790,27729547\",\"dfpAdUnitPath\":\"acadienouvelle\/cahiers_onefifthpage_300x100\"}'><\/div><\/div>\t\t\t\t<\/div>\n\t\t\t\t<\/div>\n\t\t\t\t<div class=\"elementor-element elementor-element-4f25c86 mobile_pera elementor-widget elementor-widget-text-editor\" data-id=\"4f25c86\" data-element_type=\"widget\" data-e-type=\"widget\" data-widget_type=\"text-editor.default\">\n\t\t\t\t<div class=\"elementor-widget-container\">\n\t\t\t\t\t\t\t\t\t<p>Le club a ainsi la particularit\u00e9 d\u2019offrir un parcours familial de cinq trous, con\u00e7u pour les personnes d\u00e9butantes et interm\u00e9diaires, afin d\u2019apprivoiser le sport. Le parcours plus court avec des trous de 60 \u00e0 120 verges est id\u00e9al pour perfectionner les habilet\u00e9s, ce qui est parfait pour s\u2019entrainer \u00e0 des coups de pr\u00e9cision et \u00e0 des coups roul\u00e9s. Un nouvel abonnement familial pour ce parcours est d\u2019ailleurs offert \u00e0 seulement 350 $ plus taxes pour la saison pour une famille jusqu\u2019\u00e0 six personnes.<\/p>\t\t\t\t\t\t\t\t<\/div>\n\t\t\t\t<\/div>\n\t\t\t\t<div class=\"elementor-element elementor-element-9e44b6a mobile_pera elementor-widget elementor-widget-text-editor\" data-id=\"9e44b6a\" data-element_type=\"widget\" data-e-type=\"widget\" data-widget_type=\"text-editor.default\">\n\t\t\t\t<div class=\"elementor-widget-container\">\n\t\t\t\t\t\t\t\t\t<p>Ensuite, mentionnons le champ de pratique avec 16 tapis qui permet aux gens d\u2019am\u00e9liorer leur \u00e9lan et le contr\u00f4le de la distance. Un nouveau terrain d\u2019entrainement avec bac \u00e0 sable est id\u00e9al pour pratiquer les \u00e9lans de sortie des trappes. Un autre espace est d\u00e9di\u00e9 \u00e0 l\u2019entrainement du jeu court pour am\u00e9liorer les coups d\u2019approche et <br \/>le jeu dans les fosses de sable.<\/p>\t\t\t\t\t\t\t\t<\/div>\n\t\t\t\t<\/div>\n\t\t\t\t<div class=\"elementor-element elementor-element-0b6ad93 mobile_pera elementor-widget elementor-widget-text-editor\" data-id=\"0b6ad93\" data-element_type=\"widget\" data-e-type=\"widget\" data-widget_type=\"text-editor.default\">\n\t\t\t\t<div class=\"elementor-widget-container\">\n\t\t\t\t\t\t\t\t\t<p><b>Cours pour tous les \u00e2ges<\/b><\/p>\t\t\t\t\t\t\t\t<\/div>\n\t\t\t\t<\/div>\n\t\t\t\t<div class=\"elementor-element elementor-element-a7d57ce mobile_pera elementor-widget elementor-widget-text-editor\" data-id=\"a7d57ce\" data-element_type=\"widget\" data-e-type=\"widget\" data-widget_type=\"text-editor.default\">\n\t\t\t\t<div class=\"elementor-widget-container\">\n\t\t\t\t\t\t\t\t\t<p>Quatre instructeurs offrent plusieurs options pour am\u00e9liorer son jeu, quel que soit le niveau d\u2019habilet\u00e9. Des cours particuliers sont offerts, en plus du programme \u00ab Mise en route pour adulte \u00bb destin\u00e9 aux joueurs et joueuses de niveau d\u00e9butant. Le programme \u00ab Little big hitters \u00bb s\u2019adresse quant \u00e0 lui aux enfants et adolescents de 6 \u00e0 18 ans. Enfin, le terrain de golf propose des camps d\u2019\u00e9t\u00e9 de trois jours en juillet et ao\u00fbt pour les jeunes de 7 \u00e0 18 ans.<\/p>\t\t\t\t\t\t\t\t<\/div>\n\t\t\t\t<\/div>\n\t\t\t\t<div class=\"elementor-element elementor-element-a8288f5 mobile_pera elementor-widget elementor-widget-text-editor\" data-id=\"a8288f5\" data-element_type=\"widget\" data-e-type=\"widget\" data-widget_type=\"text-editor.default\">\n\t\t\t\t<div class=\"elementor-widget-container\">\n\t\t\t\t\t\t\t\t\t<p><img decoding=\"async\" class=\"alignleft size-full wp-image-7967\" src=\"https:\/\/kiosque.acadienouvelle.com\/100e-club-golf-fraser-2026\/wp-content\/uploads\/sites\/398\/2026\/04\/6-photo.jpg\" alt=\"\" width=\"1251\" height=\"768\" srcset=\"https:\/\/kiosque.acadienouvelle.com\/100e-club-golf-fraser-2026\/wp-content\/uploads\/sites\/398\/2026\/04\/6-photo.jpg 1251w, https:\/\/kiosque.acadienouvelle.com\/100e-club-golf-fraser-2026\/wp-content\/uploads\/sites\/398\/2026\/04\/6-photo-300x184.jpg 300w, https:\/\/kiosque.acadienouvelle.com\/100e-club-golf-fraser-2026\/wp-content\/uploads\/sites\/398\/2026\/04\/6-photo-1024x629.jpg 1024w, https:\/\/kiosque.acadienouvelle.com\/100e-club-golf-fraser-2026\/wp-content\/uploads\/sites\/398\/2026\/04\/6-photo-768x471.jpg 768w\" sizes=\"(max-width: 1251px) 100vw, 1251px\" \/><\/p>\t\t\t\t\t\t\t\t<\/div>\n\t\t\t\t<\/div>\n\t\t\t\t<div class=\"elementor-element elementor-element-2571e45 mobile_pera elementor-widget elementor-widget-text-editor\" data-id=\"2571e45\" data-element_type=\"widget\" data-e-type=\"widget\" data-widget_type=\"text-editor.default\">\n\t\t\t\t<div class=\"elementor-widget-container\">\n\t\t\t\t\t\t\t\t\t<p>Le champ de pratique avec 16 tapis est id\u00e9al pour parfaire ses habilet\u00e9s.<\/p>\t\t\t\t\t\t\t\t<\/div>\n\t\t\t\t<\/div>\n\t\t\t\t\t<\/div>\n\t\t<\/div>\n\t\t\t\t\t<\/div>\n\t\t<\/section>\n\t\t\t\t<\/div>\n\t\t","protected":false},"excerpt":{"rendered":"<p>Un terrain de golf inclusif pour toute la famille Ces jeunes golfeurs et golfeuses perfectionnent leurs habilet\u00e9s sur le parcours familial de cinq trous. Le Club de golf Fraser d\u2019Edmundston se veut un endroit inclusif pour les amateurs de golf de tous les \u00e2ges et de tous les niveaux d\u2019habilet\u00e9. Ceci se refl\u00e8te avec son [&hellip;]<\/p>\n","protected":false},"author":7,"featured_media":0,"parent":0,"menu_order":6,"comment_status":"closed","ping_status":"closed","template":"","meta":{"site-sidebar-layout":"no-sidebar","site-content-layout":"page-builder","ast-site-content-layout":"default","site-content-style":"default","site-sidebar-style":"default","ast-global-header-display":"","ast-banner-title-visibility":"","ast-main-header-display":"","ast-hfb-above-header-display":"","ast-hfb-below-header-display":"","ast-hfb-mobile-header-display":"","site-post-title":"disabled","ast-breadcrumbs-content":"","ast-featured-img":"disabled","footer-sml-layout":"","ast-disable-related-posts":"","theme-transparent-header-meta":"default","adv-header-id-meta":"","stick-header-meta":"","header-above-stick-meta":"","header-main-stick-meta":"","header-below-stick-meta":"","astra-migrate-meta-layouts":"default","ast-page-background-enabled":"default","ast-page-background-meta":{"desktop":{"background-color":"var(--ast-global-color-4)","background-image":"","background-repeat":"repeat","background-position":"center center","background-size":"auto","background-attachment":"scroll","background-type":"","background-media":"","overlay-type":"","overlay-color":"","overlay-opacity":"","overlay-gradient":""},"tablet":{"background-color":"","background-image":"","background-repeat":"repeat","background-position":"center center","background-size":"auto","background-attachment":"scroll","background-type":"","background-media":"","overlay-type":"","overlay-color":"","overlay-opacity":"","overlay-gradient":""},"mobile":{"background-color":"","background-image":"","background-repeat":"repeat","background-position":"center center","background-size":"auto","background-attachment":"scroll","background-type":"","background-media":"","overlay-type":"","overlay-color":"","overlay-opacity":"","overlay-gradient":""}},"ast-content-background-meta":{"desktop":{"background-color":"var(--ast-global-color-5)","background-image":"","background-repeat":"repeat","background-position":"center center","background-size":"auto","background-attachment":"scroll","background-type":"","background-media":"","overlay-type":"","overlay-color":"","overlay-opacity":"","overlay-gradient":""},"tablet":{"background-color":"var(--ast-global-color-5)","background-image":"","background-repeat":"repeat","background-position":"center center","background-size":"auto","background-attachment":"scroll","background-type":"","background-media":"","overlay-type":"","overlay-color":"","overlay-opacity":"","overlay-gradient":""},"mobile":{"background-color":"var(--ast-global-color-5)","background-image":"","background-repeat":"repeat","background-position":"center center","background-size":"auto","background-attachment":"scroll","background-type":"","background-media":"","overlay-type":"","overlay-color":"","overlay-opacity":"","overlay-gradient":""}},"footnotes":""},"page-categories":[],"class_list":["post-7939","page","type-page","status-publish","hentry"],"_links":{"self":[{"href":"https:\/\/kiosque.acadienouvelle.com\/100e-club-golf-fraser-2026\/wp-json\/wp\/v2\/pages\/7939","targetHints":{"allow":["GET"]}}],"collection":[{"href":"https:\/\/kiosque.acadienouvelle.com\/100e-club-golf-fraser-2026\/wp-json\/wp\/v2\/pages"}],"about":[{"href":"https:\/\/kiosque.acadienouvelle.com\/100e-club-golf-fraser-2026\/wp-json\/wp\/v2\/types\/page"}],"author":[{"embeddable":true,"href":"https:\/\/kiosque.acadienouvelle.com\/100e-club-golf-fraser-2026\/wp-json\/wp\/v2\/users\/7"}],"replies":[{"embeddable":true,"href":"https:\/\/kiosque.acadienouvelle.com\/100e-club-golf-fraser-2026\/wp-json\/wp\/v2\/comments?post=7939"}],"version-history":[{"count":31,"href":"https:\/\/kiosque.acadienouvelle.com\/100e-club-golf-fraser-2026\/wp-json\/wp\/v2\/pages\/7939\/revisions"}],"predecessor-version":[{"id":7976,"href":"https:\/\/kiosque.acadienouvelle.com\/100e-club-golf-fraser-2026\/wp-json\/wp\/v2\/pages\/7939\/revisions\/7976"}],"wp:attachment":[{"href":"https:\/\/kiosque.acadienouvelle.com\/100e-club-golf-fraser-2026\/wp-json\/wp\/v2\/media?parent=7939"}],"wp:term":[{"taxonomy":"page-categories","embeddable":true,"href":"https:\/\/kiosque.acadienouvelle.com\/100e-club-golf-fraser-2026\/wp-json\/wp\/v2\/page-categories?post=7939"}],"curies":[{"name":"wp","href":"https:\/\/api.w.org\/{rel}","templated":true}]}}