{"id":8024,"date":"2026-04-29T16:34:47","date_gmt":"2026-04-29T16:34:47","guid":{"rendered":"https:\/\/kiosque.acadienouvelle.com\/100e-club-golf-fraser-2026\/quelques-anecdotes-historiques-fascinantes\/"},"modified":"2026-04-29T19:56:30","modified_gmt":"2026-04-29T19:56:30","slug":"quelques-anecdotes-historiques-fascinantes","status":"publish","type":"page","link":"https:\/\/kiosque.acadienouvelle.com\/100e-club-golf-fraser-2026\/quelques-anecdotes-historiques-fascinantes\/","title":{"rendered":"Quelques anecdotes historiques fascinantes"},"content":{"rendered":"\t\t<div data-elementor-type=\"wp-page\" data-elementor-id=\"8024\" class=\"elementor elementor-8024\" data-elementor-post-type=\"page\">\n\t\t\t\t\t\t<section class=\"elementor-section elementor-top-section elementor-element elementor-element-50c1b6e elementor-section-height-min-height header_title banner_img elementor-section-boxed elementor-section-height-default elementor-section-items-middle\" data-id=\"50c1b6e\" data-element_type=\"section\" data-e-type=\"section\" data-settings=\"{&quot;background_background&quot;:&quot;classic&quot;}\">\n\t\t\t\t\t\t\t<div class=\"elementor-background-overlay\"><\/div>\n\t\t\t\t\t\t\t<div class=\"elementor-container elementor-column-gap-default\">\n\t\t\t\t\t<div class=\"elementor-column elementor-col-100 elementor-top-column elementor-element elementor-element-3a2d241\" data-id=\"3a2d241\" data-element_type=\"column\" data-e-type=\"column\">\n\t\t\t<div class=\"elementor-widget-wrap elementor-element-populated\">\n\t\t\t\t\t\t<div class=\"elementor-element elementor-element-9673cd2 elementor-widget elementor-widget-heading\" data-id=\"9673cd2\" data-element_type=\"widget\" data-e-type=\"widget\" data-widget_type=\"heading.default\">\n\t\t\t\t<div class=\"elementor-widget-container\">\n\t\t\t\t\t<h2 class=\"elementor-heading-title elementor-size-default\">Quelques anecdotes historiques fascinantes<\/h2>\t\t\t\t<\/div>\n\t\t\t\t<\/div>\n\t\t\t\t\t<\/div>\n\t\t<\/div>\n\t\t\t\t\t<\/div>\n\t\t<\/section>\n\t\t\t\t<section class=\"elementor-section elementor-top-section elementor-element elementor-element-d9a853a elementor-section-boxed elementor-section-height-default elementor-section-height-default\" data-id=\"d9a853a\" data-element_type=\"section\" data-e-type=\"section\">\n\t\t\t\t\t\t<div class=\"elementor-container elementor-column-gap-default\">\n\t\t\t\t\t<div class=\"elementor-column elementor-col-100 elementor-top-column elementor-element elementor-element-68d9c5a page_contain\" data-id=\"68d9c5a\" data-element_type=\"column\" data-e-type=\"column\" data-settings=\"{&quot;background_background&quot;:&quot;classic&quot;}\">\n\t\t\t<div class=\"elementor-widget-wrap elementor-element-populated\">\n\t\t\t\t\t\t<div class=\"elementor-element elementor-element-50f1f9b elementor-widget elementor-widget-image\" data-id=\"50f1f9b\" data-element_type=\"widget\" data-e-type=\"widget\" data-widget_type=\"image.default\">\n\t\t\t\t<div class=\"elementor-widget-container\">\n\t\t\t\t\t\t\t\t\t\t\t\t<figure class=\"wp-caption\">\n\t\t\t\t\t\t\t\t\t\t<img fetchpriority=\"high\" decoding=\"async\" width=\"1251\" height=\"768\" src=\"https:\/\/kiosque.acadienouvelle.com\/100e-club-golf-fraser-2026\/wp-content\/uploads\/sites\/398\/2026\/04\/8-anecdote_landing.png\" class=\"attachment-full size-full wp-image-8058\" alt=\"\" srcset=\"https:\/\/kiosque.acadienouvelle.com\/100e-club-golf-fraser-2026\/wp-content\/uploads\/sites\/398\/2026\/04\/8-anecdote_landing.png 1251w, https:\/\/kiosque.acadienouvelle.com\/100e-club-golf-fraser-2026\/wp-content\/uploads\/sites\/398\/2026\/04\/8-anecdote_landing-300x184.png 300w, https:\/\/kiosque.acadienouvelle.com\/100e-club-golf-fraser-2026\/wp-content\/uploads\/sites\/398\/2026\/04\/8-anecdote_landing-1024x629.png 1024w, https:\/\/kiosque.acadienouvelle.com\/100e-club-golf-fraser-2026\/wp-content\/uploads\/sites\/398\/2026\/04\/8-anecdote_landing-768x471.png 768w\" sizes=\"(max-width: 1251px) 100vw, 1251px\" \/>\t\t\t\t\t\t\t\t\t\t\t<figcaption class=\"widget-image-caption wp-caption-text\">Le plan de l\u2019architecte Albert H. Murray<\/figcaption>\n\t\t\t\t\t\t\t\t\t\t<\/figure>\n\t\t\t\t\t\t\t\t\t<\/div>\n\t\t\t\t<\/div>\n\t\t<link rel=\"stylesheet\" href=\"https:\/\/use.fontawesome.com\/releases\/v5.5.0\/css\/all.css\" integrity=\"sha384-B4dIYHKNBt8Bc12p+WXckhzcICo0wtJAoU8YZTY5qE0Id1GSseTk6S+L3BlXeVIU\" crossorigin=\"anonymous\">\r\n\t\t<div class=\"elementor-element elementor-element-d0a0a3b mobile_pera elementor-widget elementor-widget-text-editor\" data-id=\"d0a0a3b\" data-element_type=\"widget\" data-e-type=\"widget\" data-widget_type=\"text-editor.default\">\n\t\t\t\t<div class=\"elementor-widget-container\">\n\t\t\t\t\t\t\t\t\t<p>Pour c\u00e9l\u00e9brer le 100e anniversaire du Club de golf d\u2019Edmundston, une s\u00e9rie de capsules historiques a \u00e9t\u00e9 pr\u00e9par\u00e9e par l\u2019\u00e9tudiant au doctorat en histoire Mathieu T. Martin pour faire ressortir quelques anecdotes et faits saillants. En voici quelques extraits :<\/p>\t\t\t\t\t\t\t\t<\/div>\n\t\t\t\t<\/div>\n\t\t\t\t<div class=\"elementor-element elementor-element-be10797 elementor-widget elementor-widget-advertisement\" data-id=\"be10797\" data-element_type=\"widget\" data-e-type=\"widget\" data-widget_type=\"advertisement.default\">\n\t\t\t\t<div class=\"elementor-widget-container\">\n\t\t\t\t\t<div class=\"ads-align-center\"><div style=\"min-width:300px\" data-m32-ad data-options='{\"sizes\":\"[[300,100]]\",\"dfpId\":\"21658289790,27729547\",\"dfpAdUnitPath\":\"acadienouvelle\/cahiers_onefifthpage_300x100\"}'><\/div><\/div>\t\t\t\t<\/div>\n\t\t\t\t<\/div>\n\t\t\t\t<div class=\"elementor-element elementor-element-ec86501 mobile_pera elementor-widget elementor-widget-text-editor\" data-id=\"ec86501\" data-element_type=\"widget\" data-e-type=\"widget\" data-widget_type=\"text-editor.default\">\n\t\t\t\t<div class=\"elementor-widget-container\">\n\t\t\t\t\t\t\t\t\t<p>Saviez-vous que le Club de golf d\u2019Edmundston aurait bien pu voir le jour \u00e0 un tout autre endroit\u2009? \u00c0 l\u2019origine, le terrain envisag\u00e9 appartenait \u00e0 Vital H\u00e9bert, tout pr\u00e8s de la gare du Canadian Pacific Railway. Finalement, en 1925, c\u2019est le terrain de Maxime H\u00e9bert, l\u00e0 o\u00f9 se trouve le club aujourd\u2019hui, qui a \u00e9t\u00e9 choisi. Ce choix s\u2019est av\u00e9r\u00e9 particuli\u00e8rement judicieux. Situ\u00e9 \u00e0 l\u2019ext\u00e9rieur de la ville \u00e0 l\u2019\u00e9poque, le site \u00e9tait entour\u00e9 de terres principalement agricoles, laissant place \u00e0 de belles possibilit\u00e9s d\u2019agrandissement. En prime, le terrain longeait la rivi\u00e8re et offrait un relief naturel plus cors\u00e9, id\u00e9al pour tracer un parcours de golf \u00e0 la fois stimulant et agr\u00e9able.<\/p>\t\t\t\t\t\t\t\t<\/div>\n\t\t\t\t<\/div>\n\t\t\t\t<div class=\"elementor-element elementor-element-d94de1a elementor-widget elementor-widget-advertisement\" data-id=\"d94de1a\" data-element_type=\"widget\" data-e-type=\"widget\" data-widget_type=\"advertisement.default\">\n\t\t\t\t<div class=\"elementor-widget-container\">\n\t\t\t\t\t<div class=\"ads-align-center\"><div style=\"min-width:300px\"  data-m32-ad data-options='{\"sizes\":\"[[300,100]]\",\"dfpId\":\"21658289790,27729547\",\"dfpAdUnitPath\":\"acadienouvelle\/cahiers_onefifthpage02_300x100\"}'><\/div><\/div>\t\t\t\t<\/div>\n\t\t\t\t<\/div>\n\t\t\t\t<div class=\"elementor-element elementor-element-0b6ad93 mobile_pera elementor-widget elementor-widget-text-editor\" data-id=\"0b6ad93\" data-element_type=\"widget\" data-e-type=\"widget\" data-widget_type=\"text-editor.default\">\n\t\t\t\t<div class=\"elementor-widget-container\">\n\t\t\t\t\t\t\t\t\t<p><b>Des trous invers\u00e9s<\/b><\/p>\t\t\t\t\t\t\t\t<\/div>\n\t\t\t\t<\/div>\n\t\t\t\t<div class=\"elementor-element elementor-element-f04c5bd mobile_pera elementor-widget elementor-widget-text-editor\" data-id=\"f04c5bd\" data-element_type=\"widget\" data-e-type=\"widget\" data-widget_type=\"text-editor.default\">\n\t\t\t\t<div class=\"elementor-widget-container\">\n\t\t\t\t\t\t\t\t\t<p>Fait int\u00e9ressant, les plans de l\u2019architecte Albert H. Murray pr\u00e9voyaient que les trous soient num\u00e9rot\u00e9s comme ils le sont aujourd\u2019hui. Cependant, puisque les trous 10 \u00e0 18 furent construits en premier, ils devinrent temporairement les trous 1 \u00e0 9. Ce n\u2019est qu\u2019en 1954 que les neuf trous d\u2019aller et de retour furent invers\u00e9s pour adopter la configuration que nous connaissons actuellement.<\/p>\t\t\t\t\t\t\t\t<\/div>\n\t\t\t\t<\/div>\n\t\t\t\t<div class=\"elementor-element elementor-element-93b288b mobile_pera elementor-widget elementor-widget-text-editor\" data-id=\"93b288b\" data-element_type=\"widget\" data-e-type=\"widget\" data-widget_type=\"text-editor.default\">\n\t\t\t\t<div class=\"elementor-widget-container\">\n\t\t\t\t\t\t\t\t\t<p><b>Une premi\u00e8re voiturette\u00a0<\/b><b style=\"font-style: inherit;\">en 1965<\/b><\/p>\t\t\t\t\t\t\t\t<\/div>\n\t\t\t\t<\/div>\n\t\t\t\t<div class=\"elementor-element elementor-element-3ef66b9 mobile_pera elementor-widget elementor-widget-text-editor\" data-id=\"3ef66b9\" data-element_type=\"widget\" data-e-type=\"widget\" data-widget_type=\"text-editor.default\">\n\t\t\t\t<div class=\"elementor-widget-container\">\n\t\t\t\t\t\t\t\t\t<p>C\u2019est en 1965 que le Club de golf voit appara\u00eetre sa premi\u00e8re voiturette motoris\u00e9e. Propri\u00e9t\u00e9 de Francis Mavor, cette voiturette \u00e0 trois roues intrigue et inqui\u00e8te le Conseil d\u2019administration, qui h\u00e9site longtemps \u00e0 autoriser son usage, le terrain n\u2019ayant pas \u00e9t\u00e9 con\u00e7u pour ce type de transport. Quelques ann\u00e9es plus tard, \u00e0 la fin des ann\u00e9es 1960, des chemins sont am\u00e9nag\u00e9s pour faciliter la circulation, et un b\u00e2timent est construit pour entreposer ces nouvelles voitures.<\/p>\t\t\t\t\t\t\t\t<\/div>\n\t\t\t\t<\/div>\n\t\t\t\t<div class=\"elementor-element elementor-element-74263c8 mobile_pera elementor-widget elementor-widget-text-editor\" data-id=\"74263c8\" data-element_type=\"widget\" data-e-type=\"widget\" data-widget_type=\"text-editor.default\">\n\t\t\t\t<div class=\"elementor-widget-container\">\n\t\t\t\t\t\t\t\t\t<p><img decoding=\"async\" class=\"size-full wp-image-8047 aligncenter\" src=\"https:\/\/kiosque.acadienouvelle.com\/100e-club-golf-fraser-2026\/wp-content\/uploads\/sites\/398\/2026\/04\/8-photo2.png\" alt=\"\" width=\"485\" height=\"382\" srcset=\"https:\/\/kiosque.acadienouvelle.com\/100e-club-golf-fraser-2026\/wp-content\/uploads\/sites\/398\/2026\/04\/8-photo2.png 485w, https:\/\/kiosque.acadienouvelle.com\/100e-club-golf-fraser-2026\/wp-content\/uploads\/sites\/398\/2026\/04\/8-photo2-300x236.png 300w\" sizes=\"(max-width: 485px) 100vw, 485px\" \/><\/p>\t\t\t\t\t\t\t\t<\/div>\n\t\t\t\t<\/div>\n\t\t\t\t<div class=\"elementor-element elementor-element-442652d mobile_pera elementor-widget elementor-widget-text-editor\" data-id=\"442652d\" data-element_type=\"widget\" data-e-type=\"widget\" data-widget_type=\"text-editor.default\">\n\t\t\t\t<div class=\"elementor-widget-container\">\n\t\t\t\t\t\t\t\t\t<p><b>Les soir\u00e9es mondaines au Club de golf<\/b><\/p>\t\t\t\t\t\t\t\t<\/div>\n\t\t\t\t<\/div>\n\t\t\t\t<div class=\"elementor-element elementor-element-0dd5ff5 mobile_pera elementor-widget elementor-widget-text-editor\" data-id=\"0dd5ff5\" data-element_type=\"widget\" data-e-type=\"widget\" data-widget_type=\"text-editor.default\">\n\t\t\t\t<div class=\"elementor-widget-container\">\n\t\t\t\t\t\t\t\t\t<p>D\u00e8s les premi\u00e8res ann\u00e9es du club, les membres se r\u00e9unissent lors de soir\u00e9es dansantes. En l\u2019absence d\u2019un chalet pouvant accueillir ce type d\u2019activit\u00e9s, ces rassemblements ont d\u2019abord lieu au Windsor H\u00f4tel, sur la rue Victoria \u00e0 Edmundston. Avec la construction d\u2019un nouveau chalet en 1937, le Club de golf devient rapidement un haut lieu de la vie mondaine locale. Des soir\u00e9es dansantes y sont alors organis\u00e9es tous les samedis soir, et ce jusque dans les ann\u00e9es 1960. Au-del\u00e0 de la danse, le club est \u00e9galement le th\u00e9\u00e2tre de nombreux \u00e9v\u00e9nements sociaux : banquets fastueux, soupers au homard et parties de cartes se prolongeant tard dans la nuit offrent aux membres de multiples occasions de se rencontrer et de socialiser.<\/p>\t\t\t\t\t\t\t\t<\/div>\n\t\t\t\t<\/div>\n\t\t\t\t<div class=\"elementor-element elementor-element-808d8d3 mobile_pera elementor-widget elementor-widget-text-editor\" data-id=\"808d8d3\" data-element_type=\"widget\" data-e-type=\"widget\" data-widget_type=\"text-editor.default\">\n\t\t\t\t<div class=\"elementor-widget-container\">\n\t\t\t\t\t\t\t\t\t<p><img decoding=\"async\" class=\"size-full wp-image-8051 aligncenter\" src=\"https:\/\/kiosque.acadienouvelle.com\/100e-club-golf-fraser-2026\/wp-content\/uploads\/sites\/398\/2026\/04\/8-photo3.png\" alt=\"\" width=\"485\" height=\"382\" srcset=\"https:\/\/kiosque.acadienouvelle.com\/100e-club-golf-fraser-2026\/wp-content\/uploads\/sites\/398\/2026\/04\/8-photo3.png 485w, https:\/\/kiosque.acadienouvelle.com\/100e-club-golf-fraser-2026\/wp-content\/uploads\/sites\/398\/2026\/04\/8-photo3-300x236.png 300w\" sizes=\"(max-width: 485px) 100vw, 485px\" \/><\/p>\t\t\t\t\t\t\t\t<\/div>\n\t\t\t\t<\/div>\n\t\t\t\t\t<\/div>\n\t\t<\/div>\n\t\t\t\t\t<\/div>\n\t\t<\/section>\n\t\t\t\t<\/div>\n\t\t","protected":false},"excerpt":{"rendered":"<p>Quelques anecdotes historiques fascinantes Le plan de l\u2019architecte Albert H. Murray Pour c\u00e9l\u00e9brer le 100e anniversaire du Club de golf d\u2019Edmundston, une s\u00e9rie de capsules historiques a \u00e9t\u00e9 pr\u00e9par\u00e9e par l\u2019\u00e9tudiant au doctorat en histoire Mathieu T. Martin pour faire ressortir quelques anecdotes et faits saillants. En voici quelques extraits : Saviez-vous que le Club [&hellip;]<\/p>\n","protected":false},"author":7,"featured_media":0,"parent":0,"menu_order":8,"comment_status":"closed","ping_status":"closed","template":"","meta":{"site-sidebar-layout":"no-sidebar","site-content-layout":"page-builder","ast-site-content-layout":"default","site-content-style":"default","site-sidebar-style":"default","ast-global-header-display":"","ast-banner-title-visibility":"","ast-main-header-display":"","ast-hfb-above-header-display":"","ast-hfb-below-header-display":"","ast-hfb-mobile-header-display":"","site-post-title":"disabled","ast-breadcrumbs-content":"","ast-featured-img":"disabled","footer-sml-layout":"","ast-disable-related-posts":"","theme-transparent-header-meta":"default","adv-header-id-meta":"","stick-header-meta":"","header-above-stick-meta":"","header-main-stick-meta":"","header-below-stick-meta":"","astra-migrate-meta-layouts":"default","ast-page-background-enabled":"default","ast-page-background-meta":{"desktop":{"background-color":"var(--ast-global-color-4)","background-image":"","background-repeat":"repeat","background-position":"center center","background-size":"auto","background-attachment":"scroll","background-type":"","background-media":"","overlay-type":"","overlay-color":"","overlay-opacity":"","overlay-gradient":""},"tablet":{"background-color":"","background-image":"","background-repeat":"repeat","background-position":"center center","background-size":"auto","background-attachment":"scroll","background-type":"","background-media":"","overlay-type":"","overlay-color":"","overlay-opacity":"","overlay-gradient":""},"mobile":{"background-color":"","background-image":"","background-repeat":"repeat","background-position":"center center","background-size":"auto","background-attachment":"scroll","background-type":"","background-media":"","overlay-type":"","overlay-color":"","overlay-opacity":"","overlay-gradient":""}},"ast-content-background-meta":{"desktop":{"background-color":"var(--ast-global-color-5)","background-image":"","background-repeat":"repeat","background-position":"center center","background-size":"auto","background-attachment":"scroll","background-type":"","background-media":"","overlay-type":"","overlay-color":"","overlay-opacity":"","overlay-gradient":""},"tablet":{"background-color":"var(--ast-global-color-5)","background-image":"","background-repeat":"repeat","background-position":"center center","background-size":"auto","background-attachment":"scroll","background-type":"","background-media":"","overlay-type":"","overlay-color":"","overlay-opacity":"","overlay-gradient":""},"mobile":{"background-color":"var(--ast-global-color-5)","background-image":"","background-repeat":"repeat","background-position":"center center","background-size":"auto","background-attachment":"scroll","background-type":"","background-media":"","overlay-type":"","overlay-color":"","overlay-opacity":"","overlay-gradient":""}},"footnotes":""},"page-categories":[],"class_list":["post-8024","page","type-page","status-publish","hentry"],"_links":{"self":[{"href":"https:\/\/kiosque.acadienouvelle.com\/100e-club-golf-fraser-2026\/wp-json\/wp\/v2\/pages\/8024","targetHints":{"allow":["GET"]}}],"collection":[{"href":"https:\/\/kiosque.acadienouvelle.com\/100e-club-golf-fraser-2026\/wp-json\/wp\/v2\/pages"}],"about":[{"href":"https:\/\/kiosque.acadienouvelle.com\/100e-club-golf-fraser-2026\/wp-json\/wp\/v2\/types\/page"}],"author":[{"embeddable":true,"href":"https:\/\/kiosque.acadienouvelle.com\/100e-club-golf-fraser-2026\/wp-json\/wp\/v2\/users\/7"}],"replies":[{"embeddable":true,"href":"https:\/\/kiosque.acadienouvelle.com\/100e-club-golf-fraser-2026\/wp-json\/wp\/v2\/comments?post=8024"}],"version-history":[{"count":46,"href":"https:\/\/kiosque.acadienouvelle.com\/100e-club-golf-fraser-2026\/wp-json\/wp\/v2\/pages\/8024\/revisions"}],"predecessor-version":[{"id":8089,"href":"https:\/\/kiosque.acadienouvelle.com\/100e-club-golf-fraser-2026\/wp-json\/wp\/v2\/pages\/8024\/revisions\/8089"}],"wp:attachment":[{"href":"https:\/\/kiosque.acadienouvelle.com\/100e-club-golf-fraser-2026\/wp-json\/wp\/v2\/media?parent=8024"}],"wp:term":[{"taxonomy":"page-categories","embeddable":true,"href":"https:\/\/kiosque.acadienouvelle.com\/100e-club-golf-fraser-2026\/wp-json\/wp\/v2\/page-categories?post=8024"}],"curies":[{"name":"wp","href":"https:\/\/api.w.org\/{rel}","templated":true}]}}