{"id":7772,"date":"2026-01-14T18:24:47","date_gmt":"2026-01-14T18:24:47","guid":{"rendered":"https:\/\/kiosque.acadienouvelle.com\/50e-villa-des-jardins-2026\/50-ans-au-service-de-sa-communaut\/"},"modified":"2026-01-14T19:21:57","modified_gmt":"2026-01-14T19:21:57","slug":"50-ans-au-service-de-sa-communaut","status":"publish","type":"page","link":"https:\/\/kiosque.acadienouvelle.com\/50e-villa-des-jardins-2026\/50-ans-au-service-de-sa-communaut\/","title":{"rendered":"50 ans au service de sa communaut\u00e9"},"content":{"rendered":"\t\t<div data-elementor-type=\"wp-page\" data-elementor-id=\"7772\" class=\"elementor elementor-7772\" data-elementor-post-type=\"page\">\n\t\t\t\t\t\t<section class=\"elementor-section elementor-top-section elementor-element elementor-element-50c1b6e elementor-section-height-min-height header_title banner_img elementor-section-boxed elementor-section-height-default elementor-section-items-middle\" data-id=\"50c1b6e\" data-element_type=\"section\" data-e-type=\"section\" data-settings=\"{&quot;background_background&quot;:&quot;classic&quot;}\">\n\t\t\t\t\t\t\t<div class=\"elementor-background-overlay\"><\/div>\n\t\t\t\t\t\t\t<div class=\"elementor-container elementor-column-gap-default\">\n\t\t\t\t\t<div class=\"elementor-column elementor-col-100 elementor-top-column elementor-element elementor-element-3a2d241\" data-id=\"3a2d241\" data-element_type=\"column\" data-e-type=\"column\">\n\t\t\t<div class=\"elementor-widget-wrap elementor-element-populated\">\n\t\t\t\t\t\t<div class=\"elementor-element elementor-element-9673cd2 elementor-widget elementor-widget-heading\" data-id=\"9673cd2\" data-element_type=\"widget\" data-e-type=\"widget\" data-widget_type=\"heading.default\">\n\t\t\t\t<div class=\"elementor-widget-container\">\n\t\t\t\t\t<h2 class=\"elementor-heading-title elementor-size-default\">50 ans au service de sa communaut\u00e9<\/h2>\t\t\t\t<\/div>\n\t\t\t\t<\/div>\n\t\t\t\t\t<\/div>\n\t\t<\/div>\n\t\t\t\t\t<\/div>\n\t\t<\/section>\n\t\t\t\t<section class=\"elementor-section elementor-top-section elementor-element elementor-element-d9a853a elementor-section-boxed elementor-section-height-default elementor-section-height-default\" data-id=\"d9a853a\" data-element_type=\"section\" data-e-type=\"section\">\n\t\t\t\t\t\t<div class=\"elementor-container elementor-column-gap-default\">\n\t\t\t\t\t<div class=\"elementor-column elementor-col-100 elementor-top-column elementor-element elementor-element-68d9c5a page_contain\" data-id=\"68d9c5a\" data-element_type=\"column\" data-e-type=\"column\" data-settings=\"{&quot;background_background&quot;:&quot;classic&quot;}\">\n\t\t\t<div class=\"elementor-widget-wrap elementor-element-populated\">\n\t\t\t\t\t\t<div class=\"elementor-element elementor-element-50f1f9b elementor-widget elementor-widget-image\" data-id=\"50f1f9b\" data-element_type=\"widget\" data-e-type=\"widget\" data-widget_type=\"image.default\">\n\t\t\t\t<div class=\"elementor-widget-container\">\n\t\t\t\t\t\t\t\t\t\t\t\t<figure class=\"wp-caption\">\n\t\t\t\t\t\t\t\t\t\t<img fetchpriority=\"high\" decoding=\"async\" width=\"1366\" height=\"768\" src=\"https:\/\/kiosque.acadienouvelle.com\/50e-villa-des-jardins-2026\/wp-content\/uploads\/sites\/376\/2026\/01\/2-50_ans_au_service_landing.jpg\" class=\"attachment-full size-full wp-image-7777\" alt=\"\" srcset=\"https:\/\/kiosque.acadienouvelle.com\/50e-villa-des-jardins-2026\/wp-content\/uploads\/sites\/376\/2026\/01\/2-50_ans_au_service_landing.jpg 1366w, https:\/\/kiosque.acadienouvelle.com\/50e-villa-des-jardins-2026\/wp-content\/uploads\/sites\/376\/2026\/01\/2-50_ans_au_service_landing-300x169.jpg 300w, https:\/\/kiosque.acadienouvelle.com\/50e-villa-des-jardins-2026\/wp-content\/uploads\/sites\/376\/2026\/01\/2-50_ans_au_service_landing-1024x576.jpg 1024w, https:\/\/kiosque.acadienouvelle.com\/50e-villa-des-jardins-2026\/wp-content\/uploads\/sites\/376\/2026\/01\/2-50_ans_au_service_landing-768x432.jpg 768w\" sizes=\"(max-width: 1366px) 100vw, 1366px\" \/>\t\t\t\t\t\t\t\t\t\t\t<figcaption class=\"widget-image-caption wp-caption-text\">Le conseil d\u2019administration de la Villa des Jardins est form\u00e9 de gens d\u00e9vou\u00e9s de la communaut\u00e9.<\/figcaption>\n\t\t\t\t\t\t\t\t\t\t<\/figure>\n\t\t\t\t\t\t\t\t\t<\/div>\n\t\t\t\t<\/div>\n\t\t<link rel=\"stylesheet\" href=\"https:\/\/use.fontawesome.com\/releases\/v5.5.0\/css\/all.css\" integrity=\"sha384-B4dIYHKNBt8Bc12p+WXckhzcICo0wtJAoU8YZTY5qE0Id1GSseTk6S+L3BlXeVIU\" crossorigin=\"anonymous\">\r\n\t\t<div class=\"elementor-element elementor-element-d0a0a3b mobile_pera elementor-widget elementor-widget-text-editor\" data-id=\"d0a0a3b\" data-element_type=\"widget\" data-e-type=\"widget\" data-widget_type=\"text-editor.default\">\n\t\t\t\t<div class=\"elementor-widget-container\">\n\t\t\t\t\t\t\t\t\t<p>Depuis maintenant 50 ans, la Villa des Jardins est un pilier de la communaut\u00e9 d\u2019Edmundston et sa r\u00e9putation n\u2019est plus \u00e0 faire. Cet organisme \u00e0 but non lucratif offre des services d\u2019h\u00e9bergement pour des personnes en perte d\u2019autonomie (niveau 3G) et des logements pour les personnes autonomes ou en l\u00e9g\u00e8re perte d\u2019autonomie.<\/p>\t\t\t\t\t\t\t\t<\/div>\n\t\t\t\t<\/div>\n\t\t\t\t<div class=\"elementor-element elementor-element-da75a0e elementor-widget elementor-widget-advertisement\" data-id=\"da75a0e\" data-element_type=\"widget\" data-e-type=\"widget\" data-widget_type=\"advertisement.default\">\n\t\t\t\t<div class=\"elementor-widget-container\">\n\t\t\t\t\t<div class=\"ads-align-center\"><div data-m32-ad data-options='{\"sizes\":\"[[300,100]]\",\"dfpId\":\"21658289790,27729547\",\"dfpAdUnitPath\":\"acadienouvelle\/cahiers_onefifthpage_300x100\"}'><\/div><\/div>\t\t\t\t<\/div>\n\t\t\t\t<\/div>\n\t\t\t\t<div class=\"elementor-element elementor-element-41cdcb7 mobile_pera elementor-widget elementor-widget-text-editor\" data-id=\"41cdcb7\" data-element_type=\"widget\" data-e-type=\"widget\" data-widget_type=\"text-editor.default\">\n\t\t\t\t<div class=\"elementor-widget-container\">\n\t\t\t\t\t\t\t\t\t<p>\u00ab Nous avons toujours essay\u00e9 de cr\u00e9er un environnement o\u00f9 les gens se sentent chez eux \u00bb, affirme d\u2019embl\u00e9e l\u2019actuelle directrice g\u00e9n\u00e9rale de l\u2019\u00e9tablissement, Chantal Paillard. Son \u00e9quipe s\u2019efforce donc de cr\u00e9er un environnement chaleureux et accueillant pour toutes les personnes r\u00e9sidentes qui y sont chez elles. La Villa fournit des services appr\u00e9ci\u00e9s par les gens de la communaut\u00e9 qui peuvent demeurer pr\u00e8s de leur famille.<\/p>\t\t\t\t\t\t\t\t<\/div>\n\t\t\t\t<\/div>\n\t\t\t\t<div class=\"elementor-element elementor-element-74263c8 mobile_pera elementor-widget elementor-widget-text-editor\" data-id=\"74263c8\" data-element_type=\"widget\" data-e-type=\"widget\" data-widget_type=\"text-editor.default\">\n\t\t\t\t<div class=\"elementor-widget-container\">\n\t\t\t\t\t\t\t\t\t<p>Ce souci pour un milieu de vie \u00e9panouissant remonte \u00e0 la fondation m\u00eame de la Villa des Jardins en 1974 par un groupe de personnes retrait\u00e9es du Canadien National. Ces gens \u00e9taient repr\u00e9sent\u00e9s par Antoine Desjardins et, au d\u00e9but, l\u2019\u00e9difice \u00e9tait nomm\u00e9 la Villa Desjardins en son honneur, pour ensuite prendre la graphie d\u2019aujourd\u2019hui de la Villa des Jardins. Mme Paillard confie que peu de d\u00e9tails sur cette \u00e9poque sont connus, sauf la possibilit\u00e9 que le terrain ait \u00e9t\u00e9 offert \u00e0 ce groupe par une congr\u00e9gation religieuse.<\/p>\t\t\t\t\t\t\t\t<\/div>\n\t\t\t\t<\/div>\n\t\t\t\t<div class=\"elementor-element elementor-element-0b6ad93 mobile_pera elementor-widget elementor-widget-text-editor\" data-id=\"0b6ad93\" data-element_type=\"widget\" data-e-type=\"widget\" data-widget_type=\"text-editor.default\">\n\t\t\t\t<div class=\"elementor-widget-container\">\n\t\t\t\t\t\t\t\t\t<p><b>Une c\u00e9l\u00e9bration estivale<\/b><\/p>\t\t\t\t\t\t\t\t<\/div>\n\t\t\t\t<\/div>\n\t\t\t\t<div class=\"elementor-element elementor-element-f4c33cd mobile_pera elementor-widget elementor-widget-text-editor\" data-id=\"f4c33cd\" data-element_type=\"widget\" data-e-type=\"widget\" data-widget_type=\"text-editor.default\">\n\t\t\t\t<div class=\"elementor-widget-container\">\n\t\t\t\t\t\t\t\t\t<p>Ce 50e anniversaire a \u00e9t\u00e9 soulign\u00e9 en douceur le 21 ao\u00fbt dernier afin de profiter de la chaleur de l\u2019\u00e9t\u00e9. Quelques dignitaires de la r\u00e9gion ont \u00e9t\u00e9 convi\u00e9s \u00e0 la c\u00e9l\u00e9bration, qui comprenait de la musique, du vin et du g\u00e2teau pour les personnes r\u00e9sidentes. Les membres du conseil d\u2019administration \u00e9taient \u00e9galement sur place et des prix de reconnaissance ont \u00e9t\u00e9 remis au personnel.<\/p>\t\t\t\t\t\t\t\t<\/div>\n\t\t\t\t<\/div>\n\t\t\t\t<div class=\"elementor-element elementor-element-166374c mobile_pera elementor-widget elementor-widget-text-editor\" data-id=\"166374c\" data-element_type=\"widget\" data-e-type=\"widget\" data-widget_type=\"text-editor.default\">\n\t\t\t\t<div class=\"elementor-widget-container\">\n\t\t\t\t\t\t\t\t\t<p><img decoding=\"async\" class=\"size-full wp-image-7793 aligncenter\" src=\"https:\/\/kiosque.acadienouvelle.com\/50e-villa-des-jardins-2026\/wp-content\/uploads\/sites\/376\/2026\/01\/2-50_ans_au_service_photo.jpg\" alt=\"\" width=\"485\" height=\"382\" srcset=\"https:\/\/kiosque.acadienouvelle.com\/50e-villa-des-jardins-2026\/wp-content\/uploads\/sites\/376\/2026\/01\/2-50_ans_au_service_photo.jpg 485w, https:\/\/kiosque.acadienouvelle.com\/50e-villa-des-jardins-2026\/wp-content\/uploads\/sites\/376\/2026\/01\/2-50_ans_au_service_photo-300x236.jpg 300w\" sizes=\"(max-width: 485px) 100vw, 485px\" \/><\/p>\t\t\t\t\t\t\t\t<\/div>\n\t\t\t\t<\/div>\n\t\t\t\t<div class=\"elementor-element elementor-element-22b9d4b mobile_pera elementor-widget elementor-widget-text-editor\" data-id=\"22b9d4b\" data-element_type=\"widget\" data-e-type=\"widget\" data-widget_type=\"text-editor.default\">\n\t\t\t\t<div class=\"elementor-widget-container\">\n\t\t\t\t\t\t\t\t\t<p><span style=\"text-align: center;\">Chantal Paillard<\/span><\/p>\t\t\t\t\t\t\t\t<\/div>\n\t\t\t\t<\/div>\n\t\t\t\t\t<\/div>\n\t\t<\/div>\n\t\t\t\t\t<\/div>\n\t\t<\/section>\n\t\t\t\t<\/div>\n\t\t","protected":false},"excerpt":{"rendered":"<p>50 ans au service de sa communaut\u00e9 Le conseil d\u2019administration de la Villa des Jardins est form\u00e9 de gens d\u00e9vou\u00e9s de la communaut\u00e9. Depuis maintenant 50 ans, la Villa des Jardins est un pilier de la communaut\u00e9 d\u2019Edmundston et sa r\u00e9putation n\u2019est plus \u00e0 faire. Cet organisme \u00e0 but non lucratif offre des services d\u2019h\u00e9bergement [&hellip;]<\/p>\n","protected":false},"author":7,"featured_media":0,"parent":0,"menu_order":2,"comment_status":"closed","ping_status":"closed","template":"","meta":{"site-sidebar-layout":"no-sidebar","site-content-layout":"page-builder","ast-site-content-layout":"default","site-content-style":"default","site-sidebar-style":"default","ast-global-header-display":"","ast-banner-title-visibility":"","ast-main-header-display":"","ast-hfb-above-header-display":"","ast-hfb-below-header-display":"","ast-hfb-mobile-header-display":"","site-post-title":"disabled","ast-breadcrumbs-content":"","ast-featured-img":"disabled","footer-sml-layout":"","ast-disable-related-posts":"","theme-transparent-header-meta":"default","adv-header-id-meta":"","stick-header-meta":"","header-above-stick-meta":"","header-main-stick-meta":"","header-below-stick-meta":"","astra-migrate-meta-layouts":"default","ast-page-background-enabled":"default","ast-page-background-meta":{"desktop":{"background-color":"var(--ast-global-color-4)","background-image":"","background-repeat":"repeat","background-position":"center center","background-size":"auto","background-attachment":"scroll","background-type":"","background-media":"","overlay-type":"","overlay-color":"","overlay-opacity":"","overlay-gradient":""},"tablet":{"background-color":"","background-image":"","background-repeat":"repeat","background-position":"center center","background-size":"auto","background-attachment":"scroll","background-type":"","background-media":"","overlay-type":"","overlay-color":"","overlay-opacity":"","overlay-gradient":""},"mobile":{"background-color":"","background-image":"","background-repeat":"repeat","background-position":"center center","background-size":"auto","background-attachment":"scroll","background-type":"","background-media":"","overlay-type":"","overlay-color":"","overlay-opacity":"","overlay-gradient":""}},"ast-content-background-meta":{"desktop":{"background-color":"var(--ast-global-color-5)","background-image":"","background-repeat":"repeat","background-position":"center center","background-size":"auto","background-attachment":"scroll","background-type":"","background-media":"","overlay-type":"","overlay-color":"","overlay-opacity":"","overlay-gradient":""},"tablet":{"background-color":"var(--ast-global-color-5)","background-image":"","background-repeat":"repeat","background-position":"center center","background-size":"auto","background-attachment":"scroll","background-type":"","background-media":"","overlay-type":"","overlay-color":"","overlay-opacity":"","overlay-gradient":""},"mobile":{"background-color":"var(--ast-global-color-5)","background-image":"","background-repeat":"repeat","background-position":"center center","background-size":"auto","background-attachment":"scroll","background-type":"","background-media":"","overlay-type":"","overlay-color":"","overlay-opacity":"","overlay-gradient":""}},"footnotes":""},"page-categories":[],"class_list":["post-7772","page","type-page","status-publish","hentry"],"_links":{"self":[{"href":"https:\/\/kiosque.acadienouvelle.com\/50e-villa-des-jardins-2026\/wp-json\/wp\/v2\/pages\/7772","targetHints":{"allow":["GET"]}}],"collection":[{"href":"https:\/\/kiosque.acadienouvelle.com\/50e-villa-des-jardins-2026\/wp-json\/wp\/v2\/pages"}],"about":[{"href":"https:\/\/kiosque.acadienouvelle.com\/50e-villa-des-jardins-2026\/wp-json\/wp\/v2\/types\/page"}],"author":[{"embeddable":true,"href":"https:\/\/kiosque.acadienouvelle.com\/50e-villa-des-jardins-2026\/wp-json\/wp\/v2\/users\/7"}],"replies":[{"embeddable":true,"href":"https:\/\/kiosque.acadienouvelle.com\/50e-villa-des-jardins-2026\/wp-json\/wp\/v2\/comments?post=7772"}],"version-history":[{"count":28,"href":"https:\/\/kiosque.acadienouvelle.com\/50e-villa-des-jardins-2026\/wp-json\/wp\/v2\/pages\/7772\/revisions"}],"predecessor-version":[{"id":7913,"href":"https:\/\/kiosque.acadienouvelle.com\/50e-villa-des-jardins-2026\/wp-json\/wp\/v2\/pages\/7772\/revisions\/7913"}],"wp:attachment":[{"href":"https:\/\/kiosque.acadienouvelle.com\/50e-villa-des-jardins-2026\/wp-json\/wp\/v2\/media?parent=7772"}],"wp:term":[{"taxonomy":"page-categories","embeddable":true,"href":"https:\/\/kiosque.acadienouvelle.com\/50e-villa-des-jardins-2026\/wp-json\/wp\/v2\/page-categories?post=7772"}],"curies":[{"name":"wp","href":"https:\/\/api.w.org\/{rel}","templated":true}]}}