{"id":7800,"date":"2026-01-14T18:38:39","date_gmt":"2026-01-14T18:38:39","guid":{"rendered":"https:\/\/kiosque.acadienouvelle.com\/50e-villa-des-jardins-2026\/survol-des-installations\/"},"modified":"2026-01-14T20:15:52","modified_gmt":"2026-01-14T20:15:52","slug":"survol-des-installations","status":"publish","type":"page","link":"https:\/\/kiosque.acadienouvelle.com\/50e-villa-des-jardins-2026\/survol-des-installations\/","title":{"rendered":"Survol des installations"},"content":{"rendered":"\t\t<div data-elementor-type=\"wp-page\" data-elementor-id=\"7800\" class=\"elementor elementor-7800\" data-elementor-post-type=\"page\">\n\t\t\t\t\t\t<section class=\"elementor-section elementor-top-section elementor-element elementor-element-50c1b6e elementor-section-height-min-height header_title banner_img elementor-section-boxed elementor-section-height-default elementor-section-items-middle\" data-id=\"50c1b6e\" data-element_type=\"section\" data-e-type=\"section\" data-settings=\"{&quot;background_background&quot;:&quot;classic&quot;}\">\n\t\t\t\t\t\t\t<div class=\"elementor-background-overlay\"><\/div>\n\t\t\t\t\t\t\t<div class=\"elementor-container elementor-column-gap-default\">\n\t\t\t\t\t<div class=\"elementor-column elementor-col-100 elementor-top-column elementor-element elementor-element-3a2d241\" data-id=\"3a2d241\" data-element_type=\"column\" data-e-type=\"column\">\n\t\t\t<div class=\"elementor-widget-wrap elementor-element-populated\">\n\t\t\t\t\t\t<div class=\"elementor-element elementor-element-9673cd2 elementor-widget elementor-widget-heading\" data-id=\"9673cd2\" data-element_type=\"widget\" data-e-type=\"widget\" data-widget_type=\"heading.default\">\n\t\t\t\t<div class=\"elementor-widget-container\">\n\t\t\t\t\t<h2 class=\"elementor-heading-title elementor-size-default\">Survol des installations<\/h2>\t\t\t\t<\/div>\n\t\t\t\t<\/div>\n\t\t\t\t\t<\/div>\n\t\t<\/div>\n\t\t\t\t\t<\/div>\n\t\t<\/section>\n\t\t\t\t<section class=\"elementor-section elementor-top-section elementor-element elementor-element-d9a853a elementor-section-boxed elementor-section-height-default elementor-section-height-default\" data-id=\"d9a853a\" data-element_type=\"section\" data-e-type=\"section\">\n\t\t\t\t\t\t<div class=\"elementor-container elementor-column-gap-default\">\n\t\t\t\t\t<div class=\"elementor-column elementor-col-100 elementor-top-column elementor-element elementor-element-68d9c5a page_contain\" data-id=\"68d9c5a\" data-element_type=\"column\" data-e-type=\"column\" data-settings=\"{&quot;background_background&quot;:&quot;classic&quot;}\">\n\t\t\t<div class=\"elementor-widget-wrap elementor-element-populated\">\n\t\t\t\t\t\t<div class=\"elementor-element elementor-element-50f1f9b elementor-widget elementor-widget-image\" data-id=\"50f1f9b\" data-element_type=\"widget\" data-e-type=\"widget\" data-widget_type=\"image.default\">\n\t\t\t\t<div class=\"elementor-widget-container\">\n\t\t\t\t\t\t\t\t\t\t\t\t<figure class=\"wp-caption\">\n\t\t\t\t\t\t\t\t\t\t<img fetchpriority=\"high\" decoding=\"async\" width=\"1366\" height=\"768\" src=\"https:\/\/kiosque.acadienouvelle.com\/50e-villa-des-jardins-2026\/wp-content\/uploads\/sites\/376\/2026\/01\/3-survol_des-installations_landing.jpg\" class=\"attachment-full size-full wp-image-7802\" alt=\"\" srcset=\"https:\/\/kiosque.acadienouvelle.com\/50e-villa-des-jardins-2026\/wp-content\/uploads\/sites\/376\/2026\/01\/3-survol_des-installations_landing.jpg 1366w, https:\/\/kiosque.acadienouvelle.com\/50e-villa-des-jardins-2026\/wp-content\/uploads\/sites\/376\/2026\/01\/3-survol_des-installations_landing-300x169.jpg 300w, https:\/\/kiosque.acadienouvelle.com\/50e-villa-des-jardins-2026\/wp-content\/uploads\/sites\/376\/2026\/01\/3-survol_des-installations_landing-1024x576.jpg 1024w, https:\/\/kiosque.acadienouvelle.com\/50e-villa-des-jardins-2026\/wp-content\/uploads\/sites\/376\/2026\/01\/3-survol_des-installations_landing-768x432.jpg 768w\" sizes=\"(max-width: 1366px) 100vw, 1366px\" \/>\t\t\t\t\t\t\t\t\t\t\t<figcaption class=\"widget-image-caption wp-caption-text\">Certains h\u00e9bergements comprennent une petite cuisine.<\/figcaption>\n\t\t\t\t\t\t\t\t\t\t<\/figure>\n\t\t\t\t\t\t\t\t\t<\/div>\n\t\t\t\t<\/div>\n\t\t<link rel=\"stylesheet\" href=\"https:\/\/use.fontawesome.com\/releases\/v5.5.0\/css\/all.css\" integrity=\"sha384-B4dIYHKNBt8Bc12p+WXckhzcICo0wtJAoU8YZTY5qE0Id1GSseTk6S+L3BlXeVIU\" crossorigin=\"anonymous\">\r\n\t\t<div class=\"elementor-element elementor-element-d0a0a3b mobile_pera elementor-widget elementor-widget-text-editor\" data-id=\"d0a0a3b\" data-element_type=\"widget\" data-e-type=\"widget\" data-widget_type=\"text-editor.default\">\n\t\t\t\t<div class=\"elementor-widget-container\">\n\t\t\t\t\t\t\t\t\t<p>Situ\u00e9e sur la rue Queen \u00e0 Edmundston, la Villa des Jardins est \u00e0 un jet de pierre du fleuve Saint-Jean et surtout, \u00e0 proximit\u00e9 des commodit\u00e9s et attractions de la ville.<\/p>\t\t\t\t\t\t\t\t<\/div>\n\t\t\t\t<\/div>\n\t\t\t\t<div class=\"elementor-element elementor-element-f2a0ae5 mobile_pera elementor-widget elementor-widget-text-editor\" data-id=\"f2a0ae5\" data-element_type=\"widget\" data-e-type=\"widget\" data-widget_type=\"text-editor.default\">\n\t\t\t\t<div class=\"elementor-widget-container\">\n\t\t\t\t\t\t\t\t\t<p>Elle comprend 66 chambres r\u00e9parties en diff\u00e9rents mod\u00e8les pour des logements spacieux et confortables con\u00e7us pour r\u00e9pondre aux besoins des personnes ain\u00e9es. Ainsi, on y retrouve des chambres pour une personne, des suites pour une ou deux personnes et des appartements de style \u00ab bachelor \u00bb avec balcon et cuisinette. La Villa offre en plus des logements 1 \u00bd et 2 \u00bd qui comprennent eux aussi un balcon et une cuisinette. <\/p>\t\t\t\t\t\t\t\t<\/div>\n\t\t\t\t<\/div>\n\t\t\t\t<div class=\"elementor-element elementor-element-5072862 mobile_pera elementor-widget elementor-widget-text-editor\" data-id=\"5072862\" data-element_type=\"widget\" data-e-type=\"widget\" data-widget_type=\"text-editor.default\">\n\t\t\t\t<div class=\"elementor-widget-container\">\n\t\t\t\t\t\t\t\t\t<p>Les personnes qui r\u00e9sident dans les chambres pour une personne et les suites ont acc\u00e8s aux services de repas et de collation, en plus de l\u2019entretien m\u00e9nager quotidien. Ces services sont \u00e9galement disponibles sur demande aux r\u00e9sidentes et r\u00e9sidents des autres types de logements, tout comme un espace de stationnement et l\u2019air conditionn\u00e9. Tous les h\u00e9bergements comprennent l\u2019internet, la t\u00e9l\u00e9vision, le t\u00e9l\u00e9phone, le chauffage et l\u2019\u00e9clairage.<\/p>\t\t\t\t\t\t\t\t<\/div>\n\t\t\t\t<\/div>\n\t\t\t\t<div class=\"elementor-element elementor-element-0b6ad93 mobile_pera elementor-widget elementor-widget-text-editor\" data-id=\"0b6ad93\" data-element_type=\"widget\" data-e-type=\"widget\" data-widget_type=\"text-editor.default\">\n\t\t\t\t<div class=\"elementor-widget-container\">\n\t\t\t\t\t\t\t\t\t<p><b>Aires communes<\/b><\/p>\t\t\t\t\t\t\t\t<\/div>\n\t\t\t\t<\/div>\n\t\t\t\t<div class=\"elementor-element elementor-element-74263c8 mobile_pera elementor-widget elementor-widget-text-editor\" data-id=\"74263c8\" data-element_type=\"widget\" data-e-type=\"widget\" data-widget_type=\"text-editor.default\">\n\t\t\t\t<div class=\"elementor-widget-container\">\n\t\t\t\t\t\t\t\t\t<p>Les r\u00e9sidentes et r\u00e9sidents convergent souvent dans les aires communes pour piquer une jasette dans le salon ou pour jouer une partie de cartes. On y retrouve \u00e9galement une salle de gymnase, une salle \u00e0 manger, un solarium et un patio, des balan\u00e7oires, des balcons et une biblioth\u00e8que. Les gens ont acc\u00e8s \u00e0 des services de coiffure, des soins de pieds, une salle de lavage et une chapelle, sans oublier les espaces ext\u00e9rieurs avec bacs de jardinage, un stationnement, un grand perron avant et des jardins.<\/p>\t\t\t\t\t\t\t\t<\/div>\n\t\t\t\t<\/div>\n\t\t\t\t<div class=\"elementor-element elementor-element-0ce3a8c mobile_pera elementor-widget elementor-widget-text-editor\" data-id=\"0ce3a8c\" data-element_type=\"widget\" data-e-type=\"widget\" data-widget_type=\"text-editor.default\">\n\t\t\t\t<div class=\"elementor-widget-container\">\n\t\t\t\t\t\t\t\t\t<p><b>Aile 3G<\/b><\/p>\t\t\t\t\t\t\t\t<\/div>\n\t\t\t\t<\/div>\n\t\t\t\t<div class=\"elementor-element elementor-element-67f12e0 mobile_pera elementor-widget elementor-widget-text-editor\" data-id=\"67f12e0\" data-element_type=\"widget\" data-e-type=\"widget\" data-widget_type=\"text-editor.default\">\n\t\t\t\t<div class=\"elementor-widget-container\">\n\t\t\t\t\t\t\t\t\t<p>Enfin, mentionnons les 18 lits de niveau 3G. Les gens qui y r\u00e9sident re\u00e7oivent les soins d\u2019une infirmi\u00e8re auxiliaire, du personnel infirmier et d\u2019un m\u00e9decin. Ils ont \u00e9galement acc\u00e8s aux services de pharmacie, d\u2019aide \u00e0 la famille, de l\u2019extra-mural, de l\u2019aide et de l\u2019assistance 24 h, de la gestion de la m\u00e9dication et d\u2019entretien de chambre.<\/p>\t\t\t\t\t\t\t\t<\/div>\n\t\t\t\t<\/div>\n\t\t\t\t<div class=\"elementor-element elementor-element-1b86f81 mobile_pera elementor-widget elementor-widget-text-editor\" data-id=\"1b86f81\" data-element_type=\"widget\" data-e-type=\"widget\" data-widget_type=\"text-editor.default\">\n\t\t\t\t<div class=\"elementor-widget-container\">\n\t\t\t\t\t\t\t\t\t<p><img decoding=\"async\" class=\"size-full wp-image-7916 aligncenter\" src=\"https:\/\/kiosque.acadienouvelle.com\/50e-villa-des-jardins-2026\/wp-content\/uploads\/sites\/376\/2026\/01\/3-survol_des-installations_photo.jpg\" alt=\"\" width=\"485\" height=\"382\" srcset=\"https:\/\/kiosque.acadienouvelle.com\/50e-villa-des-jardins-2026\/wp-content\/uploads\/sites\/376\/2026\/01\/3-survol_des-installations_photo.jpg 485w, https:\/\/kiosque.acadienouvelle.com\/50e-villa-des-jardins-2026\/wp-content\/uploads\/sites\/376\/2026\/01\/3-survol_des-installations_photo-300x236.jpg 300w\" sizes=\"(max-width: 485px) 100vw, 485px\" \/><\/p>\t\t\t\t\t\t\t\t<\/div>\n\t\t\t\t<\/div>\n\t\t\t\t<div class=\"elementor-element elementor-element-124d810 mobile_pera elementor-widget elementor-widget-text-editor\" data-id=\"124d810\" data-element_type=\"widget\" data-e-type=\"widget\" data-widget_type=\"text-editor.default\">\n\t\t\t\t<div class=\"elementor-widget-container\">\n\t\t\t\t\t\t\t\t\t<p>La salle \u00e0 manger.<\/p>\t\t\t\t\t\t\t\t<\/div>\n\t\t\t\t<\/div>\n\t\t\t\t\t<\/div>\n\t\t<\/div>\n\t\t\t\t\t<\/div>\n\t\t<\/section>\n\t\t\t\t<\/div>\n\t\t","protected":false},"excerpt":{"rendered":"<p>Survol des installations Certains h\u00e9bergements comprennent une petite cuisine. Situ\u00e9e sur la rue Queen \u00e0 Edmundston, la Villa des Jardins est \u00e0 un jet de pierre du fleuve Saint-Jean et surtout, \u00e0 proximit\u00e9 des commodit\u00e9s et attractions de la ville. Elle comprend 66 chambres r\u00e9parties en diff\u00e9rents mod\u00e8les pour des logements spacieux et confortables con\u00e7us [&hellip;]<\/p>\n","protected":false},"author":7,"featured_media":0,"parent":0,"menu_order":3,"comment_status":"closed","ping_status":"closed","template":"","meta":{"site-sidebar-layout":"no-sidebar","site-content-layout":"page-builder","ast-site-content-layout":"default","site-content-style":"default","site-sidebar-style":"default","ast-global-header-display":"","ast-banner-title-visibility":"","ast-main-header-display":"","ast-hfb-above-header-display":"","ast-hfb-below-header-display":"","ast-hfb-mobile-header-display":"","site-post-title":"disabled","ast-breadcrumbs-content":"","ast-featured-img":"disabled","footer-sml-layout":"","ast-disable-related-posts":"","theme-transparent-header-meta":"default","adv-header-id-meta":"","stick-header-meta":"","header-above-stick-meta":"","header-main-stick-meta":"","header-below-stick-meta":"","astra-migrate-meta-layouts":"default","ast-page-background-enabled":"default","ast-page-background-meta":{"desktop":{"background-color":"var(--ast-global-color-4)","background-image":"","background-repeat":"repeat","background-position":"center center","background-size":"auto","background-attachment":"scroll","background-type":"","background-media":"","overlay-type":"","overlay-color":"","overlay-opacity":"","overlay-gradient":""},"tablet":{"background-color":"","background-image":"","background-repeat":"repeat","background-position":"center center","background-size":"auto","background-attachment":"scroll","background-type":"","background-media":"","overlay-type":"","overlay-color":"","overlay-opacity":"","overlay-gradient":""},"mobile":{"background-color":"","background-image":"","background-repeat":"repeat","background-position":"center center","background-size":"auto","background-attachment":"scroll","background-type":"","background-media":"","overlay-type":"","overlay-color":"","overlay-opacity":"","overlay-gradient":""}},"ast-content-background-meta":{"desktop":{"background-color":"var(--ast-global-color-5)","background-image":"","background-repeat":"repeat","background-position":"center center","background-size":"auto","background-attachment":"scroll","background-type":"","background-media":"","overlay-type":"","overlay-color":"","overlay-opacity":"","overlay-gradient":""},"tablet":{"background-color":"var(--ast-global-color-5)","background-image":"","background-repeat":"repeat","background-position":"center center","background-size":"auto","background-attachment":"scroll","background-type":"","background-media":"","overlay-type":"","overlay-color":"","overlay-opacity":"","overlay-gradient":""},"mobile":{"background-color":"var(--ast-global-color-5)","background-image":"","background-repeat":"repeat","background-position":"center center","background-size":"auto","background-attachment":"scroll","background-type":"","background-media":"","overlay-type":"","overlay-color":"","overlay-opacity":"","overlay-gradient":""}},"footnotes":""},"page-categories":[],"class_list":["post-7800","page","type-page","status-publish","hentry"],"_links":{"self":[{"href":"https:\/\/kiosque.acadienouvelle.com\/50e-villa-des-jardins-2026\/wp-json\/wp\/v2\/pages\/7800","targetHints":{"allow":["GET"]}}],"collection":[{"href":"https:\/\/kiosque.acadienouvelle.com\/50e-villa-des-jardins-2026\/wp-json\/wp\/v2\/pages"}],"about":[{"href":"https:\/\/kiosque.acadienouvelle.com\/50e-villa-des-jardins-2026\/wp-json\/wp\/v2\/types\/page"}],"author":[{"embeddable":true,"href":"https:\/\/kiosque.acadienouvelle.com\/50e-villa-des-jardins-2026\/wp-json\/wp\/v2\/users\/7"}],"replies":[{"embeddable":true,"href":"https:\/\/kiosque.acadienouvelle.com\/50e-villa-des-jardins-2026\/wp-json\/wp\/v2\/comments?post=7800"}],"version-history":[{"count":25,"href":"https:\/\/kiosque.acadienouvelle.com\/50e-villa-des-jardins-2026\/wp-json\/wp\/v2\/pages\/7800\/revisions"}],"predecessor-version":[{"id":7919,"href":"https:\/\/kiosque.acadienouvelle.com\/50e-villa-des-jardins-2026\/wp-json\/wp\/v2\/pages\/7800\/revisions\/7919"}],"wp:attachment":[{"href":"https:\/\/kiosque.acadienouvelle.com\/50e-villa-des-jardins-2026\/wp-json\/wp\/v2\/media?parent=7800"}],"wp:term":[{"taxonomy":"page-categories","embeddable":true,"href":"https:\/\/kiosque.acadienouvelle.com\/50e-villa-des-jardins-2026\/wp-json\/wp\/v2\/page-categories?post=7800"}],"curies":[{"name":"wp","href":"https:\/\/api.w.org\/{rel}","templated":true}]}}