{"id":7827,"date":"2026-01-14T18:48:28","date_gmt":"2026-01-14T18:48:28","guid":{"rendered":"https:\/\/kiosque.acadienouvelle.com\/50e-villa-des-jardins-2026\/une-foule-dactivits-pour-enrichir-la-vie\/"},"modified":"2026-01-14T20:18:11","modified_gmt":"2026-01-14T20:18:11","slug":"une-foule-dactivits-pour-enrichir-la-vie","status":"publish","type":"page","link":"https:\/\/kiosque.acadienouvelle.com\/50e-villa-des-jardins-2026\/une-foule-dactivits-pour-enrichir-la-vie\/","title":{"rendered":"Une foule d\u2019activit\u00e9s pour enrichir la vie"},"content":{"rendered":"\t\t<div data-elementor-type=\"wp-page\" data-elementor-id=\"7827\" class=\"elementor elementor-7827\" data-elementor-post-type=\"page\">\n\t\t\t\t\t\t<section class=\"elementor-section elementor-top-section elementor-element elementor-element-50c1b6e elementor-section-height-min-height header_title banner_img elementor-section-boxed elementor-section-height-default elementor-section-items-middle\" data-id=\"50c1b6e\" data-element_type=\"section\" data-e-type=\"section\" data-settings=\"{&quot;background_background&quot;:&quot;classic&quot;}\">\n\t\t\t\t\t\t\t<div class=\"elementor-background-overlay\"><\/div>\n\t\t\t\t\t\t\t<div class=\"elementor-container elementor-column-gap-default\">\n\t\t\t\t\t<div class=\"elementor-column elementor-col-100 elementor-top-column elementor-element elementor-element-3a2d241\" data-id=\"3a2d241\" data-element_type=\"column\" data-e-type=\"column\">\n\t\t\t<div class=\"elementor-widget-wrap elementor-element-populated\">\n\t\t\t\t\t\t<div class=\"elementor-element elementor-element-9673cd2 elementor-widget elementor-widget-heading\" data-id=\"9673cd2\" data-element_type=\"widget\" data-e-type=\"widget\" data-widget_type=\"heading.default\">\n\t\t\t\t<div class=\"elementor-widget-container\">\n\t\t\t\t\t<h2 class=\"elementor-heading-title elementor-size-default\">Une foule d\u2019activit\u00e9s pour enrichir la vie<\/h2>\t\t\t\t<\/div>\n\t\t\t\t<\/div>\n\t\t\t\t\t<\/div>\n\t\t<\/div>\n\t\t\t\t\t<\/div>\n\t\t<\/section>\n\t\t\t\t<section class=\"elementor-section elementor-top-section elementor-element elementor-element-d9a853a elementor-section-boxed elementor-section-height-default elementor-section-height-default\" data-id=\"d9a853a\" data-element_type=\"section\" data-e-type=\"section\">\n\t\t\t\t\t\t<div class=\"elementor-container elementor-column-gap-default\">\n\t\t\t\t\t<div class=\"elementor-column elementor-col-100 elementor-top-column elementor-element elementor-element-68d9c5a page_contain\" data-id=\"68d9c5a\" data-element_type=\"column\" data-e-type=\"column\" data-settings=\"{&quot;background_background&quot;:&quot;classic&quot;}\">\n\t\t\t<div class=\"elementor-widget-wrap elementor-element-populated\">\n\t\t\t\t\t\t<div class=\"elementor-element elementor-element-50f1f9b elementor-widget elementor-widget-image\" data-id=\"50f1f9b\" data-element_type=\"widget\" data-e-type=\"widget\" data-widget_type=\"image.default\">\n\t\t\t\t<div class=\"elementor-widget-container\">\n\t\t\t\t\t\t\t\t\t\t\t\t<figure class=\"wp-caption\">\n\t\t\t\t\t\t\t\t\t\t<img fetchpriority=\"high\" decoding=\"async\" width=\"1366\" height=\"768\" src=\"https:\/\/kiosque.acadienouvelle.com\/50e-villa-des-jardins-2026\/wp-content\/uploads\/sites\/376\/2026\/01\/4-une_foule_dactivite_landing.jpg\" class=\"attachment-full size-full wp-image-7831\" alt=\"\" srcset=\"https:\/\/kiosque.acadienouvelle.com\/50e-villa-des-jardins-2026\/wp-content\/uploads\/sites\/376\/2026\/01\/4-une_foule_dactivite_landing.jpg 1366w, https:\/\/kiosque.acadienouvelle.com\/50e-villa-des-jardins-2026\/wp-content\/uploads\/sites\/376\/2026\/01\/4-une_foule_dactivite_landing-300x169.jpg 300w, https:\/\/kiosque.acadienouvelle.com\/50e-villa-des-jardins-2026\/wp-content\/uploads\/sites\/376\/2026\/01\/4-une_foule_dactivite_landing-1024x576.jpg 1024w, https:\/\/kiosque.acadienouvelle.com\/50e-villa-des-jardins-2026\/wp-content\/uploads\/sites\/376\/2026\/01\/4-une_foule_dactivite_landing-768x432.jpg 768w\" sizes=\"(max-width: 1366px) 100vw, 1366px\" \/>\t\t\t\t\t\t\t\t\t\t\t<figcaption class=\"widget-image-caption wp-caption-text\">Une programmation d\u2019activit\u00e9s \u00e9toff\u00e9e embellit la vie des personnes qui r\u00e9sident \u00e0 la Villa des Jardins.<\/figcaption>\n\t\t\t\t\t\t\t\t\t\t<\/figure>\n\t\t\t\t\t\t\t\t\t<\/div>\n\t\t\t\t<\/div>\n\t\t<link rel=\"stylesheet\" href=\"https:\/\/use.fontawesome.com\/releases\/v5.5.0\/css\/all.css\" integrity=\"sha384-B4dIYHKNBt8Bc12p+WXckhzcICo0wtJAoU8YZTY5qE0Id1GSseTk6S+L3BlXeVIU\" crossorigin=\"anonymous\">\r\n\t\t<div class=\"elementor-element elementor-element-d0a0a3b mobile_pera elementor-widget elementor-widget-text-editor\" data-id=\"d0a0a3b\" data-element_type=\"widget\" data-e-type=\"widget\" data-widget_type=\"text-editor.default\">\n\t\t\t\t<div class=\"elementor-widget-container\">\n\t\t\t\t\t\t\t\t\t<p>Divertir, stimuler et enrichir la vie des r\u00e9sidentes et r\u00e9sidents : la Villa des Jardins offre un large \u00e9ventail d\u2019activit\u00e9s physiques, sociales, artistiques ou \u00e9ducatives. Son calendrier propose des activit\u00e9s diff\u00e9rentes pour r\u00e9pondre aux go\u00fbts et int\u00e9r\u00eats vari\u00e9s des r\u00e9sidentes et r\u00e9sidents.<\/p>\t\t\t\t\t\t\t\t<\/div>\n\t\t\t\t<\/div>\n\t\t\t\t<div class=\"elementor-element elementor-element-0f4837a elementor-widget elementor-widget-advertisement\" data-id=\"0f4837a\" data-element_type=\"widget\" data-e-type=\"widget\" data-widget_type=\"advertisement.default\">\n\t\t\t\t<div class=\"elementor-widget-container\">\n\t\t\t\t\t<div class=\"ads-align-center\"><div data-m32-ad data-options='{\"sizes\":\"[[300,100]]\",\"dfpId\":\"21658289790,27729547\",\"dfpAdUnitPath\":\"acadienouvelle\/cahiers_onefifthpage_300x100\"}'><\/div><\/div>\t\t\t\t<\/div>\n\t\t\t\t<\/div>\n\t\t\t\t<div class=\"elementor-element elementor-element-d9097a5 mobile_pera elementor-widget elementor-widget-text-editor\" data-id=\"d9097a5\" data-element_type=\"widget\" data-e-type=\"widget\" data-widget_type=\"text-editor.default\">\n\t\t\t\t<div class=\"elementor-widget-container\">\n\t\t\t\t\t\t\t\t\t<p>\u00ab Nous offrons des activit\u00e9s tous les jours \u00bb, souligne fi\u00e8rement la directrice g\u00e9n\u00e9rale, Chantal Paillard. \u00c9videmment, les gens sont libres de participer ou non, mais les activit\u00e9s sont toujours bien courues.<\/p>\t\t\t\t\t\t\t\t<\/div>\n\t\t\t\t<\/div>\n\t\t\t\t<div class=\"elementor-element elementor-element-3c247cc elementor-widget elementor-widget-advertisement\" data-id=\"3c247cc\" data-element_type=\"widget\" data-e-type=\"widget\" data-widget_type=\"advertisement.default\">\n\t\t\t\t<div class=\"elementor-widget-container\">\n\t\t\t\t\t<div class=\"ads-align-center\"><div data-m32-ad data-options='{\"sizes\":\"[[300,100]]\",\"dfpId\":\"21658289790,27729547\",\"dfpAdUnitPath\":\"acadienouvelle\/cahiers_onefifthpage02_300x100\"}'><\/div><\/div>\t\t\t\t<\/div>\n\t\t\t\t<\/div>\n\t\t\t\t<div class=\"elementor-element elementor-element-4b1132a mobile_pera elementor-widget elementor-widget-text-editor\" data-id=\"4b1132a\" data-element_type=\"widget\" data-e-type=\"widget\" data-widget_type=\"text-editor.default\">\n\t\t\t\t<div class=\"elementor-widget-container\">\n\t\t\t\t\t\t\t\t\t<p>Par exemple, le calendrier d\u2019activit\u00e9s propose du tai-chi ou du yoga sur chaise, des jeux de balloune et tapettes \u00e0 mouches ou bien des jeux de balles et de parapluie. Le bingo du mercredi apr\u00e8s-midi est toujours un moment fort et quelques personnes chanceuses y remportent de beaux prix chaque semaine. La pause-caf\u00e9 en semaine permet de se retrouver entre amis autour d\u2019un petit caf\u00e9 agr\u00e9ment\u00e9 d\u2019une douceur piment\u00e9e de rires et de d\u00e9tente. Des activit\u00e9s de bricolage sont \u00e9galement organis\u00e9es, tout comme des activit\u00e9s ludiques, comme le bol collant pour des fous rires garantis. Mentionnons \u00e9galement de la musicoth\u00e9rapie, des jeux de serpents et \u00e9chelles ou encore de dominos de couleur.<\/p>\t\t\t\t\t\t\t\t<\/div>\n\t\t\t\t<\/div>\n\t\t\t\t<div class=\"elementor-element elementor-element-08b04c5 mobile_pera elementor-widget elementor-widget-text-editor\" data-id=\"08b04c5\" data-element_type=\"widget\" data-e-type=\"widget\" data-widget_type=\"text-editor.default\">\n\t\t\t\t<div class=\"elementor-widget-container\">\n\t\t\t\t\t\t\t\t\t<p>Le chapelet est quant \u00e0 lui r\u00e9cit\u00e9 tous les jours pour un moment de pri\u00e8re et de recueillement. Un pr\u00eatre c\u00e9l\u00e8bre la messe sur place une fois par mois et une c\u00e9l\u00e9bration de la Parole fournit une autre occasion de partage et de recueillement.<\/p>\t\t\t\t\t\t\t\t<\/div>\n\t\t\t\t<\/div>\n\t\t\t\t<div class=\"elementor-element elementor-element-74263c8 mobile_pera elementor-widget elementor-widget-text-editor\" data-id=\"74263c8\" data-element_type=\"widget\" data-e-type=\"widget\" data-widget_type=\"text-editor.default\">\n\t\t\t\t<div class=\"elementor-widget-container\">\n\t\t\t\t\t\t\t\t\t<p>Tous les \u00e9v\u00e8nements traditionnels de l\u2019ann\u00e9e sont aussi soulign\u00e9s en grand comme, par exemple, une belle f\u00eate de No\u00ebl, la Saint-Valentin, P\u00e2ques, etc. Ces moments forts fournissent en plus des raisons id\u00e9ales pour des rencontres interg\u00e9n\u00e9rationnelles avec les enfants de la Garderie Phare-O-Bulles. Ainsi, les enfants confectionnent de jolies cartes pour la f\u00eate des M\u00e8res ou bien viennent montrer leurs costumes d\u2019Halloween aux r\u00e9sidents heureux de leur offrir quelques friandises et des c\u00e2lins.<\/p>\t\t\t\t\t\t\t\t<\/div>\n\t\t\t\t<\/div>\n\t\t\t\t<div class=\"elementor-element elementor-element-0c496f1 mobile_pera elementor-widget elementor-widget-text-editor\" data-id=\"0c496f1\" data-element_type=\"widget\" data-e-type=\"widget\" data-widget_type=\"text-editor.default\">\n\t\t\t\t<div class=\"elementor-widget-container\">\n\t\t\t\t\t\t\t\t\t<p>Enfin, une fois par mois, toutes les personnes qui c\u00e9l\u00e8brent leur anniversaire durant cette p\u00e9riode partagent une d\u00e9licieuse g\u00e2terie et f\u00eatent leur anniversaire en musique.<\/p>\t\t\t\t\t\t\t\t<\/div>\n\t\t\t\t<\/div>\n\t\t\t\t\t<\/div>\n\t\t<\/div>\n\t\t\t\t\t<\/div>\n\t\t<\/section>\n\t\t\t\t<\/div>\n\t\t","protected":false},"excerpt":{"rendered":"<p>Une foule d\u2019activit\u00e9s pour enrichir la vie Une programmation d\u2019activit\u00e9s \u00e9toff\u00e9e embellit la vie des personnes qui r\u00e9sident \u00e0 la Villa des Jardins. Divertir, stimuler et enrichir la vie des r\u00e9sidentes et r\u00e9sidents : la Villa des Jardins offre un large \u00e9ventail d\u2019activit\u00e9s physiques, sociales, artistiques ou \u00e9ducatives. Son calendrier propose des activit\u00e9s diff\u00e9rentes pour [&hellip;]<\/p>\n","protected":false},"author":7,"featured_media":0,"parent":0,"menu_order":4,"comment_status":"closed","ping_status":"closed","template":"","meta":{"site-sidebar-layout":"no-sidebar","site-content-layout":"page-builder","ast-site-content-layout":"default","site-content-style":"default","site-sidebar-style":"default","ast-global-header-display":"","ast-banner-title-visibility":"","ast-main-header-display":"","ast-hfb-above-header-display":"","ast-hfb-below-header-display":"","ast-hfb-mobile-header-display":"","site-post-title":"disabled","ast-breadcrumbs-content":"","ast-featured-img":"disabled","footer-sml-layout":"","ast-disable-related-posts":"","theme-transparent-header-meta":"default","adv-header-id-meta":"","stick-header-meta":"","header-above-stick-meta":"","header-main-stick-meta":"","header-below-stick-meta":"","astra-migrate-meta-layouts":"default","ast-page-background-enabled":"default","ast-page-background-meta":{"desktop":{"background-color":"var(--ast-global-color-4)","background-image":"","background-repeat":"repeat","background-position":"center center","background-size":"auto","background-attachment":"scroll","background-type":"","background-media":"","overlay-type":"","overlay-color":"","overlay-opacity":"","overlay-gradient":""},"tablet":{"background-color":"","background-image":"","background-repeat":"repeat","background-position":"center center","background-size":"auto","background-attachment":"scroll","background-type":"","background-media":"","overlay-type":"","overlay-color":"","overlay-opacity":"","overlay-gradient":""},"mobile":{"background-color":"","background-image":"","background-repeat":"repeat","background-position":"center center","background-size":"auto","background-attachment":"scroll","background-type":"","background-media":"","overlay-type":"","overlay-color":"","overlay-opacity":"","overlay-gradient":""}},"ast-content-background-meta":{"desktop":{"background-color":"var(--ast-global-color-5)","background-image":"","background-repeat":"repeat","background-position":"center center","background-size":"auto","background-attachment":"scroll","background-type":"","background-media":"","overlay-type":"","overlay-color":"","overlay-opacity":"","overlay-gradient":""},"tablet":{"background-color":"var(--ast-global-color-5)","background-image":"","background-repeat":"repeat","background-position":"center center","background-size":"auto","background-attachment":"scroll","background-type":"","background-media":"","overlay-type":"","overlay-color":"","overlay-opacity":"","overlay-gradient":""},"mobile":{"background-color":"var(--ast-global-color-5)","background-image":"","background-repeat":"repeat","background-position":"center center","background-size":"auto","background-attachment":"scroll","background-type":"","background-media":"","overlay-type":"","overlay-color":"","overlay-opacity":"","overlay-gradient":""}},"footnotes":""},"page-categories":[],"class_list":["post-7827","page","type-page","status-publish","hentry"],"_links":{"self":[{"href":"https:\/\/kiosque.acadienouvelle.com\/50e-villa-des-jardins-2026\/wp-json\/wp\/v2\/pages\/7827","targetHints":{"allow":["GET"]}}],"collection":[{"href":"https:\/\/kiosque.acadienouvelle.com\/50e-villa-des-jardins-2026\/wp-json\/wp\/v2\/pages"}],"about":[{"href":"https:\/\/kiosque.acadienouvelle.com\/50e-villa-des-jardins-2026\/wp-json\/wp\/v2\/types\/page"}],"author":[{"embeddable":true,"href":"https:\/\/kiosque.acadienouvelle.com\/50e-villa-des-jardins-2026\/wp-json\/wp\/v2\/users\/7"}],"replies":[{"embeddable":true,"href":"https:\/\/kiosque.acadienouvelle.com\/50e-villa-des-jardins-2026\/wp-json\/wp\/v2\/comments?post=7827"}],"version-history":[{"count":33,"href":"https:\/\/kiosque.acadienouvelle.com\/50e-villa-des-jardins-2026\/wp-json\/wp\/v2\/pages\/7827\/revisions"}],"predecessor-version":[{"id":7922,"href":"https:\/\/kiosque.acadienouvelle.com\/50e-villa-des-jardins-2026\/wp-json\/wp\/v2\/pages\/7827\/revisions\/7922"}],"wp:attachment":[{"href":"https:\/\/kiosque.acadienouvelle.com\/50e-villa-des-jardins-2026\/wp-json\/wp\/v2\/media?parent=7827"}],"wp:term":[{"taxonomy":"page-categories","embeddable":true,"href":"https:\/\/kiosque.acadienouvelle.com\/50e-villa-des-jardins-2026\/wp-json\/wp\/v2\/page-categories?post=7827"}],"curies":[{"name":"wp","href":"https:\/\/api.w.org\/{rel}","templated":true}]}}