{"id":7862,"date":"2026-01-14T19:01:16","date_gmt":"2026-01-14T19:01:16","guid":{"rendered":"https:\/\/kiosque.acadienouvelle.com\/50e-villa-des-jardins-2026\/des-travaux-prvus-pour-assurer-lavenir-de-la-villa-des-jardins\/"},"modified":"2026-01-14T19:14:05","modified_gmt":"2026-01-14T19:14:05","slug":"des-travaux-prvus-pour-assurer-lavenir-de-la-villa-des-jardins","status":"publish","type":"page","link":"https:\/\/kiosque.acadienouvelle.com\/50e-villa-des-jardins-2026\/des-travaux-prvus-pour-assurer-lavenir-de-la-villa-des-jardins\/","title":{"rendered":"Des travaux pr\u00e9vus pour assurer l\u2019avenir de la Villa des Jardins"},"content":{"rendered":"\t\t<div data-elementor-type=\"wp-page\" data-elementor-id=\"7862\" class=\"elementor elementor-7862\" data-elementor-post-type=\"page\">\n\t\t\t\t\t\t<section class=\"elementor-section elementor-top-section elementor-element elementor-element-50c1b6e elementor-section-height-min-height header_title banner_img elementor-section-boxed elementor-section-height-default elementor-section-items-middle\" data-id=\"50c1b6e\" data-element_type=\"section\" data-e-type=\"section\" data-settings=\"{&quot;background_background&quot;:&quot;classic&quot;}\">\n\t\t\t\t\t\t\t<div class=\"elementor-background-overlay\"><\/div>\n\t\t\t\t\t\t\t<div class=\"elementor-container elementor-column-gap-default\">\n\t\t\t\t\t<div class=\"elementor-column elementor-col-100 elementor-top-column elementor-element elementor-element-3a2d241\" data-id=\"3a2d241\" data-element_type=\"column\" data-e-type=\"column\">\n\t\t\t<div class=\"elementor-widget-wrap elementor-element-populated\">\n\t\t\t\t\t\t<div class=\"elementor-element elementor-element-9673cd2 elementor-widget elementor-widget-heading\" data-id=\"9673cd2\" data-element_type=\"widget\" data-e-type=\"widget\" data-widget_type=\"heading.default\">\n\t\t\t\t<div class=\"elementor-widget-container\">\n\t\t\t\t\t<h2 class=\"elementor-heading-title elementor-size-default\">Des travaux pr\u00e9vus pour assurer l\u2019avenir de la Villa des Jardins<\/h2>\t\t\t\t<\/div>\n\t\t\t\t<\/div>\n\t\t\t\t\t<\/div>\n\t\t<\/div>\n\t\t\t\t\t<\/div>\n\t\t<\/section>\n\t\t\t\t<section class=\"elementor-section elementor-top-section elementor-element elementor-element-d9a853a elementor-section-boxed elementor-section-height-default elementor-section-height-default\" data-id=\"d9a853a\" data-element_type=\"section\" data-e-type=\"section\">\n\t\t\t\t\t\t<div class=\"elementor-container elementor-column-gap-default\">\n\t\t\t\t\t<div class=\"elementor-column elementor-col-100 elementor-top-column elementor-element elementor-element-68d9c5a page_contain\" data-id=\"68d9c5a\" data-element_type=\"column\" data-e-type=\"column\" data-settings=\"{&quot;background_background&quot;:&quot;classic&quot;}\">\n\t\t\t<div class=\"elementor-widget-wrap elementor-element-populated\">\n\t\t\t\t\t\t<div class=\"elementor-element elementor-element-50f1f9b elementor-widget elementor-widget-image\" data-id=\"50f1f9b\" data-element_type=\"widget\" data-e-type=\"widget\" data-widget_type=\"image.default\">\n\t\t\t\t<div class=\"elementor-widget-container\">\n\t\t\t\t\t\t\t\t\t\t\t\t<figure class=\"wp-caption\">\n\t\t\t\t\t\t\t\t\t\t<img fetchpriority=\"high\" decoding=\"async\" width=\"1366\" height=\"768\" src=\"https:\/\/kiosque.acadienouvelle.com\/50e-villa-des-jardins-2026\/wp-content\/uploads\/sites\/376\/2026\/01\/5_des_travaux_prevus_landing.jpg\" class=\"attachment-full size-full wp-image-7863\" alt=\"\" srcset=\"https:\/\/kiosque.acadienouvelle.com\/50e-villa-des-jardins-2026\/wp-content\/uploads\/sites\/376\/2026\/01\/5_des_travaux_prevus_landing.jpg 1366w, https:\/\/kiosque.acadienouvelle.com\/50e-villa-des-jardins-2026\/wp-content\/uploads\/sites\/376\/2026\/01\/5_des_travaux_prevus_landing-300x169.jpg 300w, https:\/\/kiosque.acadienouvelle.com\/50e-villa-des-jardins-2026\/wp-content\/uploads\/sites\/376\/2026\/01\/5_des_travaux_prevus_landing-1024x576.jpg 1024w, https:\/\/kiosque.acadienouvelle.com\/50e-villa-des-jardins-2026\/wp-content\/uploads\/sites\/376\/2026\/01\/5_des_travaux_prevus_landing-768x432.jpg 768w\" sizes=\"(max-width: 1366px) 100vw, 1366px\" \/>\t\t\t\t\t\t\t\t\t\t\t<figcaption class=\"widget-image-caption wp-caption-text\">Le rev\u00eatement en brique de l\u2019ext\u00e9rieur de l\u2019\u00e9difice aura bient\u00f4t besoin d\u2019importants travaux.<\/figcaption>\n\t\t\t\t\t\t\t\t\t\t<\/figure>\n\t\t\t\t\t\t\t\t\t<\/div>\n\t\t\t\t<\/div>\n\t\t<link rel=\"stylesheet\" href=\"https:\/\/use.fontawesome.com\/releases\/v5.5.0\/css\/all.css\" integrity=\"sha384-B4dIYHKNBt8Bc12p+WXckhzcICo0wtJAoU8YZTY5qE0Id1GSseTk6S+L3BlXeVIU\" crossorigin=\"anonymous\">\r\n\t\t<div class=\"elementor-element elementor-element-d0a0a3b mobile_pera elementor-widget elementor-widget-text-editor\" data-id=\"d0a0a3b\" data-element_type=\"widget\" data-e-type=\"widget\" data-widget_type=\"text-editor.default\">\n\t\t\t\t<div class=\"elementor-widget-container\">\n\t\t\t\t\t\t\t\t\t<p>La Villa des Jardins occupe toujours son b\u00e2timent original, qui a \u00e9t\u00e9 construit en 1974 et inaugur\u00e9 officiellement l\u2019ann\u00e9e suivante. Des travaux ont \u00e9t\u00e9 effectu\u00e9s pour son entretien au fil des ann\u00e9es et des investissements seront bient\u00f4t n\u00e9cessaires pour assurer son avenir et le confort de ses personnes qui y r\u00e9sident.<\/p>\t\t\t\t\t\t\t\t<\/div>\n\t\t\t\t<\/div>\n\t\t\t\t<div class=\"elementor-element elementor-element-83e5ecb elementor-widget elementor-widget-advertisement\" data-id=\"83e5ecb\" data-element_type=\"widget\" data-e-type=\"widget\" data-widget_type=\"advertisement.default\">\n\t\t\t\t<div class=\"elementor-widget-container\">\n\t\t\t\t\t<div class=\"ads-align-center\"><div data-m32-ad data-options='{\"sizes\":\"[[300,100]]\",\"dfpId\":\"21658289790,27729547\",\"dfpAdUnitPath\":\"acadienouvelle\/cahiers_onefifthpage_300x100\"}'><\/div><\/div>\t\t\t\t<\/div>\n\t\t\t\t<\/div>\n\t\t\t\t<div class=\"elementor-element elementor-element-95fcfd2 mobile_pera elementor-widget elementor-widget-text-editor\" data-id=\"95fcfd2\" data-element_type=\"widget\" data-e-type=\"widget\" data-widget_type=\"text-editor.default\">\n\t\t\t\t<div class=\"elementor-widget-container\">\n\t\t\t\t\t\t\t\t\t<p>La directrice g\u00e9n\u00e9rale, Chantal Paillard, mentionne que des r\u00e9novations avaient notamment \u00e9t\u00e9 r\u00e9alis\u00e9es apr\u00e8s l\u2019ouverture en 2015 des R\u00e9sidences Jodin. Ce foyer de soins de longue dur\u00e9e h\u00e9berge depuis les gens de niveau 3 et 4, alors que la Villa des Jardins a converti ses \u00e9tages pour sa configuration actuelle avec des logements autonomes, semi-autonomes et pour les gens de niveau 3G. Des thermopompes ont aussi \u00e9t\u00e9 install\u00e9es, tout comme de nouvelles fen\u00eatres, des lumi\u00e8res DEL et de nouveaux thermostats. Des chambres pour une personne sont tranquillement converties en suites avec douche pour mieux r\u00e9pondre aux besoins des r\u00e9sidentes et r\u00e9sidents.<\/p>\t\t\t\t\t\t\t\t<\/div>\n\t\t\t\t<\/div>\n\t\t\t\t<div class=\"elementor-element elementor-element-a3d10c0 elementor-widget elementor-widget-advertisement\" data-id=\"a3d10c0\" data-element_type=\"widget\" data-e-type=\"widget\" data-widget_type=\"advertisement.default\">\n\t\t\t\t<div class=\"elementor-widget-container\">\n\t\t\t\t\t<div class=\"ads-align-center\"><div data-m32-ad data-options='{\"sizes\":\"[[300,100]]\",\"dfpId\":\"21658289790,27729547\",\"dfpAdUnitPath\":\"acadienouvelle\/cahiers_onefifthpage02_300x100\"}'><\/div><\/div>\t\t\t\t<\/div>\n\t\t\t\t<\/div>\n\t\t\t\t<div class=\"elementor-element elementor-element-627de1e mobile_pera elementor-widget elementor-widget-text-editor\" data-id=\"627de1e\" data-element_type=\"widget\" data-e-type=\"widget\" data-widget_type=\"text-editor.default\">\n\t\t\t\t<div class=\"elementor-widget-container\">\n\t\t\t\t\t\t\t\t\t<p>\u00ab Le temps demande maintenant des r\u00e9novations assez majeures \u00bb, ajoute-t-elle, en mentionnant notamment la toiture et la brique ext\u00e9rieure.<\/p>\t\t\t\t\t\t\t\t<\/div>\n\t\t\t\t<\/div>\n\t\t\t\t<div class=\"elementor-element elementor-element-587195c mobile_pera elementor-widget elementor-widget-text-editor\" data-id=\"587195c\" data-element_type=\"widget\" data-e-type=\"widget\" data-widget_type=\"text-editor.default\">\n\t\t\t\t<div class=\"elementor-widget-container\">\n\t\t\t\t\t\t\t\t\t<p>La Villa des Jardins est un organisme \u00e0 but non lucratif et pourrait donc b\u00e9n\u00e9ficier de programmes gouvernementaux pour contribuer au financement de ces importants travaux. Des discussions \u00e0 ce sujet ont \u00e9t\u00e9 entam\u00e9es avec Habitation Nouveau-Brunswick.<\/p>\t\t\t\t\t\t\t\t<\/div>\n\t\t\t\t<\/div>\n\t\t\t\t<div class=\"elementor-element elementor-element-74263c8 mobile_pera elementor-widget elementor-widget-text-editor\" data-id=\"74263c8\" data-element_type=\"widget\" data-e-type=\"widget\" data-widget_type=\"text-editor.default\">\n\t\t\t\t<div class=\"elementor-widget-container\">\n\t\t\t\t\t\t\t\t\t<p>\u00ab Nous voulons aussi mettre en place une fondation pour les r\u00e9sidents aux soins. Nous pourrions avoir des soins plus personnalis\u00e9s ou du mat\u00e9riel plus haut de gamme \u00bb, ajoute-t-elle.<\/p>\t\t\t\t\t\t\t\t<\/div>\n\t\t\t\t<\/div>\n\t\t\t\t<div class=\"elementor-element elementor-element-0b6ad93 mobile_pera elementor-widget elementor-widget-text-editor\" data-id=\"0b6ad93\" data-element_type=\"widget\" data-e-type=\"widget\" data-widget_type=\"text-editor.default\">\n\t\t\t\t<div class=\"elementor-widget-container\">\n\t\t\t\t\t\t\t\t\t<p><b>Travaux ext\u00e9rieurs<\/b><\/p>\t\t\t\t\t\t\t\t<\/div>\n\t\t\t\t<\/div>\n\t\t\t\t<div class=\"elementor-element elementor-element-6146eee mobile_pera elementor-widget elementor-widget-text-editor\" data-id=\"6146eee\" data-element_type=\"widget\" data-e-type=\"widget\" data-widget_type=\"text-editor.default\">\n\t\t\t\t<div class=\"elementor-widget-container\">\n\t\t\t\t\t\t\t\t\t<p>Des travaux sont en plus en cours \u00e0 l\u2019ext\u00e9rieur, notamment avec une collaboration avec le Coll\u00e8ge communautaire du Nouveau-Brunswick afin d\u2019agrandir le gazebo. De plus, Edmundston a obtenu un projet du Fonds d\u2019action et de sensibilisation pour le climat et d\u2019Environnement et Changement climatique Canada pour am\u00e9liorer les espaces verts. \u00ab Nous allons essayer de mettre une belle serre pour avoir un environnement plus accueillant pour les gens qui aiment jardiner \u00bb, pr\u00e9cise-t-elle.<\/p>\t\t\t\t\t\t\t\t<\/div>\n\t\t\t\t<\/div>\n\t\t\t\t\t<\/div>\n\t\t<\/div>\n\t\t\t\t\t<\/div>\n\t\t<\/section>\n\t\t\t\t<\/div>\n\t\t","protected":false},"excerpt":{"rendered":"<p>Des travaux pr\u00e9vus pour assurer l\u2019avenir de la Villa des Jardins Le rev\u00eatement en brique de l\u2019ext\u00e9rieur de l\u2019\u00e9difice aura bient\u00f4t besoin d\u2019importants travaux. La Villa des Jardins occupe toujours son b\u00e2timent original, qui a \u00e9t\u00e9 construit en 1974 et inaugur\u00e9 officiellement l\u2019ann\u00e9e suivante. Des travaux ont \u00e9t\u00e9 effectu\u00e9s pour son entretien au fil des [&hellip;]<\/p>\n","protected":false},"author":7,"featured_media":0,"parent":0,"menu_order":5,"comment_status":"closed","ping_status":"closed","template":"","meta":{"site-sidebar-layout":"no-sidebar","site-content-layout":"page-builder","ast-site-content-layout":"default","site-content-style":"default","site-sidebar-style":"default","ast-global-header-display":"","ast-banner-title-visibility":"","ast-main-header-display":"","ast-hfb-above-header-display":"","ast-hfb-below-header-display":"","ast-hfb-mobile-header-display":"","site-post-title":"disabled","ast-breadcrumbs-content":"","ast-featured-img":"disabled","footer-sml-layout":"","ast-disable-related-posts":"","theme-transparent-header-meta":"default","adv-header-id-meta":"","stick-header-meta":"","header-above-stick-meta":"","header-main-stick-meta":"","header-below-stick-meta":"","astra-migrate-meta-layouts":"default","ast-page-background-enabled":"default","ast-page-background-meta":{"desktop":{"background-color":"var(--ast-global-color-4)","background-image":"","background-repeat":"repeat","background-position":"center center","background-size":"auto","background-attachment":"scroll","background-type":"","background-media":"","overlay-type":"","overlay-color":"","overlay-opacity":"","overlay-gradient":""},"tablet":{"background-color":"","background-image":"","background-repeat":"repeat","background-position":"center center","background-size":"auto","background-attachment":"scroll","background-type":"","background-media":"","overlay-type":"","overlay-color":"","overlay-opacity":"","overlay-gradient":""},"mobile":{"background-color":"","background-image":"","background-repeat":"repeat","background-position":"center center","background-size":"auto","background-attachment":"scroll","background-type":"","background-media":"","overlay-type":"","overlay-color":"","overlay-opacity":"","overlay-gradient":""}},"ast-content-background-meta":{"desktop":{"background-color":"var(--ast-global-color-5)","background-image":"","background-repeat":"repeat","background-position":"center center","background-size":"auto","background-attachment":"scroll","background-type":"","background-media":"","overlay-type":"","overlay-color":"","overlay-opacity":"","overlay-gradient":""},"tablet":{"background-color":"var(--ast-global-color-5)","background-image":"","background-repeat":"repeat","background-position":"center center","background-size":"auto","background-attachment":"scroll","background-type":"","background-media":"","overlay-type":"","overlay-color":"","overlay-opacity":"","overlay-gradient":""},"mobile":{"background-color":"var(--ast-global-color-5)","background-image":"","background-repeat":"repeat","background-position":"center center","background-size":"auto","background-attachment":"scroll","background-type":"","background-media":"","overlay-type":"","overlay-color":"","overlay-opacity":"","overlay-gradient":""}},"footnotes":""},"page-categories":[],"class_list":["post-7862","page","type-page","status-publish","hentry"],"_links":{"self":[{"href":"https:\/\/kiosque.acadienouvelle.com\/50e-villa-des-jardins-2026\/wp-json\/wp\/v2\/pages\/7862","targetHints":{"allow":["GET"]}}],"collection":[{"href":"https:\/\/kiosque.acadienouvelle.com\/50e-villa-des-jardins-2026\/wp-json\/wp\/v2\/pages"}],"about":[{"href":"https:\/\/kiosque.acadienouvelle.com\/50e-villa-des-jardins-2026\/wp-json\/wp\/v2\/types\/page"}],"author":[{"embeddable":true,"href":"https:\/\/kiosque.acadienouvelle.com\/50e-villa-des-jardins-2026\/wp-json\/wp\/v2\/users\/7"}],"replies":[{"embeddable":true,"href":"https:\/\/kiosque.acadienouvelle.com\/50e-villa-des-jardins-2026\/wp-json\/wp\/v2\/comments?post=7862"}],"version-history":[{"count":36,"href":"https:\/\/kiosque.acadienouvelle.com\/50e-villa-des-jardins-2026\/wp-json\/wp\/v2\/pages\/7862\/revisions"}],"predecessor-version":[{"id":7899,"href":"https:\/\/kiosque.acadienouvelle.com\/50e-villa-des-jardins-2026\/wp-json\/wp\/v2\/pages\/7862\/revisions\/7899"}],"wp:attachment":[{"href":"https:\/\/kiosque.acadienouvelle.com\/50e-villa-des-jardins-2026\/wp-json\/wp\/v2\/media?parent=7862"}],"wp:term":[{"taxonomy":"page-categories","embeddable":true,"href":"https:\/\/kiosque.acadienouvelle.com\/50e-villa-des-jardins-2026\/wp-json\/wp\/v2\/page-categories?post=7862"}],"curies":[{"name":"wp","href":"https:\/\/api.w.org\/{rel}","templated":true}]}}