{"id":7859,"date":"2026-03-16T16:29:57","date_gmt":"2026-03-16T16:29:57","guid":{"rendered":"https:\/\/kiosque.acadienouvelle.com\/acericulture-nb-2026\/regard-conomique-sur-lindustrie-acricole\/"},"modified":"2026-03-18T19:22:46","modified_gmt":"2026-03-18T19:22:46","slug":"regard-conomique-sur-lindustrie-acricole","status":"publish","type":"page","link":"https:\/\/kiosque.acadienouvelle.com\/acericulture-nb-2026\/regard-conomique-sur-lindustrie-acricole\/","title":{"rendered":"Regard \u00e9conomique sur l\u2019industrie ac\u00e9ricole"},"content":{"rendered":"\t\t<div data-elementor-type=\"wp-page\" data-elementor-id=\"7859\" class=\"elementor elementor-7859\" data-elementor-post-type=\"page\">\n\t\t\t\t\t\t<section class=\"elementor-section elementor-top-section elementor-element elementor-element-50c1b6e elementor-section-height-min-height header_title banner_img elementor-section-boxed elementor-section-height-default elementor-section-items-middle\" data-id=\"50c1b6e\" data-element_type=\"section\" data-e-type=\"section\" data-settings=\"{&quot;background_background&quot;:&quot;classic&quot;}\">\n\t\t\t\t\t\t\t<div class=\"elementor-background-overlay\"><\/div>\n\t\t\t\t\t\t\t<div class=\"elementor-container elementor-column-gap-default\">\n\t\t\t\t\t<div class=\"elementor-column elementor-col-100 elementor-top-column elementor-element elementor-element-3a2d241\" data-id=\"3a2d241\" data-element_type=\"column\" data-e-type=\"column\">\n\t\t\t<div class=\"elementor-widget-wrap elementor-element-populated\">\n\t\t\t\t\t\t<div class=\"elementor-element elementor-element-9673cd2 elementor-widget elementor-widget-heading\" data-id=\"9673cd2\" data-element_type=\"widget\" data-e-type=\"widget\" data-widget_type=\"heading.default\">\n\t\t\t\t<div class=\"elementor-widget-container\">\n\t\t\t\t\t<h2 class=\"elementor-heading-title elementor-size-default\">Regard \u00e9conomique sur l\u2019industrie ac\u00e9ricole<\/h2>\t\t\t\t<\/div>\n\t\t\t\t<\/div>\n\t\t\t\t\t<\/div>\n\t\t<\/div>\n\t\t\t\t\t<\/div>\n\t\t<\/section>\n\t\t\t\t<section class=\"elementor-section elementor-top-section elementor-element elementor-element-d9a853a elementor-section-boxed elementor-section-height-default elementor-section-height-default\" data-id=\"d9a853a\" data-element_type=\"section\" data-e-type=\"section\">\n\t\t\t\t\t\t<div class=\"elementor-container elementor-column-gap-default\">\n\t\t\t\t\t<div class=\"elementor-column elementor-col-100 elementor-top-column elementor-element elementor-element-68d9c5a page_contain\" data-id=\"68d9c5a\" data-element_type=\"column\" data-e-type=\"column\" data-settings=\"{&quot;background_background&quot;:&quot;classic&quot;}\">\n\t\t\t<div class=\"elementor-widget-wrap elementor-element-populated\">\n\t\t\t\t\t\t<div class=\"elementor-element elementor-element-50f1f9b elementor-widget elementor-widget-image\" data-id=\"50f1f9b\" data-element_type=\"widget\" data-e-type=\"widget\" data-widget_type=\"image.default\">\n\t\t\t\t<div class=\"elementor-widget-container\">\n\t\t\t\t\t\t\t\t\t\t\t\t<figure class=\"wp-caption\">\n\t\t\t\t\t\t\t\t\t\t<img fetchpriority=\"high\" decoding=\"async\" width=\"1366\" height=\"768\" src=\"https:\/\/kiosque.acadienouvelle.com\/acericulture-nb-2026\/wp-content\/uploads\/sites\/386\/2026\/03\/4-regard_economique_landing.jpg\" class=\"attachment-full size-full wp-image-7868\" alt=\"\" srcset=\"https:\/\/kiosque.acadienouvelle.com\/acericulture-nb-2026\/wp-content\/uploads\/sites\/386\/2026\/03\/4-regard_economique_landing.jpg 1366w, https:\/\/kiosque.acadienouvelle.com\/acericulture-nb-2026\/wp-content\/uploads\/sites\/386\/2026\/03\/4-regard_economique_landing-300x169.jpg 300w, https:\/\/kiosque.acadienouvelle.com\/acericulture-nb-2026\/wp-content\/uploads\/sites\/386\/2026\/03\/4-regard_economique_landing-1024x576.jpg 1024w, https:\/\/kiosque.acadienouvelle.com\/acericulture-nb-2026\/wp-content\/uploads\/sites\/386\/2026\/03\/4-regard_economique_landing-768x432.jpg 768w\" sizes=\"(max-width: 1366px) 100vw, 1366px\" \/>\t\t\t\t\t\t\t\t\t\t\t<figcaption class=\"widget-image-caption wp-caption-text\">M. Pierre-Marcel Desjardins<\/figcaption>\n\t\t\t\t\t\t\t\t\t\t<\/figure>\n\t\t\t\t\t\t\t\t\t<\/div>\n\t\t\t\t<\/div>\n\t\t<link rel=\"stylesheet\" href=\"https:\/\/use.fontawesome.com\/releases\/v5.5.0\/css\/all.css\" integrity=\"sha384-B4dIYHKNBt8Bc12p+WXckhzcICo0wtJAoU8YZTY5qE0Id1GSseTk6S+L3BlXeVIU\" crossorigin=\"anonymous\">\r\n\t\t<div class=\"elementor-element elementor-element-b00ab44 elementor-widget elementor-widget-advertisement\" data-id=\"b00ab44\" data-element_type=\"widget\" data-e-type=\"widget\" data-widget_type=\"advertisement.default\">\n\t\t\t\t<div class=\"elementor-widget-container\">\n\t\t\t\t\t<div class=\"ads-align-center\"><div data-m32-ad data-options='{\"sizes\":\"[[300,100]]\",\"dfpId\":\"21658289790,27729547\",\"dfpAdUnitPath\":\"acadienouvelle\/cahiers_onefifthpage_300x100\"}'><\/div><\/div>\t\t\t\t<\/div>\n\t\t\t\t<\/div>\n\t\t\t\t<div class=\"elementor-element elementor-element-d0a0a3b mobile_pera elementor-widget elementor-widget-text-editor\" data-id=\"d0a0a3b\" data-element_type=\"widget\" data-e-type=\"widget\" data-widget_type=\"text-editor.default\">\n\t\t\t\t<div class=\"elementor-widget-container\">\n\t\t\t\t\t\t\t\t\t<p><img decoding=\"async\" class=\"alignleft size-full wp-image-7890\" src=\"https:\/\/kiosque.acadienouvelle.com\/acericulture-nb-2026\/wp-content\/uploads\/sites\/386\/2026\/03\/4-regard_economique_photo.jpg\" alt=\"\" width=\"1366\" height=\"768\" srcset=\"https:\/\/kiosque.acadienouvelle.com\/acericulture-nb-2026\/wp-content\/uploads\/sites\/386\/2026\/03\/4-regard_economique_photo.jpg 1366w, https:\/\/kiosque.acadienouvelle.com\/acericulture-nb-2026\/wp-content\/uploads\/sites\/386\/2026\/03\/4-regard_economique_photo-300x169.jpg 300w, https:\/\/kiosque.acadienouvelle.com\/acericulture-nb-2026\/wp-content\/uploads\/sites\/386\/2026\/03\/4-regard_economique_photo-1024x576.jpg 1024w, https:\/\/kiosque.acadienouvelle.com\/acericulture-nb-2026\/wp-content\/uploads\/sites\/386\/2026\/03\/4-regard_economique_photo-768x432.jpg 768w\" sizes=\"(max-width: 1366px) 100vw, 1366px\" \/><\/p>\t\t\t\t\t\t\t\t<\/div>\n\t\t\t\t<\/div>\n\t\t\t\t<div class=\"elementor-element elementor-element-9e6bc56 mobile_pera elementor-widget elementor-widget-text-editor\" data-id=\"9e6bc56\" data-element_type=\"widget\" data-e-type=\"widget\" data-widget_type=\"text-editor.default\">\n\t\t\t\t<div class=\"elementor-widget-container\">\n\t\t\t\t\t\t\t\t\t<p>L\u2019\u00e9conomiste Pierre-Marcel Desjardins est d\u2019avis que l\u2019industrie ac\u00e9ricole est un secteur en pleine croissance, mais dont l\u2019avenir se trouve en partie entre les mains de facteurs hors de contr\u00f4le des producteurs, tels que les temp\u00e9ratures printani\u00e8res et l\u2019acc\u00e8s aux terres de la Couronne.<\/p>\t\t\t\t\t\t\t\t<\/div>\n\t\t\t\t<\/div>\n\t\t\t\t<div class=\"elementor-element elementor-element-74263c8 mobile_pera elementor-widget elementor-widget-text-editor\" data-id=\"74263c8\" data-element_type=\"widget\" data-e-type=\"widget\" data-widget_type=\"text-editor.default\">\n\t\t\t\t<div class=\"elementor-widget-container\">\n\t\t\t\t\t\t\t\t\t<p>Tout d\u2019abord, ce professeur \u00e0 l\u2019Universit\u00e9 de Moncton rel\u00e8ve que la production annuelle de 2025 a atteint 1\u2009160\u2009000 gallons, ce qui repr\u00e9sente une l\u00e9g\u00e8re baisse, comparativement au chiffre record de 1\u2009206\u2009000 gallons de 2024. \u00ab M\u00eame s\u2019il y a eu une l\u00e9g\u00e8re diminution au niveau de la production, c\u2019est plus en raison du climat, puisque le nombre d\u2019entailles avait augment\u00e9 \u00bb, souligne-t-il. Les producteurs membres de l\u2019Association ac\u00e9ricole du Nouveau-Brunswick ont ainsi comptabilis\u00e9 2\u2009821\u2009248 entailles en 2025, soit une augmentation de 9,6 % comparativement \u00e0 l\u2019ann\u00e9e pr\u00e9c\u00e9dente.<\/p>\t\t\t\t\t\t\t\t<\/div>\n\t\t\t\t<\/div>\n\t\t\t\t<div class=\"elementor-element elementor-element-0b6ad93 mobile_pera elementor-widget elementor-widget-text-editor\" data-id=\"0b6ad93\" data-element_type=\"widget\" data-e-type=\"widget\" data-widget_type=\"text-editor.default\">\n\t\t\t\t<div class=\"elementor-widget-container\">\n\t\t\t\t\t\t\t\t\t<p><b>Un acc\u00e8s \u00e0 plus\u00a0<\/b><b style=\"font-style: inherit;\">de terres<\/b><\/p>\t\t\t\t\t\t\t\t<\/div>\n\t\t\t\t<\/div>\n\t\t\t\t<div class=\"elementor-element elementor-element-ffd9a69 mobile_pera elementor-widget elementor-widget-text-editor\" data-id=\"ffd9a69\" data-element_type=\"widget\" data-e-type=\"widget\" data-widget_type=\"text-editor.default\">\n\t\t\t\t<div class=\"elementor-widget-container\">\n\t\t\t\t\t\t\t\t\t<p>\u00ab L\u2019industrie a besoin d\u2019un acc\u00e8s \u00e0 plus de terres pour poursuivre sa croissance, mais les terres ne sont pas n\u00e9cessairement vacantes. Il y a toujours un arbitrage entre l\u2019utilisation des terres et l\u2019ac\u00e9riculture, ce qui reste un des d\u00e9fis pour le secteur \u00bb, avance-t-il.<\/p>\t\t\t\t\t\t\t\t<\/div>\n\t\t\t\t<\/div>\n\t\t\t\t<div class=\"elementor-element elementor-element-1ff2223 mobile_pera elementor-widget elementor-widget-text-editor\" data-id=\"1ff2223\" data-element_type=\"widget\" data-e-type=\"widget\" data-widget_type=\"text-editor.default\">\n\t\t\t\t<div class=\"elementor-widget-container\">\n\t\t\t\t\t\t\t\t\t<p>Notre invit\u00e9 a \u00e9galement not\u00e9 que les producteurs de la province investissent dans la m\u00e9canisation et l\u2019automatisation de leurs op\u00e9rations, ce qui d\u00e9montre l\u2019innovation de ces entrepreneurs pour assurer leur croissance.<\/p>\t\t\t\t\t\t\t\t<\/div>\n\t\t\t\t<\/div>\n\t\t\t\t<div class=\"elementor-element elementor-element-38e9fba mobile_pera elementor-widget elementor-widget-text-editor\" data-id=\"38e9fba\" data-element_type=\"widget\" data-e-type=\"widget\" data-widget_type=\"text-editor.default\">\n\t\t\t\t<div class=\"elementor-widget-container\">\n\t\t\t\t\t\t\t\t\t<p>Les exportations du Nouveau-Brunswick se chiffraient \u00e0 des ventes de plus de 8,4 millions $ pour les dix premiers mois de 2025. \u00c0 noter que ce chiffre ne comprend pas la valeur du sirop vendu directement \u00e0 des grossistes du Qu\u00e9bec qui l\u2019exportent ensuite sur les march\u00e9s internationaux.<\/p>\t\t\t\t\t\t\t\t<\/div>\n\t\t\t\t<\/div>\n\t\t\t\t<div class=\"elementor-element elementor-element-964058e mobile_pera elementor-widget elementor-widget-text-editor\" data-id=\"964058e\" data-element_type=\"widget\" data-e-type=\"widget\" data-widget_type=\"text-editor.default\">\n\t\t\t\t<div class=\"elementor-widget-container\">\n\t\t\t\t\t\t\t\t\t<p>\u00ab Ce secteur exporte la vaste majorit\u00e9 de sa production et nous avons donc une grande d\u00e9pendance sur les march\u00e9s internationaux, surtout le march\u00e9 am\u00e9ricain (\u2026). Il y a eu des efforts de diversification, mais nous demeurons d\u00e9pendants et donc vuln\u00e9rables \u00e0 d\u2019\u00e9ventuels tarifs si l\u2019Accord Canada-\u00c9tats-Unis-Mexique ne portait pas fruit au niveau des r\u00e9visions \u00bb, ajoute-t-il.<\/p>\t\t\t\t\t\t\t\t<\/div>\n\t\t\t\t<\/div>\n\t\t\t\t\t<\/div>\n\t\t<\/div>\n\t\t\t\t\t<\/div>\n\t\t<\/section>\n\t\t\t\t<\/div>\n\t\t","protected":false},"excerpt":{"rendered":"<p>Regard \u00e9conomique sur l\u2019industrie ac\u00e9ricole M. Pierre-Marcel Desjardins L\u2019\u00e9conomiste Pierre-Marcel Desjardins est d\u2019avis que l\u2019industrie ac\u00e9ricole est un secteur en pleine croissance, mais dont l\u2019avenir se trouve en partie entre les mains de facteurs hors de contr\u00f4le des producteurs, tels que les temp\u00e9ratures printani\u00e8res et l\u2019acc\u00e8s aux terres de la Couronne. Tout d\u2019abord, ce professeur [&hellip;]<\/p>\n","protected":false},"author":7,"featured_media":0,"parent":0,"menu_order":4,"comment_status":"closed","ping_status":"closed","template":"","meta":{"site-sidebar-layout":"no-sidebar","site-content-layout":"page-builder","ast-site-content-layout":"default","site-content-style":"default","site-sidebar-style":"default","ast-global-header-display":"","ast-banner-title-visibility":"","ast-main-header-display":"","ast-hfb-above-header-display":"","ast-hfb-below-header-display":"","ast-hfb-mobile-header-display":"","site-post-title":"disabled","ast-breadcrumbs-content":"","ast-featured-img":"disabled","footer-sml-layout":"","ast-disable-related-posts":"","theme-transparent-header-meta":"default","adv-header-id-meta":"","stick-header-meta":"","header-above-stick-meta":"","header-main-stick-meta":"","header-below-stick-meta":"","astra-migrate-meta-layouts":"default","ast-page-background-enabled":"default","ast-page-background-meta":{"desktop":{"background-color":"var(--ast-global-color-4)","background-image":"","background-repeat":"repeat","background-position":"center center","background-size":"auto","background-attachment":"scroll","background-type":"","background-media":"","overlay-type":"","overlay-color":"","overlay-opacity":"","overlay-gradient":""},"tablet":{"background-color":"","background-image":"","background-repeat":"repeat","background-position":"center center","background-size":"auto","background-attachment":"scroll","background-type":"","background-media":"","overlay-type":"","overlay-color":"","overlay-opacity":"","overlay-gradient":""},"mobile":{"background-color":"","background-image":"","background-repeat":"repeat","background-position":"center center","background-size":"auto","background-attachment":"scroll","background-type":"","background-media":"","overlay-type":"","overlay-color":"","overlay-opacity":"","overlay-gradient":""}},"ast-content-background-meta":{"desktop":{"background-color":"var(--ast-global-color-5)","background-image":"","background-repeat":"repeat","background-position":"center center","background-size":"auto","background-attachment":"scroll","background-type":"","background-media":"","overlay-type":"","overlay-color":"","overlay-opacity":"","overlay-gradient":""},"tablet":{"background-color":"var(--ast-global-color-5)","background-image":"","background-repeat":"repeat","background-position":"center center","background-size":"auto","background-attachment":"scroll","background-type":"","background-media":"","overlay-type":"","overlay-color":"","overlay-opacity":"","overlay-gradient":""},"mobile":{"background-color":"var(--ast-global-color-5)","background-image":"","background-repeat":"repeat","background-position":"center center","background-size":"auto","background-attachment":"scroll","background-type":"","background-media":"","overlay-type":"","overlay-color":"","overlay-opacity":"","overlay-gradient":""}},"footnotes":""},"page-categories":[],"class_list":["post-7859","page","type-page","status-publish","hentry"],"_links":{"self":[{"href":"https:\/\/kiosque.acadienouvelle.com\/acericulture-nb-2026\/wp-json\/wp\/v2\/pages\/7859","targetHints":{"allow":["GET"]}}],"collection":[{"href":"https:\/\/kiosque.acadienouvelle.com\/acericulture-nb-2026\/wp-json\/wp\/v2\/pages"}],"about":[{"href":"https:\/\/kiosque.acadienouvelle.com\/acericulture-nb-2026\/wp-json\/wp\/v2\/types\/page"}],"author":[{"embeddable":true,"href":"https:\/\/kiosque.acadienouvelle.com\/acericulture-nb-2026\/wp-json\/wp\/v2\/users\/7"}],"replies":[{"embeddable":true,"href":"https:\/\/kiosque.acadienouvelle.com\/acericulture-nb-2026\/wp-json\/wp\/v2\/comments?post=7859"}],"version-history":[{"count":34,"href":"https:\/\/kiosque.acadienouvelle.com\/acericulture-nb-2026\/wp-json\/wp\/v2\/pages\/7859\/revisions"}],"predecessor-version":[{"id":7989,"href":"https:\/\/kiosque.acadienouvelle.com\/acericulture-nb-2026\/wp-json\/wp\/v2\/pages\/7859\/revisions\/7989"}],"wp:attachment":[{"href":"https:\/\/kiosque.acadienouvelle.com\/acericulture-nb-2026\/wp-json\/wp\/v2\/media?parent=7859"}],"wp:term":[{"taxonomy":"page-categories","embeddable":true,"href":"https:\/\/kiosque.acadienouvelle.com\/acericulture-nb-2026\/wp-json\/wp\/v2\/page-categories?post=7859"}],"curies":[{"name":"wp","href":"https:\/\/api.w.org\/{rel}","templated":true}]}}