{"id":7897,"date":"2026-03-16T16:40:39","date_gmt":"2026-03-16T16:40:39","guid":{"rendered":"https:\/\/kiosque.acadienouvelle.com\/acericulture-nb-2026\/trois-producteurs-bnficient-dune-aide-gouvernementale-totalisant-930-000\/"},"modified":"2026-03-16T16:47:27","modified_gmt":"2026-03-16T16:47:27","slug":"trois-producteurs-bnficient-dune-aide-gouvernementale-totalisant-930-000","status":"publish","type":"page","link":"https:\/\/kiosque.acadienouvelle.com\/acericulture-nb-2026\/trois-producteurs-bnficient-dune-aide-gouvernementale-totalisant-930-000\/","title":{"rendered":"Trois producteurs b\u00e9n\u00e9ficient d\u2019une aide gouvernementale totalisant 930 000 $"},"content":{"rendered":"\t\t<div data-elementor-type=\"wp-page\" data-elementor-id=\"7897\" class=\"elementor elementor-7897\" data-elementor-post-type=\"page\">\n\t\t\t\t\t\t<section class=\"elementor-section elementor-top-section elementor-element elementor-element-50c1b6e elementor-section-height-min-height header_title banner_img elementor-section-boxed elementor-section-height-default elementor-section-items-middle\" data-id=\"50c1b6e\" data-element_type=\"section\" data-e-type=\"section\" data-settings=\"{&quot;background_background&quot;:&quot;classic&quot;}\">\n\t\t\t\t\t\t\t<div class=\"elementor-background-overlay\"><\/div>\n\t\t\t\t\t\t\t<div class=\"elementor-container elementor-column-gap-default\">\n\t\t\t\t\t<div class=\"elementor-column elementor-col-100 elementor-top-column elementor-element elementor-element-3a2d241\" data-id=\"3a2d241\" data-element_type=\"column\" data-e-type=\"column\">\n\t\t\t<div class=\"elementor-widget-wrap elementor-element-populated\">\n\t\t\t\t\t\t<div class=\"elementor-element elementor-element-9673cd2 elementor-widget elementor-widget-heading\" data-id=\"9673cd2\" data-element_type=\"widget\" data-e-type=\"widget\" data-widget_type=\"heading.default\">\n\t\t\t\t<div class=\"elementor-widget-container\">\n\t\t\t\t\t<h2 class=\"elementor-heading-title elementor-size-default\">Trois producteurs b\u00e9n\u00e9ficient d\u2019une aide gouvernementale totalisant 930 000 $<\/h2>\t\t\t\t<\/div>\n\t\t\t\t<\/div>\n\t\t\t\t\t<\/div>\n\t\t<\/div>\n\t\t\t\t\t<\/div>\n\t\t<\/section>\n\t\t\t\t<section class=\"elementor-section elementor-top-section elementor-element elementor-element-d9a853a elementor-section-boxed elementor-section-height-default elementor-section-height-default\" data-id=\"d9a853a\" data-element_type=\"section\" data-e-type=\"section\">\n\t\t\t\t\t\t<div class=\"elementor-container elementor-column-gap-default\">\n\t\t\t\t\t<div class=\"elementor-column elementor-col-100 elementor-top-column elementor-element elementor-element-68d9c5a page_contain\" data-id=\"68d9c5a\" data-element_type=\"column\" data-e-type=\"column\" data-settings=\"{&quot;background_background&quot;:&quot;classic&quot;}\">\n\t\t\t<div class=\"elementor-widget-wrap elementor-element-populated\">\n\t\t\t\t\t\t<div class=\"elementor-element elementor-element-50f1f9b elementor-widget elementor-widget-image\" data-id=\"50f1f9b\" data-element_type=\"widget\" data-e-type=\"widget\" data-widget_type=\"image.default\">\n\t\t\t\t<div class=\"elementor-widget-container\">\n\t\t\t\t\t\t\t\t\t\t\t\t<figure class=\"wp-caption\">\n\t\t\t\t\t\t\t\t\t\t<img fetchpriority=\"high\" decoding=\"async\" width=\"1366\" height=\"768\" src=\"https:\/\/kiosque.acadienouvelle.com\/acericulture-nb-2026\/wp-content\/uploads\/sites\/386\/2026\/03\/5-Trois_producteurs_landing.jpg\" class=\"attachment-full size-full wp-image-7898\" alt=\"\" srcset=\"https:\/\/kiosque.acadienouvelle.com\/acericulture-nb-2026\/wp-content\/uploads\/sites\/386\/2026\/03\/5-Trois_producteurs_landing.jpg 1366w, https:\/\/kiosque.acadienouvelle.com\/acericulture-nb-2026\/wp-content\/uploads\/sites\/386\/2026\/03\/5-Trois_producteurs_landing-300x169.jpg 300w, https:\/\/kiosque.acadienouvelle.com\/acericulture-nb-2026\/wp-content\/uploads\/sites\/386\/2026\/03\/5-Trois_producteurs_landing-1024x576.jpg 1024w, https:\/\/kiosque.acadienouvelle.com\/acericulture-nb-2026\/wp-content\/uploads\/sites\/386\/2026\/03\/5-Trois_producteurs_landing-768x432.jpg 768w\" sizes=\"(max-width: 1366px) 100vw, 1366px\" \/>\t\t\t\t\t\t\t\t\t\t\t<figcaption class=\"widget-image-caption wp-caption-text\">La photo nous fait voir de gauche \u00e0 droite, le producteur Gino Cayouette, le d\u00e9put\u00e9 Guillaume Desch\u00eanes-Th\u00e9riault et Zachary Cayouette, le gar\u00e7on \u00e0  Gino. (Gracieuset\u00e9)<\/figcaption>\n\t\t\t\t\t\t\t\t\t\t<\/figure>\n\t\t\t\t\t\t\t\t\t<\/div>\n\t\t\t\t<\/div>\n\t\t<link rel=\"stylesheet\" href=\"https:\/\/use.fontawesome.com\/releases\/v5.5.0\/css\/all.css\" integrity=\"sha384-B4dIYHKNBt8Bc12p+WXckhzcICo0wtJAoU8YZTY5qE0Id1GSseTk6S+L3BlXeVIU\" crossorigin=\"anonymous\">\r\n\t\t<div class=\"elementor-element elementor-element-d0a0a3b mobile_pera elementor-widget elementor-widget-text-editor\" data-id=\"d0a0a3b\" data-element_type=\"widget\" data-e-type=\"widget\" data-widget_type=\"text-editor.default\">\n\t\t\t\t<div class=\"elementor-widget-container\">\n\t\t\t\t\t\t\t\t\t<p>Le d\u00e9put\u00e9 f\u00e9d\u00e9ral de la circonscription de Madawaska-Restigouche, Guillaume Desch\u00eanes-Th\u00e9riault, a annonc\u00e9 au mois de f\u00e9vrier dernier une contribution du gouvernement f\u00e9d\u00e9ral totalisant de 930 000 $ pour aider \u00e0 moderniser les installations de trois producteurs d\u2019\u00e9rable de sa circonscription par l\u2019entremise de l\u2019Agence de promotion \u00e9conomique du Canada atlantique. Les sommes sont r\u00e9parties comme suit :<\/p>\t\t\t\t\t\t\t\t<\/div>\n\t\t\t\t<\/div>\n\t\t\t\t<div class=\"elementor-element elementor-element-658d99a elementor-widget elementor-widget-advertisement\" data-id=\"658d99a\" data-element_type=\"widget\" data-e-type=\"widget\" data-widget_type=\"advertisement.default\">\n\t\t\t\t<div class=\"elementor-widget-container\">\n\t\t\t\t\t<div class=\"ads-align-center\"><div data-m32-ad data-options='{\"sizes\":\"[[300,250]]\",\"dfpId\":\"21658289790,27729547\",\"dfpAdUnitPath\":\"acadienouvelle\/cahiers_quarterpage_300x250\"}'><\/div><\/div>\t\t\t\t<\/div>\n\t\t\t\t<\/div>\n\t\t\t\t<div class=\"elementor-element elementor-element-d7e851f mobile_pera elementor-widget elementor-widget-text-editor\" data-id=\"d7e851f\" data-element_type=\"widget\" data-e-type=\"widget\" data-widget_type=\"text-editor.default\">\n\t\t\t\t<div class=\"elementor-widget-container\">\n\t\t\t\t\t\t\t\t\t<p>&#8211; 750 000 $ \u00e0 \u00c9rabli\u00e8re Yves Plourde Inc. pour l\u2019acquisition de bouilleuses \u00e0 vapeur ainsi qu\u2019un syst\u00e8me d\u2019osmose inverse automatis\u00e9;<\/p>\t\t\t\t\t\t\t\t<\/div>\n\t\t\t\t<\/div>\n\t\t\t\t<div class=\"elementor-element elementor-element-ae3db73 mobile_pera elementor-widget elementor-widget-text-editor\" data-id=\"ae3db73\" data-element_type=\"widget\" data-e-type=\"widget\" data-widget_type=\"text-editor.default\">\n\t\t\t\t<div class=\"elementor-widget-container\">\n\t\t\t\t\t\t\t\t\t<p>125 000 $ \u00e0 Gino Cayouette Inc. pour l\u2019achat d\u2019un concentrateur et d\u2019un syst\u00e8me de gestion des op\u00e9rations informatis\u00e9;<\/p>\t\t\t\t\t\t\t\t<\/div>\n\t\t\t\t<\/div>\n\t\t\t\t<div class=\"elementor-element elementor-element-74263c8 mobile_pera elementor-widget elementor-widget-text-editor\" data-id=\"74263c8\" data-element_type=\"widget\" data-e-type=\"widget\" data-widget_type=\"text-editor.default\">\n\t\t\t\t<div class=\"elementor-widget-container\">\n\t\t\t\t\t\t\t\t\t<p>55 000 $ \u00e0 Sucrerie du Petit Camp pour l\u2019achat d\u2019\u00e9quipement visant \u00e0 modifier le syst\u00e8me d\u2019osmose, l\u2019ajout d\u2019une presse pour le sirop d\u2019\u00e9rable et des r\u00e9novations mineures au b\u00e2timent existant.<\/p>\t\t\t\t\t\t\t\t<\/div>\n\t\t\t\t<\/div>\n\t\t\t\t<div class=\"elementor-element elementor-element-13604ea elementor-widget elementor-widget-advertisement\" data-id=\"13604ea\" data-element_type=\"widget\" data-e-type=\"widget\" data-widget_type=\"advertisement.default\">\n\t\t\t\t<div class=\"elementor-widget-container\">\n\t\t\t\t\t<div class=\"ads-align-center\"><div data-m32-ad data-options='{\"sizes\":\"[[300,250]]\",\"dfpId\":\"21658289790,27729547\",\"dfpAdUnitPath\":\"acadienouvelle\/cahiers_quarterpage02_300x250\"}'><\/div><\/div>\t\t\t\t<\/div>\n\t\t\t\t<\/div>\n\t\t\t\t<div class=\"elementor-element elementor-element-4d6334d mobile_pera elementor-widget elementor-widget-text-editor\" data-id=\"4d6334d\" data-element_type=\"widget\" data-e-type=\"widget\" data-widget_type=\"text-editor.default\">\n\t\t\t\t<div class=\"elementor-widget-container\">\n\t\t\t\t\t\t\t\t\t<p>\u00ab Ces contributions remboursables d\u00e9montrent l\u2019engagement du gouvernement du Canada \u00e0 soutenir l\u2019innovation dans nos industries traditionnelles, \u00e0 cr\u00e9er des emplois de qualit\u00e9 et \u00e0 assurer la p\u00e9rennit\u00e9 d\u2019un savoir-faire qui fait la renomm\u00e9e de notre r\u00e9gion \u00bb, a d\u00e9clar\u00e9 le d\u00e9put\u00e9 Desch\u00eanes-Th\u00e9riault.<\/p>\t\t\t\t\t\t\t\t<\/div>\n\t\t\t\t<\/div>\n\t\t\t\t\t<\/div>\n\t\t<\/div>\n\t\t\t\t\t<\/div>\n\t\t<\/section>\n\t\t\t\t<\/div>\n\t\t","protected":false},"excerpt":{"rendered":"<p>Trois producteurs b\u00e9n\u00e9ficient d\u2019une aide gouvernementale totalisant 930 000 $ La photo nous fait voir de gauche \u00e0 droite, le producteur Gino Cayouette, le d\u00e9put\u00e9 Guillaume Desch\u00eanes-Th\u00e9riault et Zachary Cayouette, le gar\u00e7on \u00e0 Gino. (Gracieuset\u00e9) Le d\u00e9put\u00e9 f\u00e9d\u00e9ral de la circonscription de Madawaska-Restigouche, Guillaume Desch\u00eanes-Th\u00e9riault, a annonc\u00e9 au mois de f\u00e9vrier dernier une contribution du [&hellip;]<\/p>\n","protected":false},"author":7,"featured_media":0,"parent":0,"menu_order":5,"comment_status":"closed","ping_status":"closed","template":"","meta":{"site-sidebar-layout":"no-sidebar","site-content-layout":"page-builder","ast-site-content-layout":"default","site-content-style":"default","site-sidebar-style":"default","ast-global-header-display":"","ast-banner-title-visibility":"","ast-main-header-display":"","ast-hfb-above-header-display":"","ast-hfb-below-header-display":"","ast-hfb-mobile-header-display":"","site-post-title":"disabled","ast-breadcrumbs-content":"","ast-featured-img":"disabled","footer-sml-layout":"","ast-disable-related-posts":"","theme-transparent-header-meta":"default","adv-header-id-meta":"","stick-header-meta":"","header-above-stick-meta":"","header-main-stick-meta":"","header-below-stick-meta":"","astra-migrate-meta-layouts":"default","ast-page-background-enabled":"default","ast-page-background-meta":{"desktop":{"background-color":"var(--ast-global-color-4)","background-image":"","background-repeat":"repeat","background-position":"center center","background-size":"auto","background-attachment":"scroll","background-type":"","background-media":"","overlay-type":"","overlay-color":"","overlay-opacity":"","overlay-gradient":""},"tablet":{"background-color":"","background-image":"","background-repeat":"repeat","background-position":"center center","background-size":"auto","background-attachment":"scroll","background-type":"","background-media":"","overlay-type":"","overlay-color":"","overlay-opacity":"","overlay-gradient":""},"mobile":{"background-color":"","background-image":"","background-repeat":"repeat","background-position":"center center","background-size":"auto","background-attachment":"scroll","background-type":"","background-media":"","overlay-type":"","overlay-color":"","overlay-opacity":"","overlay-gradient":""}},"ast-content-background-meta":{"desktop":{"background-color":"var(--ast-global-color-5)","background-image":"","background-repeat":"repeat","background-position":"center center","background-size":"auto","background-attachment":"scroll","background-type":"","background-media":"","overlay-type":"","overlay-color":"","overlay-opacity":"","overlay-gradient":""},"tablet":{"background-color":"var(--ast-global-color-5)","background-image":"","background-repeat":"repeat","background-position":"center center","background-size":"auto","background-attachment":"scroll","background-type":"","background-media":"","overlay-type":"","overlay-color":"","overlay-opacity":"","overlay-gradient":""},"mobile":{"background-color":"var(--ast-global-color-5)","background-image":"","background-repeat":"repeat","background-position":"center center","background-size":"auto","background-attachment":"scroll","background-type":"","background-media":"","overlay-type":"","overlay-color":"","overlay-opacity":"","overlay-gradient":""}},"footnotes":""},"page-categories":[],"class_list":["post-7897","page","type-page","status-publish","hentry"],"_links":{"self":[{"href":"https:\/\/kiosque.acadienouvelle.com\/acericulture-nb-2026\/wp-json\/wp\/v2\/pages\/7897","targetHints":{"allow":["GET"]}}],"collection":[{"href":"https:\/\/kiosque.acadienouvelle.com\/acericulture-nb-2026\/wp-json\/wp\/v2\/pages"}],"about":[{"href":"https:\/\/kiosque.acadienouvelle.com\/acericulture-nb-2026\/wp-json\/wp\/v2\/types\/page"}],"author":[{"embeddable":true,"href":"https:\/\/kiosque.acadienouvelle.com\/acericulture-nb-2026\/wp-json\/wp\/v2\/users\/7"}],"replies":[{"embeddable":true,"href":"https:\/\/kiosque.acadienouvelle.com\/acericulture-nb-2026\/wp-json\/wp\/v2\/comments?post=7897"}],"version-history":[{"count":15,"href":"https:\/\/kiosque.acadienouvelle.com\/acericulture-nb-2026\/wp-json\/wp\/v2\/pages\/7897\/revisions"}],"predecessor-version":[{"id":7913,"href":"https:\/\/kiosque.acadienouvelle.com\/acericulture-nb-2026\/wp-json\/wp\/v2\/pages\/7897\/revisions\/7913"}],"wp:attachment":[{"href":"https:\/\/kiosque.acadienouvelle.com\/acericulture-nb-2026\/wp-json\/wp\/v2\/media?parent=7897"}],"wp:term":[{"taxonomy":"page-categories","embeddable":true,"href":"https:\/\/kiosque.acadienouvelle.com\/acericulture-nb-2026\/wp-json\/wp\/v2\/page-categories?post=7897"}],"curies":[{"name":"wp","href":"https:\/\/api.w.org\/{rel}","templated":true}]}}