{"id":7917,"date":"2026-03-16T16:49:42","date_gmt":"2026-03-16T16:49:42","guid":{"rendered":"https:\/\/kiosque.acadienouvelle.com\/acericulture-nb-2026\/le-sirop-drable-au-nouveau-brunswick-une-industrie-tourne-vers-lavenir\/"},"modified":"2026-03-16T16:57:30","modified_gmt":"2026-03-16T16:57:30","slug":"le-sirop-drable-au-nouveau-brunswick-une-industrie-tourne-vers-lavenir","status":"publish","type":"page","link":"https:\/\/kiosque.acadienouvelle.com\/acericulture-nb-2026\/le-sirop-drable-au-nouveau-brunswick-une-industrie-tourne-vers-lavenir\/","title":{"rendered":"Le sirop d\u2019\u00e9rable au Nouveau-Brunswick, une industrie tourn\u00e9e vers l\u2019avenir"},"content":{"rendered":"\t\t<div data-elementor-type=\"wp-page\" data-elementor-id=\"7917\" class=\"elementor elementor-7917\" data-elementor-post-type=\"page\">\n\t\t\t\t\t\t<section class=\"elementor-section elementor-top-section elementor-element elementor-element-50c1b6e elementor-section-height-min-height header_title banner_img elementor-section-boxed elementor-section-height-default elementor-section-items-middle\" data-id=\"50c1b6e\" data-element_type=\"section\" data-e-type=\"section\" data-settings=\"{&quot;background_background&quot;:&quot;classic&quot;}\">\n\t\t\t\t\t\t\t<div class=\"elementor-background-overlay\"><\/div>\n\t\t\t\t\t\t\t<div class=\"elementor-container elementor-column-gap-default\">\n\t\t\t\t\t<div class=\"elementor-column elementor-col-100 elementor-top-column elementor-element elementor-element-3a2d241\" data-id=\"3a2d241\" data-element_type=\"column\" data-e-type=\"column\">\n\t\t\t<div class=\"elementor-widget-wrap elementor-element-populated\">\n\t\t\t\t\t\t<div class=\"elementor-element elementor-element-9673cd2 elementor-widget elementor-widget-heading\" data-id=\"9673cd2\" data-element_type=\"widget\" data-e-type=\"widget\" data-widget_type=\"heading.default\">\n\t\t\t\t<div class=\"elementor-widget-container\">\n\t\t\t\t\t<h2 class=\"elementor-heading-title elementor-size-default\">Le sirop d\u2019\u00e9rable au Nouveau-Brunswick, \nune industrie tourn\u00e9e vers l\u2019avenir<\/h2>\t\t\t\t<\/div>\n\t\t\t\t<\/div>\n\t\t\t\t\t<\/div>\n\t\t<\/div>\n\t\t\t\t\t<\/div>\n\t\t<\/section>\n\t\t\t\t<section class=\"elementor-section elementor-top-section elementor-element elementor-element-d9a853a elementor-section-boxed elementor-section-height-default elementor-section-height-default\" data-id=\"d9a853a\" data-element_type=\"section\" data-e-type=\"section\">\n\t\t\t\t\t\t<div class=\"elementor-container elementor-column-gap-default\">\n\t\t\t\t\t<div class=\"elementor-column elementor-col-100 elementor-top-column elementor-element elementor-element-68d9c5a page_contain\" data-id=\"68d9c5a\" data-element_type=\"column\" data-e-type=\"column\" data-settings=\"{&quot;background_background&quot;:&quot;classic&quot;}\">\n\t\t\t<div class=\"elementor-widget-wrap elementor-element-populated\">\n\t\t\t\t\t\t<div class=\"elementor-element elementor-element-50f1f9b elementor-widget elementor-widget-image\" data-id=\"50f1f9b\" data-element_type=\"widget\" data-e-type=\"widget\" data-widget_type=\"image.default\">\n\t\t\t\t<div class=\"elementor-widget-container\">\n\t\t\t\t\t\t\t\t\t\t\t\t<figure class=\"wp-caption\">\n\t\t\t\t\t\t\t\t\t\t<img fetchpriority=\"high\" decoding=\"async\" width=\"1366\" height=\"768\" src=\"https:\/\/kiosque.acadienouvelle.com\/acericulture-nb-2026\/wp-content\/uploads\/sites\/386\/2026\/03\/6-le_sirop_landing.jpg\" class=\"attachment-full size-full wp-image-7921\" alt=\"\" srcset=\"https:\/\/kiosque.acadienouvelle.com\/acericulture-nb-2026\/wp-content\/uploads\/sites\/386\/2026\/03\/6-le_sirop_landing.jpg 1366w, https:\/\/kiosque.acadienouvelle.com\/acericulture-nb-2026\/wp-content\/uploads\/sites\/386\/2026\/03\/6-le_sirop_landing-300x169.jpg 300w, https:\/\/kiosque.acadienouvelle.com\/acericulture-nb-2026\/wp-content\/uploads\/sites\/386\/2026\/03\/6-le_sirop_landing-1024x576.jpg 1024w, https:\/\/kiosque.acadienouvelle.com\/acericulture-nb-2026\/wp-content\/uploads\/sites\/386\/2026\/03\/6-le_sirop_landing-768x432.jpg 768w\" sizes=\"(max-width: 1366px) 100vw, 1366px\" \/>\t\t\t\t\t\t\t\t\t\t\t<figcaption class=\"widget-image-caption wp-caption-text\">Le pr\u00e9sident de l\u2019AANB, Glenn Somers, explique une m\u00e9thode d\u2019entaillage au ministre des Ressources naturelles du N.-B.,  John Herron, lors de sa visite \u00e0 Saint-Quentin. Les deux sont en compagnie du directeur g\u00e9n\u00e9ral par int\u00e9rim de l\u2019Association, Fr\u00e9d\u00e9rick Dion.<\/figcaption>\n\t\t\t\t\t\t\t\t\t\t<\/figure>\n\t\t\t\t\t\t\t\t\t<\/div>\n\t\t\t\t<\/div>\n\t\t<link rel=\"stylesheet\" href=\"https:\/\/use.fontawesome.com\/releases\/v5.5.0\/css\/all.css\" integrity=\"sha384-B4dIYHKNBt8Bc12p+WXckhzcICo0wtJAoU8YZTY5qE0Id1GSseTk6S+L3BlXeVIU\" crossorigin=\"anonymous\">\r\n\t\t<div class=\"elementor-element elementor-element-d0a0a3b mobile_pera elementor-widget elementor-widget-text-editor\" data-id=\"d0a0a3b\" data-element_type=\"widget\" data-e-type=\"widget\" data-widget_type=\"text-editor.default\">\n\t\t\t\t<div class=\"elementor-widget-container\">\n\t\t\t\t\t\t\t\t\t<p>Le sirop d\u2019\u00e9rable fait partie de notre ADN collectif. Mais aujourd\u2019hui, au-del\u00e0 de la tradition, l\u2019ac\u00e9riculture est devenue un v\u00e9ritable pilier \u00e9conomique pour le Nouveau-Brunswick. La province consolide sa place de deuxi\u00e8me plus grand producteur au pays et de troisi\u00e8me au monde, une progression remarquable qui refl\u00e8te des ann\u00e9es d\u2019efforts et d\u2019investissements.<\/p>\t\t\t\t\t\t\t\t<\/div>\n\t\t\t\t<\/div>\n\t\t\t\t<div class=\"elementor-element elementor-element-4d621d3 elementor-widget elementor-widget-advertisement\" data-id=\"4d621d3\" data-element_type=\"widget\" data-e-type=\"widget\" data-widget_type=\"advertisement.default\">\n\t\t\t\t<div class=\"elementor-widget-container\">\n\t\t\t\t\t<div class=\"ads-align-center\"><div data-m32-ad data-options='{\"sizes\":\"[[300,250]]\",\"dfpId\":\"21658289790,27729547\",\"dfpAdUnitPath\":\"acadienouvelle\/cahiers_quarterpage_300x250\"}'><\/div><\/div>\t\t\t\t<\/div>\n\t\t\t\t<\/div>\n\t\t\t\t<div class=\"elementor-element elementor-element-74263c8 mobile_pera elementor-widget elementor-widget-text-editor\" data-id=\"74263c8\" data-element_type=\"widget\" data-e-type=\"widget\" data-widget_type=\"text-editor.default\">\n\t\t\t\t<div class=\"elementor-widget-container\">\n\t\t\t\t\t\t\t\t\t<p>Cette croissance repose d\u2019abord sur un meilleur acc\u00e8s aux terres de la Couronne. L\u2019octroi de nouveaux hectares a permis \u00e0 des entreprises d\u2019agrandir leurs \u00e9rabli\u00e8res et \u00e0 une rel\u00e8ve ambitieuse de lancer des projets. Chaque nouvelle entaille signifie plus de production, certes, mais aussi plus d\u2019emplois, plus d\u2019activit\u00e9 \u00e9conomique et plus de vitalit\u00e9 pour nos r\u00e9gions rurales.<\/p>\t\t\t\t\t\t\t\t<\/div>\n\t\t\t\t<\/div>\n\t\t\t\t<div class=\"elementor-element elementor-element-e3d3032 mobile_pera elementor-widget elementor-widget-text-editor\" data-id=\"e3d3032\" data-element_type=\"widget\" data-e-type=\"widget\" data-widget_type=\"text-editor.default\">\n\t\t\t\t<div class=\"elementor-widget-container\">\n\t\t\t\t\t\t\t\t\t<p>Les producteurs ont \u00e9galement mis\u00e9 sur l\u2019innovation. Modernisation des \u00e9quipements, syst\u00e8mes de tubulure plus performants, technologies de transformation plus efficaces\u00a0: ces investissements majeurs ont permis d\u2019augmenter les rendements tout en maintenant une qualit\u00e9 irr\u00e9prochable. Le sirop d\u2019\u00e9rable n\u00e9o-brunswickois se distingue aujourd\u2019hui par son excellence, fruit d\u2019un savoir-faire constamment perfectionn\u00e9.<\/p>\t\t\t\t\t\t\t\t<\/div>\n\t\t\t\t<\/div>\n\t\t\t\t<div class=\"elementor-element elementor-element-1b617a8 mobile_pera elementor-widget elementor-widget-text-editor\" data-id=\"1b617a8\" data-element_type=\"widget\" data-e-type=\"widget\" data-widget_type=\"text-editor.default\">\n\t\t\t\t<div class=\"elementor-widget-container\">\n\t\t\t\t\t\t\t\t\t<p>Mais cette r\u00e9ussite ne s\u2019est pas construite sans emb\u00fbches. L\u2019industrie doit composer avec des d\u00e9fis bien r\u00e9els. Le spectre de tarifs douaniers am\u00e9ricains plane sur nos exportations. Les \u00e9pid\u00e9mies d\u2019insectes, comme celle de la livr\u00e9e des for\u00eats, fragilisent certaines \u00e9rabli\u00e8res. Les al\u00e9as climatiques rendent les saisons plus impr\u00e9visibles. <br \/>\u00c0 cela s\u2019ajoute le besoin croissant d\u2019\u00e9lectrifier les \u00e9rabli\u00e8res afin d\u2019am\u00e9liorer l\u2019efficacit\u00e9 \u00e9nerg\u00e9tique et de soutenir l\u2019expansion des entreprises.<\/p>\t\t\t\t\t\t\t\t<\/div>\n\t\t\t\t<\/div>\n\t\t\t\t<div class=\"elementor-element elementor-element-8d80551 mobile_pera elementor-widget elementor-widget-text-editor\" data-id=\"8d80551\" data-element_type=\"widget\" data-e-type=\"widget\" data-widget_type=\"text-editor.default\">\n\t\t\t\t<div class=\"elementor-widget-container\">\n\t\t\t\t\t\t\t\t\t<p>Pour poursuivre sur cette lanc\u00e9e, une vision d\u2019avenir claire s\u2019impose. Prot\u00e9ger les peuplements \u00e0 haute densit\u00e9 d\u2019\u00e9rable doit demeurer une priorit\u00e9 afin d\u2019assurer la p\u00e9rennit\u00e9 de la ressource. Offrir une plus grande pr\u00e9visibilit\u00e9 dans l\u2019octroi de nouveaux hectares sur les terres de la Couronne est tout aussi essentiel pour encourager l\u2019investissement et rassurer les entrepreneurs.<\/p>\t\t\t\t\t\t\t\t<\/div>\n\t\t\t\t<\/div>\n\t\t\t\t<div class=\"elementor-element elementor-element-d16004f mobile_pera elementor-widget elementor-widget-text-editor\" data-id=\"d16004f\" data-element_type=\"widget\" data-e-type=\"widget\" data-widget_type=\"text-editor.default\">\n\t\t\t\t<div class=\"elementor-widget-container\">\n\t\t\t\t\t\t\t\t\t<p>Malgr\u00e9 les incertitudes, l\u2019ac\u00e9riculture n\u00e9o-brunswickoise avance avec confiance. Port\u00e9e par des producteurs passionn\u00e9s, soutenue par l\u2019innovation et ancr\u00e9e dans une volont\u00e9 de d\u00e9veloppement durable, elle incarne une industrie moderne et r\u00e9siliente.<\/p>\t\t\t\t\t\t\t\t<\/div>\n\t\t\t\t<\/div>\n\t\t\t\t<div class=\"elementor-element elementor-element-7409ce1 mobile_pera elementor-widget elementor-widget-text-editor\" data-id=\"7409ce1\" data-element_type=\"widget\" data-e-type=\"widget\" data-widget_type=\"text-editor.default\">\n\t\t\t\t<div class=\"elementor-widget-container\">\n\t\t\t\t\t\t\t\t\t<p>Le sirop d\u2019\u00e9rable est plus qu\u2019un produit\u00a0: il est devenu un symbole de croissance, d\u2019audace et un pilier de l\u2019\u00e9conomie de l\u2019avenir au Nouveau-Brunswick. Plus que jamais, nous devons faire les bons choix aujourd\u2019hui pour demain.<\/p>\t\t\t\t\t\t\t\t<\/div>\n\t\t\t\t<\/div>\n\t\t\t\t<div class=\"elementor-element elementor-element-fa4d3a8 mobile_pera elementor-widget elementor-widget-text-editor\" data-id=\"fa4d3a8\" data-element_type=\"widget\" data-e-type=\"widget\" data-widget_type=\"text-editor.default\">\n\t\t\t\t<div class=\"elementor-widget-container\">\n\t\t\t\t\t\t\t\t\t<p><em>Sign\u00e9 par le pr\u00e9sident,\u00a0<\/em><em>Glenn Somers<\/em><\/p>\t\t\t\t\t\t\t\t<\/div>\n\t\t\t\t<\/div>\n\t\t\t\t<div class=\"elementor-element elementor-element-5c1b41e mobile_pera elementor-widget elementor-widget-text-editor\" data-id=\"5c1b41e\" data-element_type=\"widget\" data-e-type=\"widget\" data-widget_type=\"text-editor.default\">\n\t\t\t\t<div class=\"elementor-widget-container\">\n\t\t\t\t\t\t\t\t\t<p><em>Contenu commandit\u00e9<\/em><\/p>\t\t\t\t\t\t\t\t<\/div>\n\t\t\t\t<\/div>\n\t\t\t\t\t<\/div>\n\t\t<\/div>\n\t\t\t\t\t<\/div>\n\t\t<\/section>\n\t\t\t\t<\/div>\n\t\t","protected":false},"excerpt":{"rendered":"<p>Le sirop d\u2019\u00e9rable au Nouveau-Brunswick, une industrie tourn\u00e9e vers l\u2019avenir Le pr\u00e9sident de l\u2019AANB, Glenn Somers, explique une m\u00e9thode d\u2019entaillage au ministre des Ressources naturelles du N.-B., John Herron, lors de sa visite \u00e0 Saint-Quentin. Les deux sont en compagnie du directeur g\u00e9n\u00e9ral par int\u00e9rim de l\u2019Association, Fr\u00e9d\u00e9rick Dion. Le sirop d\u2019\u00e9rable fait partie de [&hellip;]<\/p>\n","protected":false},"author":7,"featured_media":0,"parent":0,"menu_order":6,"comment_status":"closed","ping_status":"closed","template":"","meta":{"site-sidebar-layout":"no-sidebar","site-content-layout":"page-builder","ast-site-content-layout":"default","site-content-style":"default","site-sidebar-style":"default","ast-global-header-display":"","ast-banner-title-visibility":"","ast-main-header-display":"","ast-hfb-above-header-display":"","ast-hfb-below-header-display":"","ast-hfb-mobile-header-display":"","site-post-title":"disabled","ast-breadcrumbs-content":"","ast-featured-img":"disabled","footer-sml-layout":"","ast-disable-related-posts":"","theme-transparent-header-meta":"default","adv-header-id-meta":"","stick-header-meta":"","header-above-stick-meta":"","header-main-stick-meta":"","header-below-stick-meta":"","astra-migrate-meta-layouts":"default","ast-page-background-enabled":"default","ast-page-background-meta":{"desktop":{"background-color":"var(--ast-global-color-4)","background-image":"","background-repeat":"repeat","background-position":"center center","background-size":"auto","background-attachment":"scroll","background-type":"","background-media":"","overlay-type":"","overlay-color":"","overlay-opacity":"","overlay-gradient":""},"tablet":{"background-color":"","background-image":"","background-repeat":"repeat","background-position":"center center","background-size":"auto","background-attachment":"scroll","background-type":"","background-media":"","overlay-type":"","overlay-color":"","overlay-opacity":"","overlay-gradient":""},"mobile":{"background-color":"","background-image":"","background-repeat":"repeat","background-position":"center center","background-size":"auto","background-attachment":"scroll","background-type":"","background-media":"","overlay-type":"","overlay-color":"","overlay-opacity":"","overlay-gradient":""}},"ast-content-background-meta":{"desktop":{"background-color":"var(--ast-global-color-5)","background-image":"","background-repeat":"repeat","background-position":"center center","background-size":"auto","background-attachment":"scroll","background-type":"","background-media":"","overlay-type":"","overlay-color":"","overlay-opacity":"","overlay-gradient":""},"tablet":{"background-color":"var(--ast-global-color-5)","background-image":"","background-repeat":"repeat","background-position":"center center","background-size":"auto","background-attachment":"scroll","background-type":"","background-media":"","overlay-type":"","overlay-color":"","overlay-opacity":"","overlay-gradient":""},"mobile":{"background-color":"var(--ast-global-color-5)","background-image":"","background-repeat":"repeat","background-position":"center center","background-size":"auto","background-attachment":"scroll","background-type":"","background-media":"","overlay-type":"","overlay-color":"","overlay-opacity":"","overlay-gradient":""}},"footnotes":""},"page-categories":[],"class_list":["post-7917","page","type-page","status-publish","hentry"],"_links":{"self":[{"href":"https:\/\/kiosque.acadienouvelle.com\/acericulture-nb-2026\/wp-json\/wp\/v2\/pages\/7917","targetHints":{"allow":["GET"]}}],"collection":[{"href":"https:\/\/kiosque.acadienouvelle.com\/acericulture-nb-2026\/wp-json\/wp\/v2\/pages"}],"about":[{"href":"https:\/\/kiosque.acadienouvelle.com\/acericulture-nb-2026\/wp-json\/wp\/v2\/types\/page"}],"author":[{"embeddable":true,"href":"https:\/\/kiosque.acadienouvelle.com\/acericulture-nb-2026\/wp-json\/wp\/v2\/users\/7"}],"replies":[{"embeddable":true,"href":"https:\/\/kiosque.acadienouvelle.com\/acericulture-nb-2026\/wp-json\/wp\/v2\/comments?post=7917"}],"version-history":[{"count":12,"href":"https:\/\/kiosque.acadienouvelle.com\/acericulture-nb-2026\/wp-json\/wp\/v2\/pages\/7917\/revisions"}],"predecessor-version":[{"id":7930,"href":"https:\/\/kiosque.acadienouvelle.com\/acericulture-nb-2026\/wp-json\/wp\/v2\/pages\/7917\/revisions\/7930"}],"wp:attachment":[{"href":"https:\/\/kiosque.acadienouvelle.com\/acericulture-nb-2026\/wp-json\/wp\/v2\/media?parent=7917"}],"wp:term":[{"taxonomy":"page-categories","embeddable":true,"href":"https:\/\/kiosque.acadienouvelle.com\/acericulture-nb-2026\/wp-json\/wp\/v2\/page-categories?post=7917"}],"curies":[{"name":"wp","href":"https:\/\/api.w.org\/{rel}","templated":true}]}}