{"id":7934,"date":"2026-03-16T16:58:16","date_gmt":"2026-03-16T16:58:16","guid":{"rendered":"https:\/\/kiosque.acadienouvelle.com\/acericulture-nb-2026\/goutez-lexprience-rablicieux\/"},"modified":"2026-03-16T17:08:22","modified_gmt":"2026-03-16T17:08:22","slug":"goutez-lexprience-rablicieux","status":"publish","type":"page","link":"https:\/\/kiosque.acadienouvelle.com\/acericulture-nb-2026\/goutez-lexprience-rablicieux\/","title":{"rendered":"Goutez l\u2019exp\u00e9rience \u00c9rablicieux"},"content":{"rendered":"\t\t<div data-elementor-type=\"wp-page\" data-elementor-id=\"7934\" class=\"elementor elementor-7934\" data-elementor-post-type=\"page\">\n\t\t\t\t\t\t<section class=\"elementor-section elementor-top-section elementor-element elementor-element-50c1b6e elementor-section-height-min-height header_title banner_img elementor-section-boxed elementor-section-height-default elementor-section-items-middle\" data-id=\"50c1b6e\" data-element_type=\"section\" data-e-type=\"section\" data-settings=\"{&quot;background_background&quot;:&quot;classic&quot;}\">\n\t\t\t\t\t\t\t<div class=\"elementor-background-overlay\"><\/div>\n\t\t\t\t\t\t\t<div class=\"elementor-container elementor-column-gap-default\">\n\t\t\t\t\t<div class=\"elementor-column elementor-col-100 elementor-top-column elementor-element elementor-element-3a2d241\" data-id=\"3a2d241\" data-element_type=\"column\" data-e-type=\"column\">\n\t\t\t<div class=\"elementor-widget-wrap elementor-element-populated\">\n\t\t\t\t\t\t<div class=\"elementor-element elementor-element-9673cd2 elementor-widget elementor-widget-heading\" data-id=\"9673cd2\" data-element_type=\"widget\" data-e-type=\"widget\" data-widget_type=\"heading.default\">\n\t\t\t\t<div class=\"elementor-widget-container\">\n\t\t\t\t\t<h2 class=\"elementor-heading-title elementor-size-default\">Goutez l\u2019exp\u00e9rience \u00c9rablicieux<\/h2>\t\t\t\t<\/div>\n\t\t\t\t<\/div>\n\t\t\t\t\t<\/div>\n\t\t<\/div>\n\t\t\t\t\t<\/div>\n\t\t<\/section>\n\t\t\t\t<section class=\"elementor-section elementor-top-section elementor-element elementor-element-d9a853a elementor-section-boxed elementor-section-height-default elementor-section-height-default\" data-id=\"d9a853a\" data-element_type=\"section\" data-e-type=\"section\">\n\t\t\t\t\t\t<div class=\"elementor-container elementor-column-gap-default\">\n\t\t\t\t\t<div class=\"elementor-column elementor-col-100 elementor-top-column elementor-element elementor-element-68d9c5a page_contain\" data-id=\"68d9c5a\" data-element_type=\"column\" data-e-type=\"column\" data-settings=\"{&quot;background_background&quot;:&quot;classic&quot;}\">\n\t\t\t<div class=\"elementor-widget-wrap elementor-element-populated\">\n\t\t\t\t\t\t<div class=\"elementor-element elementor-element-50f1f9b elementor-widget elementor-widget-image\" data-id=\"50f1f9b\" data-element_type=\"widget\" data-e-type=\"widget\" data-widget_type=\"image.default\">\n\t\t\t\t<div class=\"elementor-widget-container\">\n\t\t\t\t\t\t\t\t\t\t\t\t<figure class=\"wp-caption\">\n\t\t\t\t\t\t\t\t\t\t<img fetchpriority=\"high\" decoding=\"async\" width=\"1366\" height=\"768\" src=\"https:\/\/kiosque.acadienouvelle.com\/acericulture-nb-2026\/wp-content\/uploads\/sites\/386\/2026\/03\/7-goutez_lexperience_landing.jpg\" class=\"attachment-full size-full wp-image-7939\" alt=\"\" srcset=\"https:\/\/kiosque.acadienouvelle.com\/acericulture-nb-2026\/wp-content\/uploads\/sites\/386\/2026\/03\/7-goutez_lexperience_landing.jpg 1366w, https:\/\/kiosque.acadienouvelle.com\/acericulture-nb-2026\/wp-content\/uploads\/sites\/386\/2026\/03\/7-goutez_lexperience_landing-300x169.jpg 300w, https:\/\/kiosque.acadienouvelle.com\/acericulture-nb-2026\/wp-content\/uploads\/sites\/386\/2026\/03\/7-goutez_lexperience_landing-1024x576.jpg 1024w, https:\/\/kiosque.acadienouvelle.com\/acericulture-nb-2026\/wp-content\/uploads\/sites\/386\/2026\/03\/7-goutez_lexperience_landing-768x432.jpg 768w\" sizes=\"(max-width: 1366px) 100vw, 1366px\" \/>\t\t\t\t\t\t\t\t\t\t\t<figcaption class=\"widget-image-caption wp-caption-text\"><\/figcaption>\n\t\t\t\t\t\t\t\t\t\t<\/figure>\n\t\t\t\t\t\t\t\t\t<\/div>\n\t\t\t\t<\/div>\n\t\t<link rel=\"stylesheet\" href=\"https:\/\/use.fontawesome.com\/releases\/v5.5.0\/css\/all.css\" integrity=\"sha384-B4dIYHKNBt8Bc12p+WXckhzcICo0wtJAoU8YZTY5qE0Id1GSseTk6S+L3BlXeVIU\" crossorigin=\"anonymous\">\r\n\t\t<div class=\"elementor-element elementor-element-d0a0a3b mobile_pera elementor-widget elementor-widget-text-editor\" data-id=\"d0a0a3b\" data-element_type=\"widget\" data-e-type=\"widget\" data-widget_type=\"text-editor.default\">\n\t\t\t\t<div class=\"elementor-widget-container\">\n\t\t\t\t\t\t\t\t\t<p><img decoding=\"async\" class=\"alignleft size-full wp-image-7941\" src=\"https:\/\/kiosque.acadienouvelle.com\/acericulture-nb-2026\/wp-content\/uploads\/sites\/386\/2026\/03\/7-goutez_lexperience_photo.jpg\" alt=\"\" width=\"1366\" height=\"768\" srcset=\"https:\/\/kiosque.acadienouvelle.com\/acericulture-nb-2026\/wp-content\/uploads\/sites\/386\/2026\/03\/7-goutez_lexperience_photo.jpg 1366w, https:\/\/kiosque.acadienouvelle.com\/acericulture-nb-2026\/wp-content\/uploads\/sites\/386\/2026\/03\/7-goutez_lexperience_photo-300x169.jpg 300w, https:\/\/kiosque.acadienouvelle.com\/acericulture-nb-2026\/wp-content\/uploads\/sites\/386\/2026\/03\/7-goutez_lexperience_photo-1024x576.jpg 1024w, https:\/\/kiosque.acadienouvelle.com\/acericulture-nb-2026\/wp-content\/uploads\/sites\/386\/2026\/03\/7-goutez_lexperience_photo-768x432.jpg 768w\" sizes=\"(max-width: 1366px) 100vw, 1366px\" \/><\/p>\t\t\t\t\t\t\t\t<\/div>\n\t\t\t\t<\/div>\n\t\t\t\t<div class=\"elementor-element elementor-element-d7b22bb mobile_pera elementor-widget elementor-widget-text-editor\" data-id=\"d7b22bb\" data-element_type=\"widget\" data-e-type=\"widget\" data-widget_type=\"text-editor.default\">\n\t\t\t\t<div class=\"elementor-widget-container\">\n\t\t\t\t\t\t\t\t\t<p>Au Nouveau-Brunswick, l\u2019\u00e9rable fait bien plus que marquer une saison : il incarne une richesse culturelle, un savoir-faire local et une source de fiert\u00e9. De la for\u00eat \u00e0 la table, nos producteurs transforment avec passion la s\u00e8ve en sirop pur et en une gamme de produits savoureux qui se d\u00e9gustent toute l\u2019ann\u00e9e.<\/p>\t\t\t\t\t\t\t\t<\/div>\n\t\t\t\t<\/div>\n\t\t\t\t<div class=\"elementor-element elementor-element-a8a2d81 mobile_pera elementor-widget elementor-widget-text-editor\" data-id=\"a8a2d81\" data-element_type=\"widget\" data-e-type=\"widget\" data-widget_type=\"text-editor.default\">\n\t\t\t\t<div class=\"elementor-widget-container\">\n\t\t\t\t\t\t\t\t\t<p>\u00c9rablicieuxNB vous invite \u00e0 vivre l\u2019univers de l\u2019\u00e9rable \u00e0 travers des exp\u00e9riences gourmandes, des d\u00e9couvertes culturelles, des \u00e9v\u00e9nements uniques et des rencontres authentiques avec ceux qui font vivre cette tradition.<\/p>\t\t\t\t\t\t\t\t<\/div>\n\t\t\t\t<\/div>\n\t\t\t\t<div class=\"elementor-element elementor-element-a0a2b33 elementor-widget elementor-widget-advertisement\" data-id=\"a0a2b33\" data-element_type=\"widget\" data-e-type=\"widget\" data-widget_type=\"advertisement.default\">\n\t\t\t\t<div class=\"elementor-widget-container\">\n\t\t\t\t\t<div class=\"ads-align-center\"><div data-m32-ad data-options='{\"sizes\":\"[[300,250]]\",\"dfpId\":\"21658289790,27729547\",\"dfpAdUnitPath\":\"acadienouvelle\/cahiers_quarterpage_300x250\"}'><\/div><\/div>\t\t\t\t<\/div>\n\t\t\t\t<\/div>\n\t\t\t\t<div class=\"elementor-element elementor-element-0b6ad93 mobile_pera elementor-widget elementor-widget-text-editor\" data-id=\"0b6ad93\" data-element_type=\"widget\" data-e-type=\"widget\" data-widget_type=\"text-editor.default\">\n\t\t\t\t<div class=\"elementor-widget-container\">\n\t\t\t\t\t\t\t\t\t<p><b>Le sirop d\u2019\u00e9rable pur\u2026 un choix naturel et nutritif<\/b><\/p>\t\t\t\t\t\t\t\t<\/div>\n\t\t\t\t<\/div>\n\t\t\t\t<div class=\"elementor-element elementor-element-74263c8 mobile_pera elementor-widget elementor-widget-text-editor\" data-id=\"74263c8\" data-element_type=\"widget\" data-e-type=\"widget\" data-widget_type=\"text-editor.default\">\n\t\t\t\t<div class=\"elementor-widget-container\">\n\t\t\t\t\t\t\t\t\t<p>Riche en nutriments, la s\u00e8ve d\u2019\u00e9rable est un cadeau de la nature, r\u00e9colt\u00e9 au rythme des saisons. Lors de la coul\u00e9e printani\u00e8re, sa transformation en sirop r\u00e9v\u00e8le une \u00e9tonnante palette de saveurs et de couleurs. Du dor\u00e9 d\u00e9licat au tr\u00e8s fonc\u00e9 au go\u00fbt prononc\u00e9, chaque goutte raconte l\u2019\u00e9volution de la saison.<\/p>\t\t\t\t\t\t\t\t<\/div>\n\t\t\t\t<\/div>\n\t\t\t\t<div class=\"elementor-element elementor-element-12bda4a mobile_pera elementor-widget elementor-widget-text-editor\" data-id=\"12bda4a\" data-element_type=\"widget\" data-e-type=\"widget\" data-widget_type=\"text-editor.default\">\n\t\t\t\t<div class=\"elementor-widget-container\">\n\t\t\t\t\t\t\t\t\t<p><strong>Pour plus d\u2019information : https:\/\/www.erablenbmaple.ca<\/strong><\/p>\t\t\t\t\t\t\t\t<\/div>\n\t\t\t\t<\/div>\n\t\t\t\t<div class=\"elementor-element elementor-element-4708e9b box_pera elementor-widget elementor-widget-text-editor\" data-id=\"4708e9b\" data-element_type=\"widget\" data-e-type=\"widget\" data-widget_type=\"text-editor.default\">\n\t\t\t\t<div class=\"elementor-widget-container\">\n\t\t\t\t\t\t\t\t\t<h1><b>TARTE AU SIROP D\u2019\u00c9RABLE<\/b><\/h1><h1><b><img decoding=\"async\" src=\"https:\/\/kiosque.acadienouvelle.com\/acericulture-nb-2026\/wp-content\/uploads\/sites\/386\/2026\/03\/7-goutez_lexperience_tarte.jpg\" alt=\"\" width=\"1366\" height=\"768\" \/><br \/><\/b><\/h1><h1><span style=\"font-size: 20px; color: #000000; font-family: Ubuntu, sans-serif; font-style: inherit;\">INGR\u00c9DIENTS<\/span><\/h1><div><div><ul><li>1 1\/4 de tasse de farine tout usage<\/li><\/ul><ul><li>1\/2 c. \u00e0 th\u00e9 de poudre levante<\/li><li>1\/4 de c. \u00e0 th\u00e9 de sel<\/li><\/ul><\/div><div><ul><li>1\/2 tasse de beurre non sal\u00e9 froid,<\/li><li>3 c. \u00e0 soupe d\u2019eau glac\u00e9e<\/li><li>2 c. \u00e0 soupe de f\u00e9cule de ma\u00efs<\/li><li>2 c. \u00e0 soupe de farine tout usage non blanchie<\/li><li>1 1\/2 tasse de sirop d\u2019\u00e9rable ambr\u00e9<\/li><li>1\/2 tasse de cr\u00e8me 35 %<\/li><li>1 \u0153uf<\/li><\/ul><\/div><\/div><div>\u00a0<\/div><div><div><b>PR\u00c9PARATION<\/b><\/div><\/div><div><b>\u00a0<\/b><\/div><div><div>Au robot culinaire, m\u00e9langer la farine, la poudre levante et le sel. Ajouter le beurre et m\u00e9langer quelques secondes \u00e0 la fois jusqu\u2019\u00e0 ce qu\u2019il ait la grosseur de petits pois. Ajouter l\u2019eau et m\u00e9langer de nouveau jusqu\u2019\u00e0 ce que la p\u00e2te commence tout juste \u00e0 se former. Ajouter de l\u2019eau au besoin.Retirer la p\u00e2te du robot et former un disque. Ajouter le beurre et m\u00e9langer quelques secondes \u00e0 la fois jusqu\u2019\u00e0 ce qu\u2019il ait la grosseur de petits pois.<\/div><\/div><p><span style=\"color: var( --e-global-color-text ); font-style: inherit; font-weight: inherit;\">\u00a0<\/span><\/p>\t\t\t\t\t\t\t\t<\/div>\n\t\t\t\t<\/div>\n\t\t\t\t\t<\/div>\n\t\t<\/div>\n\t\t\t\t\t<\/div>\n\t\t<\/section>\n\t\t\t\t<\/div>\n\t\t","protected":false},"excerpt":{"rendered":"<p>Goutez l\u2019exp\u00e9rience \u00c9rablicieux Au Nouveau-Brunswick, l\u2019\u00e9rable fait bien plus que marquer une saison : il incarne une richesse culturelle, un savoir-faire local et une source de fiert\u00e9. De la for\u00eat \u00e0 la table, nos producteurs transforment avec passion la s\u00e8ve en sirop pur et en une gamme de produits savoureux qui se d\u00e9gustent toute l\u2019ann\u00e9e. [&hellip;]<\/p>\n","protected":false},"author":7,"featured_media":0,"parent":0,"menu_order":7,"comment_status":"closed","ping_status":"closed","template":"","meta":{"site-sidebar-layout":"no-sidebar","site-content-layout":"page-builder","ast-site-content-layout":"default","site-content-style":"default","site-sidebar-style":"default","ast-global-header-display":"","ast-banner-title-visibility":"","ast-main-header-display":"","ast-hfb-above-header-display":"","ast-hfb-below-header-display":"","ast-hfb-mobile-header-display":"","site-post-title":"disabled","ast-breadcrumbs-content":"","ast-featured-img":"disabled","footer-sml-layout":"","ast-disable-related-posts":"","theme-transparent-header-meta":"default","adv-header-id-meta":"","stick-header-meta":"","header-above-stick-meta":"","header-main-stick-meta":"","header-below-stick-meta":"","astra-migrate-meta-layouts":"default","ast-page-background-enabled":"default","ast-page-background-meta":{"desktop":{"background-color":"var(--ast-global-color-4)","background-image":"","background-repeat":"repeat","background-position":"center center","background-size":"auto","background-attachment":"scroll","background-type":"","background-media":"","overlay-type":"","overlay-color":"","overlay-opacity":"","overlay-gradient":""},"tablet":{"background-color":"","background-image":"","background-repeat":"repeat","background-position":"center center","background-size":"auto","background-attachment":"scroll","background-type":"","background-media":"","overlay-type":"","overlay-color":"","overlay-opacity":"","overlay-gradient":""},"mobile":{"background-color":"","background-image":"","background-repeat":"repeat","background-position":"center center","background-size":"auto","background-attachment":"scroll","background-type":"","background-media":"","overlay-type":"","overlay-color":"","overlay-opacity":"","overlay-gradient":""}},"ast-content-background-meta":{"desktop":{"background-color":"var(--ast-global-color-5)","background-image":"","background-repeat":"repeat","background-position":"center center","background-size":"auto","background-attachment":"scroll","background-type":"","background-media":"","overlay-type":"","overlay-color":"","overlay-opacity":"","overlay-gradient":""},"tablet":{"background-color":"var(--ast-global-color-5)","background-image":"","background-repeat":"repeat","background-position":"center center","background-size":"auto","background-attachment":"scroll","background-type":"","background-media":"","overlay-type":"","overlay-color":"","overlay-opacity":"","overlay-gradient":""},"mobile":{"background-color":"var(--ast-global-color-5)","background-image":"","background-repeat":"repeat","background-position":"center center","background-size":"auto","background-attachment":"scroll","background-type":"","background-media":"","overlay-type":"","overlay-color":"","overlay-opacity":"","overlay-gradient":""}},"footnotes":""},"page-categories":[],"class_list":["post-7934","page","type-page","status-publish","hentry"],"_links":{"self":[{"href":"https:\/\/kiosque.acadienouvelle.com\/acericulture-nb-2026\/wp-json\/wp\/v2\/pages\/7934","targetHints":{"allow":["GET"]}}],"collection":[{"href":"https:\/\/kiosque.acadienouvelle.com\/acericulture-nb-2026\/wp-json\/wp\/v2\/pages"}],"about":[{"href":"https:\/\/kiosque.acadienouvelle.com\/acericulture-nb-2026\/wp-json\/wp\/v2\/types\/page"}],"author":[{"embeddable":true,"href":"https:\/\/kiosque.acadienouvelle.com\/acericulture-nb-2026\/wp-json\/wp\/v2\/users\/7"}],"replies":[{"embeddable":true,"href":"https:\/\/kiosque.acadienouvelle.com\/acericulture-nb-2026\/wp-json\/wp\/v2\/comments?post=7934"}],"version-history":[{"count":13,"href":"https:\/\/kiosque.acadienouvelle.com\/acericulture-nb-2026\/wp-json\/wp\/v2\/pages\/7934\/revisions"}],"predecessor-version":[{"id":7951,"href":"https:\/\/kiosque.acadienouvelle.com\/acericulture-nb-2026\/wp-json\/wp\/v2\/pages\/7934\/revisions\/7951"}],"wp:attachment":[{"href":"https:\/\/kiosque.acadienouvelle.com\/acericulture-nb-2026\/wp-json\/wp\/v2\/media?parent=7934"}],"wp:term":[{"taxonomy":"page-categories","embeddable":true,"href":"https:\/\/kiosque.acadienouvelle.com\/acericulture-nb-2026\/wp-json\/wp\/v2\/page-categories?post=7934"}],"curies":[{"name":"wp","href":"https:\/\/api.w.org\/{rel}","templated":true}]}}