{"id":8039,"date":"2025-10-01T19:01:04","date_gmt":"2025-10-01T19:01:04","guid":{"rendered":"https:\/\/kiosque.acadienouvelle.com\/aefnb-2025\/?page_id=8039"},"modified":"2025-10-02T17:16:27","modified_gmt":"2025-10-02T17:16:27","slug":"voir-leducation-autrement","status":"publish","type":"page","link":"https:\/\/kiosque.acadienouvelle.com\/aefnb-2025\/voir-leducation-autrement\/","title":{"rendered":"Voir l\u2019\u00e9ducation autrement : les colloques de Clair toujours aussi populaires!"},"content":{"rendered":"\t\t<div data-elementor-type=\"wp-page\" data-elementor-id=\"8039\" class=\"elementor elementor-8039\" data-elementor-post-type=\"page\">\n\t\t\t\t\t\t<section class=\"elementor-section elementor-top-section elementor-element elementor-element-96efe8d header_title banner_img elementor-section-full_width elementor-section-stretched elementor-section-height-default elementor-section-height-default\" data-id=\"96efe8d\" data-element_type=\"section\" data-e-type=\"section\" data-settings=\"{&quot;background_background&quot;:&quot;classic&quot;,&quot;stretch_section&quot;:&quot;section-stretched&quot;}\">\n\t\t\t\t\t\t\t<div class=\"elementor-background-overlay\"><\/div>\n\t\t\t\t\t\t\t<div class=\"elementor-container elementor-column-gap-default\">\n\t\t\t\t\t<div class=\"elementor-column elementor-col-100 elementor-top-column elementor-element elementor-element-76f7561\" data-id=\"76f7561\" data-element_type=\"column\" data-e-type=\"column\" data-settings=\"{&quot;background_background&quot;:&quot;classic&quot;}\">\n\t\t\t<div class=\"elementor-widget-wrap elementor-element-populated\">\n\t\t\t\t\t\t<div class=\"elementor-element elementor-element-aa07024 elementor-widget elementor-widget-heading\" data-id=\"aa07024\" data-element_type=\"widget\" data-e-type=\"widget\" data-widget_type=\"heading.default\">\n\t\t\t\t<div class=\"elementor-widget-container\">\n\t\t\t\t\t<h2 class=\"elementor-heading-title elementor-size-default\">Voir l\u2019\u00e9ducation autrement : les colloques de Clair toujours aussi populaires!<\/h2>\t\t\t\t<\/div>\n\t\t\t\t<\/div>\n\t\t\t\t\t<\/div>\n\t\t<\/div>\n\t\t\t\t\t<\/div>\n\t\t<\/section>\n\t\t\t\t<section class=\"elementor-section elementor-top-section elementor-element elementor-element-d9a853a elementor-section-boxed elementor-section-height-default elementor-section-height-default\" data-id=\"d9a853a\" data-element_type=\"section\" data-e-type=\"section\">\n\t\t\t\t\t\t<div class=\"elementor-container elementor-column-gap-default\">\n\t\t\t\t\t<div class=\"elementor-column elementor-col-100 elementor-top-column elementor-element elementor-element-68d9c5a page_contain\" data-id=\"68d9c5a\" data-element_type=\"column\" data-e-type=\"column\" data-settings=\"{&quot;background_background&quot;:&quot;classic&quot;}\">\n\t\t\t<div class=\"elementor-widget-wrap elementor-element-populated\">\n\t\t\t\t\t\t<div class=\"elementor-element elementor-element-50f1f9b elementor-widget elementor-widget-image\" data-id=\"50f1f9b\" data-element_type=\"widget\" data-e-type=\"widget\" data-widget_type=\"image.default\">\n\t\t\t\t<div class=\"elementor-widget-container\">\n\t\t\t\t\t\t\t\t\t\t\t\t<figure class=\"wp-caption\">\n\t\t\t\t\t\t\t\t\t\t<img fetchpriority=\"high\" decoding=\"async\" width=\"1366\" height=\"768\" src=\"https:\/\/kiosque.acadienouvelle.com\/aefnb-2025\/wp-content\/uploads\/sites\/351\/2025\/10\/20_Clair_land.jpg\" class=\"attachment-full size-full wp-image-7964\" alt=\"\" srcset=\"https:\/\/kiosque.acadienouvelle.com\/aefnb-2025\/wp-content\/uploads\/sites\/351\/2025\/10\/20_Clair_land.jpg 1366w, https:\/\/kiosque.acadienouvelle.com\/aefnb-2025\/wp-content\/uploads\/sites\/351\/2025\/10\/20_Clair_land-300x169.jpg 300w, https:\/\/kiosque.acadienouvelle.com\/aefnb-2025\/wp-content\/uploads\/sites\/351\/2025\/10\/20_Clair_land-1024x576.jpg 1024w, https:\/\/kiosque.acadienouvelle.com\/aefnb-2025\/wp-content\/uploads\/sites\/351\/2025\/10\/20_Clair_land-768x432.jpg 768w\" sizes=\"(max-width: 1366px) 100vw, 1366px\" \/>\t\t\t\t\t\t\t\t\t\t\t<figcaption class=\"widget-image-caption wp-caption-text\"><\/figcaption>\n\t\t\t\t\t\t\t\t\t\t<\/figure>\n\t\t\t\t\t\t\t\t\t<\/div>\n\t\t\t\t<\/div>\n\t\t<link rel=\"stylesheet\" href=\"https:\/\/use.fontawesome.com\/releases\/v5.5.0\/css\/all.css\" integrity=\"sha384-B4dIYHKNBt8Bc12p+WXckhzcICo0wtJAoU8YZTY5qE0Id1GSseTk6S+L3BlXeVIU\" crossorigin=\"anonymous\">\r\n\t\t<div class=\"elementor-element elementor-element-d0a0a3b mobile_pera elementor-widget elementor-widget-text-editor\" data-id=\"d0a0a3b\" data-element_type=\"widget\" data-e-type=\"widget\" data-widget_type=\"text-editor.default\">\n\t\t\t\t<div class=\"elementor-widget-container\">\n\t\t\t\t\t\t\t\t\tChaque mois de janvier finit sur une bonne note pour les quelque 300 p\u00e9dagogues qui r\u00e9ussissent \u00e0 se faufiler pr\u00e8s des fronti\u00e8res am\u00e9ricaines, dans la r\u00e9gion du Madawaska! L\u2019hospitalit\u00e9 d\u2019une communaut\u00e9 enti\u00e8re r\u00e9chauffe l\u2019hiver : vous l\u2019avez devin\u00e9, on parle de Clair! L\u2019AEFNB subventionne non seulement la participation de plusieurs de ses membres aux colloques de Clair, mais son personnel ne manque pas, ann\u00e9e apr\u00e8s ann\u00e9e, d\u2019aller s\u2019y ressourcer! Sur la photo, l\u2019\u00e9dition 2025 a permis d\u2019inclure, dans la riche programmation, un atelier d\u2019art visuel et de cr\u00e9ativit\u00e9 \u00e0 une vingtaine d\u2019enseignantes et d\u2019enseignants qui touchent plus rarement aux pinceaux! En outre, elle a permis d\u2019aller \u00e0 la d\u00e9couverte de cr\u00e9ations et de projets aussi h\u00e9t\u00e9roclites qu\u2019\u00e9poustouflants des \u00e9l\u00e8ves de la r\u00e9gion! Allez vite vous inscrire \u00e0 Clair 2026!\t\t\t\t\t\t\t\t<\/div>\n\t\t\t\t<\/div>\n\t\t\t\t<div class=\"elementor-element elementor-element-5a8d874 elementor-widget elementor-widget-advertisement\" data-id=\"5a8d874\" data-element_type=\"widget\" data-e-type=\"widget\" data-widget_type=\"advertisement.default\">\n\t\t\t\t<div class=\"elementor-widget-container\">\n\t\t\t\t\t<div class=\"ads-align-center\"><div data-m32-ad data-options='{\"sizes\":\"[[320,480]]\",\"dfpId\":\"21658289790,27729547\",\"dfpAdUnitPath\":\"acadienouvelle\/cahiers_halfpage_320x480\"}'><\/div><\/div>\t\t\t\t<\/div>\n\t\t\t\t<\/div>\n\t\t\t\t<div class=\"elementor-element elementor-element-5da495b mobile_pera elementor-widget elementor-widget-text-editor\" data-id=\"5da495b\" data-element_type=\"widget\" data-e-type=\"widget\" data-widget_type=\"text-editor.default\">\n\t\t\t\t<div class=\"elementor-widget-container\">\n\t\t\t\t\t\t\t\t\t<h1><span style=\"color: #000000;\">Un nouveau site Web pour l\u2019AEFNB!\u00a0<\/span><\/h1><p>Plus moderne, plus clair et plus facile \u00e0 naviguer, le site Web de l\u2019AEFNB a \u00e9t\u00e9 repens\u00e9. Que ce soit pour trouver de l\u2019information, acc\u00e9der \u00e0 vos services ou suivre nos actualit\u00e9s, tout est maintenant \u00e0 port\u00e9e de clic. Rendez-vous au aefnb.ca pour explorer toutes ces nouveaut\u00e9s!\u00a0<\/p>\t\t\t\t\t\t\t\t<\/div>\n\t\t\t\t<\/div>\n\t\t\t\t<div class=\"elementor-element elementor-element-805b266 elementor-widget elementor-widget-image\" data-id=\"805b266\" data-element_type=\"widget\" data-e-type=\"widget\" data-widget_type=\"image.default\">\n\t\t\t\t<div class=\"elementor-widget-container\">\n\t\t\t\t\t\t\t\t\t\t\t\t\t\t\t<img decoding=\"async\" width=\"1000\" height=\"467\" src=\"https:\/\/kiosque.acadienouvelle.com\/aefnb-2025\/wp-content\/uploads\/sites\/351\/2025\/10\/20_Site-Web.jpg\" class=\"attachment-large size-large wp-image-7965\" alt=\"\" srcset=\"https:\/\/kiosque.acadienouvelle.com\/aefnb-2025\/wp-content\/uploads\/sites\/351\/2025\/10\/20_Site-Web.jpg 1000w, https:\/\/kiosque.acadienouvelle.com\/aefnb-2025\/wp-content\/uploads\/sites\/351\/2025\/10\/20_Site-Web-300x140.jpg 300w, https:\/\/kiosque.acadienouvelle.com\/aefnb-2025\/wp-content\/uploads\/sites\/351\/2025\/10\/20_Site-Web-768x359.jpg 768w\" sizes=\"(max-width: 1000px) 100vw, 1000px\" \/>\t\t\t\t\t\t\t\t\t\t\t\t\t\t\t<\/div>\n\t\t\t\t<\/div>\n\t\t\t\t\t<\/div>\n\t\t<\/div>\n\t\t\t\t\t<\/div>\n\t\t<\/section>\n\t\t\t\t<\/div>\n\t\t","protected":false},"excerpt":{"rendered":"<p>Voir l\u2019\u00e9ducation autrement : les colloques de Clair toujours aussi populaires! Chaque mois de janvier finit sur une bonne note pour les quelque 300 p\u00e9dagogues qui r\u00e9ussissent \u00e0 se faufiler pr\u00e8s des fronti\u00e8res am\u00e9ricaines, dans la r\u00e9gion du Madawaska! L\u2019hospitalit\u00e9 d\u2019une communaut\u00e9 enti\u00e8re r\u00e9chauffe l\u2019hiver : vous l\u2019avez devin\u00e9, on parle de Clair! L\u2019AEFNB subventionne [&hellip;]<\/p>\n","protected":false},"author":1,"featured_media":0,"parent":0,"menu_order":20,"comment_status":"closed","ping_status":"closed","template":"","meta":{"site-sidebar-layout":"no-sidebar","site-content-layout":"page-builder","ast-site-content-layout":"default","site-content-style":"default","site-sidebar-style":"default","ast-global-header-display":"","ast-banner-title-visibility":"","ast-main-header-display":"","ast-hfb-above-header-display":"","ast-hfb-below-header-display":"","ast-hfb-mobile-header-display":"","site-post-title":"disabled","ast-breadcrumbs-content":"","ast-featured-img":"disabled","footer-sml-layout":"","ast-disable-related-posts":"","theme-transparent-header-meta":"default","adv-header-id-meta":"","stick-header-meta":"","header-above-stick-meta":"","header-main-stick-meta":"","header-below-stick-meta":"","astra-migrate-meta-layouts":"default","ast-page-background-enabled":"default","ast-page-background-meta":{"desktop":{"background-color":"var(--ast-global-color-4)","background-image":"","background-repeat":"repeat","background-position":"center center","background-size":"auto","background-attachment":"scroll","background-type":"","background-media":"","overlay-type":"","overlay-color":"","overlay-opacity":"","overlay-gradient":""},"tablet":{"background-color":"","background-image":"","background-repeat":"repeat","background-position":"center center","background-size":"auto","background-attachment":"scroll","background-type":"","background-media":"","overlay-type":"","overlay-color":"","overlay-opacity":"","overlay-gradient":""},"mobile":{"background-color":"","background-image":"","background-repeat":"repeat","background-position":"center center","background-size":"auto","background-attachment":"scroll","background-type":"","background-media":"","overlay-type":"","overlay-color":"","overlay-opacity":"","overlay-gradient":""}},"ast-content-background-meta":{"desktop":{"background-color":"var(--ast-global-color-5)","background-image":"","background-repeat":"repeat","background-position":"center center","background-size":"auto","background-attachment":"scroll","background-type":"","background-media":"","overlay-type":"","overlay-color":"","overlay-opacity":"","overlay-gradient":""},"tablet":{"background-color":"var(--ast-global-color-5)","background-image":"","background-repeat":"repeat","background-position":"center center","background-size":"auto","background-attachment":"scroll","background-type":"","background-media":"","overlay-type":"","overlay-color":"","overlay-opacity":"","overlay-gradient":""},"mobile":{"background-color":"var(--ast-global-color-5)","background-image":"","background-repeat":"repeat","background-position":"center center","background-size":"auto","background-attachment":"scroll","background-type":"","background-media":"","overlay-type":"","overlay-color":"","overlay-opacity":"","overlay-gradient":""}},"footnotes":""},"page-categories":[],"class_list":["post-8039","page","type-page","status-publish","hentry"],"_links":{"self":[{"href":"https:\/\/kiosque.acadienouvelle.com\/aefnb-2025\/wp-json\/wp\/v2\/pages\/8039","targetHints":{"allow":["GET"]}}],"collection":[{"href":"https:\/\/kiosque.acadienouvelle.com\/aefnb-2025\/wp-json\/wp\/v2\/pages"}],"about":[{"href":"https:\/\/kiosque.acadienouvelle.com\/aefnb-2025\/wp-json\/wp\/v2\/types\/page"}],"author":[{"embeddable":true,"href":"https:\/\/kiosque.acadienouvelle.com\/aefnb-2025\/wp-json\/wp\/v2\/users\/1"}],"replies":[{"embeddable":true,"href":"https:\/\/kiosque.acadienouvelle.com\/aefnb-2025\/wp-json\/wp\/v2\/comments?post=8039"}],"version-history":[{"count":22,"href":"https:\/\/kiosque.acadienouvelle.com\/aefnb-2025\/wp-json\/wp\/v2\/pages\/8039\/revisions"}],"predecessor-version":[{"id":8216,"href":"https:\/\/kiosque.acadienouvelle.com\/aefnb-2025\/wp-json\/wp\/v2\/pages\/8039\/revisions\/8216"}],"wp:attachment":[{"href":"https:\/\/kiosque.acadienouvelle.com\/aefnb-2025\/wp-json\/wp\/v2\/media?parent=8039"}],"wp:term":[{"taxonomy":"page-categories","embeddable":true,"href":"https:\/\/kiosque.acadienouvelle.com\/aefnb-2025\/wp-json\/wp\/v2\/page-categories?post=8039"}],"curies":[{"name":"wp","href":"https:\/\/api.w.org\/{rel}","templated":true}]}}