{"id":7889,"date":"2026-04-13T19:45:58","date_gmt":"2026-04-13T19:45:58","guid":{"rendered":"https:\/\/kiosque.acadienouvelle.com\/aquapeche-01-2026\/?page_id=7889"},"modified":"2026-04-14T17:06:46","modified_gmt":"2026-04-14T17:06:46","slug":"protection-baleines-noires","status":"publish","type":"page","link":"https:\/\/kiosque.acadienouvelle.com\/aquapeche-01-2026\/protection-baleines-noires\/","title":{"rendered":"Les mesures de protection des baleines noires demeurent une pr\u00e9occupation importante"},"content":{"rendered":"\t\t<div data-elementor-type=\"wp-page\" data-elementor-id=\"7889\" class=\"elementor elementor-7889\" data-elementor-post-type=\"page\">\n\t\t\t\t\t\t<section class=\"elementor-section elementor-top-section elementor-element elementor-element-50c1b6e elementor-section-height-min-height header_title banner_img elementor-section-boxed elementor-section-height-default elementor-section-items-middle\" data-id=\"50c1b6e\" data-element_type=\"section\" data-e-type=\"section\" data-settings=\"{&quot;background_background&quot;:&quot;classic&quot;}\">\n\t\t\t\t\t\t\t<div class=\"elementor-background-overlay\"><\/div>\n\t\t\t\t\t\t\t<div class=\"elementor-container elementor-column-gap-default\">\n\t\t\t\t\t<div class=\"elementor-column elementor-col-100 elementor-top-column elementor-element elementor-element-3a2d241\" data-id=\"3a2d241\" data-element_type=\"column\" data-e-type=\"column\">\n\t\t\t<div class=\"elementor-widget-wrap elementor-element-populated\">\n\t\t\t\t\t\t<div class=\"elementor-element elementor-element-9673cd2 elementor-widget elementor-widget-heading\" data-id=\"9673cd2\" data-element_type=\"widget\" data-e-type=\"widget\" data-widget_type=\"heading.default\">\n\t\t\t\t<div class=\"elementor-widget-container\">\n\t\t\t\t\t<h2 class=\"elementor-heading-title elementor-size-default\">Les mesures de protection des baleines noires demeurent une pr\u00e9occupation importante<\/h2>\t\t\t\t<\/div>\n\t\t\t\t<\/div>\n\t\t\t\t\t<\/div>\n\t\t<\/div>\n\t\t\t\t\t<\/div>\n\t\t<\/section>\n\t\t\t\t<section class=\"elementor-section elementor-top-section elementor-element elementor-element-d9a853a elementor-section-boxed elementor-section-height-default elementor-section-height-default\" data-id=\"d9a853a\" data-element_type=\"section\" data-e-type=\"section\">\n\t\t\t\t\t\t<div class=\"elementor-container elementor-column-gap-default\">\n\t\t\t\t\t<div class=\"elementor-column elementor-col-100 elementor-top-column elementor-element elementor-element-68d9c5a page_contain\" data-id=\"68d9c5a\" data-element_type=\"column\" data-e-type=\"column\" data-settings=\"{&quot;background_background&quot;:&quot;classic&quot;}\">\n\t\t\t<div class=\"elementor-widget-wrap elementor-element-populated\">\n\t\t\t\t\t\t<div class=\"elementor-element elementor-element-50f1f9b elementor-widget elementor-widget-image\" data-id=\"50f1f9b\" data-element_type=\"widget\" data-e-type=\"widget\" data-widget_type=\"image.default\">\n\t\t\t\t<div class=\"elementor-widget-container\">\n\t\t\t\t\t\t\t\t\t\t\t\t<figure class=\"wp-caption\">\n\t\t\t\t\t\t\t\t\t\t<img fetchpriority=\"high\" decoding=\"async\" width=\"1366\" height=\"768\" src=\"https:\/\/kiosque.acadienouvelle.com\/aquapeche-01-2026\/wp-content\/uploads\/sites\/391\/2026\/03\/03_Cable-flottant-2_land.jpg\" class=\"attachment-full size-full wp-image-7733\" alt=\"\" srcset=\"https:\/\/kiosque.acadienouvelle.com\/aquapeche-01-2026\/wp-content\/uploads\/sites\/391\/2026\/03\/03_Cable-flottant-2_land.jpg 1366w, https:\/\/kiosque.acadienouvelle.com\/aquapeche-01-2026\/wp-content\/uploads\/sites\/391\/2026\/03\/03_Cable-flottant-2_land-300x169.jpg 300w, https:\/\/kiosque.acadienouvelle.com\/aquapeche-01-2026\/wp-content\/uploads\/sites\/391\/2026\/03\/03_Cable-flottant-2_land-1024x576.jpg 1024w, https:\/\/kiosque.acadienouvelle.com\/aquapeche-01-2026\/wp-content\/uploads\/sites\/391\/2026\/03\/03_Cable-flottant-2_land-768x432.jpg 768w\" sizes=\"(max-width: 1366px) 100vw, 1366px\" \/>\t\t\t\t\t\t\t\t\t\t\t<figcaption class=\"widget-image-caption wp-caption-text\">Un c\u00e2ble qui flotte comme ceci \u00e0 la surface peut \u00eatre coup\u00e9  par accident par un bateau et partir \u00e0 la d\u00e9rive, ce qui augmente  les risques d\u2019emp\u00eatrement par une baleine.<\/figcaption>\n\t\t\t\t\t\t\t\t\t\t<\/figure>\n\t\t\t\t\t\t\t\t\t<\/div>\n\t\t\t\t<\/div>\n\t\t<link rel=\"stylesheet\" href=\"https:\/\/use.fontawesome.com\/releases\/v5.5.0\/css\/all.css\" integrity=\"sha384-B4dIYHKNBt8Bc12p+WXckhzcICo0wtJAoU8YZTY5qE0Id1GSseTk6S+L3BlXeVIU\" crossorigin=\"anonymous\">\r\n\t\t<div class=\"elementor-element elementor-element-d0a0a3b mobile_pera elementor-widget elementor-widget-text-editor\" data-id=\"d0a0a3b\" data-element_type=\"widget\" data-e-type=\"widget\" data-widget_type=\"text-editor.default\">\n\t\t\t\t<div class=\"elementor-widget-container\">\n\t\t\t\t\t\t\t\t\tLes mesures de gestion et de protection des baleines noires demeurent une pr\u00e9occupation importante de l\u2019Association des crabiers acadiens (ACA). Marcel H\u00e9bert, directeur g\u00e9n\u00e9ral, explique que les p\u00eacheurs poursuivront leur collaboration pour r\u00e9duire les risques d\u2019emp\u00eatrement de ces g\u00e9ants de la mer. \u00ab\u00a0Nous voulons faire partie de la solution\u00a0\u00bb, assure-t-il.\t\t\t\t\t\t\t\t<\/div>\n\t\t\t\t<\/div>\n\t\t\t\t<div class=\"elementor-element elementor-element-7293fa5 elementor-widget elementor-widget-advertisement\" data-id=\"7293fa5\" data-element_type=\"widget\" data-e-type=\"widget\" data-widget_type=\"advertisement.default\">\n\t\t\t\t<div class=\"elementor-widget-container\">\n\t\t\t\t\t<div class=\"ads-align-center\"><div style=\"min-width:300px\" data-m32-ad data-options='{\"sizes\":\"[[300,100]]\",\"dfpId\":\"21658289790,27729547\",\"dfpAdUnitPath\":\"acadienouvelle\/cahiers_onefifthpage_300x100\"}'><\/div><\/div>\t\t\t\t<\/div>\n\t\t\t\t<\/div>\n\t\t\t\t<div class=\"elementor-element elementor-element-4f22654 mobile_pera elementor-widget elementor-widget-text-editor\" data-id=\"4f22654\" data-element_type=\"widget\" data-e-type=\"widget\" data-widget_type=\"text-editor.default\">\n\t\t\t\t<div class=\"elementor-widget-container\">\n\t\t\t\t\t\t\t\t\t\u00ab\u00a0Nous travaillons aussi sur les mesures de gestion des engins perdus et nous travaillons avec les organismes de protection pour r\u00e9gler le probl\u00e8me de c\u00e2bles qui flottent \u00e0 la surface et qui causent des emp\u00eatrements\u00a0\u00bb, ajoute-t-il.\n\t\t\t\t\t\t\t\t<\/div>\n\t\t\t\t<\/div>\n\t\t\t\t<div class=\"elementor-element elementor-element-4dee8ab mobile_pera elementor-widget elementor-widget-text-editor\" data-id=\"4dee8ab\" data-element_type=\"widget\" data-e-type=\"widget\" data-widget_type=\"text-editor.default\">\n\t\t\t\t<div class=\"elementor-widget-container\">\n\t\t\t\t\t\t\t\t\tL\u2019ACA encourage donc ses membres \u00e0 utiliser des c\u00e2bles de plomb pr\u00e8s de la surface pour relier plus directement la bou\u00e9e \u00e0 l\u2019engin de p\u00eache au fond de la colonne d\u2019eau. Des c\u00e2bles de polyester ou de nylon vont plut\u00f4t flotter \u00e0 la surface de l\u2019eau pr\u00e8s des bou\u00e9es. \u00ab\u00a0Ces c\u00e2bles forment une sorte de ligne sur l\u2019eau, ce qui est dangereux quand les bateaux passent. Ils peuvent couper la ligne de casier qui se retrouve \u00e0 la d\u00e9rive et pourrait causer un emp\u00eatrement\u00a0\u00bb, explique-t-il.\n\t\t\t\t\t\t\t\t<\/div>\n\t\t\t\t<\/div>\n\t\t\t\t<div class=\"elementor-element elementor-element-c3adeba elementor-widget elementor-widget-advertisement\" data-id=\"c3adeba\" data-element_type=\"widget\" data-e-type=\"widget\" data-widget_type=\"advertisement.default\">\n\t\t\t\t<div class=\"elementor-widget-container\">\n\t\t\t\t\t<div class=\"ads-align-center\"><div style=\"min-width:300px\" data-m32-ad data-options='{\"sizes\":\"[[300,100]]\",\"dfpId\":\"21658289790,27729547\",\"dfpAdUnitPath\":\"acadienouvelle\/cahiers_onefifthpage02_300x100\"}'><\/div><\/div>\t\t\t\t<\/div>\n\t\t\t\t<\/div>\n\t\t\t\t<div class=\"elementor-element elementor-element-5656be4 mobile_pera elementor-widget elementor-widget-text-editor\" data-id=\"5656be4\" data-element_type=\"widget\" data-e-type=\"widget\" data-widget_type=\"text-editor.default\">\n\t\t\t\t<div class=\"elementor-widget-container\">\n\t\t\t\t\t\t\t\t\tLes baleines noires peuvent en plus jouer de malchance et jaillir de l\u2019eau \u00e0 proximit\u00e9 d\u2019un c\u00e2ble en surface et s\u2019emp\u00eatrer directement. L\u2019utilisation de c\u00e2ble de plomb plus lourd et rigide en haut de la colonne d\u2019eau r\u00e9duit donc ces risques. \n\t\t\t\t\t\t\t\t<\/div>\n\t\t\t\t<\/div>\n\t\t\t\t<div class=\"elementor-element elementor-element-8555bc0 mobile_pera elementor-widget elementor-widget-text-editor\" data-id=\"8555bc0\" data-element_type=\"widget\" data-e-type=\"widget\" data-widget_type=\"text-editor.default\">\n\t\t\t\t<div class=\"elementor-widget-container\">\n\t\t\t\t\t\t\t\t\tL\u2019ACA encourage \u00e9galement ses membres \u00e0 documenter et signaler tout c\u00e2ble ou engin fant\u00f4me afin de contribuer aux efforts de protection des baleines. L\u2019organisme a \u00e9galement d\u00e9pos\u00e9 des demandes de financement pour participer aux efforts de r\u00e9cup\u00e9ration des engins de p\u00eache perdus.\n\t\t\t\t\t\t\t\t<\/div>\n\t\t\t\t<\/div>\n\t\t\t\t<div class=\"elementor-element elementor-element-451b2f0 mobile_pera elementor-widget elementor-widget-text-editor\" data-id=\"451b2f0\" data-element_type=\"widget\" data-e-type=\"widget\" data-widget_type=\"text-editor.default\">\n\t\t\t\t<div class=\"elementor-widget-container\">\n\t\t\t\t\t\t\t\t\t\u00ab\u00a0Nous essayons aussi de capturer tout notre quota avant l\u2019arriv\u00e9e des baleines. C\u2019est directement corr\u00e9l\u00e9 que s\u2019il y a des casiers dans l\u2019eau et que les baleines arrivent, il y a plus de risques d\u2019emp\u00eatrement\u00a0\u00bb, ajoute-t-il.\n\t\t\t\t\t\t\t\t<\/div>\n\t\t\t\t<\/div>\n\t\t\t\t<div class=\"elementor-element elementor-element-0737b28 mobile_pera elementor-widget elementor-widget-text-editor\" data-id=\"0737b28\" data-element_type=\"widget\" data-e-type=\"widget\" data-widget_type=\"text-editor.default\">\n\t\t\t\t<div class=\"elementor-widget-container\">\n\t\t\t\t\t\t\t\t\tToutefois, une saison trop rapide entrainera des cons\u00e9quences pour les travailleuses et les travailleurs d\u2019usine qui ne pourront pas accumuler leurs heures.\t\t\t\t\t\t\t\t<\/div>\n\t\t\t\t<\/div>\n\t\t\t\t<div class=\"elementor-element elementor-element-90d9514 elementor-widget elementor-widget-image\" data-id=\"90d9514\" data-element_type=\"widget\" data-e-type=\"widget\" data-widget_type=\"image.default\">\n\t\t\t\t<div class=\"elementor-widget-container\">\n\t\t\t\t\t\t\t\t\t\t\t\t<figure class=\"wp-caption\">\n\t\t\t\t\t\t\t\t\t\t<img decoding=\"async\" width=\"1400\" height=\"575\" src=\"https:\/\/kiosque.acadienouvelle.com\/aquapeche-01-2026\/wp-content\/uploads\/sites\/391\/2026\/03\/03_image003-3.jpg\" class=\"attachment-full size-full wp-image-7734\" alt=\"\" srcset=\"https:\/\/kiosque.acadienouvelle.com\/aquapeche-01-2026\/wp-content\/uploads\/sites\/391\/2026\/03\/03_image003-3.jpg 1400w, https:\/\/kiosque.acadienouvelle.com\/aquapeche-01-2026\/wp-content\/uploads\/sites\/391\/2026\/03\/03_image003-3-300x123.jpg 300w, https:\/\/kiosque.acadienouvelle.com\/aquapeche-01-2026\/wp-content\/uploads\/sites\/391\/2026\/03\/03_image003-3-1024x421.jpg 1024w, https:\/\/kiosque.acadienouvelle.com\/aquapeche-01-2026\/wp-content\/uploads\/sites\/391\/2026\/03\/03_image003-3-768x315.jpg 768w\" sizes=\"(max-width: 1400px) 100vw, 1400px\" \/>\t\t\t\t\t\t\t\t\t\t\t<figcaption class=\"widget-image-caption wp-caption-text\">Cette image fournie par l\u2019Association des crabiers acadiens  permet de voir d\u2019un coup d\u2019\u0153il les quadrilat\u00e8res o\u00f9  des baleines noires ont \u00e9t\u00e9 aper\u00e7ues chaque ann\u00e9e.<\/figcaption>\n\t\t\t\t\t\t\t\t\t\t<\/figure>\n\t\t\t\t\t\t\t\t\t<\/div>\n\t\t\t\t<\/div>\n\t\t\t\t\t<\/div>\n\t\t<\/div>\n\t\t\t\t\t<\/div>\n\t\t<\/section>\n\t\t\t\t<\/div>\n\t\t","protected":false},"excerpt":{"rendered":"<p>Les mesures de protection des baleines noires demeurent une pr\u00e9occupation importante Un c\u00e2ble qui flotte comme ceci \u00e0 la surface peut \u00eatre coup\u00e9 par accident par un bateau et partir \u00e0 la d\u00e9rive, ce qui augmente les risques d\u2019emp\u00eatrement par une baleine. Les mesures de gestion et de protection des baleines noires demeurent une pr\u00e9occupation [&hellip;]<\/p>\n","protected":false},"author":1,"featured_media":0,"parent":0,"menu_order":3,"comment_status":"closed","ping_status":"closed","template":"","meta":{"site-sidebar-layout":"no-sidebar","site-content-layout":"page-builder","ast-site-content-layout":"default","site-content-style":"default","site-sidebar-style":"default","ast-global-header-display":"","ast-banner-title-visibility":"","ast-main-header-display":"","ast-hfb-above-header-display":"","ast-hfb-below-header-display":"","ast-hfb-mobile-header-display":"","site-post-title":"disabled","ast-breadcrumbs-content":"","ast-featured-img":"disabled","footer-sml-layout":"","ast-disable-related-posts":"","theme-transparent-header-meta":"default","adv-header-id-meta":"","stick-header-meta":"","header-above-stick-meta":"","header-main-stick-meta":"","header-below-stick-meta":"","astra-migrate-meta-layouts":"default","ast-page-background-enabled":"default","ast-page-background-meta":{"desktop":{"background-color":"var(--ast-global-color-4)","background-image":"","background-repeat":"repeat","background-position":"center center","background-size":"auto","background-attachment":"scroll","background-type":"","background-media":"","overlay-type":"","overlay-color":"","overlay-opacity":"","overlay-gradient":""},"tablet":{"background-color":"","background-image":"","background-repeat":"repeat","background-position":"center center","background-size":"auto","background-attachment":"scroll","background-type":"","background-media":"","overlay-type":"","overlay-color":"","overlay-opacity":"","overlay-gradient":""},"mobile":{"background-color":"","background-image":"","background-repeat":"repeat","background-position":"center center","background-size":"auto","background-attachment":"scroll","background-type":"","background-media":"","overlay-type":"","overlay-color":"","overlay-opacity":"","overlay-gradient":""}},"ast-content-background-meta":{"desktop":{"background-color":"var(--ast-global-color-5)","background-image":"","background-repeat":"repeat","background-position":"center center","background-size":"auto","background-attachment":"scroll","background-type":"","background-media":"","overlay-type":"","overlay-color":"","overlay-opacity":"","overlay-gradient":""},"tablet":{"background-color":"var(--ast-global-color-5)","background-image":"","background-repeat":"repeat","background-position":"center center","background-size":"auto","background-attachment":"scroll","background-type":"","background-media":"","overlay-type":"","overlay-color":"","overlay-opacity":"","overlay-gradient":""},"mobile":{"background-color":"var(--ast-global-color-5)","background-image":"","background-repeat":"repeat","background-position":"center center","background-size":"auto","background-attachment":"scroll","background-type":"","background-media":"","overlay-type":"","overlay-color":"","overlay-opacity":"","overlay-gradient":""}},"footnotes":""},"page-categories":[],"class_list":["post-7889","page","type-page","status-publish","hentry"],"_links":{"self":[{"href":"https:\/\/kiosque.acadienouvelle.com\/aquapeche-01-2026\/wp-json\/wp\/v2\/pages\/7889","targetHints":{"allow":["GET"]}}],"collection":[{"href":"https:\/\/kiosque.acadienouvelle.com\/aquapeche-01-2026\/wp-json\/wp\/v2\/pages"}],"about":[{"href":"https:\/\/kiosque.acadienouvelle.com\/aquapeche-01-2026\/wp-json\/wp\/v2\/types\/page"}],"author":[{"embeddable":true,"href":"https:\/\/kiosque.acadienouvelle.com\/aquapeche-01-2026\/wp-json\/wp\/v2\/users\/1"}],"replies":[{"embeddable":true,"href":"https:\/\/kiosque.acadienouvelle.com\/aquapeche-01-2026\/wp-json\/wp\/v2\/comments?post=7889"}],"version-history":[{"count":7,"href":"https:\/\/kiosque.acadienouvelle.com\/aquapeche-01-2026\/wp-json\/wp\/v2\/pages\/7889\/revisions"}],"predecessor-version":[{"id":8124,"href":"https:\/\/kiosque.acadienouvelle.com\/aquapeche-01-2026\/wp-json\/wp\/v2\/pages\/7889\/revisions\/8124"}],"wp:attachment":[{"href":"https:\/\/kiosque.acadienouvelle.com\/aquapeche-01-2026\/wp-json\/wp\/v2\/media?parent=7889"}],"wp:term":[{"taxonomy":"page-categories","embeddable":true,"href":"https:\/\/kiosque.acadienouvelle.com\/aquapeche-01-2026\/wp-json\/wp\/v2\/page-categories?post=7889"}],"curies":[{"name":"wp","href":"https:\/\/api.w.org\/{rel}","templated":true}]}}