{"id":7897,"date":"2026-04-13T19:51:58","date_gmt":"2026-04-13T19:51:58","guid":{"rendered":"https:\/\/kiosque.acadienouvelle.com\/aquapeche-01-2026\/?page_id=7897"},"modified":"2026-04-14T17:07:18","modified_gmt":"2026-04-14T17:07:18","slug":"aca-poursuit-efforts","status":"publish","type":"page","link":"https:\/\/kiosque.acadienouvelle.com\/aquapeche-01-2026\/aca-poursuit-efforts\/","title":{"rendered":"L\u2019ACA poursuit ses efforts dans plusieurs dossiers"},"content":{"rendered":"\t\t<div data-elementor-type=\"wp-page\" data-elementor-id=\"7897\" class=\"elementor elementor-7897\" data-elementor-post-type=\"page\">\n\t\t\t\t\t\t<section class=\"elementor-section elementor-top-section elementor-element elementor-element-50c1b6e elementor-section-height-min-height header_title banner_img elementor-section-boxed elementor-section-height-default elementor-section-items-middle\" data-id=\"50c1b6e\" data-element_type=\"section\" data-e-type=\"section\" data-settings=\"{&quot;background_background&quot;:&quot;classic&quot;}\">\n\t\t\t\t\t\t\t<div class=\"elementor-background-overlay\"><\/div>\n\t\t\t\t\t\t\t<div class=\"elementor-container elementor-column-gap-default\">\n\t\t\t\t\t<div class=\"elementor-column elementor-col-100 elementor-top-column elementor-element elementor-element-3a2d241\" data-id=\"3a2d241\" data-element_type=\"column\" data-e-type=\"column\">\n\t\t\t<div class=\"elementor-widget-wrap elementor-element-populated\">\n\t\t\t\t\t\t<div class=\"elementor-element elementor-element-9673cd2 elementor-widget elementor-widget-heading\" data-id=\"9673cd2\" data-element_type=\"widget\" data-e-type=\"widget\" data-widget_type=\"heading.default\">\n\t\t\t\t<div class=\"elementor-widget-container\">\n\t\t\t\t\t<h2 class=\"elementor-heading-title elementor-size-default\">L\u2019ACA poursuit ses efforts dans plusieurs dossiers<\/h2>\t\t\t\t<\/div>\n\t\t\t\t<\/div>\n\t\t\t\t\t<\/div>\n\t\t<\/div>\n\t\t\t\t\t<\/div>\n\t\t<\/section>\n\t\t\t\t<section class=\"elementor-section elementor-top-section elementor-element elementor-element-d9a853a elementor-section-boxed elementor-section-height-default elementor-section-height-default\" data-id=\"d9a853a\" data-element_type=\"section\" data-e-type=\"section\">\n\t\t\t\t\t\t<div class=\"elementor-container elementor-column-gap-default\">\n\t\t\t\t\t<div class=\"elementor-column elementor-col-100 elementor-top-column elementor-element elementor-element-68d9c5a page_contain\" data-id=\"68d9c5a\" data-element_type=\"column\" data-e-type=\"column\" data-settings=\"{&quot;background_background&quot;:&quot;classic&quot;}\">\n\t\t\t<div class=\"elementor-widget-wrap elementor-element-populated\">\n\t\t\t\t\t\t<div class=\"elementor-element elementor-element-50f1f9b elementor-widget elementor-widget-image\" data-id=\"50f1f9b\" data-element_type=\"widget\" data-e-type=\"widget\" data-widget_type=\"image.default\">\n\t\t\t\t<div class=\"elementor-widget-container\">\n\t\t\t\t\t\t\t\t\t\t\t\t<figure class=\"wp-caption\">\n\t\t\t\t\t\t\t\t\t\t<img fetchpriority=\"high\" decoding=\"async\" width=\"1366\" height=\"768\" src=\"https:\/\/kiosque.acadienouvelle.com\/aquapeche-01-2026\/wp-content\/uploads\/sites\/391\/2026\/03\/04_Ass-crabiers-acadiens-Facebook-2026_land.jpg\" class=\"attachment-full size-full wp-image-7736\" alt=\"\" srcset=\"https:\/\/kiosque.acadienouvelle.com\/aquapeche-01-2026\/wp-content\/uploads\/sites\/391\/2026\/03\/04_Ass-crabiers-acadiens-Facebook-2026_land.jpg 1366w, https:\/\/kiosque.acadienouvelle.com\/aquapeche-01-2026\/wp-content\/uploads\/sites\/391\/2026\/03\/04_Ass-crabiers-acadiens-Facebook-2026_land-300x169.jpg 300w, https:\/\/kiosque.acadienouvelle.com\/aquapeche-01-2026\/wp-content\/uploads\/sites\/391\/2026\/03\/04_Ass-crabiers-acadiens-Facebook-2026_land-1024x576.jpg 1024w, https:\/\/kiosque.acadienouvelle.com\/aquapeche-01-2026\/wp-content\/uploads\/sites\/391\/2026\/03\/04_Ass-crabiers-acadiens-Facebook-2026_land-768x432.jpg 768w\" sizes=\"(max-width: 1366px) 100vw, 1366px\" \/>\t\t\t\t\t\t\t\t\t\t\t<figcaption class=\"widget-image-caption wp-caption-text\">Des membres de l\u2019Association des crabiers acadiens.  (Source : Page Facebook de l\u2019Association des crabiers acadiens)<\/figcaption>\n\t\t\t\t\t\t\t\t\t\t<\/figure>\n\t\t\t\t\t\t\t\t\t<\/div>\n\t\t\t\t<\/div>\n\t\t<link rel=\"stylesheet\" href=\"https:\/\/use.fontawesome.com\/releases\/v5.5.0\/css\/all.css\" integrity=\"sha384-B4dIYHKNBt8Bc12p+WXckhzcICo0wtJAoU8YZTY5qE0Id1GSseTk6S+L3BlXeVIU\" crossorigin=\"anonymous\">\r\n\t\t<div class=\"elementor-element elementor-element-d0a0a3b mobile_pera elementor-widget elementor-widget-text-editor\" data-id=\"d0a0a3b\" data-element_type=\"widget\" data-e-type=\"widget\" data-widget_type=\"text-editor.default\">\n\t\t\t\t<div class=\"elementor-widget-container\">\n\t\t\t\t\t\t\t\t\tLe rachat de permis de p\u00eache au crabe des neiges par des int\u00e9r\u00eats de l\u2019ext\u00e9rieur de la province pr\u00e9occupe l\u2019Association des crabiers acadiens. Son directeur g\u00e9n\u00e9ral, Marcel H\u00e9bert, y voit une perte d\u2019activit\u00e9 \u00e9conomique pour la r\u00e9gion et souhaiterait y rem\u00e9dier.\t\t\t\t\t\t\t\t<\/div>\n\t\t\t\t<\/div>\n\t\t\t\t<div class=\"elementor-element elementor-element-274b64e elementor-widget elementor-widget-advertisement\" data-id=\"274b64e\" data-element_type=\"widget\" data-e-type=\"widget\" data-widget_type=\"advertisement.default\">\n\t\t\t\t<div class=\"elementor-widget-container\">\n\t\t\t\t\t<div class=\"ads-align-center\"><div style=\"min-width:320px\" data-m32-ad data-options='{\"sizes\":\"[[320,480]]\",\"dfpId\":\"21658289790,27729547\",\"dfpAdUnitPath\":\"acadienouvelle\/cahiers_halfpage_320x480\"}'><\/div><\/div>\t\t\t\t<\/div>\n\t\t\t\t<\/div>\n\t\t\t\t<div class=\"elementor-element elementor-element-8711ca9 mobile_pera elementor-widget elementor-widget-text-editor\" data-id=\"8711ca9\" data-element_type=\"widget\" data-e-type=\"widget\" data-widget_type=\"text-editor.default\">\n\t\t\t\t<div class=\"elementor-widget-container\">\n\t\t\t\t\t\t\t\t\t\u00ab\u00a0Nous aimerions garder nos permis de p\u00eache au crabe des neiges dans la province. Nous sommes en discussion avec le minist\u00e8re des P\u00eaches et Oc\u00e9ans \u00e0 Ottawa et avec le bureau du ministre pour faire en sorte que les permis demeurent des permis de p\u00eache familiaux commerciaux \u00bb, avance-t-il.\n\t\t\t\t\t\t\t\t<\/div>\n\t\t\t\t<\/div>\n\t\t\t\t<div class=\"elementor-element elementor-element-4f20968 mobile_pera elementor-widget elementor-widget-text-editor\" data-id=\"4f20968\" data-element_type=\"widget\" data-e-type=\"widget\" data-widget_type=\"text-editor.default\">\n\t\t\t\t<div class=\"elementor-widget-container\">\n\t\t\t\t\t\t\t\t\tIl explique que ceci permettrait de transf\u00e9rer le permis \u00e0 un membre de la famille imm\u00e9diate. \u00ab\u00a0L\u2019impact \u00e9conomique resterait dans la r\u00e9gion\u00a0\u00bb, affirme-t-il.\n\t\t\t\t\t\t\t\t<\/div>\n\t\t\t\t<\/div>\n\t\t\t\t<div class=\"elementor-element elementor-element-843957d mobile_pera elementor-widget elementor-widget-text-editor\" data-id=\"843957d\" data-element_type=\"widget\" data-e-type=\"widget\" data-widget_type=\"text-editor.default\">\n\t\t\t\t<div class=\"elementor-widget-container\">\n\t\t\t\t\t\t\t\t\tLa valeur d\u2019un permis de p\u00eache au crabe des neiges peut facilement atteindre 15\u00a0millions de dollars de nos jours. \u00ab\u00a0Les couts sont rendus tellement \u00e9lev\u00e9s que personne ne peut les acheter \u00e0 moins d\u2019\u00eatre financ\u00e9 par des groupes qui ne viennent pas du Nouveau-Brunswick\u00a0\u00bb, d\u00e9plore-t-il.\n\t\t\t\t\t\t\t\t<\/div>\n\t\t\t\t<\/div>\n\t\t\t\t<div class=\"elementor-element elementor-element-6de0961 mobile_pera elementor-widget elementor-widget-text-editor\" data-id=\"6de0961\" data-element_type=\"widget\" data-e-type=\"widget\" data-widget_type=\"text-editor.default\">\n\t\t\t\t<div class=\"elementor-widget-container\">\n\t\t\t\t\t\t\t\t\tIl reconnait qu\u2019il s\u2019agit d\u2019un projet d\u2019envergure, puisque de tels changements ne s\u2019appliqueraient pas uniquement au crabe des neiges, mais \u00e9galement aux autres esp\u00e8ces \u00e0 l\u2019\u00e9chelle nationale. \u00ab Les permis  familiaux commerciaux n&rsquo;existent pas encore, mais c\u2019est quelque chose que nous essayons de d\u00e9velopper avec le minist\u00e8re. Il faut d\u00e9finir ce qu\u2019est la famille imm\u00e9diate et nous travaillons dessus\u00a0\u00bb, ajoute-t-il.\n\t\t\t\t\t\t\t\t<\/div>\n\t\t\t\t<\/div>\n\t\t\t\t<div class=\"elementor-element elementor-element-8d20eea mobile_pera elementor-widget elementor-widget-text-editor\" data-id=\"8d20eea\" data-element_type=\"widget\" data-e-type=\"widget\" data-widget_type=\"text-editor.default\">\n\t\t\t\t<div class=\"elementor-widget-container\">\n\t\t\t\t\t\t\t\t\tUn autre dossier de l\u2019ACA est la sensibilisation \u00e0 l\u2019impact n\u00e9gatif des d\u00e9barquements ill\u00e9gaux. M.\u00a0H\u00e9bert explique notamment que ceux-ci augmentent les taux d\u2019exploitation et met en p\u00e9ril le renouv\u00e8lement de la ressource comme il se doit. \u00ab\u00a0Pour nous, il est important de conserver la biomasse r\u00e9siduelle pour qu\u2019elle soit assez importante pour assurer la reproduction des femelles matures. Quand il y a des d\u00e9barquements ill\u00e9gaux, on ne sait pas ce qui se passe et quel est l\u2019impact sur la biomasse\u00a0\u00bb, d\u00e9nonce-t-il.\t\t\t\t\t\t\t\t<\/div>\n\t\t\t\t<\/div>\n\t\t\t\t\t<\/div>\n\t\t<\/div>\n\t\t\t\t\t<\/div>\n\t\t<\/section>\n\t\t\t\t<\/div>\n\t\t","protected":false},"excerpt":{"rendered":"<p>L\u2019ACA poursuit ses efforts dans plusieurs dossiers Des membres de l\u2019Association des crabiers acadiens. (Source : Page Facebook de l\u2019Association des crabiers acadiens) Le rachat de permis de p\u00eache au crabe des neiges par des int\u00e9r\u00eats de l\u2019ext\u00e9rieur de la province pr\u00e9occupe l\u2019Association des crabiers acadiens. Son directeur g\u00e9n\u00e9ral, Marcel H\u00e9bert, y voit une perte [&hellip;]<\/p>\n","protected":false},"author":1,"featured_media":0,"parent":0,"menu_order":4,"comment_status":"closed","ping_status":"closed","template":"","meta":{"site-sidebar-layout":"no-sidebar","site-content-layout":"page-builder","ast-site-content-layout":"default","site-content-style":"default","site-sidebar-style":"default","ast-global-header-display":"","ast-banner-title-visibility":"","ast-main-header-display":"","ast-hfb-above-header-display":"","ast-hfb-below-header-display":"","ast-hfb-mobile-header-display":"","site-post-title":"disabled","ast-breadcrumbs-content":"","ast-featured-img":"disabled","footer-sml-layout":"","ast-disable-related-posts":"","theme-transparent-header-meta":"default","adv-header-id-meta":"","stick-header-meta":"","header-above-stick-meta":"","header-main-stick-meta":"","header-below-stick-meta":"","astra-migrate-meta-layouts":"default","ast-page-background-enabled":"default","ast-page-background-meta":{"desktop":{"background-color":"var(--ast-global-color-4)","background-image":"","background-repeat":"repeat","background-position":"center center","background-size":"auto","background-attachment":"scroll","background-type":"","background-media":"","overlay-type":"","overlay-color":"","overlay-opacity":"","overlay-gradient":""},"tablet":{"background-color":"","background-image":"","background-repeat":"repeat","background-position":"center center","background-size":"auto","background-attachment":"scroll","background-type":"","background-media":"","overlay-type":"","overlay-color":"","overlay-opacity":"","overlay-gradient":""},"mobile":{"background-color":"","background-image":"","background-repeat":"repeat","background-position":"center center","background-size":"auto","background-attachment":"scroll","background-type":"","background-media":"","overlay-type":"","overlay-color":"","overlay-opacity":"","overlay-gradient":""}},"ast-content-background-meta":{"desktop":{"background-color":"var(--ast-global-color-5)","background-image":"","background-repeat":"repeat","background-position":"center center","background-size":"auto","background-attachment":"scroll","background-type":"","background-media":"","overlay-type":"","overlay-color":"","overlay-opacity":"","overlay-gradient":""},"tablet":{"background-color":"var(--ast-global-color-5)","background-image":"","background-repeat":"repeat","background-position":"center center","background-size":"auto","background-attachment":"scroll","background-type":"","background-media":"","overlay-type":"","overlay-color":"","overlay-opacity":"","overlay-gradient":""},"mobile":{"background-color":"var(--ast-global-color-5)","background-image":"","background-repeat":"repeat","background-position":"center center","background-size":"auto","background-attachment":"scroll","background-type":"","background-media":"","overlay-type":"","overlay-color":"","overlay-opacity":"","overlay-gradient":""}},"footnotes":""},"page-categories":[],"class_list":["post-7897","page","type-page","status-publish","hentry"],"_links":{"self":[{"href":"https:\/\/kiosque.acadienouvelle.com\/aquapeche-01-2026\/wp-json\/wp\/v2\/pages\/7897","targetHints":{"allow":["GET"]}}],"collection":[{"href":"https:\/\/kiosque.acadienouvelle.com\/aquapeche-01-2026\/wp-json\/wp\/v2\/pages"}],"about":[{"href":"https:\/\/kiosque.acadienouvelle.com\/aquapeche-01-2026\/wp-json\/wp\/v2\/types\/page"}],"author":[{"embeddable":true,"href":"https:\/\/kiosque.acadienouvelle.com\/aquapeche-01-2026\/wp-json\/wp\/v2\/users\/1"}],"replies":[{"embeddable":true,"href":"https:\/\/kiosque.acadienouvelle.com\/aquapeche-01-2026\/wp-json\/wp\/v2\/comments?post=7897"}],"version-history":[{"count":10,"href":"https:\/\/kiosque.acadienouvelle.com\/aquapeche-01-2026\/wp-json\/wp\/v2\/pages\/7897\/revisions"}],"predecessor-version":[{"id":8130,"href":"https:\/\/kiosque.acadienouvelle.com\/aquapeche-01-2026\/wp-json\/wp\/v2\/pages\/7897\/revisions\/8130"}],"wp:attachment":[{"href":"https:\/\/kiosque.acadienouvelle.com\/aquapeche-01-2026\/wp-json\/wp\/v2\/media?parent=7897"}],"wp:term":[{"taxonomy":"page-categories","embeddable":true,"href":"https:\/\/kiosque.acadienouvelle.com\/aquapeche-01-2026\/wp-json\/wp\/v2\/page-categories?post=7897"}],"curies":[{"name":"wp","href":"https:\/\/api.w.org\/{rel}","templated":true}]}}