{"id":7924,"date":"2026-04-13T23:01:24","date_gmt":"2026-04-13T23:01:24","guid":{"rendered":"https:\/\/kiosque.acadienouvelle.com\/aquapeche-01-2026\/?page_id=7924"},"modified":"2026-04-14T17:08:56","modified_gmt":"2026-04-14T17:08:56","slug":"association-crabiers-acadiens","status":"publish","type":"page","link":"https:\/\/kiosque.acadienouvelle.com\/aquapeche-01-2026\/association-crabiers-acadiens\/","title":{"rendered":"Les priorit\u00e9s de l\u2019Association des Crabiers Acadiens pour l\u2019ann\u00e9e 2026-2027"},"content":{"rendered":"\t\t<div data-elementor-type=\"wp-page\" data-elementor-id=\"7924\" class=\"elementor elementor-7924\" data-elementor-post-type=\"page\">\n\t\t\t\t<link rel=\"stylesheet\" href=\"https:\/\/use.fontawesome.com\/releases\/v5.5.0\/css\/all.css\" integrity=\"sha384-B4dIYHKNBt8Bc12p+WXckhzcICo0wtJAoU8YZTY5qE0Id1GSseTk6S+L3BlXeVIU\" crossorigin=\"anonymous\">\r\n\t\t<section class=\"elementor-section elementor-top-section elementor-element elementor-element-50c1b6e elementor-section-height-min-height header_title banner_img elementor-section-boxed elementor-section-height-default elementor-section-items-middle\" data-id=\"50c1b6e\" data-element_type=\"section\" data-e-type=\"section\" data-settings=\"{&quot;background_background&quot;:&quot;classic&quot;}\">\n\t\t\t\t\t\t\t<div class=\"elementor-background-overlay\"><\/div>\n\t\t\t\t\t\t\t<div class=\"elementor-container elementor-column-gap-default\">\n\t\t\t\t\t<div class=\"elementor-column elementor-col-100 elementor-top-column elementor-element elementor-element-3a2d241\" data-id=\"3a2d241\" data-element_type=\"column\" data-e-type=\"column\">\n\t\t\t<div class=\"elementor-widget-wrap elementor-element-populated\">\n\t\t\t\t\t\t<div class=\"elementor-element elementor-element-9673cd2 elementor-widget elementor-widget-heading\" data-id=\"9673cd2\" data-element_type=\"widget\" data-e-type=\"widget\" data-widget_type=\"heading.default\">\n\t\t\t\t<div class=\"elementor-widget-container\">\n\t\t\t\t\t<h2 class=\"elementor-heading-title elementor-size-default\">Les priorit\u00e9s de l\u2019Association des Crabiers Acadiens pour l\u2019ann\u00e9e 2026-2027<\/h2>\t\t\t\t<\/div>\n\t\t\t\t<\/div>\n\t\t\t\t\t<\/div>\n\t\t<\/div>\n\t\t\t\t\t<\/div>\n\t\t<\/section>\n\t\t\t\t<section class=\"elementor-section elementor-top-section elementor-element elementor-element-d9a853a elementor-section-boxed elementor-section-height-default elementor-section-height-default\" data-id=\"d9a853a\" data-element_type=\"section\" data-e-type=\"section\">\n\t\t\t\t\t\t<div class=\"elementor-container elementor-column-gap-default\">\n\t\t\t\t\t<div class=\"elementor-column elementor-col-100 elementor-top-column elementor-element elementor-element-68d9c5a page_contain\" data-id=\"68d9c5a\" data-element_type=\"column\" data-e-type=\"column\" data-settings=\"{&quot;background_background&quot;:&quot;classic&quot;}\">\n\t\t\t<div class=\"elementor-widget-wrap elementor-element-populated\">\n\t\t\t\t\t\t<div class=\"elementor-element elementor-element-50f1f9b elementor-widget elementor-widget-image\" data-id=\"50f1f9b\" data-element_type=\"widget\" data-e-type=\"widget\" data-widget_type=\"image.default\">\n\t\t\t\t<div class=\"elementor-widget-container\">\n\t\t\t\t\t\t\t\t\t\t\t\t<figure class=\"wp-caption\">\n\t\t\t\t\t\t\t\t\t\t<img fetchpriority=\"high\" decoding=\"async\" width=\"485\" height=\"382\" src=\"https:\/\/kiosque.acadienouvelle.com\/aquapeche-01-2026\/wp-content\/uploads\/sites\/391\/2026\/04\/07-Rejean-Noel.jpg\" class=\"attachment-full size-full wp-image-7804\" alt=\"\" srcset=\"https:\/\/kiosque.acadienouvelle.com\/aquapeche-01-2026\/wp-content\/uploads\/sites\/391\/2026\/04\/07-Rejean-Noel.jpg 485w, https:\/\/kiosque.acadienouvelle.com\/aquapeche-01-2026\/wp-content\/uploads\/sites\/391\/2026\/04\/07-Rejean-Noel-300x236.jpg 300w\" sizes=\"(max-width: 485px) 100vw, 485px\" \/>\t\t\t\t\t\t\t\t\t\t\t<figcaption class=\"widget-image-caption wp-caption-text\">R\u00e9jean No\u00ebl, pr\u00e9sident de l\u2019Association des Crabiers Acadiens<\/figcaption>\n\t\t\t\t\t\t\t\t\t\t<\/figure>\n\t\t\t\t\t\t\t\t\t<\/div>\n\t\t\t\t<\/div>\n\t\t<link rel=\"stylesheet\" href=\"https:\/\/use.fontawesome.com\/releases\/v5.5.0\/css\/all.css\" integrity=\"sha384-B4dIYHKNBt8Bc12p+WXckhzcICo0wtJAoU8YZTY5qE0Id1GSseTk6S+L3BlXeVIU\" crossorigin=\"anonymous\">\r\n\t\t<div class=\"elementor-element elementor-element-d0a0a3b mobile_pera elementor-widget elementor-widget-text-editor\" data-id=\"d0a0a3b\" data-element_type=\"widget\" data-e-type=\"widget\" data-widget_type=\"text-editor.default\">\n\t\t\t\t<div class=\"elementor-widget-container\">\n\t\t\t\t\t\t\t\t\tAvec les diminutions successives de la biomasse commerciale et des quotas de crabe des neiges depuis les trois derni\u00e8res ann\u00e9es et une projection de la biomasse commerciale qui pr\u00e9voit un quota similaire pour la p\u00eache de 2027, toute l\u2019industrie de la p\u00eache au crabe des neiges est affect\u00e9e par ces diminutions de quotas : les employ\u00e9s d\u2019usine, les usines de transformation, les hommes de ponts et les p\u00eacheurs-propri\u00e9taires. Les quantit\u00e9s de crabe des neiges \u00e0 p\u00eacher ne sont pas assez \u00e9lev\u00e9es pour le nombre de p\u00eacheurs participants pour prolonger la p\u00eache au-del\u00e0 de 3 \u00e0 5 semaines. \n\t\t\t\t\t\t\t\t<\/div>\n\t\t\t\t<\/div>\n\t\t\t\t<div class=\"elementor-element elementor-element-23ac3e4 elementor-widget elementor-widget-advertisement\" data-id=\"23ac3e4\" data-element_type=\"widget\" data-e-type=\"widget\" data-widget_type=\"advertisement.default\">\n\t\t\t\t<div class=\"elementor-widget-container\">\n\t\t\t\t\t<div class=\"ads-align-center\"><div style=\"min-width:300px\" data-m32-ad data-options='{\"sizes\":\"[[300,250]]\",\"dfpId\":\"21658289790,27729547\",\"dfpAdUnitPath\":\"acadienouvelle\/cahiers_quarterpage_300x250\"}'><\/div><\/div>\t\t\t\t<\/div>\n\t\t\t\t<\/div>\n\t\t\t\t<div class=\"elementor-element elementor-element-795ef80 mobile_pera elementor-widget elementor-widget-text-editor\" data-id=\"795ef80\" data-element_type=\"widget\" data-e-type=\"widget\" data-widget_type=\"text-editor.default\">\n\t\t\t\t<div class=\"elementor-widget-container\">\n\t\t\t\t\t\t\t\t\tCette ann\u00e9e, le crabe \ndes neiges sera plus \u00e9pars \nque dans les ann\u00e9es pass\u00e9es; on ne voit plus les grandes densit\u00e9s \u00e9lev\u00e9es du pass\u00e9. \nIl sera donc plus difficile de capturer son quota et il faudra profiter des trois premi\u00e8res semaines de \np\u00eache pour maximiser les d\u00e9barquements, car par la suite, les taux de capture \nvont chuter rapidement comme on l\u2019a observ\u00e9 lors \ndes ann\u00e9es de faibles biomasses commerciales. De plus, avec un d\u00e9but de p\u00eache plus tardif, il risque que les fermetures en raison de la pr\u00e9sence de la baleine noire de l\u2019Atlantique Nord aient un impact majeur sur le bon d\u00e9roulement de la p\u00eache. \n\t\t\t\t\t\t\t\t<\/div>\n\t\t\t\t<\/div>\n\t\t\t\t<div class=\"elementor-element elementor-element-1d28659 mobile_pera elementor-widget elementor-widget-text-editor\" data-id=\"1d28659\" data-element_type=\"widget\" data-e-type=\"widget\" data-widget_type=\"text-editor.default\">\n\t\t\t\t<div class=\"elementor-widget-container\">\n\t\t\t\t\t\t\t\t\tPour le p\u00eacheur, cela repr\u00e9sente de changer constamment ses casiers des endroits o\u00f9 les taux de capture sont les plus optimaux pour les d\u00e9poser dans des lieux de p\u00eache plus marginaux. Et cela engendre des co\u00fbts suppl\u00e9mentaires et beaucoup plus d\u2019effort de la part des p\u00eacheurs. Dans ce contexte, l\u2019Association des Crabiers Acadiens a pr\u00e9sentement des discussions avec d\u2019autres associations traditionnelles de crabe des neiges dans l\u2019intention d\u2019amener plusieurs recommandations communes \u00e0 notre d\u00e9put\u00e9 d\u2019Acadie-Bathurst, M. Serge Cormier, et \u00e0 la ministre des P\u00eaches, l\u2019honorable, Joanne Thompson. \n\t\t\t\t\t\t\t\t<\/div>\n\t\t\t\t<\/div>\n\t\t\t\t<div class=\"elementor-element elementor-element-6c58c73 mobile_pera elementor-widget elementor-widget-text-editor\" data-id=\"6c58c73\" data-element_type=\"widget\" data-e-type=\"widget\" data-widget_type=\"text-editor.default\">\n\t\t\t\t<div class=\"elementor-widget-container\">\n\t\t\t\t\t\t\t\t\tNos priorit\u00e9s portent sur la disparit\u00e9 dans les octrois de casiers au prorata du quota \u2014 ce n\u2019est pas normal que la flottille traditionnelle soit la plus d\u00e9favoris\u00e9e en mati\u00e8re de pouvoir de p\u00eache comparativement aux autres flottilles; la viabilit\u00e9 locale \u00e0 long terme de la flotte semi-hauturi\u00e8re avec des changements au niveau du partage de la ressource et par une demande de modification du permis actuel \u00e0 un permis de p\u00eache commerciale familiale afin de maintenir ces permis dans la r\u00e9gion; des changements dans les mesures de gestion (abolir certains programmes co\u00fbteux, modifier les protocoles de fermetures en raison de la pr\u00e9sence de la baleine noire et de la politique sur les \u00e9missions de permis comme le capitaine exploitant qui doit toujours \u00eatre \u00e0 bord du navire lors de la p\u00eache apr\u00e8s une absence d\u2019une p\u00e9riode de 5 ans pour des raisons de maladies ou autres, sans quoi il est dans l\u2019obligation de vendre son permis); maintenir les projets pilotes actuellement en place pour la p\u00eache de 2027 comme le partenariat et l\u2019ajout de casiers suppl\u00e9mentaires jusqu\u2019\u00e0 l\u2019observation de la premi\u00e8re baleine noire. \t\t\t\t\t\t\t\t<\/div>\n\t\t\t\t<\/div>\n\t\t\t\t\t<\/div>\n\t\t<\/div>\n\t\t\t\t\t<\/div>\n\t\t<\/section>\n\t\t\t\t<\/div>\n\t\t","protected":false},"excerpt":{"rendered":"<p>Les priorit\u00e9s de l\u2019Association des Crabiers Acadiens pour l\u2019ann\u00e9e 2026-2027 R\u00e9jean No\u00ebl, pr\u00e9sident de l\u2019Association des Crabiers Acadiens Avec les diminutions successives de la biomasse commerciale et des quotas de crabe des neiges depuis les trois derni\u00e8res ann\u00e9es et une projection de la biomasse commerciale qui pr\u00e9voit un quota similaire pour la p\u00eache de 2027, [&hellip;]<\/p>\n","protected":false},"author":1,"featured_media":0,"parent":0,"menu_order":7,"comment_status":"closed","ping_status":"closed","template":"","meta":{"site-sidebar-layout":"no-sidebar","site-content-layout":"page-builder","ast-site-content-layout":"default","site-content-style":"default","site-sidebar-style":"default","ast-global-header-display":"","ast-banner-title-visibility":"","ast-main-header-display":"","ast-hfb-above-header-display":"","ast-hfb-below-header-display":"","ast-hfb-mobile-header-display":"","site-post-title":"disabled","ast-breadcrumbs-content":"","ast-featured-img":"disabled","footer-sml-layout":"","ast-disable-related-posts":"","theme-transparent-header-meta":"default","adv-header-id-meta":"","stick-header-meta":"","header-above-stick-meta":"","header-main-stick-meta":"","header-below-stick-meta":"","astra-migrate-meta-layouts":"default","ast-page-background-enabled":"default","ast-page-background-meta":{"desktop":{"background-color":"var(--ast-global-color-4)","background-image":"","background-repeat":"repeat","background-position":"center center","background-size":"auto","background-attachment":"scroll","background-type":"","background-media":"","overlay-type":"","overlay-color":"","overlay-opacity":"","overlay-gradient":""},"tablet":{"background-color":"","background-image":"","background-repeat":"repeat","background-position":"center center","background-size":"auto","background-attachment":"scroll","background-type":"","background-media":"","overlay-type":"","overlay-color":"","overlay-opacity":"","overlay-gradient":""},"mobile":{"background-color":"","background-image":"","background-repeat":"repeat","background-position":"center center","background-size":"auto","background-attachment":"scroll","background-type":"","background-media":"","overlay-type":"","overlay-color":"","overlay-opacity":"","overlay-gradient":""}},"ast-content-background-meta":{"desktop":{"background-color":"var(--ast-global-color-5)","background-image":"","background-repeat":"repeat","background-position":"center center","background-size":"auto","background-attachment":"scroll","background-type":"","background-media":"","overlay-type":"","overlay-color":"","overlay-opacity":"","overlay-gradient":""},"tablet":{"background-color":"var(--ast-global-color-5)","background-image":"","background-repeat":"repeat","background-position":"center center","background-size":"auto","background-attachment":"scroll","background-type":"","background-media":"","overlay-type":"","overlay-color":"","overlay-opacity":"","overlay-gradient":""},"mobile":{"background-color":"var(--ast-global-color-5)","background-image":"","background-repeat":"repeat","background-position":"center center","background-size":"auto","background-attachment":"scroll","background-type":"","background-media":"","overlay-type":"","overlay-color":"","overlay-opacity":"","overlay-gradient":""}},"footnotes":""},"page-categories":[],"class_list":["post-7924","page","type-page","status-publish","hentry"],"_links":{"self":[{"href":"https:\/\/kiosque.acadienouvelle.com\/aquapeche-01-2026\/wp-json\/wp\/v2\/pages\/7924","targetHints":{"allow":["GET"]}}],"collection":[{"href":"https:\/\/kiosque.acadienouvelle.com\/aquapeche-01-2026\/wp-json\/wp\/v2\/pages"}],"about":[{"href":"https:\/\/kiosque.acadienouvelle.com\/aquapeche-01-2026\/wp-json\/wp\/v2\/types\/page"}],"author":[{"embeddable":true,"href":"https:\/\/kiosque.acadienouvelle.com\/aquapeche-01-2026\/wp-json\/wp\/v2\/users\/1"}],"replies":[{"embeddable":true,"href":"https:\/\/kiosque.acadienouvelle.com\/aquapeche-01-2026\/wp-json\/wp\/v2\/comments?post=7924"}],"version-history":[{"count":7,"href":"https:\/\/kiosque.acadienouvelle.com\/aquapeche-01-2026\/wp-json\/wp\/v2\/pages\/7924\/revisions"}],"predecessor-version":[{"id":8139,"href":"https:\/\/kiosque.acadienouvelle.com\/aquapeche-01-2026\/wp-json\/wp\/v2\/pages\/7924\/revisions\/8139"}],"wp:attachment":[{"href":"https:\/\/kiosque.acadienouvelle.com\/aquapeche-01-2026\/wp-json\/wp\/v2\/media?parent=7924"}],"wp:term":[{"taxonomy":"page-categories","embeddable":true,"href":"https:\/\/kiosque.acadienouvelle.com\/aquapeche-01-2026\/wp-json\/wp\/v2\/page-categories?post=7924"}],"curies":[{"name":"wp","href":"https:\/\/api.w.org\/{rel}","templated":true}]}}