{"id":7940,"date":"2026-04-13T23:06:07","date_gmt":"2026-04-13T23:06:07","guid":{"rendered":"https:\/\/kiosque.acadienouvelle.com\/aquapeche-01-2026\/?page_id=7940"},"modified":"2026-04-14T19:25:15","modified_gmt":"2026-04-14T19:25:15","slug":"produits-mer-nb","status":"publish","type":"page","link":"https:\/\/kiosque.acadienouvelle.com\/aquapeche-01-2026\/produits-mer-nb\/","title":{"rendered":"Les produits de la mer du Nouveau-Brunswick en vedette \u00e0 l\u2019international"},"content":{"rendered":"\t\t<div data-elementor-type=\"wp-page\" data-elementor-id=\"7940\" class=\"elementor elementor-7940\" data-elementor-post-type=\"page\">\n\t\t\t\t<link rel=\"stylesheet\" href=\"https:\/\/use.fontawesome.com\/releases\/v5.5.0\/css\/all.css\" integrity=\"sha384-B4dIYHKNBt8Bc12p+WXckhzcICo0wtJAoU8YZTY5qE0Id1GSseTk6S+L3BlXeVIU\" crossorigin=\"anonymous\">\r\n\t\t<section class=\"elementor-section elementor-top-section elementor-element elementor-element-50c1b6e elementor-section-height-min-height header_title banner_img elementor-section-boxed elementor-section-height-default elementor-section-items-middle\" data-id=\"50c1b6e\" data-element_type=\"section\" data-e-type=\"section\" data-settings=\"{&quot;background_background&quot;:&quot;classic&quot;}\">\n\t\t\t\t\t\t\t<div class=\"elementor-background-overlay\"><\/div>\n\t\t\t\t\t\t\t<div class=\"elementor-container elementor-column-gap-default\">\n\t\t\t\t\t<div class=\"elementor-column elementor-col-100 elementor-top-column elementor-element elementor-element-3a2d241\" data-id=\"3a2d241\" data-element_type=\"column\" data-e-type=\"column\">\n\t\t\t<div class=\"elementor-widget-wrap elementor-element-populated\">\n\t\t\t\t\t\t<div class=\"elementor-element elementor-element-9673cd2 elementor-widget elementor-widget-heading\" data-id=\"9673cd2\" data-element_type=\"widget\" data-e-type=\"widget\" data-widget_type=\"heading.default\">\n\t\t\t\t<div class=\"elementor-widget-container\">\n\t\t\t\t\t<h2 class=\"elementor-heading-title elementor-size-default\">Les produits de la mer du Nouveau-Brunswick en vedette \u00e0 l\u2019international<\/h2>\t\t\t\t<\/div>\n\t\t\t\t<\/div>\n\t\t\t\t\t<\/div>\n\t\t<\/div>\n\t\t\t\t\t<\/div>\n\t\t<\/section>\n\t\t\t\t<section class=\"elementor-section elementor-top-section elementor-element elementor-element-d9a853a elementor-section-boxed elementor-section-height-default elementor-section-height-default\" data-id=\"d9a853a\" data-element_type=\"section\" data-e-type=\"section\">\n\t\t\t\t\t\t<div class=\"elementor-container elementor-column-gap-default\">\n\t\t\t\t\t<div class=\"elementor-column elementor-col-100 elementor-top-column elementor-element elementor-element-68d9c5a page_contain\" data-id=\"68d9c5a\" data-element_type=\"column\" data-e-type=\"column\" data-settings=\"{&quot;background_background&quot;:&quot;classic&quot;}\">\n\t\t\t<div class=\"elementor-widget-wrap elementor-element-populated\">\n\t\t\t\t\t\t<div class=\"elementor-element elementor-element-50f1f9b elementor-widget elementor-widget-image\" data-id=\"50f1f9b\" data-element_type=\"widget\" data-e-type=\"widget\" data-widget_type=\"image.default\">\n\t\t\t\t<div class=\"elementor-widget-container\">\n\t\t\t\t\t\t\t\t\t\t\t\t\t\t\t<img fetchpriority=\"high\" decoding=\"async\" width=\"1366\" height=\"768\" src=\"https:\/\/kiosque.acadienouvelle.com\/aquapeche-01-2026\/wp-content\/uploads\/sites\/391\/2026\/04\/09_photo_haut_land.jpg\" class=\"attachment-full size-full wp-image-7817\" alt=\"\" srcset=\"https:\/\/kiosque.acadienouvelle.com\/aquapeche-01-2026\/wp-content\/uploads\/sites\/391\/2026\/04\/09_photo_haut_land.jpg 1366w, https:\/\/kiosque.acadienouvelle.com\/aquapeche-01-2026\/wp-content\/uploads\/sites\/391\/2026\/04\/09_photo_haut_land-300x169.jpg 300w, https:\/\/kiosque.acadienouvelle.com\/aquapeche-01-2026\/wp-content\/uploads\/sites\/391\/2026\/04\/09_photo_haut_land-1024x576.jpg 1024w, https:\/\/kiosque.acadienouvelle.com\/aquapeche-01-2026\/wp-content\/uploads\/sites\/391\/2026\/04\/09_photo_haut_land-768x432.jpg 768w\" sizes=\"(max-width: 1366px) 100vw, 1366px\" \/>\t\t\t\t\t\t\t\t\t\t\t\t\t\t\t<\/div>\n\t\t\t\t<\/div>\n\t\t<link rel=\"stylesheet\" href=\"https:\/\/use.fontawesome.com\/releases\/v5.5.0\/css\/all.css\" integrity=\"sha384-B4dIYHKNBt8Bc12p+WXckhzcICo0wtJAoU8YZTY5qE0Id1GSseTk6S+L3BlXeVIU\" crossorigin=\"anonymous\">\r\n\t\t<div class=\"elementor-element elementor-element-d0a0a3b mobile_pera elementor-widget elementor-widget-text-editor\" data-id=\"d0a0a3b\" data-element_type=\"widget\" data-e-type=\"widget\" data-widget_type=\"text-editor.default\">\n\t\t\t\t<div class=\"elementor-widget-container\">\n\t\t\t\t\t\t\t\t\tPlus de 60 entreprises de la province, \u0153uvrant dans le secteur des produits de la mer, ont particip\u00e9 au Seafood Expo North America 2026, du 15 au 17 mars dernier. Il s\u2019agissait de la 44e \u00e9dition du salon, reconnu comme le plus important \u00e9v\u00e9nement de promotion des produits de la mer en Am\u00e9rique du Nord, qui a attir\u00e9 plus de 20 000 visiteurs issus de 111 pays.\n\t\t\t\t\t\t\t\t<\/div>\n\t\t\t\t<\/div>\n\t\t\t\t<div class=\"elementor-element elementor-element-92db301 elementor-widget elementor-widget-advertisement\" data-id=\"92db301\" data-element_type=\"widget\" data-e-type=\"widget\" data-widget_type=\"advertisement.default\">\n\t\t\t\t<div class=\"elementor-widget-container\">\n\t\t\t\t\t<div class=\"ads-align-center\"><div style=\"min-width:300px\" data-m32-ad data-options='{\"sizes\":\"[[300,100]]\",\"dfpId\":\"21658289790,27729547\",\"dfpAdUnitPath\":\"acadienouvelle\/cahiers_onefifthpage_300x100\"}'><\/div><\/div>\t\t\t\t<\/div>\n\t\t\t\t<\/div>\n\t\t\t\t<div class=\"elementor-element elementor-element-2c80597 mobile_pera elementor-widget elementor-widget-text-editor\" data-id=\"2c80597\" data-element_type=\"widget\" data-e-type=\"widget\" data-widget_type=\"text-editor.default\">\n\t\t\t\t<div class=\"elementor-widget-container\">\n\t\t\t\t\t\t\t\t\tLe Nouveau-Brunswick \u00e9tait tr\u00e8s bien repr\u00e9sent\u00e9 lors du salon, avec un total de 17 exposants, dont le kiosque provincial sous la marque Nouveau-Brunswick &#8211; D\u00e9licieusement Canadien, qui vise \u00e0 promouvoir les produits alimentaires d\u2019ici \u00e0 l\u2019international. Afin d\u2019augmenter la visibilit\u00e9 des produits de la mer du NouveauBrunswick, le minist\u00e8re de l\u2019Agriculture, de l\u2019Aquaculture et des P\u00eaches a \u00e9galement men\u00e9 une campagne de marketing digital qui a g\u00e9n\u00e9r\u00e9 pr\u00e8s d\u2019un million d\u2019impressions sur diff\u00e9rents sites web et r\u00e9seaux sociaux.\n\t\t\t\t\t\t\t\t<\/div>\n\t\t\t\t<\/div>\n\t\t\t\t<div class=\"elementor-element elementor-element-1ff60a8 mobile_pera elementor-widget elementor-widget-text-editor\" data-id=\"1ff60a8\" data-element_type=\"widget\" data-e-type=\"widget\" data-widget_type=\"text-editor.default\">\n\t\t\t\t<div class=\"elementor-widget-container\">\n\t\t\t\t\t\t\t\t\tL\u2019honorable Pat Finnigan, ministre de l\u2019Agriculture, de l\u2019Aquaculture et des P\u00eaches, a particip\u00e9 au salon, o\u00f9 il a rencontr\u00e9 ses homologues des autres provinces et du gouvernement f\u00e9d\u00e9ral, ainsi que les repr\u00e9sentants de l\u2019industrie des produits de la mer du Nouveau-Brunswick, afin de discuter des principaux enjeux auxquels le secteur est confront\u00e9. Il a \u00e9galement rencontr\u00e9 des acheteurs internationaux pour faire valoir les produits du Nouveau-Brunswick et soutenir la croissance continue sur les march\u00e9s mondiaux. \n\t\t\t\t\t\t\t\t<\/div>\n\t\t\t\t<\/div>\n\t\t\t\t<div class=\"elementor-element elementor-element-f828ed8 mobile_pera elementor-widget elementor-widget-text-editor\" data-id=\"f828ed8\" data-element_type=\"widget\" data-e-type=\"widget\" data-widget_type=\"text-editor.default\">\n\t\t\t\t<div class=\"elementor-widget-container\">\n\t\t\t\t\t\t\t\t\tLe minist\u00e8re de l\u2019Agriculture, de l\u2019Aquaculture et des P\u00eaches du Nouveau-Brunswick continue d\u2019\u00eatre tr\u00e8s actif dans la promotion des produits de la mer, notamment en Asie et en Europe. En 2025, le Nouveau-Brunswick a export\u00e9 2,05 milliards de dollars de poissons et de produits de la mer vers 60 march\u00e9s \u00e0 travers le monde. Cela repr\u00e9sente une augmentation de 4,8 % par rapport \u00e0 2024. Le minist\u00e8re a soutenu l\u2019industrie dans 20 missions commerciales en 2025, et un total de 24 missions est pr\u00e9vu pour 2026, y compris une participation au Salon Gourmets du 11 au 16 avril et au salon Seafood Expo Global du 21 au 23 avril, tous deux en Espagne. Le ministre Finnigan dirigera une d\u00e9l\u00e9gation de neuf entreprises du Nouveau-Brunswick au plus grand salon commercial de produits de la mer au monde.\t\t\t\t\t\t\t\t<\/div>\n\t\t\t\t<\/div>\n\t\t\t\t<div class=\"elementor-element elementor-element-80d456d mobile_pera elementor-widget elementor-widget-text-editor\" data-id=\"80d456d\" data-element_type=\"widget\" data-e-type=\"widget\" data-widget_type=\"text-editor.default\">\n\t\t\t\t<div class=\"elementor-widget-container\">\n\t\t\t\t\t\t\t\t\tPour d\u00e9couvrir les \u00e9v\u00e9nements et d\u00e9l\u00e9gations commerciales \u00e0 venir, veuillez consulter\u00a0: nbdelicieusementcanadien.com. \n\t\t\t\t\t\t\t\t<\/div>\n\t\t\t\t<\/div>\n\t\t\t\t<div class=\"elementor-element elementor-element-5b32898 mobile_pera elementor-widget elementor-widget-text-editor\" data-id=\"5b32898\" data-element_type=\"widget\" data-e-type=\"widget\" data-widget_type=\"text-editor.default\">\n\t\t\t\t<div class=\"elementor-widget-container\">\n\t\t\t\t\t\t\t\t\t<p><i>Contenu commandit\u00e9<\/i><\/p>\t\t\t\t\t\t\t\t<\/div>\n\t\t\t\t<\/div>\n\t\t\t\t<div class=\"elementor-element elementor-element-166374c box_pera elementor-widget elementor-widget-text-editor\" data-id=\"166374c\" data-element_type=\"widget\" data-e-type=\"widget\" data-widget_type=\"text-editor.default\">\n\t\t\t\t<div class=\"elementor-widget-container\">\n\t\t\t\t\t\t\t\t\t<h1><span style=\"color: var( --e-global-color-text ); font-style: inherit; font-weight: inherit; font-size: 20px; font-family: Ubuntu, sans-serif;\"><img decoding=\"async\" src=\"https:\/\/kiosque.acadienouvelle.com\/aquapeche-01-2026\/wp-content\/uploads\/sites\/391\/2026\/04\/09_photo_bas.jpg\" alt=\"\" width=\"1366\" height=\"768\" \/><\/span><\/h1><p>Pilier essentiel de l\u2019\u00e9conomie du Nouveau-Brunswick, le secteur des produits de la mer, qui comprend la p\u00eache et l\u2019aquaculture, joue un r\u00f4le cl\u00e9 dans la prosp\u00e9rit\u00e9 de notre province. En 2025, les exportations de poissons et fruits de mer ont d\u00e9pass\u00e9 le chiffre impressionnant de 2 milliards de dollars, soit une augmentation de 4,8\u00a0% par rapport \u00e0 2024. Gr\u00e2ce \u00e0 votre travail acharn\u00e9 et \u00e0 votre d\u00e9vouement constants, le Nouveau-Brunswick a termin\u00e9 l\u2019ann\u00e9e en t\u00eate du classement national, avec le deuxi\u00e8me volume d\u2019exportations le plus \u00e9lev\u00e9 au Canada. Nos produits de la mer de qualit\u00e9 sup\u00e9rieure sont appr\u00e9ci\u00e9s sur 60 march\u00e9s dans le monde, t\u00e9moignant de l\u2019excellence de notre secteur.<\/p><p>\u00a0<\/p><p>Si nous c\u00e9l\u00e9brons ce grand succ\u00e8s, nous reconnaissons \u00e9galement l\u2019importance de chercher de nouveaux d\u00e9bouch\u00e9s. Des \u00e9v\u00e9nements comme le Seafood Expo North America offrent de pr\u00e9cieuses occasions \u00e0 nos entreprises de nouer des contacts avec de nouveaux partenaires et de percer de nouveaux march\u00e9s. Il en r\u00e9sulte une croissance des exportations et la cr\u00e9ation d\u2019emplois, ce qui dynamise les \u00e9conomies locales et renforce les collectivit\u00e9s du NouveauBrunswick.<\/p><p>\u00a0<\/p><p>Notre engagement \u00e0 soutenir les p\u00eacheurs du Nouveau-Brunswick et l\u2019ensemble du secteur des produits de la mer demeure in\u00e9branlable. Nous d\u00e9fendons activement les priorit\u00e9s de l\u2019industrie lors de discussions avec des partenaires cl\u00e9s, notamment le minist\u00e8re des P\u00eaches et des Oc\u00e9ans, afin de garantir que nos points de vue soient entendus et nos contributions reconnues.<\/p><p>\u00a0<\/p><p>C\u2019est un honneur pour nous de pr\u00e9senter nos produits de la mer haut de gamme aux acheteurs du monde entier. Nous sommes fiers de continuer \u00e0 faire honneur \u00e0 la r\u00e9putation du Nouveau-Brunswick en mati\u00e8re de poissons et fruits de mer de haute qualit\u00e9, tout en promouvant des pratiques durables afin de pr\u00e9server ce secteur essentiel pour les g\u00e9n\u00e9rations futures.<\/p><p>\u00a0<\/p><p>Alors que nous nous tournons vers l\u2019avenir, j\u2019offre mes meilleurs v\u0153ux \u00e0 l\u2019ensemble du secteur des produits de la mer et \u00e0 ses membres pour une saison s\u00e9curitaire et prosp\u00e8re. Votre d\u00e9vouement et votre passion contribuent grandement \u00e0 la vigueur de notre \u00e9conomie provinciale. Le secteur des poissons et fruits de mer soutient des milliers d\u2019emplois dans les collectivit\u00e9s rurales, c\u00f4ti\u00e8res et autochtones, et incarne le travail acharn\u00e9 et l\u2019innovation qui caract\u00e9risent le NouveauBrunswick.<\/p><p>\u00a0<\/p><p>F\u00e9licitations pour vos r\u00e9alisations et merci pour votre contribution continue \u00e0 notre province. Continuons \u00e0 travailler ensemble pour consolider ce succ\u00e8s.<\/p><p>\u00a0<\/p><p>Sinc\u00e8res salutations,<\/p><p><b>Pat Finnigan<\/b><\/p><p>Ministre de l\u2019Agriculture, de l\u2019Aquaculture et des P\u00eaches<\/p>\t\t\t\t\t\t\t\t<\/div>\n\t\t\t\t<\/div>\n\t\t\t\t\t<\/div>\n\t\t<\/div>\n\t\t\t\t\t<\/div>\n\t\t<\/section>\n\t\t\t\t<\/div>\n\t\t","protected":false},"excerpt":{"rendered":"<p>Les produits de la mer du Nouveau-Brunswick en vedette \u00e0 l\u2019international Plus de 60 entreprises de la province, \u0153uvrant dans le secteur des produits de la mer, ont particip\u00e9 au Seafood Expo North America 2026, du 15 au 17 mars dernier. Il s\u2019agissait de la 44e \u00e9dition du salon, reconnu comme le plus important \u00e9v\u00e9nement [&hellip;]<\/p>\n","protected":false},"author":1,"featured_media":0,"parent":0,"menu_order":9,"comment_status":"closed","ping_status":"closed","template":"","meta":{"site-sidebar-layout":"no-sidebar","site-content-layout":"page-builder","ast-site-content-layout":"default","site-content-style":"default","site-sidebar-style":"default","ast-global-header-display":"","ast-banner-title-visibility":"","ast-main-header-display":"","ast-hfb-above-header-display":"","ast-hfb-below-header-display":"","ast-hfb-mobile-header-display":"","site-post-title":"disabled","ast-breadcrumbs-content":"","ast-featured-img":"disabled","footer-sml-layout":"","ast-disable-related-posts":"","theme-transparent-header-meta":"default","adv-header-id-meta":"","stick-header-meta":"","header-above-stick-meta":"","header-main-stick-meta":"","header-below-stick-meta":"","astra-migrate-meta-layouts":"default","ast-page-background-enabled":"default","ast-page-background-meta":{"desktop":{"background-color":"var(--ast-global-color-4)","background-image":"","background-repeat":"repeat","background-position":"center center","background-size":"auto","background-attachment":"scroll","background-type":"","background-media":"","overlay-type":"","overlay-color":"","overlay-opacity":"","overlay-gradient":""},"tablet":{"background-color":"","background-image":"","background-repeat":"repeat","background-position":"center center","background-size":"auto","background-attachment":"scroll","background-type":"","background-media":"","overlay-type":"","overlay-color":"","overlay-opacity":"","overlay-gradient":""},"mobile":{"background-color":"","background-image":"","background-repeat":"repeat","background-position":"center center","background-size":"auto","background-attachment":"scroll","background-type":"","background-media":"","overlay-type":"","overlay-color":"","overlay-opacity":"","overlay-gradient":""}},"ast-content-background-meta":{"desktop":{"background-color":"var(--ast-global-color-5)","background-image":"","background-repeat":"repeat","background-position":"center center","background-size":"auto","background-attachment":"scroll","background-type":"","background-media":"","overlay-type":"","overlay-color":"","overlay-opacity":"","overlay-gradient":""},"tablet":{"background-color":"var(--ast-global-color-5)","background-image":"","background-repeat":"repeat","background-position":"center center","background-size":"auto","background-attachment":"scroll","background-type":"","background-media":"","overlay-type":"","overlay-color":"","overlay-opacity":"","overlay-gradient":""},"mobile":{"background-color":"var(--ast-global-color-5)","background-image":"","background-repeat":"repeat","background-position":"center center","background-size":"auto","background-attachment":"scroll","background-type":"","background-media":"","overlay-type":"","overlay-color":"","overlay-opacity":"","overlay-gradient":""}},"footnotes":""},"page-categories":[],"class_list":["post-7940","page","type-page","status-publish","hentry"],"_links":{"self":[{"href":"https:\/\/kiosque.acadienouvelle.com\/aquapeche-01-2026\/wp-json\/wp\/v2\/pages\/7940","targetHints":{"allow":["GET"]}}],"collection":[{"href":"https:\/\/kiosque.acadienouvelle.com\/aquapeche-01-2026\/wp-json\/wp\/v2\/pages"}],"about":[{"href":"https:\/\/kiosque.acadienouvelle.com\/aquapeche-01-2026\/wp-json\/wp\/v2\/types\/page"}],"author":[{"embeddable":true,"href":"https:\/\/kiosque.acadienouvelle.com\/aquapeche-01-2026\/wp-json\/wp\/v2\/users\/1"}],"replies":[{"embeddable":true,"href":"https:\/\/kiosque.acadienouvelle.com\/aquapeche-01-2026\/wp-json\/wp\/v2\/comments?post=7940"}],"version-history":[{"count":28,"href":"https:\/\/kiosque.acadienouvelle.com\/aquapeche-01-2026\/wp-json\/wp\/v2\/pages\/7940\/revisions"}],"predecessor-version":[{"id":8234,"href":"https:\/\/kiosque.acadienouvelle.com\/aquapeche-01-2026\/wp-json\/wp\/v2\/pages\/7940\/revisions\/8234"}],"wp:attachment":[{"href":"https:\/\/kiosque.acadienouvelle.com\/aquapeche-01-2026\/wp-json\/wp\/v2\/media?parent=7940"}],"wp:term":[{"taxonomy":"page-categories","embeddable":true,"href":"https:\/\/kiosque.acadienouvelle.com\/aquapeche-01-2026\/wp-json\/wp\/v2\/page-categories?post=7940"}],"curies":[{"name":"wp","href":"https:\/\/api.w.org\/{rel}","templated":true}]}}