{"id":7988,"date":"2026-04-13T23:42:04","date_gmt":"2026-04-13T23:42:04","guid":{"rendered":"https:\/\/kiosque.acadienouvelle.com\/aquapeche-01-2026\/?page_id=7988"},"modified":"2026-04-14T19:41:44","modified_gmt":"2026-04-14T19:41:44","slug":"osteicole-sombres-horizon","status":"publish","type":"page","link":"https:\/\/kiosque.acadienouvelle.com\/aquapeche-01-2026\/osteicole-sombres-horizon\/","title":{"rendered":"L&rsquo;industrie ostr\u00e9icole : Des ann\u00e9es sombres \u00e0 l\u2019horizon"},"content":{"rendered":"\t\t<div data-elementor-type=\"wp-page\" data-elementor-id=\"7988\" class=\"elementor elementor-7988\" data-elementor-post-type=\"page\">\n\t\t\t\t\t\t<section class=\"elementor-section elementor-top-section elementor-element elementor-element-50c1b6e elementor-section-height-min-height header_title banner_img elementor-section-boxed elementor-section-height-default elementor-section-items-middle\" data-id=\"50c1b6e\" data-element_type=\"section\" data-e-type=\"section\" data-settings=\"{&quot;background_background&quot;:&quot;classic&quot;}\">\n\t\t\t\t\t\t\t<div class=\"elementor-background-overlay\"><\/div>\n\t\t\t\t\t\t\t<div class=\"elementor-container elementor-column-gap-default\">\n\t\t\t\t\t<div class=\"elementor-column elementor-col-100 elementor-top-column elementor-element elementor-element-3a2d241\" data-id=\"3a2d241\" data-element_type=\"column\" data-e-type=\"column\">\n\t\t\t<div class=\"elementor-widget-wrap elementor-element-populated\">\n\t\t\t\t\t\t<div class=\"elementor-element elementor-element-9673cd2 elementor-widget elementor-widget-heading\" data-id=\"9673cd2\" data-element_type=\"widget\" data-e-type=\"widget\" data-widget_type=\"heading.default\">\n\t\t\t\t<div class=\"elementor-widget-container\">\n\t\t\t\t\t<h2 class=\"elementor-heading-title elementor-size-default\">L'industrie ostr\u00e9icole<\/h2>\t\t\t\t<\/div>\n\t\t\t\t<\/div>\n\t\t\t\t<div class=\"elementor-element elementor-element-f7d4596 elementor-widget elementor-widget-heading\" data-id=\"f7d4596\" data-element_type=\"widget\" data-e-type=\"widget\" data-widget_type=\"heading.default\">\n\t\t\t\t<div class=\"elementor-widget-container\">\n\t\t\t\t\t<h2 class=\"elementor-heading-title elementor-size-default\">Des ann\u00e9es sombres \u00e0 l\u2019horizon<\/h2>\t\t\t\t<\/div>\n\t\t\t\t<\/div>\n\t\t\t\t\t<\/div>\n\t\t<\/div>\n\t\t\t\t\t<\/div>\n\t\t<\/section>\n\t\t\t\t<section class=\"elementor-section elementor-top-section elementor-element elementor-element-d9a853a elementor-section-boxed elementor-section-height-default elementor-section-height-default\" data-id=\"d9a853a\" data-element_type=\"section\" data-e-type=\"section\">\n\t\t\t\t\t\t<div class=\"elementor-container elementor-column-gap-default\">\n\t\t\t\t\t<div class=\"elementor-column elementor-col-100 elementor-top-column elementor-element elementor-element-68d9c5a page_contain\" data-id=\"68d9c5a\" data-element_type=\"column\" data-e-type=\"column\" data-settings=\"{&quot;background_background&quot;:&quot;classic&quot;}\">\n\t\t\t<div class=\"elementor-widget-wrap elementor-element-populated\">\n\t\t\t\t\t\t<div class=\"elementor-element elementor-element-50f1f9b elementor-widget elementor-widget-image\" data-id=\"50f1f9b\" data-element_type=\"widget\" data-e-type=\"widget\" data-widget_type=\"image.default\">\n\t\t\t\t<div class=\"elementor-widget-container\">\n\t\t\t\t\t\t\t\t\t\t\t\t<figure class=\"wp-caption\">\n\t\t\t\t\t\t\t\t\t\t<img fetchpriority=\"high\" decoding=\"async\" width=\"485\" height=\"382\" src=\"https:\/\/kiosque.acadienouvelle.com\/aquapeche-01-2026\/wp-content\/uploads\/sites\/391\/2026\/03\/13_amedee-savoie.jpg\" class=\"attachment-full size-full wp-image-7749\" alt=\"\" srcset=\"https:\/\/kiosque.acadienouvelle.com\/aquapeche-01-2026\/wp-content\/uploads\/sites\/391\/2026\/03\/13_amedee-savoie.jpg 485w, https:\/\/kiosque.acadienouvelle.com\/aquapeche-01-2026\/wp-content\/uploads\/sites\/391\/2026\/03\/13_amedee-savoie-300x236.jpg 300w\" sizes=\"(max-width: 485px) 100vw, 485px\" \/>\t\t\t\t\t\t\t\t\t\t\t<figcaption class=\"widget-image-caption wp-caption-text\">Am\u00e9d\u00e9e Savoie, directeur g\u00e9n\u00e9ral de la Maison BeauSoleil. (Archives)<\/figcaption>\n\t\t\t\t\t\t\t\t\t\t<\/figure>\n\t\t\t\t\t\t\t\t\t<\/div>\n\t\t\t\t<\/div>\n\t\t<link rel=\"stylesheet\" href=\"https:\/\/use.fontawesome.com\/releases\/v5.5.0\/css\/all.css\" integrity=\"sha384-B4dIYHKNBt8Bc12p+WXckhzcICo0wtJAoU8YZTY5qE0Id1GSseTk6S+L3BlXeVIU\" crossorigin=\"anonymous\">\r\n\t\t<div class=\"elementor-element elementor-element-d0a0a3b mobile_pera elementor-widget elementor-widget-text-editor\" data-id=\"d0a0a3b\" data-element_type=\"widget\" data-e-type=\"widget\" data-widget_type=\"text-editor.default\">\n\t\t\t\t<div class=\"elementor-widget-container\">\n\t\t\t\t\t\t\t\t\tLe lac Bras d\u2019or en Nouvelle-\u00c9cosse avait \u00e9t\u00e9 touch\u00e9 en 2002, puis l\u2019\u00cele-du-Prince-\u00c9douard en 2024. Des producteurs d\u2019huitres du Nouveau-Brunswick ressentent \u00e0 leur tour les effets de deux maladies animales aquatiques commun\u00e9ment appel\u00e9es MSX et Dermo. Ces maladies ne pr\u00e9sentent aucun risque pour la sant\u00e9 humaine ou la salubrit\u00e9 des aliments, mais elles entrainent une augmentation de la mortalit\u00e9 des huitres et une diminution de leur taux de croissance.\n\t\t\t\t\t\t\t\t<\/div>\n\t\t\t\t<\/div>\n\t\t\t\t<div class=\"elementor-element elementor-element-662a699 elementor-widget elementor-widget-advertisement\" data-id=\"662a699\" data-element_type=\"widget\" data-e-type=\"widget\" data-widget_type=\"advertisement.default\">\n\t\t\t\t<div class=\"elementor-widget-container\">\n\t\t\t\t\t<div class=\"ads-align-center\"><div style=\"min-width:300px\" data-m32-ad data-options='{\"sizes\":\"[[300,250]]\",\"dfpId\":\"21658289790,27729547\",\"dfpAdUnitPath\":\"acadienouvelle\/cahiers_quarterpage_300x250\"}'><\/div><\/div>\t\t\t\t<\/div>\n\t\t\t\t<\/div>\n\t\t\t\t<div class=\"elementor-element elementor-element-87e9d25 mobile_pera elementor-widget elementor-widget-text-editor\" data-id=\"87e9d25\" data-element_type=\"widget\" data-e-type=\"widget\" data-widget_type=\"text-editor.default\">\n\t\t\t\t<div class=\"elementor-widget-container\">\n\t\t\t\t\t\t\t\t\t\u00ab\u00a0Sans \u00eatre trop dramatique, je dirai que l\u2019industrie des huitres est en p\u00e9ril dans certaines r\u00e9gions de la province \u00e0 cause des maladies MSX et Dermo. \u00c7a nous a frapp\u00e9s cette ann\u00e9e, surtout dans le sud de la province dans la baie de Cocagne\u00a0\u00bb, annonce Am\u00e9d\u00e9e Savoie, directeur g\u00e9n\u00e9ral de la Maison BeauSoleil.\t\t\t\t\t\t\t\t<\/div>\n\t\t\t\t<\/div>\n\t\t\t\t<div class=\"elementor-element elementor-element-a3faa4e mobile_pera elementor-widget elementor-widget-text-editor\" data-id=\"a3faa4e\" data-element_type=\"widget\" data-e-type=\"widget\" data-widget_type=\"text-editor.default\">\n\t\t\t\t<div class=\"elementor-widget-container\">\n\t\t\t\t\t\t\t\t\tDes plong\u00e9es exploratoires sous la glace cet hiver ont r\u00e9v\u00e9l\u00e9 qu\u2019environ 80\u00a0pour cent de ses huitres cultiv\u00e9es dans la baie de Cocagne n\u2019ont pas surv\u00e9cu. Au moment de l\u2019entrevue au mois de mars, il souhaitait que la r\u00e9alit\u00e9 soit moins sombre lors du d\u00e9but des r\u00e9coltes d\u2019huitres en avril dans ce secteur, mais il n\u2019\u00e9tait pas trop optimiste. \n\t\t\t\t\t\t\t\t<\/div>\n\t\t\t\t<\/div>\n\t\t\t\t<div class=\"elementor-element elementor-element-60a62ce elementor-widget elementor-widget-advertisement\" data-id=\"60a62ce\" data-element_type=\"widget\" data-e-type=\"widget\" data-widget_type=\"advertisement.default\">\n\t\t\t\t<div class=\"elementor-widget-container\">\n\t\t\t\t\t<div class=\"ads-align-center\"><div  style=\"min-width:300px\" data-m32-ad data-options='{\"sizes\":\"[[300,250]]\",\"dfpId\":\"21658289790,27729547\",\"dfpAdUnitPath\":\"acadienouvelle\/cahiers_quarterpage02_300x250\"}'><\/div><\/div>\t\t\t\t<\/div>\n\t\t\t\t<\/div>\n\t\t\t\t<div class=\"elementor-element elementor-element-3bf8276 mobile_pera elementor-widget elementor-widget-text-editor\" data-id=\"3bf8276\" data-element_type=\"widget\" data-e-type=\"widget\" data-widget_type=\"text-editor.default\">\n\t\t\t\t<div class=\"elementor-widget-container\">\n\t\t\t\t\t\t\t\t\t<p>\u00ab\u00a0On parle de plusieurs emplois, pr\u00e8s de mille emplois directs et indirects au Nouveau-Brunswick. \u00c7a affecte nos march\u00e9s aussi. On essaye de trouver une solution le plus vite possible afin de r\u00e9duire ces pertes\u00a0\u00bb, avance-t-il en mentionnant d\u00e9j\u00e0 des tests avec diff\u00e9rentes souches d\u2019huitres pour rep\u00e9rer les plus r\u00e9sistantes.<\/p>\t\t\t\t\t\t\t\t<\/div>\n\t\t\t\t<\/div>\n\t\t\t\t<div class=\"elementor-element elementor-element-92df1cf mobile_pera elementor-widget elementor-widget-text-editor\" data-id=\"92df1cf\" data-element_type=\"widget\" data-e-type=\"widget\" data-widget_type=\"text-editor.default\">\n\t\t\t\t<div class=\"elementor-widget-container\">\n\t\t\t\t\t\t\t\t\tL\u2019an dernier, le minist\u00e8re de l\u2019Aquaculture, de l\u2019Agriculture et des P\u00eaches (MAAP) du Nouveau-Brunswick, en collaboration avec des partenaires comme l\u2019Agence canadienne d\u2019inspection des aliments, a mis en \u0153uvre des mesures en r\u00e9ponse \u00e0 la d\u00e9tection des maladies MSX et Dermo le long des c\u00f4tes de la province. Celles-ci comprennent notamment la surveillance des maladies et la gestion des d\u00e9placements des mollusques. \t\t\t\t\t\t\t\t<\/div>\n\t\t\t\t<\/div>\n\t\t\t\t<div class=\"elementor-element elementor-element-afefd01 elementor-widget elementor-widget-image\" data-id=\"afefd01\" data-element_type=\"widget\" data-e-type=\"widget\" data-widget_type=\"image.default\">\n\t\t\t\t<div class=\"elementor-widget-container\">\n\t\t\t\t\t\t\t\t\t\t\t\t<figure class=\"wp-caption\">\n\t\t\t\t\t\t\t\t\t\t<img decoding=\"async\" width=\"1366\" height=\"768\" src=\"https:\/\/kiosque.acadienouvelle.com\/aquapeche-01-2026\/wp-content\/uploads\/sites\/391\/2026\/04\/13_Huitre.jpg\" class=\"attachment-full size-full wp-image-7990\" alt=\"\" srcset=\"https:\/\/kiosque.acadienouvelle.com\/aquapeche-01-2026\/wp-content\/uploads\/sites\/391\/2026\/04\/13_Huitre.jpg 1366w, https:\/\/kiosque.acadienouvelle.com\/aquapeche-01-2026\/wp-content\/uploads\/sites\/391\/2026\/04\/13_Huitre-300x169.jpg 300w, https:\/\/kiosque.acadienouvelle.com\/aquapeche-01-2026\/wp-content\/uploads\/sites\/391\/2026\/04\/13_Huitre-1024x576.jpg 1024w, https:\/\/kiosque.acadienouvelle.com\/aquapeche-01-2026\/wp-content\/uploads\/sites\/391\/2026\/04\/13_Huitre-768x432.jpg 768w\" sizes=\"(max-width: 1366px) 100vw, 1366px\" \/>\t\t\t\t\t\t\t\t\t\t\t<figcaption class=\"widget-image-caption wp-caption-text\">Des huitres de la Maison BeauSoleil (Page Facebook d\u2019Am\u00e9d\u00e9e Savoie)<\/figcaption>\n\t\t\t\t\t\t\t\t\t\t<\/figure>\n\t\t\t\t\t\t\t\t\t<\/div>\n\t\t\t\t<\/div>\n\t\t\t\t<div class=\"elementor-element elementor-element-166374c box_pera elementor-widget elementor-widget-text-editor\" data-id=\"166374c\" data-element_type=\"widget\" data-e-type=\"widget\" data-widget_type=\"text-editor.default\">\n\t\t\t\t<div class=\"elementor-widget-container\">\n\t\t\t\t\t\t\t\t\t<h1>L\u2019industrie ostr\u00e9icole en quelques chiffres<b>\u00a0<br \/><\/b><\/h1><p>Plus de 100 entreprises ostr\u00e9icoles sont actives le long des c\u00f4tes du Nouveau-Brunswick, selon le minist\u00e8re de l\u2019Aquaculture, de l\u2019Agriculture et des P\u00eaches du Nouveau-Brunswick.<\/p><p>\u00a0<\/p><p>Ces entreprises emploient environ 640 personnes et, en 2024, elles ont g\u00e9n\u00e9r\u00e9 des ventes de 34,2 millions.<\/p>\t\t\t\t\t\t\t\t<\/div>\n\t\t\t\t<\/div>\n\t\t\t\t\t<\/div>\n\t\t<\/div>\n\t\t\t\t\t<\/div>\n\t\t<\/section>\n\t\t\t\t<\/div>\n\t\t","protected":false},"excerpt":{"rendered":"<p>L&rsquo;industrie ostr\u00e9icole Des ann\u00e9es sombres \u00e0 l\u2019horizon Am\u00e9d\u00e9e Savoie, directeur g\u00e9n\u00e9ral de la Maison BeauSoleil. (Archives) Le lac Bras d\u2019or en Nouvelle-\u00c9cosse avait \u00e9t\u00e9 touch\u00e9 en 2002, puis l\u2019\u00cele-du-Prince-\u00c9douard en 2024. Des producteurs d\u2019huitres du Nouveau-Brunswick ressentent \u00e0 leur tour les effets de deux maladies animales aquatiques commun\u00e9ment appel\u00e9es MSX et Dermo. Ces maladies ne [&hellip;]<\/p>\n","protected":false},"author":1,"featured_media":0,"parent":0,"menu_order":13,"comment_status":"closed","ping_status":"closed","template":"","meta":{"site-sidebar-layout":"no-sidebar","site-content-layout":"page-builder","ast-site-content-layout":"default","site-content-style":"default","site-sidebar-style":"default","ast-global-header-display":"","ast-banner-title-visibility":"","ast-main-header-display":"","ast-hfb-above-header-display":"","ast-hfb-below-header-display":"","ast-hfb-mobile-header-display":"","site-post-title":"disabled","ast-breadcrumbs-content":"","ast-featured-img":"disabled","footer-sml-layout":"","ast-disable-related-posts":"","theme-transparent-header-meta":"default","adv-header-id-meta":"","stick-header-meta":"","header-above-stick-meta":"","header-main-stick-meta":"","header-below-stick-meta":"","astra-migrate-meta-layouts":"default","ast-page-background-enabled":"default","ast-page-background-meta":{"desktop":{"background-color":"var(--ast-global-color-4)","background-image":"","background-repeat":"repeat","background-position":"center center","background-size":"auto","background-attachment":"scroll","background-type":"","background-media":"","overlay-type":"","overlay-color":"","overlay-opacity":"","overlay-gradient":""},"tablet":{"background-color":"","background-image":"","background-repeat":"repeat","background-position":"center center","background-size":"auto","background-attachment":"scroll","background-type":"","background-media":"","overlay-type":"","overlay-color":"","overlay-opacity":"","overlay-gradient":""},"mobile":{"background-color":"","background-image":"","background-repeat":"repeat","background-position":"center center","background-size":"auto","background-attachment":"scroll","background-type":"","background-media":"","overlay-type":"","overlay-color":"","overlay-opacity":"","overlay-gradient":""}},"ast-content-background-meta":{"desktop":{"background-color":"var(--ast-global-color-5)","background-image":"","background-repeat":"repeat","background-position":"center center","background-size":"auto","background-attachment":"scroll","background-type":"","background-media":"","overlay-type":"","overlay-color":"","overlay-opacity":"","overlay-gradient":""},"tablet":{"background-color":"var(--ast-global-color-5)","background-image":"","background-repeat":"repeat","background-position":"center center","background-size":"auto","background-attachment":"scroll","background-type":"","background-media":"","overlay-type":"","overlay-color":"","overlay-opacity":"","overlay-gradient":""},"mobile":{"background-color":"var(--ast-global-color-5)","background-image":"","background-repeat":"repeat","background-position":"center center","background-size":"auto","background-attachment":"scroll","background-type":"","background-media":"","overlay-type":"","overlay-color":"","overlay-opacity":"","overlay-gradient":""}},"footnotes":""},"page-categories":[],"class_list":["post-7988","page","type-page","status-publish","hentry"],"_links":{"self":[{"href":"https:\/\/kiosque.acadienouvelle.com\/aquapeche-01-2026\/wp-json\/wp\/v2\/pages\/7988","targetHints":{"allow":["GET"]}}],"collection":[{"href":"https:\/\/kiosque.acadienouvelle.com\/aquapeche-01-2026\/wp-json\/wp\/v2\/pages"}],"about":[{"href":"https:\/\/kiosque.acadienouvelle.com\/aquapeche-01-2026\/wp-json\/wp\/v2\/types\/page"}],"author":[{"embeddable":true,"href":"https:\/\/kiosque.acadienouvelle.com\/aquapeche-01-2026\/wp-json\/wp\/v2\/users\/1"}],"replies":[{"embeddable":true,"href":"https:\/\/kiosque.acadienouvelle.com\/aquapeche-01-2026\/wp-json\/wp\/v2\/comments?post=7988"}],"version-history":[{"count":13,"href":"https:\/\/kiosque.acadienouvelle.com\/aquapeche-01-2026\/wp-json\/wp\/v2\/pages\/7988\/revisions"}],"predecessor-version":[{"id":8263,"href":"https:\/\/kiosque.acadienouvelle.com\/aquapeche-01-2026\/wp-json\/wp\/v2\/pages\/7988\/revisions\/8263"}],"wp:attachment":[{"href":"https:\/\/kiosque.acadienouvelle.com\/aquapeche-01-2026\/wp-json\/wp\/v2\/media?parent=7988"}],"wp:term":[{"taxonomy":"page-categories","embeddable":true,"href":"https:\/\/kiosque.acadienouvelle.com\/aquapeche-01-2026\/wp-json\/wp\/v2\/page-categories?post=7988"}],"curies":[{"name":"wp","href":"https:\/\/api.w.org\/{rel}","templated":true}]}}