{"id":8068,"date":"2026-04-14T02:18:36","date_gmt":"2026-04-14T02:18:36","guid":{"rendered":"https:\/\/kiosque.acadienouvelle.com\/aquapeche-01-2026\/?page_id=8068"},"modified":"2026-04-14T19:43:39","modified_gmt":"2026-04-14T19:43:39","slug":"recettes","status":"publish","type":"page","link":"https:\/\/kiosque.acadienouvelle.com\/aquapeche-01-2026\/recettes\/","title":{"rendered":"Recettes de l&rsquo;Aquap\u00eache"},"content":{"rendered":"\t\t<div data-elementor-type=\"wp-page\" data-elementor-id=\"8068\" class=\"elementor elementor-8068\" data-elementor-post-type=\"page\">\n\t\t\t\t\t\t<section class=\"elementor-section elementor-top-section elementor-element elementor-element-50c1b6e elementor-section-height-min-height header_title banner_img elementor-section-boxed elementor-section-height-default elementor-section-items-middle\" data-id=\"50c1b6e\" data-element_type=\"section\" data-e-type=\"section\" data-settings=\"{&quot;background_background&quot;:&quot;classic&quot;}\">\n\t\t\t\t\t\t\t<div class=\"elementor-background-overlay\"><\/div>\n\t\t\t\t\t\t\t<div class=\"elementor-container elementor-column-gap-default\">\n\t\t\t\t\t<div class=\"elementor-column elementor-col-100 elementor-top-column elementor-element elementor-element-3a2d241\" data-id=\"3a2d241\" data-element_type=\"column\" data-e-type=\"column\">\n\t\t\t<div class=\"elementor-widget-wrap elementor-element-populated\">\n\t\t\t\t\t\t<div class=\"elementor-element elementor-element-9673cd2 elementor-widget elementor-widget-heading\" data-id=\"9673cd2\" data-element_type=\"widget\" data-e-type=\"widget\" data-widget_type=\"heading.default\">\n\t\t\t\t<div class=\"elementor-widget-container\">\n\t\t\t\t\t<h2 class=\"elementor-heading-title elementor-size-default\">Recettes de l'aquap\u00eache<\/h2>\t\t\t\t<\/div>\n\t\t\t\t<\/div>\n\t\t\t\t\t<\/div>\n\t\t<\/div>\n\t\t\t\t\t<\/div>\n\t\t<\/section>\n\t\t\t\t<section class=\"elementor-section elementor-top-section elementor-element elementor-element-d9a853a elementor-section-boxed elementor-section-height-default elementor-section-height-default\" data-id=\"d9a853a\" data-element_type=\"section\" data-e-type=\"section\">\n\t\t\t\t\t\t<div class=\"elementor-container elementor-column-gap-default\">\n\t\t\t\t\t<div class=\"elementor-column elementor-col-100 elementor-top-column elementor-element elementor-element-68d9c5a page_contain\" data-id=\"68d9c5a\" data-element_type=\"column\" data-e-type=\"column\" data-settings=\"{&quot;background_background&quot;:&quot;classic&quot;}\">\n\t\t\t<div class=\"elementor-widget-wrap elementor-element-populated\">\n\t\t\t\t\t\t<div class=\"elementor-element elementor-element-50f1f9b elementor-widget elementor-widget-image\" data-id=\"50f1f9b\" data-element_type=\"widget\" data-e-type=\"widget\" data-widget_type=\"image.default\">\n\t\t\t\t<div class=\"elementor-widget-container\">\n\t\t\t\t\t\t\t\t\t\t\t\t<figure class=\"wp-caption\">\n\t\t\t\t\t\t\t\t\t\t<img fetchpriority=\"high\" decoding=\"async\" width=\"1366\" height=\"768\" src=\"https:\/\/kiosque.acadienouvelle.com\/aquapeche-01-2026\/wp-content\/uploads\/sites\/391\/2026\/03\/22_mignonette-NB-delicious-2026_land.jpg\" class=\"attachment-full size-full wp-image-7770\" alt=\"\" srcset=\"https:\/\/kiosque.acadienouvelle.com\/aquapeche-01-2026\/wp-content\/uploads\/sites\/391\/2026\/03\/22_mignonette-NB-delicious-2026_land.jpg 1366w, https:\/\/kiosque.acadienouvelle.com\/aquapeche-01-2026\/wp-content\/uploads\/sites\/391\/2026\/03\/22_mignonette-NB-delicious-2026_land-300x169.jpg 300w, https:\/\/kiosque.acadienouvelle.com\/aquapeche-01-2026\/wp-content\/uploads\/sites\/391\/2026\/03\/22_mignonette-NB-delicious-2026_land-1024x576.jpg 1024w, https:\/\/kiosque.acadienouvelle.com\/aquapeche-01-2026\/wp-content\/uploads\/sites\/391\/2026\/03\/22_mignonette-NB-delicious-2026_land-768x432.jpg 768w\" sizes=\"(max-width: 1366px) 100vw, 1366px\" \/>\t\t\t\t\t\t\t\t\t\t\t<figcaption class=\"widget-image-caption wp-caption-text\">annonce Am\u00e9d\u00e9e Savoie, directeur g\u00e9n\u00e9ral de la Maison BeauSoleil.<\/figcaption>\n\t\t\t\t\t\t\t\t\t\t<\/figure>\n\t\t\t\t\t\t\t\t\t<\/div>\n\t\t\t\t<\/div>\n\t\t<link rel=\"stylesheet\" href=\"https:\/\/use.fontawesome.com\/releases\/v5.5.0\/css\/all.css\" integrity=\"sha384-B4dIYHKNBt8Bc12p+WXckhzcICo0wtJAoU8YZTY5qE0Id1GSseTk6S+L3BlXeVIU\" crossorigin=\"anonymous\">\r\n\t\t<div class=\"elementor-element elementor-element-2064541 elementor-widget elementor-widget-advertisement\" data-id=\"2064541\" data-element_type=\"widget\" data-e-type=\"widget\" data-widget_type=\"advertisement.default\">\n\t\t\t\t<div class=\"elementor-widget-container\">\n\t\t\t\t\t<div class=\"ads-align-center\"><div style=\"min-width:300px\" data-m32-ad data-options='{\"sizes\":\"[[300,250]]\",\"dfpId\":\"21658289790,27729547\",\"dfpAdUnitPath\":\"acadienouvelle\/cahiers_quarterpage_300x250\"}'><\/div><\/div>\t\t\t\t<\/div>\n\t\t\t\t<\/div>\n\t\t\t\t<div class=\"elementor-element elementor-element-0b6ad93 mobile_pera elementor-widget elementor-widget-text-editor\" data-id=\"0b6ad93\" data-element_type=\"widget\" data-e-type=\"widget\" data-widget_type=\"text-editor.default\">\n\t\t\t\t<div class=\"elementor-widget-container\">\n\t\t\t\t\t\t\t\t\t<p><b>Mignonnette\u00a0<\/b><b style=\"font-style: inherit;\">aux pommes<\/b><\/p>\t\t\t\t\t\t\t\t<\/div>\n\t\t\t\t<\/div>\n\t\t\t\t<div class=\"elementor-element elementor-element-707881b mobile_pera elementor-widget elementor-widget-text-editor\" data-id=\"707881b\" data-element_type=\"widget\" data-e-type=\"widget\" data-widget_type=\"text-editor.default\">\n\t\t\t\t<div class=\"elementor-widget-container\">\n\t\t\t\t\t\t\t\t\t<p><b>Ingr\u00e9dients<\/b><\/p>\t\t\t\t\t\t\t\t<\/div>\n\t\t\t\t<\/div>\n\t\t\t\t<div class=\"elementor-element elementor-element-d0a0a3b mobile_pera elementor-widget elementor-widget-text-editor\" data-id=\"d0a0a3b\" data-element_type=\"widget\" data-e-type=\"widget\" data-widget_type=\"text-editor.default\">\n\t\t\t\t<div class=\"elementor-widget-container\">\n\t\t\t\t\t\t\t\t\t<ul><li>Gla\u00e7ons broy\u00e9s<\/li><li>12 hu\u00eetres du Nouveau-Brunswick en demi-coquille<\/li><li>\u2153 de tasse de vinaigre de champagne<\/li><li>\u00bc de tasse de pomme, coup\u00e9e en petits d\u00e9s<\/li><li>2 cuill\u00e8res \u00e0 soupe d\u2019\u00e9chalotes \u00e9minc\u00e9es<\/li><li>2 cuill\u00e8res \u00e0 caf\u00e9 de feuilles de basilic frais \u00e9minc\u00e9es<\/li><li>2 cuill\u00e8res \u00e0 soupe de jus de citron frais press\u00e9<\/li><\/ul>\t\t\t\t\t\t\t\t<\/div>\n\t\t\t\t<\/div>\n\t\t\t\t<div class=\"elementor-element elementor-element-5acc7c2 mobile_pera elementor-widget elementor-widget-text-editor\" data-id=\"5acc7c2\" data-element_type=\"widget\" data-e-type=\"widget\" data-widget_type=\"text-editor.default\">\n\t\t\t\t<div class=\"elementor-widget-container\">\n\t\t\t\t\t\t\t\t\t<p><b>Pr\u00e9paration<\/b><\/p>\t\t\t\t\t\t\t\t<\/div>\n\t\t\t\t<\/div>\n\t\t\t\t<div class=\"elementor-element elementor-element-f481a1f mobile_pera elementor-widget elementor-widget-text-editor\" data-id=\"f481a1f\" data-element_type=\"widget\" data-e-type=\"widget\" data-widget_type=\"text-editor.default\">\n\t\t\t\t<div class=\"elementor-widget-container\">\n\t\t\t\t\t\t\t\t\t<ul><li>\u00c9caillez et disposez vos hu\u00eetres sur la demi-coquille sur des gla\u00e7ons broy\u00e9s.<\/li><li>Dans un petit bol, m\u00e9langez votre vinaigre de champagne, les pommes, les \u00e9chalotes, le basilic et le jus de citron, et m\u00e9langez bien.<\/li><li>Servez vos hu\u00eetres avec cette magnifique mignonnette aux pommes et faites connaissance des d\u00e9lices de la c\u00f4te du Nouveau-Brunswick.<\/li><\/ul>\t\t\t\t\t\t\t\t<\/div>\n\t\t\t\t<\/div>\n\t\t\t\t<div class=\"elementor-element elementor-element-74263c8 mobile_pera elementor-widget elementor-widget-text-editor\" data-id=\"74263c8\" data-element_type=\"widget\" data-e-type=\"widget\" data-widget_type=\"text-editor.default\">\n\t\t\t\t<div class=\"elementor-widget-container\">\n\t\t\t\t\t\t\t\t\t<p><i>Source : Nouveau-Brunswick &#8211; D\u00e9licieusement Canadien<\/i><\/p>\t\t\t\t\t\t\t\t<\/div>\n\t\t\t\t<\/div>\n\t\t\t\t<div class=\"elementor-element elementor-element-7c30dcf elementor-widget elementor-widget-image\" data-id=\"7c30dcf\" data-element_type=\"widget\" data-e-type=\"widget\" data-widget_type=\"image.default\">\n\t\t\t\t<div class=\"elementor-widget-container\">\n\t\t\t\t\t\t\t\t\t\t\t\t<figure class=\"wp-caption\">\n\t\t\t\t\t\t\t\t\t\t<img decoding=\"async\" width=\"1366\" height=\"768\" src=\"https:\/\/kiosque.acadienouvelle.com\/aquapeche-01-2026\/wp-content\/uploads\/sites\/391\/2026\/03\/22_grilled-lobster-NB-Delicious-2026_land.jpg\" class=\"attachment-full size-full wp-image-7768\" alt=\"\" srcset=\"https:\/\/kiosque.acadienouvelle.com\/aquapeche-01-2026\/wp-content\/uploads\/sites\/391\/2026\/03\/22_grilled-lobster-NB-Delicious-2026_land.jpg 1366w, https:\/\/kiosque.acadienouvelle.com\/aquapeche-01-2026\/wp-content\/uploads\/sites\/391\/2026\/03\/22_grilled-lobster-NB-Delicious-2026_land-300x169.jpg 300w, https:\/\/kiosque.acadienouvelle.com\/aquapeche-01-2026\/wp-content\/uploads\/sites\/391\/2026\/03\/22_grilled-lobster-NB-Delicious-2026_land-1024x576.jpg 1024w, https:\/\/kiosque.acadienouvelle.com\/aquapeche-01-2026\/wp-content\/uploads\/sites\/391\/2026\/03\/22_grilled-lobster-NB-Delicious-2026_land-768x432.jpg 768w\" sizes=\"(max-width: 1366px) 100vw, 1366px\" \/>\t\t\t\t\t\t\t\t\t\t\t<figcaption class=\"widget-image-caption wp-caption-text\">annonce Am\u00e9d\u00e9e Savoie, directeur g\u00e9n\u00e9ral de la Maison BeauSoleil.<\/figcaption>\n\t\t\t\t\t\t\t\t\t\t<\/figure>\n\t\t\t\t\t\t\t\t\t<\/div>\n\t\t\t\t<\/div>\n\t\t\t\t<div class=\"elementor-element elementor-element-2e78826 mobile_pera elementor-widget elementor-widget-text-editor\" data-id=\"2e78826\" data-element_type=\"widget\" data-e-type=\"widget\" data-widget_type=\"text-editor.default\">\n\t\t\t\t<div class=\"elementor-widget-container\">\n\t\t\t\t\t\t\t\t\t<p><b>Homard entier r\u00f4ti<\/b><\/p>\t\t\t\t\t\t\t\t<\/div>\n\t\t\t\t<\/div>\n\t\t\t\t<div class=\"elementor-element elementor-element-721fd42 mobile_pera elementor-widget elementor-widget-text-editor\" data-id=\"721fd42\" data-element_type=\"widget\" data-e-type=\"widget\" data-widget_type=\"text-editor.default\">\n\t\t\t\t<div class=\"elementor-widget-container\">\n\t\t\t\t\t\t\t\t\t<p><b>Ingr\u00e9dients<\/b><\/p>\t\t\t\t\t\t\t\t<\/div>\n\t\t\t\t<\/div>\n\t\t\t\t<div class=\"elementor-element elementor-element-560c764 mobile_pera elementor-widget elementor-widget-text-editor\" data-id=\"560c764\" data-element_type=\"widget\" data-e-type=\"widget\" data-widget_type=\"text-editor.default\">\n\t\t\t\t<div class=\"elementor-widget-container\">\n\t\t\t\t\t\t\t\t\t<ul><li>1 homard entier cuit, fendu dans le sens de la longueur et d\u00e9barrass\u00e9 de son tomalli<\/li><li>2 oignons verts<\/li><li>1 b\u00e2ton de beurre<\/li><li>2 c. \u00e0 soupe de jus de citron<\/li><li>1 pinc\u00e9e de sel<\/li><li>1 pinc\u00e9e de poivre moulu<\/li><li>1 c. \u00e0 th\u00e9 d\u2019ail hach\u00e9<\/li><\/ul>\t\t\t\t\t\t\t\t<\/div>\n\t\t\t\t<\/div>\n\t\t\t\t<div class=\"elementor-element elementor-element-64136aa mobile_pera elementor-widget elementor-widget-text-editor\" data-id=\"64136aa\" data-element_type=\"widget\" data-e-type=\"widget\" data-widget_type=\"text-editor.default\">\n\t\t\t\t<div class=\"elementor-widget-container\">\n\t\t\t\t\t\t\t\t\t<p><b>Pr\u00e9paration<\/b><\/p>\t\t\t\t\t\t\t\t<\/div>\n\t\t\t\t<\/div>\n\t\t\t\t<div class=\"elementor-element elementor-element-7ce9577 mobile_pera elementor-widget elementor-widget-text-editor\" data-id=\"7ce9577\" data-element_type=\"widget\" data-e-type=\"widget\" data-widget_type=\"text-editor.default\">\n\t\t\t\t<div class=\"elementor-widget-container\">\n\t\t\t\t\t\t\t\t\t<ul><li>Trancher finement les oignons verts et les faire griller au four.<\/li><li>Dans une petite casserole, \u00e0 feu doux, faire fondre le beurre avec l\u2019oignon vert grill\u00e9, le jus de citron, l\u2019ail, le sel et le poivre, et faire cuire le tout pendant 5 minutes. Garder au chaud.<\/li><li>Nettoyer la grille du barbecue ou de la r\u00f4tissoire et l\u2019huiler l\u00e9g\u00e8rement avant de monter \u00e0 un feu moyen.<\/li><li>Badigeonner le c\u00f4t\u00e9 chair de beurre; poser le homard c\u00f4t\u00e9 chair vers le bas et le faire cuire pendant environ cinq minutes.<\/li><li>Retourner le homard, le badigeonner de beurre au citron et le faire cuire c\u00f4t\u00e9 coquille pendant cinq minutes de plus.<\/li><li>Lorsque la cuisson est termin\u00e9e, la chair doit \u00eatre ferme et opaque de part en part.<\/li><li>Servir avec le reste du beurre d\u2019oignon vert grill\u00e9 au citron.<\/li><\/ul>\t\t\t\t\t\t\t\t<\/div>\n\t\t\t\t<\/div>\n\t\t\t\t<div class=\"elementor-element elementor-element-506ff20 mobile_pera elementor-widget elementor-widget-text-editor\" data-id=\"506ff20\" data-element_type=\"widget\" data-e-type=\"widget\" data-widget_type=\"text-editor.default\">\n\t\t\t\t<div class=\"elementor-widget-container\">\n\t\t\t\t\t\t\t\t\t<p><i>Source&nbsp;: Nouveau-Brunswick &#8211; D\u00e9licieusement Canadien<\/i><\/p>\t\t\t\t\t\t\t\t<\/div>\n\t\t\t\t<\/div>\n\t\t\t\t\t<\/div>\n\t\t<\/div>\n\t\t\t\t\t<\/div>\n\t\t<\/section>\n\t\t\t\t<\/div>\n\t\t","protected":false},"excerpt":{"rendered":"<p>Recettes de l&rsquo;aquap\u00eache annonce Am\u00e9d\u00e9e Savoie, directeur g\u00e9n\u00e9ral de la Maison BeauSoleil. Mignonnette\u00a0aux pommes Ingr\u00e9dients Gla\u00e7ons broy\u00e9s 12 hu\u00eetres du Nouveau-Brunswick en demi-coquille \u2153 de tasse de vinaigre de champagne \u00bc de tasse de pomme, coup\u00e9e en petits d\u00e9s 2 cuill\u00e8res \u00e0 soupe d\u2019\u00e9chalotes \u00e9minc\u00e9es 2 cuill\u00e8res \u00e0 caf\u00e9 de feuilles de basilic frais \u00e9minc\u00e9es [&hellip;]<\/p>\n","protected":false},"author":1,"featured_media":0,"parent":0,"menu_order":22,"comment_status":"closed","ping_status":"closed","template":"","meta":{"site-sidebar-layout":"no-sidebar","site-content-layout":"page-builder","ast-site-content-layout":"default","site-content-style":"default","site-sidebar-style":"default","ast-global-header-display":"","ast-banner-title-visibility":"","ast-main-header-display":"","ast-hfb-above-header-display":"","ast-hfb-below-header-display":"","ast-hfb-mobile-header-display":"","site-post-title":"disabled","ast-breadcrumbs-content":"","ast-featured-img":"disabled","footer-sml-layout":"","ast-disable-related-posts":"","theme-transparent-header-meta":"default","adv-header-id-meta":"","stick-header-meta":"","header-above-stick-meta":"","header-main-stick-meta":"","header-below-stick-meta":"","astra-migrate-meta-layouts":"default","ast-page-background-enabled":"default","ast-page-background-meta":{"desktop":{"background-color":"var(--ast-global-color-4)","background-image":"","background-repeat":"repeat","background-position":"center center","background-size":"auto","background-attachment":"scroll","background-type":"","background-media":"","overlay-type":"","overlay-color":"","overlay-opacity":"","overlay-gradient":""},"tablet":{"background-color":"","background-image":"","background-repeat":"repeat","background-position":"center center","background-size":"auto","background-attachment":"scroll","background-type":"","background-media":"","overlay-type":"","overlay-color":"","overlay-opacity":"","overlay-gradient":""},"mobile":{"background-color":"","background-image":"","background-repeat":"repeat","background-position":"center center","background-size":"auto","background-attachment":"scroll","background-type":"","background-media":"","overlay-type":"","overlay-color":"","overlay-opacity":"","overlay-gradient":""}},"ast-content-background-meta":{"desktop":{"background-color":"var(--ast-global-color-5)","background-image":"","background-repeat":"repeat","background-position":"center center","background-size":"auto","background-attachment":"scroll","background-type":"","background-media":"","overlay-type":"","overlay-color":"","overlay-opacity":"","overlay-gradient":""},"tablet":{"background-color":"var(--ast-global-color-5)","background-image":"","background-repeat":"repeat","background-position":"center center","background-size":"auto","background-attachment":"scroll","background-type":"","background-media":"","overlay-type":"","overlay-color":"","overlay-opacity":"","overlay-gradient":""},"mobile":{"background-color":"var(--ast-global-color-5)","background-image":"","background-repeat":"repeat","background-position":"center center","background-size":"auto","background-attachment":"scroll","background-type":"","background-media":"","overlay-type":"","overlay-color":"","overlay-opacity":"","overlay-gradient":""}},"footnotes":""},"page-categories":[],"class_list":["post-8068","page","type-page","status-publish","hentry"],"_links":{"self":[{"href":"https:\/\/kiosque.acadienouvelle.com\/aquapeche-01-2026\/wp-json\/wp\/v2\/pages\/8068","targetHints":{"allow":["GET"]}}],"collection":[{"href":"https:\/\/kiosque.acadienouvelle.com\/aquapeche-01-2026\/wp-json\/wp\/v2\/pages"}],"about":[{"href":"https:\/\/kiosque.acadienouvelle.com\/aquapeche-01-2026\/wp-json\/wp\/v2\/types\/page"}],"author":[{"embeddable":true,"href":"https:\/\/kiosque.acadienouvelle.com\/aquapeche-01-2026\/wp-json\/wp\/v2\/users\/1"}],"replies":[{"embeddable":true,"href":"https:\/\/kiosque.acadienouvelle.com\/aquapeche-01-2026\/wp-json\/wp\/v2\/comments?post=8068"}],"version-history":[{"count":10,"href":"https:\/\/kiosque.acadienouvelle.com\/aquapeche-01-2026\/wp-json\/wp\/v2\/pages\/8068\/revisions"}],"predecessor-version":[{"id":8266,"href":"https:\/\/kiosque.acadienouvelle.com\/aquapeche-01-2026\/wp-json\/wp\/v2\/pages\/8068\/revisions\/8266"}],"wp:attachment":[{"href":"https:\/\/kiosque.acadienouvelle.com\/aquapeche-01-2026\/wp-json\/wp\/v2\/media?parent=8068"}],"wp:term":[{"taxonomy":"page-categories","embeddable":true,"href":"https:\/\/kiosque.acadienouvelle.com\/aquapeche-01-2026\/wp-json\/wp\/v2\/page-categories?post=8068"}],"curies":[{"name":"wp","href":"https:\/\/api.w.org\/{rel}","templated":true}]}}