{"id":8076,"date":"2026-04-14T02:24:04","date_gmt":"2026-04-14T02:24:04","guid":{"rendered":"https:\/\/kiosque.acadienouvelle.com\/aquapeche-01-2026\/?page_id=8076"},"modified":"2026-04-14T17:27:26","modified_gmt":"2026-04-14T17:27:26","slug":"phoques","status":"publish","type":"page","link":"https:\/\/kiosque.acadienouvelle.com\/aquapeche-01-2026\/phoques\/","title":{"rendered":"Gardez vos distances avec les phoques sur les rivages"},"content":{"rendered":"\t\t<div data-elementor-type=\"wp-page\" data-elementor-id=\"8076\" class=\"elementor elementor-8076\" data-elementor-post-type=\"page\">\n\t\t\t\t\t\t<section class=\"elementor-section elementor-top-section elementor-element elementor-element-50c1b6e elementor-section-height-min-height header_title banner_img elementor-section-boxed elementor-section-height-default elementor-section-items-middle\" data-id=\"50c1b6e\" data-element_type=\"section\" data-e-type=\"section\" data-settings=\"{&quot;background_background&quot;:&quot;classic&quot;}\">\n\t\t\t\t\t\t\t<div class=\"elementor-background-overlay\"><\/div>\n\t\t\t\t\t\t\t<div class=\"elementor-container elementor-column-gap-default\">\n\t\t\t\t\t<div class=\"elementor-column elementor-col-100 elementor-top-column elementor-element elementor-element-3a2d241\" data-id=\"3a2d241\" data-element_type=\"column\" data-e-type=\"column\">\n\t\t\t<div class=\"elementor-widget-wrap elementor-element-populated\">\n\t\t\t\t\t\t<div class=\"elementor-element elementor-element-9673cd2 elementor-widget elementor-widget-heading\" data-id=\"9673cd2\" data-element_type=\"widget\" data-e-type=\"widget\" data-widget_type=\"heading.default\">\n\t\t\t\t<div class=\"elementor-widget-container\">\n\t\t\t\t\t<h2 class=\"elementor-heading-title elementor-size-default\">Gardez vos distances avec les phoques sur les rivages<\/h2>\t\t\t\t<\/div>\n\t\t\t\t<\/div>\n\t\t\t\t\t<\/div>\n\t\t<\/div>\n\t\t\t\t\t<\/div>\n\t\t<\/section>\n\t\t\t\t<section class=\"elementor-section elementor-top-section elementor-element elementor-element-d9a853a elementor-section-boxed elementor-section-height-default elementor-section-height-default\" data-id=\"d9a853a\" data-element_type=\"section\" data-e-type=\"section\">\n\t\t\t\t\t\t<div class=\"elementor-container elementor-column-gap-default\">\n\t\t\t\t\t<div class=\"elementor-column elementor-col-100 elementor-top-column elementor-element elementor-element-68d9c5a page_contain\" data-id=\"68d9c5a\" data-element_type=\"column\" data-e-type=\"column\" data-settings=\"{&quot;background_background&quot;:&quot;classic&quot;}\">\n\t\t\t<div class=\"elementor-widget-wrap elementor-element-populated\">\n\t\t\t\t\t\t<div class=\"elementor-element elementor-element-50f1f9b elementor-widget elementor-widget-image\" data-id=\"50f1f9b\" data-element_type=\"widget\" data-e-type=\"widget\" data-widget_type=\"image.default\">\n\t\t\t\t<div class=\"elementor-widget-container\">\n\t\t\t\t\t\t\t\t\t\t\t\t<figure class=\"wp-caption\">\n\t\t\t\t\t\t\t\t\t\t<img fetchpriority=\"high\" decoding=\"async\" width=\"1100\" height=\"745\" src=\"https:\/\/kiosque.acadienouvelle.com\/aquapeche-01-2026\/wp-content\/uploads\/sites\/391\/2026\/03\/23_phoque-gris_land.jpg\" class=\"attachment-full size-full wp-image-7772\" alt=\"\" srcset=\"https:\/\/kiosque.acadienouvelle.com\/aquapeche-01-2026\/wp-content\/uploads\/sites\/391\/2026\/03\/23_phoque-gris_land.jpg 1100w, https:\/\/kiosque.acadienouvelle.com\/aquapeche-01-2026\/wp-content\/uploads\/sites\/391\/2026\/03\/23_phoque-gris_land-300x203.jpg 300w, https:\/\/kiosque.acadienouvelle.com\/aquapeche-01-2026\/wp-content\/uploads\/sites\/391\/2026\/03\/23_phoque-gris_land-1024x694.jpg 1024w, https:\/\/kiosque.acadienouvelle.com\/aquapeche-01-2026\/wp-content\/uploads\/sites\/391\/2026\/03\/23_phoque-gris_land-768x520.jpg 768w\" sizes=\"(max-width: 1100px) 100vw, 1100px\" \/>\t\t\t\t\t\t\t\t\t\t\t<figcaption class=\"widget-image-caption wp-caption-text\">Bien qu\u2019ils soient mignons, les phoques gris sont des animaux sauvages qu\u2019il vaut mieux de garder \u00e0 distance. (P\u00eaches et Oc\u00e9ans Canada)<\/figcaption>\n\t\t\t\t\t\t\t\t\t\t<\/figure>\n\t\t\t\t\t\t\t\t\t<\/div>\n\t\t\t\t<\/div>\n\t\t<link rel=\"stylesheet\" href=\"https:\/\/use.fontawesome.com\/releases\/v5.5.0\/css\/all.css\" integrity=\"sha384-B4dIYHKNBt8Bc12p+WXckhzcICo0wtJAoU8YZTY5qE0Id1GSseTk6S+L3BlXeVIU\" crossorigin=\"anonymous\">\r\n\t\t<div class=\"elementor-element elementor-element-d0a0a3b mobile_pera elementor-widget elementor-widget-text-editor\" data-id=\"d0a0a3b\" data-element_type=\"widget\" data-e-type=\"widget\" data-widget_type=\"text-editor.default\">\n\t\t\t\t<div class=\"elementor-widget-container\">\n\t\t\t\t\t\t\t\t\tAu printemps, les gens recommencent \u00e0 explorer les rivages et \u00e0 se promener le long des plages du Nouveau-Brunswick. Si vous apercevez un phoque, il vaut mieux de garder ses distances. Voici quelques conseils \u00e9mis par le minist\u00e8re des P\u00eaches et Oc\u00e9ans pour assurer la s\u00e9curit\u00e9 des gens et des phoques\u00a0: \t\t\t\t\t\t\t\t<\/div>\n\t\t\t\t<\/div>\n\t\t\t\t<div class=\"elementor-element elementor-element-a2aecbb elementor-widget elementor-widget-advertisement\" data-id=\"a2aecbb\" data-element_type=\"widget\" data-e-type=\"widget\" data-widget_type=\"advertisement.default\">\n\t\t\t\t<div class=\"elementor-widget-container\">\n\t\t\t\t\t<div class=\"ads-align-center\"><div style=\"min-width:300px\" data-m32-ad data-options='{\"sizes\":\"[[300,250]]\",\"dfpId\":\"21658289790,27729547\",\"dfpAdUnitPath\":\"acadienouvelle\/cahiers_quarterpage_300x250\"}'><\/div><\/div>\t\t\t\t<\/div>\n\t\t\t\t<\/div>\n\t\t\t\t<div class=\"elementor-element elementor-element-68f6a01 mobile_pera elementor-widget elementor-widget-text-editor\" data-id=\"68f6a01\" data-element_type=\"widget\" data-e-type=\"widget\" data-widget_type=\"text-editor.default\">\n\t\t\t\t<div class=\"elementor-widget-container\">\n\t\t\t\t\t\t\t\t\tBien qu\u2019ils aient l\u2019air mignons, les phoques sont des animaux sauvages et vous ne devez pas vous en approcher. Ils peuvent r\u00e9agir de fa\u00e7on agressive s\u2019ils sont effray\u00e9s, se sentent pris au pi\u00e8ge ou menac\u00e9s. Ils peuvent occasionner des blessures, comme de s\u00e9rieuses morsures,\u00a0qui requi\u00e8rent des soins m\u00e9dicaux.\n\t\t\t\t\t\t\t\t<\/div>\n\t\t\t\t<\/div>\n\t\t\t\t<div class=\"elementor-element elementor-element-322b4c1 mobile_pera elementor-widget elementor-widget-text-editor\" data-id=\"322b4c1\" data-element_type=\"widget\" data-e-type=\"widget\" data-widget_type=\"text-editor.default\">\n\t\t\t\t<div class=\"elementor-widget-container\">\n\t\t\t\t\t\t\t\t\tSi vous rencontrez un phoque, maintenez une distance s\u00e9curitaire d\u2019au moins 100\u00a0m\u00e8tres pour \u00e9viter de lui causer du stress. Ne vous en approchez pas, n\u2019essayez pas de le nourrir ou de le forcer \u00e0 retourner \u00e0 l\u2019eau et \u00e9loignez vos enfants et vos animaux domestiques. Gardez toujours vos animaux en laisse, tant pour leur s\u00e9curit\u00e9 que celle du phoque.\n\t\t\t\t\t\t\t\t<\/div>\n\t\t\t\t<\/div>\n\t\t\t\t<div class=\"elementor-element elementor-element-af70cfe mobile_pera elementor-widget elementor-widget-text-editor\" data-id=\"af70cfe\" data-element_type=\"widget\" data-e-type=\"widget\" data-widget_type=\"text-editor.default\">\n\t\t\t\t<div class=\"elementor-widget-container\">\n\t\t\t\t\t\t\t\t\tDans le cas d\u2019un jeune phoque, la m\u00e8re peut simplement \u00eatre partie chasser en mer, ou peut \u00eatre momentan\u00e9ment effray\u00e9e par la pr\u00e9sence d\u2019un humain. Les m\u00e8res reviennent g\u00e9n\u00e9ralement tr\u00e8s rapidement sur les lieux pour s\u2019occuper de leurs petits. Si vous rencontrez un jeune phoque, gardez vos distances et n\u2019essayez pas de le d\u00e9placer. Votre intervention pourrait mettre en danger \u00e0 la fois le phoque et vous-m\u00eame.\n\t\t\t\t\t\t\t\t<\/div>\n\t\t\t\t<\/div>\n\t\t\t\t<div class=\"elementor-element elementor-element-104b2fa mobile_pera elementor-widget elementor-widget-text-editor\" data-id=\"104b2fa\" data-element_type=\"widget\" data-e-type=\"widget\" data-widget_type=\"text-editor.default\">\n\t\t\t\t<div class=\"elementor-widget-container\">\n\t\t\t\t\t\t\t\t\tSi un phoque pr\u00e9sente un risque \u00e0 la s\u00e9curit\u00e9 publique, se trouve\u00a0pr\u00e8s d\u2019une route, d\u2019une maison, d\u2019un commerce ou d\u2019une \u00e9cole, ou si vous avez raison de croire qu\u2019il est bless\u00e9 ou souffrant, veuillez communiquer avec le bureau de Conservation et Protection le plus pr\u00e8s. Apr\u00e8s les heures normales de travail et pendant les fins de semaine, veuillez t\u00e9l\u00e9phoner au 1 866 567-6277.\u00a0\n\t\t\t\t\t\t\t\t<\/div>\n\t\t\t\t<\/div>\n\t\t\t\t<div class=\"elementor-element elementor-element-25fd717 mobile_pera elementor-widget elementor-widget-text-editor\" data-id=\"25fd717\" data-element_type=\"widget\" data-e-type=\"widget\" data-widget_type=\"text-editor.default\">\n\t\t\t\t<div class=\"elementor-widget-container\">\n\t\t\t\t\t\t\t\t\tVeuillez noter qu\u2019il est ill\u00e9gal de d\u00e9ranger un phoque selon le R\u00e8glement sur les mammif\u00e8res marins. De plus, il est ill\u00e9gal de chasser le phoque sans permis.\n\t\t\t\t\t\t\t\t<\/div>\n\t\t\t\t<\/div>\n\t\t\t\t<div class=\"elementor-element elementor-element-166374c box_pera elementor-widget elementor-widget-text-editor\" data-id=\"166374c\" data-element_type=\"widget\" data-e-type=\"widget\" data-widget_type=\"text-editor.default\">\n\t\t\t\t<div class=\"elementor-widget-container\">\n\t\t\t\t\t\t\t\t\t<h1>Le Nouveau-Brunswick mis de l\u2019avant \u00e0 Boston<b>&nbsp;<br><\/b><\/h1>\n<p>Plus de 60 entreprises de poissons et fruits de mer du Nouveau-Brunswick ont particip\u00e9 \u00e0 la foire Seafood Expo North America en mars dernier. L\u2019\u00e9v\u00e9nement,&nbsp;<span style=\"font-style: inherit; font-weight: inherit;\">qui a lieu \u00e0 Boston, permet de faire conna\u00eetre les principaux producteurs et transformateurs de poissons et fruits de mer du monde \u00e0 l\u2019occasion du plus important salon commercial de cette industrie organis\u00e9 en Am\u00e9rique du Nord.<\/span><\/p><p><br><\/p><p>\u00ab L\u2019industrie des produits de la mer est une pierre angulaire de l\u2019\u00e9conomie du Nouveau-Brunswick \u00bb, a d\u00e9clar\u00e9 le ministre de l\u2019Agriculture, de l\u2019Aquaculture et des P\u00eaches, Pat Finnigan. \u00ab Les produits de la mer ne sont pas uniquement une industrie pour nous; ils font partie de notre identit\u00e9 en tant que gens du Nouveau-Brunswick. Ils permettent de soutenir des milliers d\u2019emplois et de stimuler notre \u00e9conomie, et ils sont le reflet du travail acharn\u00e9 de plusieurs g\u00e9n\u00e9rations le long de nos c\u00f4tes. M\u00eame en p\u00e9riode d\u2019incertitude mondiale, la croissance de nos exportations montre \u00e0 quel point nos producteurs et transformateurs sont r\u00e9silients et concurrentiels. \u00bb<\/p><p><br><\/p><p>Malgr\u00e9 ces incertitudes \u00e9conomiques, la valeur des exportations de poissons et fruits de mer de la province a d\u00e9pass\u00e9 les 2 milliards $ l\u2019an dernier. Cela repr\u00e9sente une augmentation de 4,8 pour cent comparativement \u00e0 2024 et une contribution importante aux exportations globales de la province.<\/p><p><br><\/p><p>Des repr\u00e9sentants de divers organismes et entreprises li\u00e9s au secteur des produits de la mer ont particip\u00e9 \u00e0 ce salon commercial en vue de renforcer les partenariats avec les clients actuels, d\u2019explorer de nouveaux march\u00e9s potentiels et de saisir d\u2019importantes occasions de vente.<\/p><p><br><\/p><p>\u00ab L\u2019\u00e9tablissement de relations durables et la diversification des march\u00e9s sont essentiels \u00e0 la r\u00e9ussite \u00e0 long terme de notre secteur des produits de la mer, a affirm\u00e9 M. Finnigan. L\u2019expansion vers de nouveaux march\u00e9s permet non seulement de consolider la position du Nouveau-Brunswick sur la sc\u00e8ne internationale, mais aussi d\u2019att\u00e9nuer les risques et d\u2019ouvrir de nouvelles perspectives pour les producteurs, les transformateurs, les partenaires autochtones et les communaut\u00e9s c\u00f4ti\u00e8res. \u00bb<\/p><p><br><\/p><p>M. Finnigan a indiqu\u00e9 que la collaboration est un v\u00e9ritable moteur qui fait progresser le commerce des poissons et fruits de mer, le salon commercial ayant accueilli des repr\u00e9sentants des gouvernements f\u00e9d\u00e9ral et provincial, des chefs de file de l\u2019industrie et des repr\u00e9sentants des communaut\u00e9s autochtones qui travaillent tous ensemble pour assurer la croissance continue du secteur des produits de la mer du Nouveau-Brunswick.<\/p>\t\t\t\t\t\t\t\t<\/div>\n\t\t\t\t<\/div>\n\t\t\t\t\t<\/div>\n\t\t<\/div>\n\t\t\t\t\t<\/div>\n\t\t<\/section>\n\t\t\t\t<\/div>\n\t\t","protected":false},"excerpt":{"rendered":"<p>Gardez vos distances avec les phoques sur les rivages Bien qu\u2019ils soient mignons, les phoques gris sont des animaux sauvages qu\u2019il vaut mieux de garder \u00e0 distance. (P\u00eaches et Oc\u00e9ans Canada) Au printemps, les gens recommencent \u00e0 explorer les rivages et \u00e0 se promener le long des plages du Nouveau-Brunswick. Si vous apercevez un phoque, [&hellip;]<\/p>\n","protected":false},"author":1,"featured_media":0,"parent":0,"menu_order":23,"comment_status":"closed","ping_status":"closed","template":"","meta":{"site-sidebar-layout":"no-sidebar","site-content-layout":"page-builder","ast-site-content-layout":"default","site-content-style":"default","site-sidebar-style":"default","ast-global-header-display":"","ast-banner-title-visibility":"","ast-main-header-display":"","ast-hfb-above-header-display":"","ast-hfb-below-header-display":"","ast-hfb-mobile-header-display":"","site-post-title":"disabled","ast-breadcrumbs-content":"","ast-featured-img":"disabled","footer-sml-layout":"","ast-disable-related-posts":"","theme-transparent-header-meta":"default","adv-header-id-meta":"","stick-header-meta":"","header-above-stick-meta":"","header-main-stick-meta":"","header-below-stick-meta":"","astra-migrate-meta-layouts":"default","ast-page-background-enabled":"default","ast-page-background-meta":{"desktop":{"background-color":"var(--ast-global-color-4)","background-image":"","background-repeat":"repeat","background-position":"center center","background-size":"auto","background-attachment":"scroll","background-type":"","background-media":"","overlay-type":"","overlay-color":"","overlay-opacity":"","overlay-gradient":""},"tablet":{"background-color":"","background-image":"","background-repeat":"repeat","background-position":"center center","background-size":"auto","background-attachment":"scroll","background-type":"","background-media":"","overlay-type":"","overlay-color":"","overlay-opacity":"","overlay-gradient":""},"mobile":{"background-color":"","background-image":"","background-repeat":"repeat","background-position":"center center","background-size":"auto","background-attachment":"scroll","background-type":"","background-media":"","overlay-type":"","overlay-color":"","overlay-opacity":"","overlay-gradient":""}},"ast-content-background-meta":{"desktop":{"background-color":"var(--ast-global-color-5)","background-image":"","background-repeat":"repeat","background-position":"center center","background-size":"auto","background-attachment":"scroll","background-type":"","background-media":"","overlay-type":"","overlay-color":"","overlay-opacity":"","overlay-gradient":""},"tablet":{"background-color":"var(--ast-global-color-5)","background-image":"","background-repeat":"repeat","background-position":"center center","background-size":"auto","background-attachment":"scroll","background-type":"","background-media":"","overlay-type":"","overlay-color":"","overlay-opacity":"","overlay-gradient":""},"mobile":{"background-color":"var(--ast-global-color-5)","background-image":"","background-repeat":"repeat","background-position":"center center","background-size":"auto","background-attachment":"scroll","background-type":"","background-media":"","overlay-type":"","overlay-color":"","overlay-opacity":"","overlay-gradient":""}},"footnotes":""},"page-categories":[],"class_list":["post-8076","page","type-page","status-publish","hentry"],"_links":{"self":[{"href":"https:\/\/kiosque.acadienouvelle.com\/aquapeche-01-2026\/wp-json\/wp\/v2\/pages\/8076","targetHints":{"allow":["GET"]}}],"collection":[{"href":"https:\/\/kiosque.acadienouvelle.com\/aquapeche-01-2026\/wp-json\/wp\/v2\/pages"}],"about":[{"href":"https:\/\/kiosque.acadienouvelle.com\/aquapeche-01-2026\/wp-json\/wp\/v2\/types\/page"}],"author":[{"embeddable":true,"href":"https:\/\/kiosque.acadienouvelle.com\/aquapeche-01-2026\/wp-json\/wp\/v2\/users\/1"}],"replies":[{"embeddable":true,"href":"https:\/\/kiosque.acadienouvelle.com\/aquapeche-01-2026\/wp-json\/wp\/v2\/comments?post=8076"}],"version-history":[{"count":7,"href":"https:\/\/kiosque.acadienouvelle.com\/aquapeche-01-2026\/wp-json\/wp\/v2\/pages\/8076\/revisions"}],"predecessor-version":[{"id":8200,"href":"https:\/\/kiosque.acadienouvelle.com\/aquapeche-01-2026\/wp-json\/wp\/v2\/pages\/8076\/revisions\/8200"}],"wp:attachment":[{"href":"https:\/\/kiosque.acadienouvelle.com\/aquapeche-01-2026\/wp-json\/wp\/v2\/media?parent=8076"}],"wp:term":[{"taxonomy":"page-categories","embeddable":true,"href":"https:\/\/kiosque.acadienouvelle.com\/aquapeche-01-2026\/wp-json\/wp\/v2\/page-categories?post=8076"}],"curies":[{"name":"wp","href":"https:\/\/api.w.org\/{rel}","templated":true}]}}