{"id":7840,"date":"2025-11-17T18:51:38","date_gmt":"2025-11-17T18:51:38","guid":{"rendered":"https:\/\/kiosque.acadienouvelle.com\/aquapeche-04-2025\/?page_id=7840"},"modified":"2025-11-17T20:55:17","modified_gmt":"2025-11-17T20:55:17","slug":"peche-crabe-satisfaisante","status":"publish","type":"page","link":"https:\/\/kiosque.acadienouvelle.com\/aquapeche-04-2025\/peche-crabe-satisfaisante\/","title":{"rendered":"Une p\u00eache au crabe tr\u00e8s satisfaisante en 2025!"},"content":{"rendered":"\t\t<div data-elementor-type=\"wp-page\" data-elementor-id=\"7840\" class=\"elementor elementor-7840\" data-elementor-post-type=\"page\">\n\t\t\t\t\t\t<section class=\"elementor-section elementor-top-section elementor-element elementor-element-50c1b6e elementor-section-height-min-height header_title banner_img elementor-section-boxed elementor-section-height-default elementor-section-items-middle\" data-id=\"50c1b6e\" data-element_type=\"section\" data-e-type=\"section\" data-settings=\"{&quot;background_background&quot;:&quot;classic&quot;}\">\n\t\t\t\t\t\t\t<div class=\"elementor-background-overlay\"><\/div>\n\t\t\t\t\t\t\t<div class=\"elementor-container elementor-column-gap-default\">\n\t\t\t\t\t<div class=\"elementor-column elementor-col-100 elementor-top-column elementor-element elementor-element-3a2d241\" data-id=\"3a2d241\" data-element_type=\"column\" data-e-type=\"column\">\n\t\t\t<div class=\"elementor-widget-wrap elementor-element-populated\">\n\t\t\t\t\t\t<div class=\"elementor-element elementor-element-9673cd2 elementor-widget elementor-widget-heading\" data-id=\"9673cd2\" data-element_type=\"widget\" data-e-type=\"widget\" data-widget_type=\"heading.default\">\n\t\t\t\t<div class=\"elementor-widget-container\">\n\t\t\t\t\t<h2 class=\"elementor-heading-title elementor-size-default\">Une p\u00eache au crabe tr\u00e8s satisfaisante en 2025!<\/h2>\t\t\t\t<\/div>\n\t\t\t\t<\/div>\n\t\t\t\t\t<\/div>\n\t\t<\/div>\n\t\t\t\t\t<\/div>\n\t\t<\/section>\n\t\t\t\t<section class=\"elementor-section elementor-top-section elementor-element elementor-element-d9a853a elementor-section-boxed elementor-section-height-default elementor-section-height-default\" data-id=\"d9a853a\" data-element_type=\"section\" data-e-type=\"section\">\n\t\t\t\t\t\t<div class=\"elementor-container elementor-column-gap-default\">\n\t\t\t\t\t<div class=\"elementor-column elementor-col-100 elementor-top-column elementor-element elementor-element-68d9c5a page_contain\" data-id=\"68d9c5a\" data-element_type=\"column\" data-e-type=\"column\" data-settings=\"{&quot;background_background&quot;:&quot;classic&quot;}\">\n\t\t\t<div class=\"elementor-widget-wrap elementor-element-populated\">\n\t\t\t\t\t\t<div class=\"elementor-element elementor-element-296d084 elementor-widget elementor-widget-image\" data-id=\"296d084\" data-element_type=\"widget\" data-e-type=\"widget\" data-widget_type=\"image.default\">\n\t\t\t\t<div class=\"elementor-widget-container\">\n\t\t\t\t\t\t\t\t\t\t\t\t\t\t\t<img fetchpriority=\"high\" decoding=\"async\" width=\"1024\" height=\"52\" src=\"https:\/\/kiosque.acadienouvelle.com\/aquapeche-04-2025\/wp-content\/uploads\/sites\/367\/2025\/11\/00_bandeau_horizon-1024x52.jpg\" class=\"attachment-large size-large wp-image-7714\" alt=\"\" srcset=\"https:\/\/kiosque.acadienouvelle.com\/aquapeche-04-2025\/wp-content\/uploads\/sites\/367\/2025\/11\/00_bandeau_horizon-1024x52.jpg 1024w, https:\/\/kiosque.acadienouvelle.com\/aquapeche-04-2025\/wp-content\/uploads\/sites\/367\/2025\/11\/00_bandeau_horizon-300x15.jpg 300w, https:\/\/kiosque.acadienouvelle.com\/aquapeche-04-2025\/wp-content\/uploads\/sites\/367\/2025\/11\/00_bandeau_horizon-768x39.jpg 768w, https:\/\/kiosque.acadienouvelle.com\/aquapeche-04-2025\/wp-content\/uploads\/sites\/367\/2025\/11\/00_bandeau_horizon.jpg 1400w\" sizes=\"(max-width: 1024px) 100vw, 1024px\" \/>\t\t\t\t\t\t\t\t\t\t\t\t\t\t\t<\/div>\n\t\t\t\t<\/div>\n\t\t\t\t<div class=\"elementor-element elementor-element-50f1f9b elementor-widget elementor-widget-image\" data-id=\"50f1f9b\" data-element_type=\"widget\" data-e-type=\"widget\" data-widget_type=\"image.default\">\n\t\t\t\t<div class=\"elementor-widget-container\">\n\t\t\t\t\t\t\t\t\t\t\t\t<figure class=\"wp-caption\">\n\t\t\t\t\t\t\t\t\t\t<img decoding=\"async\" width=\"1366\" height=\"768\" src=\"https:\/\/kiosque.acadienouvelle.com\/aquapeche-04-2025\/wp-content\/uploads\/sites\/367\/2025\/11\/04_debarquement-crabe.jpg\" class=\"attachment-full size-full wp-image-7721\" alt=\"\" srcset=\"https:\/\/kiosque.acadienouvelle.com\/aquapeche-04-2025\/wp-content\/uploads\/sites\/367\/2025\/11\/04_debarquement-crabe.jpg 1366w, https:\/\/kiosque.acadienouvelle.com\/aquapeche-04-2025\/wp-content\/uploads\/sites\/367\/2025\/11\/04_debarquement-crabe-300x169.jpg 300w, https:\/\/kiosque.acadienouvelle.com\/aquapeche-04-2025\/wp-content\/uploads\/sites\/367\/2025\/11\/04_debarquement-crabe-1024x576.jpg 1024w, https:\/\/kiosque.acadienouvelle.com\/aquapeche-04-2025\/wp-content\/uploads\/sites\/367\/2025\/11\/04_debarquement-crabe-768x432.jpg 768w\" sizes=\"(max-width: 1366px) 100vw, 1366px\" \/>\t\t\t\t\t\t\t\t\t\t\t<figcaption class=\"widget-image-caption wp-caption-text\">La ressource tant sur le plan de la qualit\u00e9 que de la quantit\u00e9 \u00e9tait au rendez-vous sur les quais de la P\u00e9ninsule acadienne.<\/figcaption>\n\t\t\t\t\t\t\t\t\t\t<\/figure>\n\t\t\t\t\t\t\t\t\t<\/div>\n\t\t\t\t<\/div>\n\t\t<link rel=\"stylesheet\" href=\"https:\/\/use.fontawesome.com\/releases\/v5.5.0\/css\/all.css\" integrity=\"sha384-B4dIYHKNBt8Bc12p+WXckhzcICo0wtJAoU8YZTY5qE0Id1GSseTk6S+L3BlXeVIU\" crossorigin=\"anonymous\">\r\n\t\t<div class=\"elementor-element elementor-element-5125ad7 elementor-widget elementor-widget-advertisement\" data-id=\"5125ad7\" data-element_type=\"widget\" data-e-type=\"widget\" data-widget_type=\"advertisement.default\">\n\t\t\t\t<div class=\"elementor-widget-container\">\n\t\t\t\t\t<div class=\"ads-align-center\"><div data-m32-ad data-options='{\"sizes\":\"[[320,480]]\",\"dfpId\":\"21658289790,27729547\",\"dfpAdUnitPath\":\"acadienouvelle\/cahiers_halfpage_320x480\"}'><\/div><\/div>\t\t\t\t<\/div>\n\t\t\t\t<\/div>\n\t\t\t\t<div class=\"elementor-element elementor-element-d0a0a3b mobile_pera elementor-widget elementor-widget-text-editor\" data-id=\"d0a0a3b\" data-element_type=\"widget\" data-e-type=\"widget\" data-widget_type=\"text-editor.default\">\n\t\t\t\t<div class=\"elementor-widget-container\">\n\t\t\t\t\t\t\t\t\tEn ce qui a trait \u00e0 la p\u00eache au crabe des neiges cette ann\u00e9e dans la zone 12, le directeur g\u00e9n\u00e9ral de l\u2019Association des crabiers acadiens, Marcel H\u00e9bert, a analys\u00e9 la saison de la fa\u00e7on suivante.\n\t\t\t\t\t\t\t\t<\/div>\n\t\t\t\t<\/div>\n\t\t\t\t<div class=\"elementor-element elementor-element-9a524e5 elementor-widget elementor-widget-image\" data-id=\"9a524e5\" data-element_type=\"widget\" data-e-type=\"widget\" data-widget_type=\"image.default\">\n\t\t\t\t<div class=\"elementor-widget-container\">\n\t\t\t\t\t\t\t\t\t\t\t\t<figure class=\"wp-caption\">\n\t\t\t\t\t\t\t\t\t\t<img decoding=\"async\" width=\"485\" height=\"382\" src=\"https:\/\/kiosque.acadienouvelle.com\/aquapeche-04-2025\/wp-content\/uploads\/sites\/367\/2025\/11\/Rejean-Noel.jpg\" class=\"attachment-full size-full wp-image-7743\" alt=\"\" srcset=\"https:\/\/kiosque.acadienouvelle.com\/aquapeche-04-2025\/wp-content\/uploads\/sites\/367\/2025\/11\/Rejean-Noel.jpg 485w, https:\/\/kiosque.acadienouvelle.com\/aquapeche-04-2025\/wp-content\/uploads\/sites\/367\/2025\/11\/Rejean-Noel-300x236.jpg 300w\" sizes=\"(max-width: 485px) 100vw, 485px\" \/>\t\t\t\t\t\t\t\t\t\t\t<figcaption class=\"widget-image-caption wp-caption-text\">R\u00e9jean No\u00ebl<\/figcaption>\n\t\t\t\t\t\t\t\t\t\t<\/figure>\n\t\t\t\t\t\t\t\t\t<\/div>\n\t\t\t\t<\/div>\n\t\t\t\t<div class=\"elementor-element elementor-element-4d2d69e mobile_pera elementor-widget elementor-widget-text-editor\" data-id=\"4d2d69e\" data-element_type=\"widget\" data-e-type=\"widget\" data-widget_type=\"text-editor.default\">\n\t\t\t\t<div class=\"elementor-widget-container\">\n\t\t\t\t\t\t\t\t\t\u00ab Avec une baisse importante du contingent de l\u2019ordre de 33 %, les crabiers ne voulaient certainement pas que les prises diminuent en plus et que le crabe des neiges ne soit pas pr\u00e9sent en grande quantit\u00e9, ce qui aurait \u00e9t\u00e9 le pire sc\u00e9nario. \u00bb Mais, dit-il, c\u2019est le contraire qui s\u2019est produit\u00a0: \u00ab les taux de captures ont \u00e9t\u00e9 tr\u00e8s \u00e9lev\u00e9s lors des cinq premi\u00e8res semaines de p\u00eache, ce qui a permis aux p\u00eacheurs de capturer leurs quotas avant l\u2019arriv\u00e9e des baleines noires de l\u2019Atlantique Nord. Somme toute, ce fut r\u00e9ellement une bonne saison. \u00bb\n\t\t\t\t\t\t\t\t<\/div>\n\t\t\t\t<\/div>\n\t\t\t\t<div class=\"elementor-element elementor-element-d78e325 mobile_pera elementor-widget elementor-widget-text-editor\" data-id=\"d78e325\" data-element_type=\"widget\" data-e-type=\"widget\" data-widget_type=\"text-editor.default\">\n\t\t\t\t<div class=\"elementor-widget-container\">\n\t\t\t\t\t\t\t\t\tPour ce qui est de la saison 2026, on anticipe une autre baisse du contingent de crabe des neiges avant une hausse qui est pr\u00e9vue en 2027. \u00ab\u00a0Mais, pr\u00e9cise M. H\u00e9bert, il sera int\u00e9ressant de voir l\u2019avis des scientifiques de P\u00eaches et Oc\u00e9ans \u00e9tant donn\u00e9 la pr\u00e9sence en grand nombre du crustac\u00e9 cette ann\u00e9e. D\u2019apr\u00e8s l\u2019observation des p\u00eacheurs et les taux de captures que nous avons obtenus, la biomasse r\u00e9siduelle sur les fonds, soit les crabes qui restent apr\u00e8s la saison de p\u00eache, est encore bonne. \u00bb\n\t\t\t\t\t\t\t\t<\/div>\n\t\t\t\t<\/div>\n\t\t\t\t<div class=\"elementor-element elementor-element-932d627 mobile_pera elementor-widget elementor-widget-text-editor\" data-id=\"932d627\" data-element_type=\"widget\" data-e-type=\"widget\" data-widget_type=\"text-editor.default\">\n\t\t\t\t<div class=\"elementor-widget-container\">\n\t\t\t\t\t\t\t\t\tQuant au prix pay\u00e9 aux p\u00eacheurs, la demande fut tr\u00e8s forte sur le march\u00e9 am\u00e9ricain, donc les crabiers ont re\u00e7u un peu plus de 7 $ la livre, soit plus du double obtenu en 2024.\n\t\t\t\t\t\t\t\t<\/div>\n\t\t\t\t<\/div>\n\t\t\t\t<div class=\"elementor-element elementor-element-fb90caf mobile_pera elementor-widget elementor-widget-text-editor\" data-id=\"fb90caf\" data-element_type=\"widget\" data-e-type=\"widget\" data-widget_type=\"text-editor.default\">\n\t\t\t\t<div class=\"elementor-widget-container\">\n\t\t\t\t\t\t\t\t\tFinalement, l\u2019ann\u00e9e 2025 a marqu\u00e9 le d\u00e9part de Jo\u00ebl Gionet \u00e0 titre de pr\u00e9sident de l\u2019ACA apr\u00e8s 25 ans de loyaux services. C\u2019est R\u00e9jean No\u00ebl (photo) qui a pris les commandes avec le soutien du conseil d\u2019administration et du directeur g\u00e9n\u00e9ral, Marcel H\u00e9bert.\t\t\t\t\t\t\t\t<\/div>\n\t\t\t\t<\/div>\n\t\t\t\t\t<\/div>\n\t\t<\/div>\n\t\t\t\t\t<\/div>\n\t\t<\/section>\n\t\t\t\t<\/div>\n\t\t","protected":false},"excerpt":{"rendered":"<p>Une p\u00eache au crabe tr\u00e8s satisfaisante en 2025! La ressource tant sur le plan de la qualit\u00e9 que de la quantit\u00e9 \u00e9tait au rendez-vous sur les quais de la P\u00e9ninsule acadienne. En ce qui a trait \u00e0 la p\u00eache au crabe des neiges cette ann\u00e9e dans la zone 12, le directeur g\u00e9n\u00e9ral de l\u2019Association des [&hellip;]<\/p>\n","protected":false},"author":1,"featured_media":0,"parent":0,"menu_order":4,"comment_status":"closed","ping_status":"closed","template":"","meta":{"site-sidebar-layout":"no-sidebar","site-content-layout":"page-builder","ast-site-content-layout":"default","site-content-style":"default","site-sidebar-style":"default","ast-global-header-display":"","ast-banner-title-visibility":"","ast-main-header-display":"","ast-hfb-above-header-display":"","ast-hfb-below-header-display":"","ast-hfb-mobile-header-display":"","site-post-title":"disabled","ast-breadcrumbs-content":"","ast-featured-img":"disabled","footer-sml-layout":"","ast-disable-related-posts":"","theme-transparent-header-meta":"default","adv-header-id-meta":"","stick-header-meta":"","header-above-stick-meta":"","header-main-stick-meta":"","header-below-stick-meta":"","astra-migrate-meta-layouts":"default","ast-page-background-enabled":"default","ast-page-background-meta":{"desktop":{"background-color":"var(--ast-global-color-4)","background-image":"","background-repeat":"repeat","background-position":"center center","background-size":"auto","background-attachment":"scroll","background-type":"","background-media":"","overlay-type":"","overlay-color":"","overlay-opacity":"","overlay-gradient":""},"tablet":{"background-color":"","background-image":"","background-repeat":"repeat","background-position":"center center","background-size":"auto","background-attachment":"scroll","background-type":"","background-media":"","overlay-type":"","overlay-color":"","overlay-opacity":"","overlay-gradient":""},"mobile":{"background-color":"","background-image":"","background-repeat":"repeat","background-position":"center center","background-size":"auto","background-attachment":"scroll","background-type":"","background-media":"","overlay-type":"","overlay-color":"","overlay-opacity":"","overlay-gradient":""}},"ast-content-background-meta":{"desktop":{"background-color":"var(--ast-global-color-5)","background-image":"","background-repeat":"repeat","background-position":"center center","background-size":"auto","background-attachment":"scroll","background-type":"","background-media":"","overlay-type":"","overlay-color":"","overlay-opacity":"","overlay-gradient":""},"tablet":{"background-color":"var(--ast-global-color-5)","background-image":"","background-repeat":"repeat","background-position":"center center","background-size":"auto","background-attachment":"scroll","background-type":"","background-media":"","overlay-type":"","overlay-color":"","overlay-opacity":"","overlay-gradient":""},"mobile":{"background-color":"var(--ast-global-color-5)","background-image":"","background-repeat":"repeat","background-position":"center center","background-size":"auto","background-attachment":"scroll","background-type":"","background-media":"","overlay-type":"","overlay-color":"","overlay-opacity":"","overlay-gradient":""}},"footnotes":""},"page-categories":[],"class_list":["post-7840","page","type-page","status-publish","hentry"],"_links":{"self":[{"href":"https:\/\/kiosque.acadienouvelle.com\/aquapeche-04-2025\/wp-json\/wp\/v2\/pages\/7840","targetHints":{"allow":["GET"]}}],"collection":[{"href":"https:\/\/kiosque.acadienouvelle.com\/aquapeche-04-2025\/wp-json\/wp\/v2\/pages"}],"about":[{"href":"https:\/\/kiosque.acadienouvelle.com\/aquapeche-04-2025\/wp-json\/wp\/v2\/types\/page"}],"author":[{"embeddable":true,"href":"https:\/\/kiosque.acadienouvelle.com\/aquapeche-04-2025\/wp-json\/wp\/v2\/users\/1"}],"replies":[{"embeddable":true,"href":"https:\/\/kiosque.acadienouvelle.com\/aquapeche-04-2025\/wp-json\/wp\/v2\/comments?post=7840"}],"version-history":[{"count":7,"href":"https:\/\/kiosque.acadienouvelle.com\/aquapeche-04-2025\/wp-json\/wp\/v2\/pages\/7840\/revisions"}],"predecessor-version":[{"id":7974,"href":"https:\/\/kiosque.acadienouvelle.com\/aquapeche-04-2025\/wp-json\/wp\/v2\/pages\/7840\/revisions\/7974"}],"wp:attachment":[{"href":"https:\/\/kiosque.acadienouvelle.com\/aquapeche-04-2025\/wp-json\/wp\/v2\/media?parent=7840"}],"wp:term":[{"taxonomy":"page-categories","embeddable":true,"href":"https:\/\/kiosque.acadienouvelle.com\/aquapeche-04-2025\/wp-json\/wp\/v2\/page-categories?post=7840"}],"curies":[{"name":"wp","href":"https:\/\/api.w.org\/{rel}","templated":true}]}}