{"id":7859,"date":"2025-11-17T19:17:30","date_gmt":"2025-11-17T19:17:30","guid":{"rendered":"https:\/\/kiosque.acadienouvelle.com\/aquapeche-04-2025\/?page_id=7859"},"modified":"2025-11-18T18:44:07","modified_gmt":"2025-11-18T18:44:07","slug":"peche-sebast","status":"publish","type":"page","link":"https:\/\/kiosque.acadienouvelle.com\/aquapeche-04-2025\/peche-sebast\/","title":{"rendered":"P\u00eache au s\u00e9baste : du positif dans l\u2019air, mais encore des questions sans r\u00e9ponses!"},"content":{"rendered":"\t\t<div data-elementor-type=\"wp-page\" data-elementor-id=\"7859\" class=\"elementor elementor-7859\" data-elementor-post-type=\"page\">\n\t\t\t\t\t\t<section class=\"elementor-section elementor-top-section elementor-element elementor-element-50c1b6e elementor-section-height-min-height header_title banner_img elementor-section-boxed elementor-section-height-default elementor-section-items-middle\" data-id=\"50c1b6e\" data-element_type=\"section\" data-e-type=\"section\" data-settings=\"{&quot;background_background&quot;:&quot;classic&quot;}\">\n\t\t\t\t\t\t\t<div class=\"elementor-background-overlay\"><\/div>\n\t\t\t\t\t\t\t<div class=\"elementor-container elementor-column-gap-default\">\n\t\t\t\t\t<div class=\"elementor-column elementor-col-100 elementor-top-column elementor-element elementor-element-3a2d241\" data-id=\"3a2d241\" data-element_type=\"column\" data-e-type=\"column\">\n\t\t\t<div class=\"elementor-widget-wrap elementor-element-populated\">\n\t\t\t\t\t\t<div class=\"elementor-element elementor-element-9673cd2 elementor-widget elementor-widget-heading\" data-id=\"9673cd2\" data-element_type=\"widget\" data-e-type=\"widget\" data-widget_type=\"heading.default\">\n\t\t\t\t<div class=\"elementor-widget-container\">\n\t\t\t\t\t<h2 class=\"elementor-heading-title elementor-size-default\">P\u00eache au s\u00e9baste : du positif dans l\u2019air, mais encore des questions sans r\u00e9ponses!<\/h2>\t\t\t\t<\/div>\n\t\t\t\t<\/div>\n\t\t\t\t\t<\/div>\n\t\t<\/div>\n\t\t\t\t\t<\/div>\n\t\t<\/section>\n\t\t\t\t<section class=\"elementor-section elementor-top-section elementor-element elementor-element-d9a853a elementor-section-boxed elementor-section-height-default elementor-section-height-default\" data-id=\"d9a853a\" data-element_type=\"section\" data-e-type=\"section\">\n\t\t\t\t\t\t<div class=\"elementor-container elementor-column-gap-default\">\n\t\t\t\t\t<div class=\"elementor-column elementor-col-100 elementor-top-column elementor-element elementor-element-68d9c5a page_contain\" data-id=\"68d9c5a\" data-element_type=\"column\" data-e-type=\"column\" data-settings=\"{&quot;background_background&quot;:&quot;classic&quot;}\">\n\t\t\t<div class=\"elementor-widget-wrap elementor-element-populated\">\n\t\t\t\t\t\t<div class=\"elementor-element elementor-element-a730c3a elementor-widget elementor-widget-image\" data-id=\"a730c3a\" data-element_type=\"widget\" data-e-type=\"widget\" data-widget_type=\"image.default\">\n\t\t\t\t<div class=\"elementor-widget-container\">\n\t\t\t\t\t\t\t\t\t\t\t\t\t\t\t<img fetchpriority=\"high\" decoding=\"async\" width=\"1024\" height=\"52\" src=\"https:\/\/kiosque.acadienouvelle.com\/aquapeche-04-2025\/wp-content\/uploads\/sites\/367\/2025\/11\/00_bandeau_horizon-1024x52.jpg\" class=\"attachment-large size-large wp-image-7714\" alt=\"\" srcset=\"https:\/\/kiosque.acadienouvelle.com\/aquapeche-04-2025\/wp-content\/uploads\/sites\/367\/2025\/11\/00_bandeau_horizon-1024x52.jpg 1024w, https:\/\/kiosque.acadienouvelle.com\/aquapeche-04-2025\/wp-content\/uploads\/sites\/367\/2025\/11\/00_bandeau_horizon-300x15.jpg 300w, https:\/\/kiosque.acadienouvelle.com\/aquapeche-04-2025\/wp-content\/uploads\/sites\/367\/2025\/11\/00_bandeau_horizon-768x39.jpg 768w, https:\/\/kiosque.acadienouvelle.com\/aquapeche-04-2025\/wp-content\/uploads\/sites\/367\/2025\/11\/00_bandeau_horizon.jpg 1400w\" sizes=\"(max-width: 1024px) 100vw, 1024px\" \/>\t\t\t\t\t\t\t\t\t\t\t\t\t\t\t<\/div>\n\t\t\t\t<\/div>\n\t\t\t\t<div class=\"elementor-element elementor-element-50f1f9b elementor-widget elementor-widget-image\" data-id=\"50f1f9b\" data-element_type=\"widget\" data-e-type=\"widget\" data-widget_type=\"image.default\">\n\t\t\t\t<div class=\"elementor-widget-container\">\n\t\t\t\t\t\t\t\t\t\t\t\t\t\t\t<img decoding=\"async\" width=\"1366\" height=\"768\" src=\"https:\/\/kiosque.acadienouvelle.com\/aquapeche-04-2025\/wp-content\/uploads\/sites\/367\/2025\/11\/06_sebaste.jpg\" class=\"attachment-full size-full wp-image-7725\" alt=\"\" srcset=\"https:\/\/kiosque.acadienouvelle.com\/aquapeche-04-2025\/wp-content\/uploads\/sites\/367\/2025\/11\/06_sebaste.jpg 1366w, https:\/\/kiosque.acadienouvelle.com\/aquapeche-04-2025\/wp-content\/uploads\/sites\/367\/2025\/11\/06_sebaste-300x169.jpg 300w, https:\/\/kiosque.acadienouvelle.com\/aquapeche-04-2025\/wp-content\/uploads\/sites\/367\/2025\/11\/06_sebaste-1024x576.jpg 1024w, https:\/\/kiosque.acadienouvelle.com\/aquapeche-04-2025\/wp-content\/uploads\/sites\/367\/2025\/11\/06_sebaste-768x432.jpg 768w\" sizes=\"(max-width: 1366px) 100vw, 1366px\" \/>\t\t\t\t\t\t\t\t\t\t\t\t\t\t\t<\/div>\n\t\t\t\t<\/div>\n\t\t<link rel=\"stylesheet\" href=\"https:\/\/use.fontawesome.com\/releases\/v5.5.0\/css\/all.css\" integrity=\"sha384-B4dIYHKNBt8Bc12p+WXckhzcICo0wtJAoU8YZTY5qE0Id1GSseTk6S+L3BlXeVIU\" crossorigin=\"anonymous\">\r\n\t\t<div class=\"elementor-element elementor-element-ea523c9 elementor-widget elementor-widget-advertisement\" data-id=\"ea523c9\" data-element_type=\"widget\" data-e-type=\"widget\" data-widget_type=\"advertisement.default\">\n\t\t\t\t<div class=\"elementor-widget-container\">\n\t\t\t\t\t<div class=\"ads-align-center\"><div data-m32-ad data-options='{\"sizes\":\"[[300,250]]\",\"dfpId\":\"21658289790,27729547\",\"dfpAdUnitPath\":\"acadienouvelle\/cahiers_quarterpage_300x250\"}'><\/div><\/div>\t\t\t\t<\/div>\n\t\t\t\t<\/div>\n\t\t\t\t<div class=\"elementor-element elementor-element-d0a0a3b mobile_pera elementor-widget elementor-widget-text-editor\" data-id=\"d0a0a3b\" data-element_type=\"widget\" data-e-type=\"widget\" data-widget_type=\"text-editor.default\">\n\t\t\t\t<div class=\"elementor-widget-container\">\n\t\t\t\t\t\t\t\t\tLes premiers \u00e9chos concernant la p\u00eache exp\u00e9rimentale du s\u00e9baste cette ann\u00e9e sont encourageants bien qu\u2019il reste encore beaucoup de questions et de points \u00e0 \u00e9claircir. C\u2019est du moins l\u2019avis du directeur g\u00e9n\u00e9ral de la F\u00e9d\u00e9ration r\u00e9gionale acadienne des p\u00eacheurs professionnels (FRAPP), Jean Lanteigne. Au moment de notre entretien vers la mi-octobre, on \u00e9tait rendus \u00e0 environ le tiers des sorties en mer par les p\u00eacheurs.\n\t\t\t\t\t\t\t\t<\/div>\n\t\t\t\t<\/div>\n\t\t\t\t<div class=\"elementor-element elementor-element-24ff0cb elementor-widget elementor-widget-image\" data-id=\"24ff0cb\" data-element_type=\"widget\" data-e-type=\"widget\" data-widget_type=\"image.default\">\n\t\t\t\t<div class=\"elementor-widget-container\">\n\t\t\t\t\t\t\t\t\t\t\t\t<figure class=\"wp-caption\">\n\t\t\t\t\t\t\t\t\t\t<img decoding=\"async\" width=\"485\" height=\"382\" src=\"https:\/\/kiosque.acadienouvelle.com\/aquapeche-04-2025\/wp-content\/uploads\/sites\/367\/2025\/11\/06_Jean-Lanteigne.jpg\" class=\"attachment-full size-full wp-image-7724\" alt=\"\" srcset=\"https:\/\/kiosque.acadienouvelle.com\/aquapeche-04-2025\/wp-content\/uploads\/sites\/367\/2025\/11\/06_Jean-Lanteigne.jpg 485w, https:\/\/kiosque.acadienouvelle.com\/aquapeche-04-2025\/wp-content\/uploads\/sites\/367\/2025\/11\/06_Jean-Lanteigne-300x236.jpg 300w\" sizes=\"(max-width: 485px) 100vw, 485px\" \/>\t\t\t\t\t\t\t\t\t\t\t<figcaption class=\"widget-image-caption wp-caption-text\">Jean Lanteigne<\/figcaption>\n\t\t\t\t\t\t\t\t\t\t<\/figure>\n\t\t\t\t\t\t\t\t\t<\/div>\n\t\t\t\t<\/div>\n\t\t\t\t<div class=\"elementor-element elementor-element-74263c8 mobile_pera elementor-widget elementor-widget-text-editor\" data-id=\"74263c8\" data-element_type=\"widget\" data-e-type=\"widget\" data-widget_type=\"text-editor.default\">\n\t\t\t\t<div class=\"elementor-widget-container\">\n\t\t\t\t\t\t\t\t\t\u00ab Les premiers constats confirment ce qu\u2019on savait d\u00e9j\u00e0 : les captures sont excellentes, car le s\u00e9baste est pr\u00e9sent en grande quantit\u00e9. On \u00e9value pr\u00e9sentement diff\u00e9rents engins de p\u00eache et \u00e0 la fin du projet, on pourra voir lequel de ces engins sera le plus efficace, surtout en limitant les prises accessoires, c\u2019est-\u00e0-dire les prises d\u2019autres sortes de poissons \nque le s\u00e9baste. \u00bb\n\t\t\t\t\t\t\t\t<\/div>\n\t\t\t\t<\/div>\n\t\t\t\t<div class=\"elementor-element elementor-element-7f1c60b mobile_pera elementor-widget elementor-widget-text-editor\" data-id=\"7f1c60b\" data-element_type=\"widget\" data-e-type=\"widget\" data-widget_type=\"text-editor.default\">\n\t\t\t\t<div class=\"elementor-widget-container\">\n\t\t\t\t\t\t\t\t\t\u00ab L\u2019autre partie majeure de ce dossier (qui ne concerne pas les p\u00eacheurs\neux-m\u00eames, mais qui les affecte au premier degr\u00e9), c\u2019est le d\u00e9veloppement des march\u00e9s pour le s\u00e9baste. S\u2019il n\u2019y a pas d\u2019acheteurs pour ce poisson, il n\u2019y a tout simplement pas de raison de le p\u00eacher. L\u2019usine McGraw Seafood de Tracadie s\u2019occupe de la transformation du s\u00e9baste cette ann\u00e9e et cela permet de v\u00e9ritablement faire des efforts de mise en march\u00e9; \u00e7a se d\u00e9roule bien jusqu\u2019ici \u00bb, admet M. Lanteigne.\t\t\t\t\t\t\t\t<\/div>\n\t\t\t\t<\/div>\n\t\t\t\t<div class=\"elementor-element elementor-element-a9a912e mobile_pera elementor-widget elementor-widget-text-editor\" data-id=\"a9a912e\" data-element_type=\"widget\" data-e-type=\"widget\" data-widget_type=\"text-editor.default\">\n\t\t\t\t<div class=\"elementor-widget-container\">\n\t\t\t\t\t\t\t\t\tEn principe, les p\u00eacheurs de s\u00e9baste ont \u00e9t\u00e9 en mer jusqu\u2019\u00e0 la mi-novembre. \u00ab Un rapport sera produit par la suite, ayant pour but d\u2019analyser tous les volets reli\u00e9s \u00e0 cette p\u00eache, les engins utilis\u00e9s, les co\u00fbts, etc. \u00bb Pour ce qui est du prix pay\u00e9 aux p\u00eacheurs lors de cette p\u00eache exp\u00e9rimentale, il est de 20 cents la livre, un prix de prime abord d\u00e9risoire, mais tous les intervenants souhaitent \u00e9videmment un meilleur prix \u00e0 l\u2019avenir. \u00ab Cela veut dire qu\u2019il faut d\u00e9velopper une p\u00eache au s\u00e9baste beaucoup plus lucrative, mais si on n\u2019est pas pr\u00e9sents sur les march\u00e9s, on n\u2019aura certainement pas un meilleur prix \u00bb, tranche le DG de la FRAPP.\t\t\t\t\t\t\t\t<\/div>\n\t\t\t\t<\/div>\n\t\t\t\t<div class=\"elementor-element elementor-element-166374c box_pera elementor-widget elementor-widget-text-editor\" data-id=\"166374c\" data-element_type=\"widget\" data-e-type=\"widget\" data-widget_type=\"text-editor.default\">\n\t\t\t\t<div class=\"elementor-widget-container\">\n\t\t\t\t\t\t\t\t\t<h1>En rafale<b>&nbsp;<br><\/b><\/h1>\n<p>\u2022 En 2025, on parlait d\u2019une quarantaine de sorties en mer par 9 des 11 crevettiers membres de la FRAPP qui voulaient tenter de capturer le fameux poisson rouge.<\/p><p><br><\/p><p>\u2022 Les p\u00eacheurs d\u00e9siraient utiliser deux types de chaluts, soit le chalut de fond normal et un autre d\u00e9sign\u00e9 comme semi-p\u00e9lagique.<\/p><p><br><\/p><p>\u2022 Une somme de 3 484 815 $ a \u00e9t\u00e9 allou\u00e9e par les paliers gouvernementaux \u00e0 la F\u00e9d\u00e9ration r\u00e9gionale acadienne des p\u00eacheurs professionnels (FRAPP) avec comme objectif d\u2019\u00e9laborer des pratiques exemplaires visant \u00e0 int\u00e9grer la p\u00eache au s\u00e9baste dans l\u2019industrie des p\u00eaches. De ce montant, le gouvernement provincial investit un peu plus d\u2019un million $, alors que la contribution du f\u00e9d\u00e9ral s\u2019\u00e9l\u00e8ve \u00e0 environ 2,4 millions $. L\u2019objectif principal est de d\u00e9terminer la viabilit\u00e9 de la p\u00eache commerciale au s\u00e9baste, en veillant \u00e0 ce que les meilleurs engins de p\u00eache et les meilleures autres pi\u00e8ces d\u2019\u00e9quipement soient utilis\u00e9s pour maximiser les prises tout en r\u00e9duisant au minimum les prises accessoires.<\/p><p><br><\/p><p>\u2022 Nouvelle ligne automatis\u00e9e \u00e0 l\u2019usine McGraw Seafood \u00e0 Tracadie. L\u2019entreprise de transformation de fruits de mer s\u2019est dot\u00e9e d\u2019une nouvelle ligne pour le traitement du s\u00e9baste, depuis la r\u00e9ception du poisson \u00e0 l\u2019usine jusqu\u2019\u00e0 sa cong\u00e9lation, en passant par une ligne d\u2019emballage. Des travaux d\u2019am\u00e9nagement ont \u00e9t\u00e9 ex\u00e9cut\u00e9s \u00e0 l\u2019usine. Cette entreprise veut r\u00e9ellement s\u2019impliquer dans cette nouvelle aventure.&nbsp;<\/p>\t\t\t\t\t\t\t\t<\/div>\n\t\t\t\t<\/div>\n\t\t\t\t\t<\/div>\n\t\t<\/div>\n\t\t\t\t\t<\/div>\n\t\t<\/section>\n\t\t\t\t<\/div>\n\t\t","protected":false},"excerpt":{"rendered":"<p>P\u00eache au s\u00e9baste : du positif dans l\u2019air, mais encore des questions sans r\u00e9ponses! Les premiers \u00e9chos concernant la p\u00eache exp\u00e9rimentale du s\u00e9baste cette ann\u00e9e sont encourageants bien qu\u2019il reste encore beaucoup de questions et de points \u00e0 \u00e9claircir. C\u2019est du moins l\u2019avis du directeur g\u00e9n\u00e9ral de la F\u00e9d\u00e9ration r\u00e9gionale acadienne des p\u00eacheurs professionnels (FRAPP), [&hellip;]<\/p>\n","protected":false},"author":1,"featured_media":0,"parent":0,"menu_order":6,"comment_status":"closed","ping_status":"closed","template":"","meta":{"site-sidebar-layout":"no-sidebar","site-content-layout":"page-builder","ast-site-content-layout":"default","site-content-style":"default","site-sidebar-style":"default","ast-global-header-display":"","ast-banner-title-visibility":"","ast-main-header-display":"","ast-hfb-above-header-display":"","ast-hfb-below-header-display":"","ast-hfb-mobile-header-display":"","site-post-title":"disabled","ast-breadcrumbs-content":"","ast-featured-img":"disabled","footer-sml-layout":"","ast-disable-related-posts":"","theme-transparent-header-meta":"default","adv-header-id-meta":"","stick-header-meta":"","header-above-stick-meta":"","header-main-stick-meta":"","header-below-stick-meta":"","astra-migrate-meta-layouts":"default","ast-page-background-enabled":"default","ast-page-background-meta":{"desktop":{"background-color":"var(--ast-global-color-4)","background-image":"","background-repeat":"repeat","background-position":"center center","background-size":"auto","background-attachment":"scroll","background-type":"","background-media":"","overlay-type":"","overlay-color":"","overlay-opacity":"","overlay-gradient":""},"tablet":{"background-color":"","background-image":"","background-repeat":"repeat","background-position":"center center","background-size":"auto","background-attachment":"scroll","background-type":"","background-media":"","overlay-type":"","overlay-color":"","overlay-opacity":"","overlay-gradient":""},"mobile":{"background-color":"","background-image":"","background-repeat":"repeat","background-position":"center center","background-size":"auto","background-attachment":"scroll","background-type":"","background-media":"","overlay-type":"","overlay-color":"","overlay-opacity":"","overlay-gradient":""}},"ast-content-background-meta":{"desktop":{"background-color":"var(--ast-global-color-5)","background-image":"","background-repeat":"repeat","background-position":"center center","background-size":"auto","background-attachment":"scroll","background-type":"","background-media":"","overlay-type":"","overlay-color":"","overlay-opacity":"","overlay-gradient":""},"tablet":{"background-color":"var(--ast-global-color-5)","background-image":"","background-repeat":"repeat","background-position":"center center","background-size":"auto","background-attachment":"scroll","background-type":"","background-media":"","overlay-type":"","overlay-color":"","overlay-opacity":"","overlay-gradient":""},"mobile":{"background-color":"var(--ast-global-color-5)","background-image":"","background-repeat":"repeat","background-position":"center center","background-size":"auto","background-attachment":"scroll","background-type":"","background-media":"","overlay-type":"","overlay-color":"","overlay-opacity":"","overlay-gradient":""}},"footnotes":""},"page-categories":[],"class_list":["post-7859","page","type-page","status-publish","hentry"],"_links":{"self":[{"href":"https:\/\/kiosque.acadienouvelle.com\/aquapeche-04-2025\/wp-json\/wp\/v2\/pages\/7859","targetHints":{"allow":["GET"]}}],"collection":[{"href":"https:\/\/kiosque.acadienouvelle.com\/aquapeche-04-2025\/wp-json\/wp\/v2\/pages"}],"about":[{"href":"https:\/\/kiosque.acadienouvelle.com\/aquapeche-04-2025\/wp-json\/wp\/v2\/types\/page"}],"author":[{"embeddable":true,"href":"https:\/\/kiosque.acadienouvelle.com\/aquapeche-04-2025\/wp-json\/wp\/v2\/users\/1"}],"replies":[{"embeddable":true,"href":"https:\/\/kiosque.acadienouvelle.com\/aquapeche-04-2025\/wp-json\/wp\/v2\/comments?post=7859"}],"version-history":[{"count":16,"href":"https:\/\/kiosque.acadienouvelle.com\/aquapeche-04-2025\/wp-json\/wp\/v2\/pages\/7859\/revisions"}],"predecessor-version":[{"id":8027,"href":"https:\/\/kiosque.acadienouvelle.com\/aquapeche-04-2025\/wp-json\/wp\/v2\/pages\/7859\/revisions\/8027"}],"wp:attachment":[{"href":"https:\/\/kiosque.acadienouvelle.com\/aquapeche-04-2025\/wp-json\/wp\/v2\/media?parent=7859"}],"wp:term":[{"taxonomy":"page-categories","embeddable":true,"href":"https:\/\/kiosque.acadienouvelle.com\/aquapeche-04-2025\/wp-json\/wp\/v2\/page-categories?post=7859"}],"curies":[{"name":"wp","href":"https:\/\/api.w.org\/{rel}","templated":true}]}}