{"id":7873,"date":"2025-11-17T19:29:28","date_gmt":"2025-11-17T19:29:28","guid":{"rendered":"https:\/\/kiosque.acadienouvelle.com\/aquapeche-04-2025\/?page_id=7873"},"modified":"2025-11-18T18:54:03","modified_gmt":"2025-11-18T18:54:03","slug":"msx-dermo-atlantique","status":"publish","type":"page","link":"https:\/\/kiosque.acadienouvelle.com\/aquapeche-04-2025\/msx-dermo-atlantique\/","title":{"rendered":"MSX et Dermo en atlantique"},"content":{"rendered":"\t\t<div data-elementor-type=\"wp-page\" data-elementor-id=\"7873\" class=\"elementor elementor-7873\" data-elementor-post-type=\"page\">\n\t\t\t\t\t\t<section class=\"elementor-section elementor-top-section elementor-element elementor-element-50c1b6e elementor-section-height-min-height header_title banner_img elementor-section-boxed elementor-section-height-default elementor-section-items-middle\" data-id=\"50c1b6e\" data-element_type=\"section\" data-e-type=\"section\" data-settings=\"{&quot;background_background&quot;:&quot;classic&quot;}\">\n\t\t\t\t\t\t\t<div class=\"elementor-background-overlay\"><\/div>\n\t\t\t\t\t\t\t<div class=\"elementor-container elementor-column-gap-default\">\n\t\t\t\t\t<div class=\"elementor-column elementor-col-100 elementor-top-column elementor-element elementor-element-3a2d241\" data-id=\"3a2d241\" data-element_type=\"column\" data-e-type=\"column\">\n\t\t\t<div class=\"elementor-widget-wrap elementor-element-populated\">\n\t\t\t\t\t\t<div class=\"elementor-element elementor-element-9673cd2 elementor-widget elementor-widget-heading\" data-id=\"9673cd2\" data-element_type=\"widget\" data-e-type=\"widget\" data-widget_type=\"heading.default\">\n\t\t\t\t<div class=\"elementor-widget-container\">\n\t\t\t\t\t<h2 class=\"elementor-heading-title elementor-size-default\">MSX et Dermo en Atlantique<\/h2>\t\t\t\t<\/div>\n\t\t\t\t<\/div>\n\t\t\t\t\t<\/div>\n\t\t<\/div>\n\t\t\t\t\t<\/div>\n\t\t<\/section>\n\t\t\t\t<section class=\"elementor-section elementor-top-section elementor-element elementor-element-d9a853a elementor-section-boxed elementor-section-height-default elementor-section-height-default\" data-id=\"d9a853a\" data-element_type=\"section\" data-e-type=\"section\">\n\t\t\t\t\t\t<div class=\"elementor-container elementor-column-gap-default\">\n\t\t\t\t\t<div class=\"elementor-column elementor-col-100 elementor-top-column elementor-element elementor-element-68d9c5a page_contain\" data-id=\"68d9c5a\" data-element_type=\"column\" data-e-type=\"column\" data-settings=\"{&quot;background_background&quot;:&quot;classic&quot;}\">\n\t\t\t<div class=\"elementor-widget-wrap elementor-element-populated\">\n\t\t\t\t\t\t<div class=\"elementor-element elementor-element-50f1f9b elementor-widget elementor-widget-image\" data-id=\"50f1f9b\" data-element_type=\"widget\" data-e-type=\"widget\" data-widget_type=\"image.default\">\n\t\t\t\t<div class=\"elementor-widget-container\">\n\t\t\t\t\t\t\t\t\t\t\t\t\t\t\t<img fetchpriority=\"high\" decoding=\"async\" width=\"1366\" height=\"768\" src=\"https:\/\/kiosque.acadienouvelle.com\/aquapeche-04-2025\/wp-content\/uploads\/sites\/367\/2025\/11\/07_photo_lead.jpg\" class=\"attachment-full size-full wp-image-7729\" alt=\"\" srcset=\"https:\/\/kiosque.acadienouvelle.com\/aquapeche-04-2025\/wp-content\/uploads\/sites\/367\/2025\/11\/07_photo_lead.jpg 1366w, https:\/\/kiosque.acadienouvelle.com\/aquapeche-04-2025\/wp-content\/uploads\/sites\/367\/2025\/11\/07_photo_lead-300x169.jpg 300w, https:\/\/kiosque.acadienouvelle.com\/aquapeche-04-2025\/wp-content\/uploads\/sites\/367\/2025\/11\/07_photo_lead-1024x576.jpg 1024w, https:\/\/kiosque.acadienouvelle.com\/aquapeche-04-2025\/wp-content\/uploads\/sites\/367\/2025\/11\/07_photo_lead-768x432.jpg 768w\" sizes=\"(max-width: 1366px) 100vw, 1366px\" \/>\t\t\t\t\t\t\t\t\t\t\t\t\t\t\t<\/div>\n\t\t\t\t<\/div>\n\t\t<link rel=\"stylesheet\" href=\"https:\/\/use.fontawesome.com\/releases\/v5.5.0\/css\/all.css\" integrity=\"sha384-B4dIYHKNBt8Bc12p+WXckhzcICo0wtJAoU8YZTY5qE0Id1GSseTk6S+L3BlXeVIU\" crossorigin=\"anonymous\">\r\n\t\t<div class=\"elementor-element elementor-element-d0a0a3b mobile_pera elementor-widget elementor-widget-text-editor\" data-id=\"d0a0a3b\" data-element_type=\"widget\" data-e-type=\"widget\" data-widget_type=\"text-editor.default\">\n\t\t\t\t<div class=\"elementor-widget-container\">\n\t\t\t\t\t\t\t\t\tUn an pass\u00e9, l\u2019industrie ostr\u00e9icole \u00e9tait inform\u00e9e des premi\u00e8res d\u00e9couvertes de la maladie de la sph\u00e8re X multinucl\u00e9\u00e9e (MSX caus\u00e9e par le pathog\u00e8ne Haplosporidium nelsoni) et de la perkinsose (Dermo caus\u00e9e par Perkinsus marinus) dans certaines baies du Nouveau-Brunswick (N.-B.). La MSX a aussi \u00e9t\u00e9 d\u00e9couverte \u00e0 l\u2019\u00cele-du-Prince-\u00c9douard\u00a0 (\u00ce.-P.-\u00c9.) en juillet 2024 et est pr\u00e9sente dans le Lac Bras d\u2019Or en Nouvelle-\u00c9cosse (N.-\u00c9.) depuis 2002.\t\t\t\t\t\t\t\t<\/div>\n\t\t\t\t<\/div>\n\t\t\t\t<div class=\"elementor-element elementor-element-c84b217 elementor-widget elementor-widget-advertisement\" data-id=\"c84b217\" data-element_type=\"widget\" data-e-type=\"widget\" data-widget_type=\"advertisement.default\">\n\t\t\t\t<div class=\"elementor-widget-container\">\n\t\t\t\t\t<div class=\"ads-align-center\"><div data-m32-ad data-options='{\"sizes\":\"[[300,250]]\",\"dfpId\":\"21658289790,27729547\",\"dfpAdUnitPath\":\"acadienouvelle\/cahiers_quarterpage_300x250\"}'><\/div><\/div>\t\t\t\t<\/div>\n\t\t\t\t<\/div>\n\t\t\t\t<div class=\"elementor-element elementor-element-f754976 mobile_pera elementor-widget elementor-widget-text-editor\" data-id=\"f754976\" data-element_type=\"widget\" data-e-type=\"widget\" data-widget_type=\"text-editor.default\">\n\t\t\t\t<div class=\"elementor-widget-container\">\n\t\t\t\t\t\t\t\t\tLa MSX et la Dermo ne pr\u00e9sentent aucun risque pour la sant\u00e9 humaine ni pour la salubrit\u00e9\ndes aliments. Elles entra\u00eenent cependant une augmentation de la mortalit\u00e9 des hu\u00eetres et une diminution de leur taux de croissance.\t\t\t\t\t\t\t\t<\/div>\n\t\t\t\t<\/div>\n\t\t\t\t<div class=\"elementor-element elementor-element-7448142 mobile_pera elementor-widget elementor-widget-text-editor\" data-id=\"7448142\" data-element_type=\"widget\" data-e-type=\"widget\" data-widget_type=\"text-editor.default\">\n\t\t\t\t<div class=\"elementor-widget-container\">\n\t\t\t\t\t\t\t\t\tDepuis ces d\u00e9tections, les efforts d\u2019\u00e9chantillonnage se sont intensifi\u00e9s dans les provinces de l\u2019est du Canada. Plusieurs nouvelles occurrences ont \u00e9t\u00e9 d\u00e9tect\u00e9es en 2025 et le 2 septembre dernier, l\u2019Agence canadienne d\u2019inspection des aliments a officiellement d\u00e9clar\u00e9 l\u2019ensemble des eaux du N.-B., de l\u2019\u00ce.-P.-\u00c9., de la N.-\u00c9., de  Terre-Neuve-et-Labrador et du Qu\u00e9bec comme zones o\u00f9 les maladies animales aquatiques MSX et Dermo sont pr\u00e9sentes ou tr\u00e8s probables d\u2019\u00eatre pr\u00e9sentes.\t\t\t\t\t\t\t\t<\/div>\n\t\t\t\t<\/div>\n\t\t\t\t<div class=\"elementor-element elementor-element-0518aa2 mobile_pera elementor-widget elementor-widget-text-editor\" data-id=\"0518aa2\" data-element_type=\"widget\" data-e-type=\"widget\" data-widget_type=\"text-editor.default\">\n\t\t\t\t<div class=\"elementor-widget-container\">\n\t\t\t\t\t\t\t\t\tDes mesures de contr\u00f4le ont \u00e9t\u00e9 mises en place afin de r\u00e9duire la propagation de ces maladies \u00e0 l\u2019int\u00e9rieur et \u00e0 l\u2019ext\u00e9rieur de ces eaux tout en soutenant la poursuite des activit\u00e9s commerciales. Dans chaque province, le minist\u00e8re des P\u00eaches et des Oc\u00e9ans assure la gestion de comit\u00e9s d\u2019introduction et de transfert qui sont responsables de g\u00e9rer les introductions d\u2019hu\u00eetres et d\u2019autres mollusques destin\u00e9s \u00e0 \u00eatre transf\u00e9r\u00e9s d\u2019une baie \u00e0 une autre.\t\t\t\t\t\t\t\t<\/div>\n\t\t\t\t<\/div>\n\t\t\t\t<div class=\"elementor-element elementor-element-9390df9 mobile_pera elementor-widget elementor-widget-text-editor\" data-id=\"9390df9\" data-element_type=\"widget\" data-e-type=\"widget\" data-widget_type=\"text-editor.default\">\n\t\t\t\t<div class=\"elementor-widget-container\">\n\t\t\t\t\t\t\t\t\tDes rapports de mortalit\u00e9s plus \u00e9lev\u00e9s qu\u2019\u00e0 la normale ont \u00e9t\u00e9 signal\u00e9s dans certaines baies de l\u2019\u00ce.-P.-\u00c9. et du N.-B. Les aquaculteurs sont encourag\u00e9s \u00e0 surveiller leurs hu\u00eetres et \u00e0 signaler toute mortalit\u00e9 consid\u00e9r\u00e9e anormale au minist\u00e8re de l\u2019Agriculture, de l\u2019Aquaculture et des P\u00eaches (MAAP).\t\t\t\t\t\t\t\t<\/div>\n\t\t\t\t<\/div>\n\t\t\t\t<div class=\"elementor-element elementor-element-f08a1cc mobile_pera elementor-widget elementor-widget-text-editor\" data-id=\"f08a1cc\" data-element_type=\"widget\" data-e-type=\"widget\" data-widget_type=\"text-editor.default\">\n\t\t\t\t<div class=\"elementor-widget-container\">\n\t\t\t\t\t\t\t\t\tAfin de mieux cerner les d\u00e9fis et les besoins \u00e9mergents \u00e0 la suite de ces d\u00e9tections, on recueillera\nsous peu les opinions de l\u2019industrie ostr\u00e9icole, en vue de prioriser des activit\u00e9s de recherche et de\nd\u00e9veloppement compte tenu de la MSX et de Dermo.\t\t\t\t\t\t\t\t<\/div>\n\t\t\t\t<\/div>\n\t\t\t\t<div class=\"elementor-element elementor-element-5fa39d9 mobile_pera elementor-widget elementor-widget-text-editor\" data-id=\"5fa39d9\" data-element_type=\"widget\" data-e-type=\"widget\" data-widget_type=\"text-editor.default\">\n\t\t\t\t<div class=\"elementor-widget-container\">\n\t\t\t\t\t\t\t\t\tLe MAAP collabore avec ses homologues provinciaux et f\u00e9d\u00e9raux pour r\u00e9pondre \u00e0 l\u2019\u00e9closion de ces maladies. Le R\u00e9seau canadien de la sant\u00e9 des mollusques de l\u2019Atlantique a r\u00e9cemment \u00e9t\u00e9 mis en place afin de coordonner les efforts de recherche et de diffusion d\u2019information. Au N.-B., des efforts sont d\u00e9ploy\u00e9s afin de d\u00e9velopper des souches r\u00e9sistantes \u00e0 la MSX, et de soutenir des \u00e9closeries, des nurseries, et des pratiques d\u2019\u00e9levage susceptibles de r\u00e9duire le cycle de production de l\u2019hu\u00eetre.\t\t\t\t\t\t\t\t<\/div>\n\t\t\t\t<\/div>\n\t\t\t\t<div class=\"elementor-element elementor-element-341929b mobile_pera elementor-widget elementor-widget-text-editor\" data-id=\"341929b\" data-element_type=\"widget\" data-e-type=\"widget\" data-widget_type=\"text-editor.default\">\n\t\t\t\t<div class=\"elementor-widget-container\">\n\t\t\t\t\t\t\t\t\tDes s\u00e9ances d\u2019information \u00e0 l\u2019intention des ostr\u00e9iculteurs sont pr\u00e9vues pour le N.-B., l\u2019\u00ce.-P.-\u00c9. et\nla N.-\u00c9. dans les mois \u00e0 venir. Cet automne et cet hiver le MAAP travaillera de pr\u00e8s avec l\u2019industrie\ndans la lutte contre cette nouvelle menace pour le secteur. Nous sommes impatients de collaborer\navec tous les membres de l\u2019industrie ; ensemble, nous trouverons des solutions pour permettre\n\u00e0 l\u2019industrie ostr\u00e9icole de maintenir la forte croissance qu\u2019elle a connue au cours de la derni\u00e8re\nd\u00e9cennie.\t\t\t\t\t\t\t\t<\/div>\n\t\t\t\t<\/div>\n\t\t\t\t<div class=\"elementor-element elementor-element-03bb7d5 mobile_pera elementor-widget elementor-widget-text-editor\" data-id=\"03bb7d5\" data-element_type=\"widget\" data-e-type=\"widget\" data-widget_type=\"text-editor.default\">\n\t\t\t\t<div class=\"elementor-widget-container\">\n\t\t\t\t\t\t\t\t\tBuyLocalNB.ca\t\t\t\t\t\t\t\t<\/div>\n\t\t\t\t<\/div>\n\t\t\t\t<div class=\"elementor-element elementor-element-11a6c74 mobile_pera elementor-widget elementor-widget-text-editor\" data-id=\"11a6c74\" data-element_type=\"widget\" data-e-type=\"widget\" data-widget_type=\"text-editor.default\">\n\t\t\t\t<div class=\"elementor-widget-container\">\n\t\t\t\t\t\t\t\t\t<p><i>Contenu commandit\u00e9<\/i><\/p>\t\t\t\t\t\t\t\t<\/div>\n\t\t\t\t<\/div>\n\t\t\t\t<section class=\"elementor-section elementor-inner-section elementor-element elementor-element-8ef2f54 elementor-section-boxed elementor-section-height-default elementor-section-height-default\" data-id=\"8ef2f54\" data-element_type=\"section\" data-e-type=\"section\">\n\t\t\t\t\t\t<div class=\"elementor-container elementor-column-gap-default\">\n\t\t\t\t\t<div class=\"elementor-column elementor-col-50 elementor-inner-column elementor-element elementor-element-1d073e3\" data-id=\"1d073e3\" data-element_type=\"column\" data-e-type=\"column\">\n\t\t\t<div class=\"elementor-widget-wrap elementor-element-populated\">\n\t\t\t\t\t\t<div class=\"elementor-element elementor-element-28c38e4 elementor-widget elementor-widget-image\" data-id=\"28c38e4\" data-element_type=\"widget\" data-e-type=\"widget\" data-widget_type=\"image.default\">\n\t\t\t\t<div class=\"elementor-widget-container\">\n\t\t\t\t\t\t\t\t\t\t\t\t\t\t\t<img decoding=\"async\" width=\"300\" height=\"140\" src=\"https:\/\/kiosque.acadienouvelle.com\/aquapeche-04-2025\/wp-content\/uploads\/sites\/367\/2025\/11\/07_logo_nb.jpg\" class=\"attachment-large size-large wp-image-7726\" alt=\"\" \/>\t\t\t\t\t\t\t\t\t\t\t\t\t\t\t<\/div>\n\t\t\t\t<\/div>\n\t\t\t\t\t<\/div>\n\t\t<\/div>\n\t\t\t\t<div class=\"elementor-column elementor-col-50 elementor-inner-column elementor-element elementor-element-bd526c1\" data-id=\"bd526c1\" data-element_type=\"column\" data-e-type=\"column\">\n\t\t\t<div class=\"elementor-widget-wrap elementor-element-populated\">\n\t\t\t\t\t\t<div class=\"elementor-element elementor-element-d178355 elementor-widget elementor-widget-image\" data-id=\"d178355\" data-element_type=\"widget\" data-e-type=\"widget\" data-widget_type=\"image.default\">\n\t\t\t\t<div class=\"elementor-widget-container\">\n\t\t\t\t\t\t\t\t\t\t\t\t\t\t\t<img decoding=\"async\" src=\"https:\/\/kiosque.acadienouvelle.com\/aquapeche-04-2025\/wp-content\/uploads\/sites\/367\/elementor\/thumbs\/07_logo_nb_acheter-renv9cbrolehh28fm34nujac7v2941dvcflpacuuzw.jpg\" title=\"07_logo_nb_acheter\" alt=\"07_logo_nb_acheter\" loading=\"lazy\" \/>\t\t\t\t\t\t\t\t\t\t\t\t\t\t\t<\/div>\n\t\t\t\t<\/div>\n\t\t\t\t\t<\/div>\n\t\t<\/div>\n\t\t\t\t\t<\/div>\n\t\t<\/section>\n\t\t\t\t<div class=\"elementor-element elementor-element-166374c box_pera elementor-widget elementor-widget-text-editor\" data-id=\"166374c\" data-element_type=\"widget\" data-e-type=\"widget\" data-widget_type=\"text-editor.default\">\n\t\t\t\t<div class=\"elementor-widget-container\">\n\t\t\t\t\t\t\t\t\t<p>Les hu\u00eetres font partie int\u00e9grante du&nbsp;patrimoine, de l\u2019\u00e9conomie et de la culture des&nbsp;collectivit\u00e9s c\u00f4ti\u00e8res et autochtones de l\u2019est&nbsp;du Nouveau-Brunswick depuis des si\u00e8cles.&nbsp;Aujourd\u2019hui, la tradition de l\u2019ostr\u00e9iculture&nbsp;se poursuit dans notre province, gr\u00e2ce \u00e0 la&nbsp;vitalit\u00e9 de notre secteur de l\u2019aquaculture,&nbsp;qui est chapeaut\u00e9 par le minist\u00e8re de&nbsp;l\u2019Agriculture, de l\u2019Aquaculture et des P\u00eaches.<\/p>\n<p><br><\/p>\n<p>S\u2019inspirant des techniques emprunt\u00e9es \u00e0&nbsp;nos cousins fran\u00e7ais, les ostr\u00e9iculteurs du&nbsp;Nouveau-Brunswick ont mis au point des&nbsp;syst\u00e8mes d\u2019\u00e9levage innovants qui tiennent&nbsp;compte des caract\u00e9ristiques uniques de notre&nbsp;environnement c\u00f4tier. Les esp\u00e8ces d\u2019hu\u00eetres&nbsp;indig\u00e8nes cultiv\u00e9es ici se d\u00e9veloppent dans&nbsp;nos eaux propres et froides et s\u2019adaptent&nbsp;\u00e0 de grandes variations de temp\u00e9rature et&nbsp;de salinit\u00e9, des qualit\u00e9s qui rendent nos&nbsp;hu\u00eetres distinctives. D\u2019une baie \u00e0 l\u2019autre, de&nbsp;subtiles diff\u00e9rences dans les nutriments et&nbsp;la salinit\u00e9 de l\u2019eau contribuent aux saveurs<br>exceptionnelles et vari\u00e9es qui rendent les&nbsp;hu\u00eetres du Nouveau-Brunswick v\u00e9ritablement&nbsp;exceptionnelles.<\/p>\n<p><br><\/p>\n<p>Notre industrie compte aujourd\u2019hui plus&nbsp;de 100 entreprises ostr\u00e9icoles actives le<br>long de la c\u00f4te du Nouveau-Brunswick. Au&nbsp;total, ces entreprises emploient environ&nbsp;640 travailleurs dans les collectivit\u00e9s rurales&nbsp;et autochtones et ont g\u00e9n\u00e9r\u00e9 34,2 millions&nbsp;de dollars de ventes \u00e0 la ferme en 2024. Les&nbsp;hu\u00eetres du Nouveau-Brunswick ont acquis&nbsp;une renomm\u00e9e qui d\u00e9passe largement nos&nbsp;fronti\u00e8res.<\/p>\n<p><span data-olk-copy-source=\"MessageBody\"><br><\/span><\/p>\n<p><span data-olk-copy-source=\"MessageBody\">La derni\u00e8re ann\u00e9e a certes \u00e9t\u00e9 marqu\u00e9e&nbsp;par la d\u00e9tection des maladies de la sph\u00e8re X&nbsp;multinucl\u00e9\u00e9e et de la Dermo<\/span><!--EndFragment-->&nbsp;dans certaines zones&nbsp;c\u00f4ti\u00e8res, mais nous avons pris des mesures&nbsp;rapides et coordonn\u00e9es pour nous attaquer&nbsp;au probl\u00e8me. En collaboration avec l\u2019Agence&nbsp;canadienne d\u2019inspection des aliments, ainsi&nbsp;qu\u2019avec des partenaires f\u00e9d\u00e9raux, provinciaux&nbsp;et industriels, nous renfor\u00e7ons la surveillance&nbsp;des maladies, g\u00e9rons les d\u00e9placements des&nbsp;mollusques en plus d\u2019appuyer les activit\u00e9s&nbsp;aquacoles en cours.<\/p>\n<p><br><\/p>\n<p>En outre, nous \u00e9changeons les r\u00e9sultats&nbsp;de recherches avanc\u00e9es par l\u2019entremise du&nbsp;R\u00e9seau canadien de la sant\u00e9 des mollusques&nbsp;de l\u2019Atlantique, afin de d\u00e9velopper des&nbsp;souches d\u2019hu\u00eetres r\u00e9sistantes aux maladies&nbsp;et d\u2019am\u00e9liorer les pratiques d\u2019\u00e9levage.&nbsp;Nous continuerons de travailler avec les&nbsp;producteurs pour orienter ces efforts et pour garantir que les connaissances et l\u2019innovation de l\u2019industrie demeurent en avant-plan.<\/p>\n<p><br><\/p>\n<p>Les acteurs du secteur de l\u2019aquaculture du&nbsp;Nouveau-Brunswick ont toujours fait<br>preuve de r\u00e9silience, de collaboration et&nbsp;d\u2019adaptabilit\u00e9. Ensemble, nous continuerons&nbsp;\u00e0 prot\u00e9ger et \u00e0 renforcer notre industrie&nbsp;ostr\u00e9icole, qui est une source durable de&nbsp;fiert\u00e9, de possibilit\u00e9s et de prosp\u00e9rit\u00e9 pour nos collectivit\u00e9s c\u00f4ti\u00e8res et autochtones.<\/p>\n<p><br><\/p>\n<p><!--StartFragment--><span data-olk-copy-source=\"MessageBody\">L\u2019honorable Pat Finnigan, ministre de l\u2019Agriculture, de l\u2019Aquaculture et des P\u00eaches<\/span><!--EndFragment--><\/p>\n<p><\/p>\t\t\t\t\t\t\t\t<\/div>\n\t\t\t\t<\/div>\n\t\t\t\t\t<\/div>\n\t\t<\/div>\n\t\t\t\t\t<\/div>\n\t\t<\/section>\n\t\t\t\t<\/div>\n\t\t","protected":false},"excerpt":{"rendered":"<p>MSX et Dermo en Atlantique Un an pass\u00e9, l\u2019industrie ostr\u00e9icole \u00e9tait inform\u00e9e des premi\u00e8res d\u00e9couvertes de la maladie de la sph\u00e8re X multinucl\u00e9\u00e9e (MSX caus\u00e9e par le pathog\u00e8ne Haplosporidium nelsoni) et de la perkinsose (Dermo caus\u00e9e par Perkinsus marinus) dans certaines baies du Nouveau-Brunswick (N.-B.). La MSX a aussi \u00e9t\u00e9 d\u00e9couverte \u00e0 l\u2019\u00cele-du-Prince-\u00c9douard\u00a0 (\u00ce.-P.-\u00c9.) en [&hellip;]<\/p>\n","protected":false},"author":1,"featured_media":0,"parent":0,"menu_order":7,"comment_status":"closed","ping_status":"closed","template":"","meta":{"site-sidebar-layout":"no-sidebar","site-content-layout":"page-builder","ast-site-content-layout":"default","site-content-style":"default","site-sidebar-style":"default","ast-global-header-display":"","ast-banner-title-visibility":"","ast-main-header-display":"","ast-hfb-above-header-display":"","ast-hfb-below-header-display":"","ast-hfb-mobile-header-display":"","site-post-title":"disabled","ast-breadcrumbs-content":"","ast-featured-img":"disabled","footer-sml-layout":"","ast-disable-related-posts":"","theme-transparent-header-meta":"default","adv-header-id-meta":"","stick-header-meta":"","header-above-stick-meta":"","header-main-stick-meta":"","header-below-stick-meta":"","astra-migrate-meta-layouts":"default","ast-page-background-enabled":"default","ast-page-background-meta":{"desktop":{"background-color":"var(--ast-global-color-4)","background-image":"","background-repeat":"repeat","background-position":"center center","background-size":"auto","background-attachment":"scroll","background-type":"","background-media":"","overlay-type":"","overlay-color":"","overlay-opacity":"","overlay-gradient":""},"tablet":{"background-color":"","background-image":"","background-repeat":"repeat","background-position":"center center","background-size":"auto","background-attachment":"scroll","background-type":"","background-media":"","overlay-type":"","overlay-color":"","overlay-opacity":"","overlay-gradient":""},"mobile":{"background-color":"","background-image":"","background-repeat":"repeat","background-position":"center center","background-size":"auto","background-attachment":"scroll","background-type":"","background-media":"","overlay-type":"","overlay-color":"","overlay-opacity":"","overlay-gradient":""}},"ast-content-background-meta":{"desktop":{"background-color":"var(--ast-global-color-5)","background-image":"","background-repeat":"repeat","background-position":"center center","background-size":"auto","background-attachment":"scroll","background-type":"","background-media":"","overlay-type":"","overlay-color":"","overlay-opacity":"","overlay-gradient":""},"tablet":{"background-color":"var(--ast-global-color-5)","background-image":"","background-repeat":"repeat","background-position":"center center","background-size":"auto","background-attachment":"scroll","background-type":"","background-media":"","overlay-type":"","overlay-color":"","overlay-opacity":"","overlay-gradient":""},"mobile":{"background-color":"var(--ast-global-color-5)","background-image":"","background-repeat":"repeat","background-position":"center center","background-size":"auto","background-attachment":"scroll","background-type":"","background-media":"","overlay-type":"","overlay-color":"","overlay-opacity":"","overlay-gradient":""}},"footnotes":""},"page-categories":[],"class_list":["post-7873","page","type-page","status-publish","hentry"],"_links":{"self":[{"href":"https:\/\/kiosque.acadienouvelle.com\/aquapeche-04-2025\/wp-json\/wp\/v2\/pages\/7873","targetHints":{"allow":["GET"]}}],"collection":[{"href":"https:\/\/kiosque.acadienouvelle.com\/aquapeche-04-2025\/wp-json\/wp\/v2\/pages"}],"about":[{"href":"https:\/\/kiosque.acadienouvelle.com\/aquapeche-04-2025\/wp-json\/wp\/v2\/types\/page"}],"author":[{"embeddable":true,"href":"https:\/\/kiosque.acadienouvelle.com\/aquapeche-04-2025\/wp-json\/wp\/v2\/users\/1"}],"replies":[{"embeddable":true,"href":"https:\/\/kiosque.acadienouvelle.com\/aquapeche-04-2025\/wp-json\/wp\/v2\/comments?post=7873"}],"version-history":[{"count":40,"href":"https:\/\/kiosque.acadienouvelle.com\/aquapeche-04-2025\/wp-json\/wp\/v2\/pages\/7873\/revisions"}],"predecessor-version":[{"id":8055,"href":"https:\/\/kiosque.acadienouvelle.com\/aquapeche-04-2025\/wp-json\/wp\/v2\/pages\/7873\/revisions\/8055"}],"wp:attachment":[{"href":"https:\/\/kiosque.acadienouvelle.com\/aquapeche-04-2025\/wp-json\/wp\/v2\/media?parent=7873"}],"wp:term":[{"taxonomy":"page-categories","embeddable":true,"href":"https:\/\/kiosque.acadienouvelle.com\/aquapeche-04-2025\/wp-json\/wp\/v2\/page-categories?post=7873"}],"curies":[{"name":"wp","href":"https:\/\/api.w.org\/{rel}","templated":true}]}}