{"id":7894,"date":"2025-11-17T19:41:55","date_gmt":"2025-11-17T19:41:55","guid":{"rendered":"https:\/\/kiosque.acadienouvelle.com\/aquapeche-04-2025\/?page_id=7894"},"modified":"2025-11-18T20:02:19","modified_gmt":"2025-11-18T20:02:19","slug":"chasse-phoque-gris","status":"publish","type":"page","link":"https:\/\/kiosque.acadienouvelle.com\/aquapeche-04-2025\/chasse-phoque-gris\/","title":{"rendered":"Chasse au phoque gris : Un projet pilote s\u2019est amorc\u00e9 au mois d\u2019octobre"},"content":{"rendered":"\t\t<div data-elementor-type=\"wp-page\" data-elementor-id=\"7894\" class=\"elementor elementor-7894\" data-elementor-post-type=\"page\">\n\t\t\t\t\t\t<section class=\"elementor-section elementor-top-section elementor-element elementor-element-50c1b6e elementor-section-height-min-height header_title banner_img elementor-section-boxed elementor-section-height-default elementor-section-items-middle\" data-id=\"50c1b6e\" data-element_type=\"section\" data-e-type=\"section\" data-settings=\"{&quot;background_background&quot;:&quot;classic&quot;}\">\n\t\t\t\t\t\t\t<div class=\"elementor-background-overlay\"><\/div>\n\t\t\t\t\t\t\t<div class=\"elementor-container elementor-column-gap-default\">\n\t\t\t\t\t<div class=\"elementor-column elementor-col-100 elementor-top-column elementor-element elementor-element-3a2d241\" data-id=\"3a2d241\" data-element_type=\"column\" data-e-type=\"column\">\n\t\t\t<div class=\"elementor-widget-wrap elementor-element-populated\">\n\t\t\t\t\t\t<div class=\"elementor-element elementor-element-9673cd2 elementor-widget elementor-widget-heading\" data-id=\"9673cd2\" data-element_type=\"widget\" data-e-type=\"widget\" data-widget_type=\"heading.default\">\n\t\t\t\t<div class=\"elementor-widget-container\">\n\t\t\t\t\t<h2 class=\"elementor-heading-title elementor-size-default\">Chasse au phoque gris<\/h2>\t\t\t\t<\/div>\n\t\t\t\t<\/div>\n\t\t\t\t<div class=\"elementor-element elementor-element-509c7de elementor-widget elementor-widget-heading\" data-id=\"509c7de\" data-element_type=\"widget\" data-e-type=\"widget\" data-widget_type=\"heading.default\">\n\t\t\t\t<div class=\"elementor-widget-container\">\n\t\t\t\t\t<h2 class=\"elementor-heading-title elementor-size-default\">Un projet pilote s\u2019est amorc\u00e9 au mois d\u2019octobre<\/h2>\t\t\t\t<\/div>\n\t\t\t\t<\/div>\n\t\t\t\t\t<\/div>\n\t\t<\/div>\n\t\t\t\t\t<\/div>\n\t\t<\/section>\n\t\t\t\t<section class=\"elementor-section elementor-top-section elementor-element elementor-element-d9a853a elementor-section-boxed elementor-section-height-default elementor-section-height-default\" data-id=\"d9a853a\" data-element_type=\"section\" data-e-type=\"section\">\n\t\t\t\t\t\t<div class=\"elementor-container elementor-column-gap-default\">\n\t\t\t\t\t<div class=\"elementor-column elementor-col-100 elementor-top-column elementor-element elementor-element-68d9c5a page_contain\" data-id=\"68d9c5a\" data-element_type=\"column\" data-e-type=\"column\" data-settings=\"{&quot;background_background&quot;:&quot;classic&quot;}\">\n\t\t\t<div class=\"elementor-widget-wrap elementor-element-populated\">\n\t\t\t\t\t\t<div class=\"elementor-element elementor-element-50f1f9b elementor-widget elementor-widget-image\" data-id=\"50f1f9b\" data-element_type=\"widget\" data-e-type=\"widget\" data-widget_type=\"image.default\">\n\t\t\t\t<div class=\"elementor-widget-container\">\n\t\t\t\t\t\t\t\t\t\t\t\t\t\t\t<img fetchpriority=\"high\" decoding=\"async\" width=\"1366\" height=\"768\" src=\"https:\/\/kiosque.acadienouvelle.com\/aquapeche-04-2025\/wp-content\/uploads\/sites\/367\/2025\/11\/08_phoques-gris_land.jpg\" class=\"attachment-full size-full wp-image-7732\" alt=\"\" srcset=\"https:\/\/kiosque.acadienouvelle.com\/aquapeche-04-2025\/wp-content\/uploads\/sites\/367\/2025\/11\/08_phoques-gris_land.jpg 1366w, https:\/\/kiosque.acadienouvelle.com\/aquapeche-04-2025\/wp-content\/uploads\/sites\/367\/2025\/11\/08_phoques-gris_land-300x169.jpg 300w, https:\/\/kiosque.acadienouvelle.com\/aquapeche-04-2025\/wp-content\/uploads\/sites\/367\/2025\/11\/08_phoques-gris_land-1024x576.jpg 1024w, https:\/\/kiosque.acadienouvelle.com\/aquapeche-04-2025\/wp-content\/uploads\/sites\/367\/2025\/11\/08_phoques-gris_land-768x432.jpg 768w\" sizes=\"(max-width: 1366px) 100vw, 1366px\" \/>\t\t\t\t\t\t\t\t\t\t\t\t\t\t\t<\/div>\n\t\t\t\t<\/div>\n\t\t<link rel=\"stylesheet\" href=\"https:\/\/use.fontawesome.com\/releases\/v5.5.0\/css\/all.css\" integrity=\"sha384-B4dIYHKNBt8Bc12p+WXckhzcICo0wtJAoU8YZTY5qE0Id1GSseTk6S+L3BlXeVIU\" crossorigin=\"anonymous\">\r\n\t\t<div class=\"elementor-element elementor-element-d0a0a3b mobile_pera elementor-widget elementor-widget-text-editor\" data-id=\"d0a0a3b\" data-element_type=\"widget\" data-e-type=\"widget\" data-widget_type=\"text-editor.default\">\n\t\t\t\t<div class=\"elementor-widget-container\">\n\t\t\t\t\t\t\t\t\tLe projet pilote de chasse au phoque gris pour usage personnel de concert avec les membres de l\u2019UPM seulement a d\u00e9but\u00e9 le 20 octobre dernier. \u00ab C\u2019est notre objectif que cette chasse devienne disponible \u00e0 tous les chasseurs int\u00e9ress\u00e9s dans les ann\u00e9es \u00e0 venir \u00e0 la suite du projet pilote\u00a0\u00bb, a laiss\u00e9 entendre le directeur g\u00e9n\u00e9ral de l\u2019UPM, Martin Mallet. \u00ab\u00a0C\u2019est la premi\u00e8re fois dans l\u2019histoire de la province qu\u2019on acc\u00e8de \u00e0 cette chasse-l\u00e0. \u00bb\n\t\t\t\t\t\t\t\t<\/div>\n\t\t\t\t<\/div>\n\t\t\t\t<div class=\"elementor-element elementor-element-bc52c74 elementor-widget elementor-widget-advertisement\" data-id=\"bc52c74\" data-element_type=\"widget\" data-e-type=\"widget\" data-widget_type=\"advertisement.default\">\n\t\t\t\t<div class=\"elementor-widget-container\">\n\t\t\t\t\t<div class=\"ads-align-center\"><div data-m32-ad data-options='{\"sizes\":\"[[300,250]]\",\"dfpId\":\"21658289790,27729547\",\"dfpAdUnitPath\":\"acadienouvelle\/cahiers_quarterpage_300x250\"}'><\/div><\/div>\t\t\t\t<\/div>\n\t\t\t\t<\/div>\n\t\t\t\t<div class=\"elementor-element elementor-element-de6dbee mobile_pera elementor-widget elementor-widget-text-editor\" data-id=\"de6dbee\" data-element_type=\"widget\" data-e-type=\"widget\" data-widget_type=\"text-editor.default\">\n\t\t\t\t<div class=\"elementor-widget-container\">\n\t\t\t\t\t\t\t\t\tLa saison de chasse au phoque gris se tiendra jusqu\u2019au 20 d\u00e9cembre alors que celle au phoque du Groenland aura lieu du 15 novembre au \n20 d\u00e9cembre. Comme conditions, les chasseurs doivent avoir un permis de chasse valide du Nouveau-Brunswick et suivre les r\u00e8glements de chasse provinciale. Notamment, les chasseurs devront conserver et congeler la m\u00e2choire inf\u00e9rieure de l\u2019animal captur\u00e9, avec toutes les dents, et \nnoter la date, le lieu de chasse et \nle sexe de l\u2019animal.\n\t\t\t\t\t\t\t\t<\/div>\n\t\t\t\t<\/div>\n\t\t\t\t<div class=\"elementor-element elementor-element-15e13ce mobile_pera elementor-widget elementor-widget-text-editor\" data-id=\"15e13ce\" data-element_type=\"widget\" data-e-type=\"widget\" data-widget_type=\"text-editor.default\">\n\t\t\t\t<div class=\"elementor-widget-container\">\n\t\t\t\t\t\t\t\t\tLe minist\u00e8re des Peches et Oc\u00e9ans a d\u00e9j\u00e0 indiqu\u00e9 qu\u2019\u00e0 la suite d\u2019un projet pilote r\u00e9ussi dans l\u2019est du Nouveau-Brunswick \u00e0 l\u2019automne 2024 et au printemps 2025, le minist\u00e8re continuera de d\u00e9livrer un nombre limit\u00e9 de nouveaux permis \u00e0 usage personnel dans le cadre d\u2019un projet pilote pour 2025 et 2026. \n\t\t\t\t\t\t\t\t<\/div>\n\t\t\t\t<\/div>\n\t\t\t\t<div class=\"elementor-element elementor-element-97c6e43 mobile_pera elementor-widget elementor-widget-text-editor\" data-id=\"97c6e43\" data-element_type=\"widget\" data-e-type=\"widget\" data-widget_type=\"text-editor.default\">\n\t\t\t\t<div class=\"elementor-widget-container\">\n\t\t\t\t\t\t\t\t\tL\u2019approche pilote \u00e9value l\u2019activit\u00e9 et identifie les meilleures pratiques pour assurer une chasse au phoque s\u00e9curitaire, durable et sans cruaut\u00e9. \n\t\t\t\t\t\t\t\t<\/div>\n\t\t\t\t<\/div>\n\t\t\t\t<div class=\"elementor-element elementor-element-3b712bc mobile_pera elementor-widget elementor-widget-text-editor\" data-id=\"3b712bc\" data-element_type=\"widget\" data-e-type=\"widget\" data-widget_type=\"text-editor.default\">\n\t\t\t\t<div class=\"elementor-widget-container\">\n\t\t\t\t\t\t\t\t\tLes \u00e9quipes proviendront de ports approuv\u00e9s situ\u00e9s dans le golfe du Nouveau-Brunswick, soit ceux de New Mills, Petit-Rocher, Sainte-Marie-Saint-Rapha\u00ebl, Tabusintac, Cap Lumi\u00e8re et Petit-Cap, avec les lieux de r\u00e9colte dans la baie des Chaleurs, Chaleurs, l\u2019\u00cele Miscou, l\u2019\u00cele de Lam\u00e8que, la baie de Tabusintac, Richibucto et Petit-Cap.\t\t\t\t\t\t\t\t<\/div>\n\t\t\t\t<\/div>\n\t\t\t\t<div class=\"elementor-element elementor-element-858d265 elementor-widget elementor-widget-text-editor\" data-id=\"858d265\" data-element_type=\"widget\" data-e-type=\"widget\" data-widget_type=\"text-editor.default\">\n\t\t\t\t<div class=\"elementor-widget-container\">\n\t\t\t\t\t\t\t\t\t<p>Le saviez-vous?<\/p>\t\t\t\t\t\t\t\t<\/div>\n\t\t\t\t<\/div>\n\t\t\t\t<div class=\"elementor-element elementor-element-7679ddb elementor-widget elementor-widget-text-editor\" data-id=\"7679ddb\" data-element_type=\"widget\" data-e-type=\"widget\" data-widget_type=\"text-editor.default\">\n\t\t\t\t<div class=\"elementor-widget-container\">\n\t\t\t\t\t\t\t\t\t<p>Les icebergs biseaut\u00e9s sont connus pour garder les traces de vies anciennes, pour pr\u00e9server l\u2019air d\u2019\u00e9poques r\u00e9volues et pour se d\u00e9placer de mani\u00e8re aussi majestueuse qu\u2019impr\u00e9visible. Ces icebergs uniques, dont la paroi verticale est abrupte et inclin\u00e9e vers l&rsquo;autre c\u00f4t\u00e9, restent souvent coinc\u00e9s dans des eaux peu profondes, ce qui permet aux scientifiques de les \u00e9tudier.\u00a0<\/p><p><span style=\"font-weight: inherit;\"><i>Source : Garde c\u00f4ti\u00e8re canadienne<\/i><\/span><\/p>\t\t\t\t\t\t\t\t<\/div>\n\t\t\t\t<\/div>\n\t\t\t\t<div class=\"elementor-element elementor-element-e3e3ada elementor-widget elementor-widget-image\" data-id=\"e3e3ada\" data-element_type=\"widget\" data-e-type=\"widget\" data-widget_type=\"image.default\">\n\t\t\t\t<div class=\"elementor-widget-container\">\n\t\t\t\t\t\t\t\t\t\t\t\t\t\t\t<img decoding=\"async\" width=\"700\" height=\"531\" src=\"https:\/\/kiosque.acadienouvelle.com\/aquapeche-04-2025\/wp-content\/uploads\/sites\/367\/2025\/11\/08_Iceberg2.jpg\" class=\"attachment-large size-large wp-image-7730\" alt=\"\" srcset=\"https:\/\/kiosque.acadienouvelle.com\/aquapeche-04-2025\/wp-content\/uploads\/sites\/367\/2025\/11\/08_Iceberg2.jpg 700w, https:\/\/kiosque.acadienouvelle.com\/aquapeche-04-2025\/wp-content\/uploads\/sites\/367\/2025\/11\/08_Iceberg2-300x228.jpg 300w\" sizes=\"(max-width: 700px) 100vw, 700px\" \/>\t\t\t\t\t\t\t\t\t\t\t\t\t\t\t<\/div>\n\t\t\t\t<\/div>\n\t\t\t\t\t<\/div>\n\t\t<\/div>\n\t\t\t\t\t<\/div>\n\t\t<\/section>\n\t\t\t\t<\/div>\n\t\t","protected":false},"excerpt":{"rendered":"<p>Chasse au phoque gris Un projet pilote s\u2019est amorc\u00e9 au mois d\u2019octobre Le projet pilote de chasse au phoque gris pour usage personnel de concert avec les membres de l\u2019UPM seulement a d\u00e9but\u00e9 le 20 octobre dernier. \u00ab C\u2019est notre objectif que cette chasse devienne disponible \u00e0 tous les chasseurs int\u00e9ress\u00e9s dans les ann\u00e9es \u00e0 [&hellip;]<\/p>\n","protected":false},"author":1,"featured_media":0,"parent":0,"menu_order":8,"comment_status":"closed","ping_status":"closed","template":"","meta":{"site-sidebar-layout":"no-sidebar","site-content-layout":"page-builder","ast-site-content-layout":"default","site-content-style":"default","site-sidebar-style":"default","ast-global-header-display":"","ast-banner-title-visibility":"","ast-main-header-display":"","ast-hfb-above-header-display":"","ast-hfb-below-header-display":"","ast-hfb-mobile-header-display":"","site-post-title":"disabled","ast-breadcrumbs-content":"","ast-featured-img":"disabled","footer-sml-layout":"","ast-disable-related-posts":"","theme-transparent-header-meta":"default","adv-header-id-meta":"","stick-header-meta":"","header-above-stick-meta":"","header-main-stick-meta":"","header-below-stick-meta":"","astra-migrate-meta-layouts":"default","ast-page-background-enabled":"default","ast-page-background-meta":{"desktop":{"background-color":"var(--ast-global-color-4)","background-image":"","background-repeat":"repeat","background-position":"center center","background-size":"auto","background-attachment":"scroll","background-type":"","background-media":"","overlay-type":"","overlay-color":"","overlay-opacity":"","overlay-gradient":""},"tablet":{"background-color":"","background-image":"","background-repeat":"repeat","background-position":"center center","background-size":"auto","background-attachment":"scroll","background-type":"","background-media":"","overlay-type":"","overlay-color":"","overlay-opacity":"","overlay-gradient":""},"mobile":{"background-color":"","background-image":"","background-repeat":"repeat","background-position":"center center","background-size":"auto","background-attachment":"scroll","background-type":"","background-media":"","overlay-type":"","overlay-color":"","overlay-opacity":"","overlay-gradient":""}},"ast-content-background-meta":{"desktop":{"background-color":"var(--ast-global-color-5)","background-image":"","background-repeat":"repeat","background-position":"center center","background-size":"auto","background-attachment":"scroll","background-type":"","background-media":"","overlay-type":"","overlay-color":"","overlay-opacity":"","overlay-gradient":""},"tablet":{"background-color":"var(--ast-global-color-5)","background-image":"","background-repeat":"repeat","background-position":"center center","background-size":"auto","background-attachment":"scroll","background-type":"","background-media":"","overlay-type":"","overlay-color":"","overlay-opacity":"","overlay-gradient":""},"mobile":{"background-color":"var(--ast-global-color-5)","background-image":"","background-repeat":"repeat","background-position":"center center","background-size":"auto","background-attachment":"scroll","background-type":"","background-media":"","overlay-type":"","overlay-color":"","overlay-opacity":"","overlay-gradient":""}},"footnotes":""},"page-categories":[],"class_list":["post-7894","page","type-page","status-publish","hentry"],"_links":{"self":[{"href":"https:\/\/kiosque.acadienouvelle.com\/aquapeche-04-2025\/wp-json\/wp\/v2\/pages\/7894","targetHints":{"allow":["GET"]}}],"collection":[{"href":"https:\/\/kiosque.acadienouvelle.com\/aquapeche-04-2025\/wp-json\/wp\/v2\/pages"}],"about":[{"href":"https:\/\/kiosque.acadienouvelle.com\/aquapeche-04-2025\/wp-json\/wp\/v2\/types\/page"}],"author":[{"embeddable":true,"href":"https:\/\/kiosque.acadienouvelle.com\/aquapeche-04-2025\/wp-json\/wp\/v2\/users\/1"}],"replies":[{"embeddable":true,"href":"https:\/\/kiosque.acadienouvelle.com\/aquapeche-04-2025\/wp-json\/wp\/v2\/comments?post=7894"}],"version-history":[{"count":22,"href":"https:\/\/kiosque.acadienouvelle.com\/aquapeche-04-2025\/wp-json\/wp\/v2\/pages\/7894\/revisions"}],"predecessor-version":[{"id":8078,"href":"https:\/\/kiosque.acadienouvelle.com\/aquapeche-04-2025\/wp-json\/wp\/v2\/pages\/7894\/revisions\/8078"}],"wp:attachment":[{"href":"https:\/\/kiosque.acadienouvelle.com\/aquapeche-04-2025\/wp-json\/wp\/v2\/media?parent=7894"}],"wp:term":[{"taxonomy":"page-categories","embeddable":true,"href":"https:\/\/kiosque.acadienouvelle.com\/aquapeche-04-2025\/wp-json\/wp\/v2\/page-categories?post=7894"}],"curies":[{"name":"wp","href":"https:\/\/api.w.org\/{rel}","templated":true}]}}