{"id":7930,"date":"2025-11-17T20:07:54","date_gmt":"2025-11-17T20:07:54","guid":{"rendered":"https:\/\/kiosque.acadienouvelle.com\/aquapeche-04-2025\/?page_id=7930"},"modified":"2025-11-18T18:24:08","modified_gmt":"2025-11-18T18:24:08","slug":"recettes-aquapeche-suite","status":"publish","type":"page","link":"https:\/\/kiosque.acadienouvelle.com\/aquapeche-04-2025\/recettes-aquapeche-suite\/","title":{"rendered":"Recettes de l&rsquo;aquap\u00eache (suite)"},"content":{"rendered":"\t\t<div data-elementor-type=\"wp-page\" data-elementor-id=\"7930\" class=\"elementor elementor-7930\" data-elementor-post-type=\"page\">\n\t\t\t\t\t\t<section class=\"elementor-section elementor-top-section elementor-element elementor-element-35f9822 elementor-section-height-min-height header_title banner_img elementor-section-boxed elementor-section-height-default elementor-section-items-middle\" data-id=\"35f9822\" data-element_type=\"section\" data-e-type=\"section\" data-settings=\"{&quot;background_background&quot;:&quot;classic&quot;}\">\n\t\t\t\t\t\t\t<div class=\"elementor-background-overlay\"><\/div>\n\t\t\t\t\t\t\t<div class=\"elementor-container elementor-column-gap-default\">\n\t\t\t\t\t<div class=\"elementor-column elementor-col-100 elementor-top-column elementor-element elementor-element-3a4911b\" data-id=\"3a4911b\" data-element_type=\"column\" data-e-type=\"column\">\n\t\t\t<div class=\"elementor-widget-wrap elementor-element-populated\">\n\t\t\t\t\t\t<div class=\"elementor-element elementor-element-b1b5877 elementor-widget elementor-widget-heading\" data-id=\"b1b5877\" data-element_type=\"widget\" data-e-type=\"widget\" data-widget_type=\"heading.default\">\n\t\t\t\t<div class=\"elementor-widget-container\">\n\t\t\t\t\t<h2 class=\"elementor-heading-title elementor-size-default\">Recettes de l'aquap\u00eache<\/h2>\t\t\t\t<\/div>\n\t\t\t\t<\/div>\n\t\t\t\t<div class=\"elementor-element elementor-element-aa7a03b elementor-widget elementor-widget-heading\" data-id=\"aa7a03b\" data-element_type=\"widget\" data-e-type=\"widget\" data-widget_type=\"heading.default\">\n\t\t\t\t<div class=\"elementor-widget-container\">\n\t\t\t\t\t<h2 class=\"elementor-heading-title elementor-size-default\">Allez\u2026 de bons fruits de mer pour le temps des f\u00eates!<\/h2>\t\t\t\t<\/div>\n\t\t\t\t<\/div>\n\t\t\t\t\t<\/div>\n\t\t<\/div>\n\t\t\t\t\t<\/div>\n\t\t<\/section>\n\t\t\t\t<section class=\"elementor-section elementor-top-section elementor-element elementor-element-e60c0c5 page_contain elementor-section-boxed elementor-section-height-default elementor-section-height-default\" data-id=\"e60c0c5\" data-element_type=\"section\" data-e-type=\"section\" id=\"recipe_one\">\n\t\t\t\t\t\t<div class=\"elementor-container elementor-column-gap-default\">\n\t\t\t\t\t<div class=\"elementor-column elementor-col-100 elementor-top-column elementor-element elementor-element-4da45ae page_contain\" data-id=\"4da45ae\" data-element_type=\"column\" data-e-type=\"column\" data-settings=\"{&quot;background_background&quot;:&quot;classic&quot;}\">\n\t\t\t<div class=\"elementor-widget-wrap elementor-element-populated\">\n\t\t\t\t\t\t<div class=\"elementor-element elementor-element-b679503 elementor-widget elementor-widget-image\" data-id=\"b679503\" data-element_type=\"widget\" data-e-type=\"widget\" data-widget_type=\"image.default\">\n\t\t\t\t<div class=\"elementor-widget-container\">\n\t\t\t\t\t\t\t\t\t\t\t\t\t\t\t<img fetchpriority=\"high\" decoding=\"async\" width=\"1366\" height=\"768\" src=\"https:\/\/kiosque.acadienouvelle.com\/aquapeche-04-2025\/wp-content\/uploads\/sites\/367\/2025\/11\/11_crepe_land.jpg\" class=\"attachment-full size-full wp-image-7742\" alt=\"\" srcset=\"https:\/\/kiosque.acadienouvelle.com\/aquapeche-04-2025\/wp-content\/uploads\/sites\/367\/2025\/11\/11_crepe_land.jpg 1366w, https:\/\/kiosque.acadienouvelle.com\/aquapeche-04-2025\/wp-content\/uploads\/sites\/367\/2025\/11\/11_crepe_land-300x169.jpg 300w, https:\/\/kiosque.acadienouvelle.com\/aquapeche-04-2025\/wp-content\/uploads\/sites\/367\/2025\/11\/11_crepe_land-1024x576.jpg 1024w, https:\/\/kiosque.acadienouvelle.com\/aquapeche-04-2025\/wp-content\/uploads\/sites\/367\/2025\/11\/11_crepe_land-768x432.jpg 768w\" sizes=\"(max-width: 1366px) 100vw, 1366px\" \/>\t\t\t\t\t\t\t\t\t\t\t\t\t\t\t<\/div>\n\t\t\t\t<\/div>\n\t\t<link rel=\"stylesheet\" href=\"https:\/\/use.fontawesome.com\/releases\/v5.5.0\/css\/all.css\" integrity=\"sha384-B4dIYHKNBt8Bc12p+WXckhzcICo0wtJAoU8YZTY5qE0Id1GSseTk6S+L3BlXeVIU\" crossorigin=\"anonymous\">\r\n\t\t<div class=\"elementor-element elementor-element-f5d52a8 elementor-widget elementor-widget-advertisement\" data-id=\"f5d52a8\" data-element_type=\"widget\" data-e-type=\"widget\" data-widget_type=\"advertisement.default\">\n\t\t\t\t<div class=\"elementor-widget-container\">\n\t\t\t\t\t<div class=\"ads-align-center\"><div data-m32-ad data-options='{\"sizes\":\"[[300,100]]\",\"dfpId\":\"21658289790,27729547\",\"dfpAdUnitPath\":\"acadienouvelle\/cahiers_onefifthpage_300x100\"}'><\/div><\/div>\t\t\t\t<\/div>\n\t\t\t\t<\/div>\n\t\t\t\t<div class=\"elementor-element elementor-element-584fcbf elementor-widget elementor-widget-heading\" data-id=\"584fcbf\" data-element_type=\"widget\" data-e-type=\"widget\" data-widget_type=\"heading.default\">\n\t\t\t\t<div class=\"elementor-widget-container\">\n\t\t\t\t\t<h5 class=\"elementor-heading-title elementor-size-default\">Cr\u00eapes au homard, crabe et crevettes<\/h5>\t\t\t\t<\/div>\n\t\t\t\t<\/div>\n\t\t\t\t<div class=\"elementor-element elementor-element-86b194c elementor-widget elementor-widget-heading\" data-id=\"86b194c\" data-element_type=\"widget\" data-e-type=\"widget\" data-widget_type=\"heading.default\">\n\t\t\t\t<div class=\"elementor-widget-container\">\n\t\t\t\t\t<h6 class=\"elementor-heading-title elementor-size-default\">Ingr\u00e9dients<\/h6>\t\t\t\t<\/div>\n\t\t\t\t<\/div>\n\t\t\t\t<div class=\"elementor-element elementor-element-c4a7e01 food_point  elementor-widget elementor-widget-text-editor\" data-id=\"c4a7e01\" data-element_type=\"widget\" data-e-type=\"widget\" data-widget_type=\"text-editor.default\">\n\t\t\t\t<div class=\"elementor-widget-container\">\n\t\t\t\t\t\t\t\t\t<ul><li>30 ml (2 c. \u00e0 soupe) beurre\u00a0<\/li><li>2 \u00e9chalotes, hach\u00e9es finement\u00a0<\/li><li>30 ml (2 c. \u00e0 soupe) de farine\u00a0<\/li><li>250 ml (1 tasse) de cr\u00e8me l\u00e9g\u00e8re 10 %\u00a0<\/li><li>250 ml (1 tasse) de lait de coco\u00a0<\/li><li>10 ml (2 c. \u00e0 th\u00e9) de sauce soja\u00a0<\/li><li>10 ml (2 c. \u00e0 th\u00e9) de vin blanc sec\u00a0<\/li><li>300 g (10 oz) de chair de homard\u00a0<\/li><li>180 g (6 oz) de chair de crabe\u00a0<\/li><li>180 g (6 oz) de crevettes 21-25, cuites et d\u00e9cortiqu\u00e9es\u00a0<\/li><li>4 cr\u00eapes bretonnes du commerce de 38 cm (15 po)<\/li><\/ul>\t\t\t\t\t\t\t\t<\/div>\n\t\t\t\t<\/div>\n\t\t\t\t<div class=\"elementor-element elementor-element-0226c53 elementor-widget elementor-widget-heading\" data-id=\"0226c53\" data-element_type=\"widget\" data-e-type=\"widget\" data-widget_type=\"heading.default\">\n\t\t\t\t<div class=\"elementor-widget-container\">\n\t\t\t\t\t<h6 class=\"elementor-heading-title elementor-size-default\">Pr\u00e9paration<\/h6>\t\t\t\t<\/div>\n\t\t\t\t<\/div>\n\t\t\t\t<div class=\"elementor-element elementor-element-c790694 food_point  elementor-widget elementor-widget-text-editor\" data-id=\"c790694\" data-element_type=\"widget\" data-e-type=\"widget\" data-widget_type=\"text-editor.default\">\n\t\t\t\t<div class=\"elementor-widget-container\">\n\t\t\t\t\t\t\t\t\t<ul><li>Dans une grande casserole, faire fondre le beurre, mettre les \u00e9chalotes, couvrir et faire cuire doucement.<\/li><li>Saupoudrer de farine et bien m\u00e9langer pour former un roux. Faire cuire lentement le roux en brassant de mani\u00e8re \u00e0 ne pas faire colorer la farine (roux blanc).<\/li><li>Mouiller avec la cr\u00e8me et le lait de coco. Fouetter le liquide de mani\u00e8re \u00e0 d\u00e9layer parfaitement le roux.<\/li><li>Porter \u00e0 \u00e9bullition, r\u00e9duire le feu au minimum et laisser mijoter 10 minutes pour obtenir une sauce \u00e9paisse.<\/li><li>Ajouter la sauce soya, le vin blanc et les crustac\u00e9s.<\/li><li>Bien m\u00e9langer et faire r\u00e9chauffer les crustac\u00e9s quelques minutes.<\/li><li>Sur une cr\u00eape, d\u00e9poser le 1\/4 de la garniture.<\/li><li>Plier les deux extr\u00e9mit\u00e9s de la cr\u00eape sur son centre et la rouler sur elle-m\u00eame pour former un rouleau de 5 cm (2 po) de diam\u00e8tre.<\/li><li>R\u00e9p\u00e9ter l&rsquo;op\u00e9ration avec les trois autres cr\u00eapes. Servir imm\u00e9diatement.<\/li><\/ul>\t\t\t\t\t\t\t\t<\/div>\n\t\t\t\t<\/div>\n\t\t\t\t<div class=\"elementor-element elementor-element-9d76de9 food_point  elementor-widget elementor-widget-text-editor\" data-id=\"9d76de9\" data-element_type=\"widget\" data-e-type=\"widget\" data-widget_type=\"text-editor.default\">\n\t\t\t\t<div class=\"elementor-widget-container\">\n\t\t\t\t\t\t\t\t\t<p><i>Source : Metro<\/i><\/p>\t\t\t\t\t\t\t\t<\/div>\n\t\t\t\t<\/div>\n\t\t\t\t<div class=\"elementor-element elementor-element-7674de2 elementor-widget elementor-widget-advertisement\" data-id=\"7674de2\" data-element_type=\"widget\" data-e-type=\"widget\" data-widget_type=\"advertisement.default\">\n\t\t\t\t<div class=\"elementor-widget-container\">\n\t\t\t\t\t<div class=\"ads-align-center\"><div data-m32-ad data-options='{\"sizes\":\"[[300,100]]\",\"dfpId\":\"21658289790,27729547\",\"dfpAdUnitPath\":\"acadienouvelle\/cahiers_onefifthpage02_300x100\"}'><\/div><\/div>\t\t\t\t<\/div>\n\t\t\t\t<\/div>\n\t\t\t\t\t<\/div>\n\t\t<\/div>\n\t\t\t\t\t<\/div>\n\t\t<\/section>\n\t\t\t\t<section class=\"elementor-section elementor-top-section elementor-element elementor-element-cdae5ac page_contain elementor-section-boxed elementor-section-height-default elementor-section-height-default\" data-id=\"cdae5ac\" data-element_type=\"section\" data-e-type=\"section\">\n\t\t\t\t\t\t<div class=\"elementor-container elementor-column-gap-default\">\n\t\t\t\t\t<div class=\"elementor-column elementor-col-100 elementor-top-column elementor-element elementor-element-5662487 page_contain\" data-id=\"5662487\" data-element_type=\"column\" data-e-type=\"column\" data-settings=\"{&quot;background_background&quot;:&quot;classic&quot;}\">\n\t\t\t<div class=\"elementor-widget-wrap elementor-element-populated\">\n\t\t\t\t\t\t<div class=\"elementor-element elementor-element-caa54aa elementor-widget elementor-widget-image\" data-id=\"caa54aa\" data-element_type=\"widget\" data-e-type=\"widget\" data-widget_type=\"image.default\">\n\t\t\t\t<div class=\"elementor-widget-container\">\n\t\t\t\t\t\t\t\t\t\t\t\t\t\t\t<img decoding=\"async\" width=\"1366\" height=\"768\" src=\"https:\/\/kiosque.acadienouvelle.com\/aquapeche-04-2025\/wp-content\/uploads\/sites\/367\/2025\/11\/11_lasagne_land.jpg\" class=\"attachment-full size-full wp-image-7794\" alt=\"\" srcset=\"https:\/\/kiosque.acadienouvelle.com\/aquapeche-04-2025\/wp-content\/uploads\/sites\/367\/2025\/11\/11_lasagne_land.jpg 1366w, https:\/\/kiosque.acadienouvelle.com\/aquapeche-04-2025\/wp-content\/uploads\/sites\/367\/2025\/11\/11_lasagne_land-300x169.jpg 300w, https:\/\/kiosque.acadienouvelle.com\/aquapeche-04-2025\/wp-content\/uploads\/sites\/367\/2025\/11\/11_lasagne_land-1024x576.jpg 1024w, https:\/\/kiosque.acadienouvelle.com\/aquapeche-04-2025\/wp-content\/uploads\/sites\/367\/2025\/11\/11_lasagne_land-768x432.jpg 768w\" sizes=\"(max-width: 1366px) 100vw, 1366px\" \/>\t\t\t\t\t\t\t\t\t\t\t\t\t\t\t<\/div>\n\t\t\t\t<\/div>\n\t\t\t\t<div class=\"elementor-element elementor-element-ed5b8ce elementor-widget elementor-widget-heading\" data-id=\"ed5b8ce\" data-element_type=\"widget\" data-e-type=\"widget\" data-widget_type=\"heading.default\">\n\t\t\t\t<div class=\"elementor-widget-container\">\n\t\t\t\t\t<h5 class=\"elementor-heading-title elementor-size-default\">Lasagne aux l\u00e9gumes et crevettes<\/h5>\t\t\t\t<\/div>\n\t\t\t\t<\/div>\n\t\t\t\t<div class=\"elementor-element elementor-element-5179d0e elementor-widget elementor-widget-heading\" data-id=\"5179d0e\" data-element_type=\"widget\" data-e-type=\"widget\" data-widget_type=\"heading.default\">\n\t\t\t\t<div class=\"elementor-widget-container\">\n\t\t\t\t\t<h6 class=\"elementor-heading-title elementor-size-default\">Ingr\u00e9dients<\/h6>\t\t\t\t<\/div>\n\t\t\t\t<\/div>\n\t\t\t\t<div class=\"elementor-element elementor-element-5b58bfc food_point  elementor-widget elementor-widget-text-editor\" data-id=\"5b58bfc\" data-element_type=\"widget\" data-e-type=\"widget\" data-widget_type=\"text-editor.default\">\n\t\t\t\t<div class=\"elementor-widget-container\">\n\t\t\t\t\t\t\t\t\t<ul><li>1 tasse de fromage mozzarella d&rsquo;ici\u00a0<\/li><li>1 tasse de fromage cheddar La Fromagerie Boivin\u00a0<\/li><li>1 sachet de l\u00e9gumes congel\u00e9s, d\u00e9congel\u00e9s\u00a0<\/li><li>1 livre de crevettes\u00a0<\/li><li>2 cuill\u00e8res \u00e0 table d&rsquo;\u00e9pices \u00e0 l&rsquo;italienne<\/li><li>1 bo\u00eete de conserve de cr\u00e8me de c\u00e9leri ou brocoli\u00a0<\/li><li>6 lasagnes\u00a0<\/li><\/ul>\t\t\t\t\t\t\t\t<\/div>\n\t\t\t\t<\/div>\n\t\t\t\t<div class=\"elementor-element elementor-element-01a98c1 elementor-widget elementor-widget-heading\" data-id=\"01a98c1\" data-element_type=\"widget\" data-e-type=\"widget\" data-widget_type=\"heading.default\">\n\t\t\t\t<div class=\"elementor-widget-container\">\n\t\t\t\t\t<h6 class=\"elementor-heading-title elementor-size-default\">Pr\u00e9paration<\/h6>\t\t\t\t<\/div>\n\t\t\t\t<\/div>\n\t\t\t\t<div class=\"elementor-element elementor-element-10ba5c9 food_point  elementor-widget elementor-widget-text-editor\" data-id=\"10ba5c9\" data-element_type=\"widget\" data-e-type=\"widget\" data-widget_type=\"text-editor.default\">\n\t\t\t\t<div class=\"elementor-widget-container\">\n\t\t\t\t\t\t\t\t\t<ul>\n \t<li>M\u00e9langez les l\u00e9gumes d\u00e9congel\u00e9s avec les \u00e9pices italiennes. <\/li>\n \t<li>R\u00e2pez le fromage mozzarella et le fromage cheddar La Fromagerie Boivin.<\/li>\n \t<li>M\u00e9langez avec la cr\u00e8me de brocoli ou de c\u00e9leri.<\/li>\n \t<li>Faites cuire les lasagnes.<\/li>\n \t<li>D\u00e9posez des lasagnes dans le fond d&rsquo;un plat allant au four.<\/li>\n \t<li>Mettez la moiti\u00e9 des l\u00e9gumes et la moiti\u00e9 des crevettes.<\/li>\n \t<li>Mettez 1\/3 du fromage.<\/li>\n \t<li>Mettez une autre rang\u00e9e de lasagnes, le reste des l\u00e9gumes, le reste des crevettes et 1\/3 du fromage.<\/li>\n \t<li>D\u00e9posez une derni\u00e8re rang\u00e9e de lasagnes et le reste du fromage.<\/li>\n \t<li>Faites cuire au four \u00e0 350 \u00b0F 45 minutes.<\/li>\n<\/ul>\t\t\t\t\t\t\t\t<\/div>\n\t\t\t\t<\/div>\n\t\t\t\t\t<\/div>\n\t\t<\/div>\n\t\t\t\t\t<\/div>\n\t\t<\/section>\n\t\t\t\t<\/div>\n\t\t","protected":false},"excerpt":{"rendered":"<p>Recettes de l&rsquo;aquap\u00eache Allez\u2026 de bons fruits de mer pour le temps des f\u00eates! Cr\u00eapes au homard, crabe et crevettes Ingr\u00e9dients 30 ml (2 c. \u00e0 soupe) beurre\u00a0 2 \u00e9chalotes, hach\u00e9es finement\u00a0 30 ml (2 c. \u00e0 soupe) de farine\u00a0 250 ml (1 tasse) de cr\u00e8me l\u00e9g\u00e8re 10 %\u00a0 250 ml (1 tasse) de lait [&hellip;]<\/p>\n","protected":false},"author":1,"featured_media":0,"parent":0,"menu_order":11,"comment_status":"closed","ping_status":"closed","template":"","meta":{"site-sidebar-layout":"no-sidebar","site-content-layout":"page-builder","ast-site-content-layout":"default","site-content-style":"default","site-sidebar-style":"default","ast-global-header-display":"","ast-banner-title-visibility":"","ast-main-header-display":"","ast-hfb-above-header-display":"","ast-hfb-below-header-display":"","ast-hfb-mobile-header-display":"","site-post-title":"disabled","ast-breadcrumbs-content":"","ast-featured-img":"disabled","footer-sml-layout":"","ast-disable-related-posts":"","theme-transparent-header-meta":"default","adv-header-id-meta":"","stick-header-meta":"","header-above-stick-meta":"","header-main-stick-meta":"","header-below-stick-meta":"","astra-migrate-meta-layouts":"default","ast-page-background-enabled":"default","ast-page-background-meta":{"desktop":{"background-color":"var(--ast-global-color-4)","background-image":"","background-repeat":"repeat","background-position":"center center","background-size":"auto","background-attachment":"scroll","background-type":"","background-media":"","overlay-type":"","overlay-color":"","overlay-opacity":"","overlay-gradient":""},"tablet":{"background-color":"","background-image":"","background-repeat":"repeat","background-position":"center center","background-size":"auto","background-attachment":"scroll","background-type":"","background-media":"","overlay-type":"","overlay-color":"","overlay-opacity":"","overlay-gradient":""},"mobile":{"background-color":"","background-image":"","background-repeat":"repeat","background-position":"center center","background-size":"auto","background-attachment":"scroll","background-type":"","background-media":"","overlay-type":"","overlay-color":"","overlay-opacity":"","overlay-gradient":""}},"ast-content-background-meta":{"desktop":{"background-color":"var(--ast-global-color-5)","background-image":"","background-repeat":"repeat","background-position":"center center","background-size":"auto","background-attachment":"scroll","background-type":"","background-media":"","overlay-type":"","overlay-color":"","overlay-opacity":"","overlay-gradient":""},"tablet":{"background-color":"var(--ast-global-color-5)","background-image":"","background-repeat":"repeat","background-position":"center center","background-size":"auto","background-attachment":"scroll","background-type":"","background-media":"","overlay-type":"","overlay-color":"","overlay-opacity":"","overlay-gradient":""},"mobile":{"background-color":"var(--ast-global-color-5)","background-image":"","background-repeat":"repeat","background-position":"center center","background-size":"auto","background-attachment":"scroll","background-type":"","background-media":"","overlay-type":"","overlay-color":"","overlay-opacity":"","overlay-gradient":""}},"footnotes":""},"page-categories":[],"class_list":["post-7930","page","type-page","status-publish","hentry"],"_links":{"self":[{"href":"https:\/\/kiosque.acadienouvelle.com\/aquapeche-04-2025\/wp-json\/wp\/v2\/pages\/7930","targetHints":{"allow":["GET"]}}],"collection":[{"href":"https:\/\/kiosque.acadienouvelle.com\/aquapeche-04-2025\/wp-json\/wp\/v2\/pages"}],"about":[{"href":"https:\/\/kiosque.acadienouvelle.com\/aquapeche-04-2025\/wp-json\/wp\/v2\/types\/page"}],"author":[{"embeddable":true,"href":"https:\/\/kiosque.acadienouvelle.com\/aquapeche-04-2025\/wp-json\/wp\/v2\/users\/1"}],"replies":[{"embeddable":true,"href":"https:\/\/kiosque.acadienouvelle.com\/aquapeche-04-2025\/wp-json\/wp\/v2\/comments?post=7930"}],"version-history":[{"count":25,"href":"https:\/\/kiosque.acadienouvelle.com\/aquapeche-04-2025\/wp-json\/wp\/v2\/pages\/7930\/revisions"}],"predecessor-version":[{"id":8005,"href":"https:\/\/kiosque.acadienouvelle.com\/aquapeche-04-2025\/wp-json\/wp\/v2\/pages\/7930\/revisions\/8005"}],"wp:attachment":[{"href":"https:\/\/kiosque.acadienouvelle.com\/aquapeche-04-2025\/wp-json\/wp\/v2\/media?parent=7930"}],"wp:term":[{"taxonomy":"page-categories","embeddable":true,"href":"https:\/\/kiosque.acadienouvelle.com\/aquapeche-04-2025\/wp-json\/wp\/v2\/page-categories?post=7930"}],"curies":[{"name":"wp","href":"https:\/\/api.w.org\/{rel}","templated":true}]}}