{"id":7905,"date":"2025-12-02T00:20:11","date_gmt":"2025-12-02T00:20:11","guid":{"rendered":"https:\/\/kiosque.acadienouvelle.com\/celebrons-les-fetes-2025\/?page_id=7905"},"modified":"2025-12-04T18:40:48","modified_gmt":"2025-12-04T18:40:48","slug":"suggestions-approche-fetes","status":"publish","type":"page","link":"https:\/\/kiosque.acadienouvelle.com\/celebrons-les-fetes-2025\/suggestions-approche-fetes\/","title":{"rendered":"Quelques suggestions int\u00e9ressantes \u00e0 l\u2019approche des F\u00eates!"},"content":{"rendered":"\t\t<div data-elementor-type=\"wp-page\" data-elementor-id=\"7905\" class=\"elementor elementor-7905\" data-elementor-post-type=\"page\">\n\t\t\t\t\t\t<section class=\"elementor-section elementor-top-section elementor-element elementor-element-50c1b6e elementor-section-height-min-height header_title banner_img elementor-section-boxed elementor-section-height-default elementor-section-items-middle\" data-id=\"50c1b6e\" data-element_type=\"section\" data-e-type=\"section\" data-settings=\"{&quot;background_background&quot;:&quot;classic&quot;}\">\n\t\t\t\t\t\t\t<div class=\"elementor-background-overlay\"><\/div>\n\t\t\t\t\t\t\t<div class=\"elementor-container elementor-column-gap-default\">\n\t\t\t\t\t<div class=\"elementor-column elementor-col-100 elementor-top-column elementor-element elementor-element-3a2d241\" data-id=\"3a2d241\" data-element_type=\"column\" data-e-type=\"column\">\n\t\t\t<div class=\"elementor-widget-wrap elementor-element-populated\">\n\t\t\t\t\t\t<div class=\"elementor-element elementor-element-9673cd2 elementor-widget elementor-widget-heading\" data-id=\"9673cd2\" data-element_type=\"widget\" data-e-type=\"widget\" data-widget_type=\"heading.default\">\n\t\t\t\t<div class=\"elementor-widget-container\">\n\t\t\t\t\t<h2 class=\"elementor-heading-title elementor-size-default\">Quelques suggestions int\u00e9ressantes \u00e0 l\u2019approche des F\u00eates!<\/h2>\t\t\t\t<\/div>\n\t\t\t\t<\/div>\n\t\t\t\t\t<\/div>\n\t\t<\/div>\n\t\t\t\t\t<\/div>\n\t\t<\/section>\n\t\t\t\t<section class=\"elementor-section elementor-top-section elementor-element elementor-element-d9a853a elementor-section-boxed elementor-section-height-default elementor-section-height-default\" data-id=\"d9a853a\" data-element_type=\"section\" data-e-type=\"section\">\n\t\t\t\t\t\t<div class=\"elementor-container elementor-column-gap-default\">\n\t\t\t\t\t<div class=\"elementor-column elementor-col-100 elementor-top-column elementor-element elementor-element-68d9c5a page_contain\" data-id=\"68d9c5a\" data-element_type=\"column\" data-e-type=\"column\" data-settings=\"{&quot;background_background&quot;:&quot;classic&quot;}\">\n\t\t\t<div class=\"elementor-widget-wrap elementor-element-populated\">\n\t\t\t\t\t\t<div class=\"elementor-element elementor-element-50f1f9b elementor-widget elementor-widget-image\" data-id=\"50f1f9b\" data-element_type=\"widget\" data-e-type=\"widget\" data-widget_type=\"image.default\">\n\t\t\t\t<div class=\"elementor-widget-container\">\n\t\t\t\t\t\t\t\t\t\t\t\t<figure class=\"wp-caption\">\n\t\t\t\t\t\t\t\t\t\t<img fetchpriority=\"high\" decoding=\"async\" width=\"500\" height=\"598\" src=\"https:\/\/kiosque.acadienouvelle.com\/celebrons-les-fetes-2025\/wp-content\/uploads\/sites\/371\/2025\/12\/03_Guide-cadeaux_land.jpg\" class=\"attachment-full size-full wp-image-7874\" alt=\"\" srcset=\"https:\/\/kiosque.acadienouvelle.com\/celebrons-les-fetes-2025\/wp-content\/uploads\/sites\/371\/2025\/12\/03_Guide-cadeaux_land.jpg 500w, https:\/\/kiosque.acadienouvelle.com\/celebrons-les-fetes-2025\/wp-content\/uploads\/sites\/371\/2025\/12\/03_Guide-cadeaux_land-251x300.jpg 251w\" sizes=\"(max-width: 500px) 100vw, 500px\" \/>\t\t\t\t\t\t\t\t\t\t\t<figcaption class=\"widget-image-caption wp-caption-text\">Consultez le guide sur le site : https:\/\/excellencenb.ca\/fr<\/figcaption>\n\t\t\t\t\t\t\t\t\t\t<\/figure>\n\t\t\t\t\t\t\t\t\t<\/div>\n\t\t\t\t<\/div>\n\t\t<link rel=\"stylesheet\" href=\"https:\/\/use.fontawesome.com\/releases\/v5.5.0\/css\/all.css\" integrity=\"sha384-B4dIYHKNBt8Bc12p+WXckhzcICo0wtJAoU8YZTY5qE0Id1GSseTk6S+L3BlXeVIU\" crossorigin=\"anonymous\">\r\n\t\t<div class=\"elementor-element elementor-element-d0a0a3b mobile_pera elementor-widget elementor-widget-text-editor\" data-id=\"d0a0a3b\" data-element_type=\"widget\" data-e-type=\"widget\" data-widget_type=\"text-editor.default\">\n\t\t\t\t<div class=\"elementor-widget-container\">\n\t\t\t\t\t\t\t\t\tPr\u00e9parez-vous pour d\u2019agr\u00e9ables aventures en famille pendant cette saison des F\u00eates partout au Nouveau-Brunswick \u2013 autant d\u2019occasions de cr\u00e9er des souvenirs inoubliables en \u00e9tant entour\u00e9 de vos proches. D\u00e9couvrez les activit\u00e9s organis\u00e9es pr\u00e8s de chez vous et les festivit\u00e9s incontournables qui valent le d\u00e9placement. \t\t\t\t\t\t\t\t<\/div>\n\t\t\t\t<\/div>\n\t\t\t\t<div class=\"elementor-element elementor-element-4b7487c elementor-widget elementor-widget-advertisement\" data-id=\"4b7487c\" data-element_type=\"widget\" data-e-type=\"widget\" data-widget_type=\"advertisement.default\">\n\t\t\t\t<div class=\"elementor-widget-container\">\n\t\t\t\t\t<div class=\"ads-align-center\"><div data-m32-ad data-options='{\"sizes\":\"[[300,100]]\",\"dfpId\":\"21658289790,27729547\",\"dfpAdUnitPath\":\"acadienouvelle\/cahiers_onefifthpage_300x100\"}'><\/div><\/div>\t\t\t\t<\/div>\n\t\t\t\t<\/div>\n\t\t\t\t<div class=\"elementor-element elementor-element-0b6ad93 mobile_pera elementor-widget elementor-widget-text-editor\" data-id=\"0b6ad93\" data-element_type=\"widget\" data-e-type=\"widget\" data-widget_type=\"text-editor.default\">\n\t\t\t\t<div class=\"elementor-widget-container\">\n\t\t\t\t\t\t\t\t\t<p><b>Commencez votre\u00a0<\/b><b style=\"font-style: inherit;\">magasinage des F\u00eates<\/b><\/p>\t\t\t\t\t\t\t\t<\/div>\n\t\t\t\t<\/div>\n\t\t\t\t<div class=\"elementor-element elementor-element-74263c8 mobile_pera elementor-widget elementor-widget-text-editor\" data-id=\"74263c8\" data-element_type=\"widget\" data-e-type=\"widget\" data-widget_type=\"text-editor.default\">\n\t\t\t\t<div class=\"elementor-widget-container\">\n\t\t\t\t\t\t\t\t\tExcellence NB r\u00e9pertorie, dans son Guide cadeaux des F\u00eates, quelques-unes des meilleures entreprises locales du Nouveau-Brunswick. Que vous cherchiez quoi offrir \u00e0 votre m\u00e8re ou soyez en qu\u00eate d\u2019inspiration pour votre repas de No\u00ebl, notre Guide cadeaux facilitera vos pr\u00e9paratifs pour les F\u00eates tout en vous aidant \u00e0 faire vos achats localement.\n\t\t\t\t\t\t\t\t<\/div>\n\t\t\t\t<\/div>\n\t\t\t\t<div class=\"elementor-element elementor-element-907327d mobile_pera elementor-widget elementor-widget-text-editor\" data-id=\"907327d\" data-element_type=\"widget\" data-e-type=\"widget\" data-widget_type=\"text-editor.default\">\n\t\t\t\t<div class=\"elementor-widget-container\">\n\t\t\t\t\t\t\t\t\t<p><!--StartFragment--><span data-olk-copy-source=\"MessageBody\" style=\"margin: 0px;\">Faites vos achats dans&nbsp;les march\u00e9s de No\u00ebl<\/span><!--EndFragment--><\/p>\t\t\t\t\t\t\t\t<\/div>\n\t\t\t\t<\/div>\n\t\t\t\t<div class=\"elementor-element elementor-element-a36eef2 elementor-widget elementor-widget-image\" data-id=\"a36eef2\" data-element_type=\"widget\" data-e-type=\"widget\" data-widget_type=\"image.default\">\n\t\t\t\t<div class=\"elementor-widget-container\">\n\t\t\t\t\t\t\t\t\t\t\t\t<figure class=\"wp-caption\">\n\t\t\t\t\t\t\t\t\t\t<img decoding=\"async\" width=\"1366\" height=\"768\" src=\"https:\/\/kiosque.acadienouvelle.com\/celebrons-les-fetes-2025\/wp-content\/uploads\/sites\/371\/2025\/12\/03_Marche-Noel-Caraquet.jpg\" class=\"attachment-full size-full wp-image-7875\" alt=\"\" srcset=\"https:\/\/kiosque.acadienouvelle.com\/celebrons-les-fetes-2025\/wp-content\/uploads\/sites\/371\/2025\/12\/03_Marche-Noel-Caraquet.jpg 1366w, https:\/\/kiosque.acadienouvelle.com\/celebrons-les-fetes-2025\/wp-content\/uploads\/sites\/371\/2025\/12\/03_Marche-Noel-Caraquet-300x169.jpg 300w, https:\/\/kiosque.acadienouvelle.com\/celebrons-les-fetes-2025\/wp-content\/uploads\/sites\/371\/2025\/12\/03_Marche-Noel-Caraquet-1024x576.jpg 1024w, https:\/\/kiosque.acadienouvelle.com\/celebrons-les-fetes-2025\/wp-content\/uploads\/sites\/371\/2025\/12\/03_Marche-Noel-Caraquet-768x432.jpg 768w\" sizes=\"(max-width: 1366px) 100vw, 1366px\" \/>\t\t\t\t\t\t\t\t\t\t\t<figcaption class=\"widget-image-caption wp-caption-text\">March\u00e9 de Caraquet<\/figcaption>\n\t\t\t\t\t\t\t\t\t\t<\/figure>\n\t\t\t\t\t\t\t\t\t<\/div>\n\t\t\t\t<\/div>\n\t\t\t\t<div class=\"elementor-element elementor-element-7b9521e mobile_pera elementor-widget elementor-widget-text-editor\" data-id=\"7b9521e\" data-element_type=\"widget\" data-e-type=\"widget\" data-widget_type=\"text-editor.default\">\n\t\t\t\t<div class=\"elementor-widget-container\">\n\t\t\t\t\t\t\t\t\tVous cherchez un cadeau unique, fabriqu\u00e9 avec le plus grand soin? Des d\u00e9corations,\ncomme il ne s\u2019en fait nulle part ailleurs, confectionn\u00e9es \u00e0 la main avec talent? Cet hiver, les march\u00e9s de No\u00ebl vous ouvrent grand leurs portes. Passez y faire un tour pour d\u00e9nicher des articles sp\u00e9ciaux qui donneront vie \u00e0 votre maison, et le cadeau parfait que vous ne trouverez nulle part ailleurs. Des foires de petites villes aux immenses salons des artisans, chaque march\u00e9 de No\u00ebl est diff\u00e9rent et rec\u00e8le de tr\u00e9sors inusit\u00e9s et passionnants.\t\t\t\t\t\t\t\t<\/div>\n\t\t\t\t<\/div>\n\t\t\t\t<div class=\"elementor-element elementor-element-cd9de27 mobile_pera elementor-widget elementor-widget-text-editor\" data-id=\"cd9de27\" data-element_type=\"widget\" data-e-type=\"widget\" data-widget_type=\"text-editor.default\">\n\t\t\t\t<div class=\"elementor-widget-container\">\n\t\t\t\t\t\t\t\t\t<p><b>D\u00e9couvrez le th\u00e9\u00e2tre local<\/b><\/p>\t\t\t\t\t\t\t\t<\/div>\n\t\t\t\t<\/div>\n\t\t\t\t<div class=\"elementor-element elementor-element-1e28c9a elementor-widget elementor-widget-image\" data-id=\"1e28c9a\" data-element_type=\"widget\" data-e-type=\"widget\" data-widget_type=\"image.default\">\n\t\t\t\t<div class=\"elementor-widget-container\">\n\t\t\t\t\t\t\t\t\t\t\t\t<figure class=\"wp-caption\">\n\t\t\t\t\t\t\t\t\t\t<img decoding=\"async\" width=\"1366\" height=\"768\" src=\"https:\/\/kiosque.acadienouvelle.com\/celebrons-les-fetes-2025\/wp-content\/uploads\/sites\/371\/2025\/12\/03_theatre.jpg\" class=\"attachment-full size-full wp-image-7876\" alt=\"\" srcset=\"https:\/\/kiosque.acadienouvelle.com\/celebrons-les-fetes-2025\/wp-content\/uploads\/sites\/371\/2025\/12\/03_theatre.jpg 1366w, https:\/\/kiosque.acadienouvelle.com\/celebrons-les-fetes-2025\/wp-content\/uploads\/sites\/371\/2025\/12\/03_theatre-300x169.jpg 300w, https:\/\/kiosque.acadienouvelle.com\/celebrons-les-fetes-2025\/wp-content\/uploads\/sites\/371\/2025\/12\/03_theatre-1024x576.jpg 1024w, https:\/\/kiosque.acadienouvelle.com\/celebrons-les-fetes-2025\/wp-content\/uploads\/sites\/371\/2025\/12\/03_theatre-768x432.jpg 768w\" sizes=\"(max-width: 1366px) 100vw, 1366px\" \/>\t\t\t\t\t\t\t\t\t\t\t<figcaption class=\"widget-image-caption wp-caption-text\">Th\u00e9\u00e2tre<\/figcaption>\n\t\t\t\t\t\t\t\t\t\t<\/figure>\n\t\t\t\t\t\t\t\t\t<\/div>\n\t\t\t\t<\/div>\n\t\t\t\t<div class=\"elementor-element elementor-element-1a5d9ba mobile_pera elementor-widget elementor-widget-text-editor\" data-id=\"1a5d9ba\" data-element_type=\"widget\" data-e-type=\"widget\" data-widget_type=\"text-editor.default\">\n\t\t\t\t<div class=\"elementor-widget-container\">\n\t\t\t\t\t\t\t\t\tC\u2019est v\u00e9ritablement une belle s\u00e9lection de spectacles de No\u00ebl que nous pr\u00e9parent, cette ann\u00e9e, les th\u00e9\u00e2tres du Nouveau-Brunswick! En assistant \u00e0 une production dans un th\u00e9\u00e2tre local, qu\u2019il s\u2019agisse d\u2019un classique ou d\u2019une grande primeur, vous contribuerez \u00e0 soutenir les arts locaux. \t\t\t\t\t\t\t\t<\/div>\n\t\t\t\t<\/div>\n\t\t\t\t<div class=\"elementor-element elementor-element-767d639 mobile_pera elementor-widget elementor-widget-text-editor\" data-id=\"767d639\" data-element_type=\"widget\" data-e-type=\"widget\" data-widget_type=\"text-editor.default\">\n\t\t\t\t<div class=\"elementor-widget-container\">\n\t\t\t\t\t\t\t\t\t<p><i>Pour plus d\u2019information\u00a0: https:\/\/excellencenb.ca\/fr<\/i><\/p>\t\t\t\t\t\t\t\t<\/div>\n\t\t\t\t<\/div>\n\t\t\t\t\t<\/div>\n\t\t<\/div>\n\t\t\t\t\t<\/div>\n\t\t<\/section>\n\t\t\t\t<\/div>\n\t\t","protected":false},"excerpt":{"rendered":"<p>Quelques suggestions int\u00e9ressantes \u00e0 l\u2019approche des F\u00eates! Consultez le guide sur le site : https:\/\/excellencenb.ca\/fr Pr\u00e9parez-vous pour d\u2019agr\u00e9ables aventures en famille pendant cette saison des F\u00eates partout au Nouveau-Brunswick \u2013 autant d\u2019occasions de cr\u00e9er des souvenirs inoubliables en \u00e9tant entour\u00e9 de vos proches. D\u00e9couvrez les activit\u00e9s organis\u00e9es pr\u00e8s de chez vous et les festivit\u00e9s incontournables [&hellip;]<\/p>\n","protected":false},"author":1,"featured_media":0,"parent":0,"menu_order":3,"comment_status":"closed","ping_status":"closed","template":"","meta":{"site-sidebar-layout":"no-sidebar","site-content-layout":"page-builder","ast-site-content-layout":"default","site-content-style":"default","site-sidebar-style":"default","ast-global-header-display":"","ast-banner-title-visibility":"","ast-main-header-display":"","ast-hfb-above-header-display":"","ast-hfb-below-header-display":"","ast-hfb-mobile-header-display":"","site-post-title":"disabled","ast-breadcrumbs-content":"","ast-featured-img":"disabled","footer-sml-layout":"","ast-disable-related-posts":"","theme-transparent-header-meta":"default","adv-header-id-meta":"","stick-header-meta":"","header-above-stick-meta":"","header-main-stick-meta":"","header-below-stick-meta":"","astra-migrate-meta-layouts":"default","ast-page-background-enabled":"default","ast-page-background-meta":{"desktop":{"background-color":"var(--ast-global-color-4)","background-image":"","background-repeat":"repeat","background-position":"center center","background-size":"auto","background-attachment":"scroll","background-type":"","background-media":"","overlay-type":"","overlay-color":"","overlay-opacity":"","overlay-gradient":""},"tablet":{"background-color":"","background-image":"","background-repeat":"repeat","background-position":"center center","background-size":"auto","background-attachment":"scroll","background-type":"","background-media":"","overlay-type":"","overlay-color":"","overlay-opacity":"","overlay-gradient":""},"mobile":{"background-color":"","background-image":"","background-repeat":"repeat","background-position":"center center","background-size":"auto","background-attachment":"scroll","background-type":"","background-media":"","overlay-type":"","overlay-color":"","overlay-opacity":"","overlay-gradient":""}},"ast-content-background-meta":{"desktop":{"background-color":"var(--ast-global-color-5)","background-image":"","background-repeat":"repeat","background-position":"center center","background-size":"auto","background-attachment":"scroll","background-type":"","background-media":"","overlay-type":"","overlay-color":"","overlay-opacity":"","overlay-gradient":""},"tablet":{"background-color":"var(--ast-global-color-5)","background-image":"","background-repeat":"repeat","background-position":"center center","background-size":"auto","background-attachment":"scroll","background-type":"","background-media":"","overlay-type":"","overlay-color":"","overlay-opacity":"","overlay-gradient":""},"mobile":{"background-color":"var(--ast-global-color-5)","background-image":"","background-repeat":"repeat","background-position":"center center","background-size":"auto","background-attachment":"scroll","background-type":"","background-media":"","overlay-type":"","overlay-color":"","overlay-opacity":"","overlay-gradient":""}},"footnotes":""},"page-categories":[],"class_list":["post-7905","page","type-page","status-publish","hentry"],"_links":{"self":[{"href":"https:\/\/kiosque.acadienouvelle.com\/celebrons-les-fetes-2025\/wp-json\/wp\/v2\/pages\/7905","targetHints":{"allow":["GET"]}}],"collection":[{"href":"https:\/\/kiosque.acadienouvelle.com\/celebrons-les-fetes-2025\/wp-json\/wp\/v2\/pages"}],"about":[{"href":"https:\/\/kiosque.acadienouvelle.com\/celebrons-les-fetes-2025\/wp-json\/wp\/v2\/types\/page"}],"author":[{"embeddable":true,"href":"https:\/\/kiosque.acadienouvelle.com\/celebrons-les-fetes-2025\/wp-json\/wp\/v2\/users\/1"}],"replies":[{"embeddable":true,"href":"https:\/\/kiosque.acadienouvelle.com\/celebrons-les-fetes-2025\/wp-json\/wp\/v2\/comments?post=7905"}],"version-history":[{"count":16,"href":"https:\/\/kiosque.acadienouvelle.com\/celebrons-les-fetes-2025\/wp-json\/wp\/v2\/pages\/7905\/revisions"}],"predecessor-version":[{"id":8231,"href":"https:\/\/kiosque.acadienouvelle.com\/celebrons-les-fetes-2025\/wp-json\/wp\/v2\/pages\/7905\/revisions\/8231"}],"wp:attachment":[{"href":"https:\/\/kiosque.acadienouvelle.com\/celebrons-les-fetes-2025\/wp-json\/wp\/v2\/media?parent=7905"}],"wp:term":[{"taxonomy":"page-categories","embeddable":true,"href":"https:\/\/kiosque.acadienouvelle.com\/celebrons-les-fetes-2025\/wp-json\/wp\/v2\/page-categories?post=7905"}],"curies":[{"name":"wp","href":"https:\/\/api.w.org\/{rel}","templated":true}]}}