{"id":7919,"date":"2025-12-02T18:37:16","date_gmt":"2025-12-02T18:37:16","guid":{"rendered":"https:\/\/kiosque.acadienouvelle.com\/celebrons-les-fetes-2025\/?page_id=7919"},"modified":"2025-12-04T19:34:49","modified_gmt":"2025-12-04T19:34:49","slug":"reflechir-reveillon","status":"publish","type":"page","link":"https:\/\/kiosque.acadienouvelle.com\/celebrons-les-fetes-2025\/reflechir-reveillon\/","title":{"rendered":"Commencez \u00e0 r\u00e9fl\u00e9chir \u00e0 votre r\u00e9veillon! Mettez de l\u2019ambiance"},"content":{"rendered":"\t\t<div data-elementor-type=\"wp-page\" data-elementor-id=\"7919\" class=\"elementor elementor-7919\" data-elementor-post-type=\"page\">\n\t\t\t\t\t\t<section class=\"elementor-section elementor-top-section elementor-element elementor-element-50c1b6e elementor-section-height-min-height header_title banner_img elementor-section-boxed elementor-section-height-default elementor-section-items-middle\" data-id=\"50c1b6e\" data-element_type=\"section\" data-e-type=\"section\" data-settings=\"{&quot;background_background&quot;:&quot;classic&quot;}\">\n\t\t\t\t\t\t\t<div class=\"elementor-background-overlay\"><\/div>\n\t\t\t\t\t\t\t<div class=\"elementor-container elementor-column-gap-default\">\n\t\t\t\t\t<div class=\"elementor-column elementor-col-100 elementor-top-column elementor-element elementor-element-3a2d241\" data-id=\"3a2d241\" data-element_type=\"column\" data-e-type=\"column\">\n\t\t\t<div class=\"elementor-widget-wrap elementor-element-populated\">\n\t\t\t\t\t\t<div class=\"elementor-element elementor-element-9673cd2 elementor-widget elementor-widget-heading\" data-id=\"9673cd2\" data-element_type=\"widget\" data-e-type=\"widget\" data-widget_type=\"heading.default\">\n\t\t\t\t<div class=\"elementor-widget-container\">\n\t\t\t\t\t<h2 class=\"elementor-heading-title elementor-size-default\">Commencez \u00e0 r\u00e9fl\u00e9chir \u00e0 votre r\u00e9veillon!<\/h2>\t\t\t\t<\/div>\n\t\t\t\t<\/div>\n\t\t\t\t<div class=\"elementor-element elementor-element-7964a8d elementor-widget elementor-widget-heading\" data-id=\"7964a8d\" data-element_type=\"widget\" data-e-type=\"widget\" data-widget_type=\"heading.default\">\n\t\t\t\t<div class=\"elementor-widget-container\">\n\t\t\t\t\t<h2 class=\"elementor-heading-title elementor-size-default\">Mettez de l\u2019ambiance\u200b<\/h2>\t\t\t\t<\/div>\n\t\t\t\t<\/div>\n\t\t\t\t\t<\/div>\n\t\t<\/div>\n\t\t\t\t\t<\/div>\n\t\t<\/section>\n\t\t\t\t<section class=\"elementor-section elementor-top-section elementor-element elementor-element-d9a853a elementor-section-boxed elementor-section-height-default elementor-section-height-default\" data-id=\"d9a853a\" data-element_type=\"section\" data-e-type=\"section\">\n\t\t\t\t\t\t<div class=\"elementor-container elementor-column-gap-default\">\n\t\t\t\t\t<div class=\"elementor-column elementor-col-100 elementor-top-column elementor-element elementor-element-68d9c5a page_contain\" data-id=\"68d9c5a\" data-element_type=\"column\" data-e-type=\"column\" data-settings=\"{&quot;background_background&quot;:&quot;classic&quot;}\">\n\t\t\t<div class=\"elementor-widget-wrap elementor-element-populated\">\n\t\t\t\t\t\t<div class=\"elementor-element elementor-element-50f1f9b elementor-widget elementor-widget-image\" data-id=\"50f1f9b\" data-element_type=\"widget\" data-e-type=\"widget\" data-widget_type=\"image.default\">\n\t\t\t\t<div class=\"elementor-widget-container\">\n\t\t\t\t\t\t\t\t\t\t\t\t\t\t\t<img fetchpriority=\"high\" decoding=\"async\" width=\"1366\" height=\"768\" src=\"https:\/\/kiosque.acadienouvelle.com\/celebrons-les-fetes-2025\/wp-content\/uploads\/sites\/371\/2025\/11\/04_iStock-2227681225_land.jpg\" class=\"attachment-full size-full wp-image-7730\" alt=\"\" srcset=\"https:\/\/kiosque.acadienouvelle.com\/celebrons-les-fetes-2025\/wp-content\/uploads\/sites\/371\/2025\/11\/04_iStock-2227681225_land.jpg 1366w, https:\/\/kiosque.acadienouvelle.com\/celebrons-les-fetes-2025\/wp-content\/uploads\/sites\/371\/2025\/11\/04_iStock-2227681225_land-300x169.jpg 300w, https:\/\/kiosque.acadienouvelle.com\/celebrons-les-fetes-2025\/wp-content\/uploads\/sites\/371\/2025\/11\/04_iStock-2227681225_land-1024x576.jpg 1024w, https:\/\/kiosque.acadienouvelle.com\/celebrons-les-fetes-2025\/wp-content\/uploads\/sites\/371\/2025\/11\/04_iStock-2227681225_land-768x432.jpg 768w\" sizes=\"(max-width: 1366px) 100vw, 1366px\" \/>\t\t\t\t\t\t\t\t\t\t\t\t\t\t\t<\/div>\n\t\t\t\t<\/div>\n\t\t<link rel=\"stylesheet\" href=\"https:\/\/use.fontawesome.com\/releases\/v5.5.0\/css\/all.css\" integrity=\"sha384-B4dIYHKNBt8Bc12p+WXckhzcICo0wtJAoU8YZTY5qE0Id1GSseTk6S+L3BlXeVIU\" crossorigin=\"anonymous\">\r\n\t\t<div class=\"elementor-element elementor-element-d0a0a3b mobile_pera elementor-widget elementor-widget-text-editor\" data-id=\"d0a0a3b\" data-element_type=\"widget\" data-e-type=\"widget\" data-widget_type=\"text-editor.default\">\n\t\t\t\t<div class=\"elementor-widget-container\">\n\t\t\t\t\t\t\t\t\tPensez \u00e0 l\u2019\u00e9clairage, \u00e0 la musique et aux parfums qui envahiront votre maison. Dans la principale pi\u00e8ce o\u00f9 aura lieu la r\u00e9ception, les lumi\u00e8res crues pourraient \u00eatre remplac\u00e9es par quelques lampes ou un gradateur pourrait \u00eatre utilis\u00e9 pour att\u00e9nuer l\u2019intensit\u00e9 lumineuse et cr\u00e9er une ambiance calme et invitante. Vous avez d\u00e9j\u00e0 pr\u00e9par\u00e9 la liste de chansons id\u00e9ale, il ne reste qu\u2019\u00e0 vous assurer qu\u2019elle est diffus\u00e9e par les bons haut-parleurs \u00e0 un volume ad\u00e9quat afin que vos convives n\u2019aient pas \u00e0 se crier par la t\u00eate pour s\u2019entendre&#8230; \u00e0 moins que ce ne soit le climat souhait\u00e9. Finalement, un puissant parfum de fra\u00eecheur qui flottera dans la maison fera de vous l\u2019h\u00f4te par excellence! \n\t\t\t\t\t\t\t\t<\/div>\n\t\t\t\t<\/div>\n\t\t\t\t<div class=\"elementor-element elementor-element-0b6ad93 mobile_pera elementor-widget elementor-widget-text-editor\" data-id=\"0b6ad93\" data-element_type=\"widget\" data-e-type=\"widget\" data-widget_type=\"text-editor.default\">\n\t\t\t\t<div class=\"elementor-widget-container\">\n\t\t\t\t\t\t\t\t\t<p><b>Ne l\u00e9sinez pas\u00a0<\/b><b style=\"font-style: inherit;\">sur la nourriture<\/b><\/p>\t\t\t\t\t\t\t\t<\/div>\n\t\t\t\t<\/div>\n\t\t\t\t<div class=\"elementor-element elementor-element-0662cef mobile_pera elementor-widget elementor-widget-text-editor\" data-id=\"0662cef\" data-element_type=\"widget\" data-e-type=\"widget\" data-widget_type=\"text-editor.default\">\n\t\t\t\t<div class=\"elementor-widget-container\">\n\t\t\t\t\t\t\t\t\tLes hors-d\u2019\u0153uvre sont un excellent moyen de faire en sorte que vos invit\u00e9(e)s se sentent \u00e0 l\u2019aise et les bienvenu(e)s, en plus de les aider \u00e0 maintenir l\u2019\u00e9quilibre entre leur consommation d\u2019aliments et de boissons. Pensez \u00e0 des aliments \u00e0 forte teneur en amidon et en prot\u00e9ines, qui rassasieront et satisferont vos convives. Voici la recette d\u2019un plat chouchou pour une ambiance festive.\n\t\t\t\t\t\t\t\t<\/div>\n\t\t\t\t<\/div>\n\t\t\t\t<div class=\"elementor-element elementor-element-1e1bc00 mobile_pera elementor-widget elementor-widget-text-editor\" data-id=\"1e1bc00\" data-element_type=\"widget\" data-e-type=\"widget\" data-widget_type=\"text-editor.default\">\n\t\t\t\t<div class=\"elementor-widget-container\">\n\t\t\t\t\t\t\t\t\t<p><b>Demandez de l\u2019aide<\/b><\/p>\t\t\t\t\t\t\t\t<\/div>\n\t\t\t\t<\/div>\n\t\t\t\t<div class=\"elementor-element elementor-element-74263c8 mobile_pera elementor-widget elementor-widget-text-editor\" data-id=\"74263c8\" data-element_type=\"widget\" data-e-type=\"widget\" data-widget_type=\"text-editor.default\">\n\t\t\t\t<div class=\"elementor-widget-container\">\n\t\t\t\t\t\t\t\t\tRecevoir des convives n\u00e9cessite beaucoup de travail et rien ne vous oblige \u00e0 tout faire vous-m\u00eame! Avant la soir\u00e9e, demandez \u00e0 votre meilleur(e) ami(e) de venir vous donner un coup de main avec les pr\u00e9paratifs de derni\u00e8re minute. Vous pourrez peut-\u00eatre m\u00eame vous d\u00e9tendre un peu apr\u00e8s toute cette planification m\u00e9ticuleuse. N\u2019h\u00e9sitez pas \u00e0 d\u00e9l\u00e9guer des t\u00e2ches si des personnes vous proposent leur aide. Une personne peut superviser le service des cocktails, avec et sans alcool, une autre peut prendre des photos et une derni\u00e8re peut vous aider \u00e0 servir la nourriture. Vous pourrez ainsi profiter de la pr\u00e9sence de vos invit\u00e9(e)s, au lieu d\u2019essayer de tout faire par vous-m\u00eame. Faites-nous confiance, vous en aurez suffisamment \u00e0 faire, m\u00eame apr\u00e8s avoir d\u00e9l\u00e9gu\u00e9 certaines t\u00e2ches.\t\t\t\t\t\t\t\t<\/div>\n\t\t\t\t<\/div>\n\t\t\t\t<div class=\"elementor-element elementor-element-5869635 mobile_pera elementor-widget elementor-widget-text-editor\" data-id=\"5869635\" data-element_type=\"widget\" data-e-type=\"widget\" data-widget_type=\"text-editor.default\">\n\t\t\t\t<div class=\"elementor-widget-container\">\n\t\t\t\t\t\t\t\t\t<p><b>Soyez fier(-i\u00e8re) de vous<\/b><\/p>\t\t\t\t\t\t\t\t<\/div>\n\t\t\t\t<\/div>\n\t\t\t\t<div class=\"elementor-element elementor-element-7353ebc mobile_pera elementor-widget elementor-widget-text-editor\" data-id=\"7353ebc\" data-element_type=\"widget\" data-e-type=\"widget\" data-widget_type=\"text-editor.default\">\n\t\t\t\t<div class=\"elementor-widget-container\">\n\t\t\t\t\t\t\t\t\tF\u00e9licitez-vous pour votre excellent travail! Tout le monde s\u2019est bien amus\u00e9 avant de rentrer chez soi de bonne humeur et en toute s\u00e9curit\u00e9. Chapeau! Joyeuses F\u00eates \u00e0 tous et \u00e0 toutes!\n\t\t\t\t\t\t\t\t<\/div>\n\t\t\t\t<\/div>\n\t\t\t\t<div class=\"elementor-element elementor-element-0f404d9 mobile_pera elementor-widget elementor-widget-text-editor\" data-id=\"0f404d9\" data-element_type=\"widget\" data-e-type=\"widget\" data-widget_type=\"text-editor.default\">\n\t\t\t\t<div class=\"elementor-widget-container\">\n\t\t\t\t\t\t\t\t\t<p><i>Source\u00a0: Soci\u00e9t\u00e9 des alcools\u00a0du Nouveau-Brunswick <\/i><\/p>\t\t\t\t\t\t\t\t<\/div>\n\t\t\t\t<\/div>\n\t\t\t\t\t<\/div>\n\t\t<\/div>\n\t\t\t\t\t<\/div>\n\t\t<\/section>\n\t\t\t\t<\/div>\n\t\t","protected":false},"excerpt":{"rendered":"<p>Commencez \u00e0 r\u00e9fl\u00e9chir \u00e0 votre r\u00e9veillon! Mettez de l\u2019ambiance\u200b Pensez \u00e0 l\u2019\u00e9clairage, \u00e0 la musique et aux parfums qui envahiront votre maison. Dans la principale pi\u00e8ce o\u00f9 aura lieu la r\u00e9ception, les lumi\u00e8res crues pourraient \u00eatre remplac\u00e9es par quelques lampes ou un gradateur pourrait \u00eatre utilis\u00e9 pour att\u00e9nuer l\u2019intensit\u00e9 lumineuse et cr\u00e9er une ambiance calme [&hellip;]<\/p>\n","protected":false},"author":1,"featured_media":0,"parent":0,"menu_order":4,"comment_status":"closed","ping_status":"closed","template":"","meta":{"site-sidebar-layout":"no-sidebar","site-content-layout":"page-builder","ast-site-content-layout":"default","site-content-style":"default","site-sidebar-style":"default","ast-global-header-display":"","ast-banner-title-visibility":"","ast-main-header-display":"","ast-hfb-above-header-display":"","ast-hfb-below-header-display":"","ast-hfb-mobile-header-display":"","site-post-title":"disabled","ast-breadcrumbs-content":"","ast-featured-img":"disabled","footer-sml-layout":"","ast-disable-related-posts":"","theme-transparent-header-meta":"default","adv-header-id-meta":"","stick-header-meta":"","header-above-stick-meta":"","header-main-stick-meta":"","header-below-stick-meta":"","astra-migrate-meta-layouts":"default","ast-page-background-enabled":"default","ast-page-background-meta":{"desktop":{"background-color":"var(--ast-global-color-4)","background-image":"","background-repeat":"repeat","background-position":"center center","background-size":"auto","background-attachment":"scroll","background-type":"","background-media":"","overlay-type":"","overlay-color":"","overlay-opacity":"","overlay-gradient":""},"tablet":{"background-color":"","background-image":"","background-repeat":"repeat","background-position":"center center","background-size":"auto","background-attachment":"scroll","background-type":"","background-media":"","overlay-type":"","overlay-color":"","overlay-opacity":"","overlay-gradient":""},"mobile":{"background-color":"","background-image":"","background-repeat":"repeat","background-position":"center center","background-size":"auto","background-attachment":"scroll","background-type":"","background-media":"","overlay-type":"","overlay-color":"","overlay-opacity":"","overlay-gradient":""}},"ast-content-background-meta":{"desktop":{"background-color":"var(--ast-global-color-5)","background-image":"","background-repeat":"repeat","background-position":"center center","background-size":"auto","background-attachment":"scroll","background-type":"","background-media":"","overlay-type":"","overlay-color":"","overlay-opacity":"","overlay-gradient":""},"tablet":{"background-color":"var(--ast-global-color-5)","background-image":"","background-repeat":"repeat","background-position":"center center","background-size":"auto","background-attachment":"scroll","background-type":"","background-media":"","overlay-type":"","overlay-color":"","overlay-opacity":"","overlay-gradient":""},"mobile":{"background-color":"var(--ast-global-color-5)","background-image":"","background-repeat":"repeat","background-position":"center center","background-size":"auto","background-attachment":"scroll","background-type":"","background-media":"","overlay-type":"","overlay-color":"","overlay-opacity":"","overlay-gradient":""}},"footnotes":""},"page-categories":[],"class_list":["post-7919","page","type-page","status-publish","hentry"],"_links":{"self":[{"href":"https:\/\/kiosque.acadienouvelle.com\/celebrons-les-fetes-2025\/wp-json\/wp\/v2\/pages\/7919","targetHints":{"allow":["GET"]}}],"collection":[{"href":"https:\/\/kiosque.acadienouvelle.com\/celebrons-les-fetes-2025\/wp-json\/wp\/v2\/pages"}],"about":[{"href":"https:\/\/kiosque.acadienouvelle.com\/celebrons-les-fetes-2025\/wp-json\/wp\/v2\/types\/page"}],"author":[{"embeddable":true,"href":"https:\/\/kiosque.acadienouvelle.com\/celebrons-les-fetes-2025\/wp-json\/wp\/v2\/users\/1"}],"replies":[{"embeddable":true,"href":"https:\/\/kiosque.acadienouvelle.com\/celebrons-les-fetes-2025\/wp-json\/wp\/v2\/comments?post=7919"}],"version-history":[{"count":13,"href":"https:\/\/kiosque.acadienouvelle.com\/celebrons-les-fetes-2025\/wp-json\/wp\/v2\/pages\/7919\/revisions"}],"predecessor-version":[{"id":8293,"href":"https:\/\/kiosque.acadienouvelle.com\/celebrons-les-fetes-2025\/wp-json\/wp\/v2\/pages\/7919\/revisions\/8293"}],"wp:attachment":[{"href":"https:\/\/kiosque.acadienouvelle.com\/celebrons-les-fetes-2025\/wp-json\/wp\/v2\/media?parent=7919"}],"wp:term":[{"taxonomy":"page-categories","embeddable":true,"href":"https:\/\/kiosque.acadienouvelle.com\/celebrons-les-fetes-2025\/wp-json\/wp\/v2\/page-categories?post=7919"}],"curies":[{"name":"wp","href":"https:\/\/api.w.org\/{rel}","templated":true}]}}