{"id":7952,"date":"2025-12-02T19:19:07","date_gmt":"2025-12-02T19:19:07","guid":{"rendered":"https:\/\/kiosque.acadienouvelle.com\/celebrons-les-fetes-2025\/?page_id=7952"},"modified":"2025-12-04T18:50:36","modified_gmt":"2025-12-04T18:50:36","slug":"magasiner-localement","status":"publish","type":"page","link":"https:\/\/kiosque.acadienouvelle.com\/celebrons-les-fetes-2025\/magasiner-localement\/","title":{"rendered":"Les avantages de magasiner localement!"},"content":{"rendered":"\t\t<div data-elementor-type=\"wp-page\" data-elementor-id=\"7952\" class=\"elementor elementor-7952\" data-elementor-post-type=\"page\">\n\t\t\t\t\t\t<section class=\"elementor-section elementor-top-section elementor-element elementor-element-50c1b6e elementor-section-height-min-height header_title banner_img elementor-section-boxed elementor-section-height-default elementor-section-items-middle\" data-id=\"50c1b6e\" data-element_type=\"section\" data-e-type=\"section\" data-settings=\"{&quot;background_background&quot;:&quot;classic&quot;}\">\n\t\t\t\t\t\t\t<div class=\"elementor-background-overlay\"><\/div>\n\t\t\t\t\t\t\t<div class=\"elementor-container elementor-column-gap-default\">\n\t\t\t\t\t<div class=\"elementor-column elementor-col-100 elementor-top-column elementor-element elementor-element-3a2d241\" data-id=\"3a2d241\" data-element_type=\"column\" data-e-type=\"column\">\n\t\t\t<div class=\"elementor-widget-wrap elementor-element-populated\">\n\t\t\t\t\t\t<div class=\"elementor-element elementor-element-9673cd2 elementor-widget elementor-widget-heading\" data-id=\"9673cd2\" data-element_type=\"widget\" data-e-type=\"widget\" data-widget_type=\"heading.default\">\n\t\t\t\t<div class=\"elementor-widget-container\">\n\t\t\t\t\t<h2 class=\"elementor-heading-title elementor-size-default\">Les avantages de magasiner localement!<\/h2>\t\t\t\t<\/div>\n\t\t\t\t<\/div>\n\t\t\t\t\t<\/div>\n\t\t<\/div>\n\t\t\t\t\t<\/div>\n\t\t<\/section>\n\t\t\t\t<section class=\"elementor-section elementor-top-section elementor-element elementor-element-d9a853a elementor-section-boxed elementor-section-height-default elementor-section-height-default\" data-id=\"d9a853a\" data-element_type=\"section\" data-e-type=\"section\">\n\t\t\t\t\t\t<div class=\"elementor-container elementor-column-gap-default\">\n\t\t\t\t\t<div class=\"elementor-column elementor-col-100 elementor-top-column elementor-element elementor-element-68d9c5a page_contain\" data-id=\"68d9c5a\" data-element_type=\"column\" data-e-type=\"column\" data-settings=\"{&quot;background_background&quot;:&quot;classic&quot;}\">\n\t\t\t<div class=\"elementor-widget-wrap elementor-element-populated\">\n\t\t\t\t\t\t<div class=\"elementor-element elementor-element-50f1f9b elementor-widget elementor-widget-image\" data-id=\"50f1f9b\" data-element_type=\"widget\" data-e-type=\"widget\" data-widget_type=\"image.default\">\n\t\t\t\t<div class=\"elementor-widget-container\">\n\t\t\t\t\t\t\t\t\t\t\t\t\t\t\t<img fetchpriority=\"high\" decoding=\"async\" width=\"1366\" height=\"768\" src=\"https:\/\/kiosque.acadienouvelle.com\/celebrons-les-fetes-2025\/wp-content\/uploads\/sites\/371\/2025\/12\/06_iStock-1177173120_land.jpg\" class=\"attachment-full size-full wp-image-7881\" alt=\"\" srcset=\"https:\/\/kiosque.acadienouvelle.com\/celebrons-les-fetes-2025\/wp-content\/uploads\/sites\/371\/2025\/12\/06_iStock-1177173120_land.jpg 1366w, https:\/\/kiosque.acadienouvelle.com\/celebrons-les-fetes-2025\/wp-content\/uploads\/sites\/371\/2025\/12\/06_iStock-1177173120_land-300x169.jpg 300w, https:\/\/kiosque.acadienouvelle.com\/celebrons-les-fetes-2025\/wp-content\/uploads\/sites\/371\/2025\/12\/06_iStock-1177173120_land-1024x576.jpg 1024w, https:\/\/kiosque.acadienouvelle.com\/celebrons-les-fetes-2025\/wp-content\/uploads\/sites\/371\/2025\/12\/06_iStock-1177173120_land-768x432.jpg 768w\" sizes=\"(max-width: 1366px) 100vw, 1366px\" \/>\t\t\t\t\t\t\t\t\t\t\t\t\t\t\t<\/div>\n\t\t\t\t<\/div>\n\t\t<link rel=\"stylesheet\" href=\"https:\/\/use.fontawesome.com\/releases\/v5.5.0\/css\/all.css\" integrity=\"sha384-B4dIYHKNBt8Bc12p+WXckhzcICo0wtJAoU8YZTY5qE0Id1GSseTk6S+L3BlXeVIU\" crossorigin=\"anonymous\">\r\n\t\t<div class=\"elementor-element elementor-element-30cb232 mobile_pera elementor-widget elementor-widget-text-editor\" data-id=\"30cb232\" data-element_type=\"widget\" data-e-type=\"widget\" data-widget_type=\"text-editor.default\">\n\t\t\t\t<div class=\"elementor-widget-container\">\n\t\t\t\t\t\t\t\t\t<p><b>1. Gardez votre argent dans la communaut\u00e9<\/b><\/p>\t\t\t\t\t\t\t\t<\/div>\n\t\t\t\t<\/div>\n\t\t\t\t<div class=\"elementor-element elementor-element-d0a0a3b mobile_pera elementor-widget elementor-widget-text-editor\" data-id=\"d0a0a3b\" data-element_type=\"widget\" data-e-type=\"widget\" data-widget_type=\"text-editor.default\">\n\t\t\t\t<div class=\"elementor-widget-container\">\n\t\t\t\t\t\t\t\t\tPour chaque tranche de 100 $ d\u00e9pens\u00e9e chez une petite entreprise, \n66 $ en moyenne restent au niveau local, selon des nouvelles donn\u00e9es de la F\u00e9d\u00e9ration canadienne de l\u2019entreprise ind\u00e9pendante. Il s\u2019agit d\u2019un chiffre impressionnant en comparaison aux \n11 $ qui restent dans la communaut\u00e9 sur chaque 100 $ d\u00e9pens\u00e9 chez une grande entreprise multinationale. \n\t\t\t\t\t\t\t\t<\/div>\n\t\t\t\t<\/div>\n\t\t\t\t<div class=\"elementor-element elementor-element-0b6ad93 mobile_pera elementor-widget elementor-widget-text-editor\" data-id=\"0b6ad93\" data-element_type=\"widget\" data-e-type=\"widget\" data-widget_type=\"text-editor.default\">\n\t\t\t\t<div class=\"elementor-widget-container\">\n\t\t\t\t\t\t\t\t\t<p><b>2. Soutenez les propri\u00e9taires d\u2019entreprises locales<\/b><\/p>\t\t\t\t\t\t\t\t<\/div>\n\t\t\t\t<\/div>\n\t\t\t\t<div class=\"elementor-element elementor-element-09f3512 mobile_pera elementor-widget elementor-widget-text-editor\" data-id=\"09f3512\" data-element_type=\"widget\" data-e-type=\"widget\" data-widget_type=\"text-editor.default\">\n\t\t\t\t<div class=\"elementor-widget-container\">\n\t\t\t\t\t\t\t\t\tLes entrepreneur(e)s stimulent la prosp\u00e9rit\u00e9 au Canada. Selon le Conseil canadien des affaires, les entrepreneur(e)s fondent ou dirigent 98 % de toutes les petites et moyennes entreprises du pays. Ils et elles cr\u00e9ent pr\u00e8s de la moiti\u00e9 de tous les nouveaux emplois, g\u00e9n\u00e8rent environ un tiers du PIB canadien et produisent un quart de nos exportations.\n\t\t\t\t\t\t\t\t<\/div>\n\t\t\t\t<\/div>\n\t\t\t\t<div class=\"elementor-element elementor-element-c4dd1e2 mobile_pera elementor-widget elementor-widget-text-editor\" data-id=\"c4dd1e2\" data-element_type=\"widget\" data-e-type=\"widget\" data-widget_type=\"text-editor.default\">\n\t\t\t\t<div class=\"elementor-widget-container\">\n\t\t\t\t\t\t\t\t\t<p><b>3. Soutenez\u00a0<\/b><b style=\"font-style: inherit;\">les causes locales<\/b><\/p>\t\t\t\t\t\t\t\t<\/div>\n\t\t\t\t<\/div>\n\t\t\t\t<div class=\"elementor-element elementor-element-33dd9df mobile_pera elementor-widget elementor-widget-text-editor\" data-id=\"33dd9df\" data-element_type=\"widget\" data-e-type=\"widget\" data-widget_type=\"text-editor.default\">\n\t\t\t\t<div class=\"elementor-widget-container\">\n\t\t\t\t\t\t\t\t\tLe soutien des entreprises locales permet \u00e0 celles-ci de redonner \u00e0 la communaut\u00e9 par le biais de journ\u00e9es de b\u00e9n\u00e9volat, de programmes de soutien et de commandites et de dons \u00e0 des causes locales. \n\t\t\t\t\t\t\t\t<\/div>\n\t\t\t\t<\/div>\n\t\t\t\t<div class=\"elementor-element elementor-element-b38a5b7 mobile_pera elementor-widget elementor-widget-text-editor\" data-id=\"b38a5b7\" data-element_type=\"widget\" data-e-type=\"widget\" data-widget_type=\"text-editor.default\">\n\t\t\t\t<div class=\"elementor-widget-container\">\n\t\t\t\t\t\t\t\t\t<p><b>4. R\u00e9duisez votre impact\u00a0<\/b><b style=\"font-style: inherit;\">sur l\u2019environnement<\/b><\/p>\t\t\t\t\t\t\t\t<\/div>\n\t\t\t\t<\/div>\n\t\t\t\t<div class=\"elementor-element elementor-element-74263c8 mobile_pera elementor-widget elementor-widget-text-editor\" data-id=\"74263c8\" data-element_type=\"widget\" data-e-type=\"widget\" data-widget_type=\"text-editor.default\">\n\t\t\t\t<div class=\"elementor-widget-container\">\n\t\t\t\t\t\t\t\t\tL\u2019achat de produits fabriqu\u00e9s localement contribue \u00e0 r\u00e9duire les gaz \u00e0 effet de serre associ\u00e9s au transport des produits sur des centaines ou des milliers de kilom\u00e8tres et peut contribuer \u00e0 r\u00e9duire l\u2019\u00e9talement urbain et la perte d\u2019habitats. De plus, les petites entreprises ont g\u00e9n\u00e9ralement besoin de moins d\u2019\u00e9nergie pour leurs op\u00e9rations.\n\t\t\t\t\t\t\t\t<\/div>\n\t\t\t\t<\/div>\n\t\t\t\t<div class=\"elementor-element elementor-element-01ce2a0 mobile_pera elementor-widget elementor-widget-text-editor\" data-id=\"01ce2a0\" data-element_type=\"widget\" data-e-type=\"widget\" data-widget_type=\"text-editor.default\">\n\t\t\t\t<div class=\"elementor-widget-container\">\n\t\t\t\t\t\t\t\t\t<p><b>5. B\u00e9n\u00e9ficiez d\u2019un meilleur service \u00e0 la client\u00e8le<\/b><\/p>\t\t\t\t\t\t\t\t<\/div>\n\t\t\t\t<\/div>\n\t\t\t\t<div class=\"elementor-element elementor-element-dcdf86e mobile_pera elementor-widget elementor-widget-text-editor\" data-id=\"dcdf86e\" data-element_type=\"widget\" data-e-type=\"widget\" data-widget_type=\"text-editor.default\">\n\t\t\t\t<div class=\"elementor-widget-container\">\n\t\t\t\t\t\t\t\t\tLes propri\u00e9taires et les employ\u00e9s de petites entreprises offrent g\u00e9n\u00e9ralement un service de haute qualit\u00e9 et poss\u00e8dent une connaissance approfondie des produits qu\u2019ils vendent. Ils s\u2019investissent pleinement dans le succ\u00e8s de leur entreprise et feront tout leur possible pour rendre votre exp\u00e9rience de magasinage agr\u00e9able et significative.\n\t\t\t\t\t\t\t\t<\/div>\n\t\t\t\t<\/div>\n\t\t\t\t<div class=\"elementor-element elementor-element-0d35e93 mobile_pera elementor-widget elementor-widget-text-editor\" data-id=\"0d35e93\" data-element_type=\"widget\" data-e-type=\"widget\" data-widget_type=\"text-editor.default\">\n\t\t\t\t<div class=\"elementor-widget-container\">\n\t\t\t\t\t\t\t\t\t<p><b>6. Trouvez des cadeaux uniques<\/b><\/p>\t\t\t\t\t\t\t\t<\/div>\n\t\t\t\t<\/div>\n\t\t\t\t<div class=\"elementor-element elementor-element-49d3266 mobile_pera elementor-widget elementor-widget-text-editor\" data-id=\"49d3266\" data-element_type=\"widget\" data-e-type=\"widget\" data-widget_type=\"text-editor.default\">\n\t\t\t\t<div class=\"elementor-widget-container\">\n\t\t\t\t\t\t\t\t\tLe magasinage local permet de d\u00e9couvrir des cadeaux uniques qui se d\u00e9marquent des produits en s\u00e9rie. Avec une s\u00e9lection plus limit\u00e9e, chaque cadeau que vous achetez est unique, ajoutant une touche personnelle \u00e0 vos cadeaux des F\u00eates \u2014 et bien souvent, vous pouvez rencontrer la personne qui a fabriqu\u00e9 le cadeau, ajoutant ainsi encore plus de plaisir et de valeur \u00e0 votre magasinage du temps des F\u00eates.\n\t\t\t\t\t\t\t\t<\/div>\n\t\t\t\t<\/div>\n\t\t\t\t<div class=\"elementor-element elementor-element-ff9b26d mobile_pera elementor-widget elementor-widget-text-editor\" data-id=\"ff9b26d\" data-element_type=\"widget\" data-e-type=\"widget\" data-widget_type=\"text-editor.default\">\n\t\t\t\t<div class=\"elementor-widget-container\">\n\t\t\t\t\t\t\t\t\t<p><i>Pour plus d\u2019information : https:\/\/futurpreneur.ca<\/i><\/p>\t\t\t\t\t\t\t\t<\/div>\n\t\t\t\t<\/div>\n\t\t\t\t\t<\/div>\n\t\t<\/div>\n\t\t\t\t\t<\/div>\n\t\t<\/section>\n\t\t\t\t<\/div>\n\t\t","protected":false},"excerpt":{"rendered":"<p>Les avantages de magasiner localement! 1. Gardez votre argent dans la communaut\u00e9 Pour chaque tranche de 100 $ d\u00e9pens\u00e9e chez une petite entreprise, 66 $ en moyenne restent au niveau local, selon des nouvelles donn\u00e9es de la F\u00e9d\u00e9ration canadienne de l\u2019entreprise ind\u00e9pendante. Il s\u2019agit d\u2019un chiffre impressionnant en comparaison aux 11 $ qui restent dans [&hellip;]<\/p>\n","protected":false},"author":1,"featured_media":0,"parent":0,"menu_order":6,"comment_status":"closed","ping_status":"closed","template":"","meta":{"site-sidebar-layout":"no-sidebar","site-content-layout":"page-builder","ast-site-content-layout":"default","site-content-style":"default","site-sidebar-style":"default","ast-global-header-display":"","ast-banner-title-visibility":"","ast-main-header-display":"","ast-hfb-above-header-display":"","ast-hfb-below-header-display":"","ast-hfb-mobile-header-display":"","site-post-title":"disabled","ast-breadcrumbs-content":"","ast-featured-img":"disabled","footer-sml-layout":"","ast-disable-related-posts":"","theme-transparent-header-meta":"default","adv-header-id-meta":"","stick-header-meta":"","header-above-stick-meta":"","header-main-stick-meta":"","header-below-stick-meta":"","astra-migrate-meta-layouts":"default","ast-page-background-enabled":"default","ast-page-background-meta":{"desktop":{"background-color":"var(--ast-global-color-4)","background-image":"","background-repeat":"repeat","background-position":"center center","background-size":"auto","background-attachment":"scroll","background-type":"","background-media":"","overlay-type":"","overlay-color":"","overlay-opacity":"","overlay-gradient":""},"tablet":{"background-color":"","background-image":"","background-repeat":"repeat","background-position":"center center","background-size":"auto","background-attachment":"scroll","background-type":"","background-media":"","overlay-type":"","overlay-color":"","overlay-opacity":"","overlay-gradient":""},"mobile":{"background-color":"","background-image":"","background-repeat":"repeat","background-position":"center center","background-size":"auto","background-attachment":"scroll","background-type":"","background-media":"","overlay-type":"","overlay-color":"","overlay-opacity":"","overlay-gradient":""}},"ast-content-background-meta":{"desktop":{"background-color":"var(--ast-global-color-5)","background-image":"","background-repeat":"repeat","background-position":"center center","background-size":"auto","background-attachment":"scroll","background-type":"","background-media":"","overlay-type":"","overlay-color":"","overlay-opacity":"","overlay-gradient":""},"tablet":{"background-color":"var(--ast-global-color-5)","background-image":"","background-repeat":"repeat","background-position":"center center","background-size":"auto","background-attachment":"scroll","background-type":"","background-media":"","overlay-type":"","overlay-color":"","overlay-opacity":"","overlay-gradient":""},"mobile":{"background-color":"var(--ast-global-color-5)","background-image":"","background-repeat":"repeat","background-position":"center center","background-size":"auto","background-attachment":"scroll","background-type":"","background-media":"","overlay-type":"","overlay-color":"","overlay-opacity":"","overlay-gradient":""}},"footnotes":""},"page-categories":[],"class_list":["post-7952","page","type-page","status-publish","hentry"],"_links":{"self":[{"href":"https:\/\/kiosque.acadienouvelle.com\/celebrons-les-fetes-2025\/wp-json\/wp\/v2\/pages\/7952","targetHints":{"allow":["GET"]}}],"collection":[{"href":"https:\/\/kiosque.acadienouvelle.com\/celebrons-les-fetes-2025\/wp-json\/wp\/v2\/pages"}],"about":[{"href":"https:\/\/kiosque.acadienouvelle.com\/celebrons-les-fetes-2025\/wp-json\/wp\/v2\/types\/page"}],"author":[{"embeddable":true,"href":"https:\/\/kiosque.acadienouvelle.com\/celebrons-les-fetes-2025\/wp-json\/wp\/v2\/users\/1"}],"replies":[{"embeddable":true,"href":"https:\/\/kiosque.acadienouvelle.com\/celebrons-les-fetes-2025\/wp-json\/wp\/v2\/comments?post=7952"}],"version-history":[{"count":7,"href":"https:\/\/kiosque.acadienouvelle.com\/celebrons-les-fetes-2025\/wp-json\/wp\/v2\/pages\/7952\/revisions"}],"predecessor-version":[{"id":8250,"href":"https:\/\/kiosque.acadienouvelle.com\/celebrons-les-fetes-2025\/wp-json\/wp\/v2\/pages\/7952\/revisions\/8250"}],"wp:attachment":[{"href":"https:\/\/kiosque.acadienouvelle.com\/celebrons-les-fetes-2025\/wp-json\/wp\/v2\/media?parent=7952"}],"wp:term":[{"taxonomy":"page-categories","embeddable":true,"href":"https:\/\/kiosque.acadienouvelle.com\/celebrons-les-fetes-2025\/wp-json\/wp\/v2\/page-categories?post=7952"}],"curies":[{"name":"wp","href":"https:\/\/api.w.org\/{rel}","templated":true}]}}