{"id":7997,"date":"2025-12-02T19:41:28","date_gmt":"2025-12-02T19:41:28","guid":{"rendered":"https:\/\/kiosque.acadienouvelle.com\/celebrons-les-fetes-2025\/?page_id=7997"},"modified":"2025-12-04T19:26:03","modified_gmt":"2025-12-04T19:26:03","slug":"bon-appetit-3","status":"publish","type":"page","link":"https:\/\/kiosque.acadienouvelle.com\/celebrons-les-fetes-2025\/bon-appetit-3\/","title":{"rendered":"BON APP\u00c9TIT! (3)"},"content":{"rendered":"\t\t<div data-elementor-type=\"wp-page\" data-elementor-id=\"7997\" class=\"elementor elementor-7997\" data-elementor-post-type=\"page\">\n\t\t\t\t\t\t<section class=\"elementor-section elementor-top-section elementor-element elementor-element-35f9822 elementor-section-height-min-height header_title banner_img elementor-section-boxed elementor-section-height-default elementor-section-items-middle\" data-id=\"35f9822\" data-element_type=\"section\" data-e-type=\"section\" data-settings=\"{&quot;background_background&quot;:&quot;classic&quot;}\">\n\t\t\t\t\t\t\t<div class=\"elementor-background-overlay\"><\/div>\n\t\t\t\t\t\t\t<div class=\"elementor-container elementor-column-gap-default\">\n\t\t\t\t\t<div class=\"elementor-column elementor-col-100 elementor-top-column elementor-element elementor-element-3a4911b\" data-id=\"3a4911b\" data-element_type=\"column\" data-e-type=\"column\">\n\t\t\t<div class=\"elementor-widget-wrap elementor-element-populated\">\n\t\t\t\t\t\t<div class=\"elementor-element elementor-element-b1b5877 elementor-widget elementor-widget-heading\" data-id=\"b1b5877\" data-element_type=\"widget\" data-e-type=\"widget\" data-widget_type=\"heading.default\">\n\t\t\t\t<div class=\"elementor-widget-container\">\n\t\t\t\t\t<h2 class=\"elementor-heading-title elementor-size-default\">BON APP\u00c9TIT! (3)<\/h2>\t\t\t\t<\/div>\n\t\t\t\t<\/div>\n\t\t\t\t\t<\/div>\n\t\t<\/div>\n\t\t\t\t\t<\/div>\n\t\t<\/section>\n\t\t\t\t<section class=\"elementor-section elementor-top-section elementor-element elementor-element-e60c0c5 page_contain elementor-section-boxed elementor-section-height-default elementor-section-height-default\" data-id=\"e60c0c5\" data-element_type=\"section\" data-e-type=\"section\" id=\"recipe_one\">\n\t\t\t\t\t\t<div class=\"elementor-container elementor-column-gap-default\">\n\t\t\t\t\t<div class=\"elementor-column elementor-col-100 elementor-top-column elementor-element elementor-element-4da45ae page_contain\" data-id=\"4da45ae\" data-element_type=\"column\" data-e-type=\"column\" data-settings=\"{&quot;background_background&quot;:&quot;classic&quot;}\">\n\t\t\t<div class=\"elementor-widget-wrap elementor-element-populated\">\n\t\t\t\t\t\t<div class=\"elementor-element elementor-element-b679503 elementor-widget elementor-widget-image\" data-id=\"b679503\" data-element_type=\"widget\" data-e-type=\"widget\" data-widget_type=\"image.default\">\n\t\t\t\t<div class=\"elementor-widget-container\">\n\t\t\t\t\t\t\t\t\t\t\t\t\t\t\t<img fetchpriority=\"high\" decoding=\"async\" width=\"1366\" height=\"768\" src=\"https:\/\/kiosque.acadienouvelle.com\/celebrons-les-fetes-2025\/wp-content\/uploads\/sites\/371\/2025\/11\/09_huitre_land.jpg\" class=\"attachment-full size-full wp-image-7743\" alt=\"\" srcset=\"https:\/\/kiosque.acadienouvelle.com\/celebrons-les-fetes-2025\/wp-content\/uploads\/sites\/371\/2025\/11\/09_huitre_land.jpg 1366w, https:\/\/kiosque.acadienouvelle.com\/celebrons-les-fetes-2025\/wp-content\/uploads\/sites\/371\/2025\/11\/09_huitre_land-300x169.jpg 300w, https:\/\/kiosque.acadienouvelle.com\/celebrons-les-fetes-2025\/wp-content\/uploads\/sites\/371\/2025\/11\/09_huitre_land-1024x576.jpg 1024w, https:\/\/kiosque.acadienouvelle.com\/celebrons-les-fetes-2025\/wp-content\/uploads\/sites\/371\/2025\/11\/09_huitre_land-768x432.jpg 768w\" sizes=\"(max-width: 1366px) 100vw, 1366px\" \/>\t\t\t\t\t\t\t\t\t\t\t\t\t\t\t<\/div>\n\t\t\t\t<\/div>\n\t\t<link rel=\"stylesheet\" href=\"https:\/\/use.fontawesome.com\/releases\/v5.5.0\/css\/all.css\" integrity=\"sha384-B4dIYHKNBt8Bc12p+WXckhzcICo0wtJAoU8YZTY5qE0Id1GSseTk6S+L3BlXeVIU\" crossorigin=\"anonymous\">\r\n\t\t<div class=\"elementor-element elementor-element-bab5516 elementor-widget elementor-widget-advertisement\" data-id=\"bab5516\" data-element_type=\"widget\" data-e-type=\"widget\" data-widget_type=\"advertisement.default\">\n\t\t\t\t<div class=\"elementor-widget-container\">\n\t\t\t\t\t<div class=\"ads-align-center\"><div data-m32-ad data-options='{\"sizes\":\"[[300,100]]\",\"dfpId\":\"21658289790,27729547\",\"dfpAdUnitPath\":\"acadienouvelle\/cahiers_onefifthpage_300x100\"}'><\/div><\/div>\t\t\t\t<\/div>\n\t\t\t\t<\/div>\n\t\t\t\t<div class=\"elementor-element elementor-element-b5c4d8f elementor-widget elementor-widget-heading\" data-id=\"b5c4d8f\" data-element_type=\"widget\" data-e-type=\"widget\" data-widget_type=\"heading.default\">\n\t\t\t\t<div class=\"elementor-widget-container\">\n\t\t\t\t\t<h5 class=\"elementor-heading-title elementor-size-default\">L\u2019hu\u00eetre Rockfeller version Ma\u00e7on<\/h5>\t\t\t\t<\/div>\n\t\t\t\t<\/div>\n\t\t\t\t<div class=\"elementor-element elementor-element-86b194c elementor-widget elementor-widget-heading\" data-id=\"86b194c\" data-element_type=\"widget\" data-e-type=\"widget\" data-widget_type=\"heading.default\">\n\t\t\t\t<div class=\"elementor-widget-container\">\n\t\t\t\t\t<h6 class=\"elementor-heading-title elementor-size-default\">Ingr\u00e9dients<\/h6>\t\t\t\t<\/div>\n\t\t\t\t<\/div>\n\t\t\t\t<div class=\"elementor-element elementor-element-c4a7e01 food_point  elementor-widget elementor-widget-text-editor\" data-id=\"c4a7e01\" data-element_type=\"widget\" data-e-type=\"widget\" data-widget_type=\"text-editor.default\">\n\t\t\t\t<div class=\"elementor-widget-container\">\n\t\t\t\t\t\t\t\t\t<ul><li>12 hu\u00eetres cocktail ou French Kiss, au choix\u00a0<\/li><li>100 g de fenouil\u00a0<\/li><li>1 \u00e9chalote\u00a0<\/li><li>150 g d\u2019\u00e9pinards\u00a0<\/li><li>2 oz de Grey Goose vodka\u00a0<\/li><li>\u00bc de tasse de copeaux de parmesan, cheddar fort\u00a0<\/li><li>\u00bc de tasse de chapelure panko\u00a0<\/li><\/ul>\t\t\t\t\t\t\t\t<\/div>\n\t\t\t\t<\/div>\n\t\t\t\t<div class=\"elementor-element elementor-element-a8b05f9 elementor-widget elementor-widget-heading\" data-id=\"a8b05f9\" data-element_type=\"widget\" data-e-type=\"widget\" data-widget_type=\"heading.default\">\n\t\t\t\t<div class=\"elementor-widget-container\">\n\t\t\t\t\t<h6 class=\"elementor-heading-title elementor-size-default\">Pr\u00e9paration<\/h6>\t\t\t\t<\/div>\n\t\t\t\t<\/div>\n\t\t\t\t<div class=\"elementor-element elementor-element-c790694 food_point  elementor-widget elementor-widget-text-editor\" data-id=\"c790694\" data-element_type=\"widget\" data-e-type=\"widget\" data-widget_type=\"text-editor.default\">\n\t\t\t\t<div class=\"elementor-widget-container\">\n\t\t\t\t\t\t\t\t\t<ol>\n<li>Couper le fenouil en brunoise et faire suer au beurre avec l\u2019\u00e9chalote.&nbsp;<\/li>\n<li>Ajouter les \u00e9pinards, d\u00e9glacer avec la vodka. Laissez refroidir.&nbsp;<\/li>\n<li>Retirer les hu\u00eetres de leurs coquilles et mettre les ingr\u00e9dients au fond de chacune.&nbsp;<\/li>\n<li>D\u00e9poser l\u2019hu\u00eetre sur le dessus&nbsp;<\/li>\n<li>Ajouter le fromage et la chapelure&nbsp;<\/li>\n<li>Mettre le tout au four \u00e0 <i>broil <\/i>pour 4-5 minutes.&nbsp;<\/li>\n<\/ol>\t\t\t\t\t\t\t\t<\/div>\n\t\t\t\t<\/div>\n\t\t\t\t\t<\/div>\n\t\t<\/div>\n\t\t\t\t\t<\/div>\n\t\t<\/section>\n\t\t\t\t<section class=\"elementor-section elementor-top-section elementor-element elementor-element-ec99acd page_contain elementor-section-boxed elementor-section-height-default elementor-section-height-default\" data-id=\"ec99acd\" data-element_type=\"section\" data-e-type=\"section\">\n\t\t\t\t\t\t<div class=\"elementor-container elementor-column-gap-default\">\n\t\t\t\t\t<div class=\"elementor-column elementor-col-100 elementor-top-column elementor-element elementor-element-461a08c page_contain\" data-id=\"461a08c\" data-element_type=\"column\" data-e-type=\"column\" data-settings=\"{&quot;background_background&quot;:&quot;classic&quot;}\">\n\t\t\t<div class=\"elementor-widget-wrap elementor-element-populated\">\n\t\t\t\t\t\t<div class=\"elementor-element elementor-element-474a4b2 elementor-widget elementor-widget-image\" data-id=\"474a4b2\" data-element_type=\"widget\" data-e-type=\"widget\" data-widget_type=\"image.default\">\n\t\t\t\t<div class=\"elementor-widget-container\">\n\t\t\t\t\t\t\t\t\t\t\t\t\t\t\t<img decoding=\"async\" width=\"1366\" height=\"768\" src=\"https:\/\/kiosque.acadienouvelle.com\/celebrons-les-fetes-2025\/wp-content\/uploads\/sites\/371\/2025\/11\/09_moules_land.jpg\" class=\"attachment-full size-full wp-image-7745\" alt=\"\" srcset=\"https:\/\/kiosque.acadienouvelle.com\/celebrons-les-fetes-2025\/wp-content\/uploads\/sites\/371\/2025\/11\/09_moules_land.jpg 1366w, https:\/\/kiosque.acadienouvelle.com\/celebrons-les-fetes-2025\/wp-content\/uploads\/sites\/371\/2025\/11\/09_moules_land-300x169.jpg 300w, https:\/\/kiosque.acadienouvelle.com\/celebrons-les-fetes-2025\/wp-content\/uploads\/sites\/371\/2025\/11\/09_moules_land-1024x576.jpg 1024w, https:\/\/kiosque.acadienouvelle.com\/celebrons-les-fetes-2025\/wp-content\/uploads\/sites\/371\/2025\/11\/09_moules_land-768x432.jpg 768w\" sizes=\"(max-width: 1366px) 100vw, 1366px\" \/>\t\t\t\t\t\t\t\t\t\t\t\t\t\t\t<\/div>\n\t\t\t\t<\/div>\n\t\t\t\t<div class=\"elementor-element elementor-element-6972ac7 elementor-widget elementor-widget-advertisement\" data-id=\"6972ac7\" data-element_type=\"widget\" data-e-type=\"widget\" data-widget_type=\"advertisement.default\">\n\t\t\t\t<div class=\"elementor-widget-container\">\n\t\t\t\t\t<div class=\"ads-align-center\"><div data-m32-ad data-options='{\"sizes\":\"[[300,100]]\",\"dfpId\":\"21658289790,27729547\",\"dfpAdUnitPath\":\"acadienouvelle\/cahiers_onefifthpage02_300x100\"}'><\/div><\/div>\t\t\t\t<\/div>\n\t\t\t\t<\/div>\n\t\t\t\t<div class=\"elementor-element elementor-element-8f3a151 elementor-widget elementor-widget-heading\" data-id=\"8f3a151\" data-element_type=\"widget\" data-e-type=\"widget\" data-widget_type=\"heading.default\">\n\t\t\t\t<div class=\"elementor-widget-container\">\n\t\t\t\t\t<h5 class=\"elementor-heading-title elementor-size-default\">Moules au cheddar et \u00e0 la bi\u00e8re<\/h5>\t\t\t\t<\/div>\n\t\t\t\t<\/div>\n\t\t\t\t<div class=\"elementor-element elementor-element-8781229 elementor-widget elementor-widget-heading\" data-id=\"8781229\" data-element_type=\"widget\" data-e-type=\"widget\" data-widget_type=\"heading.default\">\n\t\t\t\t<div class=\"elementor-widget-container\">\n\t\t\t\t\t<h6 class=\"elementor-heading-title elementor-size-default\">Ingr\u00e9dients<\/h6>\t\t\t\t<\/div>\n\t\t\t\t<\/div>\n\t\t\t\t<div class=\"elementor-element elementor-element-4a40e68 food_point  elementor-widget elementor-widget-text-editor\" data-id=\"4a40e68\" data-element_type=\"widget\" data-e-type=\"widget\" data-widget_type=\"text-editor.default\">\n\t\t\t\t<div class=\"elementor-widget-container\">\n\t\t\t\t\t\t\t\t\t<ul><li>1 c. \u00e0 soupe (15 ml) de beurre\u00a0<\/li><li>2 \u00e9chalotes grises hach\u00e9es\u00a0<\/li><li>1 bouteille de 341 ml de bi\u00e8re blonde\u00a0<\/li><li>2 1\/4 lb (1 kg) de moules bien bross\u00e9es pour les nettoyer\u00a0<\/li><li><!--StartFragment--><span data-olk-copy-source=\"MessageBody\">1 1\/4 tasse (310 ml) de cheddar fort canadien r\u00e2p\u00e9<\/span><!--EndFragment-->\u00a0<\/li><li>1 c. \u00e0 soupe (15 ml) de f\u00e9cule de ma\u00efs\u00a0<\/li><li>3 c. \u00e0 soupe (45 ml) de persil frais hach\u00e9\u00a0<\/li><li>Poivre du moulin au go\u00fbt\u00a0<\/li><\/ul>\t\t\t\t\t\t\t\t<\/div>\n\t\t\t\t<\/div>\n\t\t\t\t<div class=\"elementor-element elementor-element-3b9809e elementor-widget elementor-widget-heading\" data-id=\"3b9809e\" data-element_type=\"widget\" data-e-type=\"widget\" data-widget_type=\"heading.default\">\n\t\t\t\t<div class=\"elementor-widget-container\">\n\t\t\t\t\t<h6 class=\"elementor-heading-title elementor-size-default\">Pr\u00e9paration<\/h6>\t\t\t\t<\/div>\n\t\t\t\t<\/div>\n\t\t\t\t<div class=\"elementor-element elementor-element-6cff8a3 food_point  elementor-widget elementor-widget-text-editor\" data-id=\"6cff8a3\" data-element_type=\"widget\" data-e-type=\"widget\" data-widget_type=\"text-editor.default\">\n\t\t\t\t<div class=\"elementor-widget-container\">\n\t\t\t\t\t\t\t\t\t<ul><li><span style=\"font-style: inherit; font-weight: inherit;\">Dans une grande casserole, faire fondre le beurre \u00e0 feu moyen-vif et faire revenir les \u00e9chalotes.\u00a0<\/span><\/li><li><span style=\"font-style: inherit; font-weight: inherit;\">D\u00e9glacer avec la bi\u00e8re et laisser r\u00e9duire de moiti\u00e9.<\/span><\/li><li><span style=\"font-style: inherit; font-weight: inherit;\">Ajouter les moules, couvrir et laisser cuire 5 minutes jusqu\u2019\u00e0 ce que toutes les moules soient ouvertes (jeter celles qui sont rest\u00e9es ferm\u00e9es).\u00a0<\/span><\/li><li><span style=\"font-style: inherit; font-weight: inherit;\">Retirer les moules de la casserole et les d\u00e9poser dans une assiette \u00e0 service.\u00a0<\/span><\/li><li><span style=\"font-style: inherit; font-weight: inherit;\">Ajouter le cheddar r\u00e2p\u00e9 et la f\u00e9cule de ma\u00efs \u00e0 la casserole en remuant.\u00a0<\/span><\/li><li><span style=\"font-style: inherit; font-weight: inherit;\">Une fois la sauce \u00e9paissie, ajouter le persil frais et le poivre.\u00a0<\/span><\/li><li><span style=\"font-style: inherit; font-weight: inherit;\">Verser la sauce sur les moules et servir imm\u00e9diatement.<\/span><\/li><\/ul>\t\t\t\t\t\t\t\t<\/div>\n\t\t\t\t<\/div>\n\t\t\t\t\t<\/div>\n\t\t<\/div>\n\t\t\t\t\t<\/div>\n\t\t<\/section>\n\t\t\t\t<section class=\"elementor-section elementor-top-section elementor-element elementor-element-eb70693 page_contain elementor-section-boxed elementor-section-height-default elementor-section-height-default\" data-id=\"eb70693\" data-element_type=\"section\" data-e-type=\"section\">\n\t\t\t\t\t\t<div class=\"elementor-container elementor-column-gap-default\">\n\t\t\t\t\t<div class=\"elementor-column elementor-col-100 elementor-top-column elementor-element elementor-element-d05a6b2 page_contain\" data-id=\"d05a6b2\" data-element_type=\"column\" data-e-type=\"column\" data-settings=\"{&quot;background_background&quot;:&quot;classic&quot;}\">\n\t\t\t<div class=\"elementor-widget-wrap elementor-element-populated\">\n\t\t\t\t\t\t<div class=\"elementor-element elementor-element-bf35d90 elementor-widget elementor-widget-image\" data-id=\"bf35d90\" data-element_type=\"widget\" data-e-type=\"widget\" data-widget_type=\"image.default\">\n\t\t\t\t<div class=\"elementor-widget-container\">\n\t\t\t\t\t\t\t\t\t\t\t\t\t\t\t<img decoding=\"async\" width=\"1366\" height=\"768\" src=\"https:\/\/kiosque.acadienouvelle.com\/celebrons-les-fetes-2025\/wp-content\/uploads\/sites\/371\/2025\/11\/09_Saucisses-cocktail_land.jpg\" class=\"attachment-full size-full wp-image-7747\" alt=\"\" srcset=\"https:\/\/kiosque.acadienouvelle.com\/celebrons-les-fetes-2025\/wp-content\/uploads\/sites\/371\/2025\/11\/09_Saucisses-cocktail_land.jpg 1366w, https:\/\/kiosque.acadienouvelle.com\/celebrons-les-fetes-2025\/wp-content\/uploads\/sites\/371\/2025\/11\/09_Saucisses-cocktail_land-300x169.jpg 300w, https:\/\/kiosque.acadienouvelle.com\/celebrons-les-fetes-2025\/wp-content\/uploads\/sites\/371\/2025\/11\/09_Saucisses-cocktail_land-1024x576.jpg 1024w, https:\/\/kiosque.acadienouvelle.com\/celebrons-les-fetes-2025\/wp-content\/uploads\/sites\/371\/2025\/11\/09_Saucisses-cocktail_land-768x432.jpg 768w\" sizes=\"(max-width: 1366px) 100vw, 1366px\" \/>\t\t\t\t\t\t\t\t\t\t\t\t\t\t\t<\/div>\n\t\t\t\t<\/div>\n\t\t\t\t<div class=\"elementor-element elementor-element-fec48b2 elementor-widget elementor-widget-heading\" data-id=\"fec48b2\" data-element_type=\"widget\" data-e-type=\"widget\" data-widget_type=\"heading.default\">\n\t\t\t\t<div class=\"elementor-widget-container\">\n\t\t\t\t\t<h5 class=\"elementor-heading-title elementor-size-default\">Saucisses cocktail enrob\u00e9es de bacon et cassonade <\/h5>\t\t\t\t<\/div>\n\t\t\t\t<\/div>\n\t\t\t\t<div class=\"elementor-element elementor-element-1dd090b elementor-widget elementor-widget-heading\" data-id=\"1dd090b\" data-element_type=\"widget\" data-e-type=\"widget\" data-widget_type=\"heading.default\">\n\t\t\t\t<div class=\"elementor-widget-container\">\n\t\t\t\t\t<h6 class=\"elementor-heading-title elementor-size-default\">Ingr\u00e9dients<\/h6>\t\t\t\t<\/div>\n\t\t\t\t<\/div>\n\t\t\t\t<div class=\"elementor-element elementor-element-4d83515 food_point  elementor-widget elementor-widget-text-editor\" data-id=\"4d83515\" data-element_type=\"widget\" data-e-type=\"widget\" data-widget_type=\"text-editor.default\">\n\t\t\t\t<div class=\"elementor-widget-container\">\n\t\t\t\t\t\t\t\t\t<ul><li>20 tranches de bacon\u00a0<\/li><li>2 paquets de saucisses cocktail de 225 g chacun\u00a0<\/li><li>180 ml (3\/4 de tasse) de cassonade\u00a0<\/li><li>1,25 ml (1\/4 de c. \u00e0 th\u00e9) de piment de Cayenne\u00a0<\/li><\/ul>\t\t\t\t\t\t\t\t<\/div>\n\t\t\t\t<\/div>\n\t\t\t\t<div class=\"elementor-element elementor-element-dae0ad1 elementor-widget elementor-widget-heading\" data-id=\"dae0ad1\" data-element_type=\"widget\" data-e-type=\"widget\" data-widget_type=\"heading.default\">\n\t\t\t\t<div class=\"elementor-widget-container\">\n\t\t\t\t\t<h6 class=\"elementor-heading-title elementor-size-default\">Pour la sauce :<\/h6>\t\t\t\t<\/div>\n\t\t\t\t<\/div>\n\t\t\t\t<div class=\"elementor-element elementor-element-8434ee2 food_point  elementor-widget elementor-widget-text-editor\" data-id=\"8434ee2\" data-element_type=\"widget\" data-e-type=\"widget\" data-widget_type=\"text-editor.default\">\n\t\t\t\t<div class=\"elementor-widget-container\">\n\t\t\t\t\t\t\t\t\t<ul>\n<li>250 ml (1 tasse) de sauce chili&nbsp;<\/li><li>80 ml (1\/3 de tasse) de ketchup&nbsp;<\/li><li>15 ml (1 c. \u00e0 soupe) de sirop d\u2019\u00e9rable&nbsp;<\/li><li>5 ml (1 c. \u00e0 th\u00e9) de sriracha&nbsp;<\/li>\n<\/ul>\t\t\t\t\t\t\t\t<\/div>\n\t\t\t\t<\/div>\n\t\t\t\t\t<\/div>\n\t\t<\/div>\n\t\t\t\t\t<\/div>\n\t\t<\/section>\n\t\t\t\t<\/div>\n\t\t","protected":false},"excerpt":{"rendered":"<p>BON APP\u00c9TIT! (3) L\u2019hu\u00eetre Rockfeller version Ma\u00e7on Ingr\u00e9dients 12 hu\u00eetres cocktail ou French Kiss, au choix\u00a0 100 g de fenouil\u00a0 1 \u00e9chalote\u00a0 150 g d\u2019\u00e9pinards\u00a0 2 oz de Grey Goose vodka\u00a0 \u00bc de tasse de copeaux de parmesan, cheddar fort\u00a0 \u00bc de tasse de chapelure panko\u00a0 Pr\u00e9paration Couper le fenouil en brunoise et faire suer [&hellip;]<\/p>\n","protected":false},"author":1,"featured_media":0,"parent":0,"menu_order":9,"comment_status":"closed","ping_status":"closed","template":"","meta":{"site-sidebar-layout":"no-sidebar","site-content-layout":"page-builder","ast-site-content-layout":"default","site-content-style":"default","site-sidebar-style":"default","ast-global-header-display":"","ast-banner-title-visibility":"","ast-main-header-display":"","ast-hfb-above-header-display":"","ast-hfb-below-header-display":"","ast-hfb-mobile-header-display":"","site-post-title":"disabled","ast-breadcrumbs-content":"","ast-featured-img":"disabled","footer-sml-layout":"","ast-disable-related-posts":"","theme-transparent-header-meta":"default","adv-header-id-meta":"","stick-header-meta":"","header-above-stick-meta":"","header-main-stick-meta":"","header-below-stick-meta":"","astra-migrate-meta-layouts":"default","ast-page-background-enabled":"default","ast-page-background-meta":{"desktop":{"background-color":"var(--ast-global-color-4)","background-image":"","background-repeat":"repeat","background-position":"center center","background-size":"auto","background-attachment":"scroll","background-type":"","background-media":"","overlay-type":"","overlay-color":"","overlay-opacity":"","overlay-gradient":""},"tablet":{"background-color":"","background-image":"","background-repeat":"repeat","background-position":"center center","background-size":"auto","background-attachment":"scroll","background-type":"","background-media":"","overlay-type":"","overlay-color":"","overlay-opacity":"","overlay-gradient":""},"mobile":{"background-color":"","background-image":"","background-repeat":"repeat","background-position":"center center","background-size":"auto","background-attachment":"scroll","background-type":"","background-media":"","overlay-type":"","overlay-color":"","overlay-opacity":"","overlay-gradient":""}},"ast-content-background-meta":{"desktop":{"background-color":"var(--ast-global-color-5)","background-image":"","background-repeat":"repeat","background-position":"center center","background-size":"auto","background-attachment":"scroll","background-type":"","background-media":"","overlay-type":"","overlay-color":"","overlay-opacity":"","overlay-gradient":""},"tablet":{"background-color":"var(--ast-global-color-5)","background-image":"","background-repeat":"repeat","background-position":"center center","background-size":"auto","background-attachment":"scroll","background-type":"","background-media":"","overlay-type":"","overlay-color":"","overlay-opacity":"","overlay-gradient":""},"mobile":{"background-color":"var(--ast-global-color-5)","background-image":"","background-repeat":"repeat","background-position":"center center","background-size":"auto","background-attachment":"scroll","background-type":"","background-media":"","overlay-type":"","overlay-color":"","overlay-opacity":"","overlay-gradient":""}},"footnotes":""},"page-categories":[],"class_list":["post-7997","page","type-page","status-publish","hentry"],"_links":{"self":[{"href":"https:\/\/kiosque.acadienouvelle.com\/celebrons-les-fetes-2025\/wp-json\/wp\/v2\/pages\/7997","targetHints":{"allow":["GET"]}}],"collection":[{"href":"https:\/\/kiosque.acadienouvelle.com\/celebrons-les-fetes-2025\/wp-json\/wp\/v2\/pages"}],"about":[{"href":"https:\/\/kiosque.acadienouvelle.com\/celebrons-les-fetes-2025\/wp-json\/wp\/v2\/types\/page"}],"author":[{"embeddable":true,"href":"https:\/\/kiosque.acadienouvelle.com\/celebrons-les-fetes-2025\/wp-json\/wp\/v2\/users\/1"}],"replies":[{"embeddable":true,"href":"https:\/\/kiosque.acadienouvelle.com\/celebrons-les-fetes-2025\/wp-json\/wp\/v2\/comments?post=7997"}],"version-history":[{"count":28,"href":"https:\/\/kiosque.acadienouvelle.com\/celebrons-les-fetes-2025\/wp-json\/wp\/v2\/pages\/7997\/revisions"}],"predecessor-version":[{"id":8284,"href":"https:\/\/kiosque.acadienouvelle.com\/celebrons-les-fetes-2025\/wp-json\/wp\/v2\/pages\/7997\/revisions\/8284"}],"wp:attachment":[{"href":"https:\/\/kiosque.acadienouvelle.com\/celebrons-les-fetes-2025\/wp-json\/wp\/v2\/media?parent=7997"}],"wp:term":[{"taxonomy":"page-categories","embeddable":true,"href":"https:\/\/kiosque.acadienouvelle.com\/celebrons-les-fetes-2025\/wp-json\/wp\/v2\/page-categories?post=7997"}],"curies":[{"name":"wp","href":"https:\/\/api.w.org\/{rel}","templated":true}]}}