{"id":8020,"date":"2025-12-02T19:53:03","date_gmt":"2025-12-02T19:53:03","guid":{"rendered":"https:\/\/kiosque.acadienouvelle.com\/celebrons-les-fetes-2025\/?page_id=8020"},"modified":"2025-12-04T19:14:32","modified_gmt":"2025-12-04T19:14:32","slug":"rendez-vous-beaute","status":"publish","type":"page","link":"https:\/\/kiosque.acadienouvelle.com\/celebrons-les-fetes-2025\/rendez-vous-beaute\/","title":{"rendered":"rendez-vous beaut\u00e9 : Se faire une beaut\u00e9 pour les F\u00eates\u2026 une semaine avant!"},"content":{"rendered":"\t\t<div data-elementor-type=\"wp-page\" data-elementor-id=\"8020\" class=\"elementor elementor-8020\" data-elementor-post-type=\"page\">\n\t\t\t\t\t\t<section class=\"elementor-section elementor-top-section elementor-element elementor-element-50c1b6e elementor-section-height-min-height header_title banner_img elementor-section-boxed elementor-section-height-default elementor-section-items-middle\" data-id=\"50c1b6e\" data-element_type=\"section\" data-e-type=\"section\" data-settings=\"{&quot;background_background&quot;:&quot;classic&quot;}\">\n\t\t\t\t\t\t\t<div class=\"elementor-background-overlay\"><\/div>\n\t\t\t\t\t\t\t<div class=\"elementor-container elementor-column-gap-default\">\n\t\t\t\t\t<div class=\"elementor-column elementor-col-100 elementor-top-column elementor-element elementor-element-3a2d241\" data-id=\"3a2d241\" data-element_type=\"column\" data-e-type=\"column\">\n\t\t\t<div class=\"elementor-widget-wrap elementor-element-populated\">\n\t\t\t\t\t\t<div class=\"elementor-element elementor-element-9673cd2 elementor-widget elementor-widget-heading\" data-id=\"9673cd2\" data-element_type=\"widget\" data-e-type=\"widget\" data-widget_type=\"heading.default\">\n\t\t\t\t<div class=\"elementor-widget-container\">\n\t\t\t\t\t<h2 class=\"elementor-heading-title elementor-size-default\">Rendez-vous beaut\u00e9<\/h2>\t\t\t\t<\/div>\n\t\t\t\t<\/div>\n\t\t\t\t<div class=\"elementor-element elementor-element-4cea408 elementor-widget elementor-widget-heading\" data-id=\"4cea408\" data-element_type=\"widget\" data-e-type=\"widget\" data-widget_type=\"heading.default\">\n\t\t\t\t<div class=\"elementor-widget-container\">\n\t\t\t\t\t<h2 class=\"elementor-heading-title elementor-size-default\">Se faire une beaut\u00e9 pour les F\u00eates\u2026 une semaine avant!<\/h2>\t\t\t\t<\/div>\n\t\t\t\t<\/div>\n\t\t\t\t\t<\/div>\n\t\t<\/div>\n\t\t\t\t\t<\/div>\n\t\t<\/section>\n\t\t\t\t<section class=\"elementor-section elementor-top-section elementor-element elementor-element-d9a853a elementor-section-boxed elementor-section-height-default elementor-section-height-default\" data-id=\"d9a853a\" data-element_type=\"section\" data-e-type=\"section\">\n\t\t\t\t\t\t<div class=\"elementor-container elementor-column-gap-default\">\n\t\t\t\t\t<div class=\"elementor-column elementor-col-100 elementor-top-column elementor-element elementor-element-68d9c5a page_contain\" data-id=\"68d9c5a\" data-element_type=\"column\" data-e-type=\"column\" data-settings=\"{&quot;background_background&quot;:&quot;classic&quot;}\">\n\t\t\t<div class=\"elementor-widget-wrap elementor-element-populated\">\n\t\t\t\t\t\t<div class=\"elementor-element elementor-element-50f1f9b elementor-widget elementor-widget-image\" data-id=\"50f1f9b\" data-element_type=\"widget\" data-e-type=\"widget\" data-widget_type=\"image.default\">\n\t\t\t\t<div class=\"elementor-widget-container\">\n\t\t\t\t\t\t\t\t\t\t\t\t\t\t\t<img fetchpriority=\"high\" decoding=\"async\" width=\"1366\" height=\"768\" src=\"https:\/\/kiosque.acadienouvelle.com\/celebrons-les-fetes-2025\/wp-content\/uploads\/sites\/371\/2025\/11\/10_tendances-fete-2021-land.jpg\" class=\"attachment-full size-full wp-image-7751\" alt=\"\" srcset=\"https:\/\/kiosque.acadienouvelle.com\/celebrons-les-fetes-2025\/wp-content\/uploads\/sites\/371\/2025\/11\/10_tendances-fete-2021-land.jpg 1366w, https:\/\/kiosque.acadienouvelle.com\/celebrons-les-fetes-2025\/wp-content\/uploads\/sites\/371\/2025\/11\/10_tendances-fete-2021-land-300x169.jpg 300w, https:\/\/kiosque.acadienouvelle.com\/celebrons-les-fetes-2025\/wp-content\/uploads\/sites\/371\/2025\/11\/10_tendances-fete-2021-land-1024x576.jpg 1024w, https:\/\/kiosque.acadienouvelle.com\/celebrons-les-fetes-2025\/wp-content\/uploads\/sites\/371\/2025\/11\/10_tendances-fete-2021-land-768x432.jpg 768w\" sizes=\"(max-width: 1366px) 100vw, 1366px\" \/>\t\t\t\t\t\t\t\t\t\t\t\t\t\t\t<\/div>\n\t\t\t\t<\/div>\n\t\t<link rel=\"stylesheet\" href=\"https:\/\/use.fontawesome.com\/releases\/v5.5.0\/css\/all.css\" integrity=\"sha384-B4dIYHKNBt8Bc12p+WXckhzcICo0wtJAoU8YZTY5qE0Id1GSseTk6S+L3BlXeVIU\" crossorigin=\"anonymous\">\r\n\t\t<div class=\"elementor-element elementor-element-c602539 mobile_pera elementor-widget elementor-widget-text-editor\" data-id=\"c602539\" data-element_type=\"widget\" data-e-type=\"widget\" data-widget_type=\"text-editor.default\">\n\t\t\t\t<div class=\"elementor-widget-container\">\n\t\t\t\t\t\t\t\t\t<p><b>Testez votre maquillage<\/b><\/p>\t\t\t\t\t\t\t\t<\/div>\n\t\t\t\t<\/div>\n\t\t\t\t<div class=\"elementor-element elementor-element-d0a0a3b mobile_pera elementor-widget elementor-widget-text-editor\" data-id=\"d0a0a3b\" data-element_type=\"widget\" data-e-type=\"widget\" data-widget_type=\"text-editor.default\">\n\t\t\t\t<div class=\"elementor-widget-container\">\n\t\t\t\t\t\t\t\t\tSi vous planifiez essayer un nouveau look pour le temps des F\u00eates, il serait sage de le tester avant le jour J. On ne voudrait surtout pas de faux maquillage au moment de la f\u00eate! Une semaine avant l\u2019\u00e9v\u00e8nement, appliquez votre maquillage comme vous le feriez pour les c\u00e9l\u00e9brations. Ajustez-le au besoin. Si vous avez achet\u00e9 de nouveaux cosm\u00e9tiques et avez la peau sensible, c\u2019est le moment opportun de les tester. Appliquez le produit sur une petite surface derri\u00e8re votre oreille ou sur votre main et restez \u00e0 l\u2019affut de toute r\u00e9action allergique. En cas de r\u00e9action, consultez votre cosm\u00e9ticien ou cosm\u00e9ticienne et cessez l\u2019utilisation \ndu produit.\n\t\t\t\t\t\t\t\t<\/div>\n\t\t\t\t<\/div>\n\t\t\t\t<div class=\"elementor-element elementor-element-0b6ad93 mobile_pera elementor-widget elementor-widget-text-editor\" data-id=\"0b6ad93\" data-element_type=\"widget\" data-e-type=\"widget\" data-widget_type=\"text-editor.default\">\n\t\t\t\t<div class=\"elementor-widget-container\">\n\t\t\t\t\t\t\t\t\t<p><b>Allez chez le coiffeur<\/b><\/p>\t\t\t\t\t\t\t\t<\/div>\n\t\t\t\t<\/div>\n\t\t\t\t<div class=\"elementor-element elementor-element-74263c8 mobile_pera elementor-widget elementor-widget-text-editor\" data-id=\"74263c8\" data-element_type=\"widget\" data-e-type=\"widget\" data-widget_type=\"text-editor.default\">\n\t\t\t\t<div class=\"elementor-widget-container\">\n\t\t\t\t\t\t\t\t\tSi vous d\u00e9sirez rafra\u00eechir votre coupe, votre coloration ou m\u00eame tenter quelque chose de nouveau, faites-le un peu en avance. Vous aurez ainsi le temps de retourner au salon dans le cas d\u2019une catastrophe de coiffure impr\u00e9vue.\n\t\t\t\t\t\t\t\t<\/div>\n\t\t\t\t<\/div>\n\t\t\t\t<div class=\"elementor-element elementor-element-1e05a24 mobile_pera elementor-widget elementor-widget-text-editor\" data-id=\"1e05a24\" data-element_type=\"widget\" data-e-type=\"widget\" data-widget_type=\"text-editor.default\">\n\t\t\t\t<div class=\"elementor-widget-container\">\n\t\t\t\t\t\t\t\t\t<p><i>Pour plus de d\u00e9tails : www.brunet.ca<\/i><\/p>\t\t\t\t\t\t\t\t<\/div>\n\t\t\t\t<\/div>\n\t\t\t\t\t<\/div>\n\t\t<\/div>\n\t\t\t\t\t<\/div>\n\t\t<\/section>\n\t\t\t\t<\/div>\n\t\t","protected":false},"excerpt":{"rendered":"<p>Rendez-vous beaut\u00e9 Se faire une beaut\u00e9 pour les F\u00eates\u2026 une semaine avant! Testez votre maquillage Si vous planifiez essayer un nouveau look pour le temps des F\u00eates, il serait sage de le tester avant le jour J. On ne voudrait surtout pas de faux maquillage au moment de la f\u00eate! Une semaine avant l\u2019\u00e9v\u00e8nement, appliquez [&hellip;]<\/p>\n","protected":false},"author":1,"featured_media":0,"parent":0,"menu_order":10,"comment_status":"closed","ping_status":"closed","template":"","meta":{"site-sidebar-layout":"no-sidebar","site-content-layout":"page-builder","ast-site-content-layout":"default","site-content-style":"default","site-sidebar-style":"default","ast-global-header-display":"","ast-banner-title-visibility":"","ast-main-header-display":"","ast-hfb-above-header-display":"","ast-hfb-below-header-display":"","ast-hfb-mobile-header-display":"","site-post-title":"disabled","ast-breadcrumbs-content":"","ast-featured-img":"disabled","footer-sml-layout":"","ast-disable-related-posts":"","theme-transparent-header-meta":"default","adv-header-id-meta":"","stick-header-meta":"","header-above-stick-meta":"","header-main-stick-meta":"","header-below-stick-meta":"","astra-migrate-meta-layouts":"default","ast-page-background-enabled":"default","ast-page-background-meta":{"desktop":{"background-color":"var(--ast-global-color-4)","background-image":"","background-repeat":"repeat","background-position":"center center","background-size":"auto","background-attachment":"scroll","background-type":"","background-media":"","overlay-type":"","overlay-color":"","overlay-opacity":"","overlay-gradient":""},"tablet":{"background-color":"","background-image":"","background-repeat":"repeat","background-position":"center center","background-size":"auto","background-attachment":"scroll","background-type":"","background-media":"","overlay-type":"","overlay-color":"","overlay-opacity":"","overlay-gradient":""},"mobile":{"background-color":"","background-image":"","background-repeat":"repeat","background-position":"center center","background-size":"auto","background-attachment":"scroll","background-type":"","background-media":"","overlay-type":"","overlay-color":"","overlay-opacity":"","overlay-gradient":""}},"ast-content-background-meta":{"desktop":{"background-color":"var(--ast-global-color-5)","background-image":"","background-repeat":"repeat","background-position":"center center","background-size":"auto","background-attachment":"scroll","background-type":"","background-media":"","overlay-type":"","overlay-color":"","overlay-opacity":"","overlay-gradient":""},"tablet":{"background-color":"var(--ast-global-color-5)","background-image":"","background-repeat":"repeat","background-position":"center center","background-size":"auto","background-attachment":"scroll","background-type":"","background-media":"","overlay-type":"","overlay-color":"","overlay-opacity":"","overlay-gradient":""},"mobile":{"background-color":"var(--ast-global-color-5)","background-image":"","background-repeat":"repeat","background-position":"center center","background-size":"auto","background-attachment":"scroll","background-type":"","background-media":"","overlay-type":"","overlay-color":"","overlay-opacity":"","overlay-gradient":""}},"footnotes":""},"page-categories":[],"class_list":["post-8020","page","type-page","status-publish","hentry"],"_links":{"self":[{"href":"https:\/\/kiosque.acadienouvelle.com\/celebrons-les-fetes-2025\/wp-json\/wp\/v2\/pages\/8020","targetHints":{"allow":["GET"]}}],"collection":[{"href":"https:\/\/kiosque.acadienouvelle.com\/celebrons-les-fetes-2025\/wp-json\/wp\/v2\/pages"}],"about":[{"href":"https:\/\/kiosque.acadienouvelle.com\/celebrons-les-fetes-2025\/wp-json\/wp\/v2\/types\/page"}],"author":[{"embeddable":true,"href":"https:\/\/kiosque.acadienouvelle.com\/celebrons-les-fetes-2025\/wp-json\/wp\/v2\/users\/1"}],"replies":[{"embeddable":true,"href":"https:\/\/kiosque.acadienouvelle.com\/celebrons-les-fetes-2025\/wp-json\/wp\/v2\/comments?post=8020"}],"version-history":[{"count":7,"href":"https:\/\/kiosque.acadienouvelle.com\/celebrons-les-fetes-2025\/wp-json\/wp\/v2\/pages\/8020\/revisions"}],"predecessor-version":[{"id":8280,"href":"https:\/\/kiosque.acadienouvelle.com\/celebrons-les-fetes-2025\/wp-json\/wp\/v2\/pages\/8020\/revisions\/8280"}],"wp:attachment":[{"href":"https:\/\/kiosque.acadienouvelle.com\/celebrons-les-fetes-2025\/wp-json\/wp\/v2\/media?parent=8020"}],"wp:term":[{"taxonomy":"page-categories","embeddable":true,"href":"https:\/\/kiosque.acadienouvelle.com\/celebrons-les-fetes-2025\/wp-json\/wp\/v2\/page-categories?post=8020"}],"curies":[{"name":"wp","href":"https:\/\/api.w.org\/{rel}","templated":true}]}}