{"id":8069,"date":"2025-12-02T20:47:10","date_gmt":"2025-12-02T20:47:10","guid":{"rendered":"https:\/\/kiosque.acadienouvelle.com\/celebrons-les-fetes-2025\/?page_id=8069"},"modified":"2025-12-03T19:49:17","modified_gmt":"2025-12-03T19:49:17","slug":"route-artisans-alcool-nb","status":"publish","type":"page","link":"https:\/\/kiosque.acadienouvelle.com\/celebrons-les-fetes-2025\/route-artisans-alcool-nb\/","title":{"rendered":"Route des artisans d\u2019alcool du N.-B."},"content":{"rendered":"\t\t<div data-elementor-type=\"wp-page\" data-elementor-id=\"8069\" class=\"elementor elementor-8069\" data-elementor-post-type=\"page\">\n\t\t\t\t\t\t<section class=\"elementor-section elementor-top-section elementor-element elementor-element-50c1b6e elementor-section-height-min-height header_title banner_img elementor-section-boxed elementor-section-height-default elementor-section-items-middle\" data-id=\"50c1b6e\" data-element_type=\"section\" data-e-type=\"section\" data-settings=\"{&quot;background_background&quot;:&quot;classic&quot;}\">\n\t\t\t\t\t\t\t<div class=\"elementor-background-overlay\"><\/div>\n\t\t\t\t\t\t\t<div class=\"elementor-container elementor-column-gap-default\">\n\t\t\t\t\t<div class=\"elementor-column elementor-col-100 elementor-top-column elementor-element elementor-element-3a2d241\" data-id=\"3a2d241\" data-element_type=\"column\" data-e-type=\"column\">\n\t\t\t<div class=\"elementor-widget-wrap elementor-element-populated\">\n\t\t\t\t\t\t<div class=\"elementor-element elementor-element-9673cd2 elementor-widget elementor-widget-heading\" data-id=\"9673cd2\" data-element_type=\"widget\" data-e-type=\"widget\" data-widget_type=\"heading.default\">\n\t\t\t\t<div class=\"elementor-widget-container\">\n\t\t\t\t\t<h2 class=\"elementor-heading-title elementor-size-default\">Route des artisans d\u2019alcool du N.-B.<\/h2>\t\t\t\t<\/div>\n\t\t\t\t<\/div>\n\t\t\t\t\t<\/div>\n\t\t<\/div>\n\t\t\t\t\t<\/div>\n\t\t<\/section>\n\t\t\t\t<section class=\"elementor-section elementor-top-section elementor-element elementor-element-d9a853a elementor-section-boxed elementor-section-height-default elementor-section-height-default\" data-id=\"d9a853a\" data-element_type=\"section\" data-e-type=\"section\">\n\t\t\t\t\t\t<div class=\"elementor-container elementor-column-gap-default\">\n\t\t\t\t\t<div class=\"elementor-column elementor-col-100 elementor-top-column elementor-element elementor-element-68d9c5a page_contain\" data-id=\"68d9c5a\" data-element_type=\"column\" data-e-type=\"column\" data-settings=\"{&quot;background_background&quot;:&quot;classic&quot;}\">\n\t\t\t<div class=\"elementor-widget-wrap elementor-element-populated\">\n\t\t\t\t\t\t<div class=\"elementor-element elementor-element-d8ae30a elementor-widget elementor-widget-heading\" data-id=\"d8ae30a\" data-element_type=\"widget\" data-e-type=\"widget\" data-widget_type=\"heading.default\">\n\t\t\t\t<div class=\"elementor-widget-container\">\n\t\t\t\t\t<h2 class=\"elementor-heading-title elementor-size-default\">Champions des produits locaux<\/h2>\t\t\t\t<\/div>\n\t\t\t\t<\/div>\n\t\t\t\t<div class=\"elementor-element elementor-element-50f1f9b elementor-widget elementor-widget-image\" data-id=\"50f1f9b\" data-element_type=\"widget\" data-e-type=\"widget\" data-widget_type=\"image.default\">\n\t\t\t\t<div class=\"elementor-widget-container\">\n\t\t\t\t\t\t\t\t\t\t\t\t\t\t\t<img fetchpriority=\"high\" decoding=\"async\" width=\"1366\" height=\"768\" src=\"https:\/\/kiosque.acadienouvelle.com\/celebrons-les-fetes-2025\/wp-content\/uploads\/sites\/371\/2025\/11\/13_belle-photo-biere_land.jpg\" class=\"attachment-full size-full wp-image-7763\" alt=\"\" srcset=\"https:\/\/kiosque.acadienouvelle.com\/celebrons-les-fetes-2025\/wp-content\/uploads\/sites\/371\/2025\/11\/13_belle-photo-biere_land.jpg 1366w, https:\/\/kiosque.acadienouvelle.com\/celebrons-les-fetes-2025\/wp-content\/uploads\/sites\/371\/2025\/11\/13_belle-photo-biere_land-300x169.jpg 300w, https:\/\/kiosque.acadienouvelle.com\/celebrons-les-fetes-2025\/wp-content\/uploads\/sites\/371\/2025\/11\/13_belle-photo-biere_land-1024x576.jpg 1024w, https:\/\/kiosque.acadienouvelle.com\/celebrons-les-fetes-2025\/wp-content\/uploads\/sites\/371\/2025\/11\/13_belle-photo-biere_land-768x432.jpg 768w\" sizes=\"(max-width: 1366px) 100vw, 1366px\" \/>\t\t\t\t\t\t\t\t\t\t\t\t\t\t\t<\/div>\n\t\t\t\t<\/div>\n\t\t<link rel=\"stylesheet\" href=\"https:\/\/use.fontawesome.com\/releases\/v5.5.0\/css\/all.css\" integrity=\"sha384-B4dIYHKNBt8Bc12p+WXckhzcICo0wtJAoU8YZTY5qE0Id1GSseTk6S+L3BlXeVIU\" crossorigin=\"anonymous\">\r\n\t\t<div class=\"elementor-element elementor-element-d0a0a3b mobile_pera elementor-widget elementor-widget-text-editor\" data-id=\"d0a0a3b\" data-element_type=\"widget\" data-e-type=\"widget\" data-widget_type=\"text-editor.default\">\n\t\t\t\t<div class=\"elementor-widget-container\">\n\t\t\t\t\t\t\t\t\tL\u2019industrie de l\u2019alcool artisanal du Nouveau-Brunswick est florissante, avec plus d\u2019une centaine de brasseries, vineries, cidreries, hydromelleries et distilleries dans 48 collectivit\u00e9s de la province. De nouveaux producteurs font leur entr\u00e9e chaque ann\u00e9e. En fait, l\u2019industrie refl\u00e8te les meilleurs \u00e9l\u00e9ments de notre province : la richesse de la diversit\u00e9, l\u2019engagement envers la qualit\u00e9 et l\u2019utilisation des meilleurs ingr\u00e9dients naturels.\n\t\t\t\t\t\t\t\t<\/div>\n\t\t\t\t<\/div>\n\t\t\t\t<div class=\"elementor-element elementor-element-8169732 elementor-widget elementor-widget-advertisement\" data-id=\"8169732\" data-element_type=\"widget\" data-e-type=\"widget\" data-widget_type=\"advertisement.default\">\n\t\t\t\t<div class=\"elementor-widget-container\">\n\t\t\t\t\t<div class=\"ads-align-center\"><div data-m32-ad data-options='{\"sizes\":\"[[300,100]]\",\"dfpId\":\"21658289790,27729547\",\"dfpAdUnitPath\":\"acadienouvelle\/cahiers_onefifthpage_300x100\"}'><\/div><\/div>\t\t\t\t<\/div>\n\t\t\t\t<\/div>\n\t\t\t\t<div class=\"elementor-element elementor-element-0b6ad93 mobile_pera elementor-widget elementor-widget-text-editor\" data-id=\"0b6ad93\" data-element_type=\"widget\" data-e-type=\"widget\" data-widget_type=\"text-editor.default\">\n\t\t\t\t<div class=\"elementor-widget-container\">\n\t\t\t\t\t\t\t\t\t<p><b>Retomb\u00e9es \u00e9conomiques<\/b><\/p>\t\t\t\t\t\t\t\t<\/div>\n\t\t\t\t<\/div>\n\t\t\t\t<div class=\"elementor-element elementor-element-74263c8 mobile_pera elementor-widget elementor-widget-text-editor\" data-id=\"74263c8\" data-element_type=\"widget\" data-e-type=\"widget\" data-widget_type=\"text-editor.default\">\n\t\t\t\t<div class=\"elementor-widget-container\">\n\t\t\t\t\t\t\t\t\tUne \u00e9tude des retomb\u00e9es \u00e9conomiques de l\u2019industrie de l\u2019alcool artisanal, r\u00e9alis\u00e9e en 2021 par un \u00e9conomiste de l\u2019Universit\u00e9 de Moncton, a fait \u00e9tat d\u2019une contribution de 24 millions de dollars au produit int\u00e9rieur brut (PIB) de l\u2019\u00e9conomie du Nouveau-Brunswick et 618 emplois. Avec les bonnes conditions en place, l\u2019industrie devrait cro\u00eetre de 47 % d\u2019ici trois ans.\n\t\t\t\t\t\t\t\t<\/div>\n\t\t\t\t<\/div>\n\t\t\t\t<div class=\"elementor-element elementor-element-82702d9 mobile_pera elementor-widget elementor-widget-text-editor\" data-id=\"82702d9\" data-element_type=\"widget\" data-e-type=\"widget\" data-widget_type=\"text-editor.default\">\n\t\t\t\t<div class=\"elementor-widget-container\">\n\t\t\t\t\t\t\t\t\t<p><b>Nous sommes l\u00e0 pour vous<\/b><\/p>\t\t\t\t\t\t\t\t<\/div>\n\t\t\t\t<\/div>\n\t\t\t\t<div class=\"elementor-element elementor-element-5cb5a53 mobile_pera elementor-widget elementor-widget-text-editor\" data-id=\"5cb5a53\" data-element_type=\"widget\" data-e-type=\"widget\" data-widget_type=\"text-editor.default\">\n\t\t\t\t<div class=\"elementor-widget-container\">\n\t\t\t\t\t\t\t\t\tAlcool Artisanal NB est une voix forte pour les producteurs de bi\u00e8re, de vin, d\u2019hydromel, d\u2019alcool et de cidre de notre province. Nous plaidons pour les cr\u00e9ateurs qui apportent le go\u00fbt du Nouveau-Brunswick \u00e0 notre r\u00e9gion et au-del\u00e0.\t\t\t\t\t\t\t\t<\/div>\n\t\t\t\t<\/div>\n\t\t\t\t<div class=\"elementor-element elementor-element-8a68ee6 mobile_pera elementor-widget elementor-widget-text-editor\" data-id=\"8a68ee6\" data-element_type=\"widget\" data-e-type=\"widget\" data-widget_type=\"text-editor.default\">\n\t\t\t\t<div class=\"elementor-widget-container\">\n\t\t\t\t\t\t\t\t\t<p>Ensemble, notre voix est plus forte alors que nous travaillons \u00e0 faire en sorte que notre gouvernement reconnaisse les contributions importantes que nous apportons \u00e0 la province. Cela est essentiel pour nous aider \u00e0 faire progresser nos priorit\u00e9s strat\u00e9giques :<\/p>\t\t\t\t\t\t\t\t<\/div>\n\t\t\t\t<\/div>\n\t\t\t\t<div class=\"elementor-element elementor-element-735115e mobile_pera elementor-widget__width-initial elementor-widget elementor-widget-text-editor\" data-id=\"735115e\" data-element_type=\"widget\" data-e-type=\"widget\" data-widget_type=\"text-editor.default\">\n\t\t\t\t<div class=\"elementor-widget-container\">\n\t\t\t\t\t\t\t\t\t<ol>\n \t<li>r\u00e9forme du seuil de vente;<\/li>\n \t<li>structure de majoration \u00e9quitable;<\/li>\n \t<li>acc\u00e8s \u00e9largi au march\u00e9;<\/li>\n \t<li>possibilit\u00e9s de d\u00e9veloppement des exportations.<\/li>\n<\/ol>\t\t\t\t\t\t\t\t<\/div>\n\t\t\t\t<\/div>\n\t\t\t\t<div class=\"elementor-element elementor-element-b5663da mobile_pera elementor-widget elementor-widget-text-editor\" data-id=\"b5663da\" data-element_type=\"widget\" data-e-type=\"widget\" data-widget_type=\"text-editor.default\">\n\t\t\t\t<div class=\"elementor-widget-container\">\n\t\t\t\t\t\t\t\t\tPour plus d\u2019information : \nwww.alcoolartisanalnb.ca\t\t\t\t\t\t\t\t<\/div>\n\t\t\t\t<\/div>\n\t\t\t\t<div class=\"elementor-element elementor-element-037ed8e mobile_pera elementor-widget elementor-widget-text-editor\" data-id=\"037ed8e\" data-element_type=\"widget\" data-e-type=\"widget\" data-widget_type=\"text-editor.default\">\n\t\t\t\t<div class=\"elementor-widget-container\">\n\t\t\t\t\t\t\t\t\tNos distilleries offrent des produits de grande qualit\u00e9!\t\t\t\t\t\t\t\t<\/div>\n\t\t\t\t<\/div>\n\t\t\t\t<div class=\"elementor-element elementor-element-bcc650c elementor-widget elementor-widget-image\" data-id=\"bcc650c\" data-element_type=\"widget\" data-e-type=\"widget\" data-widget_type=\"image.default\">\n\t\t\t\t<div class=\"elementor-widget-container\">\n\t\t\t\t\t\t\t\t\t\t\t\t\t\t\t<img decoding=\"async\" width=\"1024\" height=\"576\" src=\"https:\/\/kiosque.acadienouvelle.com\/celebrons-les-fetes-2025\/wp-content\/uploads\/sites\/371\/2025\/11\/11_photo-distillerie-fils-du-roy_land-1024x576.jpg\" class=\"attachment-large size-large wp-image-7755\" alt=\"\" srcset=\"https:\/\/kiosque.acadienouvelle.com\/celebrons-les-fetes-2025\/wp-content\/uploads\/sites\/371\/2025\/11\/11_photo-distillerie-fils-du-roy_land-1024x576.jpg 1024w, https:\/\/kiosque.acadienouvelle.com\/celebrons-les-fetes-2025\/wp-content\/uploads\/sites\/371\/2025\/11\/11_photo-distillerie-fils-du-roy_land-300x169.jpg 300w, https:\/\/kiosque.acadienouvelle.com\/celebrons-les-fetes-2025\/wp-content\/uploads\/sites\/371\/2025\/11\/11_photo-distillerie-fils-du-roy_land-768x432.jpg 768w, https:\/\/kiosque.acadienouvelle.com\/celebrons-les-fetes-2025\/wp-content\/uploads\/sites\/371\/2025\/11\/11_photo-distillerie-fils-du-roy_land.jpg 1366w\" sizes=\"(max-width: 1024px) 100vw, 1024px\" \/>\t\t\t\t\t\t\t\t\t\t\t\t\t\t\t<\/div>\n\t\t\t\t<\/div>\n\t\t\t\t<div class=\"elementor-element elementor-element-e3b4d4e mobile_pera elementor-widget elementor-widget-text-editor\" data-id=\"e3b4d4e\" data-element_type=\"widget\" data-e-type=\"widget\" data-widget_type=\"text-editor.default\">\n\t\t\t\t<div class=\"elementor-widget-container\">\n\t\t\t\t\t\t\t\t\t<p>Selon Tourisme NB, chaque r\u00e9gion de la province compte au moins une microbrasserie \u2013 pas besoin de chercher bien loin pour \u00e9tancher sa soif et savourer les bi\u00e8res locales du Nouveau-Brunswick.<\/p><p><span style=\"font-style: inherit; font-weight: inherit;\">Aujourd\u2019hui, l\u2019industrie moderne de la distillerie d\u00e9montre le talent et l\u2019expertise des distillateurs du Nouveau-Brunswick. Ces derniers malgr\u00e9 leur taille modeste, con\u00e7oivent des alcools d\u2019excellente qualit\u00e9 \u2013 certaines d\u2019entre elles ont \u00e9t\u00e9 prim\u00e9es \u00e0 plusieurs reprises. Au menu : rhum, gin, vodka, whisky, brandy, absinthe et plus encore. Certains distillateurs incorporent des produits locaux dans leurs spiritueux : divers types de grains, sirop d\u2019\u00e9rable, m\u00e9lasse, petits fruits et m\u00eame des chicken bones\u00a0<\/span><span style=\"font-style: inherit; font-weight: inherit;\">(os de poulet, en fran\u00e7ais) de la confiserie Ganong, des bonbons \u00e9pic\u00e9s\u00a0<\/span><span style=\"font-style: inherit; font-weight: inherit;\">\u00e0 la cannelle dont le centre est rempli de chocolat mi-amer. D\u2019autres transforment des pommes de terre en vodka \u00e0 l\u2019ar\u00f4me sucr\u00e9 et\u00a0<\/span><span style=\"font-style: inherit; font-weight: inherit;\">de texture onctueuse.<\/span><\/p><p><span style=\"font-style: inherit; font-weight: inherit;\">Passons en mode d\u00e9gustation. D\u2019habitude, les distilleries comptent une salle de d\u00e9gustation et m\u00eame une terrasse o\u00f9 il est possible d\u2019essayer diff\u00e9rents produits. Plusieurs offrent aussi des visites guid\u00e9es \u2013 d\u00e9couvrez les coulisses de la fabrication de spiritueux. Si vous n\u2019avez pas l\u2019occasion d\u2019arr\u00eater dans une distillerie, la plupart des bars et des restaurants du Nouveau-Brunswick sont fiers d\u2019offrir une s\u00e9lection de spiritueux locaux, pour le plus grand bonheur des cr\u00e9ateurs de cocktails et des amateurs de boissons artisanales.<\/span><\/p>\t\t\t\t\t\t\t\t<\/div>\n\t\t\t\t<\/div>\n\t\t\t\t\t<\/div>\n\t\t<\/div>\n\t\t\t\t\t<\/div>\n\t\t<\/section>\n\t\t\t\t<\/div>\n\t\t","protected":false},"excerpt":{"rendered":"<p>Route des artisans d\u2019alcool du N.-B. Champions des produits locaux L\u2019industrie de l\u2019alcool artisanal du Nouveau-Brunswick est florissante, avec plus d\u2019une centaine de brasseries, vineries, cidreries, hydromelleries et distilleries dans 48 collectivit\u00e9s de la province. De nouveaux producteurs font leur entr\u00e9e chaque ann\u00e9e. En fait, l\u2019industrie refl\u00e8te les meilleurs \u00e9l\u00e9ments de notre province : la [&hellip;]<\/p>\n","protected":false},"author":1,"featured_media":0,"parent":0,"menu_order":13,"comment_status":"closed","ping_status":"closed","template":"","meta":{"site-sidebar-layout":"no-sidebar","site-content-layout":"page-builder","ast-site-content-layout":"default","site-content-style":"default","site-sidebar-style":"default","ast-global-header-display":"","ast-banner-title-visibility":"","ast-main-header-display":"","ast-hfb-above-header-display":"","ast-hfb-below-header-display":"","ast-hfb-mobile-header-display":"","site-post-title":"disabled","ast-breadcrumbs-content":"","ast-featured-img":"disabled","footer-sml-layout":"","ast-disable-related-posts":"","theme-transparent-header-meta":"default","adv-header-id-meta":"","stick-header-meta":"","header-above-stick-meta":"","header-main-stick-meta":"","header-below-stick-meta":"","astra-migrate-meta-layouts":"default","ast-page-background-enabled":"default","ast-page-background-meta":{"desktop":{"background-color":"var(--ast-global-color-4)","background-image":"","background-repeat":"repeat","background-position":"center center","background-size":"auto","background-attachment":"scroll","background-type":"","background-media":"","overlay-type":"","overlay-color":"","overlay-opacity":"","overlay-gradient":""},"tablet":{"background-color":"","background-image":"","background-repeat":"repeat","background-position":"center center","background-size":"auto","background-attachment":"scroll","background-type":"","background-media":"","overlay-type":"","overlay-color":"","overlay-opacity":"","overlay-gradient":""},"mobile":{"background-color":"","background-image":"","background-repeat":"repeat","background-position":"center center","background-size":"auto","background-attachment":"scroll","background-type":"","background-media":"","overlay-type":"","overlay-color":"","overlay-opacity":"","overlay-gradient":""}},"ast-content-background-meta":{"desktop":{"background-color":"var(--ast-global-color-5)","background-image":"","background-repeat":"repeat","background-position":"center center","background-size":"auto","background-attachment":"scroll","background-type":"","background-media":"","overlay-type":"","overlay-color":"","overlay-opacity":"","overlay-gradient":""},"tablet":{"background-color":"var(--ast-global-color-5)","background-image":"","background-repeat":"repeat","background-position":"center center","background-size":"auto","background-attachment":"scroll","background-type":"","background-media":"","overlay-type":"","overlay-color":"","overlay-opacity":"","overlay-gradient":""},"mobile":{"background-color":"var(--ast-global-color-5)","background-image":"","background-repeat":"repeat","background-position":"center center","background-size":"auto","background-attachment":"scroll","background-type":"","background-media":"","overlay-type":"","overlay-color":"","overlay-opacity":"","overlay-gradient":""}},"footnotes":""},"page-categories":[],"class_list":["post-8069","page","type-page","status-publish","hentry"],"_links":{"self":[{"href":"https:\/\/kiosque.acadienouvelle.com\/celebrons-les-fetes-2025\/wp-json\/wp\/v2\/pages\/8069","targetHints":{"allow":["GET"]}}],"collection":[{"href":"https:\/\/kiosque.acadienouvelle.com\/celebrons-les-fetes-2025\/wp-json\/wp\/v2\/pages"}],"about":[{"href":"https:\/\/kiosque.acadienouvelle.com\/celebrons-les-fetes-2025\/wp-json\/wp\/v2\/types\/page"}],"author":[{"embeddable":true,"href":"https:\/\/kiosque.acadienouvelle.com\/celebrons-les-fetes-2025\/wp-json\/wp\/v2\/users\/1"}],"replies":[{"embeddable":true,"href":"https:\/\/kiosque.acadienouvelle.com\/celebrons-les-fetes-2025\/wp-json\/wp\/v2\/comments?post=8069"}],"version-history":[{"count":13,"href":"https:\/\/kiosque.acadienouvelle.com\/celebrons-les-fetes-2025\/wp-json\/wp\/v2\/pages\/8069\/revisions"}],"predecessor-version":[{"id":8222,"href":"https:\/\/kiosque.acadienouvelle.com\/celebrons-les-fetes-2025\/wp-json\/wp\/v2\/pages\/8069\/revisions\/8222"}],"wp:attachment":[{"href":"https:\/\/kiosque.acadienouvelle.com\/celebrons-les-fetes-2025\/wp-json\/wp\/v2\/media?parent=8069"}],"wp:term":[{"taxonomy":"page-categories","embeddable":true,"href":"https:\/\/kiosque.acadienouvelle.com\/celebrons-les-fetes-2025\/wp-json\/wp\/v2\/page-categories?post=8069"}],"curies":[{"name":"wp","href":"https:\/\/api.w.org\/{rel}","templated":true}]}}