{"id":7737,"date":"2026-05-05T17:26:20","date_gmt":"2026-05-05T17:26:20","guid":{"rendered":"https:\/\/kiosque.acadienouvelle.com\/concessionnaire-printemps-2026\/4-questions-a-vous-poser\/"},"modified":"2026-05-06T18:03:37","modified_gmt":"2026-05-06T18:03:37","slug":"4-questions-a-vous-poser","status":"publish","type":"page","link":"https:\/\/kiosque.acadienouvelle.com\/concessionnaire-printemps-2026\/4-questions-a-vous-poser\/","title":{"rendered":"4 questions \u00e0 vous poser en magasinant votre premi\u00e8re moto"},"content":{"rendered":"\t\t<div data-elementor-type=\"wp-page\" data-elementor-id=\"7737\" class=\"elementor elementor-7737\" data-elementor-post-type=\"page\">\n\t\t\t\t\t\t<section class=\"elementor-section elementor-top-section elementor-element elementor-element-50c1b6e elementor-section-height-min-height header_title banner_img elementor-section-boxed elementor-section-height-default elementor-section-items-middle\" data-id=\"50c1b6e\" data-element_type=\"section\" data-e-type=\"section\" data-settings=\"{&quot;background_background&quot;:&quot;classic&quot;}\">\n\t\t\t\t\t\t\t<div class=\"elementor-background-overlay\"><\/div>\n\t\t\t\t\t\t\t<div class=\"elementor-container elementor-column-gap-default\">\n\t\t\t\t\t<div class=\"elementor-column elementor-col-100 elementor-top-column elementor-element elementor-element-3a2d241\" data-id=\"3a2d241\" data-element_type=\"column\" data-e-type=\"column\">\n\t\t\t<div class=\"elementor-widget-wrap elementor-element-populated\">\n\t\t\t\t\t\t<div class=\"elementor-element elementor-element-9673cd2 elementor-widget elementor-widget-heading\" data-id=\"9673cd2\" data-element_type=\"widget\" data-e-type=\"widget\" data-widget_type=\"heading.default\">\n\t\t\t\t<div class=\"elementor-widget-container\">\n\t\t\t\t\t<h2 class=\"elementor-heading-title elementor-size-default\">4 questions \u00e0 vous poser en magasinant votre premi\u00e8re moto<\/h2>\t\t\t\t<\/div>\n\t\t\t\t<\/div>\n\t\t\t\t\t<\/div>\n\t\t<\/div>\n\t\t\t\t\t<\/div>\n\t\t<\/section>\n\t\t\t\t<section class=\"elementor-section elementor-top-section elementor-element elementor-element-d9a853a elementor-section-boxed elementor-section-height-default elementor-section-height-default\" data-id=\"d9a853a\" data-element_type=\"section\" data-e-type=\"section\">\n\t\t\t\t\t\t<div class=\"elementor-container elementor-column-gap-default\">\n\t\t\t\t\t<div class=\"elementor-column elementor-col-100 elementor-top-column elementor-element elementor-element-68d9c5a page_contain\" data-id=\"68d9c5a\" data-element_type=\"column\" data-e-type=\"column\" data-settings=\"{&quot;background_background&quot;:&quot;classic&quot;}\">\n\t\t\t<div class=\"elementor-widget-wrap elementor-element-populated\">\n\t\t\t\t\t\t<div class=\"elementor-element elementor-element-50f1f9b elementor-widget elementor-widget-image\" data-id=\"50f1f9b\" data-element_type=\"widget\" data-e-type=\"widget\" data-widget_type=\"image.default\">\n\t\t\t\t<div class=\"elementor-widget-container\">\n\t\t\t\t\t\t\t\t\t\t\t\t\t\t\t<img fetchpriority=\"high\" decoding=\"async\" width=\"1366\" height=\"768\" src=\"https:\/\/kiosque.acadienouvelle.com\/concessionnaire-printemps-2026\/wp-content\/uploads\/sites\/399\/2026\/05\/02_MOTOC_land.jpg\" class=\"attachment-full size-full wp-image-7759\" alt=\"\" srcset=\"https:\/\/kiosque.acadienouvelle.com\/concessionnaire-printemps-2026\/wp-content\/uploads\/sites\/399\/2026\/05\/02_MOTOC_land.jpg 1366w, https:\/\/kiosque.acadienouvelle.com\/concessionnaire-printemps-2026\/wp-content\/uploads\/sites\/399\/2026\/05\/02_MOTOC_land-300x169.jpg 300w, https:\/\/kiosque.acadienouvelle.com\/concessionnaire-printemps-2026\/wp-content\/uploads\/sites\/399\/2026\/05\/02_MOTOC_land-1024x576.jpg 1024w, https:\/\/kiosque.acadienouvelle.com\/concessionnaire-printemps-2026\/wp-content\/uploads\/sites\/399\/2026\/05\/02_MOTOC_land-768x432.jpg 768w\" sizes=\"(max-width: 1366px) 100vw, 1366px\" \/>\t\t\t\t\t\t\t\t\t\t\t\t\t\t\t<\/div>\n\t\t\t\t<\/div>\n\t\t<link rel=\"stylesheet\" href=\"https:\/\/use.fontawesome.com\/releases\/v5.5.0\/css\/all.css\" integrity=\"sha384-B4dIYHKNBt8Bc12p+WXckhzcICo0wtJAoU8YZTY5qE0Id1GSseTk6S+L3BlXeVIU\" crossorigin=\"anonymous\">\r\n\t\t<div class=\"elementor-element elementor-element-d0a0a3b mobile_pera elementor-widget elementor-widget-text-editor\" data-id=\"d0a0a3b\" data-element_type=\"widget\" data-e-type=\"widget\" data-widget_type=\"text-editor.default\">\n\t\t\t\t<div class=\"elementor-widget-container\">\n\t\t\t\t\t\t\t\t\tAcheter sa premi\u00e8re moto, c\u2019est un \u00e9v\u00e8nement excitant! Pour vous assurer de s\u00e9lectionner le bon mod\u00e8le lors de votre magasinage, veillez \u00e0 vous poser ces quatre questions.\n\t\t\t\t\t\t\t\t<\/div>\n\t\t\t\t<\/div>\n\t\t\t\t<div class=\"elementor-element elementor-element-3ffc257 mobile_pera elementor-widget elementor-widget-text-editor\" data-id=\"3ffc257\" data-element_type=\"widget\" data-e-type=\"widget\" data-widget_type=\"text-editor.default\">\n\t\t\t\t<div class=\"elementor-widget-container\">\n\t\t\t\t\t\t\t\t\t<ol><li>Quelle utilisation allez-vous en faire? Si vous enfourchez votre moto principalement pour vous rendre au travail en ville, pour faire de longs voyages ou pour vous balader le temps d\u2019une fin de semaine, vous ne choisirez pas le m\u00eame mod\u00e8le. La routi\u00e8re standard, par exemple, sera plus agr\u00e9able pour de courts trajets urbains, tandis que la version tourisme est parfaite pour les d\u00e9placements de longue dur\u00e9e.<\/li><li>Quel est votre gabarit? La hauteur de la moto, son poids et sa cylindr\u00e9e sont autant d\u2019\u00e9l\u00e9ments \u00e0 consid\u00e9rer durant votre magasinage. Vous devez vous assurer que vous pourrez la manier en toute s\u00e9curit\u00e9. Cela est particuli\u00e8rement important pour l\u2019achat d\u2019une boulevardi\u00e8re, entre autres.<\/li><li>Quelle est votre exp\u00e9rience? Vos comp\u00e9tences actuelles vous aideront \u00e0 d\u00e9terminer le type de cylindr\u00e9e et le rapport poids\/puissance qui seront les plus adapt\u00e9s pour une utilisation s\u00e9curitaire. Pensez aussi \u00e0 votre position de conduite. La moto sportive, n\u00e9cessitant une inclinaison du corps, requiert des habilet\u00e9s \u00e9lev\u00e9es pour la navigation \u00e0 basse vitesse, et la boulevardi\u00e8re, en raison de ses dimensions, demande au motocycliste d\u2019arquer le dos.<\/li><li>Quel est votre budget? Celui-ci vous permettra non seulement de savoir si la motocyclette que vous pourrez acqu\u00e9rir sera neuve ou d\u2019occasion, mais aussi quelles seront ses caract\u00e9ristiques et sa marque. Pensez \u00e9galement \u00e0 tenir compte de l\u2019achat de vos v\u00eatements de protection et des accessoires ainsi que des frais d\u2019entretien.<\/li><\/ol>\t\t\t\t\t\t\t\t<\/div>\n\t\t\t\t<\/div>\n\t\t\t\t<div class=\"elementor-element elementor-element-74263c8 mobile_pera elementor-widget elementor-widget-text-editor\" data-id=\"74263c8\" data-element_type=\"widget\" data-e-type=\"widget\" data-widget_type=\"text-editor.default\">\n\t\t\t\t<div class=\"elementor-widget-container\">\n\t\t\t\t\t\t\t\t\tLorsque vous visiterez les concessionnaires de votre r\u00e9gion, n\u2019h\u00e9sitez pas \u00e0 faire quelques essais routiers pour confirmer votre choix!\t\t\t\t\t\t\t\t<\/div>\n\t\t\t\t<\/div>\n\t\t\t\t<div class=\"elementor-element elementor-element-53c5637 mobile_pera elementor-widget elementor-widget-text-editor\" data-id=\"53c5637\" data-element_type=\"widget\" data-e-type=\"widget\" data-widget_type=\"text-editor.default\">\n\t\t\t\t<div class=\"elementor-widget-container\">\n\t\t\t\t\t\t\t\t\t<em>Source : textuel.ca<\/em>\t\t\t\t\t\t\t\t<\/div>\n\t\t\t\t<\/div>\n\t\t\t\t\t<\/div>\n\t\t<\/div>\n\t\t\t\t\t<\/div>\n\t\t<\/section>\n\t\t\t\t<\/div>\n\t\t","protected":false},"excerpt":{"rendered":"<p>4 questions \u00e0 vous poser en magasinant votre premi\u00e8re moto Acheter sa premi\u00e8re moto, c\u2019est un \u00e9v\u00e8nement excitant! Pour vous assurer de s\u00e9lectionner le bon mod\u00e8le lors de votre magasinage, veillez \u00e0 vous poser ces quatre questions. Quelle utilisation allez-vous en faire? Si vous enfourchez votre moto principalement pour vous rendre au travail en ville, [&hellip;]<\/p>\n","protected":false},"author":1,"featured_media":0,"parent":0,"menu_order":2,"comment_status":"closed","ping_status":"closed","template":"","meta":{"site-sidebar-layout":"no-sidebar","site-content-layout":"page-builder","ast-site-content-layout":"default","site-content-style":"default","site-sidebar-style":"default","ast-global-header-display":"","ast-banner-title-visibility":"","ast-main-header-display":"","ast-hfb-above-header-display":"","ast-hfb-below-header-display":"","ast-hfb-mobile-header-display":"","site-post-title":"disabled","ast-breadcrumbs-content":"","ast-featured-img":"disabled","footer-sml-layout":"","ast-disable-related-posts":"","theme-transparent-header-meta":"default","adv-header-id-meta":"","stick-header-meta":"","header-above-stick-meta":"","header-main-stick-meta":"","header-below-stick-meta":"","astra-migrate-meta-layouts":"default","ast-page-background-enabled":"default","ast-page-background-meta":{"desktop":{"background-color":"var(--ast-global-color-4)","background-image":"","background-repeat":"repeat","background-position":"center center","background-size":"auto","background-attachment":"scroll","background-type":"","background-media":"","overlay-type":"","overlay-color":"","overlay-opacity":"","overlay-gradient":""},"tablet":{"background-color":"","background-image":"","background-repeat":"repeat","background-position":"center center","background-size":"auto","background-attachment":"scroll","background-type":"","background-media":"","overlay-type":"","overlay-color":"","overlay-opacity":"","overlay-gradient":""},"mobile":{"background-color":"","background-image":"","background-repeat":"repeat","background-position":"center center","background-size":"auto","background-attachment":"scroll","background-type":"","background-media":"","overlay-type":"","overlay-color":"","overlay-opacity":"","overlay-gradient":""}},"ast-content-background-meta":{"desktop":{"background-color":"var(--ast-global-color-5)","background-image":"","background-repeat":"repeat","background-position":"center center","background-size":"auto","background-attachment":"scroll","background-type":"","background-media":"","overlay-type":"","overlay-color":"","overlay-opacity":"","overlay-gradient":""},"tablet":{"background-color":"var(--ast-global-color-5)","background-image":"","background-repeat":"repeat","background-position":"center center","background-size":"auto","background-attachment":"scroll","background-type":"","background-media":"","overlay-type":"","overlay-color":"","overlay-opacity":"","overlay-gradient":""},"mobile":{"background-color":"var(--ast-global-color-5)","background-image":"","background-repeat":"repeat","background-position":"center center","background-size":"auto","background-attachment":"scroll","background-type":"","background-media":"","overlay-type":"","overlay-color":"","overlay-opacity":"","overlay-gradient":""}},"footnotes":""},"page-categories":[],"class_list":["post-7737","page","type-page","status-publish","hentry"],"_links":{"self":[{"href":"https:\/\/kiosque.acadienouvelle.com\/concessionnaire-printemps-2026\/wp-json\/wp\/v2\/pages\/7737","targetHints":{"allow":["GET"]}}],"collection":[{"href":"https:\/\/kiosque.acadienouvelle.com\/concessionnaire-printemps-2026\/wp-json\/wp\/v2\/pages"}],"about":[{"href":"https:\/\/kiosque.acadienouvelle.com\/concessionnaire-printemps-2026\/wp-json\/wp\/v2\/types\/page"}],"author":[{"embeddable":true,"href":"https:\/\/kiosque.acadienouvelle.com\/concessionnaire-printemps-2026\/wp-json\/wp\/v2\/users\/1"}],"replies":[{"embeddable":true,"href":"https:\/\/kiosque.acadienouvelle.com\/concessionnaire-printemps-2026\/wp-json\/wp\/v2\/comments?post=7737"}],"version-history":[{"count":4,"href":"https:\/\/kiosque.acadienouvelle.com\/concessionnaire-printemps-2026\/wp-json\/wp\/v2\/pages\/7737\/revisions"}],"predecessor-version":[{"id":7762,"href":"https:\/\/kiosque.acadienouvelle.com\/concessionnaire-printemps-2026\/wp-json\/wp\/v2\/pages\/7737\/revisions\/7762"}],"wp:attachment":[{"href":"https:\/\/kiosque.acadienouvelle.com\/concessionnaire-printemps-2026\/wp-json\/wp\/v2\/media?parent=7737"}],"wp:term":[{"taxonomy":"page-categories","embeddable":true,"href":"https:\/\/kiosque.acadienouvelle.com\/concessionnaire-printemps-2026\/wp-json\/wp\/v2\/page-categories?post=7737"}],"curies":[{"name":"wp","href":"https:\/\/api.w.org\/{rel}","templated":true}]}}