{"id":7739,"date":"2026-05-05T17:27:45","date_gmt":"2026-05-05T17:27:45","guid":{"rendered":"https:\/\/kiosque.acadienouvelle.com\/concessionnaire-printemps-2026\/des-sentiers-de-vtt-dans-tous-les-coins\/"},"modified":"2026-05-06T18:25:16","modified_gmt":"2026-05-06T18:25:16","slug":"des-sentiers-de-vtt-dans-tous-les-coins","status":"publish","type":"page","link":"https:\/\/kiosque.acadienouvelle.com\/concessionnaire-printemps-2026\/des-sentiers-de-vtt-dans-tous-les-coins\/","title":{"rendered":"Des sentiers de VTT dans tous les coins de la province"},"content":{"rendered":"\t\t<div data-elementor-type=\"wp-page\" data-elementor-id=\"7739\" class=\"elementor elementor-7739\" data-elementor-post-type=\"page\">\n\t\t\t\t\t\t<section class=\"elementor-section elementor-top-section elementor-element elementor-element-50c1b6e elementor-section-height-min-height header_title banner_img elementor-section-boxed elementor-section-height-default elementor-section-items-middle\" data-id=\"50c1b6e\" data-element_type=\"section\" data-e-type=\"section\" data-settings=\"{&quot;background_background&quot;:&quot;classic&quot;}\">\n\t\t\t\t\t\t\t<div class=\"elementor-background-overlay\"><\/div>\n\t\t\t\t\t\t\t<div class=\"elementor-container elementor-column-gap-default\">\n\t\t\t\t\t<div class=\"elementor-column elementor-col-100 elementor-top-column elementor-element elementor-element-3a2d241\" data-id=\"3a2d241\" data-element_type=\"column\" data-e-type=\"column\">\n\t\t\t<div class=\"elementor-widget-wrap elementor-element-populated\">\n\t\t\t\t\t\t<div class=\"elementor-element elementor-element-9673cd2 elementor-widget elementor-widget-heading\" data-id=\"9673cd2\" data-element_type=\"widget\" data-e-type=\"widget\" data-widget_type=\"heading.default\">\n\t\t\t\t<div class=\"elementor-widget-container\">\n\t\t\t\t\t<h2 class=\"elementor-heading-title elementor-size-default\">Des sentiers de VTT dans tous les coins de la province<\/h2>\t\t\t\t<\/div>\n\t\t\t\t<\/div>\n\t\t\t\t\t<\/div>\n\t\t<\/div>\n\t\t\t\t\t<\/div>\n\t\t<\/section>\n\t\t\t\t<section class=\"elementor-section elementor-top-section elementor-element elementor-element-d9a853a elementor-section-boxed elementor-section-height-default elementor-section-height-default\" data-id=\"d9a853a\" data-element_type=\"section\" data-e-type=\"section\">\n\t\t\t\t\t\t<div class=\"elementor-container elementor-column-gap-default\">\n\t\t\t\t\t<div class=\"elementor-column elementor-col-100 elementor-top-column elementor-element elementor-element-68d9c5a page_contain\" data-id=\"68d9c5a\" data-element_type=\"column\" data-e-type=\"column\" data-settings=\"{&quot;background_background&quot;:&quot;classic&quot;}\">\n\t\t\t<div class=\"elementor-widget-wrap elementor-element-populated\">\n\t\t\t\t\t\t<div class=\"elementor-element elementor-element-50f1f9b elementor-widget elementor-widget-image\" data-id=\"50f1f9b\" data-element_type=\"widget\" data-e-type=\"widget\" data-widget_type=\"image.default\">\n\t\t\t\t<div class=\"elementor-widget-container\">\n\t\t\t\t\t\t\t\t\t\t\t\t<figure class=\"wp-caption\">\n\t\t\t\t\t\t\t\t\t\t<img fetchpriority=\"high\" decoding=\"async\" width=\"1366\" height=\"768\" src=\"https:\/\/kiosque.acadienouvelle.com\/concessionnaire-printemps-2026\/wp-content\/uploads\/sites\/399\/2026\/05\/03_Victoria-Cty-5_land.jpg\" class=\"attachment-full size-full wp-image-7769\" alt=\"\" srcset=\"https:\/\/kiosque.acadienouvelle.com\/concessionnaire-printemps-2026\/wp-content\/uploads\/sites\/399\/2026\/05\/03_Victoria-Cty-5_land.jpg 1366w, https:\/\/kiosque.acadienouvelle.com\/concessionnaire-printemps-2026\/wp-content\/uploads\/sites\/399\/2026\/05\/03_Victoria-Cty-5_land-300x169.jpg 300w, https:\/\/kiosque.acadienouvelle.com\/concessionnaire-printemps-2026\/wp-content\/uploads\/sites\/399\/2026\/05\/03_Victoria-Cty-5_land-1024x576.jpg 1024w, https:\/\/kiosque.acadienouvelle.com\/concessionnaire-printemps-2026\/wp-content\/uploads\/sites\/399\/2026\/05\/03_Victoria-Cty-5_land-768x432.jpg 768w\" sizes=\"(max-width: 1366px) 100vw, 1366px\" \/>\t\t\t\t\t\t\t\t\t\t\t<figcaption class=\"widget-image-caption wp-caption-text\">Le VTT est une activit\u00e9 fort populaire dans tous les coins du Nouveau-Brunswick. Gracieuset\u00e9 : Quad NB<\/figcaption>\n\t\t\t\t\t\t\t\t\t\t<\/figure>\n\t\t\t\t\t\t\t\t\t<\/div>\n\t\t\t\t<\/div>\n\t\t<link rel=\"stylesheet\" href=\"https:\/\/use.fontawesome.com\/releases\/v5.5.0\/css\/all.css\" integrity=\"sha384-B4dIYHKNBt8Bc12p+WXckhzcICo0wtJAoU8YZTY5qE0Id1GSseTk6S+L3BlXeVIU\" crossorigin=\"anonymous\">\r\n\t\t<div class=\"elementor-element elementor-element-d0a0a3b mobile_pera elementor-widget elementor-widget-text-editor\" data-id=\"d0a0a3b\" data-element_type=\"widget\" data-e-type=\"widget\" data-widget_type=\"text-editor.default\">\n\t\t\t\t<div class=\"elementor-widget-container\">\n\t\t\t\t\t\t\t\t\tChaque r\u00e9gion du Nouveau-Brunswick propose des kilom\u00e8tres de sentiers \u00e0 explorer en autoquad ou en v\u00e9hicule tout-terrain. La carte interactive de Quad Nouveau-Brunswick permet de s\u2019y retrouver plus facilement pour explorer les particularit\u00e9s de chaque coin de la province et voici un aper\u00e7u de deux de ces sentiers th\u00e9matiques.\t\t\t\t\t\t\t\t<\/div>\n\t\t\t\t<\/div>\n\t\t\t\t<div class=\"elementor-element elementor-element-0b6ad93 mobile_pera elementor-widget elementor-widget-text-editor\" data-id=\"0b6ad93\" data-element_type=\"widget\" data-e-type=\"widget\" data-widget_type=\"text-editor.default\">\n\t\t\t\t<div class=\"elementor-widget-container\">\n\t\t\t\t\t\t\t\t\t<p><b>Sentier quad des fronti\u00e8res<\/b><\/p>\t\t\t\t\t\t\t\t<\/div>\n\t\t\t\t<\/div>\n\t\t\t\t<div class=\"elementor-element elementor-element-69d9916 mobile_pera elementor-widget elementor-widget-text-editor\" data-id=\"69d9916\" data-element_type=\"widget\" data-e-type=\"widget\" data-widget_type=\"text-editor.default\">\n\t\t\t\t<div class=\"elementor-widget-container\">\n\t\t\t\t\t\t\t\t\tLe sentier quad des fronti\u00e8res est le plus long sentier th\u00e9matique de Quad Nouveau-Brunswick avec ses presque 850 kilom\u00e8tres du sentier num\u00e9ro 10 qui relient les neuf clubs de deux r\u00e9gions, sans omettre d\u2019ajouter plusieurs centaines d\u2019autres kilom\u00e8tres de sentiers g\u00e9r\u00e9s localement. Si vous souhaitez prolonger votre s\u00e9jour, plus de 7\u2009500 km de chemins sur les terres de la Couronne sont accessibles et vous conduiront aussi au c\u0153ur de la for\u00eat acadienne ou dans les bois de la Rivi\u00e8re-Verte.\n\t\t\t\t\t\t\t\t<\/div>\n\t\t\t\t<\/div>\n\t\t\t\t<div class=\"elementor-element elementor-element-c25ae1f mobile_pera elementor-widget elementor-widget-text-editor\" data-id=\"c25ae1f\" data-element_type=\"widget\" data-e-type=\"widget\" data-widget_type=\"text-editor.default\">\n\t\t\t\t<div class=\"elementor-widget-container\">\n\t\t\t\t\t\t\t\t\tC\u2019est toute la couronne nord du Nouveau-Brunswick qui s\u2019ouvre \u00e0 vous avec ce sentier avec plusieurs portes d\u2019entr\u00e9e du Qu\u00e9bec et du Maine. Une foule d\u2019attraits s\u2019offriront \u00e0 vous dans la partie nord-ouest, soit la borne des trois fronti\u00e8res, la montagne des Michaud, les municipalit\u00e9s canadiennes de la rivi\u00e8re Saint-Jean sur plusieurs dizaines de kilom\u00e8tres, le Pointu de Rivi\u00e8re-Verte ou la gorge de Grand-Sault (acc\u00e8s bient\u00f4t permis). \n\t\t\t\t\t\t\t\t<\/div>\n\t\t\t\t<\/div>\n\t\t\t\t<div class=\"elementor-element elementor-element-3a3236b elementor-widget elementor-widget-advertisement\" data-id=\"3a3236b\" data-element_type=\"widget\" data-e-type=\"widget\" data-widget_type=\"advertisement.default\">\n\t\t\t\t<div class=\"elementor-widget-container\">\n\t\t\t\t\t<div class=\"ads-align-center\"><div style=\"min-width:300px\" data-m32-ad data-options='{\"sizes\":\"[[300,100]]\",\"dfpId\":\"21658289790,27729547\",\"dfpAdUnitPath\":\"acadienouvelle\/cahiers_onefifthpage_300x100\"}'><\/div><\/div>\t\t\t\t<\/div>\n\t\t\t\t<\/div>\n\t\t\t\t<div class=\"elementor-element elementor-element-a7bd2cd mobile_pera elementor-widget elementor-widget-text-editor\" data-id=\"a7bd2cd\" data-element_type=\"widget\" data-e-type=\"widget\" data-widget_type=\"text-editor.default\">\n\t\t\t\t<div class=\"elementor-widget-container\">\n\t\t\t\t\t\t\t\t\tPour la partie nord-est, visitez Squaw Cap (sentier local \u00e0 partir du sentier num\u00e9ro 10). Traversez Dalhousie pour vous rendre dans la r\u00e9gion Chaleur o\u00f9 vous attendent la gorge de la rivi\u00e8re Jacquet et la barri\u00e8re \u00e0 saumons, la p\u00eache \u00e0 l\u2019omble chevalier \u00e0 Pointe-Verte et la zone naturelle prot\u00e9g\u00e9e de la rivi\u00e8re Jacquet ou encore la p\u00eache au maquereau \u00e0 Petit-Rocher.\n\t\t\t\t\t\t\t\t<\/div>\n\t\t\t\t<\/div>\n\t\t\t\t<div class=\"elementor-element elementor-element-33bca8f mobile_pera elementor-widget elementor-widget-text-editor\" data-id=\"33bca8f\" data-element_type=\"widget\" data-e-type=\"widget\" data-widget_type=\"text-editor.default\">\n\t\t\t\t<div class=\"elementor-widget-container\">\n\t\t\t\t\t\t\t\t\tCes deux extr\u00e9mit\u00e9s sont reli\u00e9es par un sentier de plus de 300 km, en l\u2019occurrence l\u2019ancienne voie ferr\u00e9e INR entre Campbellton et Kedgwick. Le sentier Saint-L\u00e9onard\u2013Campbellton se fait en une journ\u00e9e, mais beaucoup pr\u00e9f\u00e8rent s\u2019y attarder ou prolonger leur s\u00e9jour pour participer aux activit\u00e9s locales, dont le Festival Western de Saint-Quentin ou le Festival d\u2019automne de Kedgwick.\n\t\t\t\t\t\t\t\t<\/div>\n\t\t\t\t<\/div>\n\t\t\t\t<div class=\"elementor-element elementor-element-44ba84a mobile_pera elementor-widget elementor-widget-text-editor\" data-id=\"44ba84a\" data-element_type=\"widget\" data-e-type=\"widget\" data-widget_type=\"text-editor.default\">\n\t\t\t\t<div class=\"elementor-widget-container\">\n\t\t\t\t\t\t\t\t\t<p><b>Le sentier quad de la\u00a0<\/b><b style=\"font-style: inherit;\">c\u00f4te p\u00e9ninsulaire<\/b><\/p>\t\t\t\t\t\t\t\t<\/div>\n\t\t\t\t<\/div>\n\t\t\t\t<div class=\"elementor-element elementor-element-7b7af43 mobile_pera elementor-widget elementor-widget-text-editor\" data-id=\"7b7af43\" data-element_type=\"widget\" data-e-type=\"widget\" data-widget_type=\"text-editor.default\">\n\t\t\t\t<div class=\"elementor-widget-container\">\n\t\t\t\t\t\t\t\t\tDe son c\u00f4t\u00e9, le sentier quad de la c\u00f4te p\u00e9ninsulaire est reconnu comme la capitale du quad hivernal avec plus de mille kilom\u00e8tres de sentiers de grande qualit\u00e9. En \u00e9t\u00e9, les clubs locaux offrent des parcours ferm\u00e9s pour des excursions d\u2019une journ\u00e9e qui peuvent aller jusqu\u2019\u00e0 200 kilom\u00e8tres aller-retour. Shippagan vous attend ainsi au pied de son quai ou bien faites une halte au Carrefour de la mer de Caraquet. Le sentier c\u00f4tier entre Saint-L\u00e9olin et Bathurst est parsem\u00e9 d\u2019exp\u00e9riences irrempla\u00e7ables en longeant des paysages c\u00f4tiers \u00e9poustouflants, tout en traversant des zones fermi\u00e8res. Et que dire du Grand Tracadie, aussi avec une vie culturelle mouvement\u00e9e?\t\t\t\t\t\t\t\t<\/div>\n\t\t\t\t<\/div>\n\t\t\t\t<div class=\"elementor-element elementor-element-ebae6ec mobile_pera elementor-widget elementor-widget-text-editor\" data-id=\"ebae6ec\" data-element_type=\"widget\" data-e-type=\"widget\" data-widget_type=\"text-editor.default\">\n\t\t\t\t<div class=\"elementor-widget-container\">\n\t\t\t\t\t\t\t\t\tQuel que soit le coin de la province, un sentier de Quad NB vous attend pour des heures de plaisir!\t\t\t\t\t\t\t\t<\/div>\n\t\t\t\t<\/div>\n\t\t\t\t\t<\/div>\n\t\t<\/div>\n\t\t\t\t\t<\/div>\n\t\t<\/section>\n\t\t\t\t<\/div>\n\t\t","protected":false},"excerpt":{"rendered":"<p>Des sentiers de VTT dans tous les coins de la province Le VTT est une activit\u00e9 fort populaire dans tous les coins du Nouveau-Brunswick. Gracieuset\u00e9 : Quad NB Chaque r\u00e9gion du Nouveau-Brunswick propose des kilom\u00e8tres de sentiers \u00e0 explorer en autoquad ou en v\u00e9hicule tout-terrain. La carte interactive de Quad Nouveau-Brunswick permet de s\u2019y retrouver [&hellip;]<\/p>\n","protected":false},"author":1,"featured_media":0,"parent":0,"menu_order":3,"comment_status":"closed","ping_status":"closed","template":"","meta":{"site-sidebar-layout":"no-sidebar","site-content-layout":"page-builder","ast-site-content-layout":"default","site-content-style":"default","site-sidebar-style":"default","ast-global-header-display":"","ast-banner-title-visibility":"","ast-main-header-display":"","ast-hfb-above-header-display":"","ast-hfb-below-header-display":"","ast-hfb-mobile-header-display":"","site-post-title":"disabled","ast-breadcrumbs-content":"","ast-featured-img":"disabled","footer-sml-layout":"","ast-disable-related-posts":"","theme-transparent-header-meta":"default","adv-header-id-meta":"","stick-header-meta":"","header-above-stick-meta":"","header-main-stick-meta":"","header-below-stick-meta":"","astra-migrate-meta-layouts":"default","ast-page-background-enabled":"default","ast-page-background-meta":{"desktop":{"background-color":"var(--ast-global-color-4)","background-image":"","background-repeat":"repeat","background-position":"center center","background-size":"auto","background-attachment":"scroll","background-type":"","background-media":"","overlay-type":"","overlay-color":"","overlay-opacity":"","overlay-gradient":""},"tablet":{"background-color":"","background-image":"","background-repeat":"repeat","background-position":"center center","background-size":"auto","background-attachment":"scroll","background-type":"","background-media":"","overlay-type":"","overlay-color":"","overlay-opacity":"","overlay-gradient":""},"mobile":{"background-color":"","background-image":"","background-repeat":"repeat","background-position":"center center","background-size":"auto","background-attachment":"scroll","background-type":"","background-media":"","overlay-type":"","overlay-color":"","overlay-opacity":"","overlay-gradient":""}},"ast-content-background-meta":{"desktop":{"background-color":"var(--ast-global-color-5)","background-image":"","background-repeat":"repeat","background-position":"center center","background-size":"auto","background-attachment":"scroll","background-type":"","background-media":"","overlay-type":"","overlay-color":"","overlay-opacity":"","overlay-gradient":""},"tablet":{"background-color":"var(--ast-global-color-5)","background-image":"","background-repeat":"repeat","background-position":"center center","background-size":"auto","background-attachment":"scroll","background-type":"","background-media":"","overlay-type":"","overlay-color":"","overlay-opacity":"","overlay-gradient":""},"mobile":{"background-color":"var(--ast-global-color-5)","background-image":"","background-repeat":"repeat","background-position":"center center","background-size":"auto","background-attachment":"scroll","background-type":"","background-media":"","overlay-type":"","overlay-color":"","overlay-opacity":"","overlay-gradient":""}},"footnotes":""},"page-categories":[],"class_list":["post-7739","page","type-page","status-publish","hentry"],"_links":{"self":[{"href":"https:\/\/kiosque.acadienouvelle.com\/concessionnaire-printemps-2026\/wp-json\/wp\/v2\/pages\/7739","targetHints":{"allow":["GET"]}}],"collection":[{"href":"https:\/\/kiosque.acadienouvelle.com\/concessionnaire-printemps-2026\/wp-json\/wp\/v2\/pages"}],"about":[{"href":"https:\/\/kiosque.acadienouvelle.com\/concessionnaire-printemps-2026\/wp-json\/wp\/v2\/types\/page"}],"author":[{"embeddable":true,"href":"https:\/\/kiosque.acadienouvelle.com\/concessionnaire-printemps-2026\/wp-json\/wp\/v2\/users\/1"}],"replies":[{"embeddable":true,"href":"https:\/\/kiosque.acadienouvelle.com\/concessionnaire-printemps-2026\/wp-json\/wp\/v2\/comments?post=7739"}],"version-history":[{"count":7,"href":"https:\/\/kiosque.acadienouvelle.com\/concessionnaire-printemps-2026\/wp-json\/wp\/v2\/pages\/7739\/revisions"}],"predecessor-version":[{"id":7775,"href":"https:\/\/kiosque.acadienouvelle.com\/concessionnaire-printemps-2026\/wp-json\/wp\/v2\/pages\/7739\/revisions\/7775"}],"wp:attachment":[{"href":"https:\/\/kiosque.acadienouvelle.com\/concessionnaire-printemps-2026\/wp-json\/wp\/v2\/media?parent=7739"}],"wp:term":[{"taxonomy":"page-categories","embeddable":true,"href":"https:\/\/kiosque.acadienouvelle.com\/concessionnaire-printemps-2026\/wp-json\/wp\/v2\/page-categories?post=7739"}],"curies":[{"name":"wp","href":"https:\/\/api.w.org\/{rel}","templated":true}]}}