{"id":7741,"date":"2026-05-05T17:29:53","date_gmt":"2026-05-05T17:29:53","guid":{"rendered":"https:\/\/kiosque.acadienouvelle.com\/concessionnaire-printemps-2026\/votre-vtt-est-il-pret-pour-la-saison\/"},"modified":"2026-05-06T18:33:48","modified_gmt":"2026-05-06T18:33:48","slug":"votre-vtt-est-il-pret-pour-la-saison","status":"publish","type":"page","link":"https:\/\/kiosque.acadienouvelle.com\/concessionnaire-printemps-2026\/votre-vtt-est-il-pret-pour-la-saison\/","title":{"rendered":"Votre VTT est-il pr\u00eat pour la saison estivale?"},"content":{"rendered":"\t\t<div data-elementor-type=\"wp-page\" data-elementor-id=\"7741\" class=\"elementor elementor-7741\" data-elementor-post-type=\"page\">\n\t\t\t\t\t\t<section class=\"elementor-section elementor-top-section elementor-element elementor-element-50c1b6e elementor-section-height-min-height header_title banner_img elementor-section-boxed elementor-section-height-default elementor-section-items-middle\" data-id=\"50c1b6e\" data-element_type=\"section\" data-e-type=\"section\" data-settings=\"{&quot;background_background&quot;:&quot;classic&quot;}\">\n\t\t\t\t\t\t\t<div class=\"elementor-background-overlay\"><\/div>\n\t\t\t\t\t\t\t<div class=\"elementor-container elementor-column-gap-default\">\n\t\t\t\t\t<div class=\"elementor-column elementor-col-100 elementor-top-column elementor-element elementor-element-3a2d241\" data-id=\"3a2d241\" data-element_type=\"column\" data-e-type=\"column\">\n\t\t\t<div class=\"elementor-widget-wrap elementor-element-populated\">\n\t\t\t\t\t\t<div class=\"elementor-element elementor-element-9673cd2 elementor-widget elementor-widget-heading\" data-id=\"9673cd2\" data-element_type=\"widget\" data-e-type=\"widget\" data-widget_type=\"heading.default\">\n\t\t\t\t<div class=\"elementor-widget-container\">\n\t\t\t\t\t<h2 class=\"elementor-heading-title elementor-size-default\">Votre VTT est-il pr\u00eat pour la saison estivale?<\/h2>\t\t\t\t<\/div>\n\t\t\t\t<\/div>\n\t\t\t\t\t<\/div>\n\t\t<\/div>\n\t\t\t\t\t<\/div>\n\t\t<\/section>\n\t\t\t\t<section class=\"elementor-section elementor-top-section elementor-element elementor-element-d9a853a elementor-section-boxed elementor-section-height-default elementor-section-height-default\" data-id=\"d9a853a\" data-element_type=\"section\" data-e-type=\"section\">\n\t\t\t\t\t\t<div class=\"elementor-container elementor-column-gap-default\">\n\t\t\t\t\t<div class=\"elementor-column elementor-col-100 elementor-top-column elementor-element elementor-element-68d9c5a page_contain\" data-id=\"68d9c5a\" data-element_type=\"column\" data-e-type=\"column\" data-settings=\"{&quot;background_background&quot;:&quot;classic&quot;}\">\n\t\t\t<div class=\"elementor-widget-wrap elementor-element-populated\">\n\t\t\t\t\t\t<div class=\"elementor-element elementor-element-50f1f9b elementor-widget elementor-widget-image\" data-id=\"50f1f9b\" data-element_type=\"widget\" data-e-type=\"widget\" data-widget_type=\"image.default\">\n\t\t\t\t<div class=\"elementor-widget-container\">\n\t\t\t\t\t\t\t\t\t\t\t\t<figure class=\"wp-caption\">\n\t\t\t\t\t\t\t\t\t\t<img fetchpriority=\"high\" decoding=\"async\" width=\"1366\" height=\"768\" src=\"https:\/\/kiosque.acadienouvelle.com\/concessionnaire-printemps-2026\/wp-content\/uploads\/sites\/399\/2026\/05\/04_Moncton-Mudrunners-13_land.jpg\" class=\"attachment-full size-full wp-image-7782\" alt=\"\" srcset=\"https:\/\/kiosque.acadienouvelle.com\/concessionnaire-printemps-2026\/wp-content\/uploads\/sites\/399\/2026\/05\/04_Moncton-Mudrunners-13_land.jpg 1366w, https:\/\/kiosque.acadienouvelle.com\/concessionnaire-printemps-2026\/wp-content\/uploads\/sites\/399\/2026\/05\/04_Moncton-Mudrunners-13_land-300x169.jpg 300w, https:\/\/kiosque.acadienouvelle.com\/concessionnaire-printemps-2026\/wp-content\/uploads\/sites\/399\/2026\/05\/04_Moncton-Mudrunners-13_land-1024x576.jpg 1024w, https:\/\/kiosque.acadienouvelle.com\/concessionnaire-printemps-2026\/wp-content\/uploads\/sites\/399\/2026\/05\/04_Moncton-Mudrunners-13_land-768x432.jpg 768w\" sizes=\"(max-width: 1366px) 100vw, 1366px\" \/>\t\t\t\t\t\t\t\t\t\t\t<figcaption class=\"widget-image-caption wp-caption-text\">De l\u2019entretien pr\u00e9ventif sur votre machine pourrait vous \u00e9viter de tomber en panne lors d\u2019une future sortie en for\u00eat. Gracieuset\u00e9 : Quad NB<\/figcaption>\n\t\t\t\t\t\t\t\t\t\t<\/figure>\n\t\t\t\t\t\t\t\t\t<\/div>\n\t\t\t\t<\/div>\n\t\t<link rel=\"stylesheet\" href=\"https:\/\/use.fontawesome.com\/releases\/v5.5.0\/css\/all.css\" integrity=\"sha384-B4dIYHKNBt8Bc12p+WXckhzcICo0wtJAoU8YZTY5qE0Id1GSseTk6S+L3BlXeVIU\" crossorigin=\"anonymous\">\r\n\t\t<div class=\"elementor-element elementor-element-d0a0a3b mobile_pera elementor-widget elementor-widget-text-editor\" data-id=\"d0a0a3b\" data-element_type=\"widget\" data-e-type=\"widget\" data-widget_type=\"text-editor.default\">\n\t\t\t\t<div class=\"elementor-widget-container\">\n\t\t\t\t\t\t\t\t\tL\u2019hiver repr\u00e9sente peut-\u00eatre la saison la plus occup\u00e9e pour la pratique des v\u00e9hicules tout-terrain (VTT) et des autoquads au Nouveau-Brunswick, mais le printemps peut \u00e9galement \u00eatre le moment id\u00e9al pour entretenir sa machine. Certains sentiers sont en effet temporairement ferm\u00e9s en raison de la fonte des neiges et ouvrent \u00e0 nouveau avec la venue du beau temps. Alors, pourquoi ne pas profiter de cette petite pause pour examiner sa machine et prendre rendez-vous chez un concessionnaire pour la faire v\u00e9rifier?\t\t\t\t\t\t\t\t<\/div>\n\t\t\t\t<\/div>\n\t\t\t\t<div class=\"elementor-element elementor-element-cea7da1 elementor-widget elementor-widget-advertisement\" data-id=\"cea7da1\" data-element_type=\"widget\" data-e-type=\"widget\" data-widget_type=\"advertisement.default\">\n\t\t\t\t<div class=\"elementor-widget-container\">\n\t\t\t\t\t<div class=\"ads-align-center\"><div style=\"min-width:300px\"  data-m32-ad data-options='{\"sizes\":\"[[300,250]]\",\"dfpId\":\"21658289790,27729547\",\"dfpAdUnitPath\":\"acadienouvelle\/cahiers_quarterpage_300x250\"}'><\/div><\/div>\t\t\t\t<\/div>\n\t\t\t\t<\/div>\n\t\t\t\t<div class=\"elementor-element elementor-element-6e284fa mobile_pera elementor-widget elementor-widget-text-editor\" data-id=\"6e284fa\" data-element_type=\"widget\" data-e-type=\"widget\" data-widget_type=\"text-editor.default\">\n\t\t\t\t<div class=\"elementor-widget-container\">\n\t\t\t\t\t\t\t\t\t\u00ab Le printemps peut aussi correspondre \u00e0 la pr\u00e9paration de la machine par une mise au point, la v\u00e9rification de la m\u00e9canique et un changement d\u2019huile pour ceux qui ont circul\u00e9 pendant l\u2019hiver. Bien s\u00fbr, il faut aussi s\u2019assurer qu\u2019on a tous les accessoires de s\u00e9curit\u00e9 pour une randonn\u00e9e harmonieuse \u00bb, souligne Jacques Ouellette, coordinateur de d\u00e9veloppement chez Quad Nouveau-Brunswick.\t\t\t\t\t\t\t\t<\/div>\n\t\t\t\t<\/div>\n\t\t\t\t<div class=\"elementor-element elementor-element-90015c0 mobile_pera elementor-widget elementor-widget-text-editor\" data-id=\"90015c0\" data-element_type=\"widget\" data-e-type=\"widget\" data-widget_type=\"text-editor.default\">\n\t\t\t\t<div class=\"elementor-widget-container\">\n\t\t\t\t\t\t\t\t\tIl recommande en plus de v\u00e9rifier la pression d\u2019air dans les pneus, puisque celle-ci diff\u00e8re d\u2019une saison \u00e0 l\u2019autre. Il mentionne \u00e9galement l\u2019importance de v\u00e9rifier le bon fonctionnement du treuil et d\u2019inspecter les joints de la machine pour des signes d\u2019usure afin de pr\u00e9venir les bris. \u00ab \u00c9tant un v\u00e9hicule hors route, les terrains sont beaucoup plus accident\u00e9s et ce que nous voyons le plus souvent est les joints cass\u00e9s \u00bb, note-t-il. \n\t\t\t\t\t\t\t\t<\/div>\n\t\t\t\t<\/div>\n\t\t\t\t<div class=\"elementor-element elementor-element-74700c6 elementor-widget elementor-widget-advertisement\" data-id=\"74700c6\" data-element_type=\"widget\" data-e-type=\"widget\" data-widget_type=\"advertisement.default\">\n\t\t\t\t<div class=\"elementor-widget-container\">\n\t\t\t\t\t<div class=\"ads-align-center\"><div style=\"min-width:300px\"  data-m32-ad data-options='{\"sizes\":\"[[300,250]]\",\"dfpId\":\"21658289790,27729547\",\"dfpAdUnitPath\":\"acadienouvelle\/cahiers_quarterpage02_300x250\"}'><\/div><\/div>\t\t\t\t<\/div>\n\t\t\t\t<\/div>\n\t\t\t\t<div class=\"elementor-element elementor-element-eb31874 mobile_pera elementor-widget elementor-widget-text-editor\" data-id=\"eb31874\" data-element_type=\"widget\" data-e-type=\"widget\" data-widget_type=\"text-editor.default\">\n\t\t\t\t<div class=\"elementor-widget-container\">\n\t\t\t\t\t\t\t\t\tLa pr\u00e9vention est donc de mise pour des sorties remplies de plaisirs sans bris m\u00e9caniques\u2009! Visitez le concessionnaire le plus pr\u00e8s de chez vous pour faire v\u00e9rifier votre machine.\n\t\t\t\t\t\t\t\t<\/div>\n\t\t\t\t<\/div>\n\t\t\t\t\t<\/div>\n\t\t<\/div>\n\t\t\t\t\t<\/div>\n\t\t<\/section>\n\t\t\t\t<\/div>\n\t\t","protected":false},"excerpt":{"rendered":"<p>Votre VTT est-il pr\u00eat pour la saison estivale? De l\u2019entretien pr\u00e9ventif sur votre machine pourrait vous \u00e9viter de tomber en panne lors d\u2019une future sortie en for\u00eat. Gracieuset\u00e9 : Quad NB L\u2019hiver repr\u00e9sente peut-\u00eatre la saison la plus occup\u00e9e pour la pratique des v\u00e9hicules tout-terrain (VTT) et des autoquads au Nouveau-Brunswick, mais le printemps peut [&hellip;]<\/p>\n","protected":false},"author":1,"featured_media":0,"parent":0,"menu_order":4,"comment_status":"closed","ping_status":"closed","template":"","meta":{"site-sidebar-layout":"no-sidebar","site-content-layout":"page-builder","ast-site-content-layout":"default","site-content-style":"default","site-sidebar-style":"default","ast-global-header-display":"","ast-banner-title-visibility":"","ast-main-header-display":"","ast-hfb-above-header-display":"","ast-hfb-below-header-display":"","ast-hfb-mobile-header-display":"","site-post-title":"disabled","ast-breadcrumbs-content":"","ast-featured-img":"disabled","footer-sml-layout":"","ast-disable-related-posts":"","theme-transparent-header-meta":"default","adv-header-id-meta":"","stick-header-meta":"","header-above-stick-meta":"","header-main-stick-meta":"","header-below-stick-meta":"","astra-migrate-meta-layouts":"default","ast-page-background-enabled":"default","ast-page-background-meta":{"desktop":{"background-color":"var(--ast-global-color-4)","background-image":"","background-repeat":"repeat","background-position":"center center","background-size":"auto","background-attachment":"scroll","background-type":"","background-media":"","overlay-type":"","overlay-color":"","overlay-opacity":"","overlay-gradient":""},"tablet":{"background-color":"","background-image":"","background-repeat":"repeat","background-position":"center center","background-size":"auto","background-attachment":"scroll","background-type":"","background-media":"","overlay-type":"","overlay-color":"","overlay-opacity":"","overlay-gradient":""},"mobile":{"background-color":"","background-image":"","background-repeat":"repeat","background-position":"center center","background-size":"auto","background-attachment":"scroll","background-type":"","background-media":"","overlay-type":"","overlay-color":"","overlay-opacity":"","overlay-gradient":""}},"ast-content-background-meta":{"desktop":{"background-color":"var(--ast-global-color-5)","background-image":"","background-repeat":"repeat","background-position":"center center","background-size":"auto","background-attachment":"scroll","background-type":"","background-media":"","overlay-type":"","overlay-color":"","overlay-opacity":"","overlay-gradient":""},"tablet":{"background-color":"var(--ast-global-color-5)","background-image":"","background-repeat":"repeat","background-position":"center center","background-size":"auto","background-attachment":"scroll","background-type":"","background-media":"","overlay-type":"","overlay-color":"","overlay-opacity":"","overlay-gradient":""},"mobile":{"background-color":"var(--ast-global-color-5)","background-image":"","background-repeat":"repeat","background-position":"center center","background-size":"auto","background-attachment":"scroll","background-type":"","background-media":"","overlay-type":"","overlay-color":"","overlay-opacity":"","overlay-gradient":""}},"footnotes":""},"page-categories":[],"class_list":["post-7741","page","type-page","status-publish","hentry"],"_links":{"self":[{"href":"https:\/\/kiosque.acadienouvelle.com\/concessionnaire-printemps-2026\/wp-json\/wp\/v2\/pages\/7741","targetHints":{"allow":["GET"]}}],"collection":[{"href":"https:\/\/kiosque.acadienouvelle.com\/concessionnaire-printemps-2026\/wp-json\/wp\/v2\/pages"}],"about":[{"href":"https:\/\/kiosque.acadienouvelle.com\/concessionnaire-printemps-2026\/wp-json\/wp\/v2\/types\/page"}],"author":[{"embeddable":true,"href":"https:\/\/kiosque.acadienouvelle.com\/concessionnaire-printemps-2026\/wp-json\/wp\/v2\/users\/1"}],"replies":[{"embeddable":true,"href":"https:\/\/kiosque.acadienouvelle.com\/concessionnaire-printemps-2026\/wp-json\/wp\/v2\/comments?post=7741"}],"version-history":[{"count":7,"href":"https:\/\/kiosque.acadienouvelle.com\/concessionnaire-printemps-2026\/wp-json\/wp\/v2\/pages\/7741\/revisions"}],"predecessor-version":[{"id":7788,"href":"https:\/\/kiosque.acadienouvelle.com\/concessionnaire-printemps-2026\/wp-json\/wp\/v2\/pages\/7741\/revisions\/7788"}],"wp:attachment":[{"href":"https:\/\/kiosque.acadienouvelle.com\/concessionnaire-printemps-2026\/wp-json\/wp\/v2\/media?parent=7741"}],"wp:term":[{"taxonomy":"page-categories","embeddable":true,"href":"https:\/\/kiosque.acadienouvelle.com\/concessionnaire-printemps-2026\/wp-json\/wp\/v2\/page-categories?post=7741"}],"curies":[{"name":"wp","href":"https:\/\/api.w.org\/{rel}","templated":true}]}}