{"id":7747,"date":"2026-05-05T17:32:45","date_gmt":"2026-05-05T17:32:45","guid":{"rendered":"https:\/\/kiosque.acadienouvelle.com\/concessionnaire-printemps-2026\/preparez-larrivee-du-printemps\/"},"modified":"2026-05-06T18:56:13","modified_gmt":"2026-05-06T18:56:13","slug":"preparez-larrivee-du-printemps","status":"publish","type":"page","link":"https:\/\/kiosque.acadienouvelle.com\/concessionnaire-printemps-2026\/preparez-larrivee-du-printemps\/","title":{"rendered":"Pr\u00e9parez l\u2019arriv\u00e9e du printemps avec un v\u00e9hicule \u00e9tincelant!"},"content":{"rendered":"\t\t<div data-elementor-type=\"wp-page\" data-elementor-id=\"7747\" class=\"elementor elementor-7747\" data-elementor-post-type=\"page\">\n\t\t\t\t\t\t<section class=\"elementor-section elementor-top-section elementor-element elementor-element-50c1b6e elementor-section-height-min-height header_title banner_img elementor-section-boxed elementor-section-height-default elementor-section-items-middle\" data-id=\"50c1b6e\" data-element_type=\"section\" data-e-type=\"section\" data-settings=\"{&quot;background_background&quot;:&quot;classic&quot;}\">\n\t\t\t\t\t\t\t<div class=\"elementor-background-overlay\"><\/div>\n\t\t\t\t\t\t\t<div class=\"elementor-container elementor-column-gap-default\">\n\t\t\t\t\t<div class=\"elementor-column elementor-col-100 elementor-top-column elementor-element elementor-element-3a2d241\" data-id=\"3a2d241\" data-element_type=\"column\" data-e-type=\"column\">\n\t\t\t<div class=\"elementor-widget-wrap elementor-element-populated\">\n\t\t\t\t\t\t<div class=\"elementor-element elementor-element-9673cd2 elementor-widget elementor-widget-heading\" data-id=\"9673cd2\" data-element_type=\"widget\" data-e-type=\"widget\" data-widget_type=\"heading.default\">\n\t\t\t\t<div class=\"elementor-widget-container\">\n\t\t\t\t\t<h2 class=\"elementor-heading-title elementor-size-default\">Pr\u00e9parez l\u2019arriv\u00e9e du printemps avec un v\u00e9hicule \u00e9tincelant!<\/h2>\t\t\t\t<\/div>\n\t\t\t\t<\/div>\n\t\t\t\t\t<\/div>\n\t\t<\/div>\n\t\t\t\t\t<\/div>\n\t\t<\/section>\n\t\t\t\t<section class=\"elementor-section elementor-top-section elementor-element elementor-element-d9a853a elementor-section-boxed elementor-section-height-default elementor-section-height-default\" data-id=\"d9a853a\" data-element_type=\"section\" data-e-type=\"section\">\n\t\t\t\t\t\t<div class=\"elementor-container elementor-column-gap-default\">\n\t\t\t\t\t<div class=\"elementor-column elementor-col-100 elementor-top-column elementor-element elementor-element-68d9c5a page_contain\" data-id=\"68d9c5a\" data-element_type=\"column\" data-e-type=\"column\" data-settings=\"{&quot;background_background&quot;:&quot;classic&quot;}\">\n\t\t\t<div class=\"elementor-widget-wrap elementor-element-populated\">\n\t\t\t\t\t\t<div class=\"elementor-element elementor-element-50f1f9b elementor-widget elementor-widget-image\" data-id=\"50f1f9b\" data-element_type=\"widget\" data-e-type=\"widget\" data-widget_type=\"image.default\">\n\t\t\t\t<div class=\"elementor-widget-container\">\n\t\t\t\t\t\t\t\t\t\t\t\t\t\t\t<img fetchpriority=\"high\" decoding=\"async\" width=\"1366\" height=\"768\" src=\"https:\/\/kiosque.acadienouvelle.com\/concessionnaire-printemps-2026\/wp-content\/uploads\/sites\/399\/2026\/05\/07_PREPAREZC_land.jpg\" class=\"attachment-full size-full wp-image-7812\" alt=\"\" srcset=\"https:\/\/kiosque.acadienouvelle.com\/concessionnaire-printemps-2026\/wp-content\/uploads\/sites\/399\/2026\/05\/07_PREPAREZC_land.jpg 1366w, https:\/\/kiosque.acadienouvelle.com\/concessionnaire-printemps-2026\/wp-content\/uploads\/sites\/399\/2026\/05\/07_PREPAREZC_land-300x169.jpg 300w, https:\/\/kiosque.acadienouvelle.com\/concessionnaire-printemps-2026\/wp-content\/uploads\/sites\/399\/2026\/05\/07_PREPAREZC_land-1024x576.jpg 1024w, https:\/\/kiosque.acadienouvelle.com\/concessionnaire-printemps-2026\/wp-content\/uploads\/sites\/399\/2026\/05\/07_PREPAREZC_land-768x432.jpg 768w\" sizes=\"(max-width: 1366px) 100vw, 1366px\" \/>\t\t\t\t\t\t\t\t\t\t\t\t\t\t\t<\/div>\n\t\t\t\t<\/div>\n\t\t<link rel=\"stylesheet\" href=\"https:\/\/use.fontawesome.com\/releases\/v5.5.0\/css\/all.css\" integrity=\"sha384-B4dIYHKNBt8Bc12p+WXckhzcICo0wtJAoU8YZTY5qE0Id1GSseTk6S+L3BlXeVIU\" crossorigin=\"anonymous\">\r\n\t\t<div class=\"elementor-element elementor-element-d0a0a3b mobile_pera elementor-widget elementor-widget-text-editor\" data-id=\"d0a0a3b\" data-element_type=\"widget\" data-e-type=\"widget\" data-widget_type=\"text-editor.default\">\n\t\t\t\t<div class=\"elementor-widget-container\">\n\t\t\t\t\t\t\t\t\tApr\u00e8s les longs mois d\u2019hiver, il n\u2019est pas rare qu\u2019une voiture ait besoin d\u2019une petite mise \u00e0 niveau afin d\u2019\u00eatre pr\u00eate au retour du beau temps et des escapades routi\u00e8res. Le printemps est l\u2019occasion id\u00e9ale de rappeler les bonnes pratiques en mati\u00e8re d\u2019entretien automobile.\t\t\t\t\t\t\t\t<\/div>\n\t\t\t\t<\/div>\n\t\t\t\t<div class=\"elementor-element elementor-element-0b6ad93 mobile_pera elementor-widget elementor-widget-text-editor\" data-id=\"0b6ad93\" data-element_type=\"widget\" data-e-type=\"widget\" data-widget_type=\"text-editor.default\">\n\t\t\t\t<div class=\"elementor-widget-container\">\n\t\t\t\t\t\t\t\t\t<p><b>Un lavage en profondeur<\/b><\/p>\t\t\t\t\t\t\t\t<\/div>\n\t\t\t\t<\/div>\n\t\t\t\t<div class=\"elementor-element elementor-element-46541f5 mobile_pera elementor-widget elementor-widget-text-editor\" data-id=\"46541f5\" data-element_type=\"widget\" data-e-type=\"widget\" data-widget_type=\"text-editor.default\">\n\t\t\t\t<div class=\"elementor-widget-container\">\n\t\t\t\t\t\t\t\t\tLa saison froide est sans contredit une p\u00e9riode difficile pour les voitures : abrasifs, gadoue, glace, boue, eau\u2026 Une fois le printemps arriv\u00e9, la salet\u00e9 s\u2019est incrust\u00e9e un peu partout! Profitez des temp\u00e9ratures plus cl\u00e9mentes pour laver en profondeur la carrosserie, les jantes, l\u2019int\u00e9rieur des ailes et tout autre endroit possible avec des produits d\u2019entretien de qualit\u00e9 con\u00e7us pour l\u2019auto.\n\t\t\t\t\t\t\t\t<\/div>\n\t\t\t\t<\/div>\n\t\t\t\t<div class=\"elementor-element elementor-element-fa5caed mobile_pera elementor-widget elementor-widget-text-editor\" data-id=\"fa5caed\" data-element_type=\"widget\" data-e-type=\"widget\" data-widget_type=\"text-editor.default\">\n\t\t\t\t<div class=\"elementor-widget-container\">\n\t\t\t\t\t\t\t\t\tIl en va de m\u00eame pour l\u2019habitacle. Enlevez les tapis protecteurs et passez un bon coup d\u2019aspirateur pour retirer tous les d\u00e9bris qui se sont accumul\u00e9s sur le plancher. Ensuite, \u00e0 l\u2019aide d\u2019un chiffon et d\u2019une solution d\u2019eau et de vinaigre, faites dispara\u00eetre les cernes de calcium et les traces de gadoue. Profitez \u00e9galement de l\u2019occasion pour ranger les accessoires dont vous n\u2019aurez plus besoin avant plusieurs mois, comme votre balai \u00e0 neige ou votre pelle.\n\t\t\t\t\t\t\t\t<\/div>\n\t\t\t\t<\/div>\n\t\t\t\t<div class=\"elementor-element elementor-element-2b6099a elementor-widget elementor-widget-advertisement\" data-id=\"2b6099a\" data-element_type=\"widget\" data-e-type=\"widget\" data-widget_type=\"advertisement.default\">\n\t\t\t\t<div class=\"elementor-widget-container\">\n\t\t\t\t\t<div class=\"ads-align-center\"><div style=\"min-width:320px\"  data-m32-ad data-options='{\"sizes\":\"[[320,480]]\",\"dfpId\":\"21658289790,27729547\",\"dfpAdUnitPath\":\"acadienouvelle\/cahiers_halfpage_320x480\"}'><\/div><\/div>\t\t\t\t<\/div>\n\t\t\t\t<\/div>\n\t\t\t\t<div class=\"elementor-element elementor-element-8d00f34 mobile_pera elementor-widget elementor-widget-text-editor\" data-id=\"8d00f34\" data-element_type=\"widget\" data-e-type=\"widget\" data-widget_type=\"text-editor.default\">\n\t\t\t\t<div class=\"elementor-widget-container\">\n\t\t\t\t\t\t\t\t\t<p><b>Une inspection professionnelle<\/b><\/p>\t\t\t\t\t\t\t\t<\/div>\n\t\t\t\t<\/div>\n\t\t\t\t<div class=\"elementor-element elementor-element-d1df22f mobile_pera elementor-widget elementor-widget-text-editor\" data-id=\"d1df22f\" data-element_type=\"widget\" data-e-type=\"widget\" data-widget_type=\"text-editor.default\">\n\t\t\t\t<div class=\"elementor-widget-container\">\n\t\t\t\t\t\t\t\t\tPuisque les conditions m\u00e9t\u00e9orologiques hivernales peuvent affecter le fonctionnement de votre voiture, il est toujours conseill\u00e9 de prendre un rendez-vous dans un atelier de m\u00e9canique pour effectuer un bilan printanier. Votre m\u00e9canicien pourra v\u00e9rifier le niveau des fluides, les filtres, le parall\u00e9lisme des roues, l\u2019efficacit\u00e9 des freins, l\u2019\u00e9tat de la batterie et plus encore.\t\t\t\t\t\t\t\t<\/div>\n\t\t\t\t<\/div>\n\t\t\t\t<div class=\"elementor-element elementor-element-18808ff mobile_pera elementor-widget elementor-widget-text-editor\" data-id=\"18808ff\" data-element_type=\"widget\" data-e-type=\"widget\" data-widget_type=\"text-editor.default\">\n\t\t\t\t<div class=\"elementor-widget-container\">\n\t\t\t\t\t\t\t\t\tUne voiture fin pr\u00eate et toute propre vous garantira la paix d\u2019esprit avant de planifier vos sorties ensoleill\u00e9es. \u00c0 l\u2019occasion du printemps, pensez \u00e0 visiter un garage pr\u00e8s de chez vous!\n\t\t\t\t\t\t\t\t<\/div>\n\t\t\t\t<\/div>\n\t\t\t\t<div class=\"elementor-element elementor-element-073dff9 mobile_pera elementor-widget elementor-widget-text-editor\" data-id=\"073dff9\" data-element_type=\"widget\" data-e-type=\"widget\" data-widget_type=\"text-editor.default\">\n\t\t\t\t<div class=\"elementor-widget-container\">\n\t\t\t\t\t\t\t\t\t<em>Source : textuel.ca<\/em>\t\t\t\t\t\t\t\t<\/div>\n\t\t\t\t<\/div>\n\t\t\t\t\t<\/div>\n\t\t<\/div>\n\t\t\t\t\t<\/div>\n\t\t<\/section>\n\t\t\t\t<\/div>\n\t\t","protected":false},"excerpt":{"rendered":"<p>Pr\u00e9parez l\u2019arriv\u00e9e du printemps avec un v\u00e9hicule \u00e9tincelant! Apr\u00e8s les longs mois d\u2019hiver, il n\u2019est pas rare qu\u2019une voiture ait besoin d\u2019une petite mise \u00e0 niveau afin d\u2019\u00eatre pr\u00eate au retour du beau temps et des escapades routi\u00e8res. Le printemps est l\u2019occasion id\u00e9ale de rappeler les bonnes pratiques en mati\u00e8re d\u2019entretien automobile. Un lavage en [&hellip;]<\/p>\n","protected":false},"author":1,"featured_media":0,"parent":0,"menu_order":7,"comment_status":"closed","ping_status":"closed","template":"","meta":{"site-sidebar-layout":"no-sidebar","site-content-layout":"page-builder","ast-site-content-layout":"default","site-content-style":"default","site-sidebar-style":"default","ast-global-header-display":"","ast-banner-title-visibility":"","ast-main-header-display":"","ast-hfb-above-header-display":"","ast-hfb-below-header-display":"","ast-hfb-mobile-header-display":"","site-post-title":"disabled","ast-breadcrumbs-content":"","ast-featured-img":"disabled","footer-sml-layout":"","ast-disable-related-posts":"","theme-transparent-header-meta":"default","adv-header-id-meta":"","stick-header-meta":"","header-above-stick-meta":"","header-main-stick-meta":"","header-below-stick-meta":"","astra-migrate-meta-layouts":"default","ast-page-background-enabled":"default","ast-page-background-meta":{"desktop":{"background-color":"var(--ast-global-color-4)","background-image":"","background-repeat":"repeat","background-position":"center center","background-size":"auto","background-attachment":"scroll","background-type":"","background-media":"","overlay-type":"","overlay-color":"","overlay-opacity":"","overlay-gradient":""},"tablet":{"background-color":"","background-image":"","background-repeat":"repeat","background-position":"center center","background-size":"auto","background-attachment":"scroll","background-type":"","background-media":"","overlay-type":"","overlay-color":"","overlay-opacity":"","overlay-gradient":""},"mobile":{"background-color":"","background-image":"","background-repeat":"repeat","background-position":"center center","background-size":"auto","background-attachment":"scroll","background-type":"","background-media":"","overlay-type":"","overlay-color":"","overlay-opacity":"","overlay-gradient":""}},"ast-content-background-meta":{"desktop":{"background-color":"var(--ast-global-color-5)","background-image":"","background-repeat":"repeat","background-position":"center center","background-size":"auto","background-attachment":"scroll","background-type":"","background-media":"","overlay-type":"","overlay-color":"","overlay-opacity":"","overlay-gradient":""},"tablet":{"background-color":"var(--ast-global-color-5)","background-image":"","background-repeat":"repeat","background-position":"center center","background-size":"auto","background-attachment":"scroll","background-type":"","background-media":"","overlay-type":"","overlay-color":"","overlay-opacity":"","overlay-gradient":""},"mobile":{"background-color":"var(--ast-global-color-5)","background-image":"","background-repeat":"repeat","background-position":"center center","background-size":"auto","background-attachment":"scroll","background-type":"","background-media":"","overlay-type":"","overlay-color":"","overlay-opacity":"","overlay-gradient":""}},"footnotes":""},"page-categories":[],"class_list":["post-7747","page","type-page","status-publish","hentry"],"_links":{"self":[{"href":"https:\/\/kiosque.acadienouvelle.com\/concessionnaire-printemps-2026\/wp-json\/wp\/v2\/pages\/7747","targetHints":{"allow":["GET"]}}],"collection":[{"href":"https:\/\/kiosque.acadienouvelle.com\/concessionnaire-printemps-2026\/wp-json\/wp\/v2\/pages"}],"about":[{"href":"https:\/\/kiosque.acadienouvelle.com\/concessionnaire-printemps-2026\/wp-json\/wp\/v2\/types\/page"}],"author":[{"embeddable":true,"href":"https:\/\/kiosque.acadienouvelle.com\/concessionnaire-printemps-2026\/wp-json\/wp\/v2\/users\/1"}],"replies":[{"embeddable":true,"href":"https:\/\/kiosque.acadienouvelle.com\/concessionnaire-printemps-2026\/wp-json\/wp\/v2\/comments?post=7747"}],"version-history":[{"count":7,"href":"https:\/\/kiosque.acadienouvelle.com\/concessionnaire-printemps-2026\/wp-json\/wp\/v2\/pages\/7747\/revisions"}],"predecessor-version":[{"id":7815,"href":"https:\/\/kiosque.acadienouvelle.com\/concessionnaire-printemps-2026\/wp-json\/wp\/v2\/pages\/7747\/revisions\/7815"}],"wp:attachment":[{"href":"https:\/\/kiosque.acadienouvelle.com\/concessionnaire-printemps-2026\/wp-json\/wp\/v2\/media?parent=7747"}],"wp:term":[{"taxonomy":"page-categories","embeddable":true,"href":"https:\/\/kiosque.acadienouvelle.com\/concessionnaire-printemps-2026\/wp-json\/wp\/v2\/page-categories?post=7747"}],"curies":[{"name":"wp","href":"https:\/\/api.w.org\/{rel}","templated":true}]}}