{"id":8214,"date":"2025-10-20T12:28:30","date_gmt":"2025-10-20T12:28:30","guid":{"rendered":"https:\/\/kiosque.acadienouvelle.com\/coup-oeil-caraquet-05-2025\/?page_id=8214"},"modified":"2025-10-22T17:35:41","modified_gmt":"2025-10-22T17:35:41","slug":"150e-de-laffaire-louis-mailloux-une-annee-de-memoire","status":"publish","type":"page","link":"https:\/\/kiosque.acadienouvelle.com\/coup-oeil-caraquet-05-2025\/150e-de-laffaire-louis-mailloux-une-annee-de-memoire\/","title":{"rendered":"150<sup>e<\/sup> de l\u2019affaire Louis Mailloux &#8211; Une ann\u00e9e de m\u00e9moire et de fiert\u00e9 \u00e0 Caraquet"},"content":{"rendered":"\t\t<div data-elementor-type=\"wp-page\" data-elementor-id=\"8214\" class=\"elementor elementor-8214\" data-elementor-post-type=\"page\">\n\t\t\t\t\t\t<section class=\"elementor-section elementor-top-section elementor-element elementor-element-96efe8d header_title banner_img elementor-section-full_width elementor-section-stretched elementor-section-height-default elementor-section-height-default\" data-id=\"96efe8d\" data-element_type=\"section\" data-e-type=\"section\" data-settings=\"{&quot;background_background&quot;:&quot;classic&quot;,&quot;stretch_section&quot;:&quot;section-stretched&quot;}\">\n\t\t\t\t\t\t\t<div class=\"elementor-background-overlay\"><\/div>\n\t\t\t\t\t\t\t<div class=\"elementor-container elementor-column-gap-default\">\n\t\t\t\t\t<div class=\"elementor-column elementor-col-100 elementor-top-column elementor-element elementor-element-76f7561\" data-id=\"76f7561\" data-element_type=\"column\" data-e-type=\"column\" data-settings=\"{&quot;background_background&quot;:&quot;classic&quot;}\">\n\t\t\t<div class=\"elementor-widget-wrap elementor-element-populated\">\n\t\t\t\t\t\t<div class=\"elementor-element elementor-element-62c27dd elementor-widget elementor-widget-heading\" data-id=\"62c27dd\" data-element_type=\"widget\" data-e-type=\"widget\" data-widget_type=\"heading.default\">\n\t\t\t\t<div class=\"elementor-widget-container\">\n\t\t\t\t\t<h2 class=\"elementor-heading-title elementor-size-default\">150<sup>e<\/sup> de l\u2019affaire Louis Mailloux - Une ann\u00e9e de m\u00e9moire et de fiert\u00e9 \u00e0 Caraquet<\/h2>\t\t\t\t<\/div>\n\t\t\t\t<\/div>\n\t\t\t\t\t<\/div>\n\t\t<\/div>\n\t\t\t\t\t<\/div>\n\t\t<\/section>\n\t\t\t\t<section class=\"elementor-section elementor-top-section elementor-element elementor-element-d9a853a elementor-section-boxed elementor-section-height-default elementor-section-height-default\" data-id=\"d9a853a\" data-element_type=\"section\" data-e-type=\"section\">\n\t\t\t\t\t\t<div class=\"elementor-container elementor-column-gap-default\">\n\t\t\t\t\t<div class=\"elementor-column elementor-col-100 elementor-top-column elementor-element elementor-element-68d9c5a page_contain\" data-id=\"68d9c5a\" data-element_type=\"column\" data-e-type=\"column\" data-settings=\"{&quot;background_background&quot;:&quot;classic&quot;}\">\n\t\t\t<div class=\"elementor-widget-wrap elementor-element-populated\">\n\t\t\t\t\t\t<div class=\"elementor-element elementor-element-50f1f9b elementor-widget elementor-widget-image\" data-id=\"50f1f9b\" data-element_type=\"widget\" data-e-type=\"widget\" data-widget_type=\"image.default\">\n\t\t\t\t<div class=\"elementor-widget-container\">\n\t\t\t\t\t\t\t\t\t\t\t\t<figure class=\"wp-caption\">\n\t\t\t\t\t\t\t\t\t\t<img fetchpriority=\"high\" decoding=\"async\" width=\"1366\" height=\"768\" src=\"https:\/\/kiosque.acadienouvelle.com\/coup-oeil-caraquet-05-2025\/wp-content\/uploads\/sites\/360\/2025\/10\/04_photo-concert_land.jpg\" class=\"attachment-full size-full wp-image-8199\" alt=\"\" srcset=\"https:\/\/kiosque.acadienouvelle.com\/coup-oeil-caraquet-05-2025\/wp-content\/uploads\/sites\/360\/2025\/10\/04_photo-concert_land.jpg 1366w, https:\/\/kiosque.acadienouvelle.com\/coup-oeil-caraquet-05-2025\/wp-content\/uploads\/sites\/360\/2025\/10\/04_photo-concert_land-300x169.jpg 300w, https:\/\/kiosque.acadienouvelle.com\/coup-oeil-caraquet-05-2025\/wp-content\/uploads\/sites\/360\/2025\/10\/04_photo-concert_land-1024x576.jpg 1024w, https:\/\/kiosque.acadienouvelle.com\/coup-oeil-caraquet-05-2025\/wp-content\/uploads\/sites\/360\/2025\/10\/04_photo-concert_land-768x432.jpg 768w\" sizes=\"(max-width: 1366px) 100vw, 1366px\" \/>\t\t\t\t\t\t\t\t\t\t\t<figcaption class=\"widget-image-caption wp-caption-text\">L\u2019\u00e9v\u00e9nement Louis-Mailloux Symphonique pr\u00e9sent\u00e9 dans le cadre du Festival acadien a rempli au maximum de sa capacit\u00e9 le Carrefour de la mer. (Photo : Julie D\u2019Amour-L\u00e9ger)<\/figcaption>\n\t\t\t\t\t\t\t\t\t\t<\/figure>\n\t\t\t\t\t\t\t\t\t<\/div>\n\t\t\t\t<\/div>\n\t\t<link rel=\"stylesheet\" href=\"https:\/\/use.fontawesome.com\/releases\/v5.5.0\/css\/all.css\" integrity=\"sha384-B4dIYHKNBt8Bc12p+WXckhzcICo0wtJAoU8YZTY5qE0Id1GSseTk6S+L3BlXeVIU\" crossorigin=\"anonymous\">\r\n\t\t<div class=\"elementor-element elementor-element-d0a0a3b mobile_pera elementor-widget elementor-widget-text-editor\" data-id=\"d0a0a3b\" data-element_type=\"widget\" data-e-type=\"widget\" data-widget_type=\"text-editor.default\">\n\t\t\t\t<div class=\"elementor-widget-container\">\n\t\t\t\t\t\t\t\t\tL\u2019ann\u00e9e 2025 marque un jalon historique pour la Ville de Caraquet : le 150<sup>e<\/sup> anniversaire de l\u2019affaire Louis Mailloux. \u00c0 travers une programmation riche et \u00e9mouvante, notre communaut\u00e9 s\u2019est rassembl\u00e9e pour honorer cet \u00e9pisode fondateur de notre histoire acadienne. Voici un aper\u00e7u des activit\u00e9s qui ont ponctu\u00e9 cette ann\u00e9e de comm\u00e9moration :\t\t\t\t\t\t\t\t<\/div>\n\t\t\t\t<\/div>\n\t\t\t\t<div class=\"elementor-element elementor-element-06bf450 elementor-widget elementor-widget-advertisement\" data-id=\"06bf450\" data-element_type=\"widget\" data-e-type=\"widget\" data-widget_type=\"advertisement.default\">\n\t\t\t\t<div class=\"elementor-widget-container\">\n\t\t\t\t\t<div class=\"ads-align-center\"><div data-m32-ad data-options='{\"sizes\":\"[[300,100]]\",\"dfpId\":\"21658289790,27729547\",\"dfpAdUnitPath\":\"acadienouvelle\/cahiers_onefifthpage_300x100\"}'><\/div><\/div>\t\t\t\t<\/div>\n\t\t\t\t<\/div>\n\t\t\t\t<div class=\"elementor-element elementor-element-0b6ad93 mobile_pera elementor-widget elementor-widget-text-editor\" data-id=\"0b6ad93\" data-element_type=\"widget\" data-e-type=\"widget\" data-widget_type=\"text-editor.default\">\n\t\t\t\t<div class=\"elementor-widget-container\">\n\t\t\t\t\t\t\t\t\t<b>\u00a0\u00c9v\u00e9nements marquants du 150<sup>e<\/sup><\/b>\t\t\t\t\t\t\t\t<\/div>\n\t\t\t\t<\/div>\n\t\t\t\t<div class=\"elementor-element elementor-element-96687b3 mobile_pera elementor-widget elementor-widget-text-editor\" data-id=\"96687b3\" data-element_type=\"widget\" data-e-type=\"widget\" data-widget_type=\"text-editor.default\">\n\t\t\t\t<div class=\"elementor-widget-container\">\n\t\t\t\t\t\t\t\t\t<ul><li><strong>Janvier :<\/strong> Ouverture avec un\u00a0<span style=\"font-style: inherit; font-weight: inherit;\">Rendez-vous d\u2019Histoire\u00a0<\/span><\/li><li><strong>F\u00e9vrier :<\/strong> Messe comm\u00e9morative des fun\u00e9railles de Louis Mailloux<\/li><li><strong>Mars :<\/strong> D\u00e9signation officielle de l\u2019\u00e9meute de Caraquet de 1875 comme \u00e9v\u00e9nement historique national par la Commission des lieux et monuments historiques\u00a0<span style=\"font-style: inherit; font-weight: inherit;\">du Canada<\/span><\/li><li><strong>Avril :<\/strong> Reprise du Rendez-vous d\u2019Histoire\u00a0<\/li><li><strong>Mai :<\/strong><ul><li>Colloque scientifique sur les droits linguistiques<\/li><li>Conf\u00e9rence sur l\u2019\u00e9v\u00e9nement \u00e0 l\u2019Association francophone des enseignants du Nouveau-Brunswick\u00a0<\/li><\/ul><\/li><li><strong>Juin :<\/strong> Lancement de la pi\u00e8ce Les \u00c9meutiers par le TPA et installation de l\u2019enseigne promotionnelle sur le site de l\u2019\u00e9v\u00e9nement.<\/li><li><strong>Ao\u00fbt :<\/strong><ul><li>Lancement du circuit historique, de l\u2019exposition du Mus\u00e9e acadien et de la programmation \u00e0 venir.<\/li><li>Concert symphonique Louis-Mailloux.<\/li><li>Rencontre des familles Mailloux.<\/li><li>D\u00e9voilement de la pierre tombale de Louis Mailloux\u00a0<\/li><li>Circuit \u00ab parcours de l\u2019\u00e9v\u00e9nement \u00bb avec Bernard Th\u00e9riault.<\/li><\/ul><\/li><li><strong>Septembre :<\/strong><ul><li>Rendez-vous d\u2019Histoire sur les familles de Caraquet et la g\u00e9n\u00e9alogie de la famille Mailloux.<\/li><li>Conf\u00e9rence sur l\u2019\u00e9v\u00e9nement,\u00a0<span style=\"font-style: inherit; font-weight: inherit;\">\u00e0 la magistrature canadienne<\/span><\/li><\/ul><\/li><\/ul>\t\t\t\t\t\t\t\t<\/div>\n\t\t\t\t<\/div>\n\t\t\t\t<div class=\"elementor-element elementor-element-b7a6131 elementor-widget elementor-widget-advertisement\" data-id=\"b7a6131\" data-element_type=\"widget\" data-e-type=\"widget\" data-widget_type=\"advertisement.default\">\n\t\t\t\t<div class=\"elementor-widget-container\">\n\t\t\t\t\t<div class=\"ads-align-center\"><div data-m32-ad data-options='{\"sizes\":\"[[300,100]]\",\"dfpId\":\"21658289790,27729547\",\"dfpAdUnitPath\":\"acadienouvelle\/cahiers_onefifthpage02_300x100\"}'><\/div><\/div>\t\t\t\t<\/div>\n\t\t\t\t<\/div>\n\t\t\t\t<div class=\"elementor-element elementor-element-5f963a7 mobile_pera elementor-widget elementor-widget-text-editor\" data-id=\"5f963a7\" data-element_type=\"widget\" data-e-type=\"widget\" data-widget_type=\"text-editor.default\">\n\t\t\t\t<div class=\"elementor-widget-container\">\n\t\t\t\t\t\t\t\t\t<h1><span style=\"color: #000000;\">Et ce n\u2019est pas fini\u2026<\/span><\/h1>\n<p>D\u2019autres activit\u00e9s viendront clore cette ann\u00e9e m\u00e9morable, dont les d\u00e9tails seront annonc\u00e9s sous peu, entre autres, la repr\u00e9sentation de la pi\u00e8ce Les \u00c9meutiers par le Th\u00e9\u00e2tre Populaire d\u2019Acadie \u00e0 la Bo\u00eete Th\u00e9\u00e2tre les 18 et 19 novembre.<\/p>\n<p><span style=\"font-style: inherit; font-weight: inherit;\">Le 150<sup>e<\/sup> de l\u2019Affaire Louis Mailloux&nbsp;<\/span><span style=\"font-style: inherit; font-weight: inherit;\">a su raviver notre m\u00e9moire collective et nous l\u2019esp\u00e9rons, inspirer une nouvelle g\u00e9n\u00e9ration \u00e0 porter fi\u00e8rement notre h\u00e9ritage. Merci \u00e0 toutes celles et \u00e0 tous ceux qui ont contribu\u00e9 \u00e0&nbsp;<\/span><span style=\"font-style: inherit; font-weight: inherit;\">faire de cette comm\u00e9moration un v\u00e9ritable succ\u00e8s.<\/span><\/p>\t\t\t\t\t\t\t\t<\/div>\n\t\t\t\t<\/div>\n\t\t\t\t<div class=\"elementor-element elementor-element-0bec2cb mobile_pera elementor-widget elementor-widget-text-editor\" data-id=\"0bec2cb\" data-element_type=\"widget\" data-e-type=\"widget\" data-widget_type=\"text-editor.default\">\n\t\t\t\t<div class=\"elementor-widget-container\">\n\t\t\t\t\t\t\t\t\t<i>Source : Aline Landry, agente de patrimoine\u00a0<\/i><i style=\"font-weight: inherit;\">et gestionnaire des arr\u00eat\u00e9s municipaux \u00e0 la ville de Caraquet<\/i>\t\t\t\t\t\t\t\t<\/div>\n\t\t\t\t<\/div>\n\t\t\t\t<div class=\"elementor-element elementor-element-aaaf7ac elementor-widget elementor-widget-image\" data-id=\"aaaf7ac\" data-element_type=\"widget\" data-e-type=\"widget\" data-widget_type=\"image.default\">\n\t\t\t\t<div class=\"elementor-widget-container\">\n\t\t\t\t\t\t\t\t\t\t\t\t\t\t\t<img decoding=\"async\" width=\"477\" height=\"1024\" src=\"https:\/\/kiosque.acadienouvelle.com\/coup-oeil-caraquet-05-2025\/wp-content\/uploads\/sites\/360\/2025\/10\/04_Acces-sante-aines-477x1024.jpg\" class=\"attachment-large size-large wp-image-8418\" alt=\"\" srcset=\"https:\/\/kiosque.acadienouvelle.com\/coup-oeil-caraquet-05-2025\/wp-content\/uploads\/sites\/360\/2025\/10\/04_Acces-sante-aines-477x1024.jpg 477w, https:\/\/kiosque.acadienouvelle.com\/coup-oeil-caraquet-05-2025\/wp-content\/uploads\/sites\/360\/2025\/10\/04_Acces-sante-aines-140x300.jpg 140w, https:\/\/kiosque.acadienouvelle.com\/coup-oeil-caraquet-05-2025\/wp-content\/uploads\/sites\/360\/2025\/10\/04_Acces-sante-aines.jpg 682w\" sizes=\"(max-width: 477px) 100vw, 477px\" \/>\t\t\t\t\t\t\t\t\t\t\t\t\t\t\t<\/div>\n\t\t\t\t<\/div>\n\t\t\t\t\t<\/div>\n\t\t<\/div>\n\t\t\t\t\t<\/div>\n\t\t<\/section>\n\t\t\t\t<\/div>\n\t\t","protected":false},"excerpt":{"rendered":"<p>150e de l\u2019affaire Louis Mailloux &#8211; Une ann\u00e9e de m\u00e9moire et de fiert\u00e9 \u00e0 Caraquet L\u2019\u00e9v\u00e9nement Louis-Mailloux Symphonique pr\u00e9sent\u00e9 dans le cadre du Festival acadien a rempli au maximum de sa capacit\u00e9 le Carrefour de la mer. (Photo : Julie D\u2019Amour-L\u00e9ger) L\u2019ann\u00e9e 2025 marque un jalon historique pour la Ville de Caraquet : le 150e [&hellip;]<\/p>\n","protected":false},"author":1,"featured_media":0,"parent":0,"menu_order":4,"comment_status":"closed","ping_status":"closed","template":"","meta":{"site-sidebar-layout":"no-sidebar","site-content-layout":"page-builder","ast-site-content-layout":"default","site-content-style":"default","site-sidebar-style":"default","ast-global-header-display":"","ast-banner-title-visibility":"","ast-main-header-display":"","ast-hfb-above-header-display":"","ast-hfb-below-header-display":"","ast-hfb-mobile-header-display":"","site-post-title":"disabled","ast-breadcrumbs-content":"","ast-featured-img":"disabled","footer-sml-layout":"","ast-disable-related-posts":"","theme-transparent-header-meta":"default","adv-header-id-meta":"","stick-header-meta":"","header-above-stick-meta":"","header-main-stick-meta":"","header-below-stick-meta":"","astra-migrate-meta-layouts":"default","ast-page-background-enabled":"default","ast-page-background-meta":{"desktop":{"background-color":"var(--ast-global-color-4)","background-image":"","background-repeat":"repeat","background-position":"center center","background-size":"auto","background-attachment":"scroll","background-type":"","background-media":"","overlay-type":"","overlay-color":"","overlay-opacity":"","overlay-gradient":""},"tablet":{"background-color":"","background-image":"","background-repeat":"repeat","background-position":"center center","background-size":"auto","background-attachment":"scroll","background-type":"","background-media":"","overlay-type":"","overlay-color":"","overlay-opacity":"","overlay-gradient":""},"mobile":{"background-color":"","background-image":"","background-repeat":"repeat","background-position":"center center","background-size":"auto","background-attachment":"scroll","background-type":"","background-media":"","overlay-type":"","overlay-color":"","overlay-opacity":"","overlay-gradient":""}},"ast-content-background-meta":{"desktop":{"background-color":"var(--ast-global-color-5)","background-image":"","background-repeat":"repeat","background-position":"center center","background-size":"auto","background-attachment":"scroll","background-type":"","background-media":"","overlay-type":"","overlay-color":"","overlay-opacity":"","overlay-gradient":""},"tablet":{"background-color":"var(--ast-global-color-5)","background-image":"","background-repeat":"repeat","background-position":"center center","background-size":"auto","background-attachment":"scroll","background-type":"","background-media":"","overlay-type":"","overlay-color":"","overlay-opacity":"","overlay-gradient":""},"mobile":{"background-color":"var(--ast-global-color-5)","background-image":"","background-repeat":"repeat","background-position":"center center","background-size":"auto","background-attachment":"scroll","background-type":"","background-media":"","overlay-type":"","overlay-color":"","overlay-opacity":"","overlay-gradient":""}},"footnotes":""},"page-categories":[],"class_list":["post-8214","page","type-page","status-publish","hentry"],"_links":{"self":[{"href":"https:\/\/kiosque.acadienouvelle.com\/coup-oeil-caraquet-05-2025\/wp-json\/wp\/v2\/pages\/8214","targetHints":{"allow":["GET"]}}],"collection":[{"href":"https:\/\/kiosque.acadienouvelle.com\/coup-oeil-caraquet-05-2025\/wp-json\/wp\/v2\/pages"}],"about":[{"href":"https:\/\/kiosque.acadienouvelle.com\/coup-oeil-caraquet-05-2025\/wp-json\/wp\/v2\/types\/page"}],"author":[{"embeddable":true,"href":"https:\/\/kiosque.acadienouvelle.com\/coup-oeil-caraquet-05-2025\/wp-json\/wp\/v2\/users\/1"}],"replies":[{"embeddable":true,"href":"https:\/\/kiosque.acadienouvelle.com\/coup-oeil-caraquet-05-2025\/wp-json\/wp\/v2\/comments?post=8214"}],"version-history":[{"count":24,"href":"https:\/\/kiosque.acadienouvelle.com\/coup-oeil-caraquet-05-2025\/wp-json\/wp\/v2\/pages\/8214\/revisions"}],"predecessor-version":[{"id":8474,"href":"https:\/\/kiosque.acadienouvelle.com\/coup-oeil-caraquet-05-2025\/wp-json\/wp\/v2\/pages\/8214\/revisions\/8474"}],"wp:attachment":[{"href":"https:\/\/kiosque.acadienouvelle.com\/coup-oeil-caraquet-05-2025\/wp-json\/wp\/v2\/media?parent=8214"}],"wp:term":[{"taxonomy":"page-categories","embeddable":true,"href":"https:\/\/kiosque.acadienouvelle.com\/coup-oeil-caraquet-05-2025\/wp-json\/wp\/v2\/page-categories?post=8214"}],"curies":[{"name":"wp","href":"https:\/\/api.w.org\/{rel}","templated":true}]}}