{"id":8226,"date":"2025-10-20T12:36:12","date_gmt":"2025-10-20T12:36:12","guid":{"rendered":"https:\/\/kiosque.acadienouvelle.com\/coup-oeil-caraquet-05-2025\/?page_id=8226"},"modified":"2025-10-21T19:53:28","modified_gmt":"2025-10-21T19:53:28","slug":"felicitations-a-cette-belle-cohorte","status":"publish","type":"page","link":"https:\/\/kiosque.acadienouvelle.com\/coup-oeil-caraquet-05-2025\/felicitations-a-cette-belle-cohorte\/","title":{"rendered":"F\u00e9licitations \u00e0 cette belle cohorte!"},"content":{"rendered":"\t\t<div data-elementor-type=\"wp-page\" data-elementor-id=\"8226\" class=\"elementor elementor-8226\" data-elementor-post-type=\"page\">\n\t\t\t\t\t\t<section class=\"elementor-section elementor-top-section elementor-element elementor-element-96efe8d header_title banner_img elementor-section-full_width elementor-section-stretched elementor-section-height-default elementor-section-height-default\" data-id=\"96efe8d\" data-element_type=\"section\" data-e-type=\"section\" data-settings=\"{&quot;background_background&quot;:&quot;classic&quot;,&quot;stretch_section&quot;:&quot;section-stretched&quot;}\">\n\t\t\t\t\t\t\t<div class=\"elementor-background-overlay\"><\/div>\n\t\t\t\t\t\t\t<div class=\"elementor-container elementor-column-gap-default\">\n\t\t\t\t\t<div class=\"elementor-column elementor-col-100 elementor-top-column elementor-element elementor-element-76f7561\" data-id=\"76f7561\" data-element_type=\"column\" data-e-type=\"column\" data-settings=\"{&quot;background_background&quot;:&quot;classic&quot;}\">\n\t\t\t<div class=\"elementor-widget-wrap elementor-element-populated\">\n\t\t\t\t\t\t<div class=\"elementor-element elementor-element-b8f2964 elementor-widget elementor-widget-heading\" data-id=\"b8f2964\" data-element_type=\"widget\" data-e-type=\"widget\" data-widget_type=\"heading.default\">\n\t\t\t\t<div class=\"elementor-widget-container\">\n\t\t\t\t\t<h2 class=\"elementor-heading-title elementor-size-default\">F\u00e9licitations \u00e0 cette belle cohorte!<\/h2>\t\t\t\t<\/div>\n\t\t\t\t<\/div>\n\t\t\t\t\t<\/div>\n\t\t<\/div>\n\t\t\t\t\t<\/div>\n\t\t<\/section>\n\t\t\t\t<section class=\"elementor-section elementor-top-section elementor-element elementor-element-d9a853a elementor-section-boxed elementor-section-height-default elementor-section-height-default\" data-id=\"d9a853a\" data-element_type=\"section\" data-e-type=\"section\">\n\t\t\t\t\t\t<div class=\"elementor-container elementor-column-gap-default\">\n\t\t\t\t\t<div class=\"elementor-column elementor-col-100 elementor-top-column elementor-element elementor-element-68d9c5a page_contain\" data-id=\"68d9c5a\" data-element_type=\"column\" data-e-type=\"column\" data-settings=\"{&quot;background_background&quot;:&quot;classic&quot;}\">\n\t\t\t<div class=\"elementor-widget-wrap elementor-element-populated\">\n\t\t\t\t\t\t<div class=\"elementor-element elementor-element-50f1f9b elementor-widget elementor-widget-image\" data-id=\"50f1f9b\" data-element_type=\"widget\" data-e-type=\"widget\" data-widget_type=\"image.default\">\n\t\t\t\t<div class=\"elementor-widget-container\">\n\t\t\t\t\t\t\t\t\t\t\t\t\t\t\t<img fetchpriority=\"high\" decoding=\"async\" width=\"1366\" height=\"768\" src=\"https:\/\/kiosque.acadienouvelle.com\/coup-oeil-caraquet-05-2025\/wp-content\/uploads\/sites\/360\/2025\/10\/08_cohorte_land.jpg\" class=\"attachment-full size-full wp-image-8192\" alt=\"\" srcset=\"https:\/\/kiosque.acadienouvelle.com\/coup-oeil-caraquet-05-2025\/wp-content\/uploads\/sites\/360\/2025\/10\/08_cohorte_land.jpg 1366w, https:\/\/kiosque.acadienouvelle.com\/coup-oeil-caraquet-05-2025\/wp-content\/uploads\/sites\/360\/2025\/10\/08_cohorte_land-300x169.jpg 300w, https:\/\/kiosque.acadienouvelle.com\/coup-oeil-caraquet-05-2025\/wp-content\/uploads\/sites\/360\/2025\/10\/08_cohorte_land-1024x576.jpg 1024w, https:\/\/kiosque.acadienouvelle.com\/coup-oeil-caraquet-05-2025\/wp-content\/uploads\/sites\/360\/2025\/10\/08_cohorte_land-768x432.jpg 768w\" sizes=\"(max-width: 1366px) 100vw, 1366px\" \/>\t\t\t\t\t\t\t\t\t\t\t\t\t\t\t<\/div>\n\t\t\t\t<\/div>\n\t\t<link rel=\"stylesheet\" href=\"https:\/\/use.fontawesome.com\/releases\/v5.5.0\/css\/all.css\" integrity=\"sha384-B4dIYHKNBt8Bc12p+WXckhzcICo0wtJAoU8YZTY5qE0Id1GSseTk6S+L3BlXeVIU\" crossorigin=\"anonymous\">\r\n\t\t<div class=\"elementor-element elementor-element-d0a0a3b mobile_pera elementor-widget elementor-widget-text-editor\" data-id=\"d0a0a3b\" data-element_type=\"widget\" data-e-type=\"widget\" data-widget_type=\"text-editor.default\">\n\t\t\t\t<div class=\"elementor-widget-container\">\n\t\t\t\t\t\t\t\t\tLes b\u00e9n\u00e9voles de l\u2019Accueil de jour de la P\u00e9ninsule acadienne ont re\u00e7u leur certificat apr\u00e8s avoir suivi une formation compos\u00e9e de 31 modules. Une c\u00e9r\u00e9monie haute en couleur a eu lieu au mois de septembre au Centre de B\u00e9n\u00e9volat de la P\u00e9ninsule Acadienne pour honorer ces personnes d\u00e9vou\u00e9es. Bravo. (Photo\u00a0: gracieuset\u00e9)\t\t\t\t\t\t\t\t<\/div>\n\t\t\t\t<\/div>\n\t\t\t\t<div class=\"elementor-element elementor-element-59e3539 elementor-widget elementor-widget-image\" data-id=\"59e3539\" data-element_type=\"widget\" data-e-type=\"widget\" data-widget_type=\"image.default\">\n\t\t\t\t<div class=\"elementor-widget-container\">\n\t\t\t\t\t\t\t\t\t\t\t\t\t\t\t<img decoding=\"async\" width=\"623\" height=\"808\" src=\"https:\/\/kiosque.acadienouvelle.com\/coup-oeil-caraquet-05-2025\/wp-content\/uploads\/sites\/360\/2025\/10\/09_Screenshot-2025-10-21-140028.jpg\" class=\"attachment-large size-large wp-image-8320\" alt=\"\" srcset=\"https:\/\/kiosque.acadienouvelle.com\/coup-oeil-caraquet-05-2025\/wp-content\/uploads\/sites\/360\/2025\/10\/09_Screenshot-2025-10-21-140028.jpg 623w, https:\/\/kiosque.acadienouvelle.com\/coup-oeil-caraquet-05-2025\/wp-content\/uploads\/sites\/360\/2025\/10\/09_Screenshot-2025-10-21-140028-231x300.jpg 231w\" sizes=\"(max-width: 623px) 100vw, 623px\" \/>\t\t\t\t\t\t\t\t\t\t\t\t\t\t\t<\/div>\n\t\t\t\t<\/div>\n\t\t\t\t<div class=\"elementor-element elementor-element-32d98fa elementor-widget elementor-widget-image\" data-id=\"32d98fa\" data-element_type=\"widget\" data-e-type=\"widget\" data-widget_type=\"image.default\">\n\t\t\t\t<div class=\"elementor-widget-container\">\n\t\t\t\t\t\t\t\t\t\t\t\t\t\t\t<img decoding=\"async\" width=\"787\" height=\"1024\" src=\"https:\/\/kiosque.acadienouvelle.com\/coup-oeil-caraquet-05-2025\/wp-content\/uploads\/sites\/360\/2025\/10\/09_route-des-papillons-787x1024.jpg\" class=\"attachment-large size-large wp-image-8321\" alt=\"\" srcset=\"https:\/\/kiosque.acadienouvelle.com\/coup-oeil-caraquet-05-2025\/wp-content\/uploads\/sites\/360\/2025\/10\/09_route-des-papillons-787x1024.jpg 787w, https:\/\/kiosque.acadienouvelle.com\/coup-oeil-caraquet-05-2025\/wp-content\/uploads\/sites\/360\/2025\/10\/09_route-des-papillons-230x300.jpg 230w, https:\/\/kiosque.acadienouvelle.com\/coup-oeil-caraquet-05-2025\/wp-content\/uploads\/sites\/360\/2025\/10\/09_route-des-papillons-768x1000.jpg 768w, https:\/\/kiosque.acadienouvelle.com\/coup-oeil-caraquet-05-2025\/wp-content\/uploads\/sites\/360\/2025\/10\/09_route-des-papillons-1180x1536.jpg 1180w, https:\/\/kiosque.acadienouvelle.com\/coup-oeil-caraquet-05-2025\/wp-content\/uploads\/sites\/360\/2025\/10\/09_route-des-papillons.jpg 1573w\" sizes=\"(max-width: 787px) 100vw, 787px\" \/>\t\t\t\t\t\t\t\t\t\t\t\t\t\t\t<\/div>\n\t\t\t\t<\/div>\n\t\t\t\t\t<\/div>\n\t\t<\/div>\n\t\t\t\t\t<\/div>\n\t\t<\/section>\n\t\t\t\t<\/div>\n\t\t","protected":false},"excerpt":{"rendered":"<p>F\u00e9licitations \u00e0 cette belle cohorte! Les b\u00e9n\u00e9voles de l\u2019Accueil de jour de la P\u00e9ninsule acadienne ont re\u00e7u leur certificat apr\u00e8s avoir suivi une formation compos\u00e9e de 31 modules. Une c\u00e9r\u00e9monie haute en couleur a eu lieu au mois de septembre au Centre de B\u00e9n\u00e9volat de la P\u00e9ninsule Acadienne pour honorer ces personnes d\u00e9vou\u00e9es. Bravo. (Photo\u00a0: [&hellip;]<\/p>\n","protected":false},"author":1,"featured_media":0,"parent":0,"menu_order":9,"comment_status":"closed","ping_status":"closed","template":"","meta":{"site-sidebar-layout":"no-sidebar","site-content-layout":"page-builder","ast-site-content-layout":"default","site-content-style":"default","site-sidebar-style":"default","ast-global-header-display":"","ast-banner-title-visibility":"","ast-main-header-display":"","ast-hfb-above-header-display":"","ast-hfb-below-header-display":"","ast-hfb-mobile-header-display":"","site-post-title":"disabled","ast-breadcrumbs-content":"","ast-featured-img":"disabled","footer-sml-layout":"","ast-disable-related-posts":"","theme-transparent-header-meta":"default","adv-header-id-meta":"","stick-header-meta":"","header-above-stick-meta":"","header-main-stick-meta":"","header-below-stick-meta":"","astra-migrate-meta-layouts":"default","ast-page-background-enabled":"default","ast-page-background-meta":{"desktop":{"background-color":"var(--ast-global-color-4)","background-image":"","background-repeat":"repeat","background-position":"center center","background-size":"auto","background-attachment":"scroll","background-type":"","background-media":"","overlay-type":"","overlay-color":"","overlay-opacity":"","overlay-gradient":""},"tablet":{"background-color":"","background-image":"","background-repeat":"repeat","background-position":"center center","background-size":"auto","background-attachment":"scroll","background-type":"","background-media":"","overlay-type":"","overlay-color":"","overlay-opacity":"","overlay-gradient":""},"mobile":{"background-color":"","background-image":"","background-repeat":"repeat","background-position":"center center","background-size":"auto","background-attachment":"scroll","background-type":"","background-media":"","overlay-type":"","overlay-color":"","overlay-opacity":"","overlay-gradient":""}},"ast-content-background-meta":{"desktop":{"background-color":"var(--ast-global-color-5)","background-image":"","background-repeat":"repeat","background-position":"center center","background-size":"auto","background-attachment":"scroll","background-type":"","background-media":"","overlay-type":"","overlay-color":"","overlay-opacity":"","overlay-gradient":""},"tablet":{"background-color":"var(--ast-global-color-5)","background-image":"","background-repeat":"repeat","background-position":"center center","background-size":"auto","background-attachment":"scroll","background-type":"","background-media":"","overlay-type":"","overlay-color":"","overlay-opacity":"","overlay-gradient":""},"mobile":{"background-color":"var(--ast-global-color-5)","background-image":"","background-repeat":"repeat","background-position":"center center","background-size":"auto","background-attachment":"scroll","background-type":"","background-media":"","overlay-type":"","overlay-color":"","overlay-opacity":"","overlay-gradient":""}},"footnotes":""},"page-categories":[],"class_list":["post-8226","page","type-page","status-publish","hentry"],"_links":{"self":[{"href":"https:\/\/kiosque.acadienouvelle.com\/coup-oeil-caraquet-05-2025\/wp-json\/wp\/v2\/pages\/8226","targetHints":{"allow":["GET"]}}],"collection":[{"href":"https:\/\/kiosque.acadienouvelle.com\/coup-oeil-caraquet-05-2025\/wp-json\/wp\/v2\/pages"}],"about":[{"href":"https:\/\/kiosque.acadienouvelle.com\/coup-oeil-caraquet-05-2025\/wp-json\/wp\/v2\/types\/page"}],"author":[{"embeddable":true,"href":"https:\/\/kiosque.acadienouvelle.com\/coup-oeil-caraquet-05-2025\/wp-json\/wp\/v2\/users\/1"}],"replies":[{"embeddable":true,"href":"https:\/\/kiosque.acadienouvelle.com\/coup-oeil-caraquet-05-2025\/wp-json\/wp\/v2\/comments?post=8226"}],"version-history":[{"count":22,"href":"https:\/\/kiosque.acadienouvelle.com\/coup-oeil-caraquet-05-2025\/wp-json\/wp\/v2\/pages\/8226\/revisions"}],"predecessor-version":[{"id":8446,"href":"https:\/\/kiosque.acadienouvelle.com\/coup-oeil-caraquet-05-2025\/wp-json\/wp\/v2\/pages\/8226\/revisions\/8446"}],"wp:attachment":[{"href":"https:\/\/kiosque.acadienouvelle.com\/coup-oeil-caraquet-05-2025\/wp-json\/wp\/v2\/media?parent=8226"}],"wp:term":[{"taxonomy":"page-categories","embeddable":true,"href":"https:\/\/kiosque.acadienouvelle.com\/coup-oeil-caraquet-05-2025\/wp-json\/wp\/v2\/page-categories?post=8226"}],"curies":[{"name":"wp","href":"https:\/\/api.w.org\/{rel}","templated":true}]}}