{"id":8228,"date":"2025-10-20T12:37:00","date_gmt":"2025-10-20T12:37:00","guid":{"rendered":"https:\/\/kiosque.acadienouvelle.com\/coup-oeil-caraquet-05-2025\/?page_id=8228"},"modified":"2025-10-21T19:53:59","modified_gmt":"2025-10-21T19:53:59","slug":"le-marche-de-noel-un-maillon-fort","status":"publish","type":"page","link":"https:\/\/kiosque.acadienouvelle.com\/coup-oeil-caraquet-05-2025\/le-marche-de-noel-un-maillon-fort\/","title":{"rendered":"Le march\u00e9 de No\u00ebl&#8230; un maillon fort pour la communaut\u00e9!"},"content":{"rendered":"\t\t<div data-elementor-type=\"wp-page\" data-elementor-id=\"8228\" class=\"elementor elementor-8228\" data-elementor-post-type=\"page\">\n\t\t\t\t\t\t<section class=\"elementor-section elementor-top-section elementor-element elementor-element-96efe8d header_title banner_img elementor-section-full_width elementor-section-stretched elementor-section-height-default elementor-section-height-default\" data-id=\"96efe8d\" data-element_type=\"section\" data-e-type=\"section\" data-settings=\"{&quot;background_background&quot;:&quot;classic&quot;,&quot;stretch_section&quot;:&quot;section-stretched&quot;}\">\n\t\t\t\t\t\t\t<div class=\"elementor-background-overlay\"><\/div>\n\t\t\t\t\t\t\t<div class=\"elementor-container elementor-column-gap-default\">\n\t\t\t\t\t<div class=\"elementor-column elementor-col-100 elementor-top-column elementor-element elementor-element-76f7561\" data-id=\"76f7561\" data-element_type=\"column\" data-e-type=\"column\" data-settings=\"{&quot;background_background&quot;:&quot;classic&quot;}\">\n\t\t\t<div class=\"elementor-widget-wrap elementor-element-populated\">\n\t\t\t\t\t\t<div class=\"elementor-element elementor-element-7647ef4 elementor-widget elementor-widget-heading\" data-id=\"7647ef4\" data-element_type=\"widget\" data-e-type=\"widget\" data-widget_type=\"heading.default\">\n\t\t\t\t<div class=\"elementor-widget-container\">\n\t\t\t\t\t<h2 class=\"elementor-heading-title elementor-size-default\">Le march\u00e9 de No\u00ebl... un maillon fort pour la communaut\u00e9!<\/h2>\t\t\t\t<\/div>\n\t\t\t\t<\/div>\n\t\t\t\t\t<\/div>\n\t\t<\/div>\n\t\t\t\t\t<\/div>\n\t\t<\/section>\n\t\t\t\t<section class=\"elementor-section elementor-top-section elementor-element elementor-element-d9a853a elementor-section-boxed elementor-section-height-default elementor-section-height-default\" data-id=\"d9a853a\" data-element_type=\"section\" data-e-type=\"section\">\n\t\t\t\t\t\t<div class=\"elementor-container elementor-column-gap-default\">\n\t\t\t\t\t<div class=\"elementor-column elementor-col-100 elementor-top-column elementor-element elementor-element-68d9c5a page_contain\" data-id=\"68d9c5a\" data-element_type=\"column\" data-e-type=\"column\" data-settings=\"{&quot;background_background&quot;:&quot;classic&quot;}\">\n\t\t\t<div class=\"elementor-widget-wrap elementor-element-populated\">\n\t\t\t\t\t\t<div class=\"elementor-element elementor-element-50f1f9b elementor-widget elementor-widget-image\" data-id=\"50f1f9b\" data-element_type=\"widget\" data-e-type=\"widget\" data-widget_type=\"image.default\">\n\t\t\t\t<div class=\"elementor-widget-container\">\n\t\t\t\t\t\t\t\t\t\t\t\t<figure class=\"wp-caption\">\n\t\t\t\t\t\t\t\t\t\t<img fetchpriority=\"high\" decoding=\"async\" width=\"1366\" height=\"768\" src=\"https:\/\/kiosque.acadienouvelle.com\/coup-oeil-caraquet-05-2025\/wp-content\/uploads\/sites\/360\/2025\/10\/09_photo-marche-2024_land.jpg\" class=\"attachment-full size-full wp-image-8190\" alt=\"\" srcset=\"https:\/\/kiosque.acadienouvelle.com\/coup-oeil-caraquet-05-2025\/wp-content\/uploads\/sites\/360\/2025\/10\/09_photo-marche-2024_land.jpg 1366w, https:\/\/kiosque.acadienouvelle.com\/coup-oeil-caraquet-05-2025\/wp-content\/uploads\/sites\/360\/2025\/10\/09_photo-marche-2024_land-300x169.jpg 300w, https:\/\/kiosque.acadienouvelle.com\/coup-oeil-caraquet-05-2025\/wp-content\/uploads\/sites\/360\/2025\/10\/09_photo-marche-2024_land-1024x576.jpg 1024w, https:\/\/kiosque.acadienouvelle.com\/coup-oeil-caraquet-05-2025\/wp-content\/uploads\/sites\/360\/2025\/10\/09_photo-marche-2024_land-768x432.jpg 768w\" sizes=\"(max-width: 1366px) 100vw, 1366px\" \/>\t\t\t\t\t\t\t\t\t\t\t<figcaption class=\"widget-image-caption wp-caption-text\">L\u2019an dernier, le March\u00e9 de No\u00ebl a attir\u00e9 approximativement 2500 personnes.<\/figcaption>\n\t\t\t\t\t\t\t\t\t\t<\/figure>\n\t\t\t\t\t\t\t\t\t<\/div>\n\t\t\t\t<\/div>\n\t\t\t\t<section class=\"elementor-section elementor-inner-section elementor-element elementor-element-e341070 elementor-section-boxed elementor-section-height-default elementor-section-height-default\" data-id=\"e341070\" data-element_type=\"section\" data-e-type=\"section\">\n\t\t\t\t\t\t<div class=\"elementor-container elementor-column-gap-default\">\n\t\t\t\t\t<div class=\"elementor-column elementor-col-50 elementor-inner-column elementor-element elementor-element-4476031\" data-id=\"4476031\" data-element_type=\"column\" data-e-type=\"column\">\n\t\t\t<div class=\"elementor-widget-wrap elementor-element-populated\">\n\t\t\t\t\t\t<div class=\"elementor-element elementor-element-8631ac5 elementor-widget elementor-widget-image\" data-id=\"8631ac5\" data-element_type=\"widget\" data-e-type=\"widget\" data-widget_type=\"image.default\">\n\t\t\t\t<div class=\"elementor-widget-container\">\n\t\t\t\t\t\t\t\t\t\t\t\t\t\t\t<img decoding=\"async\" width=\"600\" height=\"716\" src=\"https:\/\/kiosque.acadienouvelle.com\/coup-oeil-caraquet-05-2025\/wp-content\/uploads\/sites\/360\/2025\/10\/10_Kathy-Smith.jpg\" class=\"attachment-large size-large wp-image-8340\" alt=\"\" srcset=\"https:\/\/kiosque.acadienouvelle.com\/coup-oeil-caraquet-05-2025\/wp-content\/uploads\/sites\/360\/2025\/10\/10_Kathy-Smith.jpg 600w, https:\/\/kiosque.acadienouvelle.com\/coup-oeil-caraquet-05-2025\/wp-content\/uploads\/sites\/360\/2025\/10\/10_Kathy-Smith-251x300.jpg 251w\" sizes=\"(max-width: 600px) 100vw, 600px\" \/>\t\t\t\t\t\t\t\t\t\t\t\t\t\t\t<\/div>\n\t\t\t\t<\/div>\n\t\t\t\t\t<\/div>\n\t\t<\/div>\n\t\t\t\t<div class=\"elementor-column elementor-col-50 elementor-inner-column elementor-element elementor-element-2963123\" data-id=\"2963123\" data-element_type=\"column\" data-e-type=\"column\">\n\t\t\t<div class=\"elementor-widget-wrap elementor-element-populated\">\n\t\t\t\t<link rel=\"stylesheet\" href=\"https:\/\/use.fontawesome.com\/releases\/v5.5.0\/css\/all.css\" integrity=\"sha384-B4dIYHKNBt8Bc12p+WXckhzcICo0wtJAoU8YZTY5qE0Id1GSseTk6S+L3BlXeVIU\" crossorigin=\"anonymous\">\r\n\t\t<div class=\"elementor-element elementor-element-d0a0a3b mobile_pera elementor-widget elementor-widget-text-editor\" data-id=\"d0a0a3b\" data-element_type=\"widget\" data-e-type=\"widget\" data-widget_type=\"text-editor.default\">\n\t\t\t\t<div class=\"elementor-widget-container\">\n\t\t\t\t\t\t\t\t\t<strong>Par Kathy Smith, directrice g\u00e9n\u00e9rale<\/strong>\t\t\t\t\t\t\t\t<\/div>\n\t\t\t\t<\/div>\n\t\t\t\t<div class=\"elementor-element elementor-element-4646bee mobile_pera elementor-widget__width-initial elementor-widget elementor-widget-text-editor\" data-id=\"4646bee\" data-element_type=\"widget\" data-e-type=\"widget\" data-widget_type=\"text-editor.default\">\n\t\t\t\t<div class=\"elementor-widget-container\">\n\t\t\t\t\t\t\t\t\tNous entrerons bient\u00f4t dans la p\u00e9riode o\u00f9 les march\u00e9s de No\u00ebl s\u2019organisent un peu partout dans notre r\u00e9gion. Les visiter est une tradition bien ancr\u00e9e pour de nombreuses familles. \nC&rsquo;est aussi l&rsquo;occasion pour les artisans de d\u00e9voiler leurs cr\u00e9ations.\n\t\t\t\t\t\t\t\t<\/div>\n\t\t\t\t<\/div>\n\t\t\t\t\t<\/div>\n\t\t<\/div>\n\t\t\t\t\t<\/div>\n\t\t<\/section>\n\t\t\t\t<div class=\"elementor-element elementor-element-0b6ad93 mobile_pera elementor-widget elementor-widget-text-editor\" data-id=\"0b6ad93\" data-element_type=\"widget\" data-e-type=\"widget\" data-widget_type=\"text-editor.default\">\n\t\t\t\t<div class=\"elementor-widget-container\">\n\t\t\t\t\t\t\t\t\t<p><b>Des visages, pas des machines<\/b><\/p>\t\t\t\t\t\t\t\t<\/div>\n\t\t\t\t<\/div>\n\t\t\t\t<div class=\"elementor-element elementor-element-321347c mobile_pera elementor-widget elementor-widget-text-editor\" data-id=\"321347c\" data-element_type=\"widget\" data-e-type=\"widget\" data-widget_type=\"text-editor.default\">\n\t\t\t\t<div class=\"elementor-widget-container\">\n\t\t\t\t\t\t\t\t\tPour les 70 artisans et producteurs locaux qui participent, les semaines et les mois qui pr\u00e9c\u00e8dent l\u2019arriv\u00e9e du \nMarch\u00e9 de No\u00ebl de Caraquet sont faits de longues heures de pr\u00e9paration, de cr\u00e9ation ou encore de cuisine. \nQuand on discute avec eux au sujet de ce qui les porte \u00e0 continuer d\u2019ann\u00e9e en ann\u00e9e, on entend chaque fois que \nce qu&rsquo;ils adorent dans le fait de vivre des march\u00e9s de No\u00ebl comme le n\u00f4tre, c&rsquo;est de pouvoir \u00eatre en \u00e9change direct avec les gens. Les gens les reconnaissent et vont les voir. Cette rencontre-l\u00e0 permet vraiment de conscientiser; &#8211; OK, ce n\u2019est pas une machine qui a fait \u00e7a, c&rsquo;est un humain qui vient de Saint-Isidore, de Pokeshaw ou encore de Paquetville.\t\t\t\t\t\t\t\t<\/div>\n\t\t\t\t<\/div>\n\t\t\t\t<div class=\"elementor-element elementor-element-eda32eb mobile_pera elementor-widget elementor-widget-text-editor\" data-id=\"eda32eb\" data-element_type=\"widget\" data-e-type=\"widget\" data-widget_type=\"text-editor.default\">\n\t\t\t\t<div class=\"elementor-widget-container\">\n\t\t\t\t\t\t\t\t\tPuis, ce rendez-vous a son importance \u00e9conomique. Chaque sou que vous d\u00e9pensez au kiosque d\u2019un artisan ou d\u2019un producteur local soutient une famille, vous renforcez directement un maillon de votre communaut\u00e9. C\u2019est un geste fort et solidaire; l\u2019argent reste chez nous.\t\t\t\t\t\t\t\t<\/div>\n\t\t\t\t<\/div>\n\t\t\t\t<div class=\"elementor-element elementor-element-70989c7 mobile_pera elementor-widget elementor-widget-text-editor\" data-id=\"70989c7\" data-element_type=\"widget\" data-e-type=\"widget\" data-widget_type=\"text-editor.default\">\n\t\t\t\t<div class=\"elementor-widget-container\">\n\t\t\t\t\t\t\t\t\t<p><b>Plus qu\u2019un march\u00e9, un mouvement<\/b><\/p>\t\t\t\t\t\t\t\t<\/div>\n\t\t\t\t<\/div>\n\t\t\t\t<div class=\"elementor-element elementor-element-70eaf61 mobile_pera elementor-widget elementor-widget-text-editor\" data-id=\"70eaf61\" data-element_type=\"widget\" data-e-type=\"widget\" data-widget_type=\"text-editor.default\">\n\t\t\t\t<div class=\"elementor-widget-container\">\n\t\t\t\t\t\t\t\t\tPour nous, l\u2019\u00e9quipe organisatrice, le March\u00e9 de No\u00ebl de Caraquet est un incontournable, autant pour les artisans locaux que pour les gens de la r\u00e9gion. Il y a un engouement de part et d\u2019autre; on le voit dans le nombre important de demandes d\u2019inscription d\u2019exposants qu\u2019on re\u00e7oit et dans la foule grandissante qui se d\u00e9place pour rencontrer les artisans et pr\u00e9parer leur temps des f\u00eates \u00e0 notre march\u00e9. Les chiffres sont \u00e9loquents; pr\u00e8s d\u2019une centaine de demandes d\u2019inscriptions re\u00e7ues et plus de 2500 passants en 2024.\t\t\t\t\t\t\t\t<\/div>\n\t\t\t\t<\/div>\n\t\t\t\t<div class=\"elementor-element elementor-element-9457d83 mobile_pera elementor-widget elementor-widget-text-editor\" data-id=\"9457d83\" data-element_type=\"widget\" data-e-type=\"widget\" data-widget_type=\"text-editor.default\">\n\t\t\t\t<div class=\"elementor-widget-container\">\n\t\t\t\t\t\t\t\t\t<p><b>Le c\u0153ur du march\u00e9 bat gr\u00e2ce \u00e0 eux<\/b><\/p>\t\t\t\t\t\t\t\t<\/div>\n\t\t\t\t<\/div>\n\t\t\t\t<div class=\"elementor-element elementor-element-ce9626e mobile_pera elementor-widget elementor-widget-text-editor\" data-id=\"ce9626e\" data-element_type=\"widget\" data-e-type=\"widget\" data-widget_type=\"text-editor.default\">\n\t\t\t\t<div class=\"elementor-widget-container\">\n\t\t\t\t\t\t\t\t\tLe saviez-vous? Pr\u00e8s d\u2019une trentaine de b\u00e9n\u00e9voles s&rsquo;impliquent chaque ann\u00e9e et pr\u00eatent main-forte dans la pr\u00e9paration et la tenue du March\u00e9 de No\u00ebl de Caraquet. En commen\u00e7ant par nommer la main de ma\u00eetre du conseil d&rsquo;administration et de la direction du March\u00e9 r\u00e9gional de Caraquet dans la conception et l\u2019orchestration du March\u00e9 de No\u00ebl. Nous reconnaissons aussi l\u2019\u00e9quipe b\u00e9n\u00e9vole de Dora Lanteigne qui vous accueille \u00e0 la porte et assure la vente de billets de notre loterie 50\/50. Puis, la formation \u2013 et l\u2019implication \u2013 d\u2019un comit\u00e9 de No\u00ebl qui voit \u00e0 la s\u00e9lection des exposants, au recrutement des b\u00e9n\u00e9voles et de la d\u00e9coration de la salle. Si vous sentez l\u2019appel d\u2019offrir du temps au march\u00e9 et de vous joindre \u00e0 notre belle \u00e9quipe, contactez-nous au 450 848-1071.\t\t\t\t\t\t\t\t<\/div>\n\t\t\t\t<\/div>\n\t\t\t\t<div class=\"elementor-element elementor-element-f6a8cac mobile_pera elementor-widget elementor-widget-text-editor\" data-id=\"f6a8cac\" data-element_type=\"widget\" data-e-type=\"widget\" data-widget_type=\"text-editor.default\">\n\t\t\t\t<div class=\"elementor-widget-container\">\n\t\t\t\t\t\t\t\t\tPlusieurs organismes invit\u00e9s collaborateurs y sont \u00e9galement. Soulignons ici l\u2019implication de la soci\u00e9t\u00e9 culturelle Centr\u2019Art avec qui nous proposons des activit\u00e9s cr\u00e9atives gratuites aux enfants les deux jours. Pour les amateurs de plein air, vous y trouverez votre compte et de belles id\u00e9es cadeaux au kiosque du Club Plein air de Caraquet.\t\t\t\t\t\t\t\t<\/div>\n\t\t\t\t<\/div>\n\t\t\t\t<div class=\"elementor-element elementor-element-a4656b8 mobile_pera elementor-widget elementor-widget-text-editor\" data-id=\"a4656b8\" data-element_type=\"widget\" data-e-type=\"widget\" data-widget_type=\"text-editor.default\">\n\t\t\t\t<div class=\"elementor-widget-container\">\n\t\t\t\t\t\t\t\t\t<p><b>Une exp\u00e9rience \u00e0 savourer pleinement<\/b><\/p>\t\t\t\t\t\t\t\t<\/div>\n\t\t\t\t<\/div>\n\t\t\t\t<div class=\"elementor-element elementor-element-b1a21f1 mobile_pera elementor-widget elementor-widget-text-editor\" data-id=\"b1a21f1\" data-element_type=\"widget\" data-e-type=\"widget\" data-widget_type=\"text-editor.default\">\n\t\t\t\t<div class=\"elementor-widget-container\">\n\t\t\t\t\t\t\t\t\tNous vous invitons \u00e0 plonger pleinement avec nous. Offrez-vous du temps de rencontres et de magasinage au March\u00e9 de No\u00ebl de Caraquet. Tout est pens\u00e9 pour une exp\u00e9rience f\u00e9\u00e9rique etpleine de sens. Et qui dit production locale, dit saveurs d\u2019ici et d&rsquo;ailleurs! Les deux jours, des petits restaurateurs locaux vous attendent sur place avec des saveurs des Pays-Bas, fran\u00e7aises, acadiennes, marocaines, vietnamiennes et mexicaines pour une pause gourmande bien m\u00e9rit\u00e9e.\n\t\t\t\t\t\t\t\t<\/div>\n\t\t\t\t<\/div>\n\t\t\t\t<div class=\"elementor-element elementor-element-4f859db mobile_pera elementor-widget elementor-widget-text-editor\" data-id=\"4f859db\" data-element_type=\"widget\" data-e-type=\"widget\" data-widget_type=\"text-editor.default\">\n\t\t\t\t<div class=\"elementor-widget-container\">\n\t\t\t\t\t\t\t\t\t<strong>Alors, le samedi 15 novembre et le dimanche <\/strong><strong>16 novembre, on vous accueille au March\u00e9 de No\u00ebl de Caraquet de 10 h \u00e0 16 h au Carrefour de la mer de Caraquet. L\u2019entr\u00e9e est de 5 $ et c\u2019est gratuit pour les moins de 12 ans.<\/strong>\t\t\t\t\t\t\t\t<\/div>\n\t\t\t\t<\/div>\n\t\t\t\t<div class=\"elementor-element elementor-element-faad88b elementor-widget elementor-widget-image\" data-id=\"faad88b\" data-element_type=\"widget\" data-e-type=\"widget\" data-widget_type=\"image.default\">\n\t\t\t\t<div class=\"elementor-widget-container\">\n\t\t\t\t\t\t\t\t\t\t\t\t\t\t\t<img decoding=\"async\" width=\"800\" height=\"163\" src=\"https:\/\/kiosque.acadienouvelle.com\/coup-oeil-caraquet-05-2025\/wp-content\/uploads\/sites\/360\/2025\/10\/10_logo.jpg\" class=\"attachment-large size-large wp-image-8342\" alt=\"\" srcset=\"https:\/\/kiosque.acadienouvelle.com\/coup-oeil-caraquet-05-2025\/wp-content\/uploads\/sites\/360\/2025\/10\/10_logo.jpg 800w, https:\/\/kiosque.acadienouvelle.com\/coup-oeil-caraquet-05-2025\/wp-content\/uploads\/sites\/360\/2025\/10\/10_logo-300x61.jpg 300w, https:\/\/kiosque.acadienouvelle.com\/coup-oeil-caraquet-05-2025\/wp-content\/uploads\/sites\/360\/2025\/10\/10_logo-768x156.jpg 768w\" sizes=\"(max-width: 800px) 100vw, 800px\" \/>\t\t\t\t\t\t\t\t\t\t\t\t\t\t\t<\/div>\n\t\t\t\t<\/div>\n\t\t\t\t\t<\/div>\n\t\t<\/div>\n\t\t\t\t\t<\/div>\n\t\t<\/section>\n\t\t\t\t<\/div>\n\t\t","protected":false},"excerpt":{"rendered":"<p>Le march\u00e9 de No\u00ebl&#8230; un maillon fort pour la communaut\u00e9! L\u2019an dernier, le March\u00e9 de No\u00ebl a attir\u00e9 approximativement 2500 personnes. Par Kathy Smith, directrice g\u00e9n\u00e9raleNous entrerons bient\u00f4t dans la p\u00e9riode o\u00f9 les march\u00e9s de No\u00ebl s\u2019organisent un peu partout dans notre r\u00e9gion. Les visiter est une tradition bien ancr\u00e9e pour de nombreuses familles. C&rsquo;est [&hellip;]<\/p>\n","protected":false},"author":1,"featured_media":0,"parent":0,"menu_order":10,"comment_status":"closed","ping_status":"closed","template":"","meta":{"site-sidebar-layout":"no-sidebar","site-content-layout":"page-builder","ast-site-content-layout":"default","site-content-style":"default","site-sidebar-style":"default","ast-global-header-display":"","ast-banner-title-visibility":"","ast-main-header-display":"","ast-hfb-above-header-display":"","ast-hfb-below-header-display":"","ast-hfb-mobile-header-display":"","site-post-title":"disabled","ast-breadcrumbs-content":"","ast-featured-img":"disabled","footer-sml-layout":"","ast-disable-related-posts":"","theme-transparent-header-meta":"default","adv-header-id-meta":"","stick-header-meta":"","header-above-stick-meta":"","header-main-stick-meta":"","header-below-stick-meta":"","astra-migrate-meta-layouts":"default","ast-page-background-enabled":"default","ast-page-background-meta":{"desktop":{"background-color":"var(--ast-global-color-4)","background-image":"","background-repeat":"repeat","background-position":"center center","background-size":"auto","background-attachment":"scroll","background-type":"","background-media":"","overlay-type":"","overlay-color":"","overlay-opacity":"","overlay-gradient":""},"tablet":{"background-color":"","background-image":"","background-repeat":"repeat","background-position":"center center","background-size":"auto","background-attachment":"scroll","background-type":"","background-media":"","overlay-type":"","overlay-color":"","overlay-opacity":"","overlay-gradient":""},"mobile":{"background-color":"","background-image":"","background-repeat":"repeat","background-position":"center center","background-size":"auto","background-attachment":"scroll","background-type":"","background-media":"","overlay-type":"","overlay-color":"","overlay-opacity":"","overlay-gradient":""}},"ast-content-background-meta":{"desktop":{"background-color":"var(--ast-global-color-5)","background-image":"","background-repeat":"repeat","background-position":"center center","background-size":"auto","background-attachment":"scroll","background-type":"","background-media":"","overlay-type":"","overlay-color":"","overlay-opacity":"","overlay-gradient":""},"tablet":{"background-color":"var(--ast-global-color-5)","background-image":"","background-repeat":"repeat","background-position":"center center","background-size":"auto","background-attachment":"scroll","background-type":"","background-media":"","overlay-type":"","overlay-color":"","overlay-opacity":"","overlay-gradient":""},"mobile":{"background-color":"var(--ast-global-color-5)","background-image":"","background-repeat":"repeat","background-position":"center center","background-size":"auto","background-attachment":"scroll","background-type":"","background-media":"","overlay-type":"","overlay-color":"","overlay-opacity":"","overlay-gradient":""}},"footnotes":""},"page-categories":[],"class_list":["post-8228","page","type-page","status-publish","hentry"],"_links":{"self":[{"href":"https:\/\/kiosque.acadienouvelle.com\/coup-oeil-caraquet-05-2025\/wp-json\/wp\/v2\/pages\/8228","targetHints":{"allow":["GET"]}}],"collection":[{"href":"https:\/\/kiosque.acadienouvelle.com\/coup-oeil-caraquet-05-2025\/wp-json\/wp\/v2\/pages"}],"about":[{"href":"https:\/\/kiosque.acadienouvelle.com\/coup-oeil-caraquet-05-2025\/wp-json\/wp\/v2\/types\/page"}],"author":[{"embeddable":true,"href":"https:\/\/kiosque.acadienouvelle.com\/coup-oeil-caraquet-05-2025\/wp-json\/wp\/v2\/users\/1"}],"replies":[{"embeddable":true,"href":"https:\/\/kiosque.acadienouvelle.com\/coup-oeil-caraquet-05-2025\/wp-json\/wp\/v2\/comments?post=8228"}],"version-history":[{"count":7,"href":"https:\/\/kiosque.acadienouvelle.com\/coup-oeil-caraquet-05-2025\/wp-json\/wp\/v2\/pages\/8228\/revisions"}],"predecessor-version":[{"id":8449,"href":"https:\/\/kiosque.acadienouvelle.com\/coup-oeil-caraquet-05-2025\/wp-json\/wp\/v2\/pages\/8228\/revisions\/8449"}],"wp:attachment":[{"href":"https:\/\/kiosque.acadienouvelle.com\/coup-oeil-caraquet-05-2025\/wp-json\/wp\/v2\/media?parent=8228"}],"wp:term":[{"taxonomy":"page-categories","embeddable":true,"href":"https:\/\/kiosque.acadienouvelle.com\/coup-oeil-caraquet-05-2025\/wp-json\/wp\/v2\/page-categories?post=8228"}],"curies":[{"name":"wp","href":"https:\/\/api.w.org\/{rel}","templated":true}]}}