{"id":8232,"date":"2025-10-20T12:40:04","date_gmt":"2025-10-20T12:40:04","guid":{"rendered":"https:\/\/kiosque.acadienouvelle.com\/coup-oeil-caraquet-05-2025\/?page_id=8232"},"modified":"2025-10-21T19:55:29","modified_gmt":"2025-10-21T19:55:29","slug":"reouverture-de-la-bibliotheque-publique","status":"publish","type":"page","link":"https:\/\/kiosque.acadienouvelle.com\/coup-oeil-caraquet-05-2025\/reouverture-de-la-bibliotheque-publique\/","title":{"rendered":"R\u00e9ouverture de la Biblioth\u00e8que publique Claude LeBouthillier"},"content":{"rendered":"\t\t<div data-elementor-type=\"wp-page\" data-elementor-id=\"8232\" class=\"elementor elementor-8232\" data-elementor-post-type=\"page\">\n\t\t\t\t\t\t<section class=\"elementor-section elementor-top-section elementor-element elementor-element-96efe8d header_title banner_img elementor-section-full_width elementor-section-stretched elementor-section-height-default elementor-section-height-default\" data-id=\"96efe8d\" data-element_type=\"section\" data-e-type=\"section\" data-settings=\"{&quot;background_background&quot;:&quot;classic&quot;,&quot;stretch_section&quot;:&quot;section-stretched&quot;}\">\n\t\t\t\t\t\t\t<div class=\"elementor-background-overlay\"><\/div>\n\t\t\t\t\t\t\t<div class=\"elementor-container elementor-column-gap-default\">\n\t\t\t\t\t<div class=\"elementor-column elementor-col-100 elementor-top-column elementor-element elementor-element-76f7561\" data-id=\"76f7561\" data-element_type=\"column\" data-e-type=\"column\" data-settings=\"{&quot;background_background&quot;:&quot;classic&quot;}\">\n\t\t\t<div class=\"elementor-widget-wrap elementor-element-populated\">\n\t\t\t\t\t\t<div class=\"elementor-element elementor-element-52340cf elementor-widget elementor-widget-heading\" data-id=\"52340cf\" data-element_type=\"widget\" data-e-type=\"widget\" data-widget_type=\"heading.default\">\n\t\t\t\t<div class=\"elementor-widget-container\">\n\t\t\t\t\t<h2 class=\"elementor-heading-title elementor-size-default\">R\u00e9ouverture de la Biblioth\u00e8que publique Claude LeBouthillier<\/h2>\t\t\t\t<\/div>\n\t\t\t\t<\/div>\n\t\t\t\t\t<\/div>\n\t\t<\/div>\n\t\t\t\t\t<\/div>\n\t\t<\/section>\n\t\t\t\t<section class=\"elementor-section elementor-top-section elementor-element elementor-element-d9a853a elementor-section-boxed elementor-section-height-default elementor-section-height-default\" data-id=\"d9a853a\" data-element_type=\"section\" data-e-type=\"section\">\n\t\t\t\t\t\t<div class=\"elementor-container elementor-column-gap-default\">\n\t\t\t\t\t<div class=\"elementor-column elementor-col-100 elementor-top-column elementor-element elementor-element-68d9c5a page_contain\" data-id=\"68d9c5a\" data-element_type=\"column\" data-e-type=\"column\" data-settings=\"{&quot;background_background&quot;:&quot;classic&quot;}\">\n\t\t\t<div class=\"elementor-widget-wrap elementor-element-populated\">\n\t\t\t\t\t\t<div class=\"elementor-element elementor-element-50f1f9b elementor-widget elementor-widget-image\" data-id=\"50f1f9b\" data-element_type=\"widget\" data-e-type=\"widget\" data-widget_type=\"image.default\">\n\t\t\t\t<div class=\"elementor-widget-container\">\n\t\t\t\t\t\t\t\t\t\t\t\t\t\t\t<img fetchpriority=\"high\" decoding=\"async\" width=\"485\" height=\"382\" src=\"https:\/\/kiosque.acadienouvelle.com\/coup-oeil-caraquet-05-2025\/wp-content\/uploads\/sites\/360\/2025\/10\/11_image-de-marque-2.jpg\" class=\"attachment-full size-full wp-image-8356\" alt=\"\" srcset=\"https:\/\/kiosque.acadienouvelle.com\/coup-oeil-caraquet-05-2025\/wp-content\/uploads\/sites\/360\/2025\/10\/11_image-de-marque-2.jpg 485w, https:\/\/kiosque.acadienouvelle.com\/coup-oeil-caraquet-05-2025\/wp-content\/uploads\/sites\/360\/2025\/10\/11_image-de-marque-2-300x236.jpg 300w\" sizes=\"(max-width: 485px) 100vw, 485px\" \/>\t\t\t\t\t\t\t\t\t\t\t\t\t\t\t<\/div>\n\t\t\t\t<\/div>\n\t\t<link rel=\"stylesheet\" href=\"https:\/\/use.fontawesome.com\/releases\/v5.5.0\/css\/all.css\" integrity=\"sha384-B4dIYHKNBt8Bc12p+WXckhzcICo0wtJAoU8YZTY5qE0Id1GSseTk6S+L3BlXeVIU\" crossorigin=\"anonymous\">\r\n\t\t<div class=\"elementor-element elementor-element-d0a0a3b mobile_pera elementor-widget elementor-widget-text-editor\" data-id=\"d0a0a3b\" data-element_type=\"widget\" data-e-type=\"widget\" data-widget_type=\"text-editor.default\">\n\t\t\t\t<div class=\"elementor-widget-container\">\n\t\t\t\t\t\t\t\t\tNotre biblioth\u00e8que est ouverte, apr\u00e8s avoir \u00e9t\u00e9 ferm\u00e9e depuis le mois de mai pour des r\u00e9novations au b\u00e2timent. On a proc\u00e9d\u00e9 \u00e0 une Journ\u00e9e porte ouverte le 1<sup>er<\/sup> octobre soit la premi\u00e8re journ\u00e9e de sa r\u00e9ouverture. Une c\u00e9r\u00e9monie officielle aura lieu dans un avenir pas si lointain.\t\t\t\t\t\t\t\t<\/div>\n\t\t\t\t<\/div>\n\t\t\t\t<div class=\"elementor-element elementor-element-d5fa432 mobile_pera elementor-widget elementor-widget-text-editor\" data-id=\"d5fa432\" data-element_type=\"widget\" data-e-type=\"widget\" data-widget_type=\"text-editor.default\">\n\t\t\t\t<div class=\"elementor-widget-container\">\n\t\t\t\t\t\t\t\t\tLe moment de r\u00e9ouverture de la biblioth\u00e8que co\u00efncidait avec le Mois des biblioth\u00e8ques au Canada, qui a lieu chaque mois d\u2019octobre afin de souligner les services et ressources qu\u2019offrent les biblioth\u00e8ques \u00e0 la communaut\u00e9. Vous avez peut-\u00eatre remarqu\u00e9 que la nouvelle image de marque des biblioth\u00e8ques publiques du Nouveau-Brunswick a chang\u00e9 pour mieux refl\u00e9ter tout ce que les biblioth\u00e8ques ont \u00e0 offrir et englobe quatre (4) th\u00e8mes : lire, apprendre, jouer et cr\u00e9er.\t\t\t\t\t\t\t\t<\/div>\n\t\t\t\t<\/div>\n\t\t\t\t<div class=\"elementor-element elementor-element-0b6ad93 mobile_pera elementor-widget elementor-widget-text-editor\" data-id=\"0b6ad93\" data-element_type=\"widget\" data-e-type=\"widget\" data-widget_type=\"text-editor.default\">\n\t\t\t\t<div class=\"elementor-widget-container\">\n\t\t\t\t\t\t\t\t\t<p><b>Animation jeunesse &#8211; Salon du livre PA<\/b><\/p>\t\t\t\t\t\t\t\t<\/div>\n\t\t\t\t<\/div>\n\t\t\t\t<div class=\"elementor-element elementor-element-db832cc mobile_pera elementor-widget elementor-widget-text-editor\" data-id=\"db832cc\" data-element_type=\"widget\" data-e-type=\"widget\" data-widget_type=\"text-editor.default\">\n\t\t\t\t<div class=\"elementor-widget-container\">\n\t\t\t\t\t\t\t\t\tLa biblioth\u00e8que remercie grandement l\u2019autrice Marie-France Comeau pour sa pr\u00e9sence \u00e0 la biblioth\u00e8que le 2 octobre dernier pour une animation de son nouvel album d\u2019enfants, La Superlune, lors du Salon du livre de la P\u00e9ninsule acadienne. Cela a eu lieu dans le cadre de la 22<sup>e<\/sup> \u00e9dition du Salon du livre PA du 2 au 5 octobre.\n\t\t\t\t\t\t\t\t<\/div>\n\t\t\t\t<\/div>\n\t\t\t\t<div class=\"elementor-element elementor-element-dd28c27 mobile_pera elementor-widget elementor-widget-text-editor\" data-id=\"dd28c27\" data-element_type=\"widget\" data-e-type=\"widget\" data-widget_type=\"text-editor.default\">\n\t\t\t\t<div class=\"elementor-widget-container\">\n\t\t\t\t\t\t\t\t\t<p><b>Halloween aux chalets de la plage<\/b><\/p>\t\t\t\t\t\t\t\t<\/div>\n\t\t\t\t<\/div>\n\t\t\t\t<div class=\"elementor-element elementor-element-321347c mobile_pera elementor-widget elementor-widget-text-editor\" data-id=\"321347c\" data-element_type=\"widget\" data-e-type=\"widget\" data-widget_type=\"text-editor.default\">\n\t\t\t\t<div class=\"elementor-widget-container\">\n\t\t\t\t\t\t\t\t\tLe personnel de la biblioth\u00e8que assistera \u00e0 la distribution de bonbons \u00e0 l\u2019Halloween (vendredi 31 octobre) aux Chalets de la plage \u00e0 Bas-Caraquet. La biblioth\u00e8que servira d\u2019un lieu de d\u00e9p\u00f4t de dons de bonbons pour la Ville de Caraquet.\t\t\t\t\t\t\t\t<\/div>\n\t\t\t\t<\/div>\n\t\t\t\t<div class=\"elementor-element elementor-element-fea7df1 mobile_pera elementor-widget elementor-widget-text-editor\" data-id=\"fea7df1\" data-element_type=\"widget\" data-e-type=\"widget\" data-widget_type=\"text-editor.default\">\n\t\t\t\t<div class=\"elementor-widget-container\">\n\t\t\t\t\t\t\t\t\tSuivez notre page Facebook pour les nouveaut\u00e9s offertes, le calendrier d\u2019activit\u00e9s et les d\u00e9tails sur les activit\u00e9s, des laissez-passer, des concours et de plus! Pas de m\u00e9dias sociaux? Pas de probl\u00e8me! On offre aussi une infolettre par courriel! Abonnez-vous en suivant le lien du code QR imprim\u00e9 sur les signets de la biblioth\u00e8que. Un rappel que votre carte de biblioth\u00e8que peut \u00eatre utilis\u00e9e dans toutes les biblios qui font partie du r\u00e9seau des biblioth\u00e8ques publiques du Nouveau-Brunswick et aussi sur la biblioth\u00e8que en ligne au \nwww.gnb.ca\/bibliothequespubliques.\n\t\t\t\t\t\t\t\t<\/div>\n\t\t\t\t<\/div>\n\t\t\t\t<div class=\"elementor-element elementor-element-c35f0e5 mobile_pera elementor-widget elementor-widget-text-editor\" data-id=\"c35f0e5\" data-element_type=\"widget\" data-e-type=\"widget\" data-widget_type=\"text-editor.default\">\n\t\t\t\t<div class=\"elementor-widget-container\">\n\t\t\t\t\t\t\t\t\t<em>Source : Myl\u00e8ne May Gionet, gestionnaire<\/em>\t\t\t\t\t\t\t\t<\/div>\n\t\t\t\t<\/div>\n\t\t\t\t<div class=\"elementor-element elementor-element-5f963a7 mobile_pera elementor-widget elementor-widget-text-editor\" data-id=\"5f963a7\" data-element_type=\"widget\" data-e-type=\"widget\" data-widget_type=\"text-editor.default\">\n\t\t\t\t<div class=\"elementor-widget-container\">\n\t\t\t\t\t\t\t\t\t<h1><span style=\"color: #000000;\">Programmation d&rsquo;automne\u00a0<\/span><\/h1><p>Les activit\u00e9s pr\u00e9vues pour l\u2019automne incluent :<\/p><ul><li><strong>Mois des biblioth\u00e8ques au Canada (1<sup>er<\/sup> au 31 octobre). <\/strong>Une <strong>exposition de documents<\/strong> th\u00e9matique; un Cherche et trouve et un <strong>BINGO de lecture<\/strong> pour tous les \u00e2ges. Remplissez et remettez votre carte de BINGO (1er au 31 octobre) afin de courir la chance de gagner un prix ! Tirage : samedi 1<sup>er<\/sup> novembre.<\/li><li><strong>Concours de coloriage.<\/strong> Les enfants de 12 ans et moins obtiennent un dessin \u00e0 colorier avec l\u2019emprunt de documents, du 1<sup>er<\/sup> octobre au 22 novembre (tirage : 25 nov.) et du 25 novembre au 27 d\u00e9cembre (tirage : 30 d\u00e9cembre).<\/li><li><strong>Ateliers de tapping avec Yvonne Godin.<\/strong> Technique de soin simple pour am\u00e9liorer le mieux-\u00eatre physique et \u00e9motionnel simple pour adultes, mardi apr\u00e8s-midi (28 octobre et 4 novembre), 13 h 30 \u00e0 15 h. Places limit\u00e9es; inscription requise.<\/li><li><strong>L\u2019heure du conte, \u00e9dition Festival d\u2019la peur.<\/strong> Venez en costume pour un conte et une activit\u00e9 d\u2019Halloween, anim\u00e9 par notre invit\u00e9e sp\u00e9ciale surprise, pour enfants 2 \u00e0 5 ans. Vendredi 24 octobre, 10 h \u00e0 10 h 45. Inscription requise.<\/li><li><strong>Chasse aux fant\u00f4mes.<\/strong> Venez trouver les fant\u00f4mes en origami cach\u00e9s dans la biblioth\u00e8que; dans le cadre du Festival d\u2019la peur de Caraquet. Pour les enfants 12 ans et moins. Samedi 25 octobre, 10 h \u00e0 11 h et 13 h 30 \u00e0 14 h 30. Inscription non requise.<\/li><li><strong>L\u2019heure du conte.<\/strong> Contes, chansons, bricolages et jeux pour les enfants 2 \u00e0 5 ans, deux (2) vendredi matins par mois, de 10 h \u00e0 10 h 45 (7 et 21 novembre, 5 et 19 d\u00e9cembre). Inscription requise.<\/li><li><strong>Club Ados.<\/strong> Jeux et activit\u00e9s passives (ex. coloriage, bracelets, etc.) pour les jeunes de 12 ans et plus, deux (2) jeudi apr\u00e8s-midi par mois, de 15 h \u00e0 16 h (9 et 23 octobre; 7 et 21 novembre; 4 et 18 d\u00e9cembre). Inscription non requise.<\/li><li><strong>Club Mordus de lecture.<\/strong> Obtenez une (1) \u00e9tampe sur votre carte \u00ab Mordus \u00bb par livre lu et deux (2) \u00e9tampes par livre n\u00e9o-brunswickois lu, entre octobre et avril. Remplissez vos cartes pour courir la chance de gagner des prix mensuels et finaux. Tirages mensuels pendant les soir\u00e9es de nouveaut\u00e9s.<\/li><li><strong>Soir\u00e9e de nouveaut\u00e9s.<\/strong> Un caf\u00e9-jasette \u00e0 propos les nouvelles acquisitions de la biblioth\u00e8que. Les derniers mardis soir du mois (28 octobre, 25 novembre, 16 d\u00e9cembre), 18 h \u00e0 18 h 30.\u00a0 Inscription non requise.<\/li><li><strong>Soir\u00e9e en pyjama pour enfants\/ados.<\/strong> La lecture suivie d\u2019une activit\u00e9 th\u00e9matique \u2013 en pyjama ! Le premier mardi soir du mois (4 novembre \u2013 ados; 2 d\u00e9cembre \u2013 enfants), 18 h 15 \u00e0 19 h. Inscription requise.<\/li><li><strong>\u00abFaux que \u00e7a cesse \u00bb.<\/strong> Atelier en \u00e9ducation des m\u00e9dias pour les pr\u00e9ados et ados. Mercredi 29 octobre, 15 h \u00e0 16 h. Inscription non requise.<\/li><li><strong>Loterie.<\/strong> Gagnez une poup\u00e9e faite au crochet ! Billets disponibles du 4 novembre au 6 d\u00e9cembre (tirage : 9 d\u00e9c.). Une collecte de fonds de la Commission de la biblioth\u00e8que publique de Bas-Caraquet.<\/li><li><strong>Vente de livres usag\u00e9s.<\/strong> Une collecte de fonds par la Commission de la biblioth\u00e8que publique de Bas-Caraquet. samedi <strong>15 novembre<\/strong> 10 h \u00e0 12 h; samedi <strong>22 novembre<\/strong> 13 h \u00e0 15 h; samedi <strong>29 novembre<\/strong> 10 h \u00e0 12 h; samedi <strong>6 d\u00e9cembre<\/strong> 13 h \u00e0 15 h.<\/li><li><strong>Mini-rallye.<\/strong> Dix (10) questions et jeux pour tous les \u00e2ges, du 1er novembre au 27 d\u00e9cembre, pendant les heures d\u2019ouverture (tirage : 30 d\u00e9c).<\/li><li><strong>Samedis Journ\u00e9es libres.<\/strong> Divers passe-temps (ex., blocs de construction, coloriage, peinture) pour tous les \u00e2ges. Des samedis (dates \u00e0 suivre) pendant les heures d\u2019ouverture, commen\u00e7ant en novembre. Surveillez notre page Facebook pour les dates et les projets.<\/li><li><strong>Adoptez un livre (No\u00ebl).<\/strong> Vos dons nous aident \u00e0 ajouter de nouveaux livres \u00e0 notre collection !<\/li><li><strong>March\u00e9 de No\u00ebl (\u00e0 Bas-Caraquet).<\/strong> Visitez le kiosque de la biblio ! Des cr\u00e9ations artisanales seront vendues pour une collecte de fonds par la Commission de la biblioth\u00e8que publique de Bas-Caraquet. D\u00e9tails \u00e0 suivre !<\/li><\/ul>\t\t\t\t\t\t\t\t<\/div>\n\t\t\t\t<\/div>\n\t\t\t\t<div class=\"elementor-element elementor-element-372b55c elementor-widget elementor-widget-image\" data-id=\"372b55c\" data-element_type=\"widget\" data-e-type=\"widget\" data-widget_type=\"image.default\">\n\t\t\t\t<div class=\"elementor-widget-container\">\n\t\t\t\t\t\t\t\t\t\t\t\t\t\t\t<img decoding=\"async\" width=\"500\" height=\"260\" src=\"https:\/\/kiosque.acadienouvelle.com\/coup-oeil-caraquet-05-2025\/wp-content\/uploads\/sites\/360\/2025\/10\/12_logo.jpg\" class=\"attachment-large size-large wp-image-8358\" alt=\"\" srcset=\"https:\/\/kiosque.acadienouvelle.com\/coup-oeil-caraquet-05-2025\/wp-content\/uploads\/sites\/360\/2025\/10\/12_logo.jpg 500w, https:\/\/kiosque.acadienouvelle.com\/coup-oeil-caraquet-05-2025\/wp-content\/uploads\/sites\/360\/2025\/10\/12_logo-300x156.jpg 300w\" sizes=\"(max-width: 500px) 100vw, 500px\" \/>\t\t\t\t\t\t\t\t\t\t\t\t\t\t\t<\/div>\n\t\t\t\t<\/div>\n\t\t\t\t\t<\/div>\n\t\t<\/div>\n\t\t\t\t\t<\/div>\n\t\t<\/section>\n\t\t\t\t<\/div>\n\t\t","protected":false},"excerpt":{"rendered":"<p>R\u00e9ouverture de la Biblioth\u00e8que publique Claude LeBouthillier Notre biblioth\u00e8que est ouverte, apr\u00e8s avoir \u00e9t\u00e9 ferm\u00e9e depuis le mois de mai pour des r\u00e9novations au b\u00e2timent. On a proc\u00e9d\u00e9 \u00e0 une Journ\u00e9e porte ouverte le 1er octobre soit la premi\u00e8re journ\u00e9e de sa r\u00e9ouverture. Une c\u00e9r\u00e9monie officielle aura lieu dans un avenir pas si lointain.Le moment [&hellip;]<\/p>\n","protected":false},"author":1,"featured_media":0,"parent":0,"menu_order":12,"comment_status":"closed","ping_status":"closed","template":"","meta":{"site-sidebar-layout":"no-sidebar","site-content-layout":"page-builder","ast-site-content-layout":"default","site-content-style":"default","site-sidebar-style":"default","ast-global-header-display":"","ast-banner-title-visibility":"","ast-main-header-display":"","ast-hfb-above-header-display":"","ast-hfb-below-header-display":"","ast-hfb-mobile-header-display":"","site-post-title":"disabled","ast-breadcrumbs-content":"","ast-featured-img":"disabled","footer-sml-layout":"","ast-disable-related-posts":"","theme-transparent-header-meta":"default","adv-header-id-meta":"","stick-header-meta":"","header-above-stick-meta":"","header-main-stick-meta":"","header-below-stick-meta":"","astra-migrate-meta-layouts":"default","ast-page-background-enabled":"default","ast-page-background-meta":{"desktop":{"background-color":"var(--ast-global-color-4)","background-image":"","background-repeat":"repeat","background-position":"center center","background-size":"auto","background-attachment":"scroll","background-type":"","background-media":"","overlay-type":"","overlay-color":"","overlay-opacity":"","overlay-gradient":""},"tablet":{"background-color":"","background-image":"","background-repeat":"repeat","background-position":"center center","background-size":"auto","background-attachment":"scroll","background-type":"","background-media":"","overlay-type":"","overlay-color":"","overlay-opacity":"","overlay-gradient":""},"mobile":{"background-color":"","background-image":"","background-repeat":"repeat","background-position":"center center","background-size":"auto","background-attachment":"scroll","background-type":"","background-media":"","overlay-type":"","overlay-color":"","overlay-opacity":"","overlay-gradient":""}},"ast-content-background-meta":{"desktop":{"background-color":"var(--ast-global-color-5)","background-image":"","background-repeat":"repeat","background-position":"center center","background-size":"auto","background-attachment":"scroll","background-type":"","background-media":"","overlay-type":"","overlay-color":"","overlay-opacity":"","overlay-gradient":""},"tablet":{"background-color":"var(--ast-global-color-5)","background-image":"","background-repeat":"repeat","background-position":"center center","background-size":"auto","background-attachment":"scroll","background-type":"","background-media":"","overlay-type":"","overlay-color":"","overlay-opacity":"","overlay-gradient":""},"mobile":{"background-color":"var(--ast-global-color-5)","background-image":"","background-repeat":"repeat","background-position":"center center","background-size":"auto","background-attachment":"scroll","background-type":"","background-media":"","overlay-type":"","overlay-color":"","overlay-opacity":"","overlay-gradient":""}},"footnotes":""},"page-categories":[],"class_list":["post-8232","page","type-page","status-publish","hentry"],"_links":{"self":[{"href":"https:\/\/kiosque.acadienouvelle.com\/coup-oeil-caraquet-05-2025\/wp-json\/wp\/v2\/pages\/8232","targetHints":{"allow":["GET"]}}],"collection":[{"href":"https:\/\/kiosque.acadienouvelle.com\/coup-oeil-caraquet-05-2025\/wp-json\/wp\/v2\/pages"}],"about":[{"href":"https:\/\/kiosque.acadienouvelle.com\/coup-oeil-caraquet-05-2025\/wp-json\/wp\/v2\/types\/page"}],"author":[{"embeddable":true,"href":"https:\/\/kiosque.acadienouvelle.com\/coup-oeil-caraquet-05-2025\/wp-json\/wp\/v2\/users\/1"}],"replies":[{"embeddable":true,"href":"https:\/\/kiosque.acadienouvelle.com\/coup-oeil-caraquet-05-2025\/wp-json\/wp\/v2\/comments?post=8232"}],"version-history":[{"count":13,"href":"https:\/\/kiosque.acadienouvelle.com\/coup-oeil-caraquet-05-2025\/wp-json\/wp\/v2\/pages\/8232\/revisions"}],"predecessor-version":[{"id":8455,"href":"https:\/\/kiosque.acadienouvelle.com\/coup-oeil-caraquet-05-2025\/wp-json\/wp\/v2\/pages\/8232\/revisions\/8455"}],"wp:attachment":[{"href":"https:\/\/kiosque.acadienouvelle.com\/coup-oeil-caraquet-05-2025\/wp-json\/wp\/v2\/media?parent=8232"}],"wp:term":[{"taxonomy":"page-categories","embeddable":true,"href":"https:\/\/kiosque.acadienouvelle.com\/coup-oeil-caraquet-05-2025\/wp-json\/wp\/v2\/page-categories?post=8232"}],"curies":[{"name":"wp","href":"https:\/\/api.w.org\/{rel}","templated":true}]}}