{"id":8234,"date":"2025-10-20T12:43:37","date_gmt":"2025-10-20T12:43:37","guid":{"rendered":"https:\/\/kiosque.acadienouvelle.com\/coup-oeil-caraquet-05-2025\/?page_id=8234"},"modified":"2025-10-21T19:56:12","modified_gmt":"2025-10-21T19:56:12","slug":"bibliotheque-publique-mgr-paquet-de-caraquet","status":"publish","type":"page","link":"https:\/\/kiosque.acadienouvelle.com\/coup-oeil-caraquet-05-2025\/bibliotheque-publique-mgr-paquet-de-caraquet\/","title":{"rendered":"Biblioth\u00e8que publique Mgr-Paquet de Caraquet"},"content":{"rendered":"\t\t<div data-elementor-type=\"wp-page\" data-elementor-id=\"8234\" class=\"elementor elementor-8234\" data-elementor-post-type=\"page\">\n\t\t\t\t\t\t<section class=\"elementor-section elementor-top-section elementor-element elementor-element-96efe8d header_title banner_img elementor-section-full_width elementor-section-stretched elementor-section-height-default elementor-section-height-default\" data-id=\"96efe8d\" data-element_type=\"section\" data-e-type=\"section\" data-settings=\"{&quot;background_background&quot;:&quot;classic&quot;,&quot;stretch_section&quot;:&quot;section-stretched&quot;}\">\n\t\t\t\t\t\t\t<div class=\"elementor-background-overlay\"><\/div>\n\t\t\t\t\t\t\t<div class=\"elementor-container elementor-column-gap-default\">\n\t\t\t\t\t<div class=\"elementor-column elementor-col-100 elementor-top-column elementor-element elementor-element-76f7561\" data-id=\"76f7561\" data-element_type=\"column\" data-e-type=\"column\" data-settings=\"{&quot;background_background&quot;:&quot;classic&quot;}\">\n\t\t\t<div class=\"elementor-widget-wrap elementor-element-populated\">\n\t\t\t\t\t\t<div class=\"elementor-element elementor-element-9690e5d elementor-widget elementor-widget-heading\" data-id=\"9690e5d\" data-element_type=\"widget\" data-e-type=\"widget\" data-widget_type=\"heading.default\">\n\t\t\t\t<div class=\"elementor-widget-container\">\n\t\t\t\t\t<h2 class=\"elementor-heading-title elementor-size-default\">Biblioth\u00e8que publique Mgr-Paquet de Caraquet<\/h2>\t\t\t\t<\/div>\n\t\t\t\t<\/div>\n\t\t\t\t\t<\/div>\n\t\t<\/div>\n\t\t\t\t\t<\/div>\n\t\t<\/section>\n\t\t\t\t<section class=\"elementor-section elementor-top-section elementor-element elementor-element-d9a853a elementor-section-boxed elementor-section-height-default elementor-section-height-default\" data-id=\"d9a853a\" data-element_type=\"section\" data-e-type=\"section\">\n\t\t\t\t\t\t<div class=\"elementor-container elementor-column-gap-default\">\n\t\t\t\t\t<div class=\"elementor-column elementor-col-100 elementor-top-column elementor-element elementor-element-68d9c5a page_contain\" data-id=\"68d9c5a\" data-element_type=\"column\" data-e-type=\"column\" data-settings=\"{&quot;background_background&quot;:&quot;classic&quot;}\">\n\t\t\t<div class=\"elementor-widget-wrap elementor-element-populated\">\n\t\t\t\t\t\t<div class=\"elementor-element elementor-element-50f1f9b elementor-widget elementor-widget-image\" data-id=\"50f1f9b\" data-element_type=\"widget\" data-e-type=\"widget\" data-widget_type=\"image.default\">\n\t\t\t\t<div class=\"elementor-widget-container\">\n\t\t\t\t\t\t\t\t\t\t\t\t<figure class=\"wp-caption\">\n\t\t\t\t\t\t\t\t\t\t<img fetchpriority=\"high\" decoding=\"async\" width=\"1366\" height=\"768\" src=\"https:\/\/kiosque.acadienouvelle.com\/coup-oeil-caraquet-05-2025\/wp-content\/uploads\/sites\/360\/2025\/10\/12_panoramique-Biblio_land.jpg\" class=\"attachment-full size-full wp-image-8186\" alt=\"\" srcset=\"https:\/\/kiosque.acadienouvelle.com\/coup-oeil-caraquet-05-2025\/wp-content\/uploads\/sites\/360\/2025\/10\/12_panoramique-Biblio_land.jpg 1366w, https:\/\/kiosque.acadienouvelle.com\/coup-oeil-caraquet-05-2025\/wp-content\/uploads\/sites\/360\/2025\/10\/12_panoramique-Biblio_land-300x169.jpg 300w, https:\/\/kiosque.acadienouvelle.com\/coup-oeil-caraquet-05-2025\/wp-content\/uploads\/sites\/360\/2025\/10\/12_panoramique-Biblio_land-1024x576.jpg 1024w, https:\/\/kiosque.acadienouvelle.com\/coup-oeil-caraquet-05-2025\/wp-content\/uploads\/sites\/360\/2025\/10\/12_panoramique-Biblio_land-768x432.jpg 768w\" sizes=\"(max-width: 1366px) 100vw, 1366px\" \/>\t\t\t\t\t\t\t\t\t\t\t<figcaption class=\"widget-image-caption wp-caption-text\"><\/figcaption>\n\t\t\t\t\t\t\t\t\t\t<\/figure>\n\t\t\t\t\t\t\t\t\t<\/div>\n\t\t\t\t<\/div>\n\t\t<link rel=\"stylesheet\" href=\"https:\/\/use.fontawesome.com\/releases\/v5.5.0\/css\/all.css\" integrity=\"sha384-B4dIYHKNBt8Bc12p+WXckhzcICo0wtJAoU8YZTY5qE0Id1GSseTk6S+L3BlXeVIU\" crossorigin=\"anonymous\">\r\n\t\t<div class=\"elementor-element elementor-element-d0a0a3b mobile_pera elementor-widget elementor-widget-text-editor\" data-id=\"d0a0a3b\" data-element_type=\"widget\" data-e-type=\"widget\" data-widget_type=\"text-editor.default\">\n\t\t\t\t<div class=\"elementor-widget-container\">\n\t\t\t\t\t\t\t\t\t<strong>Les grands soldes de livres usag\u00e9s.<\/strong> L\u2019\u00e9v\u00e8nement annuel de collecte de fonds aura lieu dans le cadre du Mois des biblioth\u00e8ques publiques. Les fonds amass\u00e9s serviront \u00e0 l\u2019achat des nouveaux livres. Dernier jour pour d\u00e9couvrir les tr\u00e9sors \u00e0 bas prix : vendredi 24 octobre !\t\t\t\t\t\t\t\t<\/div>\n\t\t\t\t<\/div>\n\t\t\t\t<div class=\"elementor-element elementor-element-490c990 mobile_pera elementor-widget elementor-widget-text-editor\" data-id=\"490c990\" data-element_type=\"widget\" data-e-type=\"widget\" data-widget_type=\"text-editor.default\">\n\t\t\t\t<div class=\"elementor-widget-container\">\n\t\t\t\t\t\t\t\t\t<strong>Chambre d\u2019\u00e9vasion : \u00ab\u2009Station spatiale\u2009\u00bb.<\/strong> On vous met au d\u00e9fi de r\u00e9soudre les \u00e9nigmes de la chambre d\u2019\u00e9vasion : \u00ab\u2009Station spatiale\u2009\u00bb (16 ans et plus). Inscrivez-vous et testez vos m\u00e9ninges en \u00e9quipe de 2 \u00e0 4 joueurs\u2009! Vendredi 24 octobre et samedi 25 octobre. Appelez-nous par t\u00e9l\u00e9phone pour r\u00e9server votre plage horaire : (506) 726-2681.\t\t\t\t\t\t\t\t<\/div>\n\t\t\t\t<\/div>\n\t\t\t\t<div class=\"elementor-element elementor-element-10bbe90 mobile_pera elementor-widget elementor-widget-text-editor\" data-id=\"10bbe90\" data-element_type=\"widget\" data-e-type=\"widget\" data-widget_type=\"text-editor.default\">\n\t\t\t\t<div class=\"elementor-widget-container\">\n\t\t\t\t\t\t\t\t\t<strong>Concours : BINGO pour le Mois des biblioth\u00e8ques.<\/strong> Viens chercher une carte de participation \u00e0 la Biblioth\u00e8que. Une fois compl\u00e9t\u00e9e, retournez avant le 31 octobre. Tirage : samedi 1<sup>er<\/sup> novembre.\t\t\t\t\t\t\t\t<\/div>\n\t\t\t\t<\/div>\n\t\t\t\t<div class=\"elementor-element elementor-element-06bf450 elementor-widget elementor-widget-advertisement\" data-id=\"06bf450\" data-element_type=\"widget\" data-e-type=\"widget\" data-widget_type=\"advertisement.default\">\n\t\t\t\t<div class=\"elementor-widget-container\">\n\t\t\t\t\t<div class=\"ads-align-center\"><div data-m32-ad data-options='{\"sizes\":\"[[300,250]]\",\"dfpId\":\"21658289790,27729547\",\"dfpAdUnitPath\":\"acadienouvelle\/cahiers_quarterpage_300x250\"}'><\/div><\/div>\t\t\t\t<\/div>\n\t\t\t\t<\/div>\n\t\t\t\t<div class=\"elementor-element elementor-element-4e600bd mobile_pera elementor-widget elementor-widget-text-editor\" data-id=\"4e600bd\" data-element_type=\"widget\" data-e-type=\"widget\" data-widget_type=\"text-editor.default\">\n\t\t\t\t<div class=\"elementor-widget-container\">\n\t\t\t\t\t\t\t\t\t<strong>Club de tricot.<\/strong> Mardi 4 novembre \u00e0 18 h 30.\t\t\t\t\t\t\t\t<\/div>\n\t\t\t\t<\/div>\n\t\t\t\t<div class=\"elementor-element elementor-element-3007717 mobile_pera elementor-widget elementor-widget-text-editor\" data-id=\"3007717\" data-element_type=\"widget\" data-e-type=\"widget\" data-widget_type=\"text-editor.default\">\n\t\t\t\t<div class=\"elementor-widget-container\">\n\t\t\t\t\t\t\t\t\t<strong>Club de Scrabble. <\/strong> Recommence ce vendredi 24 octobre ! Vous pouvez joindre le club les vendredis, de 10h \u00e0 midi.\t\t\t\t\t\t\t\t<\/div>\n\t\t\t\t<\/div>\n\t\t\t\t<div class=\"elementor-element elementor-element-420bbee mobile_pera elementor-widget elementor-widget-text-editor\" data-id=\"420bbee\" data-element_type=\"widget\" data-e-type=\"widget\" data-widget_type=\"text-editor.default\">\n\t\t\t\t<div class=\"elementor-widget-container\">\n\t\t\t\t\t\t\t\t\t<strong>L\u2019heure du conte en pyjama.<\/strong> Lectures, comptines, \njeux et bricolages, pour les enfants de 3-5 ans. \nHalloween (d\u00e9guis\u00e9) : mardi 28 octobre, \u00e0 18 h 15. Animaux de compagnie : mardi 18 novembre, \u00e0 18 h 15. No\u00ebl : mardi 16 d\u00e9cembre, \u00e0 18 h 15.\t\t\t\t\t\t\t\t<\/div>\n\t\t\t\t<\/div>\n\t\t\t\t<div class=\"elementor-element elementor-element-192f520 mobile_pera elementor-widget elementor-widget-text-editor\" data-id=\"192f520\" data-element_type=\"widget\" data-e-type=\"widget\" data-widget_type=\"text-editor.default\">\n\t\t\t\t<div class=\"elementor-widget-container\">\n\t\t\t\t\t\t\t\t\t<strong>Bricolage de ch\u00e2teau hant\u00e9.<\/strong> Viens cr\u00e9er ton ch\u00e2teau hant\u00e9, avec du carton. Activit\u00e9 pour les jeunes \u00e2g\u00e9s de 9 ans et plus. Quand : samedi 25 octobre, 10 h. C\u2019est gratuit !\t\t\t\t\t\t\t\t<\/div>\n\t\t\t\t<\/div>\n\t\t\t\t<div class=\"elementor-element elementor-element-c59d409 mobile_pera elementor-widget elementor-widget-text-editor\" data-id=\"c59d409\" data-element_type=\"widget\" data-e-type=\"widget\" data-widget_type=\"text-editor.default\">\n\t\t\t\t<div class=\"elementor-widget-container\">\n\t\t\t\t\t\t\t\t\tSuivez-nous sur notre page Facebook pour plus d\u2019activit\u00e9s ou appelez au : 506 726-2681.\t\t\t\t\t\t\t\t<\/div>\n\t\t\t\t<\/div>\n\t\t\t\t<div class=\"elementor-element elementor-element-b25f654 mobile_pera elementor-widget elementor-widget-text-editor\" data-id=\"b25f654\" data-element_type=\"widget\" data-e-type=\"widget\" data-widget_type=\"text-editor.default\">\n\t\t\t\t<div class=\"elementor-widget-container\">\n\t\t\t\t\t\t\t\t\t<p><strong>Heures d\u2019ouverture :<\/strong> Mardi : 13 h \u00e0 17 h et 18 h \u00e0 20 h <br \/>Mercredi, jeudi, vendredi et samedi : 9 h 30 \u00e0 12 h et 13 h \u00e0 17 h<\/p>\t\t\t\t\t\t\t\t<\/div>\n\t\t\t\t<\/div>\n\t\t\t\t<div class=\"elementor-element elementor-element-321347c mobile_pera elementor-widget elementor-widget-text-editor\" data-id=\"321347c\" data-element_type=\"widget\" data-e-type=\"widget\" data-widget_type=\"text-editor.default\">\n\t\t\t\t<div class=\"elementor-widget-container\">\n\t\t\t\t\t\t\t\t\t<em>Source : Ir\u00e8ne Guraliuc<\/em>\t\t\t\t\t\t\t\t<\/div>\n\t\t\t\t<\/div>\n\t\t\t\t\t<\/div>\n\t\t<\/div>\n\t\t\t\t\t<\/div>\n\t\t<\/section>\n\t\t\t\t<\/div>\n\t\t","protected":false},"excerpt":{"rendered":"<p>Biblioth\u00e8que publique Mgr-Paquet de Caraquet Les grands soldes de livres usag\u00e9s. L\u2019\u00e9v\u00e8nement annuel de collecte de fonds aura lieu dans le cadre du Mois des biblioth\u00e8ques publiques. Les fonds amass\u00e9s serviront \u00e0 l\u2019achat des nouveaux livres. Dernier jour pour d\u00e9couvrir les tr\u00e9sors \u00e0 bas prix : vendredi 24 octobre !Chambre d\u2019\u00e9vasion : \u00ab\u2009Station spatiale\u2009\u00bb. On [&hellip;]<\/p>\n","protected":false},"author":1,"featured_media":0,"parent":0,"menu_order":13,"comment_status":"closed","ping_status":"closed","template":"","meta":{"site-sidebar-layout":"no-sidebar","site-content-layout":"page-builder","ast-site-content-layout":"default","site-content-style":"default","site-sidebar-style":"default","ast-global-header-display":"","ast-banner-title-visibility":"","ast-main-header-display":"","ast-hfb-above-header-display":"","ast-hfb-below-header-display":"","ast-hfb-mobile-header-display":"","site-post-title":"disabled","ast-breadcrumbs-content":"","ast-featured-img":"disabled","footer-sml-layout":"","ast-disable-related-posts":"","theme-transparent-header-meta":"default","adv-header-id-meta":"","stick-header-meta":"","header-above-stick-meta":"","header-main-stick-meta":"","header-below-stick-meta":"","astra-migrate-meta-layouts":"default","ast-page-background-enabled":"default","ast-page-background-meta":{"desktop":{"background-color":"var(--ast-global-color-4)","background-image":"","background-repeat":"repeat","background-position":"center center","background-size":"auto","background-attachment":"scroll","background-type":"","background-media":"","overlay-type":"","overlay-color":"","overlay-opacity":"","overlay-gradient":""},"tablet":{"background-color":"","background-image":"","background-repeat":"repeat","background-position":"center center","background-size":"auto","background-attachment":"scroll","background-type":"","background-media":"","overlay-type":"","overlay-color":"","overlay-opacity":"","overlay-gradient":""},"mobile":{"background-color":"","background-image":"","background-repeat":"repeat","background-position":"center center","background-size":"auto","background-attachment":"scroll","background-type":"","background-media":"","overlay-type":"","overlay-color":"","overlay-opacity":"","overlay-gradient":""}},"ast-content-background-meta":{"desktop":{"background-color":"var(--ast-global-color-5)","background-image":"","background-repeat":"repeat","background-position":"center center","background-size":"auto","background-attachment":"scroll","background-type":"","background-media":"","overlay-type":"","overlay-color":"","overlay-opacity":"","overlay-gradient":""},"tablet":{"background-color":"var(--ast-global-color-5)","background-image":"","background-repeat":"repeat","background-position":"center center","background-size":"auto","background-attachment":"scroll","background-type":"","background-media":"","overlay-type":"","overlay-color":"","overlay-opacity":"","overlay-gradient":""},"mobile":{"background-color":"var(--ast-global-color-5)","background-image":"","background-repeat":"repeat","background-position":"center center","background-size":"auto","background-attachment":"scroll","background-type":"","background-media":"","overlay-type":"","overlay-color":"","overlay-opacity":"","overlay-gradient":""}},"footnotes":""},"page-categories":[],"class_list":["post-8234","page","type-page","status-publish","hentry"],"_links":{"self":[{"href":"https:\/\/kiosque.acadienouvelle.com\/coup-oeil-caraquet-05-2025\/wp-json\/wp\/v2\/pages\/8234","targetHints":{"allow":["GET"]}}],"collection":[{"href":"https:\/\/kiosque.acadienouvelle.com\/coup-oeil-caraquet-05-2025\/wp-json\/wp\/v2\/pages"}],"about":[{"href":"https:\/\/kiosque.acadienouvelle.com\/coup-oeil-caraquet-05-2025\/wp-json\/wp\/v2\/types\/page"}],"author":[{"embeddable":true,"href":"https:\/\/kiosque.acadienouvelle.com\/coup-oeil-caraquet-05-2025\/wp-json\/wp\/v2\/users\/1"}],"replies":[{"embeddable":true,"href":"https:\/\/kiosque.acadienouvelle.com\/coup-oeil-caraquet-05-2025\/wp-json\/wp\/v2\/comments?post=8234"}],"version-history":[{"count":13,"href":"https:\/\/kiosque.acadienouvelle.com\/coup-oeil-caraquet-05-2025\/wp-json\/wp\/v2\/pages\/8234\/revisions"}],"predecessor-version":[{"id":8458,"href":"https:\/\/kiosque.acadienouvelle.com\/coup-oeil-caraquet-05-2025\/wp-json\/wp\/v2\/pages\/8234\/revisions\/8458"}],"wp:attachment":[{"href":"https:\/\/kiosque.acadienouvelle.com\/coup-oeil-caraquet-05-2025\/wp-json\/wp\/v2\/media?parent=8234"}],"wp:term":[{"taxonomy":"page-categories","embeddable":true,"href":"https:\/\/kiosque.acadienouvelle.com\/coup-oeil-caraquet-05-2025\/wp-json\/wp\/v2\/page-categories?post=8234"}],"curies":[{"name":"wp","href":"https:\/\/api.w.org\/{rel}","templated":true}]}}