{"id":8238,"date":"2025-10-20T12:45:58","date_gmt":"2025-10-20T12:45:58","guid":{"rendered":"https:\/\/kiosque.acadienouvelle.com\/coup-oeil-caraquet-05-2025\/?page_id=8238"},"modified":"2025-10-21T19:58:47","modified_gmt":"2025-10-21T19:58:47","slug":"reflexion-sur-litinerance-les-mots-ont-un-poids","status":"publish","type":"page","link":"https:\/\/kiosque.acadienouvelle.com\/coup-oeil-caraquet-05-2025\/reflexion-sur-litinerance-les-mots-ont-un-poids\/","title":{"rendered":"R\u00e9flexion sur l\u2019itin\u00e9rance &#8211; Les mots ont un poids"},"content":{"rendered":"\t\t<div data-elementor-type=\"wp-page\" data-elementor-id=\"8238\" class=\"elementor elementor-8238\" data-elementor-post-type=\"page\">\n\t\t\t\t\t\t<section class=\"elementor-section elementor-top-section elementor-element elementor-element-96efe8d header_title banner_img elementor-section-full_width elementor-section-stretched elementor-section-height-default elementor-section-height-default\" data-id=\"96efe8d\" data-element_type=\"section\" data-e-type=\"section\" data-settings=\"{&quot;background_background&quot;:&quot;classic&quot;,&quot;stretch_section&quot;:&quot;section-stretched&quot;}\">\n\t\t\t\t\t\t\t<div class=\"elementor-background-overlay\"><\/div>\n\t\t\t\t\t\t\t<div class=\"elementor-container elementor-column-gap-default\">\n\t\t\t\t\t<div class=\"elementor-column elementor-col-100 elementor-top-column elementor-element elementor-element-76f7561\" data-id=\"76f7561\" data-element_type=\"column\" data-e-type=\"column\" data-settings=\"{&quot;background_background&quot;:&quot;classic&quot;}\">\n\t\t\t<div class=\"elementor-widget-wrap elementor-element-populated\">\n\t\t\t\t\t\t<div class=\"elementor-element elementor-element-fa9de50 elementor-widget elementor-widget-heading\" data-id=\"fa9de50\" data-element_type=\"widget\" data-e-type=\"widget\" data-widget_type=\"heading.default\">\n\t\t\t\t<div class=\"elementor-widget-container\">\n\t\t\t\t\t<h2 class=\"elementor-heading-title elementor-size-default\">R\u00e9flexion sur l\u2019itin\u00e9rance - Les mots ont un poids<\/h2>\t\t\t\t<\/div>\n\t\t\t\t<\/div>\n\t\t\t\t\t<\/div>\n\t\t<\/div>\n\t\t\t\t\t<\/div>\n\t\t<\/section>\n\t\t\t\t<section class=\"elementor-section elementor-top-section elementor-element elementor-element-d9a853a elementor-section-boxed elementor-section-height-default elementor-section-height-default\" data-id=\"d9a853a\" data-element_type=\"section\" data-e-type=\"section\">\n\t\t\t\t\t\t<div class=\"elementor-container elementor-column-gap-default\">\n\t\t\t\t\t<div class=\"elementor-column elementor-col-100 elementor-top-column elementor-element elementor-element-68d9c5a page_contain\" data-id=\"68d9c5a\" data-element_type=\"column\" data-e-type=\"column\" data-settings=\"{&quot;background_background&quot;:&quot;classic&quot;}\">\n\t\t\t<div class=\"elementor-widget-wrap elementor-element-populated\">\n\t\t\t\t\t\t<div class=\"elementor-element elementor-element-50f1f9b elementor-widget elementor-widget-image\" data-id=\"50f1f9b\" data-element_type=\"widget\" data-e-type=\"widget\" data-widget_type=\"image.default\">\n\t\t\t\t<div class=\"elementor-widget-container\">\n\t\t\t\t\t\t\t\t\t\t\t\t\t\t\t<img fetchpriority=\"high\" decoding=\"async\" width=\"485\" height=\"382\" src=\"https:\/\/kiosque.acadienouvelle.com\/coup-oeil-caraquet-05-2025\/wp-content\/uploads\/sites\/360\/2025\/10\/14_visuel.jpg\" class=\"attachment-full size-full wp-image-8207\" alt=\"\" srcset=\"https:\/\/kiosque.acadienouvelle.com\/coup-oeil-caraquet-05-2025\/wp-content\/uploads\/sites\/360\/2025\/10\/14_visuel.jpg 485w, https:\/\/kiosque.acadienouvelle.com\/coup-oeil-caraquet-05-2025\/wp-content\/uploads\/sites\/360\/2025\/10\/14_visuel-300x236.jpg 300w\" sizes=\"(max-width: 485px) 100vw, 485px\" \/>\t\t\t\t\t\t\t\t\t\t\t\t\t\t\t<\/div>\n\t\t\t\t<\/div>\n\t\t<link rel=\"stylesheet\" href=\"https:\/\/use.fontawesome.com\/releases\/v5.5.0\/css\/all.css\" integrity=\"sha384-B4dIYHKNBt8Bc12p+WXckhzcICo0wtJAoU8YZTY5qE0Id1GSseTk6S+L3BlXeVIU\" crossorigin=\"anonymous\">\r\n\t\t<div class=\"elementor-element elementor-element-d0a0a3b mobile_pera elementor-widget elementor-widget-text-editor\" data-id=\"d0a0a3b\" data-element_type=\"widget\" data-e-type=\"widget\" data-widget_type=\"text-editor.default\">\n\t\t\t\t<div class=\"elementor-widget-container\">\n\t\t\t\t\t\t\t\t\t<p><strong>Par Marie-Mich\u00e8le Michon<\/strong><br \/><strong>Intervenante communautaire au CBPA<\/strong><\/p>\t\t\t\t\t\t\t\t<\/div>\n\t\t\t\t<\/div>\n\t\t\t\t<div class=\"elementor-element elementor-element-5ea8a75 mobile_pera elementor-widget elementor-widget-text-editor\" data-id=\"5ea8a75\" data-element_type=\"widget\" data-e-type=\"widget\" data-widget_type=\"text-editor.default\">\n\t\t\t\t<div class=\"elementor-widget-container\">\n\t\t\t\t\t\t\t\t\tEn tant qu\u2019intervenant(e)s et professionnel(le)s dans le domaine des relations d\u2019aide, nous entendons souvent les gens appeler les personnes en situation d\u2019itin\u00e9rance \u00ab des itin\u00e9rants \u00bb. Pourtant, les mots ont un poids. Ils peuvent r\u00e9duire un individu \u00e0 sa condition, comme si l\u2019itin\u00e9rance d\u00e9finissait enti\u00e8rement qui il est, comme s\u2019il n\u2019\u00e9tait plus rien d\u2019autre que \u00e7a, r\u00e9duisant ainsi sa dignit\u00e9 et l\u2019espoir de s\u2019en sortir.\t\t\t\t\t\t\t\t<\/div>\n\t\t\t\t<\/div>\n\t\t\t\t<div class=\"elementor-element elementor-element-c52b206 mobile_pera elementor-widget elementor-widget-text-editor\" data-id=\"c52b206\" data-element_type=\"widget\" data-e-type=\"widget\" data-widget_type=\"text-editor.default\">\n\t\t\t\t<div class=\"elementor-widget-container\">\n\t\t\t\t\t\t\t\t\tUne personne en situation d\u2019itin\u00e9rance est, avant tout\u2026 une personne. Un \u00eatre humain avec une histoire, \ndes \u00e9motions, des talents, des r\u00eaves, une dignit\u00e9, \net surtout, un v\u00e9cu. L\u2019itin\u00e9rance n\u2019est pas une identit\u00e9. C\u2019est une situation de vie, souvent temporaire, caus\u00e9e par une multitude de facteurs. Cette situation peut survenir \u00e0 la suite d\u2019un \u00e9v\u00e9nement traumatique, d\u2019une s\u00e9paration, d\u2019une perte d\u2019emploi, de probl\u00e8mes de sant\u00e9 mentale, de d\u00e9pendances, ou encore du manque d\u2019acc\u00e8s \u00e0 un logement abordable. Elle peut arriver \u00e0 n\u2019importe qui, \u00e0 n\u2019importe quel moment. Personne n\u2019est \u00e0 l\u2019abri.\t\t\t\t\t\t\t\t<\/div>\n\t\t\t\t<\/div>\n\t\t\t\t<div class=\"elementor-element elementor-element-a8aaaf8 mobile_pera elementor-widget elementor-widget-text-editor\" data-id=\"a8aaaf8\" data-element_type=\"widget\" data-e-type=\"widget\" data-widget_type=\"text-editor.default\">\n\t\t\t\t<div class=\"elementor-widget-container\">\n\t\t\t\t\t\t\t\t\tIl est donc essentiel que notre langage refl\u00e8te le respect que nous portons aux personnes que nous accompagnons, que nous soyons intervenants ou pas. Voir une situation d\u2019itin\u00e9rance plut\u00f4t que de voir \u00ab un itin\u00e9rant \u00bb, c\u2019est d\u00e9j\u00e0 faire un pas en avant. C\u2019est reconna\u00eetre l\u2019humanit\u00e9 de la personne avant tout. C\u2019est aussi s\u2019\u00e9loigner des jugements et des st\u00e9r\u00e9otypes, et favoriser une approche plus empathique, plus juste et plus inclusive. Changer notre vocabulaire, \nc\u2019est un petit geste\u2026 mais un grand pas vers une soci\u00e9t\u00e9 \nplus humaine.\t\t\t\t\t\t\t\t<\/div>\n\t\t\t\t<\/div>\n\t\t\t\t<div class=\"elementor-element elementor-element-557aa6a mobile_pera elementor-widget elementor-widget-text-editor\" data-id=\"557aa6a\" data-element_type=\"widget\" data-e-type=\"widget\" data-widget_type=\"text-editor.default\">\n\t\t\t\t<div class=\"elementor-widget-container\">\n\t\t\t\t\t\t\t\t\tUne \u00e9tiquette stigmatise, l\u2019espoir humanise.\t\t\t\t\t\t\t\t<\/div>\n\t\t\t\t<\/div>\n\t\t\t\t<div class=\"elementor-element elementor-element-06bf450 elementor-widget elementor-widget-advertisement\" data-id=\"06bf450\" data-element_type=\"widget\" data-e-type=\"widget\" data-widget_type=\"advertisement.default\">\n\t\t\t\t<div class=\"elementor-widget-container\">\n\t\t\t\t\t<div class=\"ads-align-center\"><div data-m32-ad data-options='{\"sizes\":\"[[300,100]]\",\"dfpId\":\"21658289790,27729547\",\"dfpAdUnitPath\":\"acadienouvelle\/cahiers_onefifthpage_300x100\"}'><\/div><\/div>\t\t\t\t<\/div>\n\t\t\t\t<\/div>\n\t\t\t\t<div class=\"elementor-element elementor-element-5f963a7 mobile_pera elementor-widget elementor-widget-text-editor\" data-id=\"5f963a7\" data-element_type=\"widget\" data-e-type=\"widget\" data-widget_type=\"text-editor.default\">\n\t\t\t\t<div class=\"elementor-widget-container\">\n\t\t\t\t\t\t\t\t\t<p><strong>Ressources utiles dans notre r\u00e9gion :<\/strong><\/p><ul><li><strong>Centre de B\u00e9n\u00e9volat de la P\u00e9ninsule Acadienne (CBPA) Inc. :<\/strong> Marie-Mich\u00e8le Michon : 506 724-8676 ou 506 727-1860<br \/><br \/><\/li><li><strong>D\u00e9veloppement social :<\/strong> 1 833 733-7835<br \/><br \/><\/li><li><strong>Centres de sant\u00e9 mentale communautaires :<\/strong><\/li><li>Caraquet : 506 726-2030<\/li><li>Tracadie : 506 394-3760<\/li><li>Shippagan : 506 336-3367<br \/><br \/><\/li><li><strong>Le 211 :<\/strong> service gratuit, confidentiel et disponible 24 h\/24 et 7j\/7 pour trouver des ressources communautaires, sociales et publiques<\/li><\/ul>\t\t\t\t\t\t\t\t<\/div>\n\t\t\t\t<\/div>\n\t\t\t\t<div class=\"elementor-element elementor-element-7809ec8 elementor-widget elementor-widget-image\" data-id=\"7809ec8\" data-element_type=\"widget\" data-e-type=\"widget\" data-widget_type=\"image.default\">\n\t\t\t\t<div class=\"elementor-widget-container\">\n\t\t\t\t\t\t\t\t\t\t\t\t\t\t\t<img decoding=\"async\" width=\"700\" height=\"700\" src=\"https:\/\/kiosque.acadienouvelle.com\/coup-oeil-caraquet-05-2025\/wp-content\/uploads\/sites\/360\/2025\/10\/15_visuel-dons-de-sang.jpg\" class=\"attachment-large size-large wp-image-8394\" alt=\"\" srcset=\"https:\/\/kiosque.acadienouvelle.com\/coup-oeil-caraquet-05-2025\/wp-content\/uploads\/sites\/360\/2025\/10\/15_visuel-dons-de-sang.jpg 700w, https:\/\/kiosque.acadienouvelle.com\/coup-oeil-caraquet-05-2025\/wp-content\/uploads\/sites\/360\/2025\/10\/15_visuel-dons-de-sang-300x300.jpg 300w, https:\/\/kiosque.acadienouvelle.com\/coup-oeil-caraquet-05-2025\/wp-content\/uploads\/sites\/360\/2025\/10\/15_visuel-dons-de-sang-150x150.jpg 150w\" sizes=\"(max-width: 700px) 100vw, 700px\" \/>\t\t\t\t\t\t\t\t\t\t\t\t\t\t\t<\/div>\n\t\t\t\t<\/div>\n\t\t\t\t\t<\/div>\n\t\t<\/div>\n\t\t\t\t\t<\/div>\n\t\t<\/section>\n\t\t\t\t<\/div>\n\t\t","protected":false},"excerpt":{"rendered":"<p>R\u00e9flexion sur l\u2019itin\u00e9rance &#8211; Les mots ont un poids Par Marie-Mich\u00e8le MichonIntervenante communautaire au CBPA En tant qu\u2019intervenant(e)s et professionnel(le)s dans le domaine des relations d\u2019aide, nous entendons souvent les gens appeler les personnes en situation d\u2019itin\u00e9rance \u00ab des itin\u00e9rants \u00bb. Pourtant, les mots ont un poids. Ils peuvent r\u00e9duire un individu \u00e0 sa condition, [&hellip;]<\/p>\n","protected":false},"author":1,"featured_media":0,"parent":0,"menu_order":15,"comment_status":"closed","ping_status":"closed","template":"","meta":{"site-sidebar-layout":"no-sidebar","site-content-layout":"page-builder","ast-site-content-layout":"default","site-content-style":"default","site-sidebar-style":"default","ast-global-header-display":"","ast-banner-title-visibility":"","ast-main-header-display":"","ast-hfb-above-header-display":"","ast-hfb-below-header-display":"","ast-hfb-mobile-header-display":"","site-post-title":"disabled","ast-breadcrumbs-content":"","ast-featured-img":"disabled","footer-sml-layout":"","ast-disable-related-posts":"","theme-transparent-header-meta":"default","adv-header-id-meta":"","stick-header-meta":"","header-above-stick-meta":"","header-main-stick-meta":"","header-below-stick-meta":"","astra-migrate-meta-layouts":"default","ast-page-background-enabled":"default","ast-page-background-meta":{"desktop":{"background-color":"var(--ast-global-color-4)","background-image":"","background-repeat":"repeat","background-position":"center center","background-size":"auto","background-attachment":"scroll","background-type":"","background-media":"","overlay-type":"","overlay-color":"","overlay-opacity":"","overlay-gradient":""},"tablet":{"background-color":"","background-image":"","background-repeat":"repeat","background-position":"center center","background-size":"auto","background-attachment":"scroll","background-type":"","background-media":"","overlay-type":"","overlay-color":"","overlay-opacity":"","overlay-gradient":""},"mobile":{"background-color":"","background-image":"","background-repeat":"repeat","background-position":"center center","background-size":"auto","background-attachment":"scroll","background-type":"","background-media":"","overlay-type":"","overlay-color":"","overlay-opacity":"","overlay-gradient":""}},"ast-content-background-meta":{"desktop":{"background-color":"var(--ast-global-color-5)","background-image":"","background-repeat":"repeat","background-position":"center center","background-size":"auto","background-attachment":"scroll","background-type":"","background-media":"","overlay-type":"","overlay-color":"","overlay-opacity":"","overlay-gradient":""},"tablet":{"background-color":"var(--ast-global-color-5)","background-image":"","background-repeat":"repeat","background-position":"center center","background-size":"auto","background-attachment":"scroll","background-type":"","background-media":"","overlay-type":"","overlay-color":"","overlay-opacity":"","overlay-gradient":""},"mobile":{"background-color":"var(--ast-global-color-5)","background-image":"","background-repeat":"repeat","background-position":"center center","background-size":"auto","background-attachment":"scroll","background-type":"","background-media":"","overlay-type":"","overlay-color":"","overlay-opacity":"","overlay-gradient":""}},"footnotes":""},"page-categories":[],"class_list":["post-8238","page","type-page","status-publish","hentry"],"_links":{"self":[{"href":"https:\/\/kiosque.acadienouvelle.com\/coup-oeil-caraquet-05-2025\/wp-json\/wp\/v2\/pages\/8238","targetHints":{"allow":["GET"]}}],"collection":[{"href":"https:\/\/kiosque.acadienouvelle.com\/coup-oeil-caraquet-05-2025\/wp-json\/wp\/v2\/pages"}],"about":[{"href":"https:\/\/kiosque.acadienouvelle.com\/coup-oeil-caraquet-05-2025\/wp-json\/wp\/v2\/types\/page"}],"author":[{"embeddable":true,"href":"https:\/\/kiosque.acadienouvelle.com\/coup-oeil-caraquet-05-2025\/wp-json\/wp\/v2\/users\/1"}],"replies":[{"embeddable":true,"href":"https:\/\/kiosque.acadienouvelle.com\/coup-oeil-caraquet-05-2025\/wp-json\/wp\/v2\/comments?post=8238"}],"version-history":[{"count":10,"href":"https:\/\/kiosque.acadienouvelle.com\/coup-oeil-caraquet-05-2025\/wp-json\/wp\/v2\/pages\/8238\/revisions"}],"predecessor-version":[{"id":8465,"href":"https:\/\/kiosque.acadienouvelle.com\/coup-oeil-caraquet-05-2025\/wp-json\/wp\/v2\/pages\/8238\/revisions\/8465"}],"wp:attachment":[{"href":"https:\/\/kiosque.acadienouvelle.com\/coup-oeil-caraquet-05-2025\/wp-json\/wp\/v2\/media?parent=8238"}],"wp:term":[{"taxonomy":"page-categories","embeddable":true,"href":"https:\/\/kiosque.acadienouvelle.com\/coup-oeil-caraquet-05-2025\/wp-json\/wp\/v2\/page-categories?post=8238"}],"curies":[{"name":"wp","href":"https:\/\/api.w.org\/{rel}","templated":true}]}}