{"id":8240,"date":"2025-10-20T12:47:31","date_gmt":"2025-10-20T12:47:31","guid":{"rendered":"https:\/\/kiosque.acadienouvelle.com\/coup-oeil-caraquet-05-2025\/?page_id=8240"},"modified":"2025-10-21T19:59:20","modified_gmt":"2025-10-21T19:59:20","slug":"donner-de-son-temps-pour-des-initiatives-qui-comptent","status":"publish","type":"page","link":"https:\/\/kiosque.acadienouvelle.com\/coup-oeil-caraquet-05-2025\/donner-de-son-temps-pour-des-initiatives-qui-comptent\/","title":{"rendered":"Donner de son temps pour des initiatives qui comptent"},"content":{"rendered":"\t\t<div data-elementor-type=\"wp-page\" data-elementor-id=\"8240\" class=\"elementor elementor-8240\" data-elementor-post-type=\"page\">\n\t\t\t\t\t\t<section class=\"elementor-section elementor-top-section elementor-element elementor-element-96efe8d header_title banner_img elementor-section-full_width elementor-section-stretched elementor-section-height-default elementor-section-height-default\" data-id=\"96efe8d\" data-element_type=\"section\" data-e-type=\"section\" data-settings=\"{&quot;background_background&quot;:&quot;classic&quot;,&quot;stretch_section&quot;:&quot;section-stretched&quot;}\">\n\t\t\t\t\t\t\t<div class=\"elementor-background-overlay\"><\/div>\n\t\t\t\t\t\t\t<div class=\"elementor-container elementor-column-gap-default\">\n\t\t\t\t\t<div class=\"elementor-column elementor-col-100 elementor-top-column elementor-element elementor-element-76f7561\" data-id=\"76f7561\" data-element_type=\"column\" data-e-type=\"column\" data-settings=\"{&quot;background_background&quot;:&quot;classic&quot;}\">\n\t\t\t<div class=\"elementor-widget-wrap elementor-element-populated\">\n\t\t\t\t\t\t<div class=\"elementor-element elementor-element-f52220f elementor-widget elementor-widget-heading\" data-id=\"f52220f\" data-element_type=\"widget\" data-e-type=\"widget\" data-widget_type=\"heading.default\">\n\t\t\t\t<div class=\"elementor-widget-container\">\n\t\t\t\t\t<h2 class=\"elementor-heading-title elementor-size-default\">Donner de son temps pour des initiatives qui comptent<\/h2>\t\t\t\t<\/div>\n\t\t\t\t<\/div>\n\t\t\t\t\t<\/div>\n\t\t<\/div>\n\t\t\t\t\t<\/div>\n\t\t<\/section>\n\t\t\t\t<section class=\"elementor-section elementor-top-section elementor-element elementor-element-d9a853a elementor-section-boxed elementor-section-height-default elementor-section-height-default\" data-id=\"d9a853a\" data-element_type=\"section\" data-e-type=\"section\">\n\t\t\t\t\t\t<div class=\"elementor-container elementor-column-gap-default\">\n\t\t\t\t\t<div class=\"elementor-column elementor-col-100 elementor-top-column elementor-element elementor-element-68d9c5a page_contain\" data-id=\"68d9c5a\" data-element_type=\"column\" data-e-type=\"column\" data-settings=\"{&quot;background_background&quot;:&quot;classic&quot;}\">\n\t\t\t<div class=\"elementor-widget-wrap elementor-element-populated\">\n\t\t\t\t<link rel=\"stylesheet\" href=\"https:\/\/use.fontawesome.com\/releases\/v5.5.0\/css\/all.css\" integrity=\"sha384-B4dIYHKNBt8Bc12p+WXckhzcICo0wtJAoU8YZTY5qE0Id1GSseTk6S+L3BlXeVIU\" crossorigin=\"anonymous\">\r\n\t\t<div class=\"elementor-element elementor-element-d0a0a3b mobile_pera elementor-widget elementor-widget-text-editor\" data-id=\"d0a0a3b\" data-element_type=\"widget\" data-e-type=\"widget\" data-widget_type=\"text-editor.default\">\n\t\t\t\t<div class=\"elementor-widget-container\">\n\t\t\t\t\t\t\t\t\tLa Commission de services \nr\u00e9gionaux P\u00e9ninsule acadienne (CSRPA) d\u00e9veloppe des initiatives qui am\u00e9liorent concr\u00e8tement la qualit\u00e9 de vie des citoyennes et citoyens. Deux de ces initiatives, d\u00e9j\u00e0 bien ancr\u00e9es dans notre r\u00e9gion, reposent sur l\u2019engagement de b\u00e9n\u00e9voles g\u00e9n\u00e9reux.\t\t\t\t\t\t\t\t<\/div>\n\t\t\t\t<\/div>\n\t\t\t\t<div class=\"elementor-element elementor-element-06bf450 elementor-widget elementor-widget-advertisement\" data-id=\"06bf450\" data-element_type=\"widget\" data-e-type=\"widget\" data-widget_type=\"advertisement.default\">\n\t\t\t\t<div class=\"elementor-widget-container\">\n\t\t\t\t\t<div class=\"ads-align-center\"><div data-m32-ad data-options='{\"sizes\":\"[[300,100]]\",\"dfpId\":\"21658289790,27729547\",\"dfpAdUnitPath\":\"acadienouvelle\/cahiers_onefifthpage_300x100\"}'><\/div><\/div>\t\t\t\t<\/div>\n\t\t\t\t<\/div>\n\t\t\t\t<div class=\"elementor-element elementor-element-0b6ad93 mobile_pera elementor-widget elementor-widget-text-editor\" data-id=\"0b6ad93\" data-element_type=\"widget\" data-e-type=\"widget\" data-widget_type=\"text-editor.default\">\n\t\t\t\t<div class=\"elementor-widget-container\">\n\t\t\t\t\t\t\t\t\t<p><b>Pensez Frais P\u00e9ninsule acadienne<\/b><\/p>\t\t\t\t\t\t\t\t<\/div>\n\t\t\t\t<\/div>\n\t\t\t\t<div class=\"elementor-element elementor-element-e5bc42c elementor-widget elementor-widget-image\" data-id=\"e5bc42c\" data-element_type=\"widget\" data-e-type=\"widget\" data-widget_type=\"image.default\">\n\t\t\t\t<div class=\"elementor-widget-container\">\n\t\t\t\t\t\t\t\t\t\t\t\t\t\t\t<img fetchpriority=\"high\" decoding=\"async\" width=\"330\" height=\"277\" src=\"https:\/\/kiosque.acadienouvelle.com\/coup-oeil-caraquet-05-2025\/wp-content\/uploads\/sites\/360\/2025\/10\/16_pensez_frais.jpg\" class=\"attachment-large size-large wp-image-8398\" alt=\"\" srcset=\"https:\/\/kiosque.acadienouvelle.com\/coup-oeil-caraquet-05-2025\/wp-content\/uploads\/sites\/360\/2025\/10\/16_pensez_frais.jpg 330w, https:\/\/kiosque.acadienouvelle.com\/coup-oeil-caraquet-05-2025\/wp-content\/uploads\/sites\/360\/2025\/10\/16_pensez_frais-300x252.jpg 300w\" sizes=\"(max-width: 330px) 100vw, 330px\" \/>\t\t\t\t\t\t\t\t\t\t\t\t\t\t\t<\/div>\n\t\t\t\t<\/div>\n\t\t\t\t<div class=\"elementor-element elementor-element-321347c mobile_pera elementor-widget elementor-widget-text-editor\" data-id=\"321347c\" data-element_type=\"widget\" data-e-type=\"widget\" data-widget_type=\"text-editor.default\">\n\t\t\t\t<div class=\"elementor-widget-container\">\n\t\t\t\t\t\t\t\t\tL\u2019initiative <strong>Pensez Frais<\/strong>, permet aux familles d\u2019ici d\u2019acc\u00e9der \u00e0 des fruits et l\u00e9gumes frais \u00e0 prix abordable. Pour seulement 15 $, chaque panier contribue \u00e0 la sant\u00e9 et au mieux-\u00eatre de la population tout en renfor\u00e7ant la s\u00e9curit\u00e9 alimentaire.\t\t\t\t\t\t\t\t<\/div>\n\t\t\t\t<\/div>\n\t\t\t\t<div class=\"elementor-element elementor-element-1258c05 mobile_pera elementor-widget elementor-widget-text-editor\" data-id=\"1258c05\" data-element_type=\"widget\" data-e-type=\"widget\" data-widget_type=\"text-editor.default\">\n\t\t\t\t<div class=\"elementor-widget-container\">\n\t\t\t\t\t\t\t\t\tLe succ\u00e8s de ce projet repose \nsur une belle \u00e9quipe de b\u00e9n\u00e9voles qui accueillent les participants, aident \u00e0 la r\u00e9ception et au partage des produits, et participent au rangement. \t\t\t\t\t\t\t\t<\/div>\n\t\t\t\t<\/div>\n\t\t\t\t<div class=\"elementor-element elementor-element-06ba616 mobile_pera elementor-widget elementor-widget-text-editor\" data-id=\"06ba616\" data-element_type=\"widget\" data-e-type=\"widget\" data-widget_type=\"text-editor.default\">\n\t\t\t\t<div class=\"elementor-widget-container\">\n\t\t\t\t\t\t\t\t\tNous cherchons actuellement des personnes pr\u00eates \u00e0 s\u2019impliquer \u00e0 Caraquet, Lam\u00e8que, Shippagan, Tracadie, Grande-Anse et Saint-Isidore.\t\t\t\t\t\t\t\t<\/div>\n\t\t\t\t<\/div>\n\t\t\t\t<div class=\"elementor-element elementor-element-b0b056f mobile_pera elementor-widget elementor-widget-text-editor\" data-id=\"b0b056f\" data-element_type=\"widget\" data-e-type=\"widget\" data-widget_type=\"text-editor.default\">\n\t\t\t\t<div class=\"elementor-widget-container\">\n\t\t\t\t\t\t\t\t\t<p><b>Flexi D\u00e9placement P\u00e9ninsule<\/b><\/p>\t\t\t\t\t\t\t\t<\/div>\n\t\t\t\t<\/div>\n\t\t\t\t<div class=\"elementor-element elementor-element-41b552f elementor-widget elementor-widget-image\" data-id=\"41b552f\" data-element_type=\"widget\" data-e-type=\"widget\" data-widget_type=\"image.default\">\n\t\t\t\t<div class=\"elementor-widget-container\">\n\t\t\t\t\t\t\t\t\t\t\t\t\t\t\t<img decoding=\"async\" width=\"1024\" height=\"667\" src=\"https:\/\/kiosque.acadienouvelle.com\/coup-oeil-caraquet-05-2025\/wp-content\/uploads\/sites\/360\/2025\/10\/16_illustration-Deplacement-Peninsule-1-1024x667.jpg\" class=\"attachment-large size-large wp-image-8400\" alt=\"\" srcset=\"https:\/\/kiosque.acadienouvelle.com\/coup-oeil-caraquet-05-2025\/wp-content\/uploads\/sites\/360\/2025\/10\/16_illustration-Deplacement-Peninsule-1-1024x667.jpg 1024w, https:\/\/kiosque.acadienouvelle.com\/coup-oeil-caraquet-05-2025\/wp-content\/uploads\/sites\/360\/2025\/10\/16_illustration-Deplacement-Peninsule-1-300x195.jpg 300w, https:\/\/kiosque.acadienouvelle.com\/coup-oeil-caraquet-05-2025\/wp-content\/uploads\/sites\/360\/2025\/10\/16_illustration-Deplacement-Peninsule-1-768x500.jpg 768w, https:\/\/kiosque.acadienouvelle.com\/coup-oeil-caraquet-05-2025\/wp-content\/uploads\/sites\/360\/2025\/10\/16_illustration-Deplacement-Peninsule-1.jpg 1108w\" sizes=\"(max-width: 1024px) 100vw, 1024px\" \/>\t\t\t\t\t\t\t\t\t\t\t\t\t\t\t<\/div>\n\t\t\t\t<\/div>\n\t\t\t\t<div class=\"elementor-element elementor-element-90f3926 mobile_pera elementor-widget elementor-widget-text-editor\" data-id=\"90f3926\" data-element_type=\"widget\" data-e-type=\"widget\" data-widget_type=\"text-editor.default\">\n\t\t\t\t<div class=\"elementor-widget-container\">\n\t\t\t\t\t\t\t\t\tCe service de transport communautaire fonctionne gr\u00e2ce \u00e0 une vingtaine de conducteurs b\u00e9n\u00e9voles qui sillonnent la P\u00e9ninsule et au-del\u00e0, permettant \u00e0 de nombreuses personnes de se d\u00e9placer pour leurs rendez-vous ou leurs besoins essentiels.\t\t\t\t\t\t\t\t<\/div>\n\t\t\t\t<\/div>\n\t\t\t\t<div class=\"elementor-element elementor-element-2f87bfa mobile_pera elementor-widget elementor-widget-text-editor\" data-id=\"2f87bfa\" data-element_type=\"widget\" data-e-type=\"widget\" data-widget_type=\"text-editor.default\">\n\t\t\t\t<div class=\"elementor-widget-container\">\n\t\t\t\t\t\t\t\t\tLes b\u00e9n\u00e9voles re\u00e7oivent un remboursement de 0,58 $\/km, ainsi qu\u2019une compensation pour une partie de leur assurance automobile.\t\t\t\t\t\t\t\t<\/div>\n\t\t\t\t<\/div>\n\t\t\t\t<div class=\"elementor-element elementor-element-53e36ea mobile_pera elementor-widget elementor-widget-text-editor\" data-id=\"53e36ea\" data-element_type=\"widget\" data-e-type=\"widget\" data-widget_type=\"text-editor.default\">\n\t\t\t\t<div class=\"elementor-widget-container\">\n\t\t\t\t\t\t\t\t\tChaque nouveau conducteur passe un processus de s\u00e9lection incluant une v\u00e9rification du casier judiciaire, un permis valide et une inspection \ndu v\u00e9hicule.\t\t\t\t\t\t\t\t<\/div>\n\t\t\t\t<\/div>\n\t\t\t\t<div class=\"elementor-element elementor-element-130951f mobile_pera elementor-widget elementor-widget-text-editor\" data-id=\"130951f\" data-element_type=\"widget\" data-e-type=\"widget\" data-widget_type=\"text-editor.default\">\n\t\t\t\t<div class=\"elementor-widget-container\">\n\t\t\t\t\t\t\t\t\t<p><b>Vous souhaitez contribuer \u00e0 l\u2019un ou l\u2019autre de ces projets?<\/b><\/p>\t\t\t\t\t\t\t\t<\/div>\n\t\t\t\t<\/div>\n\t\t\t\t<div class=\"elementor-element elementor-element-4ab1ead mobile_pera elementor-widget elementor-widget-text-editor\" data-id=\"4ab1ead\" data-element_type=\"widget\" data-e-type=\"widget\" data-widget_type=\"text-editor.default\">\n\t\t\t\t<div class=\"elementor-widget-container\">\n\t\t\t\t\t\t\t\t\tPour <strong>Pensez Frais<\/strong>, \u00e9crivez \u00e0 madericatta@csrpa.ca ou appelez au 506 727-7979.\t\t\t\t\t\t\t\t<\/div>\n\t\t\t\t<\/div>\n\t\t\t\t<div class=\"elementor-element elementor-element-2b42bae mobile_pera elementor-widget elementor-widget-text-editor\" data-id=\"2b42bae\" data-element_type=\"widget\" data-e-type=\"widget\" data-widget_type=\"text-editor.default\">\n\t\t\t\t<div class=\"elementor-widget-container\">\n\t\t\t\t\t\t\t\t\tPour <strong>Flexi D\u00e9placement P\u00e9ninsule<\/strong>, \u00e9crivez \u00e0 marieevechiasson@csrpa.ca ou appelez au 506 727-7979. \n\t\t\t\t\t\t\t\t<\/div>\n\t\t\t\t<\/div>\n\t\t\t\t<div class=\"elementor-element elementor-element-85a072d mobile_pera elementor-widget elementor-widget-text-editor\" data-id=\"85a072d\" data-element_type=\"widget\" data-e-type=\"widget\" data-widget_type=\"text-editor.default\">\n\t\t\t\t<div class=\"elementor-widget-container\">\n\t\t\t\t\t\t\t\t\tEn donnant un peu de votre temps, vous faites une grande diff\u00e9rence pour toute la communaut\u00e9!\t\t\t\t\t\t\t\t<\/div>\n\t\t\t\t<\/div>\n\t\t\t\t<div class=\"elementor-element elementor-element-0544c10 elementor-widget-divider--view-line elementor-widget elementor-widget-divider\" data-id=\"0544c10\" data-element_type=\"widget\" data-e-type=\"widget\" data-widget_type=\"divider.default\">\n\t\t\t\t<div class=\"elementor-widget-container\">\n\t\t\t\t\t\t\t<div class=\"elementor-divider\">\n\t\t\t<span class=\"elementor-divider-separator\">\n\t\t\t\t\t\t<\/span>\n\t\t<\/div>\n\t\t\t\t\t\t<\/div>\n\t\t\t\t<\/div>\n\t\t\t\t<section class=\"elementor-section elementor-inner-section elementor-element elementor-element-6b4c2d9 elementor-section-boxed elementor-section-height-default elementor-section-height-default\" data-id=\"6b4c2d9\" data-element_type=\"section\" data-e-type=\"section\">\n\t\t\t\t\t\t<div class=\"elementor-container elementor-column-gap-default\">\n\t\t\t\t\t<div class=\"elementor-column elementor-col-50 elementor-inner-column elementor-element elementor-element-e7e891e\" data-id=\"e7e891e\" data-element_type=\"column\" data-e-type=\"column\">\n\t\t\t<div class=\"elementor-widget-wrap elementor-element-populated\">\n\t\t\t\t\t\t<div class=\"elementor-element elementor-element-0bec2cb mobile_pera elementor-widget elementor-widget-text-editor\" data-id=\"0bec2cb\" data-element_type=\"widget\" data-e-type=\"widget\" data-widget_type=\"text-editor.default\">\n\t\t\t\t<div class=\"elementor-widget-container\">\n\t\t\t\t\t\t\t\t\t<i>Source : Karine H\u00e9bert Doumbia, gestionnaire des communications et du marketing\u00a0<\/i><i style=\"font-weight: inherit;\">Commission de services r\u00e9gionaux\u00a0<\/i><i style=\"font-weight: inherit;\">P\u00e9ninsule acadienne<\/i>\t\t\t\t\t\t\t\t<\/div>\n\t\t\t\t<\/div>\n\t\t\t\t\t<\/div>\n\t\t<\/div>\n\t\t\t\t<div class=\"elementor-column elementor-col-50 elementor-inner-column elementor-element elementor-element-fc5cc3e\" data-id=\"fc5cc3e\" data-element_type=\"column\" data-e-type=\"column\">\n\t\t\t<div class=\"elementor-widget-wrap elementor-element-populated\">\n\t\t\t\t\t\t<div class=\"elementor-element elementor-element-8a16021 elementor-widget__width-initial elementor-widget elementor-widget-image\" data-id=\"8a16021\" data-element_type=\"widget\" data-e-type=\"widget\" data-widget_type=\"image.default\">\n\t\t\t\t<div class=\"elementor-widget-container\">\n\t\t\t\t\t\t\t\t\t\t\t\t\t\t\t<img decoding=\"async\" width=\"455\" height=\"159\" src=\"https:\/\/kiosque.acadienouvelle.com\/coup-oeil-caraquet-05-2025\/wp-content\/uploads\/sites\/360\/2025\/10\/16_CSRPA-Logo-Web.jpg\" class=\"attachment-large size-large wp-image-8401\" alt=\"\" srcset=\"https:\/\/kiosque.acadienouvelle.com\/coup-oeil-caraquet-05-2025\/wp-content\/uploads\/sites\/360\/2025\/10\/16_CSRPA-Logo-Web.jpg 455w, https:\/\/kiosque.acadienouvelle.com\/coup-oeil-caraquet-05-2025\/wp-content\/uploads\/sites\/360\/2025\/10\/16_CSRPA-Logo-Web-300x105.jpg 300w\" sizes=\"(max-width: 455px) 100vw, 455px\" \/>\t\t\t\t\t\t\t\t\t\t\t\t\t\t\t<\/div>\n\t\t\t\t<\/div>\n\t\t\t\t\t<\/div>\n\t\t<\/div>\n\t\t\t\t\t<\/div>\n\t\t<\/section>\n\t\t\t\t\t<\/div>\n\t\t<\/div>\n\t\t\t\t\t<\/div>\n\t\t<\/section>\n\t\t\t\t<\/div>\n\t\t","protected":false},"excerpt":{"rendered":"<p>Donner de son temps pour des initiatives qui comptent La Commission de services r\u00e9gionaux P\u00e9ninsule acadienne (CSRPA) d\u00e9veloppe des initiatives qui am\u00e9liorent concr\u00e8tement la qualit\u00e9 de vie des citoyennes et citoyens. Deux de ces initiatives, d\u00e9j\u00e0 bien ancr\u00e9es dans notre r\u00e9gion, reposent sur l\u2019engagement de b\u00e9n\u00e9voles g\u00e9n\u00e9reux. Pensez Frais P\u00e9ninsule acadienne L\u2019initiative Pensez Frais, permet [&hellip;]<\/p>\n","protected":false},"author":1,"featured_media":0,"parent":0,"menu_order":16,"comment_status":"closed","ping_status":"closed","template":"","meta":{"site-sidebar-layout":"no-sidebar","site-content-layout":"page-builder","ast-site-content-layout":"default","site-content-style":"default","site-sidebar-style":"default","ast-global-header-display":"","ast-banner-title-visibility":"","ast-main-header-display":"","ast-hfb-above-header-display":"","ast-hfb-below-header-display":"","ast-hfb-mobile-header-display":"","site-post-title":"disabled","ast-breadcrumbs-content":"","ast-featured-img":"disabled","footer-sml-layout":"","ast-disable-related-posts":"","theme-transparent-header-meta":"default","adv-header-id-meta":"","stick-header-meta":"","header-above-stick-meta":"","header-main-stick-meta":"","header-below-stick-meta":"","astra-migrate-meta-layouts":"default","ast-page-background-enabled":"default","ast-page-background-meta":{"desktop":{"background-color":"var(--ast-global-color-4)","background-image":"","background-repeat":"repeat","background-position":"center center","background-size":"auto","background-attachment":"scroll","background-type":"","background-media":"","overlay-type":"","overlay-color":"","overlay-opacity":"","overlay-gradient":""},"tablet":{"background-color":"","background-image":"","background-repeat":"repeat","background-position":"center center","background-size":"auto","background-attachment":"scroll","background-type":"","background-media":"","overlay-type":"","overlay-color":"","overlay-opacity":"","overlay-gradient":""},"mobile":{"background-color":"","background-image":"","background-repeat":"repeat","background-position":"center center","background-size":"auto","background-attachment":"scroll","background-type":"","background-media":"","overlay-type":"","overlay-color":"","overlay-opacity":"","overlay-gradient":""}},"ast-content-background-meta":{"desktop":{"background-color":"var(--ast-global-color-5)","background-image":"","background-repeat":"repeat","background-position":"center center","background-size":"auto","background-attachment":"scroll","background-type":"","background-media":"","overlay-type":"","overlay-color":"","overlay-opacity":"","overlay-gradient":""},"tablet":{"background-color":"var(--ast-global-color-5)","background-image":"","background-repeat":"repeat","background-position":"center center","background-size":"auto","background-attachment":"scroll","background-type":"","background-media":"","overlay-type":"","overlay-color":"","overlay-opacity":"","overlay-gradient":""},"mobile":{"background-color":"var(--ast-global-color-5)","background-image":"","background-repeat":"repeat","background-position":"center center","background-size":"auto","background-attachment":"scroll","background-type":"","background-media":"","overlay-type":"","overlay-color":"","overlay-opacity":"","overlay-gradient":""}},"footnotes":""},"page-categories":[],"class_list":["post-8240","page","type-page","status-publish","hentry"],"_links":{"self":[{"href":"https:\/\/kiosque.acadienouvelle.com\/coup-oeil-caraquet-05-2025\/wp-json\/wp\/v2\/pages\/8240","targetHints":{"allow":["GET"]}}],"collection":[{"href":"https:\/\/kiosque.acadienouvelle.com\/coup-oeil-caraquet-05-2025\/wp-json\/wp\/v2\/pages"}],"about":[{"href":"https:\/\/kiosque.acadienouvelle.com\/coup-oeil-caraquet-05-2025\/wp-json\/wp\/v2\/types\/page"}],"author":[{"embeddable":true,"href":"https:\/\/kiosque.acadienouvelle.com\/coup-oeil-caraquet-05-2025\/wp-json\/wp\/v2\/users\/1"}],"replies":[{"embeddable":true,"href":"https:\/\/kiosque.acadienouvelle.com\/coup-oeil-caraquet-05-2025\/wp-json\/wp\/v2\/comments?post=8240"}],"version-history":[{"count":10,"href":"https:\/\/kiosque.acadienouvelle.com\/coup-oeil-caraquet-05-2025\/wp-json\/wp\/v2\/pages\/8240\/revisions"}],"predecessor-version":[{"id":8468,"href":"https:\/\/kiosque.acadienouvelle.com\/coup-oeil-caraquet-05-2025\/wp-json\/wp\/v2\/pages\/8240\/revisions\/8468"}],"wp:attachment":[{"href":"https:\/\/kiosque.acadienouvelle.com\/coup-oeil-caraquet-05-2025\/wp-json\/wp\/v2\/media?parent=8240"}],"wp:term":[{"taxonomy":"page-categories","embeddable":true,"href":"https:\/\/kiosque.acadienouvelle.com\/coup-oeil-caraquet-05-2025\/wp-json\/wp\/v2\/page-categories?post=8240"}],"curies":[{"name":"wp","href":"https:\/\/api.w.org\/{rel}","templated":true}]}}