{"id":7758,"date":"2026-01-19T17:33:40","date_gmt":"2026-01-19T17:33:40","guid":{"rendered":"https:\/\/kiosque.acadienouvelle.com\/destination-soleil-2026\/mexique-rpublique-dominicaine-et-cuba-des-destinations-populaires\/"},"modified":"2026-01-19T17:46:57","modified_gmt":"2026-01-19T17:46:57","slug":"mexique-rpublique-dominicaine-et-cuba-des-destinations-populaires","status":"publish","type":"page","link":"https:\/\/kiosque.acadienouvelle.com\/destination-soleil-2026\/mexique-rpublique-dominicaine-et-cuba-des-destinations-populaires\/","title":{"rendered":"Mexique, R\u00e9publique dominicaine et Cuba : des destinations populaires!"},"content":{"rendered":"\t\t<div data-elementor-type=\"wp-page\" data-elementor-id=\"7758\" class=\"elementor elementor-7758\" data-elementor-post-type=\"page\">\n\t\t\t\t\t\t<section class=\"elementor-section elementor-top-section elementor-element elementor-element-50c1b6e elementor-section-height-min-height header_title banner_img elementor-section-boxed elementor-section-height-default elementor-section-items-middle\" data-id=\"50c1b6e\" data-element_type=\"section\" data-e-type=\"section\" data-settings=\"{&quot;background_background&quot;:&quot;classic&quot;}\">\n\t\t\t\t\t\t\t<div class=\"elementor-background-overlay\"><\/div>\n\t\t\t\t\t\t\t<div class=\"elementor-container elementor-column-gap-default\">\n\t\t\t\t\t<div class=\"elementor-column elementor-col-100 elementor-top-column elementor-element elementor-element-3a2d241\" data-id=\"3a2d241\" data-element_type=\"column\" data-e-type=\"column\">\n\t\t\t<div class=\"elementor-widget-wrap elementor-element-populated\">\n\t\t\t\t\t\t<div class=\"elementor-element elementor-element-9673cd2 elementor-widget elementor-widget-heading\" data-id=\"9673cd2\" data-element_type=\"widget\" data-e-type=\"widget\" data-widget_type=\"heading.default\">\n\t\t\t\t<div class=\"elementor-widget-container\">\n\t\t\t\t\t<h2 class=\"elementor-heading-title elementor-size-default\">Mexique, R\u00e9publique dominicaine et Cuba : \ndes destinations populaires!<\/h2>\t\t\t\t<\/div>\n\t\t\t\t<\/div>\n\t\t\t\t\t<\/div>\n\t\t<\/div>\n\t\t\t\t\t<\/div>\n\t\t<\/section>\n\t\t\t\t<section class=\"elementor-section elementor-top-section elementor-element elementor-element-d9a853a elementor-section-boxed elementor-section-height-default elementor-section-height-default\" data-id=\"d9a853a\" data-element_type=\"section\" data-e-type=\"section\">\n\t\t\t\t\t\t<div class=\"elementor-container elementor-column-gap-default\">\n\t\t\t\t\t<div class=\"elementor-column elementor-col-100 elementor-top-column elementor-element elementor-element-68d9c5a page_contain\" data-id=\"68d9c5a\" data-element_type=\"column\" data-e-type=\"column\" data-settings=\"{&quot;background_background&quot;:&quot;classic&quot;}\">\n\t\t\t<div class=\"elementor-widget-wrap elementor-element-populated\">\n\t\t\t\t\t\t<div class=\"elementor-element elementor-element-50f1f9b elementor-widget elementor-widget-image\" data-id=\"50f1f9b\" data-element_type=\"widget\" data-e-type=\"widget\" data-widget_type=\"image.default\">\n\t\t\t\t<div class=\"elementor-widget-container\">\n\t\t\t\t\t\t\t\t\t\t\t\t<figure class=\"wp-caption\">\n\t\t\t\t\t\t\t\t\t\t<img fetchpriority=\"high\" decoding=\"async\" width=\"1366\" height=\"768\" src=\"https:\/\/kiosque.acadienouvelle.com\/destination-soleil-2026\/wp-content\/uploads\/sites\/378\/2026\/01\/destinations_populaires_landing.jpg\" class=\"attachment-full size-full wp-image-7763\" alt=\"\" srcset=\"https:\/\/kiosque.acadienouvelle.com\/destination-soleil-2026\/wp-content\/uploads\/sites\/378\/2026\/01\/destinations_populaires_landing.jpg 1366w, https:\/\/kiosque.acadienouvelle.com\/destination-soleil-2026\/wp-content\/uploads\/sites\/378\/2026\/01\/destinations_populaires_landing-300x169.jpg 300w, https:\/\/kiosque.acadienouvelle.com\/destination-soleil-2026\/wp-content\/uploads\/sites\/378\/2026\/01\/destinations_populaires_landing-1024x576.jpg 1024w, https:\/\/kiosque.acadienouvelle.com\/destination-soleil-2026\/wp-content\/uploads\/sites\/378\/2026\/01\/destinations_populaires_landing-768x432.jpg 768w\" sizes=\"(max-width: 1366px) 100vw, 1366px\" \/>\t\t\t\t\t\t\t\t\t\t\t<figcaption class=\"widget-image-caption wp-caption-text\"><\/figcaption>\n\t\t\t\t\t\t\t\t\t\t<\/figure>\n\t\t\t\t\t\t\t\t\t<\/div>\n\t\t\t\t<\/div>\n\t\t<link rel=\"stylesheet\" href=\"https:\/\/use.fontawesome.com\/releases\/v5.5.0\/css\/all.css\" integrity=\"sha384-B4dIYHKNBt8Bc12p+WXckhzcICo0wtJAoU8YZTY5qE0Id1GSseTk6S+L3BlXeVIU\" crossorigin=\"anonymous\">\r\n\t\t<div class=\"elementor-element elementor-element-d0a0a3b mobile_pera elementor-widget elementor-widget-text-editor\" data-id=\"d0a0a3b\" data-element_type=\"widget\" data-e-type=\"widget\" data-widget_type=\"text-editor.default\">\n\t\t\t\t<div class=\"elementor-widget-container\">\n\t\t\t\t\t\t\t\t\t<p>Un coup de sonde men\u00e9 par l\u2019Acadie Nouvelle en octobre dernier aupr\u00e8s d\u2019un agent de voyage du Madawaska a permis de constater que les N\u00e9o-Brunswickois seront une fois de plus fid\u00e8les aux destinations soleil que repr\u00e9sentent le Mexique, la R\u00e9publique dominicaine et Cuba. \u00ab Si je me fie aux r\u00e9servations effectu\u00e9es jusqu\u2019ici cette ann\u00e9e, les gens seront tr\u00e8s nombreux \u00e0 voyager cet hiver \u00bb a confi\u00e9 Marcel Levesque au journaliste S\u00e9bastien Lachance. M. Levesque est repr\u00e9sentant chez Voyage Musetta, il dit ne pas avoir remarqu\u00e9 de nouvelles tendances cette saison chez les voyageurs qui doivent s\u2019attendre \u00e0 payer leur forfait sous le soleil \u00e0 des prix semblables \u00e0 l\u2019an dernier. M. Levesque a soulign\u00e9 que les forfaits offerts par les grossistes en voyage se d\u00e9taillent \u00e0 un prix minimum de 1100 $ pour une semaine en janvier ou f\u00e9vrier en formule tout inclus et de 2200 $ par personne pour les destinations comme le Mexique et la R\u00e9publique dominicaine.<\/p>\t\t\t\t\t\t\t\t<\/div>\n\t\t\t\t<\/div>\n\t\t\t\t<div class=\"elementor-element elementor-element-32a74fc elementor-widget elementor-widget-advertisement\" data-id=\"32a74fc\" data-element_type=\"widget\" data-e-type=\"widget\" data-widget_type=\"advertisement.default\">\n\t\t\t\t<div class=\"elementor-widget-container\">\n\t\t\t\t\t<div class=\"ads-align-center\"><div data-m32-ad data-options='{\"sizes\":\"[[300,250]]\",\"dfpId\":\"21658289790,27729547\",\"dfpAdUnitPath\":\"acadienouvelle\/cahiers_quarterpage_300x250\"}'><\/div><\/div>\t\t\t\t<\/div>\n\t\t\t\t<\/div>\n\t\t\t\t<div class=\"elementor-element elementor-element-74263c8 mobile_pera elementor-widget elementor-widget-text-editor\" data-id=\"74263c8\" data-element_type=\"widget\" data-e-type=\"widget\" data-widget_type=\"text-editor.default\">\n\t\t\t\t<div class=\"elementor-widget-container\">\n\t\t\t\t\t\t\t\t\t<p>\u00ab La seule chose qu\u2019on remarque, c\u2019est que les gens \u00e9vitent les \u00c9tats-Unis. Je n\u2019ai pas vendu un seul voyage en Floride ou \u00e0 Las Vegas \u00bb, a-t-il dit lors de cette entrevue r\u00e9alis\u00e9e au mois d\u2019octobre 2025. Les politiques du pr\u00e9sident am\u00e9ricain Donald Trump conjugu\u00e9es aux co\u00fbts exorbitants des voyages pour la Floride et Las Vegas ont d\u00e9courag\u00e9 bon nombre de voyageurs du Nouveau-Brunswick et du Canada. Notre invit\u00e9 a laiss\u00e9 entendre qu\u2019un certain nombre de voyageurs ont d\u00e9cid\u00e9 de briser la routine et opter pour des destinations diff\u00e9rentes comme la Jama\u00efque et le Costa Rica qui deviennent \u00e0 son avis de plus en plus populaires.<\/p>\t\t\t\t\t\t\t\t<\/div>\n\t\t\t\t<\/div>\n\t\t\t\t<div class=\"elementor-element elementor-element-f6b6f3c mobile_pera elementor-widget elementor-widget-text-editor\" data-id=\"f6b6f3c\" data-element_type=\"widget\" data-e-type=\"widget\" data-widget_type=\"text-editor.default\">\n\t\t\t\t<div class=\"elementor-widget-container\">\n\t\t\t\t\t\t\t\t\t<p>Par ailleurs, d\u2019autres options s\u2019offrent aux voyageurs qui souhaitent s\u2019aventurer sous le soleil vers des destinations qui ne sont pas situ\u00e9es dans les Cara\u00efbes. \u00ab Des pays comme la Tunisie et le Maroc en Afrique du Nord offrent des installations assez luxueuses en bordure de la mer M\u00e9diterran\u00e9e et des temp\u00e9ratures hivernales qui se situent g\u00e9n\u00e9ralement entre 15 Celsius et 23 Celsius en journ\u00e9e \u00bb. Les forfaits de longue dur\u00e9e variant g\u00e9n\u00e9ralement de 14 \u00e0 28 jours sont offerts dans une gamme de prix variant de 2500 $ \u00e0 6500 $ par personne.<\/p>\t\t\t\t\t\t\t\t<\/div>\n\t\t\t\t<\/div>\n\t\t\t\t<div class=\"elementor-element elementor-element-0b6ad93 mobile_pera elementor-widget elementor-widget-text-editor\" data-id=\"0b6ad93\" data-element_type=\"widget\" data-e-type=\"widget\" data-widget_type=\"text-editor.default\">\n\t\t\t\t<div class=\"elementor-widget-container\">\n\t\t\t\t\t\t\t\t\t<p><b>Avis aux voyageurs<\/b><\/p>\t\t\t\t\t\t\t\t<\/div>\n\t\t\t\t<\/div>\n\t\t\t\t<div class=\"elementor-element elementor-element-10e4612 mobile_pera elementor-widget elementor-widget-text-editor\" data-id=\"10e4612\" data-element_type=\"widget\" data-e-type=\"widget\" data-widget_type=\"text-editor.default\">\n\t\t\t\t<div class=\"elementor-widget-container\">\n\t\t\t\t\t\t\t\t\t<p>Les conseils et avertissements aux voyageurs publi\u00e9s par le gouvernement f\u00e9d\u00e9ral peuvent aider \u00e0 prendre des d\u00e9cisions \u00e9clair\u00e9es et \u00e0 voyager en toute s\u00e9curit\u00e9 lorsque les gens se trouvent \u00e0 l\u2019ext\u00e9rieur du Canada. Par exemple, au Mexique, il est conseill\u00e9 de faire preuve d\u2019une grande prudence en raison du taux de criminalit\u00e9 \u00e9lev\u00e9, des risques d\u2019enl\u00e8vement, des catastrophes naturelles et du climat.<\/p>\t\t\t\t\t\t\t\t<\/div>\n\t\t\t\t<\/div>\n\t\t\t\t<div class=\"elementor-element elementor-element-31534c8 mobile_pera elementor-widget elementor-widget-text-editor\" data-id=\"31534c8\" data-element_type=\"widget\" data-e-type=\"widget\" data-widget_type=\"text-editor.default\">\n\t\t\t\t<div class=\"elementor-widget-container\">\n\t\t\t\t\t\t\t\t\t<p>La R\u00e9publique dominicaine affiche elle aussi un taux de criminalit\u00e9 \u00e9lev\u00e9. Quant \u00e0 Cuba, un avertissement a \u00e9t\u00e9 \u00e9mis par le f\u00e9d\u00e9ral en raison des p\u00e9nuries de produits de premi\u00e8re n\u00e9cessit\u00e9, notamment de nourriture, de m\u00e9dicaments et de carburant. L\u2019endroit demeure toutefois s\u00e9curitaire pour les touristes.<\/p>\t\t\t\t\t\t\t\t<\/div>\n\t\t\t\t<\/div>\n\t\t\t\t\t<\/div>\n\t\t<\/div>\n\t\t\t\t\t<\/div>\n\t\t<\/section>\n\t\t\t\t<\/div>\n\t\t","protected":false},"excerpt":{"rendered":"<p>Mexique, R\u00e9publique dominicaine et Cuba : des destinations populaires! Un coup de sonde men\u00e9 par l\u2019Acadie Nouvelle en octobre dernier aupr\u00e8s d\u2019un agent de voyage du Madawaska a permis de constater que les N\u00e9o-Brunswickois seront une fois de plus fid\u00e8les aux destinations soleil que repr\u00e9sentent le Mexique, la R\u00e9publique dominicaine et Cuba. \u00ab Si je [&hellip;]<\/p>\n","protected":false},"author":7,"featured_media":0,"parent":0,"menu_order":3,"comment_status":"closed","ping_status":"closed","template":"","meta":{"site-sidebar-layout":"no-sidebar","site-content-layout":"page-builder","ast-site-content-layout":"default","site-content-style":"default","site-sidebar-style":"default","ast-global-header-display":"","ast-banner-title-visibility":"","ast-main-header-display":"","ast-hfb-above-header-display":"","ast-hfb-below-header-display":"","ast-hfb-mobile-header-display":"","site-post-title":"disabled","ast-breadcrumbs-content":"","ast-featured-img":"disabled","footer-sml-layout":"","ast-disable-related-posts":"","theme-transparent-header-meta":"default","adv-header-id-meta":"","stick-header-meta":"","header-above-stick-meta":"","header-main-stick-meta":"","header-below-stick-meta":"","astra-migrate-meta-layouts":"default","ast-page-background-enabled":"default","ast-page-background-meta":{"desktop":{"background-color":"var(--ast-global-color-4)","background-image":"","background-repeat":"repeat","background-position":"center center","background-size":"auto","background-attachment":"scroll","background-type":"","background-media":"","overlay-type":"","overlay-color":"","overlay-opacity":"","overlay-gradient":""},"tablet":{"background-color":"","background-image":"","background-repeat":"repeat","background-position":"center center","background-size":"auto","background-attachment":"scroll","background-type":"","background-media":"","overlay-type":"","overlay-color":"","overlay-opacity":"","overlay-gradient":""},"mobile":{"background-color":"","background-image":"","background-repeat":"repeat","background-position":"center center","background-size":"auto","background-attachment":"scroll","background-type":"","background-media":"","overlay-type":"","overlay-color":"","overlay-opacity":"","overlay-gradient":""}},"ast-content-background-meta":{"desktop":{"background-color":"var(--ast-global-color-5)","background-image":"","background-repeat":"repeat","background-position":"center center","background-size":"auto","background-attachment":"scroll","background-type":"","background-media":"","overlay-type":"","overlay-color":"","overlay-opacity":"","overlay-gradient":""},"tablet":{"background-color":"var(--ast-global-color-5)","background-image":"","background-repeat":"repeat","background-position":"center center","background-size":"auto","background-attachment":"scroll","background-type":"","background-media":"","overlay-type":"","overlay-color":"","overlay-opacity":"","overlay-gradient":""},"mobile":{"background-color":"var(--ast-global-color-5)","background-image":"","background-repeat":"repeat","background-position":"center center","background-size":"auto","background-attachment":"scroll","background-type":"","background-media":"","overlay-type":"","overlay-color":"","overlay-opacity":"","overlay-gradient":""}},"footnotes":""},"page-categories":[],"class_list":["post-7758","page","type-page","status-publish","hentry"],"_links":{"self":[{"href":"https:\/\/kiosque.acadienouvelle.com\/destination-soleil-2026\/wp-json\/wp\/v2\/pages\/7758","targetHints":{"allow":["GET"]}}],"collection":[{"href":"https:\/\/kiosque.acadienouvelle.com\/destination-soleil-2026\/wp-json\/wp\/v2\/pages"}],"about":[{"href":"https:\/\/kiosque.acadienouvelle.com\/destination-soleil-2026\/wp-json\/wp\/v2\/types\/page"}],"author":[{"embeddable":true,"href":"https:\/\/kiosque.acadienouvelle.com\/destination-soleil-2026\/wp-json\/wp\/v2\/users\/7"}],"replies":[{"embeddable":true,"href":"https:\/\/kiosque.acadienouvelle.com\/destination-soleil-2026\/wp-json\/wp\/v2\/comments?post=7758"}],"version-history":[{"count":22,"href":"https:\/\/kiosque.acadienouvelle.com\/destination-soleil-2026\/wp-json\/wp\/v2\/pages\/7758\/revisions"}],"predecessor-version":[{"id":7799,"href":"https:\/\/kiosque.acadienouvelle.com\/destination-soleil-2026\/wp-json\/wp\/v2\/pages\/7758\/revisions\/7799"}],"wp:attachment":[{"href":"https:\/\/kiosque.acadienouvelle.com\/destination-soleil-2026\/wp-json\/wp\/v2\/media?parent=7758"}],"wp:term":[{"taxonomy":"page-categories","embeddable":true,"href":"https:\/\/kiosque.acadienouvelle.com\/destination-soleil-2026\/wp-json\/wp\/v2\/page-categories?post=7758"}],"curies":[{"name":"wp","href":"https:\/\/api.w.org\/{rel}","templated":true}]}}