{"id":136,"date":"2021-09-17T08:48:01","date_gmt":"2021-09-17T08:48:01","guid":{"rendered":"https:\/\/kiosque.acadienouvelle.com\/acericulture\/?page_id=136"},"modified":"2025-10-28T19:12:56","modified_gmt":"2025-10-28T19:12:56","slug":"recettes-a-conserver-et-a-essayer","status":"publish","type":"page","link":"https:\/\/kiosque.acadienouvelle.com\/gabarit-2025\/recettes-a-conserver-et-a-essayer\/","title":{"rendered":"Recettes \u00e0 conserver et \u00e0 essayer!"},"content":{"rendered":"\t\t<div data-elementor-type=\"wp-page\" data-elementor-id=\"136\" class=\"elementor elementor-136\" data-elementor-post-type=\"page\">\n\t\t\t\t\t\t<section class=\"elementor-section elementor-top-section elementor-element elementor-element-35f9822 elementor-section-height-min-height header_title banner_img elementor-section-boxed elementor-section-height-default elementor-section-items-middle\" data-id=\"35f9822\" data-element_type=\"section\" data-e-type=\"section\" data-settings=\"{&quot;background_background&quot;:&quot;classic&quot;}\">\n\t\t\t\t\t\t\t<div class=\"elementor-background-overlay\"><\/div>\n\t\t\t\t\t\t\t<div class=\"elementor-container elementor-column-gap-default\">\n\t\t\t\t\t<div class=\"elementor-column elementor-col-100 elementor-top-column elementor-element elementor-element-3a4911b\" data-id=\"3a4911b\" data-element_type=\"column\" data-e-type=\"column\">\n\t\t\t<div class=\"elementor-widget-wrap elementor-element-populated\">\n\t\t\t\t\t\t<div class=\"elementor-element elementor-element-b1b5877 elementor-widget elementor-widget-heading\" data-id=\"b1b5877\" data-element_type=\"widget\" data-e-type=\"widget\" data-widget_type=\"heading.default\">\n\t\t\t\t<div class=\"elementor-widget-container\">\n\t\t\t\t\t<h2 class=\"elementor-heading-title elementor-size-default\">Recettes \u00e0 conserver et \u00e0 essayer!<\/h2>\t\t\t\t<\/div>\n\t\t\t\t<\/div>\n\t\t\t\t\t<\/div>\n\t\t<\/div>\n\t\t\t\t\t<\/div>\n\t\t<\/section>\n\t\t\t\t<section class=\"elementor-section elementor-top-section elementor-element elementor-element-e60c0c5 page_contain elementor-section-boxed elementor-section-height-default elementor-section-height-default\" data-id=\"e60c0c5\" data-element_type=\"section\" data-e-type=\"section\" id=\"recipe_one\">\n\t\t\t\t\t\t<div class=\"elementor-container elementor-column-gap-default\">\n\t\t\t\t\t<div class=\"elementor-column elementor-col-100 elementor-top-column elementor-element elementor-element-4da45ae page_contain\" data-id=\"4da45ae\" data-element_type=\"column\" data-e-type=\"column\" data-settings=\"{&quot;background_background&quot;:&quot;classic&quot;}\">\n\t\t\t<div class=\"elementor-widget-wrap elementor-element-populated\">\n\t\t\t\t\t\t<div class=\"elementor-element elementor-element-b679503 elementor-widget elementor-widget-image\" data-id=\"b679503\" data-element_type=\"widget\" data-e-type=\"widget\" data-widget_type=\"image.default\">\n\t\t\t\t<div class=\"elementor-widget-container\">\n\t\t\t\t\t\t\t\t\t\t\t\t\t\t\t<img fetchpriority=\"high\" decoding=\"async\" width=\"1366\" height=\"768\" src=\"https:\/\/kiosque.acadienouvelle.com\/gabarit-2025\/wp-content\/uploads\/sites\/103\/2022\/10\/no_photo_land.jpg\" class=\"attachment-full size-full wp-image-7390\" alt=\"\" srcset=\"https:\/\/kiosque.acadienouvelle.com\/gabarit-2025\/wp-content\/uploads\/sites\/103\/2022\/10\/no_photo_land.jpg 1366w, https:\/\/kiosque.acadienouvelle.com\/gabarit-2025\/wp-content\/uploads\/sites\/103\/2022\/10\/no_photo_land-300x169.jpg 300w, https:\/\/kiosque.acadienouvelle.com\/gabarit-2025\/wp-content\/uploads\/sites\/103\/2022\/10\/no_photo_land-1024x576.jpg 1024w, https:\/\/kiosque.acadienouvelle.com\/gabarit-2025\/wp-content\/uploads\/sites\/103\/2022\/10\/no_photo_land-768x432.jpg 768w\" sizes=\"(max-width: 1366px) 100vw, 1366px\" \/>\t\t\t\t\t\t\t\t\t\t\t\t\t\t\t<\/div>\n\t\t\t\t<\/div>\n\t\t\t\t<div class=\"elementor-element elementor-element-584fcbf elementor-widget elementor-widget-heading\" data-id=\"584fcbf\" data-element_type=\"widget\" data-e-type=\"widget\" data-widget_type=\"heading.default\">\n\t\t\t\t<div class=\"elementor-widget-container\">\n\t\t\t\t\t<h5 class=\"elementor-heading-title elementor-size-default\">Omble chevalier \u00e0 l\u2019\u00e9rable <\/h5>\t\t\t\t<\/div>\n\t\t\t\t<\/div>\n\t\t\t\t<div class=\"elementor-element elementor-element-3c097b5 elementor-widget elementor-widget-heading\" data-id=\"3c097b5\" data-element_type=\"widget\" data-e-type=\"widget\" data-widget_type=\"heading.default\">\n\t\t\t\t<div class=\"elementor-widget-container\">\n\t\t\t\t\t<h6 class=\"elementor-heading-title elementor-size-default\">(Par Sonia Jalbert, propri\u00e9taire de Le Nouvo Caveau)<\/h6>\t\t\t\t<\/div>\n\t\t\t\t<\/div>\n\t\t\t\t<div class=\"elementor-element elementor-element-86b194c elementor-widget elementor-widget-heading\" data-id=\"86b194c\" data-element_type=\"widget\" data-e-type=\"widget\" data-widget_type=\"heading.default\">\n\t\t\t\t<div class=\"elementor-widget-container\">\n\t\t\t\t\t<h6 class=\"elementor-heading-title elementor-size-default\">Ingr\u00e9dients<\/h6>\t\t\t\t<\/div>\n\t\t\t\t<\/div>\n\t\t<link rel=\"stylesheet\" href=\"https:\/\/use.fontawesome.com\/releases\/v5.5.0\/css\/all.css\" integrity=\"sha384-B4dIYHKNBt8Bc12p+WXckhzcICo0wtJAoU8YZTY5qE0Id1GSseTk6S+L3BlXeVIU\" crossorigin=\"anonymous\">\r\n\t\t<div class=\"elementor-element elementor-element-c4a7e01 food_point  elementor-widget elementor-widget-text-editor\" data-id=\"c4a7e01\" data-element_type=\"widget\" data-e-type=\"widget\" data-widget_type=\"text-editor.default\">\n\t\t\t\t<div class=\"elementor-widget-container\">\n\t\t\t\t\t\t\t\t\t<p>(pour 2 personnes)<br \/>\u2022 2 filets d\u2019omble chevalier (ou de poisson \u00e0 chair ros\u00e9e) d\u2019environ 150g<br \/>\u2022 1 c. \u00e0 table (15 ml) de l\u2019huile v\u00e9g\u00e9tale<br \/>\u2022 1 c. \u00e0 table (15 ml) de beurre<br \/>\u2022 1\u20444 de tasse d\u2019amandes effil\u00e9es<br \/>\u2022 1 c.\u00e0 table (15 ml) de jus de citron frais<br \/>\u2022 1 c.\u00e0 table (15 ml) de sirop d\u2019\u00e9rable du N.-B.<br \/>\u2022 une petite poign\u00e9e de persil frais hach\u00e9<\/p>\t\t\t\t\t\t\t\t<\/div>\n\t\t\t\t<\/div>\n\t\t\t\t<div class=\"elementor-element elementor-element-0226c53 elementor-widget elementor-widget-heading\" data-id=\"0226c53\" data-element_type=\"widget\" data-e-type=\"widget\" data-widget_type=\"heading.default\">\n\t\t\t\t<div class=\"elementor-widget-container\">\n\t\t\t\t\t<h6 class=\"elementor-heading-title elementor-size-default\">Pr\u00e9paration<\/h6>\t\t\t\t<\/div>\n\t\t\t\t<\/div>\n\t\t\t\t<div class=\"elementor-element elementor-element-c790694 food_point  elementor-widget elementor-widget-text-editor\" data-id=\"c790694\" data-element_type=\"widget\" data-e-type=\"widget\" data-widget_type=\"text-editor.default\">\n\t\t\t\t<div class=\"elementor-widget-container\">\n\t\t\t\t\t\t\t\t\t<p>1. Cuire le poisson \u00e0 feu moyen \u00e0 vif pendant <br \/>3 minutes dans l\u2019huile sur le c\u00f4t\u00e9 peau.<br \/>2. Retourner le poisson 15 secondes sur la chair et r\u00e9server par la suite sur une assiette.<br \/>3. D\u00e9glacer la po\u00eale avec une cuiller de beurre pour faire la sauce.<br \/>4. Ajouter les amandes dans le beurre moussant et laisser griller 30 secondes.<br \/>5. Verser le jus de citron et l\u2019\u00e9rable.<br \/>6. Bien remuer en ajoutant le persil frais et laisser caram\u00e9liser 15 secondes.<br \/>7. Servir le poisson c\u00f4t\u00e9 peau et r\u00e9partir la sauce sur la peau.<br \/>8. Peut \u00eatre servi avec de la truite, du saumon ou de la morue.<br \/>Pour la touche locale, nous avons opt\u00e9 pour l\u2019omble chevalier de la Pisciculture acadienne de Bas-Caraquet.<\/p>\t\t\t\t\t\t\t\t<\/div>\n\t\t\t\t<\/div>\n\t\t\t\t\t<\/div>\n\t\t<\/div>\n\t\t\t\t\t<\/div>\n\t\t<\/section>\n\t\t\t\t<\/div>\n\t\t","protected":false},"excerpt":{"rendered":"<p>Recettes \u00e0 conserver et \u00e0 essayer! Omble chevalier \u00e0 l\u2019\u00e9rable (Par Sonia Jalbert, propri\u00e9taire de Le Nouvo Caveau) Ingr\u00e9dients (pour 2 personnes)\u2022 2 filets d\u2019omble chevalier (ou de poisson \u00e0 chair ros\u00e9e) d\u2019environ 150g\u2022 1 c. \u00e0 table (15 ml) de l\u2019huile v\u00e9g\u00e9tale\u2022 1 c. \u00e0 table (15 ml) de beurre\u2022 1\u20444 de tasse d\u2019amandes [&hellip;]<\/p>\n","protected":false},"author":1,"featured_media":0,"parent":0,"menu_order":29,"comment_status":"closed","ping_status":"closed","template":"","meta":{"site-sidebar-layout":"no-sidebar","site-content-layout":"page-builder","ast-site-content-layout":"default","site-content-style":"default","site-sidebar-style":"default","ast-global-header-display":"","ast-banner-title-visibility":"","ast-main-header-display":"","ast-hfb-above-header-display":"","ast-hfb-below-header-display":"","ast-hfb-mobile-header-display":"","site-post-title":"disabled","ast-breadcrumbs-content":"","ast-featured-img":"disabled","footer-sml-layout":"","ast-disable-related-posts":"","theme-transparent-header-meta":"default","adv-header-id-meta":"","stick-header-meta":"","header-above-stick-meta":"","header-main-stick-meta":"","header-below-stick-meta":"","astra-migrate-meta-layouts":"default","ast-page-background-enabled":"default","ast-page-background-meta":{"desktop":{"background-color":"var(--ast-global-color-4)","background-image":"","background-repeat":"repeat","background-position":"center center","background-size":"auto","background-attachment":"scroll","background-type":"","background-media":"","overlay-type":"","overlay-color":"","overlay-opacity":"","overlay-gradient":""},"tablet":{"background-color":"","background-image":"","background-repeat":"repeat","background-position":"center center","background-size":"auto","background-attachment":"scroll","background-type":"","background-media":"","overlay-type":"","overlay-color":"","overlay-opacity":"","overlay-gradient":""},"mobile":{"background-color":"","background-image":"","background-repeat":"repeat","background-position":"center center","background-size":"auto","background-attachment":"scroll","background-type":"","background-media":"","overlay-type":"","overlay-color":"","overlay-opacity":"","overlay-gradient":""}},"ast-content-background-meta":{"desktop":{"background-color":"var(--ast-global-color-5)","background-image":"","background-repeat":"repeat","background-position":"center center","background-size":"auto","background-attachment":"scroll","background-type":"","background-media":"","overlay-type":"","overlay-color":"","overlay-opacity":"","overlay-gradient":""},"tablet":{"background-color":"var(--ast-global-color-5)","background-image":"","background-repeat":"repeat","background-position":"center center","background-size":"auto","background-attachment":"scroll","background-type":"","background-media":"","overlay-type":"","overlay-color":"","overlay-opacity":"","overlay-gradient":""},"mobile":{"background-color":"var(--ast-global-color-5)","background-image":"","background-repeat":"repeat","background-position":"center center","background-size":"auto","background-attachment":"scroll","background-type":"","background-media":"","overlay-type":"","overlay-color":"","overlay-opacity":"","overlay-gradient":""}},"footnotes":""},"page-categories":[],"class_list":["post-136","page","type-page","status-publish","hentry"],"_links":{"self":[{"href":"https:\/\/kiosque.acadienouvelle.com\/gabarit-2025\/wp-json\/wp\/v2\/pages\/136","targetHints":{"allow":["GET"]}}],"collection":[{"href":"https:\/\/kiosque.acadienouvelle.com\/gabarit-2025\/wp-json\/wp\/v2\/pages"}],"about":[{"href":"https:\/\/kiosque.acadienouvelle.com\/gabarit-2025\/wp-json\/wp\/v2\/types\/page"}],"author":[{"embeddable":true,"href":"https:\/\/kiosque.acadienouvelle.com\/gabarit-2025\/wp-json\/wp\/v2\/users\/1"}],"replies":[{"embeddable":true,"href":"https:\/\/kiosque.acadienouvelle.com\/gabarit-2025\/wp-json\/wp\/v2\/comments?post=136"}],"version-history":[{"count":371,"href":"https:\/\/kiosque.acadienouvelle.com\/gabarit-2025\/wp-json\/wp\/v2\/pages\/136\/revisions"}],"predecessor-version":[{"id":7688,"href":"https:\/\/kiosque.acadienouvelle.com\/gabarit-2025\/wp-json\/wp\/v2\/pages\/136\/revisions\/7688"}],"wp:attachment":[{"href":"https:\/\/kiosque.acadienouvelle.com\/gabarit-2025\/wp-json\/wp\/v2\/media?parent=136"}],"wp:term":[{"taxonomy":"page-categories","embeddable":true,"href":"https:\/\/kiosque.acadienouvelle.com\/gabarit-2025\/wp-json\/wp\/v2\/page-categories?post=136"}],"curies":[{"name":"wp","href":"https:\/\/api.w.org\/{rel}","templated":true}]}}