{"id":7858,"date":"2026-03-24T17:39:55","date_gmt":"2026-03-24T17:39:55","guid":{"rendered":"https:\/\/kiosque.acadienouvelle.com\/inauguration-centre-uni-caraquet-2026\/?page_id=7858"},"modified":"2026-04-09T17:50:55","modified_gmt":"2026-04-09T17:50:55","slug":"infrastucture-depasse-attentes","status":"publish","type":"page","link":"https:\/\/kiosque.acadienouvelle.com\/inauguration-centre-uni-caraquet-2026\/infrastucture-depasse-attentes\/","title":{"rendered":"Une infrastructure qui d\u00e9passe d\u00e9j\u00e0 toutes les attentes"},"content":{"rendered":"\t\t<div data-elementor-type=\"wp-page\" data-elementor-id=\"7858\" class=\"elementor elementor-7858\" data-elementor-post-type=\"page\">\n\t\t\t\t\t\t<section class=\"elementor-section elementor-top-section elementor-element elementor-element-50c1b6e elementor-section-height-min-height header_title banner_img elementor-section-boxed elementor-section-height-default elementor-section-items-middle\" data-id=\"50c1b6e\" data-element_type=\"section\" data-e-type=\"section\" data-settings=\"{&quot;background_background&quot;:&quot;classic&quot;}\">\n\t\t\t\t\t\t\t<div class=\"elementor-background-overlay\"><\/div>\n\t\t\t\t\t\t\t<div class=\"elementor-container elementor-column-gap-default\">\n\t\t\t\t\t<div class=\"elementor-column elementor-col-100 elementor-top-column elementor-element elementor-element-3a2d241\" data-id=\"3a2d241\" data-element_type=\"column\" data-e-type=\"column\">\n\t\t\t<div class=\"elementor-widget-wrap elementor-element-populated\">\n\t\t\t\t\t\t<div class=\"elementor-element elementor-element-9673cd2 elementor-widget elementor-widget-heading\" data-id=\"9673cd2\" data-element_type=\"widget\" data-e-type=\"widget\" data-widget_type=\"heading.default\">\n\t\t\t\t<div class=\"elementor-widget-container\">\n\t\t\t\t\t<h2 class=\"elementor-heading-title elementor-size-default\">Une infrastructure qui d\u00e9passe d\u00e9j\u00e0 toutes les attentes<\/h2>\t\t\t\t<\/div>\n\t\t\t\t<\/div>\n\t\t\t\t\t<\/div>\n\t\t<\/div>\n\t\t\t\t\t<\/div>\n\t\t<\/section>\n\t\t\t\t<section class=\"elementor-section elementor-top-section elementor-element elementor-element-d9a853a elementor-section-boxed elementor-section-height-default elementor-section-height-default\" data-id=\"d9a853a\" data-element_type=\"section\" data-e-type=\"section\">\n\t\t\t\t\t\t<div class=\"elementor-container elementor-column-gap-default\">\n\t\t\t\t\t<div class=\"elementor-column elementor-col-100 elementor-top-column elementor-element elementor-element-68d9c5a page_contain\" data-id=\"68d9c5a\" data-element_type=\"column\" data-e-type=\"column\" data-settings=\"{&quot;background_background&quot;:&quot;classic&quot;}\">\n\t\t\t<div class=\"elementor-widget-wrap elementor-element-populated\">\n\t\t\t\t\t\t<div class=\"elementor-element elementor-element-50f1f9b elementor-widget elementor-widget-image\" data-id=\"50f1f9b\" data-element_type=\"widget\" data-e-type=\"widget\" data-widget_type=\"image.default\">\n\t\t\t\t<div class=\"elementor-widget-container\">\n\t\t\t\t\t\t\t\t\t\t\t\t<figure class=\"wp-caption\">\n\t\t\t\t\t\t\t\t\t\t<img fetchpriority=\"high\" decoding=\"async\" width=\"1366\" height=\"768\" src=\"https:\/\/kiosque.acadienouvelle.com\/inauguration-centre-uni-caraquet-2026\/wp-content\/uploads\/sites\/388\/2026\/04\/04_Photo-officielle_land.jpg\" class=\"attachment-full size-full wp-image-8064\" alt=\"\" srcset=\"https:\/\/kiosque.acadienouvelle.com\/inauguration-centre-uni-caraquet-2026\/wp-content\/uploads\/sites\/388\/2026\/04\/04_Photo-officielle_land.jpg 1366w, https:\/\/kiosque.acadienouvelle.com\/inauguration-centre-uni-caraquet-2026\/wp-content\/uploads\/sites\/388\/2026\/04\/04_Photo-officielle_land-300x169.jpg 300w, https:\/\/kiosque.acadienouvelle.com\/inauguration-centre-uni-caraquet-2026\/wp-content\/uploads\/sites\/388\/2026\/04\/04_Photo-officielle_land-1024x576.jpg 1024w, https:\/\/kiosque.acadienouvelle.com\/inauguration-centre-uni-caraquet-2026\/wp-content\/uploads\/sites\/388\/2026\/04\/04_Photo-officielle_land-768x432.jpg 768w\" sizes=\"(max-width: 1366px) 100vw, 1366px\" \/>\t\t\t\t\t\t\t\t\t\t\t<figcaption class=\"widget-image-caption wp-caption-text\">Photo de gauche \u00e0 droite\u00a0: Nicole H\u00e9bert; Bernard Th\u00e9riault, maire; Marc Duguay, directeur g\u00e9n\u00e9ral; Pierre Boudreau; Florence Albert; Louise Blanchard; Kim L\u00e9g\u00e8re; Marie-Soleil Landry; Terry Ing; Jean-Claude Doiron et Jacques Boucher.<\/figcaption>\n\t\t\t\t\t\t\t\t\t\t<\/figure>\n\t\t\t\t\t\t\t\t\t<\/div>\n\t\t\t\t<\/div>\n\t\t<link rel=\"stylesheet\" href=\"https:\/\/use.fontawesome.com\/releases\/v5.5.0\/css\/all.css\" integrity=\"sha384-B4dIYHKNBt8Bc12p+WXckhzcICo0wtJAoU8YZTY5qE0Id1GSseTk6S+L3BlXeVIU\" crossorigin=\"anonymous\">\r\n\t\t<div class=\"elementor-element elementor-element-d0a0a3b mobile_pera elementor-widget elementor-widget-text-editor\" data-id=\"d0a0a3b\" data-element_type=\"widget\" data-e-type=\"widget\" data-widget_type=\"text-editor.default\">\n\t\t\t\t<div class=\"elementor-widget-container\">\n\t\t\t\t\t\t\t\t\tLe parcours aura peut-\u00eatre \u00e9t\u00e9 long, puisque la Ville de Caraquet planifie ce complexe depuis maintenant dix ans, mais le Centre UNI a d\u00e9j\u00e0 d\u00e9pass\u00e9 toutes les attentes. Le maire, Bernard Th\u00e9riault, se r\u00e9jouit ainsi de l\u2019achalandage pendant les premi\u00e8res semaines d\u2019activit\u00e9s et il estime que le b\u00e2timent est l\u2019\u00e9difice le plus utilis\u00e9 de la P\u00e9ninsule acadienne.\t\t\t\t\t\t\t\t<\/div>\n\t\t\t\t<\/div>\n\t\t\t\t<div class=\"elementor-element elementor-element-d5be8de elementor-widget elementor-widget-advertisement\" data-id=\"d5be8de\" data-element_type=\"widget\" data-e-type=\"widget\" data-widget_type=\"advertisement.default\">\n\t\t\t\t<div class=\"elementor-widget-container\">\n\t\t\t\t\t<div class=\"ads-align-center\"><div data-m32-ad data-options='{\"sizes\":\"[[300,250]]\",\"dfpId\":\"21658289790,27729547\",\"dfpAdUnitPath\":\"acadienouvelle\/cahiers_quarterpage_300x250\"}'><\/div><\/div>\t\t\t\t<\/div>\n\t\t\t\t<\/div>\n\t\t\t\t<div class=\"elementor-element elementor-element-87c59ab mobile_pera elementor-widget elementor-widget-text-editor\" data-id=\"87c59ab\" data-element_type=\"widget\" data-e-type=\"widget\" data-widget_type=\"text-editor.default\">\n\t\t\t\t<div class=\"elementor-widget-container\">\n\t\t\t\t\t\t\t\t\tIl fait remarquer qu\u2019environ 600\u00a0personnes emploient quotidiennement les installations, que ce soit la surface de glace, la piste de marche ou le Club plein air de Caraquet pour y louer de l\u2019\u00e9quipement sportif. \u00ab\u00a0Les gens sont tomb\u00e9s en amour avec le Centre UNI. C\u2019est devenu un lieu de rencontre o\u00f9 tout le monde va. \nNous avons manifestement atteint nos objectifs et il y a un grand sentiment de fiert\u00e9 pour la tr\u00e8s grande majorit\u00e9 de la population\u00a0\u00bb, avance-t-il.\n\t\t\t\t\t\t\t\t<\/div>\n\t\t\t\t<\/div>\n\t\t\t\t<div class=\"elementor-element elementor-element-c44c351 mobile_pera elementor-widget elementor-widget-text-editor\" data-id=\"c44c351\" data-element_type=\"widget\" data-e-type=\"widget\" data-widget_type=\"text-editor.default\">\n\t\t\t\t<div class=\"elementor-widget-container\">\n\t\t\t\t\t\t\t\t\tLes commentaires recueillis soulignent la modernit\u00e9 des lieux, son accessibilit\u00e9 et le cachet cr\u00e9\u00e9 par les larges fen\u00eatres. Le maire est particuli\u00e8rement heureux de voir des gens de tous les \u00e2ges utiliser le Centre UNI qui a longtemps \u00e9t\u00e9 pr\u00e9sent\u00e9 comme un complexe interg\u00e9n\u00e9rationnel. Le b\u00e2timent est situ\u00e9 entre deux \u00e9coles et les \u00e9l\u00e8ves peuvent donc en profiter pour les activit\u00e9s physiques. Des clubs sportifs, des mamans avec leurs b\u00e9b\u00e9s et des personnes ain\u00e9es utilisent la piste de marche chaque jour. \u00ab\u00a0La communaut\u00e9 a vraiment embrass\u00e9 l\u2019infrastructure\u00a0\u00bb, souligne-t-il.\t\t\t\t\t\t\t\t<\/div>\n\t\t\t\t<\/div>\n\t\t\t\t<div class=\"elementor-element elementor-element-bae0e35 mobile_pera elementor-widget elementor-widget-text-editor\" data-id=\"bae0e35\" data-element_type=\"widget\" data-e-type=\"widget\" data-widget_type=\"text-editor.default\">\n\t\t\t\t<div class=\"elementor-widget-container\">\n\t\t\t\t\t\t\t\t\tLe maire reconnait que le parcours pour d\u00e9velopper le projet aura \u00e9t\u00e9 parsem\u00e9 d\u2019embuches, mais que la r\u00e9alit\u00e9 depuis l\u2019ouverture officielle r\u00e9v\u00e8le \u00e0 quel point le Centre UNI r\u00e9pond aux besoins de toute la population. \u00ab\u00a0La ville est fi\u00e8re d&rsquo;offrir \u00e0 la population une infrastructure de cette qualit\u00e9, qui renforce le sentiment d&rsquo;appartenance de toute la communaut\u00e9. \u00bb, conclut-il.\t\t\t\t\t\t\t\t<\/div>\n\t\t\t\t<\/div>\n\t\t\t\t<div class=\"elementor-element elementor-element-2c71611 mobile_pera elementor-widget elementor-widget-text-editor\" data-id=\"2c71611\" data-element_type=\"widget\" data-e-type=\"widget\" data-widget_type=\"text-editor.default\">\n\t\t\t\t<div class=\"elementor-widget-container\">\n\t\t\t\t\t\t\t\t\tDepuis 2015, les conseils municipaux qui se sont succ\u00e9d\u00e9 ont maintenu leurs efforts pour assurer la r\u00e9ussite du centre multig\u00e9n\u00e9\u00adrationnel qui fait la fiert\u00e9 des citoyens de Caraquet. \n\t\t\t\t\t\t\t\t<\/div>\n\t\t\t\t<\/div>\n\t\t\t\t<div class=\"elementor-element elementor-element-f83d887 mobile_pera elementor-widget elementor-widget-text-editor\" data-id=\"f83d887\" data-element_type=\"widget\" data-e-type=\"widget\" data-widget_type=\"text-editor.default\">\n\t\t\t\t<div class=\"elementor-widget-container\">\n\t\t\t\t\t\t\t\t\tD\u2019abord, sous la direction du maire Kevin J. Hach\u00e9 et son conseil, on a \u00e9tabli le devis technique qui allait d\u00e9terminer les diff\u00e9rentes composantes du nouveau projet. Par la suite, on a d\u00e9termin\u00e9 que le projet serait reli\u00e9 au Club plein air et qu\u2019il comprendrait une surface glac\u00e9e, un anneau de marche et un centre d\u2019accueil pour le club. \n\t\t\t\t\t\t\t\t<\/div>\n\t\t\t\t<\/div>\n\t\t\t\t<div class=\"elementor-element elementor-element-3a026c7 mobile_pera elementor-widget elementor-widget-text-editor\" data-id=\"3a026c7\" data-element_type=\"widget\" data-e-type=\"widget\" data-widget_type=\"text-editor.default\">\n\t\t\t\t<div class=\"elementor-widget-container\">\n\t\t\t\t\t\t\t\t\tUne campagne de financement \na confirm\u00e9 le soutien de la communaut\u00e9, et depuis 2021, le conseil municipal, sous la direction de Bernard Th\u00e9riault, s\u2019est empress\u00e9 de recevoir les appuis financiers des deux niveaux de gouvernement.\u00a0 \n\t\t\t\t\t\t\t\t<\/div>\n\t\t\t\t<\/div>\n\t\t\t\t<div class=\"elementor-element elementor-element-9ba023f mobile_pera elementor-widget elementor-widget-text-editor\" data-id=\"9ba023f\" data-element_type=\"widget\" data-e-type=\"widget\" data-widget_type=\"text-editor.default\">\n\t\t\t\t<div class=\"elementor-widget-container\">\n\t\t\t\t\t\t\t\t\tUne fois les plans du b\u00e2timent approuv\u00e9s et le cadre financier d\u00e9fini, la Ville de Caraquet, sous la supervision de son directeur g\u00e9n\u00e9ral, a suivi sur une base hebdomadaire l\u2019\u00e9volution des travaux et la programmation du nouveau complexe.\u00a0\n\t\t\t\t\t\t\t\t<\/div>\n\t\t\t\t<\/div>\n\t\t\t\t<div class=\"elementor-element elementor-element-2a64dac mobile_pera elementor-widget elementor-widget-text-editor\" data-id=\"2a64dac\" data-element_type=\"widget\" data-e-type=\"widget\" data-widget_type=\"text-editor.default\">\n\t\t\t\t<div class=\"elementor-widget-container\">\n\t\t\t\t\t\t\t\t\tLe Centre UNI, depuis son ouverture le 18 d\u00e9cembre 2025, d\u00e9passe tous les objectifs d\u2019utilisation. On estime \u00e0 pr\u00e8s de 250 personnes par jour le nombre de citoyens qui viennent y marcher. \n\t\t\t\t\t\t\t\t<\/div>\n\t\t\t\t<\/div>\n\t\t\t\t<div class=\"elementor-element elementor-element-7f1a083 mobile_pera elementor-widget elementor-widget-text-editor\" data-id=\"7f1a083\" data-element_type=\"widget\" data-e-type=\"widget\" data-widget_type=\"text-editor.default\">\n\t\t\t\t<div class=\"elementor-widget-container\">\n\t\t\t\t\t\t\t\t\tC\u2019est environ 150 membres du Club plein air qui utilisent les installations ext\u00e9rieures alors qu\u2019au moins 200 autres profitent de la surface glac\u00e9e, soit pour le hockey mineur, pour le hockey non comp\u00e9titif ou simplement pour y patiner. \u00c0 plusieurs reprises depuis l\u2019ouverture, des foules d\u00e9passant les 1500 spectateurs ont assist\u00e9 aux matchs du Pos\u00e9idon.\u00a0\n\t\t\t\t\t\t\t\t<\/div>\n\t\t\t\t<\/div>\n\t\t\t\t<div class=\"elementor-element elementor-element-f649ad9 mobile_pera elementor-widget elementor-widget-text-editor\" data-id=\"f649ad9\" data-element_type=\"widget\" data-e-type=\"widget\" data-widget_type=\"text-editor.default\">\n\t\t\t\t<div class=\"elementor-widget-container\">\n\t\t\t\t\t\t\t\t\tUn compte rapide nous indique que pr\u00e8s de cinquante mille personnes ont franchi les tourniquets du Centre UNI depuis son ouverture. Un succ\u00e8s inesp\u00e9r\u00e9!\u00a0\t\t\t\t\t\t\t\t<\/div>\n\t\t\t\t<\/div>\n\t\t\t\t\t<\/div>\n\t\t<\/div>\n\t\t\t\t\t<\/div>\n\t\t<\/section>\n\t\t\t\t<\/div>\n\t\t","protected":false},"excerpt":{"rendered":"<p>Une infrastructure qui d\u00e9passe d\u00e9j\u00e0 toutes les attentes Photo de gauche \u00e0 droite\u00a0: Nicole H\u00e9bert; Bernard Th\u00e9riault, maire; Marc Duguay, directeur g\u00e9n\u00e9ral; Pierre Boudreau; Florence Albert; Louise Blanchard; Kim L\u00e9g\u00e8re; Marie-Soleil Landry; Terry Ing; Jean-Claude Doiron et Jacques Boucher. Le parcours aura peut-\u00eatre \u00e9t\u00e9 long, puisque la Ville de Caraquet planifie ce complexe depuis maintenant [&hellip;]<\/p>\n","protected":false},"author":1,"featured_media":0,"parent":0,"menu_order":4,"comment_status":"closed","ping_status":"closed","template":"","meta":{"site-sidebar-layout":"no-sidebar","site-content-layout":"page-builder","ast-site-content-layout":"default","site-content-style":"default","site-sidebar-style":"default","ast-global-header-display":"","ast-banner-title-visibility":"","ast-main-header-display":"","ast-hfb-above-header-display":"","ast-hfb-below-header-display":"","ast-hfb-mobile-header-display":"","site-post-title":"disabled","ast-breadcrumbs-content":"","ast-featured-img":"disabled","footer-sml-layout":"","ast-disable-related-posts":"","theme-transparent-header-meta":"default","adv-header-id-meta":"","stick-header-meta":"","header-above-stick-meta":"","header-main-stick-meta":"","header-below-stick-meta":"","astra-migrate-meta-layouts":"default","ast-page-background-enabled":"default","ast-page-background-meta":{"desktop":{"background-color":"var(--ast-global-color-4)","background-image":"","background-repeat":"repeat","background-position":"center center","background-size":"auto","background-attachment":"scroll","background-type":"","background-media":"","overlay-type":"","overlay-color":"","overlay-opacity":"","overlay-gradient":""},"tablet":{"background-color":"","background-image":"","background-repeat":"repeat","background-position":"center center","background-size":"auto","background-attachment":"scroll","background-type":"","background-media":"","overlay-type":"","overlay-color":"","overlay-opacity":"","overlay-gradient":""},"mobile":{"background-color":"","background-image":"","background-repeat":"repeat","background-position":"center center","background-size":"auto","background-attachment":"scroll","background-type":"","background-media":"","overlay-type":"","overlay-color":"","overlay-opacity":"","overlay-gradient":""}},"ast-content-background-meta":{"desktop":{"background-color":"var(--ast-global-color-5)","background-image":"","background-repeat":"repeat","background-position":"center center","background-size":"auto","background-attachment":"scroll","background-type":"","background-media":"","overlay-type":"","overlay-color":"","overlay-opacity":"","overlay-gradient":""},"tablet":{"background-color":"var(--ast-global-color-5)","background-image":"","background-repeat":"repeat","background-position":"center center","background-size":"auto","background-attachment":"scroll","background-type":"","background-media":"","overlay-type":"","overlay-color":"","overlay-opacity":"","overlay-gradient":""},"mobile":{"background-color":"var(--ast-global-color-5)","background-image":"","background-repeat":"repeat","background-position":"center center","background-size":"auto","background-attachment":"scroll","background-type":"","background-media":"","overlay-type":"","overlay-color":"","overlay-opacity":"","overlay-gradient":""}},"footnotes":""},"page-categories":[],"class_list":["post-7858","page","type-page","status-publish","hentry"],"_links":{"self":[{"href":"https:\/\/kiosque.acadienouvelle.com\/inauguration-centre-uni-caraquet-2026\/wp-json\/wp\/v2\/pages\/7858","targetHints":{"allow":["GET"]}}],"collection":[{"href":"https:\/\/kiosque.acadienouvelle.com\/inauguration-centre-uni-caraquet-2026\/wp-json\/wp\/v2\/pages"}],"about":[{"href":"https:\/\/kiosque.acadienouvelle.com\/inauguration-centre-uni-caraquet-2026\/wp-json\/wp\/v2\/types\/page"}],"author":[{"embeddable":true,"href":"https:\/\/kiosque.acadienouvelle.com\/inauguration-centre-uni-caraquet-2026\/wp-json\/wp\/v2\/users\/1"}],"replies":[{"embeddable":true,"href":"https:\/\/kiosque.acadienouvelle.com\/inauguration-centre-uni-caraquet-2026\/wp-json\/wp\/v2\/comments?post=7858"}],"version-history":[{"count":25,"href":"https:\/\/kiosque.acadienouvelle.com\/inauguration-centre-uni-caraquet-2026\/wp-json\/wp\/v2\/pages\/7858\/revisions"}],"predecessor-version":[{"id":8153,"href":"https:\/\/kiosque.acadienouvelle.com\/inauguration-centre-uni-caraquet-2026\/wp-json\/wp\/v2\/pages\/7858\/revisions\/8153"}],"wp:attachment":[{"href":"https:\/\/kiosque.acadienouvelle.com\/inauguration-centre-uni-caraquet-2026\/wp-json\/wp\/v2\/media?parent=7858"}],"wp:term":[{"taxonomy":"page-categories","embeddable":true,"href":"https:\/\/kiosque.acadienouvelle.com\/inauguration-centre-uni-caraquet-2026\/wp-json\/wp\/v2\/page-categories?post=7858"}],"curies":[{"name":"wp","href":"https:\/\/api.w.org\/{rel}","templated":true}]}}