{"id":7869,"date":"2026-03-24T17:47:23","date_gmt":"2026-03-24T17:47:23","guid":{"rendered":"https:\/\/kiosque.acadienouvelle.com\/inauguration-centre-uni-caraquet-2026\/?page_id=7869"},"modified":"2026-04-08T19:23:52","modified_gmt":"2026-04-08T19:23:52","slug":"surfaceo-glace-utilise","status":"publish","type":"page","link":"https:\/\/kiosque.acadienouvelle.com\/inauguration-centre-uni-caraquet-2026\/surfaceo-glace-utilise\/","title":{"rendered":"Une surface de glace de plus en plus utilis\u00e9e"},"content":{"rendered":"\t\t<div data-elementor-type=\"wp-page\" data-elementor-id=\"7869\" class=\"elementor elementor-7869\" data-elementor-post-type=\"page\">\n\t\t\t\t\t\t<section class=\"elementor-section elementor-top-section elementor-element elementor-element-50c1b6e elementor-section-height-min-height header_title banner_img elementor-section-boxed elementor-section-height-default elementor-section-items-middle\" data-id=\"50c1b6e\" data-element_type=\"section\" data-e-type=\"section\" data-settings=\"{&quot;background_background&quot;:&quot;classic&quot;}\">\n\t\t\t\t\t\t\t<div class=\"elementor-background-overlay\"><\/div>\n\t\t\t\t\t\t\t<div class=\"elementor-container elementor-column-gap-default\">\n\t\t\t\t\t<div class=\"elementor-column elementor-col-100 elementor-top-column elementor-element elementor-element-3a2d241\" data-id=\"3a2d241\" data-element_type=\"column\" data-e-type=\"column\">\n\t\t\t<div class=\"elementor-widget-wrap elementor-element-populated\">\n\t\t\t\t\t\t<div class=\"elementor-element elementor-element-9673cd2 elementor-widget elementor-widget-heading\" data-id=\"9673cd2\" data-element_type=\"widget\" data-e-type=\"widget\" data-widget_type=\"heading.default\">\n\t\t\t\t<div class=\"elementor-widget-container\">\n\t\t\t\t\t<h2 class=\"elementor-heading-title elementor-size-default\">Une surface de glace de plus en plus utilis\u00e9e<\/h2>\t\t\t\t<\/div>\n\t\t\t\t<\/div>\n\t\t\t\t\t<\/div>\n\t\t<\/div>\n\t\t\t\t\t<\/div>\n\t\t<\/section>\n\t\t\t\t<section class=\"elementor-section elementor-top-section elementor-element elementor-element-d9a853a elementor-section-boxed elementor-section-height-default elementor-section-height-default\" data-id=\"d9a853a\" data-element_type=\"section\" data-e-type=\"section\">\n\t\t\t\t\t\t<div class=\"elementor-container elementor-column-gap-default\">\n\t\t\t\t\t<div class=\"elementor-column elementor-col-100 elementor-top-column elementor-element elementor-element-68d9c5a page_contain\" data-id=\"68d9c5a\" data-element_type=\"column\" data-e-type=\"column\" data-settings=\"{&quot;background_background&quot;:&quot;classic&quot;}\">\n\t\t\t<div class=\"elementor-widget-wrap elementor-element-populated\">\n\t\t\t\t\t\t<div class=\"elementor-element elementor-element-50f1f9b elementor-widget elementor-widget-image\" data-id=\"50f1f9b\" data-element_type=\"widget\" data-e-type=\"widget\" data-widget_type=\"image.default\">\n\t\t\t\t<div class=\"elementor-widget-container\">\n\t\t\t\t\t\t\t\t\t\t\t\t\t\t\t<img fetchpriority=\"high\" decoding=\"async\" width=\"1366\" height=\"768\" src=\"https:\/\/kiosque.acadienouvelle.com\/inauguration-centre-uni-caraquet-2026\/wp-content\/uploads\/sites\/388\/2026\/03\/05_IMG_0019_land.jpg\" class=\"attachment-full size-full wp-image-7734\" alt=\"\" srcset=\"https:\/\/kiosque.acadienouvelle.com\/inauguration-centre-uni-caraquet-2026\/wp-content\/uploads\/sites\/388\/2026\/03\/05_IMG_0019_land.jpg 1366w, https:\/\/kiosque.acadienouvelle.com\/inauguration-centre-uni-caraquet-2026\/wp-content\/uploads\/sites\/388\/2026\/03\/05_IMG_0019_land-300x169.jpg 300w, https:\/\/kiosque.acadienouvelle.com\/inauguration-centre-uni-caraquet-2026\/wp-content\/uploads\/sites\/388\/2026\/03\/05_IMG_0019_land-1024x576.jpg 1024w, https:\/\/kiosque.acadienouvelle.com\/inauguration-centre-uni-caraquet-2026\/wp-content\/uploads\/sites\/388\/2026\/03\/05_IMG_0019_land-768x432.jpg 768w\" sizes=\"(max-width: 1366px) 100vw, 1366px\" \/>\t\t\t\t\t\t\t\t\t\t\t\t\t\t\t<\/div>\n\t\t\t\t<\/div>\n\t\t<link rel=\"stylesheet\" href=\"https:\/\/use.fontawesome.com\/releases\/v5.5.0\/css\/all.css\" integrity=\"sha384-B4dIYHKNBt8Bc12p+WXckhzcICo0wtJAoU8YZTY5qE0Id1GSseTk6S+L3BlXeVIU\" crossorigin=\"anonymous\">\r\n\t\t<div class=\"elementor-element elementor-element-d0a0a3b mobile_pera elementor-widget elementor-widget-text-editor\" data-id=\"d0a0a3b\" data-element_type=\"widget\" data-e-type=\"widget\" data-widget_type=\"text-editor.default\">\n\t\t\t\t<div class=\"elementor-widget-container\">\n\t\t\t\t\t\t\t\t\tLe gestionnaire de l\u2019ar\u00e9na au Centre UNI, G\u00e9rard Cormier, n\u2019a que des \u00e9loges \u00e0 partager sur les nouvelles installations. \u00ab\u00a0Les commentaires sont plus que positifs. Un ar\u00e9na avec de la lumi\u00e8re naturelle est unique pour la r\u00e9gion (\u2026). Les gens sont vraiment emball\u00e9s\u00a0\u00bb, affirme-t-il.\t\t\t\t\t\t\t\t<\/div>\n\t\t\t\t<\/div>\n\t\t\t\t<div class=\"elementor-element elementor-element-f254d67 elementor-widget elementor-widget-advertisement\" data-id=\"f254d67\" data-element_type=\"widget\" data-e-type=\"widget\" data-widget_type=\"advertisement.default\">\n\t\t\t\t<div class=\"elementor-widget-container\">\n\t\t\t\t\t<div class=\"ads-align-center\"><div data-m32-ad data-options='{\"sizes\":\"[[300,250]]\",\"dfpId\":\"21658289790,27729547\",\"dfpAdUnitPath\":\"acadienouvelle\/cahiers_quarterpage_300x250\"}'><\/div><\/div>\t\t\t\t<\/div>\n\t\t\t\t<\/div>\n\t\t\t\t<div class=\"elementor-element elementor-element-723c5fe mobile_pera elementor-widget elementor-widget-text-editor\" data-id=\"723c5fe\" data-element_type=\"widget\" data-e-type=\"widget\" data-widget_type=\"text-editor.default\">\n\t\t\t\t<div class=\"elementor-widget-container\">\n\t\t\t\t\t\t\t\t\tEn riant, il confie que des gens attendent souvent \u00e0 la porte quand le Centre UNI ouvre au public \u00e0 7\u00a0h chaque matin pour profiter de la piste de marche. \u00ab\u00a0Beaucoup de personnes ont commenc\u00e9 \u00e0 bouger \u00e0 cause de la piste\u00a0\u00bb, ajoute-t-il.\t\t\t\t\t\t\t\t<\/div>\n\t\t\t\t<\/div>\n\t\t\t\t<div class=\"elementor-element elementor-element-40a673e mobile_pera elementor-widget elementor-widget-text-editor\" data-id=\"40a673e\" data-element_type=\"widget\" data-e-type=\"widget\" data-widget_type=\"text-editor.default\">\n\t\t\t\t<div class=\"elementor-widget-container\">\n\t\t\t\t\t\t\t\t\tLa surface de glace est la plus grande de la P\u00e9ninsule acadienne et les vestiaires spacieux sont bien accueillis par les \u00e9quipes. L\u2019\u00e9quipe du personnel de l\u2019ar\u00e9na appr\u00e9cie beaucoup la modernit\u00e9 des lieux et le confort au quotidien. \t\t\t\t\t\t\t\t<\/div>\n\t\t\t\t<\/div>\n\t\t\t\t<div class=\"elementor-element elementor-element-5b1c271 mobile_pera elementor-widget elementor-widget-text-editor\" data-id=\"5b1c271\" data-element_type=\"widget\" data-e-type=\"widget\" data-widget_type=\"text-editor.default\">\n\t\t\t\t<div class=\"elementor-widget-container\">\n\t\t\t\t\t\t\t\t\tM.\u00a0Cormier explique que les quelque 150\u00a0jeunes du hockey mineur sont les principaux utilisateurs de l\u2019ar\u00e9na, suivi de l\u2019\u00e9quipe junior B Le Poseidon, ainsi que les \u00e9quipes f\u00e9minine et masculine de la polyvalente Louis-Mailloux.\t\t\t\t\t\t\t\t<\/div>\n\t\t\t\t<\/div>\n\t\t\t\t<div class=\"elementor-element elementor-element-c3fa4c0 mobile_pera elementor-widget elementor-widget-text-editor\" data-id=\"c3fa4c0\" data-element_type=\"widget\" data-e-type=\"widget\" data-widget_type=\"text-editor.default\">\n\t\t\t\t<div class=\"elementor-widget-container\">\n\t\t\t\t\t\t\t\t\tLe groupe de patinage de vitesse Les \u00e9toiles filantes utilise la glace deux fois par semaine et on planifie de relancer un club de patinage artistique. Les \u00e9l\u00e8ves des \u00e9coles de la r\u00e9gion forment un autre important groupe de personnes qui utilisent beaucoup l\u2019ar\u00e9na.\t\t\t\t\t\t\t\t<\/div>\n\t\t\t\t<\/div>\n\t\t\t\t<div class=\"elementor-element elementor-element-cecf752 mobile_pera elementor-widget elementor-widget-text-editor\" data-id=\"cecf752\" data-element_type=\"widget\" data-e-type=\"widget\" data-widget_type=\"text-editor.default\">\n\t\t\t\t<div class=\"elementor-widget-container\">\n\t\t\t\t\t\t\t\t\tLes installations modernes ont aussi entrain\u00e9 un renouveau pour les ligues maison avec maintenant des heures de pratiques durant le jour, en plus des s\u00e9ances de patinage libre. D\u2019ailleurs, les s\u00e9ances de patinage libre ont attir\u00e9 un grand nombre de familles durant la semaine de rel\u00e2che en mars.\n\t\t\t\t\t\t\t\t<\/div>\n\t\t\t\t<\/div>\n\t\t\t\t<div class=\"elementor-element elementor-element-8f2fbb7 mobile_pera elementor-widget elementor-widget-text-editor\" data-id=\"8f2fbb7\" data-element_type=\"widget\" data-e-type=\"widget\" data-widget_type=\"text-editor.default\">\n\t\t\t\t<div class=\"elementor-widget-container\">\n\t\t\t\t\t\t\t\t\tG\u00e9rard Cormier estime que l\u2019utilisation de la glace atteint 50\u00a0pour cent durant le jour et la pleine capacit\u00e9 en soir\u00e9e. \u00ab\u00a0Nous essayons d\u2019accommoder tout le monde et de leur trouver une place \u00e0 l\u2019horaire\u00a0\u00bb, ajoute-t-il.\t\t\t\t\t\t\t\t<\/div>\n\t\t\t\t<\/div>\n\t\t\t\t\t<\/div>\n\t\t<\/div>\n\t\t\t\t\t<\/div>\n\t\t<\/section>\n\t\t\t\t<\/div>\n\t\t","protected":false},"excerpt":{"rendered":"<p>Une surface de glace de plus en plus utilis\u00e9e Le gestionnaire de l\u2019ar\u00e9na au Centre UNI, G\u00e9rard Cormier, n\u2019a que des \u00e9loges \u00e0 partager sur les nouvelles installations. \u00ab\u00a0Les commentaires sont plus que positifs. Un ar\u00e9na avec de la lumi\u00e8re naturelle est unique pour la r\u00e9gion (\u2026). Les gens sont vraiment emball\u00e9s\u00a0\u00bb, affirme-t-il. En riant, [&hellip;]<\/p>\n","protected":false},"author":1,"featured_media":0,"parent":0,"menu_order":5,"comment_status":"closed","ping_status":"closed","template":"","meta":{"site-sidebar-layout":"no-sidebar","site-content-layout":"page-builder","ast-site-content-layout":"default","site-content-style":"default","site-sidebar-style":"default","ast-global-header-display":"","ast-banner-title-visibility":"","ast-main-header-display":"","ast-hfb-above-header-display":"","ast-hfb-below-header-display":"","ast-hfb-mobile-header-display":"","site-post-title":"disabled","ast-breadcrumbs-content":"","ast-featured-img":"disabled","footer-sml-layout":"","ast-disable-related-posts":"","theme-transparent-header-meta":"default","adv-header-id-meta":"","stick-header-meta":"","header-above-stick-meta":"","header-main-stick-meta":"","header-below-stick-meta":"","astra-migrate-meta-layouts":"default","ast-page-background-enabled":"default","ast-page-background-meta":{"desktop":{"background-color":"var(--ast-global-color-4)","background-image":"","background-repeat":"repeat","background-position":"center center","background-size":"auto","background-attachment":"scroll","background-type":"","background-media":"","overlay-type":"","overlay-color":"","overlay-opacity":"","overlay-gradient":""},"tablet":{"background-color":"","background-image":"","background-repeat":"repeat","background-position":"center center","background-size":"auto","background-attachment":"scroll","background-type":"","background-media":"","overlay-type":"","overlay-color":"","overlay-opacity":"","overlay-gradient":""},"mobile":{"background-color":"","background-image":"","background-repeat":"repeat","background-position":"center center","background-size":"auto","background-attachment":"scroll","background-type":"","background-media":"","overlay-type":"","overlay-color":"","overlay-opacity":"","overlay-gradient":""}},"ast-content-background-meta":{"desktop":{"background-color":"var(--ast-global-color-5)","background-image":"","background-repeat":"repeat","background-position":"center center","background-size":"auto","background-attachment":"scroll","background-type":"","background-media":"","overlay-type":"","overlay-color":"","overlay-opacity":"","overlay-gradient":""},"tablet":{"background-color":"var(--ast-global-color-5)","background-image":"","background-repeat":"repeat","background-position":"center center","background-size":"auto","background-attachment":"scroll","background-type":"","background-media":"","overlay-type":"","overlay-color":"","overlay-opacity":"","overlay-gradient":""},"mobile":{"background-color":"var(--ast-global-color-5)","background-image":"","background-repeat":"repeat","background-position":"center center","background-size":"auto","background-attachment":"scroll","background-type":"","background-media":"","overlay-type":"","overlay-color":"","overlay-opacity":"","overlay-gradient":""}},"footnotes":""},"page-categories":[],"class_list":["post-7869","page","type-page","status-publish","hentry"],"_links":{"self":[{"href":"https:\/\/kiosque.acadienouvelle.com\/inauguration-centre-uni-caraquet-2026\/wp-json\/wp\/v2\/pages\/7869","targetHints":{"allow":["GET"]}}],"collection":[{"href":"https:\/\/kiosque.acadienouvelle.com\/inauguration-centre-uni-caraquet-2026\/wp-json\/wp\/v2\/pages"}],"about":[{"href":"https:\/\/kiosque.acadienouvelle.com\/inauguration-centre-uni-caraquet-2026\/wp-json\/wp\/v2\/types\/page"}],"author":[{"embeddable":true,"href":"https:\/\/kiosque.acadienouvelle.com\/inauguration-centre-uni-caraquet-2026\/wp-json\/wp\/v2\/users\/1"}],"replies":[{"embeddable":true,"href":"https:\/\/kiosque.acadienouvelle.com\/inauguration-centre-uni-caraquet-2026\/wp-json\/wp\/v2\/comments?post=7869"}],"version-history":[{"count":10,"href":"https:\/\/kiosque.acadienouvelle.com\/inauguration-centre-uni-caraquet-2026\/wp-json\/wp\/v2\/pages\/7869\/revisions"}],"predecessor-version":[{"id":8092,"href":"https:\/\/kiosque.acadienouvelle.com\/inauguration-centre-uni-caraquet-2026\/wp-json\/wp\/v2\/pages\/7869\/revisions\/8092"}],"wp:attachment":[{"href":"https:\/\/kiosque.acadienouvelle.com\/inauguration-centre-uni-caraquet-2026\/wp-json\/wp\/v2\/media?parent=7869"}],"wp:term":[{"taxonomy":"page-categories","embeddable":true,"href":"https:\/\/kiosque.acadienouvelle.com\/inauguration-centre-uni-caraquet-2026\/wp-json\/wp\/v2\/page-categories?post=7869"}],"curies":[{"name":"wp","href":"https:\/\/api.w.org\/{rel}","templated":true}]}}