{"id":7878,"date":"2026-03-24T17:53:24","date_gmt":"2026-03-24T17:53:24","guid":{"rendered":"https:\/\/kiosque.acadienouvelle.com\/inauguration-centre-uni-caraquet-2026\/?page_id=7878"},"modified":"2026-04-08T19:24:44","modified_gmt":"2026-04-08T19:24:44","slug":"ouverture-festive-inclusive","status":"publish","type":"page","link":"https:\/\/kiosque.acadienouvelle.com\/inauguration-centre-uni-caraquet-2026\/ouverture-festive-inclusive\/","title":{"rendered":"Une ouverture officielle festive et inclusive"},"content":{"rendered":"\t\t<div data-elementor-type=\"wp-page\" data-elementor-id=\"7878\" class=\"elementor elementor-7878\" data-elementor-post-type=\"page\">\n\t\t\t\t\t\t<section class=\"elementor-section elementor-top-section elementor-element elementor-element-50c1b6e elementor-section-height-min-height header_title banner_img elementor-section-boxed elementor-section-height-default elementor-section-items-middle\" data-id=\"50c1b6e\" data-element_type=\"section\" data-e-type=\"section\" data-settings=\"{&quot;background_background&quot;:&quot;classic&quot;}\">\n\t\t\t\t\t\t\t<div class=\"elementor-background-overlay\"><\/div>\n\t\t\t\t\t\t\t<div class=\"elementor-container elementor-column-gap-default\">\n\t\t\t\t\t<div class=\"elementor-column elementor-col-100 elementor-top-column elementor-element elementor-element-3a2d241\" data-id=\"3a2d241\" data-element_type=\"column\" data-e-type=\"column\">\n\t\t\t<div class=\"elementor-widget-wrap elementor-element-populated\">\n\t\t\t\t\t\t<div class=\"elementor-element elementor-element-9673cd2 elementor-widget elementor-widget-heading\" data-id=\"9673cd2\" data-element_type=\"widget\" data-e-type=\"widget\" data-widget_type=\"heading.default\">\n\t\t\t\t<div class=\"elementor-widget-container\">\n\t\t\t\t\t<h2 class=\"elementor-heading-title elementor-size-default\">Une ouverture officielle festive et inclusive<\/h2>\t\t\t\t<\/div>\n\t\t\t\t<\/div>\n\t\t\t\t\t<\/div>\n\t\t<\/div>\n\t\t\t\t\t<\/div>\n\t\t<\/section>\n\t\t\t\t<section class=\"elementor-section elementor-top-section elementor-element elementor-element-d9a853a elementor-section-boxed elementor-section-height-default elementor-section-height-default\" data-id=\"d9a853a\" data-element_type=\"section\" data-e-type=\"section\">\n\t\t\t\t\t\t<div class=\"elementor-container elementor-column-gap-default\">\n\t\t\t\t\t<div class=\"elementor-column elementor-col-100 elementor-top-column elementor-element elementor-element-68d9c5a page_contain\" data-id=\"68d9c5a\" data-element_type=\"column\" data-e-type=\"column\" data-settings=\"{&quot;background_background&quot;:&quot;classic&quot;}\">\n\t\t\t<div class=\"elementor-widget-wrap elementor-element-populated\">\n\t\t\t\t\t\t<div class=\"elementor-element elementor-element-50f1f9b elementor-widget elementor-widget-image\" data-id=\"50f1f9b\" data-element_type=\"widget\" data-e-type=\"widget\" data-widget_type=\"image.default\">\n\t\t\t\t<div class=\"elementor-widget-container\">\n\t\t\t\t\t\t\t\t\t\t\t\t<figure class=\"wp-caption\">\n\t\t\t\t\t\t\t\t\t\t<img fetchpriority=\"high\" decoding=\"async\" width=\"1366\" height=\"768\" src=\"https:\/\/kiosque.acadienouvelle.com\/inauguration-centre-uni-caraquet-2026\/wp-content\/uploads\/sites\/388\/2026\/03\/06_07_0U2A9895_harmonie_land.jpg\" class=\"attachment-full size-full wp-image-7738\" alt=\"\" srcset=\"https:\/\/kiosque.acadienouvelle.com\/inauguration-centre-uni-caraquet-2026\/wp-content\/uploads\/sites\/388\/2026\/03\/06_07_0U2A9895_harmonie_land.jpg 1366w, https:\/\/kiosque.acadienouvelle.com\/inauguration-centre-uni-caraquet-2026\/wp-content\/uploads\/sites\/388\/2026\/03\/06_07_0U2A9895_harmonie_land-300x169.jpg 300w, https:\/\/kiosque.acadienouvelle.com\/inauguration-centre-uni-caraquet-2026\/wp-content\/uploads\/sites\/388\/2026\/03\/06_07_0U2A9895_harmonie_land-1024x576.jpg 1024w, https:\/\/kiosque.acadienouvelle.com\/inauguration-centre-uni-caraquet-2026\/wp-content\/uploads\/sites\/388\/2026\/03\/06_07_0U2A9895_harmonie_land-768x432.jpg 768w\" sizes=\"(max-width: 1366px) 100vw, 1366px\" \/>\t\t\t\t\t\t\t\t\t\t\t<figcaption class=\"widget-image-caption wp-caption-text\">Cet ensemble musical a eu l\u2019honneur de produire la musique lors de l\u2019ouverture officielle.<\/figcaption>\n\t\t\t\t\t\t\t\t\t\t<\/figure>\n\t\t\t\t\t\t\t\t\t<\/div>\n\t\t\t\t<\/div>\n\t\t<link rel=\"stylesheet\" href=\"https:\/\/use.fontawesome.com\/releases\/v5.5.0\/css\/all.css\" integrity=\"sha384-B4dIYHKNBt8Bc12p+WXckhzcICo0wtJAoU8YZTY5qE0Id1GSseTk6S+L3BlXeVIU\" crossorigin=\"anonymous\">\r\n\t\t<div class=\"elementor-element elementor-element-d0a0a3b mobile_pera elementor-widget elementor-widget-text-editor\" data-id=\"d0a0a3b\" data-element_type=\"widget\" data-e-type=\"widget\" data-widget_type=\"text-editor.default\">\n\t\t\t\t<div class=\"elementor-widget-container\">\n\t\t\t\t\t\t\t\t\tL\u2019ouverture officielle du Centre UNI de Caraquet a occasionn\u00e9 plusieurs jours d\u2019activit\u00e9s sous la th\u00e9matique \u00ab\u00a0C\u00e9l\u00e9brons la magie du Centre UNI\u00a0\u00bb. La programmation s\u2019est \u00e9tal\u00e9e du 18\u00a0d\u00e9cembre 2025 au 4\u00a0janvier 2026 et a offert des activit\u00e9s festives et inclusives pour les petits et les grands.\n\t\t\t\t\t\t\t\t<\/div>\n\t\t\t\t<\/div>\n\t\t\t\t<div class=\"elementor-element elementor-element-f420030 elementor-widget elementor-widget-advertisement\" data-id=\"f420030\" data-element_type=\"widget\" data-e-type=\"widget\" data-widget_type=\"advertisement.default\">\n\t\t\t\t<div class=\"elementor-widget-container\">\n\t\t\t\t\t<div class=\"ads-align-center\"><div data-m32-ad data-options='{\"sizes\":\"[[320,480]]\",\"dfpId\":\"21658289790,27729547\",\"dfpAdUnitPath\":\"acadienouvelle\/cahiers_halfpage_320x480\"}'><\/div><\/div>\t\t\t\t<\/div>\n\t\t\t\t<\/div>\n\t\t\t\t<div class=\"elementor-element elementor-element-be14d11 mobile_pera elementor-widget elementor-widget-text-editor\" data-id=\"be14d11\" data-element_type=\"widget\" data-e-type=\"widget\" data-widget_type=\"text-editor.default\">\n\t\t\t\t<div class=\"elementor-widget-container\">\n\t\t\t\t\t\t\t\t\tLes quatre \u00e9coles de la r\u00e9gion ont tout d\u2019abord eu acc\u00e8s aux installations lors de visites guid\u00e9es. Quelques journ\u00e9es portes ouvertes durant le temps des f\u00eates ont permis d\u2019accueillir le public et d\u2019offrir d\u2019autres visites des lieux pour en explorer tous les coins. \t\t\t\t\t\t\t\t<\/div>\n\t\t\t\t<\/div>\n\t\t\t\t<div class=\"elementor-element elementor-element-1cf0ab6 elementor-widget elementor-widget-image\" data-id=\"1cf0ab6\" data-element_type=\"widget\" data-e-type=\"widget\" data-widget_type=\"image.default\">\n\t\t\t\t<div class=\"elementor-widget-container\">\n\t\t\t\t\t\t\t\t\t\t\t\t<figure class=\"wp-caption\">\n\t\t\t\t\t\t\t\t\t\t<img decoding=\"async\" width=\"1366\" height=\"768\" src=\"https:\/\/kiosque.acadienouvelle.com\/inauguration-centre-uni-caraquet-2026\/wp-content\/uploads\/sites\/388\/2026\/03\/06_07_0U2A9938_velos_de_neige_land.jpg\" class=\"attachment-full size-full wp-image-7740\" alt=\"\" srcset=\"https:\/\/kiosque.acadienouvelle.com\/inauguration-centre-uni-caraquet-2026\/wp-content\/uploads\/sites\/388\/2026\/03\/06_07_0U2A9938_velos_de_neige_land.jpg 1366w, https:\/\/kiosque.acadienouvelle.com\/inauguration-centre-uni-caraquet-2026\/wp-content\/uploads\/sites\/388\/2026\/03\/06_07_0U2A9938_velos_de_neige_land-300x169.jpg 300w, https:\/\/kiosque.acadienouvelle.com\/inauguration-centre-uni-caraquet-2026\/wp-content\/uploads\/sites\/388\/2026\/03\/06_07_0U2A9938_velos_de_neige_land-1024x576.jpg 1024w, https:\/\/kiosque.acadienouvelle.com\/inauguration-centre-uni-caraquet-2026\/wp-content\/uploads\/sites\/388\/2026\/03\/06_07_0U2A9938_velos_de_neige_land-768x432.jpg 768w\" sizes=\"(max-width: 1366px) 100vw, 1366px\" \/>\t\t\t\t\t\t\t\t\t\t\t<figcaption class=\"widget-image-caption wp-caption-text\">Le Centre UNI est aussi un centre pour des activit\u00e9s ext\u00e9rieures et tous les types de personnes utilisatrices ont pris part \u00e0 un d\u00e9fil\u00e9. Ici, on aper\u00e7oit des jeunes avec des v\u00e9los de neige.<\/figcaption>\n\t\t\t\t\t\t\t\t\t\t<\/figure>\n\t\t\t\t\t\t\t\t\t<\/div>\n\t\t\t\t<\/div>\n\t\t\t\t<div class=\"elementor-element elementor-element-390fd0a mobile_pera elementor-widget elementor-widget-text-editor\" data-id=\"390fd0a\" data-element_type=\"widget\" data-e-type=\"widget\" data-widget_type=\"text-editor.default\">\n\t\t\t\t<div class=\"elementor-widget-container\">\n\t\t\t\t\t\t\t\t\tLa population a \u00e9galement \u00e9t\u00e9 convi\u00e9e \u00e0 une s\u00e9ance de patinage libre et \u00e0 une s\u00e9ance de patinage festif avec musique o\u00f9 les enfants \u00e9taient invit\u00e9s \u00e0 d\u00e9corer des \nb\u00e2tons lumineux. \t\t\t\t\t\t\t\t<\/div>\n\t\t\t\t<\/div>\n\t\t\t\t<div class=\"elementor-element elementor-element-ef219d1 mobile_pera elementor-widget elementor-widget-text-editor\" data-id=\"ef219d1\" data-element_type=\"widget\" data-e-type=\"widget\" data-widget_type=\"text-editor.default\">\n\t\t\t\t<div class=\"elementor-widget-container\">\n\t\t\t\t\t\t\t\t\tDes \u0153uvres de Claude Roussel ont \u00e9t\u00e9 d\u00e9voil\u00e9es lors d\u2019une c\u00e9r\u00e9monie artistique et ces trois peintures ornent maintenant un mur de l\u2019\u00e9difice. \t\t\t\t\t\t\t\t<\/div>\n\t\t\t\t<\/div>\n\t\t\t\t<div class=\"elementor-element elementor-element-35f3509 elementor-widget elementor-widget-advertisement\" data-id=\"35f3509\" data-element_type=\"widget\" data-e-type=\"widget\" data-widget_type=\"advertisement.default\">\n\t\t\t\t<div class=\"elementor-widget-container\">\n\t\t\t\t\t<div class=\"ads-align-center\"><div data-m32-ad data-options='{\"sizes\":\"[[300,250]]\",\"dfpId\":\"21658289790,27729547\",\"dfpAdUnitPath\":\"acadienouvelle\/cahiers_quarterpage_300x250\"}'><\/div><\/div>\t\t\t\t<\/div>\n\t\t\t\t<\/div>\n\t\t\t\t<div class=\"elementor-element elementor-element-f033ec5 mobile_pera elementor-widget elementor-widget-text-editor\" data-id=\"f033ec5\" data-element_type=\"widget\" data-e-type=\"widget\" data-widget_type=\"text-editor.default\">\n\t\t\t\t<div class=\"elementor-widget-container\">\n\t\t\t\t\t\t\t\t\tDes activit\u00e9s ont ensuite eu lieu pour le club de marche et pour les clubs\u00a050+, alors qu\u2019un rallye anim\u00e9 avec chansonnier et musique ext\u00e9rieure a attir\u00e9 de nombreuses personnes. \t\t\t\t\t\t\t\t<\/div>\n\t\t\t\t<\/div>\n\t\t\t\t<div class=\"elementor-element elementor-element-9c381db mobile_pera elementor-widget elementor-widget-text-editor\" data-id=\"9c381db\" data-element_type=\"widget\" data-e-type=\"widget\" data-widget_type=\"text-editor.default\">\n\t\t\t\t<div class=\"elementor-widget-container\">\n\t\t\t\t\t\t\t\t\tUn jamboree pour le hockey mineur s\u2019est d\u00e9roul\u00e9 sur deux jours. \t\t\t\t\t\t\t\t<\/div>\n\t\t\t\t<\/div>\n\t\t\t\t<div class=\"elementor-element elementor-element-69b55f3 elementor-widget elementor-widget-image\" data-id=\"69b55f3\" data-element_type=\"widget\" data-e-type=\"widget\" data-widget_type=\"image.default\">\n\t\t\t\t<div class=\"elementor-widget-container\">\n\t\t\t\t\t\t\t\t\t\t\t\t<figure class=\"wp-caption\">\n\t\t\t\t\t\t\t\t\t\t<img decoding=\"async\" width=\"1366\" height=\"768\" src=\"https:\/\/kiosque.acadienouvelle.com\/inauguration-centre-uni-caraquet-2026\/wp-content\/uploads\/sites\/388\/2026\/03\/06_07_0U2A0137_parade_hockey_drapeau_land.jpg\" class=\"attachment-full size-full wp-image-7735\" alt=\"\" srcset=\"https:\/\/kiosque.acadienouvelle.com\/inauguration-centre-uni-caraquet-2026\/wp-content\/uploads\/sites\/388\/2026\/03\/06_07_0U2A0137_parade_hockey_drapeau_land.jpg 1366w, https:\/\/kiosque.acadienouvelle.com\/inauguration-centre-uni-caraquet-2026\/wp-content\/uploads\/sites\/388\/2026\/03\/06_07_0U2A0137_parade_hockey_drapeau_land-300x169.jpg 300w, https:\/\/kiosque.acadienouvelle.com\/inauguration-centre-uni-caraquet-2026\/wp-content\/uploads\/sites\/388\/2026\/03\/06_07_0U2A0137_parade_hockey_drapeau_land-1024x576.jpg 1024w, https:\/\/kiosque.acadienouvelle.com\/inauguration-centre-uni-caraquet-2026\/wp-content\/uploads\/sites\/388\/2026\/03\/06_07_0U2A0137_parade_hockey_drapeau_land-768x432.jpg 768w\" sizes=\"(max-width: 1366px) 100vw, 1366px\" \/>\t\t\t\t\t\t\t\t\t\t\t<figcaption class=\"widget-image-caption wp-caption-text\">Des jeunes joueurs et joueuses de hockey de tous les \u00e2ges ont pris part \u00e0 la c\u00e9l\u00e9bration.<\/figcaption>\n\t\t\t\t\t\t\t\t\t\t<\/figure>\n\t\t\t\t\t\t\t\t\t<\/div>\n\t\t\t\t<\/div>\n\t\t\t\t<div class=\"elementor-element elementor-element-d20a08a mobile_pera elementor-widget elementor-widget-text-editor\" data-id=\"d20a08a\" data-element_type=\"widget\" data-e-type=\"widget\" data-widget_type=\"text-editor.default\">\n\t\t\t\t<div class=\"elementor-widget-container\">\n\t\t\t\t\t\t\t\t\tCes semaines sp\u00e9ciales d\u2019accueil ont culmin\u00e9 avec une c\u00e9r\u00e9monie d\u2019ouverture officielle qui a fait salle comble le 4\u00a0janvier. Cet apr\u00e8s-midi bien rempli a combin\u00e9 les discours des dignitaires avec un d\u00e9fil\u00e9 des personnes utilisatrices de l\u2019infrastructure et de la musique. Le tout s\u2019est termin\u00e9 avec une partie chaudement disput\u00e9e de l\u2019\u00e9quipe de hockey junior B Le Poseidons.\t\t\t\t\t\t\t\t<\/div>\n\t\t\t\t<\/div>\n\t\t\t\t<div class=\"elementor-element elementor-element-959372f elementor-widget elementor-widget-image\" data-id=\"959372f\" data-element_type=\"widget\" data-e-type=\"widget\" data-widget_type=\"image.default\">\n\t\t\t\t<div class=\"elementor-widget-container\">\n\t\t\t\t\t\t\t\t\t\t\t\t<figure class=\"wp-caption\">\n\t\t\t\t\t\t\t\t\t\t<img loading=\"lazy\" decoding=\"async\" width=\"1366\" height=\"768\" src=\"https:\/\/kiosque.acadienouvelle.com\/inauguration-centre-uni-caraquet-2026\/wp-content\/uploads\/sites\/388\/2026\/03\/06_07_0U2A0193_poseidons.jpg\" class=\"attachment-full size-full wp-image-7736\" alt=\"\" srcset=\"https:\/\/kiosque.acadienouvelle.com\/inauguration-centre-uni-caraquet-2026\/wp-content\/uploads\/sites\/388\/2026\/03\/06_07_0U2A0193_poseidons.jpg 1366w, https:\/\/kiosque.acadienouvelle.com\/inauguration-centre-uni-caraquet-2026\/wp-content\/uploads\/sites\/388\/2026\/03\/06_07_0U2A0193_poseidons-300x169.jpg 300w, https:\/\/kiosque.acadienouvelle.com\/inauguration-centre-uni-caraquet-2026\/wp-content\/uploads\/sites\/388\/2026\/03\/06_07_0U2A0193_poseidons-1024x576.jpg 1024w, https:\/\/kiosque.acadienouvelle.com\/inauguration-centre-uni-caraquet-2026\/wp-content\/uploads\/sites\/388\/2026\/03\/06_07_0U2A0193_poseidons-768x432.jpg 768w\" sizes=\"(max-width: 1366px) 100vw, 1366px\" \/>\t\t\t\t\t\t\t\t\t\t\t<figcaption class=\"widget-image-caption wp-caption-text\">Les c\u00e9l\u00e9brations de l\u2019ouverture officielle du Centre UNI se sont termin\u00e9es avec une partie du Poseidon de la P\u00e9ninsule acadienne.<\/figcaption>\n\t\t\t\t\t\t\t\t\t\t<\/figure>\n\t\t\t\t\t\t\t\t\t<\/div>\n\t\t\t\t<\/div>\n\t\t\t\t\t<\/div>\n\t\t<\/div>\n\t\t\t\t\t<\/div>\n\t\t<\/section>\n\t\t\t\t<\/div>\n\t\t","protected":false},"excerpt":{"rendered":"<p>Une ouverture officielle festive et inclusive Cet ensemble musical a eu l\u2019honneur de produire la musique lors de l\u2019ouverture officielle. L\u2019ouverture officielle du Centre UNI de Caraquet a occasionn\u00e9 plusieurs jours d\u2019activit\u00e9s sous la th\u00e9matique \u00ab\u00a0C\u00e9l\u00e9brons la magie du Centre UNI\u00a0\u00bb. La programmation s\u2019est \u00e9tal\u00e9e du 18\u00a0d\u00e9cembre 2025 au 4\u00a0janvier 2026 et a offert des [&hellip;]<\/p>\n","protected":false},"author":1,"featured_media":0,"parent":0,"menu_order":7,"comment_status":"closed","ping_status":"closed","template":"","meta":{"site-sidebar-layout":"no-sidebar","site-content-layout":"page-builder","ast-site-content-layout":"default","site-content-style":"default","site-sidebar-style":"default","ast-global-header-display":"","ast-banner-title-visibility":"","ast-main-header-display":"","ast-hfb-above-header-display":"","ast-hfb-below-header-display":"","ast-hfb-mobile-header-display":"","site-post-title":"disabled","ast-breadcrumbs-content":"","ast-featured-img":"disabled","footer-sml-layout":"","ast-disable-related-posts":"","theme-transparent-header-meta":"default","adv-header-id-meta":"","stick-header-meta":"","header-above-stick-meta":"","header-main-stick-meta":"","header-below-stick-meta":"","astra-migrate-meta-layouts":"default","ast-page-background-enabled":"default","ast-page-background-meta":{"desktop":{"background-color":"var(--ast-global-color-4)","background-image":"","background-repeat":"repeat","background-position":"center center","background-size":"auto","background-attachment":"scroll","background-type":"","background-media":"","overlay-type":"","overlay-color":"","overlay-opacity":"","overlay-gradient":""},"tablet":{"background-color":"","background-image":"","background-repeat":"repeat","background-position":"center center","background-size":"auto","background-attachment":"scroll","background-type":"","background-media":"","overlay-type":"","overlay-color":"","overlay-opacity":"","overlay-gradient":""},"mobile":{"background-color":"","background-image":"","background-repeat":"repeat","background-position":"center center","background-size":"auto","background-attachment":"scroll","background-type":"","background-media":"","overlay-type":"","overlay-color":"","overlay-opacity":"","overlay-gradient":""}},"ast-content-background-meta":{"desktop":{"background-color":"var(--ast-global-color-5)","background-image":"","background-repeat":"repeat","background-position":"center center","background-size":"auto","background-attachment":"scroll","background-type":"","background-media":"","overlay-type":"","overlay-color":"","overlay-opacity":"","overlay-gradient":""},"tablet":{"background-color":"var(--ast-global-color-5)","background-image":"","background-repeat":"repeat","background-position":"center center","background-size":"auto","background-attachment":"scroll","background-type":"","background-media":"","overlay-type":"","overlay-color":"","overlay-opacity":"","overlay-gradient":""},"mobile":{"background-color":"var(--ast-global-color-5)","background-image":"","background-repeat":"repeat","background-position":"center center","background-size":"auto","background-attachment":"scroll","background-type":"","background-media":"","overlay-type":"","overlay-color":"","overlay-opacity":"","overlay-gradient":""}},"footnotes":""},"page-categories":[],"class_list":["post-7878","page","type-page","status-publish","hentry"],"_links":{"self":[{"href":"https:\/\/kiosque.acadienouvelle.com\/inauguration-centre-uni-caraquet-2026\/wp-json\/wp\/v2\/pages\/7878","targetHints":{"allow":["GET"]}}],"collection":[{"href":"https:\/\/kiosque.acadienouvelle.com\/inauguration-centre-uni-caraquet-2026\/wp-json\/wp\/v2\/pages"}],"about":[{"href":"https:\/\/kiosque.acadienouvelle.com\/inauguration-centre-uni-caraquet-2026\/wp-json\/wp\/v2\/types\/page"}],"author":[{"embeddable":true,"href":"https:\/\/kiosque.acadienouvelle.com\/inauguration-centre-uni-caraquet-2026\/wp-json\/wp\/v2\/users\/1"}],"replies":[{"embeddable":true,"href":"https:\/\/kiosque.acadienouvelle.com\/inauguration-centre-uni-caraquet-2026\/wp-json\/wp\/v2\/comments?post=7878"}],"version-history":[{"count":13,"href":"https:\/\/kiosque.acadienouvelle.com\/inauguration-centre-uni-caraquet-2026\/wp-json\/wp\/v2\/pages\/7878\/revisions"}],"predecessor-version":[{"id":8095,"href":"https:\/\/kiosque.acadienouvelle.com\/inauguration-centre-uni-caraquet-2026\/wp-json\/wp\/v2\/pages\/7878\/revisions\/8095"}],"wp:attachment":[{"href":"https:\/\/kiosque.acadienouvelle.com\/inauguration-centre-uni-caraquet-2026\/wp-json\/wp\/v2\/media?parent=7878"}],"wp:term":[{"taxonomy":"page-categories","embeddable":true,"href":"https:\/\/kiosque.acadienouvelle.com\/inauguration-centre-uni-caraquet-2026\/wp-json\/wp\/v2\/page-categories?post=7878"}],"curies":[{"name":"wp","href":"https:\/\/api.w.org\/{rel}","templated":true}]}}