{"id":7908,"date":"2026-03-24T18:30:37","date_gmt":"2026-03-24T18:30:37","guid":{"rendered":"https:\/\/kiosque.acadienouvelle.com\/inauguration-centre-uni-caraquet-2026\/?page_id=7908"},"modified":"2026-04-08T19:48:00","modified_gmt":"2026-04-08T19:48:00","slug":"recueillir-2-millions","status":"publish","type":"page","link":"https:\/\/kiosque.acadienouvelle.com\/inauguration-centre-uni-caraquet-2026\/recueillir-2-millions\/","title":{"rendered":"Une premi\u00e8re campagne de financement pour recueillir 2\u00a0millions\u00a0$"},"content":{"rendered":"\t\t<div data-elementor-type=\"wp-page\" data-elementor-id=\"7908\" class=\"elementor elementor-7908\" data-elementor-post-type=\"page\">\n\t\t\t\t\t\t<section class=\"elementor-section elementor-top-section elementor-element elementor-element-50c1b6e elementor-section-height-min-height header_title banner_img elementor-section-boxed elementor-section-height-default elementor-section-items-middle\" data-id=\"50c1b6e\" data-element_type=\"section\" data-e-type=\"section\" data-settings=\"{&quot;background_background&quot;:&quot;classic&quot;}\">\n\t\t\t\t\t\t\t<div class=\"elementor-background-overlay\"><\/div>\n\t\t\t\t\t\t\t<div class=\"elementor-container elementor-column-gap-default\">\n\t\t\t\t\t<div class=\"elementor-column elementor-col-100 elementor-top-column elementor-element elementor-element-3a2d241\" data-id=\"3a2d241\" data-element_type=\"column\" data-e-type=\"column\">\n\t\t\t<div class=\"elementor-widget-wrap elementor-element-populated\">\n\t\t\t\t\t\t<div class=\"elementor-element elementor-element-9673cd2 elementor-widget elementor-widget-heading\" data-id=\"9673cd2\" data-element_type=\"widget\" data-e-type=\"widget\" data-widget_type=\"heading.default\">\n\t\t\t\t<div class=\"elementor-widget-container\">\n\t\t\t\t\t<h2 class=\"elementor-heading-title elementor-size-default\">Une premi\u00e8re campagne de financement pour recueillir 2&nbsp;millions&nbsp;$<\/h2>\t\t\t\t<\/div>\n\t\t\t\t<\/div>\n\t\t\t\t\t<\/div>\n\t\t<\/div>\n\t\t\t\t\t<\/div>\n\t\t<\/section>\n\t\t\t\t<section class=\"elementor-section elementor-top-section elementor-element elementor-element-d9a853a elementor-section-boxed elementor-section-height-default elementor-section-height-default\" data-id=\"d9a853a\" data-element_type=\"section\" data-e-type=\"section\">\n\t\t\t\t\t\t<div class=\"elementor-container elementor-column-gap-default\">\n\t\t\t\t\t<div class=\"elementor-column elementor-col-100 elementor-top-column elementor-element elementor-element-68d9c5a page_contain\" data-id=\"68d9c5a\" data-element_type=\"column\" data-e-type=\"column\" data-settings=\"{&quot;background_background&quot;:&quot;classic&quot;}\">\n\t\t\t<div class=\"elementor-widget-wrap elementor-element-populated\">\n\t\t\t\t\t\t<div class=\"elementor-element elementor-element-50f1f9b elementor-widget elementor-widget-image\" data-id=\"50f1f9b\" data-element_type=\"widget\" data-e-type=\"widget\" data-widget_type=\"image.default\">\n\t\t\t\t<div class=\"elementor-widget-container\">\n\t\t\t\t\t\t\t\t\t\t\t\t<figure class=\"wp-caption\">\n\t\t\t\t\t\t\t\t\t\t<img fetchpriority=\"high\" decoding=\"async\" width=\"1400\" height=\"662\" src=\"https:\/\/kiosque.acadienouvelle.com\/inauguration-centre-uni-caraquet-2026\/wp-content\/uploads\/sites\/388\/2026\/04\/10_2Millions_land2.jpg\" class=\"attachment-full size-full wp-image-8109\" alt=\"\" srcset=\"https:\/\/kiosque.acadienouvelle.com\/inauguration-centre-uni-caraquet-2026\/wp-content\/uploads\/sites\/388\/2026\/04\/10_2Millions_land2.jpg 1400w, https:\/\/kiosque.acadienouvelle.com\/inauguration-centre-uni-caraquet-2026\/wp-content\/uploads\/sites\/388\/2026\/04\/10_2Millions_land2-300x142.jpg 300w, https:\/\/kiosque.acadienouvelle.com\/inauguration-centre-uni-caraquet-2026\/wp-content\/uploads\/sites\/388\/2026\/04\/10_2Millions_land2-1024x484.jpg 1024w, https:\/\/kiosque.acadienouvelle.com\/inauguration-centre-uni-caraquet-2026\/wp-content\/uploads\/sites\/388\/2026\/04\/10_2Millions_land2-768x363.jpg 768w\" sizes=\"(max-width: 1400px) 100vw, 1400px\" \/>\t\t\t\t\t\t\t\t\t\t\t<figcaption class=\"widget-image-caption wp-caption-text\">Quelques membres du cabinet de campagne lorsque l\u2019objectif de 2 millions $ a \u00e9t\u00e9 atteint.<\/figcaption>\n\t\t\t\t\t\t\t\t\t\t<\/figure>\n\t\t\t\t\t\t\t\t\t<\/div>\n\t\t\t\t<\/div>\n\t\t<link rel=\"stylesheet\" href=\"https:\/\/use.fontawesome.com\/releases\/v5.5.0\/css\/all.css\" integrity=\"sha384-B4dIYHKNBt8Bc12p+WXckhzcICo0wtJAoU8YZTY5qE0Id1GSseTk6S+L3BlXeVIU\" crossorigin=\"anonymous\">\r\n\t\t<div class=\"elementor-element elementor-element-d0a0a3b mobile_pera elementor-widget elementor-widget-text-editor\" data-id=\"d0a0a3b\" data-element_type=\"widget\" data-e-type=\"widget\" data-widget_type=\"text-editor.default\">\n\t\t\t\t<div class=\"elementor-widget-container\">\n\t\t\t\t\t\t\t\t\tUne premi\u00e8re campagne de financement \npour recueillir 2\u00a0millions\u00a0$ dans la communaut\u00e9 pour contribuer au Centre UNI avait \u00e9t\u00e9 lanc\u00e9e en 2017. Copr\u00e9sid\u00e9e par Michel Rail et Gilles Lanteigne, cette campagne avait atteint son objectif gr\u00e2ce \u00e0 l\u2019appui des entreprises, organismes et individus de la r\u00e9gion. \t\t\t\t\t\t\t\t<\/div>\n\t\t\t\t<\/div>\n\t\t\t\t<div class=\"elementor-element elementor-element-a6aef9a elementor-widget elementor-widget-advertisement\" data-id=\"a6aef9a\" data-element_type=\"widget\" data-e-type=\"widget\" data-widget_type=\"advertisement.default\">\n\t\t\t\t<div class=\"elementor-widget-container\">\n\t\t\t\t\t<div class=\"ads-align-center\"><div data-m32-ad data-options='{\"sizes\":\"[[300,100]]\",\"dfpId\":\"21658289790,27729547\",\"dfpAdUnitPath\":\"acadienouvelle\/cahiers_onefifthpage_300x100\"}'><\/div><\/div>\t\t\t\t<\/div>\n\t\t\t\t<\/div>\n\t\t\t\t<div class=\"elementor-element elementor-element-298b93c mobile_pera elementor-widget elementor-widget-text-editor\" data-id=\"298b93c\" data-element_type=\"widget\" data-e-type=\"widget\" data-widget_type=\"text-editor.default\">\n\t\t\t\t<div class=\"elementor-widget-container\">\n\t\t\t\t\t\t\t\t\tGilles Lanteigne rappelle que le cabinet de campagne avait alors le d\u00e9fi d\u2019expliquer et de vendre le projet \u00e0 la communaut\u00e9, alors que la construction n\u2019\u00e9tait encore qu\u2019un r\u00eave \u00e0 cette \u00e9poque. \u00ab\u00a0Nous avons \u00e9t\u00e9 agr\u00e9ablement surpris de la r\u00e9ception des gens pour un tel projet\u00a0\u00bb, se souvient-il.\n\t\t\t\t\t\t\t\t<\/div>\n\t\t\t\t<\/div>\n\t\t\t\t<div class=\"elementor-element elementor-element-f93e541 mobile_pera elementor-widget elementor-widget-text-editor\" data-id=\"f93e541\" data-element_type=\"widget\" data-e-type=\"widget\" data-widget_type=\"text-editor.default\">\n\t\t\t\t<div class=\"elementor-widget-container\">\n\t\t\t\t\t\t\t\t\tMichel Rail, lui-m\u00eame et les autres membres de l\u2019\u00e9quipe ont donc multipli\u00e9 les pr\u00e9sentations \u00e0 la communaut\u00e9 d\u2019affaires, organismes de charit\u00e9 et gens de la r\u00e9gion pour les convaincre d\u2019appuyer ce nouveau complexe. \n\t\t\t\t\t\t\t\t<\/div>\n\t\t\t\t<\/div>\n\t\t\t\t<div class=\"elementor-element elementor-element-0739362 mobile_pera elementor-widget elementor-widget-text-editor\" data-id=\"0739362\" data-element_type=\"widget\" data-e-type=\"widget\" data-widget_type=\"text-editor.default\">\n\t\t\t\t<div class=\"elementor-widget-container\">\n\t\t\t\t\t\t\t\t\t\u00ab\u00a0C\u2019\u00e9tait tr\u00e8s motivant de faire des rencontres ou des annonces publiques pour informer les gens o\u00f9 nous \u00e9tions rendus au fur et \u00e0 mesure que le barom\u00e8tre montait\u00a0\u00bb, ajoute-t-il.\t\t\t\t\t\t\t\t<\/div>\n\t\t\t\t<\/div>\n\t\t\t\t<div class=\"elementor-element elementor-element-c259330 mobile_pera elementor-widget elementor-widget-text-editor\" data-id=\"c259330\" data-element_type=\"widget\" data-e-type=\"widget\" data-widget_type=\"text-editor.default\">\n\t\t\t\t<div class=\"elementor-widget-container\">\n\t\t\t\t\t\t\t\t\tL\u2019objectif de 2\u00a0millions de dollars a finalement \u00e9t\u00e9 atteint et M.\u00a0Lanteigne tire un bilan positif \nde l\u2019exp\u00e9rience. Il remercie toute l\u2019\u00e9quipe de campagne et son copr\u00e9sident, Michel Rail\npour leurs efforts. \n\t\t\t\t\t\t\t\t<\/div>\n\t\t\t\t<\/div>\n\t\t\t\t<div class=\"elementor-element elementor-element-99f74f8 mobile_pera elementor-widget elementor-widget-text-editor\" data-id=\"99f74f8\" data-element_type=\"widget\" data-e-type=\"widget\" data-widget_type=\"text-editor.default\">\n\t\t\t\t<div class=\"elementor-widget-container\">\n\t\t\t\t\t\t\t\t\t\u00ab\u00a0J\u2019aimerais \u00e9galement remercier toutes les entreprises, tous les organismes et tous les gens qui ont contribu\u00e9 et soutenu cette id\u00e9e au d\u00e9part\u00a0\u00bb, affirme-t-il. \u00ab Merci mille fois de\nleur engagement et de leur soutien pour\nla r\u00e9alisation de ce beau projet. \u00bb\t\t\t\t\t\t\t\t<\/div>\n\t\t\t\t<\/div>\n\t\t\t\t<div class=\"elementor-element elementor-element-0b6ad93 mobile_pera elementor-widget elementor-widget-text-editor\" data-id=\"0b6ad93\" data-element_type=\"widget\" data-e-type=\"widget\" data-widget_type=\"text-editor.default\">\n\t\t\t\t<div class=\"elementor-widget-container\">\n\t\t\t\t\t\t\t\t\t<p><b>Autre campagne en cours<\/b><\/p>\t\t\t\t\t\t\t\t<\/div>\n\t\t\t\t<\/div>\n\t\t\t\t<div class=\"elementor-element elementor-element-74263c8 mobile_pera elementor-widget elementor-widget-text-editor\" data-id=\"74263c8\" data-element_type=\"widget\" data-e-type=\"widget\" data-widget_type=\"text-editor.default\">\n\t\t\t\t<div class=\"elementor-widget-container\">\n\t\t\t\t\t\t\t\t\tEn raison de l\u2019augmentation des co\u00fbts de construction au fil des ann\u00e9es, la Ville de Caraquet m\u00e8ne pr\u00e9sentement une autre campagne pour recueillir 2\u00a0millions\u00a0$ suppl\u00e9mentaires dans la communaut\u00e9. Cette deuxi\u00e8me campagne a atteint environ 75\u00a0pour cent de son objectif et la collecte\nde fonds se poursuit (centreuni.caraquet.ca).\t\t\t\t\t\t\t\t<\/div>\n\t\t\t\t<\/div>\n\t\t\t\t<div class=\"elementor-element elementor-element-4c64849 elementor-widget elementor-widget-image\" data-id=\"4c64849\" data-element_type=\"widget\" data-e-type=\"widget\" data-widget_type=\"image.default\">\n\t\t\t\t<div class=\"elementor-widget-container\">\n\t\t\t\t\t\t\t\t\t\t\t\t\t\t\t<img decoding=\"async\" width=\"1366\" height=\"768\" src=\"https:\/\/kiosque.acadienouvelle.com\/inauguration-centre-uni-caraquet-2026\/wp-content\/uploads\/sites\/388\/2026\/04\/10_IMG_0054.jpg\" class=\"attachment-full size-full wp-image-8138\" alt=\"\" srcset=\"https:\/\/kiosque.acadienouvelle.com\/inauguration-centre-uni-caraquet-2026\/wp-content\/uploads\/sites\/388\/2026\/04\/10_IMG_0054.jpg 1366w, https:\/\/kiosque.acadienouvelle.com\/inauguration-centre-uni-caraquet-2026\/wp-content\/uploads\/sites\/388\/2026\/04\/10_IMG_0054-300x169.jpg 300w, https:\/\/kiosque.acadienouvelle.com\/inauguration-centre-uni-caraquet-2026\/wp-content\/uploads\/sites\/388\/2026\/04\/10_IMG_0054-1024x576.jpg 1024w, https:\/\/kiosque.acadienouvelle.com\/inauguration-centre-uni-caraquet-2026\/wp-content\/uploads\/sites\/388\/2026\/04\/10_IMG_0054-768x432.jpg 768w\" sizes=\"(max-width: 1366px) 100vw, 1366px\" \/>\t\t\t\t\t\t\t\t\t\t\t\t\t\t\t<\/div>\n\t\t\t\t<\/div>\n\t\t\t\t\t<\/div>\n\t\t<\/div>\n\t\t\t\t\t<\/div>\n\t\t<\/section>\n\t\t\t\t<\/div>\n\t\t","protected":false},"excerpt":{"rendered":"<p>Une premi\u00e8re campagne de financement pour recueillir 2&nbsp;millions&nbsp;$ Quelques membres du cabinet de campagne lorsque l\u2019objectif de 2 millions $ a \u00e9t\u00e9 atteint. Une premi\u00e8re campagne de financement pour recueillir 2\u00a0millions\u00a0$ dans la communaut\u00e9 pour contribuer au Centre UNI avait \u00e9t\u00e9 lanc\u00e9e en 2017. Copr\u00e9sid\u00e9e par Michel Rail et Gilles Lanteigne, cette campagne avait atteint [&hellip;]<\/p>\n","protected":false},"author":1,"featured_media":0,"parent":0,"menu_order":10,"comment_status":"closed","ping_status":"closed","template":"","meta":{"site-sidebar-layout":"no-sidebar","site-content-layout":"page-builder","ast-site-content-layout":"default","site-content-style":"default","site-sidebar-style":"default","ast-global-header-display":"","ast-banner-title-visibility":"","ast-main-header-display":"","ast-hfb-above-header-display":"","ast-hfb-below-header-display":"","ast-hfb-mobile-header-display":"","site-post-title":"disabled","ast-breadcrumbs-content":"","ast-featured-img":"disabled","footer-sml-layout":"","ast-disable-related-posts":"","theme-transparent-header-meta":"default","adv-header-id-meta":"","stick-header-meta":"","header-above-stick-meta":"","header-main-stick-meta":"","header-below-stick-meta":"","astra-migrate-meta-layouts":"default","ast-page-background-enabled":"default","ast-page-background-meta":{"desktop":{"background-color":"var(--ast-global-color-4)","background-image":"","background-repeat":"repeat","background-position":"center center","background-size":"auto","background-attachment":"scroll","background-type":"","background-media":"","overlay-type":"","overlay-color":"","overlay-opacity":"","overlay-gradient":""},"tablet":{"background-color":"","background-image":"","background-repeat":"repeat","background-position":"center center","background-size":"auto","background-attachment":"scroll","background-type":"","background-media":"","overlay-type":"","overlay-color":"","overlay-opacity":"","overlay-gradient":""},"mobile":{"background-color":"","background-image":"","background-repeat":"repeat","background-position":"center center","background-size":"auto","background-attachment":"scroll","background-type":"","background-media":"","overlay-type":"","overlay-color":"","overlay-opacity":"","overlay-gradient":""}},"ast-content-background-meta":{"desktop":{"background-color":"var(--ast-global-color-5)","background-image":"","background-repeat":"repeat","background-position":"center center","background-size":"auto","background-attachment":"scroll","background-type":"","background-media":"","overlay-type":"","overlay-color":"","overlay-opacity":"","overlay-gradient":""},"tablet":{"background-color":"var(--ast-global-color-5)","background-image":"","background-repeat":"repeat","background-position":"center center","background-size":"auto","background-attachment":"scroll","background-type":"","background-media":"","overlay-type":"","overlay-color":"","overlay-opacity":"","overlay-gradient":""},"mobile":{"background-color":"var(--ast-global-color-5)","background-image":"","background-repeat":"repeat","background-position":"center center","background-size":"auto","background-attachment":"scroll","background-type":"","background-media":"","overlay-type":"","overlay-color":"","overlay-opacity":"","overlay-gradient":""}},"footnotes":""},"page-categories":[],"class_list":["post-7908","page","type-page","status-publish","hentry"],"_links":{"self":[{"href":"https:\/\/kiosque.acadienouvelle.com\/inauguration-centre-uni-caraquet-2026\/wp-json\/wp\/v2\/pages\/7908","targetHints":{"allow":["GET"]}}],"collection":[{"href":"https:\/\/kiosque.acadienouvelle.com\/inauguration-centre-uni-caraquet-2026\/wp-json\/wp\/v2\/pages"}],"about":[{"href":"https:\/\/kiosque.acadienouvelle.com\/inauguration-centre-uni-caraquet-2026\/wp-json\/wp\/v2\/types\/page"}],"author":[{"embeddable":true,"href":"https:\/\/kiosque.acadienouvelle.com\/inauguration-centre-uni-caraquet-2026\/wp-json\/wp\/v2\/users\/1"}],"replies":[{"embeddable":true,"href":"https:\/\/kiosque.acadienouvelle.com\/inauguration-centre-uni-caraquet-2026\/wp-json\/wp\/v2\/comments?post=7908"}],"version-history":[{"count":25,"href":"https:\/\/kiosque.acadienouvelle.com\/inauguration-centre-uni-caraquet-2026\/wp-json\/wp\/v2\/pages\/7908\/revisions"}],"predecessor-version":[{"id":8141,"href":"https:\/\/kiosque.acadienouvelle.com\/inauguration-centre-uni-caraquet-2026\/wp-json\/wp\/v2\/pages\/7908\/revisions\/8141"}],"wp:attachment":[{"href":"https:\/\/kiosque.acadienouvelle.com\/inauguration-centre-uni-caraquet-2026\/wp-json\/wp\/v2\/media?parent=7908"}],"wp:term":[{"taxonomy":"page-categories","embeddable":true,"href":"https:\/\/kiosque.acadienouvelle.com\/inauguration-centre-uni-caraquet-2026\/wp-json\/wp\/v2\/page-categories?post=7908"}],"curies":[{"name":"wp","href":"https:\/\/api.w.org\/{rel}","templated":true}]}}