{"id":7916,"date":"2026-03-24T18:35:24","date_gmt":"2026-03-24T18:35:24","guid":{"rendered":"https:\/\/kiosque.acadienouvelle.com\/inauguration-centre-uni-caraquet-2026\/?page_id=7916"},"modified":"2026-04-08T19:41:28","modified_gmt":"2026-04-08T19:41:28","slug":"philanthropie","status":"publish","type":"page","link":"https:\/\/kiosque.acadienouvelle.com\/inauguration-centre-uni-caraquet-2026\/philanthropie\/","title":{"rendered":"Vivre la philanthropie pour r\u00e9unir et \u00e9panouir la soci\u00e9t\u00e9"},"content":{"rendered":"\t\t<div data-elementor-type=\"wp-page\" data-elementor-id=\"7916\" class=\"elementor elementor-7916\" data-elementor-post-type=\"page\">\n\t\t\t\t\t\t<section class=\"elementor-section elementor-top-section elementor-element elementor-element-50c1b6e elementor-section-height-min-height header_title banner_img elementor-section-boxed elementor-section-height-default elementor-section-items-middle\" data-id=\"50c1b6e\" data-element_type=\"section\" data-e-type=\"section\" data-settings=\"{&quot;background_background&quot;:&quot;classic&quot;}\">\n\t\t\t\t\t\t\t<div class=\"elementor-background-overlay\"><\/div>\n\t\t\t\t\t\t\t<div class=\"elementor-container elementor-column-gap-default\">\n\t\t\t\t\t<div class=\"elementor-column elementor-col-100 elementor-top-column elementor-element elementor-element-3a2d241\" data-id=\"3a2d241\" data-element_type=\"column\" data-e-type=\"column\">\n\t\t\t<div class=\"elementor-widget-wrap elementor-element-populated\">\n\t\t\t\t\t\t<div class=\"elementor-element elementor-element-9673cd2 elementor-widget elementor-widget-heading\" data-id=\"9673cd2\" data-element_type=\"widget\" data-e-type=\"widget\" data-widget_type=\"heading.default\">\n\t\t\t\t<div class=\"elementor-widget-container\">\n\t\t\t\t\t<h2 class=\"elementor-heading-title elementor-size-default\">Vivre la philanthropie pour r\u00e9unir et \u00e9panouir la soci\u00e9t\u00e9<\/h2>\t\t\t\t<\/div>\n\t\t\t\t<\/div>\n\t\t\t\t\t<\/div>\n\t\t<\/div>\n\t\t\t\t\t<\/div>\n\t\t<\/section>\n\t\t\t\t<section class=\"elementor-section elementor-top-section elementor-element elementor-element-d9a853a elementor-section-boxed elementor-section-height-default elementor-section-height-default\" data-id=\"d9a853a\" data-element_type=\"section\" data-e-type=\"section\">\n\t\t\t\t\t\t<div class=\"elementor-container elementor-column-gap-default\">\n\t\t\t\t\t<div class=\"elementor-column elementor-col-100 elementor-top-column elementor-element elementor-element-68d9c5a page_contain\" data-id=\"68d9c5a\" data-element_type=\"column\" data-e-type=\"column\" data-settings=\"{&quot;background_background&quot;:&quot;classic&quot;}\">\n\t\t\t<div class=\"elementor-widget-wrap elementor-element-populated\">\n\t\t\t\t\t\t<div class=\"elementor-element elementor-element-50f1f9b elementor-widget elementor-widget-image\" data-id=\"50f1f9b\" data-element_type=\"widget\" data-e-type=\"widget\" data-widget_type=\"image.default\">\n\t\t\t\t<div class=\"elementor-widget-container\">\n\t\t\t\t\t\t\t\t\t\t\t\t<figure class=\"wp-caption\">\n\t\t\t\t\t\t\t\t\t\t<img fetchpriority=\"high\" decoding=\"async\" width=\"1366\" height=\"768\" src=\"https:\/\/kiosque.acadienouvelle.com\/inauguration-centre-uni-caraquet-2026\/wp-content\/uploads\/sites\/388\/2026\/03\/11_photo-pur-publi_land.jpg\" class=\"attachment-full size-full wp-image-7749\" alt=\"\" srcset=\"https:\/\/kiosque.acadienouvelle.com\/inauguration-centre-uni-caraquet-2026\/wp-content\/uploads\/sites\/388\/2026\/03\/11_photo-pur-publi_land.jpg 1366w, https:\/\/kiosque.acadienouvelle.com\/inauguration-centre-uni-caraquet-2026\/wp-content\/uploads\/sites\/388\/2026\/03\/11_photo-pur-publi_land-300x169.jpg 300w, https:\/\/kiosque.acadienouvelle.com\/inauguration-centre-uni-caraquet-2026\/wp-content\/uploads\/sites\/388\/2026\/03\/11_photo-pur-publi_land-1024x576.jpg 1024w, https:\/\/kiosque.acadienouvelle.com\/inauguration-centre-uni-caraquet-2026\/wp-content\/uploads\/sites\/388\/2026\/03\/11_photo-pur-publi_land-768x432.jpg 768w\" sizes=\"(max-width: 1366px) 100vw, 1366px\" \/>\t\t\t\t\t\t\t\t\t\t\t<figcaption class=\"widget-image-caption wp-caption-text\">Moncef Lakouas, vice-pr\u00e9sident de l'Atlantique et Christian Bolduc, pr\u00e9sident.<\/figcaption>\n\t\t\t\t\t\t\t\t\t\t<\/figure>\n\t\t\t\t\t\t\t\t\t<\/div>\n\t\t\t\t<\/div>\n\t\t<link rel=\"stylesheet\" href=\"https:\/\/use.fontawesome.com\/releases\/v5.5.0\/css\/all.css\" integrity=\"sha384-B4dIYHKNBt8Bc12p+WXckhzcICo0wtJAoU8YZTY5qE0Id1GSseTk6S+L3BlXeVIU\" crossorigin=\"anonymous\">\r\n\t\t<div class=\"elementor-element elementor-element-d0a0a3b mobile_pera elementor-widget elementor-widget-text-editor\" data-id=\"d0a0a3b\" data-element_type=\"widget\" data-e-type=\"widget\" data-widget_type=\"text-editor.default\">\n\t\t\t\t<div class=\"elementor-widget-container\">\n\t\t\t\t\t\t\t\t\tDerri\u00e8re chaque projet comme celui du Centre UNI se retrouve un r\u00eave de transformer la \nsoci\u00e9t\u00e9. Dans ce cas-ci, le r\u00eave consistait \u00e0 construire une infrastructure pour am\u00e9liorer la sant\u00e9 et le bien-\u00eatre de plusieurs g\u00e9n\u00e9rations de citoyens et \ncitoyennes de Caraquet et des environs.\n\t\t\t\t\t\t\t\t<\/div>\n\t\t\t\t<\/div>\n\t\t\t\t<div class=\"elementor-element elementor-element-bc9371a elementor-widget elementor-widget-advertisement\" data-id=\"bc9371a\" data-element_type=\"widget\" data-e-type=\"widget\" data-widget_type=\"advertisement.default\">\n\t\t\t\t<div class=\"elementor-widget-container\">\n\t\t\t\t\t<div class=\"ads-align-center\"><div data-m32-ad data-options='{\"sizes\":\"[[300,250]]\",\"dfpId\":\"21658289790,27729547\",\"dfpAdUnitPath\":\"acadienouvelle\/cahiers_quarterpage_300x250\"}'><\/div><\/div>\t\t\t\t<\/div>\n\t\t\t\t<\/div>\n\t\t\t\t<div class=\"elementor-element elementor-element-309935e mobile_pera elementor-widget elementor-widget-text-editor\" data-id=\"309935e\" data-element_type=\"widget\" data-e-type=\"widget\" data-widget_type=\"text-editor.default\">\n\t\t\t\t<div class=\"elementor-widget-container\">\n\t\t\t\t\t\t\t\t\tCe r\u00eave est devenu une r\u00e9alit\u00e9 en janvier dernier avec l\u2019ouverture officielle d\u2019un vaste complexe moderne qui a d\u00e9j\u00e0 transform\u00e9 le quotidien de la population. Le taux d\u2019occupation d\u00e9passe toutes les attentes avec des personnes de tous les \u00e2ges qui s\u2019approprient les lieux. La patinoire sert \u00e0 la pratique du hockey, du patinage de vitesse et du patinage libre, en plus de permettre bient\u00f4t la relance du patinage artistique dans la r\u00e9gion. \n\t\t\t\t\t\t\t\t<\/div>\n\t\t\t\t<\/div>\n\t\t\t\t<div class=\"elementor-element elementor-element-6e5eccd mobile_pera elementor-widget elementor-widget-text-editor\" data-id=\"6e5eccd\" data-element_type=\"widget\" data-e-type=\"widget\" data-widget_type=\"text-editor.default\">\n\t\t\t\t<div class=\"elementor-widget-container\">\n\t\t\t\t\t\t\t\t\tDe son c\u00f4t\u00e9, le Club plein air transforme les habitudes de vie des gens de la P\u00e9ninsule acadienne qui adoptent de nouvelles activit\u00e9s sportives hivernales. La piste attire \u00e0 elle seule des centaines de personnes chaque jour qui marchent dans une atmosph\u00e8re conviviale \u00e0 l\u2019abri des intemp\u00e9ries.\n\t\t\t\t\t\t\t\t<\/div>\n\t\t\t\t<\/div>\n\t\t\t\t<div class=\"elementor-element elementor-element-8b32815 mobile_pera elementor-widget elementor-widget-text-editor\" data-id=\"8b32815\" data-element_type=\"widget\" data-e-type=\"widget\" data-widget_type=\"text-editor.default\">\n\t\t\t\t<div class=\"elementor-widget-container\">\n\t\t\t\t\t\t\t\t\tLe leadership d\u2019une communaut\u00e9 qui n\u2019a pas h\u00e9sit\u00e9 \u00e0 r\u00eaver grand a ainsi men\u00e9 \u00e0 ce projet transformateur pour les g\u00e9n\u00e9rations \u00e0 venir. \n\t\t\t\t\t\t\t\t<\/div>\n\t\t\t\t<\/div>\n\t\t\t\t<div class=\"elementor-element elementor-element-0b6ad93 mobile_pera elementor-widget elementor-widget-text-editor\" data-id=\"0b6ad93\" data-element_type=\"widget\" data-e-type=\"widget\" data-widget_type=\"text-editor.default\">\n\t\t\t\t<div class=\"elementor-widget-container\">\n\t\t\t\t\t\t\t\t\t<p><b>L\u2019appui de BNP Inspire<\/b><\/p>\t\t\t\t\t\t\t\t<\/div>\n\t\t\t\t<\/div>\n\t\t\t\t<div class=\"elementor-element elementor-element-ec0d169 mobile_pera elementor-widget elementor-widget-text-editor\" data-id=\"ec0d169\" data-element_type=\"widget\" data-e-type=\"widget\" data-widget_type=\"text-editor.default\">\n\t\t\t\t<div class=\"elementor-widget-container\">\n\t\t\t\t\t\t\t\t\tDepuis pr\u00e8s d\u2019un an, BNP Inspire appuie l\u2019\u00e9quipe municipale de Caraquet dans la r\u00e9alisation de la deuxi\u00e8me campagne de financement li\u00e9e \u00e0 ce projet   d\u2019envergure. Gr\u00e2ce\u00a0\u00e0\u00a0l\u2019engagement\u00a0et\u00a0\u00e0\u00a0la\u00a0g\u00e9n\u00e9rosit\u00e9\u00a0de\u00a0\nnombreux\u00a0donateurs et donatrices,\u00a0la\u00a0collectivit\u00e9 continue\u00a0de\u00a0se\u00a0rassembler\u00a0autour\u00a0de\u00a0ce\u00a0projet\u00a0porteur pour la r\u00e9gion.\n\t\t\t\t\t\t\t\t<\/div>\n\t\t\t\t<\/div>\n\t\t\t\t<div class=\"elementor-element elementor-element-dd41ab5 mobile_pera elementor-widget elementor-widget-text-editor\" data-id=\"dd41ab5\" data-element_type=\"widget\" data-e-type=\"widget\" data-widget_type=\"text-editor.default\">\n\t\t\t\t<div class=\"elementor-widget-container\">\n\t\t\t\t\t\t\t\t\tLa firme BNP Inspire est choy\u00e9e d\u2019appuyer la municipalit\u00e9 dans ce projet collectif et transformateur. Son \u00e9quipe en Atlantique f\u00e9licite le conseil municipal, le personnel de la Ville de Caraquet, les entreprises et les individus qui ont cru au Centre UNI et qui ont\nappuy\u00e9 le projet.\t\t\t\t\t\t\t\t<\/div>\n\t\t\t\t<\/div>\n\t\t\t\t<div class=\"elementor-element elementor-element-d2d0027 mobile_pera elementor-widget elementor-widget-text-editor\" data-id=\"d2d0027\" data-element_type=\"widget\" data-e-type=\"widget\" data-widget_type=\"text-editor.default\">\n\t\t\t\t<div class=\"elementor-widget-container\">\n\t\t\t\t\t\t\t\t\tL\u2019impact du Centre UNI ne se limitera pas \u00e0 son utilisation quotidienne pour am\u00e9liorer la qualit\u00e9 de vie et le bien-\u00eatre physique et mental de ses personnes utilisatrices. Une telle infrastructure jouera un r\u00f4le grandissant en mati\u00e8re d\u2019impacts \u00e9conomiques et touristiques \u00e0 plusieurs niveaux. Le centre contribuera \u00e0 attirer et \u00e0 retenir de nouvelles familles dans la r\u00e9gion qui pourront elles aussi b\u00e9n\u00e9ficier de ces installations sportives et r\u00e9cr\u00e9atives de premier ordre.\t\t\t\t\t\t\t\t<\/div>\n\t\t\t\t<\/div>\n\t\t\t\t<div class=\"elementor-element elementor-element-b394854 mobile_pera elementor-widget elementor-widget-text-editor\" data-id=\"b394854\" data-element_type=\"widget\" data-e-type=\"widget\" data-widget_type=\"text-editor.default\">\n\t\t\t\t<div class=\"elementor-widget-container\">\n\t\t\t\t\t\t\t\t\t<p><b>\u00c9lever la philanthropie<\/b><\/p>\t\t\t\t\t\t\t\t<\/div>\n\t\t\t\t<\/div>\n\t\t\t\t<div class=\"elementor-element elementor-element-74263c8 mobile_pera elementor-widget elementor-widget-text-editor\" data-id=\"74263c8\" data-element_type=\"widget\" data-e-type=\"widget\" data-widget_type=\"text-editor.default\">\n\t\t\t\t<div class=\"elementor-widget-container\">\n\t\t\t\t\t\t\t\t\tBNP Inspire d\u00e9sire amplifier de tels impacts et met son expertise au service de ceux et celles qui transforment le monde. Son \u00e9quipe planifie d\u2019ailleurs un colloque pour les organismes \u00e0 but non lucratif afin de les appuyer dans leur professionnalisation. \n\t\t\t\t\t\t\t\t<\/div>\n\t\t\t\t<\/div>\n\t\t\t\t<div class=\"elementor-element elementor-element-9a4bc43 mobile_pera elementor-widget elementor-widget-text-editor\" data-id=\"9a4bc43\" data-element_type=\"widget\" data-e-type=\"widget\" data-widget_type=\"text-editor.default\">\n\t\t\t\t<div class=\"elementor-widget-container\">\n\t\t\t\t\t\t\t\t\tLes formations offertes \ntoucheront notamment aux comp\u00e9tences en philanthropie, en gouvernance, en communications et en gestion organisationnelle. \u00c0 l\u2019aide de ces outils, ces organismes pourront assurer leur p\u00e9rennit\u00e9 et r\u00eaver grand \u00e0 leur tour pour assurer le \nbien-\u00eatre et l\u2019\u00e9panouissement de nos communaut\u00e9s, un projet philanthropique \u00e0 la fois.\n\t\t\t\t\t\t\t\t<\/div>\n\t\t\t\t<\/div>\n\t\t\t\t<div class=\"elementor-element elementor-element-a8b5c11 mobile_pera elementor-widget elementor-widget-text-editor\" data-id=\"a8b5c11\" data-element_type=\"widget\" data-e-type=\"widget\" data-widget_type=\"text-editor.default\">\n\t\t\t\t<div class=\"elementor-widget-container\">\n\t\t\t\t\t\t\t\t\t<p><i>Contenu commandit\u00e9<\/i><\/p>\t\t\t\t\t\t\t\t<\/div>\n\t\t\t\t<\/div>\n\t\t\t\t\t<\/div>\n\t\t<\/div>\n\t\t\t\t\t<\/div>\n\t\t<\/section>\n\t\t\t\t<\/div>\n\t\t","protected":false},"excerpt":{"rendered":"<p>Vivre la philanthropie pour r\u00e9unir et \u00e9panouir la soci\u00e9t\u00e9 Moncef Lakouas, vice-pr\u00e9sident de l&rsquo;Atlantique et Christian Bolduc, pr\u00e9sident. Derri\u00e8re chaque projet comme celui du Centre UNI se retrouve un r\u00eave de transformer la soci\u00e9t\u00e9. Dans ce cas-ci, le r\u00eave consistait \u00e0 construire une infrastructure pour am\u00e9liorer la sant\u00e9 et le bien-\u00eatre de plusieurs g\u00e9n\u00e9rations de [&hellip;]<\/p>\n","protected":false},"author":1,"featured_media":0,"parent":0,"menu_order":11,"comment_status":"closed","ping_status":"closed","template":"","meta":{"site-sidebar-layout":"no-sidebar","site-content-layout":"page-builder","ast-site-content-layout":"default","site-content-style":"default","site-sidebar-style":"default","ast-global-header-display":"","ast-banner-title-visibility":"","ast-main-header-display":"","ast-hfb-above-header-display":"","ast-hfb-below-header-display":"","ast-hfb-mobile-header-display":"","site-post-title":"disabled","ast-breadcrumbs-content":"","ast-featured-img":"disabled","footer-sml-layout":"","ast-disable-related-posts":"","theme-transparent-header-meta":"default","adv-header-id-meta":"","stick-header-meta":"","header-above-stick-meta":"","header-main-stick-meta":"","header-below-stick-meta":"","astra-migrate-meta-layouts":"default","ast-page-background-enabled":"default","ast-page-background-meta":{"desktop":{"background-color":"var(--ast-global-color-4)","background-image":"","background-repeat":"repeat","background-position":"center center","background-size":"auto","background-attachment":"scroll","background-type":"","background-media":"","overlay-type":"","overlay-color":"","overlay-opacity":"","overlay-gradient":""},"tablet":{"background-color":"","background-image":"","background-repeat":"repeat","background-position":"center center","background-size":"auto","background-attachment":"scroll","background-type":"","background-media":"","overlay-type":"","overlay-color":"","overlay-opacity":"","overlay-gradient":""},"mobile":{"background-color":"","background-image":"","background-repeat":"repeat","background-position":"center center","background-size":"auto","background-attachment":"scroll","background-type":"","background-media":"","overlay-type":"","overlay-color":"","overlay-opacity":"","overlay-gradient":""}},"ast-content-background-meta":{"desktop":{"background-color":"var(--ast-global-color-5)","background-image":"","background-repeat":"repeat","background-position":"center center","background-size":"auto","background-attachment":"scroll","background-type":"","background-media":"","overlay-type":"","overlay-color":"","overlay-opacity":"","overlay-gradient":""},"tablet":{"background-color":"var(--ast-global-color-5)","background-image":"","background-repeat":"repeat","background-position":"center center","background-size":"auto","background-attachment":"scroll","background-type":"","background-media":"","overlay-type":"","overlay-color":"","overlay-opacity":"","overlay-gradient":""},"mobile":{"background-color":"var(--ast-global-color-5)","background-image":"","background-repeat":"repeat","background-position":"center center","background-size":"auto","background-attachment":"scroll","background-type":"","background-media":"","overlay-type":"","overlay-color":"","overlay-opacity":"","overlay-gradient":""}},"footnotes":""},"page-categories":[],"class_list":["post-7916","page","type-page","status-publish","hentry"],"_links":{"self":[{"href":"https:\/\/kiosque.acadienouvelle.com\/inauguration-centre-uni-caraquet-2026\/wp-json\/wp\/v2\/pages\/7916","targetHints":{"allow":["GET"]}}],"collection":[{"href":"https:\/\/kiosque.acadienouvelle.com\/inauguration-centre-uni-caraquet-2026\/wp-json\/wp\/v2\/pages"}],"about":[{"href":"https:\/\/kiosque.acadienouvelle.com\/inauguration-centre-uni-caraquet-2026\/wp-json\/wp\/v2\/types\/page"}],"author":[{"embeddable":true,"href":"https:\/\/kiosque.acadienouvelle.com\/inauguration-centre-uni-caraquet-2026\/wp-json\/wp\/v2\/users\/1"}],"replies":[{"embeddable":true,"href":"https:\/\/kiosque.acadienouvelle.com\/inauguration-centre-uni-caraquet-2026\/wp-json\/wp\/v2\/comments?post=7916"}],"version-history":[{"count":22,"href":"https:\/\/kiosque.acadienouvelle.com\/inauguration-centre-uni-caraquet-2026\/wp-json\/wp\/v2\/pages\/7916\/revisions"}],"predecessor-version":[{"id":8124,"href":"https:\/\/kiosque.acadienouvelle.com\/inauguration-centre-uni-caraquet-2026\/wp-json\/wp\/v2\/pages\/7916\/revisions\/8124"}],"wp:attachment":[{"href":"https:\/\/kiosque.acadienouvelle.com\/inauguration-centre-uni-caraquet-2026\/wp-json\/wp\/v2\/media?parent=7916"}],"wp:term":[{"taxonomy":"page-categories","embeddable":true,"href":"https:\/\/kiosque.acadienouvelle.com\/inauguration-centre-uni-caraquet-2026\/wp-json\/wp\/v2\/page-categories?post=7916"}],"curies":[{"name":"wp","href":"https:\/\/api.w.org\/{rel}","templated":true}]}}